{"id":13724,"date":"2021-09-13T18:53:34","date_gmt":"2021-09-13T23:53:34","guid":{"rendered":"https:\/\/www.medellin.gov.co\/es\/?page_id=13724"},"modified":"2022-03-17T09:47:40","modified_gmt":"2022-03-17T14:47:40","slug":"oportunidades","status":"publish","type":"page","link":"https:\/\/www.medellin.gov.co\/es\/gerencia-del-centro\/territorios\/oportunidades\/","title":{"rendered":"Territorio Oportunidades"},"content":{"rendered":"\t\t<div data-elementor-type=\"wp-page\" data-elementor-id=\"13724\" class=\"elementor elementor-13724\">\n\t\t\t\t\t\t<div class=\"elementor-inner\">\n\t\t\t\t<div class=\"elementor-section-wrap\">\n\t\t\t\t\t\t\t\t\t<section class=\"elementor-section elementor-top-section elementor-element elementor-element-33fc81a elementor-section-boxed elementor-section-height-default elementor-section-height-default\" data-id=\"33fc81a\" data-element_type=\"section\">\n\t\t\t\t\t\t<div class=\"elementor-container elementor-column-gap-default\">\n\t\t\t\t\t\t\t<div class=\"elementor-row\">\n\t\t\t\t\t<div class=\"elementor-column elementor-col-100 elementor-top-column elementor-element elementor-element-a950ab2\" data-id=\"a950ab2\" data-element_type=\"column\">\n\t\t\t<div class=\"elementor-column-wrap elementor-element-populated\">\n\t\t\t\t\t\t\t<div class=\"elementor-widget-wrap\">\n\t\t\t\t\t\t<div class=\"elementor-element elementor-element-9a404c0 elementor-widget elementor-widget-heading\" data-id=\"9a404c0\" data-element_type=\"widget\" data-widget_type=\"heading.default\">\n\t\t\t\t<div class=\"elementor-widget-container\">\n\t\t\t<h1 class=\"elementor-heading-title elementor-size-default\">Territorio Oportunidades<\/h1>\t\t<\/div>\n\t\t\t\t<\/div>\n\t\t\t\t<div class=\"elementor-element elementor-element-4113c4e elementor-widget elementor-widget-image\" data-id=\"4113c4e\" data-element_type=\"widget\" data-widget_type=\"image.default\">\n\t\t\t\t<div class=\"elementor-widget-container\">\n\t\t\t\t\t\t\t\t<div class=\"elementor-image\">\n\t\t\t\t\t\t\t\t\t\t\t\t<img width=\"1024\" height=\"651\" src=\"https:\/\/www.medellin.gov.co\/es\/wp-content\/uploads\/2021\/09\/plaza-minorista-josee-maria-villa.jpg\" class=\"attachment-full size-full\" alt=\"Plaza Minorista Jose\u0301 Mari\u0301a Villa\" loading=\"lazy\" srcset=\"https:\/\/www.medellin.gov.co\/es\/wp-content\/uploads\/2021\/09\/plaza-minorista-josee-maria-villa.jpg 1024w, https:\/\/www.medellin.gov.co\/es\/wp-content\/uploads\/2021\/09\/plaza-minorista-josee-maria-villa-300x191.jpg 300w, https:\/\/www.medellin.gov.co\/es\/wp-content\/uploads\/2021\/09\/plaza-minorista-josee-maria-villa-150x95.jpg 150w, https:\/\/www.medellin.gov.co\/es\/wp-content\/uploads\/2021\/09\/plaza-minorista-josee-maria-villa-768x488.jpg 768w\" sizes=\"(max-width: 1024px) 100vw, 1024px\" \/>\t\t\t\t\t\t\t\t\t\t\t\t\t\t<\/div>\n\t\t\t\t\t\t<\/div>\n\t\t\t\t<\/div>\n\t\t\t\t<div class=\"elementor-element elementor-element-7bdd9b4 elementor-widget elementor-widget-text-editor\" data-id=\"7bdd9b4\" data-element_type=\"widget\" data-widget_type=\"text-editor.default\">\n\t\t\t\t<div class=\"elementor-widget-container\">\n\t\t\t\t\t\t\t\t<div class=\"elementor-text-editor elementor-clearfix\">\n\t\t\t\t<p>Este territorio, que abarca desde la Minorista hasta San Juan y San Benito, es uno de los sectores, hoy en d\u00eda, m\u00e1s deprimidos de la Comuna 10, por sus problem\u00e1ticas sociales encabezadas por el tema de los habitantes de calle. Tambi\u00e9n cuenta con la Plaza de la Minorista, El Centro Comercial Medell\u00edn e instituciones educativas tan importantes como el SENA y la Universidad de San Buenaventura, entre otros, lo que permite pensar fundamentales desarrollos y articulaciones para su recuperaci\u00f3n.<\/p>\n<p>Asimismo, hace parte de la Subzona Dos del macroproyecto R\u00edo Centro, la cual busca consolidar la estructura ecol\u00f3gica, contribuyendo al corredor del r\u00edo Medell\u00edn. Adem\u00e1s, busca la implementaci\u00f3n de infraestructuras inteligentes donde se pueda vivir, trabajar y recrearse, con espacios que tengan un gran valor para el encuentro ciudadano, incentivando la movilidad sostenible y generando un territorio flexible y adaptable en el tiempo.<\/p>\t\t\t\t\t<\/div>\n\t\t\t\t\t\t<\/div>\n\t\t\t\t<\/div>\n\t\t\t\t<div class=\"elementor-element elementor-element-422d42f elementor-widget elementor-widget-heading\" data-id=\"422d42f\" data-element_type=\"widget\" data-widget_type=\"heading.default\">\n\t\t\t\t<div class=\"elementor-widget-container\">\n\t\t\t<h2 class=\"elementor-heading-title elementor-size-default\"><b>Barrios que conforman<\/b> el Territorio Oportunidades<\/h2>\t\t<\/div>\n\t\t\t\t<\/div>\n\t\t\t\t<div class=\"elementor-element elementor-element-a4aa053 elementor-widget elementor-widget-text-editor\" data-id=\"a4aa053\" data-element_type=\"widget\" data-widget_type=\"text-editor.default\">\n\t\t\t\t<div class=\"elementor-widget-container\">\n\t\t\t\t\t\t\t\t<div class=\"elementor-text-editor elementor-clearfix\">\n\t\t\t\t<ul><li>Coraz\u00f3n de Jes\u00fas<\/li><li>San Benito<\/li><li>Minorista<\/li><\/ul>\t\t\t\t\t<\/div>\n\t\t\t\t\t\t<\/div>\n\t\t\t\t<\/div>\n\t\t\t\t\t\t<\/div>\n\t\t\t\t\t<\/div>\n\t\t<\/div>\n\t\t\t\t\t\t\t\t<\/div>\n\t\t\t\t\t<\/div>\n\t\t<\/section>\n\t\t\t\t\t\t\t\t\t<\/div>\n\t\t\t<\/div>\n\t\t\t\t\t<\/div>\n\t\t","protected":false},"excerpt":{"rendered":"<p>Territorio Oportunidades Este territorio, que abarca desde la Minorista hasta San Juan y San Benito, es uno de los sectores, hoy en d\u00eda, m\u00e1s deprimidos de la Comuna 10, por sus problem\u00e1ticas sociales encabezadas por &#8230;<\/p>\n","protected":false},"author":1,"featured_media":14421,"parent":13694,"menu_order":45,"comment_status":"closed","ping_status":"closed","template":"sec-gerencia-centro\/elementor.php","meta":[],"acf":[],"_links":{"self":[{"href":"https:\/\/www.medellin.gov.co\/es\/wp-json\/wp\/v2\/pages\/13724"}],"collection":[{"href":"https:\/\/www.medellin.gov.co\/es\/wp-json\/wp\/v2\/pages"}],"about":[{"href":"https:\/\/www.medellin.gov.co\/es\/wp-json\/wp\/v2\/types\/page"}],"author":[{"embeddable":true,"href":"https:\/\/www.medellin.gov.co\/es\/wp-json\/wp\/v2\/users\/1"}],"replies":[{"embeddable":true,"href":"https:\/\/www.medellin.gov.co\/es\/wp-json\/wp\/v2\/comments?post=13724"}],"version-history":[{"count":24,"href":"https:\/\/www.medellin.gov.co\/es\/wp-json\/wp\/v2\/pages\/13724\/revisions"}],"predecessor-version":[{"id":26835,"href":"https:\/\/www.medellin.gov.co\/es\/wp-json\/wp\/v2\/pages\/13724\/revisions\/26835"}],"up":[{"embeddable":true,"href":"https:\/\/www.medellin.gov.co\/es\/wp-json\/wp\/v2\/pages\/13694"}],"wp:featuredmedia":[{"embeddable":true,"href":"https:\/\/www.medellin.gov.co\/es\/wp-json\/wp\/v2\/media\/14421"}],"wp:attachment":[{"href":"https:\/\/www.medellin.gov.co\/es\/wp-json\/wp\/v2\/media?parent=13724"}],"curies":[{"name":"wp","href":"https:\/\/api.w.org\/{rel}","templated":true}]}}