{"id":13727,"date":"2021-09-13T18:54:06","date_gmt":"2021-09-13T23:54:06","guid":{"rendered":"https:\/\/www.medellin.gov.co\/es\/?page_id=13727"},"modified":"2021-11-04T11:51:48","modified_gmt":"2021-11-04T16:51:48","slug":"diverso","status":"publish","type":"page","link":"https:\/\/www.medellin.gov.co\/es\/gerencia-del-centro\/territorios\/diverso\/","title":{"rendered":"Territorio Diverso del Centro de Medell\u00edn"},"content":{"rendered":"\t\t<div data-elementor-type=\"wp-page\" data-elementor-id=\"13727\" class=\"elementor elementor-13727\">\n\t\t\t\t\t\t<div class=\"elementor-inner\">\n\t\t\t\t<div class=\"elementor-section-wrap\">\n\t\t\t\t\t\t\t\t\t<section class=\"elementor-section elementor-top-section elementor-element elementor-element-5e4ea74 elementor-section-boxed elementor-section-height-default elementor-section-height-default\" data-id=\"5e4ea74\" data-element_type=\"section\">\n\t\t\t\t\t\t<div class=\"elementor-container elementor-column-gap-default\">\n\t\t\t\t\t\t\t<div class=\"elementor-row\">\n\t\t\t\t\t<div class=\"elementor-column elementor-col-100 elementor-top-column elementor-element elementor-element-e10518d\" data-id=\"e10518d\" data-element_type=\"column\">\n\t\t\t<div class=\"elementor-column-wrap elementor-element-populated\">\n\t\t\t\t\t\t\t<div class=\"elementor-widget-wrap\">\n\t\t\t\t\t\t<div class=\"elementor-element elementor-element-5c4239c elementor-widget elementor-widget-heading\" data-id=\"5c4239c\" data-element_type=\"widget\" data-widget_type=\"heading.default\">\n\t\t\t\t<div class=\"elementor-widget-container\">\n\t\t\t<h1 class=\"elementor-heading-title elementor-size-default\">Territorio Diverso del Centro de Medell\u00edn <\/h1>\t\t<\/div>\n\t\t\t\t<\/div>\n\t\t\t\t<div class=\"elementor-element elementor-element-597e39c elementor-widget elementor-widget-image\" data-id=\"597e39c\" data-element_type=\"widget\" data-widget_type=\"image.default\">\n\t\t\t\t<div class=\"elementor-widget-container\">\n\t\t\t\t\t\t\t\t<div class=\"elementor-image\">\n\t\t\t\t\t\t\t\t\t\t\t\t<img width=\"1200\" height=\"675\" src=\"https:\/\/www.medellin.gov.co\/es\/wp-content\/uploads\/2021\/11\/distrito-diverso.jpg\" class=\"attachment-full size-full\" alt=\"Distrito Diverso\" loading=\"lazy\" srcset=\"https:\/\/www.medellin.gov.co\/es\/wp-content\/uploads\/2021\/11\/distrito-diverso.jpg 1200w, https:\/\/www.medellin.gov.co\/es\/wp-content\/uploads\/2021\/11\/distrito-diverso-300x169.jpg 300w, https:\/\/www.medellin.gov.co\/es\/wp-content\/uploads\/2021\/11\/distrito-diverso-1024x576.jpg 1024w, https:\/\/www.medellin.gov.co\/es\/wp-content\/uploads\/2021\/11\/distrito-diverso-150x84.jpg 150w, https:\/\/www.medellin.gov.co\/es\/wp-content\/uploads\/2021\/11\/distrito-diverso-768x432.jpg 768w\" sizes=\"(max-width: 1200px) 100vw, 1200px\" \/>\t\t\t\t\t\t\t\t\t\t\t\t\t\t<\/div>\n\t\t\t\t\t\t<\/div>\n\t\t\t\t<\/div>\n\t\t\t\t<div class=\"elementor-element elementor-element-cf3f7b9 elementor-widget elementor-widget-text-editor\" data-id=\"cf3f7b9\" data-element_type=\"widget\" data-widget_type=\"text-editor.default\">\n\t\t\t\t<div class=\"elementor-widget-container\">\n\t\t\t\t\t\t\t\t<div class=\"elementor-text-editor elementor-clearfix\">\n\t\t\t\t<p>Este territorio se proyecta en el sector del Barrio Estaci\u00f3n villa, un sector con una din\u00e1mica humana e incluyente, con diversidad sexual, de g\u00e9nero y de habitante de calle, se propone a crear centros para la vida que fomenten las oportunidades que presenta la capacidad agenciada de las comunidades vulnerables que habitan el sector, en di\u00e1logo con la actividad econ\u00f3mica y comercial del mismo.<\/p>\t\t\t\t\t<\/div>\n\t\t\t\t\t\t<\/div>\n\t\t\t\t<\/div>\n\t\t\t\t<div class=\"elementor-element elementor-element-d73a4a8 elementor-widget elementor-widget-heading\" data-id=\"d73a4a8\" data-element_type=\"widget\" data-widget_type=\"heading.default\">\n\t\t\t\t<div class=\"elementor-widget-container\">\n\t\t\t<h2 class=\"elementor-heading-title elementor-size-default\"><b>Productos o servicios<\/b><\/h2>\t\t<\/div>\n\t\t\t\t<\/div>\n\t\t\t\t<div class=\"elementor-element elementor-element-7b0cc6c elementor-widget elementor-widget-text-editor\" data-id=\"7b0cc6c\" data-element_type=\"widget\" data-widget_type=\"text-editor.default\">\n\t\t\t\t<div class=\"elementor-widget-container\">\n\t\t\t\t\t\t\t\t<div class=\"elementor-text-editor elementor-clearfix\">\n\t\t\t\t<ul><li>Servicios de imprenta y litograf\u00eda<\/li><li>Bodegas<\/li><li>Actividad comercial<\/li><li>Servicios sexuales<\/li><li>Servicios recreativos<\/li><li>Contralor\u00eda<\/li><li>Hoteles<\/li><li>Corredor de mercado<\/li><li>Iglesias<\/li><li>Comercio de bicicletas y repuestos para autos<\/li><\/ul>\t\t\t\t\t<\/div>\n\t\t\t\t\t\t<\/div>\n\t\t\t\t<\/div>\n\t\t\t\t<div class=\"elementor-element elementor-element-dca36ae elementor-widget elementor-widget-heading\" data-id=\"dca36ae\" data-element_type=\"widget\" data-widget_type=\"heading.default\">\n\t\t\t\t<div class=\"elementor-widget-container\">\n\t\t\t<h2 class=\"elementor-heading-title elementor-size-default\"><b>Padrinos o actores<\/b><\/h2>\t\t<\/div>\n\t\t\t\t<\/div>\n\t\t\t\t<div class=\"elementor-element elementor-element-b456a82 elementor-widget elementor-widget-text-editor\" data-id=\"b456a82\" data-element_type=\"widget\" data-widget_type=\"text-editor.default\">\n\t\t\t\t<div class=\"elementor-widget-container\">\n\t\t\t\t\t\t\t\t<div class=\"elementor-text-editor elementor-clearfix\">\n\t\t\t\t<ul><li>Museo de Antioquia<\/li><li>Alcald\u00eda de Medell\u00edn<\/li><li>Universidad San Buenaventura<\/li><li>Universidad Aut\u00f3noma Latinoamericana<\/li><li>Secretar\u00eda de inclusi\u00f3n social<\/li><li>Comerciantes del sector<\/li><li>JAC<\/li><li>Centro D\u00eda<\/li><li>Edificio Miguel de Aguinaga<\/li><li>Bicicletas Ram\u00f3n Hoyos<\/li><li>Bicicletas Colbic<\/li><li>Tomy Motos<\/li><li>Cascos YC<\/li><li>Iglesia la Luz del Mundo<\/li><li>Electroservimos<\/li><li>Centro Misionero Bethesda<\/li><li>Escuela Internacional de Conducci\u00f3n<\/li><li>Escuela Vial de Conducci\u00f3n<\/li><li>Escuela de Conducci\u00f3n Autolider<\/li><li>Centro D\u00eda 2<\/li><li>Estaci\u00f3n de gasolina Texaco<\/li><li>Todo Cascos Medell\u00edn<\/li><li>Centro Comercial<\/li><li>Motocentro<\/li><li>Asotejelo<\/li><li>Poblaci\u00f3n LGBTI<\/li><\/ul>\t\t\t\t\t<\/div>\n\t\t\t\t\t\t<\/div>\n\t\t\t\t<\/div>\n\t\t\t\t<div class=\"elementor-element elementor-element-24ca609 elementor-widget elementor-widget-heading\" data-id=\"24ca609\" data-element_type=\"widget\" data-widget_type=\"heading.default\">\n\t\t\t\t<div class=\"elementor-widget-container\">\n\t\t\t<h2 class=\"elementor-heading-title elementor-size-default\"><b>Barrios que conforman<\/b> el Territorio Diverso<\/h2>\t\t<\/div>\n\t\t\t\t<\/div>\n\t\t\t\t<div class=\"elementor-element elementor-element-0e22b33 elementor-widget elementor-widget-text-editor\" data-id=\"0e22b33\" data-element_type=\"widget\" data-widget_type=\"text-editor.default\">\n\t\t\t\t<div class=\"elementor-widget-container\">\n\t\t\t\t\t\t\t\t<div class=\"elementor-text-editor elementor-clearfix\">\n\t\t\t\t<ul><li>Estaci\u00f3n Villa<\/li><li>Candelaria<\/li><\/ul>\t\t\t\t\t<\/div>\n\t\t\t\t\t\t<\/div>\n\t\t\t\t<\/div>\n\t\t\t\t\t\t<\/div>\n\t\t\t\t\t<\/div>\n\t\t<\/div>\n\t\t\t\t\t\t\t\t<\/div>\n\t\t\t\t\t<\/div>\n\t\t<\/section>\n\t\t\t\t\t\t\t\t\t<\/div>\n\t\t\t<\/div>\n\t\t\t\t\t<\/div>\n\t\t","protected":false},"excerpt":{"rendered":"<p>Territorio Diverso del Centro de Medell\u00edn Este territorio se proyecta en el sector del Barrio Estaci\u00f3n villa, un sector con una din\u00e1mica humana e incluyente, con diversidad sexual, de g\u00e9nero y de habitante de calle, &#8230;<\/p>\n","protected":false},"author":1,"featured_media":14421,"parent":13694,"menu_order":50,"comment_status":"closed","ping_status":"closed","template":"sec-gerencia-centro\/elementor.php","meta":[],"acf":[],"_links":{"self":[{"href":"https:\/\/www.medellin.gov.co\/es\/wp-json\/wp\/v2\/pages\/13727"}],"collection":[{"href":"https:\/\/www.medellin.gov.co\/es\/wp-json\/wp\/v2\/pages"}],"about":[{"href":"https:\/\/www.medellin.gov.co\/es\/wp-json\/wp\/v2\/types\/page"}],"author":[{"embeddable":true,"href":"https:\/\/www.medellin.gov.co\/es\/wp-json\/wp\/v2\/users\/1"}],"replies":[{"embeddable":true,"href":"https:\/\/www.medellin.gov.co\/es\/wp-json\/wp\/v2\/comments?post=13727"}],"version-history":[{"count":28,"href":"https:\/\/www.medellin.gov.co\/es\/wp-json\/wp\/v2\/pages\/13727\/revisions"}],"predecessor-version":[{"id":26841,"href":"https:\/\/www.medellin.gov.co\/es\/wp-json\/wp\/v2\/pages\/13727\/revisions\/26841"}],"up":[{"embeddable":true,"href":"https:\/\/www.medellin.gov.co\/es\/wp-json\/wp\/v2\/pages\/13694"}],"wp:featuredmedia":[{"embeddable":true,"href":"https:\/\/www.medellin.gov.co\/es\/wp-json\/wp\/v2\/media\/14421"}],"wp:attachment":[{"href":"https:\/\/www.medellin.gov.co\/es\/wp-json\/wp\/v2\/media?parent=13727"}],"curies":[{"name":"wp","href":"https:\/\/api.w.org\/{rel}","templated":true}]}}