{"id":138875,"date":"2022-12-19T10:19:14","date_gmt":"2022-12-19T15:19:14","guid":{"rendered":"https:\/\/www.medellin.gov.co\/es\/?page_id=138875"},"modified":"2025-07-11T16:03:40","modified_gmt":"2025-07-11T21:03:40","slug":"contacta-la-red-de-practicas-artisticas-y-culturales","status":"publish","type":"page","link":"https:\/\/www.medellin.gov.co\/es\/secretaria-cultura-ciudadana\/red-de-practicas-artisticas-y-culturales\/contacta-la-red-de-practicas-artisticas-y-culturales\/","title":{"rendered":"Contacta la Red de Pr\u00e1cticas Art\u00edsticas y Culturales"},"content":{"rendered":"\t\t<div data-elementor-type=\"wp-page\" data-elementor-id=\"138875\" class=\"elementor elementor-138875\">\n\t\t\t\t\t\t<div class=\"elementor-inner\">\n\t\t\t\t<div class=\"elementor-section-wrap\">\n\t\t\t\t\t\t\t\t\t<section class=\"elementor-section elementor-top-section elementor-element elementor-element-38d696d elementor-section-boxed elementor-section-height-default elementor-section-height-default\" data-id=\"38d696d\" data-element_type=\"section\">\n\t\t\t\t\t\t<div class=\"elementor-container elementor-column-gap-default\">\n\t\t\t\t\t\t\t<div class=\"elementor-row\">\n\t\t\t\t\t<div class=\"elementor-column elementor-col-100 elementor-top-column elementor-element elementor-element-f3967a0\" data-id=\"f3967a0\" data-element_type=\"column\">\n\t\t\t<div class=\"elementor-column-wrap elementor-element-populated\">\n\t\t\t\t\t\t\t<div class=\"elementor-widget-wrap\">\n\t\t\t\t\t\t<div class=\"elementor-element elementor-element-5fcb218 elementor-widget elementor-widget-heading\" data-id=\"5fcb218\" data-element_type=\"widget\" data-widget_type=\"heading.default\">\n\t\t\t\t<div class=\"elementor-widget-container\">\n\t\t\t<h1 class=\"elementor-heading-title elementor-size-default\">Contacta a la Red de Pr\u00e1cticas Art\u00edsticas y Culturales<\/h1>\t\t<\/div>\n\t\t\t\t<\/div>\n\t\t\t\t\t\t<\/div>\n\t\t\t\t\t<\/div>\n\t\t<\/div>\n\t\t\t\t\t\t\t\t<\/div>\n\t\t\t\t\t<\/div>\n\t\t<\/section>\n\t\t\t\t<section class=\"elementor-section elementor-top-section elementor-element elementor-element-c132f94 elementor-section-boxed elementor-section-height-default elementor-section-height-default\" data-id=\"c132f94\" data-element_type=\"section\">\n\t\t\t\t\t\t<div class=\"elementor-container elementor-column-gap-default\">\n\t\t\t\t\t\t\t<div class=\"elementor-row\">\n\t\t\t\t\t<div class=\"elementor-column elementor-col-33 elementor-top-column elementor-element elementor-element-c14df0a\" data-id=\"c14df0a\" data-element_type=\"column\">\n\t\t\t<div class=\"elementor-column-wrap elementor-element-populated\">\n\t\t\t\t\t\t\t<div class=\"elementor-widget-wrap\">\n\t\t\t\t\t\t<div class=\"elementor-element elementor-element-7e26038 elementor-position-top elementor-vertical-align-top elementor-widget elementor-widget-image-box\" data-id=\"7e26038\" data-element_type=\"widget\" data-widget_type=\"image-box.default\">\n\t\t\t\t<div class=\"elementor-widget-container\">\n\t\t\t<div class=\"elementor-image-box-wrapper\"><figure class=\"elementor-image-box-img\"><a href=\"https:\/\/redmusicamedellin.org\/preinscripciones-2025\/\" target=\"_blank\"><img width=\"717\" height=\"404\" src=\"https:\/\/www.medellin.gov.co\/es\/wp-content\/uploads\/2022\/12\/INSCRIBETE-RPAC.jpg\" class=\"attachment-full size-full\" alt=\"INSCRIBETE- RPAC\" loading=\"lazy\" \/><\/a><\/figure><div class=\"elementor-image-box-content\"><h3 class=\"elementor-image-box-title\"><a href=\"https:\/\/redmusicamedellin.org\/preinscripciones-2025\/\" target=\"_blank\">Pre Inscr\u00edbete<\/a><\/h3><\/div><\/div>\t\t<\/div>\n\t\t\t\t<\/div>\n\t\t\t\t\t\t<\/div>\n\t\t\t\t\t<\/div>\n\t\t<\/div>\n\t\t\t\t<div class=\"elementor-column elementor-col-33 elementor-top-column elementor-element elementor-element-fbd024f\" data-id=\"fbd024f\" data-element_type=\"column\">\n\t\t\t<div class=\"elementor-column-wrap elementor-element-populated\">\n\t\t\t\t\t\t\t<div class=\"elementor-widget-wrap\">\n\t\t\t\t\t\t<div class=\"elementor-element elementor-element-d571b63 elementor-position-top elementor-vertical-align-top elementor-widget elementor-widget-image-box\" data-id=\"d571b63\" data-element_type=\"widget\" data-widget_type=\"image-box.default\">\n\t\t\t\t<div class=\"elementor-widget-container\">\n\t\t\t<div class=\"elementor-image-box-wrapper\"><figure class=\"elementor-image-box-img\"><a href=\"https:\/\/www.instagram.com\/cultura.med\/\" target=\"_blank\"><img width=\"717\" height=\"404\" src=\"https:\/\/www.medellin.gov.co\/es\/wp-content\/uploads\/2022\/12\/Contactanos-RPAC.jpg\" class=\"attachment-full size-full\" alt=\"Cont\u00e1ctanos RPAC\" loading=\"lazy\" \/><\/a><\/figure><div class=\"elementor-image-box-content\"><h3 class=\"elementor-image-box-title\"><a href=\"https:\/\/www.instagram.com\/cultura.med\/\" target=\"_blank\">Redes sociales<\/a><\/h3><\/div><\/div>\t\t<\/div>\n\t\t\t\t<\/div>\n\t\t\t\t\t\t<\/div>\n\t\t\t\t\t<\/div>\n\t\t<\/div>\n\t\t\t\t<div class=\"elementor-column elementor-col-33 elementor-top-column elementor-element elementor-element-f8342a5\" data-id=\"f8342a5\" data-element_type=\"column\">\n\t\t\t<div class=\"elementor-column-wrap elementor-element-populated\">\n\t\t\t\t\t\t\t<div class=\"elementor-widget-wrap\">\n\t\t\t\t\t\t<div class=\"elementor-element elementor-element-814516a elementor-position-top elementor-vertical-align-top elementor-widget elementor-widget-image-box\" data-id=\"814516a\" data-element_type=\"widget\" data-widget_type=\"image-box.default\">\n\t\t\t\t<div class=\"elementor-widget-container\">\n\t\t\t<div class=\"elementor-image-box-wrapper\"><figure class=\"elementor-image-box-img\"><a href=\"https:\/\/www.medellin.gov.co\/es\/pqrsd\/\" target=\"_blank\"><img width=\"717\" height=\"404\" src=\"https:\/\/www.medellin.gov.co\/es\/wp-content\/uploads\/2023\/03\/ESCRIBENOS-SITIO-WEB.jpg\" class=\"attachment-full size-full\" alt=\"ESCRIBENOS-SITIO WEB\" loading=\"lazy\" \/><\/a><\/figure><div class=\"elementor-image-box-content\"><h3 class=\"elementor-image-box-title\"><a href=\"https:\/\/www.medellin.gov.co\/es\/pqrsd\/\" target=\"_blank\">PQRSD<\/a><\/h3><\/div><\/div>\t\t<\/div>\n\t\t\t\t<\/div>\n\t\t\t\t\t\t<\/div>\n\t\t\t\t\t<\/div>\n\t\t<\/div>\n\t\t\t\t\t\t\t\t<\/div>\n\t\t\t\t\t<\/div>\n\t\t<\/section>\n\t\t\t\t<section class=\"elementor-section elementor-top-section elementor-element elementor-element-a8b436d elementor-section-boxed elementor-section-height-default elementor-section-height-default\" data-id=\"a8b436d\" data-element_type=\"section\">\n\t\t\t\t\t\t<div class=\"elementor-container elementor-column-gap-default\">\n\t\t\t\t\t\t\t<div class=\"elementor-row\">\n\t\t\t\t\t<div class=\"elementor-column elementor-col-100 elementor-top-column elementor-element elementor-element-0e625e6\" data-id=\"0e625e6\" data-element_type=\"column\">\n\t\t\t<div class=\"elementor-column-wrap elementor-element-populated\">\n\t\t\t\t\t\t\t<div class=\"elementor-widget-wrap\">\n\t\t\t\t\t\t<div class=\"elementor-element elementor-element-5abb57f elementor-widget elementor-widget-heading\" data-id=\"5abb57f\" data-element_type=\"widget\" data-widget_type=\"heading.default\">\n\t\t\t\t<div class=\"elementor-widget-container\">\n\t\t\t<h2 class=\"elementor-heading-title elementor-size-default\"><b>Mi Red<\/b> en el territorio<\/h2>\t\t<\/div>\n\t\t\t\t<\/div>\n\t\t\t\t<div class=\"elementor-element elementor-element-c2e1730 elementor-widget elementor-widget-embed-documents\" data-id=\"c2e1730\" data-element_type=\"widget\" data-widget_type=\"embed-documents.default\">\n\t\t\t\t<div class=\"elementor-widget-container\">\n\t\t\t        \n        <div class=\"iframe-container\"><iframe src=\"https:\/\/docs.google.com\/viewer?url=https:\/\/www.medellin.gov.co\/es\/wp-content\/uploads\/2025\/06\/Red-de-Practicas-Artisticas-y-Culturales-de-Medellin-Programacion-Consolidada-Audiovisuales-Sin-Algunos-Laboratorios.pdf&#038;embedded=true\" style=\"width:100%; height:900px;\" frameborder=\"0\"><\/iframe><\/div>\n        \n        \t\t<\/div>\n\t\t\t\t<\/div>\n\t\t\t\t\t\t<\/div>\n\t\t\t\t\t<\/div>\n\t\t<\/div>\n\t\t\t\t\t\t\t\t<\/div>\n\t\t\t\t\t<\/div>\n\t\t<\/section>\n\t\t\t\t<section class=\"elementor-section elementor-top-section elementor-element elementor-element-39f0095 elementor-section-boxed elementor-section-height-default elementor-section-height-default\" data-id=\"39f0095\" data-element_type=\"section\">\n\t\t\t\t\t\t<div class=\"elementor-container elementor-column-gap-default\">\n\t\t\t\t\t\t\t<div class=\"elementor-row\">\n\t\t\t\t\t<div class=\"elementor-column elementor-col-100 elementor-top-column elementor-element elementor-element-3fc16f5\" data-id=\"3fc16f5\" data-element_type=\"column\">\n\t\t\t<div class=\"elementor-column-wrap elementor-element-populated\">\n\t\t\t\t\t\t\t<div class=\"elementor-widget-wrap\">\n\t\t\t\t\t\t<div class=\"elementor-element elementor-element-9db5407 elementor-widget elementor-widget-heading\" data-id=\"9db5407\" data-element_type=\"widget\" data-widget_type=\"heading.default\">\n\t\t\t\t<div class=\"elementor-widget-container\">\n\t\t\t<h2 class=\"elementor-heading-title elementor-size-default\"><b>Mapa de cobertura<\/b> de la Red de Pr\u00e1cticas Art\u00edsticas y Culturales 2025<\/h2>\t\t<\/div>\n\t\t\t\t<\/div>\n\t\t\t\t<div class=\"elementor-element elementor-element-2568752 elementor-widget elementor-widget-text-editor\" data-id=\"2568752\" data-element_type=\"widget\" data-widget_type=\"text-editor.default\">\n\t\t\t\t<div class=\"elementor-widget-container\">\n\t\t\t\t\t\t\t\t<div class=\"elementor-text-editor elementor-clearfix\">\n\t\t\t\t<div class=\"iframe-container\"><iframe src=\"https:\/\/www.google.com\/maps\/d\/embed?mid=1Bb_Dqp7MgUWDQL5PcLzXprakdc9ZtSE&#038;ehbc=2E312F\" width=\"640\" height=\"480\"><\/iframe><\/div>\t\t\t\t\t<\/div>\n\t\t\t\t\t\t<\/div>\n\t\t\t\t<\/div>\n\t\t\t\t\t\t<\/div>\n\t\t\t\t\t<\/div>\n\t\t<\/div>\n\t\t\t\t\t\t\t\t<\/div>\n\t\t\t\t\t<\/div>\n\t\t<\/section>\n\t\t\t\t\t\t\t\t\t<\/div>\n\t\t\t<\/div>\n\t\t\t\t\t<\/div>\n\t\t","protected":false},"excerpt":{"rendered":"<p>Contacta a la Red de Pr\u00e1cticas Art\u00edsticas y Culturales Pre Inscr\u00edbete Redes sociales PQRSD Mi Red en el territorio Mapa de cobertura de la Red de Pr\u00e1cticas Art\u00edsticas y Culturales 2025<\/p>\n","protected":false},"author":17,"featured_media":0,"parent":125836,"menu_order":0,"comment_status":"closed","ping_status":"closed","template":"sec-cultura\/red-practicas.php","meta":[],"acf":[],"_links":{"self":[{"href":"https:\/\/www.medellin.gov.co\/es\/wp-json\/wp\/v2\/pages\/138875"}],"collection":[{"href":"https:\/\/www.medellin.gov.co\/es\/wp-json\/wp\/v2\/pages"}],"about":[{"href":"https:\/\/www.medellin.gov.co\/es\/wp-json\/wp\/v2\/types\/page"}],"author":[{"embeddable":true,"href":"https:\/\/www.medellin.gov.co\/es\/wp-json\/wp\/v2\/users\/17"}],"replies":[{"embeddable":true,"href":"https:\/\/www.medellin.gov.co\/es\/wp-json\/wp\/v2\/comments?post=138875"}],"version-history":[{"count":10,"href":"https:\/\/www.medellin.gov.co\/es\/wp-json\/wp\/v2\/pages\/138875\/revisions"}],"predecessor-version":[{"id":427716,"href":"https:\/\/www.medellin.gov.co\/es\/wp-json\/wp\/v2\/pages\/138875\/revisions\/427716"}],"up":[{"embeddable":true,"href":"https:\/\/www.medellin.gov.co\/es\/wp-json\/wp\/v2\/pages\/125836"}],"wp:attachment":[{"href":"https:\/\/www.medellin.gov.co\/es\/wp-json\/wp\/v2\/media?parent=138875"}],"curies":[{"name":"wp","href":"https:\/\/api.w.org\/{rel}","templated":true}]}}