{"id":142035,"date":"2022-12-19T12:51:14","date_gmt":"2022-12-19T17:51:14","guid":{"rendered":"https:\/\/www.medellin.gov.co\/es\/?page_id=142035"},"modified":"2023-06-27T19:57:11","modified_gmt":"2023-06-28T00:57:11","slug":"objecion-de-conciencia-al-servicio-militar","status":"publish","type":"page","link":"https:\/\/www.medellin.gov.co\/es\/secretaria-juventud\/sistema-de-alertas-tempranas-de-medellin-satmed\/objecion-de-conciencia-al-servicio-militar\/","title":{"rendered":"Objeci\u00f3n de conciencia al servicio militar"},"content":{"rendered":"\t\t<div data-elementor-type=\"wp-page\" data-elementor-id=\"142035\" class=\"elementor elementor-142035\">\n\t\t\t\t\t\t<div class=\"elementor-inner\">\n\t\t\t\t<div class=\"elementor-section-wrap\">\n\t\t\t\t\t\t\t\t\t<section class=\"elementor-section elementor-top-section elementor-element elementor-element-0b25c55 elementor-section-boxed elementor-section-height-default elementor-section-height-default\" data-id=\"0b25c55\" data-element_type=\"section\">\n\t\t\t\t\t\t<div class=\"elementor-container elementor-column-gap-default\">\n\t\t\t\t\t\t\t<div class=\"elementor-row\">\n\t\t\t\t\t<div class=\"elementor-column elementor-col-100 elementor-top-column elementor-element elementor-element-15fdef9\" data-id=\"15fdef9\" data-element_type=\"column\">\n\t\t\t<div class=\"elementor-column-wrap elementor-element-populated\">\n\t\t\t\t\t\t\t<div class=\"elementor-widget-wrap\">\n\t\t\t\t\t\t<div class=\"elementor-element elementor-element-16b6737 elementor-widget elementor-widget-heading\" data-id=\"16b6737\" data-element_type=\"widget\" data-widget_type=\"heading.default\">\n\t\t\t\t<div class=\"elementor-widget-container\">\n\t\t\t<h1 class=\"elementor-heading-title elementor-size-default\">La objeci\u00f3n de conciencia al servicio militar es un derecho<\/h1>\t\t<\/div>\n\t\t\t\t<\/div>\n\t\t\t\t<section class=\"elementor-section elementor-inner-section elementor-element elementor-element-be6b53c elementor-section-boxed elementor-section-height-default elementor-section-height-default\" data-id=\"be6b53c\" data-element_type=\"section\">\n\t\t\t\t\t\t<div class=\"elementor-container elementor-column-gap-default\">\n\t\t\t\t\t\t\t<div class=\"elementor-row\">\n\t\t\t\t\t<div class=\"elementor-column elementor-col-50 elementor-inner-column elementor-element elementor-element-dc98751\" data-id=\"dc98751\" data-element_type=\"column\">\n\t\t\t<div class=\"elementor-column-wrap elementor-element-populated\">\n\t\t\t\t\t\t\t<div class=\"elementor-widget-wrap\">\n\t\t\t\t\t\t<div class=\"elementor-element elementor-element-9593e76 elementor-widget elementor-widget-image\" data-id=\"9593e76\" data-element_type=\"widget\" data-widget_type=\"image.default\">\n\t\t\t\t<div class=\"elementor-widget-container\">\n\t\t\t\t\t\t\t\t<div class=\"elementor-image\">\n\t\t\t\t\t\t\t\t\t\t\t\t<img width=\"985\" height=\"800\" src=\"https:\/\/www.medellin.gov.co\/es\/wp-content\/uploads\/2022\/12\/Banner-objecion-de-conciencia.jpg\" class=\"attachment-large size-large\" alt=\"Banner objeci\u00f3n de conciencia\" loading=\"lazy\" srcset=\"https:\/\/www.medellin.gov.co\/es\/wp-content\/uploads\/2022\/12\/Banner-objecion-de-conciencia.jpg 985w, https:\/\/www.medellin.gov.co\/es\/wp-content\/uploads\/2022\/12\/Banner-objecion-de-conciencia-300x244.jpg 300w, https:\/\/www.medellin.gov.co\/es\/wp-content\/uploads\/2022\/12\/Banner-objecion-de-conciencia-150x122.jpg 150w, https:\/\/www.medellin.gov.co\/es\/wp-content\/uploads\/2022\/12\/Banner-objecion-de-conciencia-768x624.jpg 768w\" sizes=\"(max-width: 985px) 100vw, 985px\" \/>\t\t\t\t\t\t\t\t\t\t\t\t\t\t<\/div>\n\t\t\t\t\t\t<\/div>\n\t\t\t\t<\/div>\n\t\t\t\t\t\t<\/div>\n\t\t\t\t\t<\/div>\n\t\t<\/div>\n\t\t\t\t<div class=\"elementor-column elementor-col-50 elementor-inner-column elementor-element elementor-element-a0c5632\" data-id=\"a0c5632\" data-element_type=\"column\">\n\t\t\t<div class=\"elementor-column-wrap elementor-element-populated\">\n\t\t\t\t\t\t\t<div class=\"elementor-widget-wrap\">\n\t\t\t\t\t\t<div class=\"elementor-element elementor-element-ff00830 elementor-widget elementor-widget-text-editor\" data-id=\"ff00830\" data-element_type=\"widget\" data-widget_type=\"text-editor.default\">\n\t\t\t\t<div class=\"elementor-widget-container\">\n\t\t\t\t\t\t\t\t<div class=\"elementor-text-editor elementor-clearfix\">\n\t\t\t\t<p>Se ha definido la objeci\u00f3n de conciencia como el derecho de toda persona a negarse o rehusarse a realizar acciones, actividades o a cumplir un mandato que est\u00e1 en contra de su voluntad y que se considera injusto o en contra de sus principios. Muchos j\u00f3venes objetan cuando consideran que esas acciones est\u00e1n en contradicci\u00f3n con su propio ser, sus valores, sus creencias o proyectos de vida.<\/p><p>Quienes objetan por conciencia al servicio militar lo pueden hacer por razones \u00e9ticas, filos\u00f3ficas o religiosas que resulten incompatibles con el deber de prestar el servicio militar en Colombia.<\/p>\t\t\t\t\t<\/div>\n\t\t\t\t\t\t<\/div>\n\t\t\t\t<\/div>\n\t\t\t\t<div class=\"elementor-element elementor-element-523fdbe elementor-tablet-align-left elementor-mobile-align-center elementor-widget elementor-widget-button\" data-id=\"523fdbe\" data-element_type=\"widget\" data-widget_type=\"button.default\">\n\t\t\t\t<div class=\"elementor-widget-container\">\n\t\t\t\t\t<div class=\"elementor-button-wrapper\">\n\t\t\t<a href=\"https:\/\/www.medellin.gov.co\/satmed\/nuevo-caso\" target=\"_blank\" class=\"elementor-button-link elementor-button elementor-size-sm\" role=\"button\">\n\t\t\t\t\t\t<span class=\"elementor-button-content-wrapper\">\n\t\t\t\t\t\t<span class=\"elementor-button-text\">Alerta aqu\u00ed<\/span>\n\t\t<\/span>\n\t\t\t\t\t<\/a>\n\t\t<\/div>\n\t\t\t\t<\/div>\n\t\t\t\t<\/div>\n\t\t\t\t\t\t<\/div>\n\t\t\t\t\t<\/div>\n\t\t<\/div>\n\t\t\t\t\t\t\t\t<\/div>\n\t\t\t\t\t<\/div>\n\t\t<\/section>\n\t\t\t\t<div class=\"elementor-element elementor-element-90bbf8c elementor-widget elementor-widget-heading\" data-id=\"90bbf8c\" data-element_type=\"widget\" data-widget_type=\"heading.default\">\n\t\t\t\t<div class=\"elementor-widget-container\">\n\t\t\t<h2 class=\"elementor-heading-title elementor-size-default\"><b>\u00bfPara qu\u00e9 sirve<\/b> la objeci\u00f3n de conciencia?<\/h2>\t\t<\/div>\n\t\t\t\t<\/div>\n\t\t\t\t<div class=\"elementor-element elementor-element-1779799 elementor-widget elementor-widget-text-editor\" data-id=\"1779799\" data-element_type=\"widget\" data-widget_type=\"text-editor.default\">\n\t\t\t\t<div class=\"elementor-widget-container\">\n\t\t\t\t\t\t\t\t<div class=\"elementor-text-editor elementor-clearfix\">\n\t\t\t\t<p>Sobre el servicio militar en Colombia vale la pena mencionar que, actualmente no es obligatorio prestar el servicio militar, pero s\u00ed es obligatorio definir la situaci\u00f3n militar. Esto quiere decir que cada joven debe definir si har\u00e1 parte de las fuerzas militares, si se acoge dentro de las causales de exoneraci\u00f3n o aplazamiento para prestar el servicio militar, o si decide declararse objetor de conciencia al servicio militar.<\/p>\t\t\t\t\t<\/div>\n\t\t\t\t\t\t<\/div>\n\t\t\t\t<\/div>\n\t\t\t\t<div class=\"elementor-element elementor-element-338d3f3 elementor-widget elementor-widget-heading\" data-id=\"338d3f3\" data-element_type=\"widget\" data-widget_type=\"heading.default\">\n\t\t\t\t<div class=\"elementor-widget-container\">\n\t\t\t<h2 class=\"elementor-heading-title elementor-size-default\"><b>\u00bfC\u00f3mo acceder a la <\/b> exoneraci\u00f3n de la prestaci\u00f3n del servicio militar?<\/h2>\t\t<\/div>\n\t\t\t\t<\/div>\n\t\t\t\t<div class=\"elementor-element elementor-element-4f1a9f2 elementor-widget elementor-widget-text-editor\" data-id=\"4f1a9f2\" data-element_type=\"widget\" data-widget_type=\"text-editor.default\">\n\t\t\t\t<div class=\"elementor-widget-container\">\n\t\t\t\t\t\t\t\t<div class=\"elementor-text-editor elementor-clearfix\">\n\t\t\t\t<ul><li>Eres hijo \u00fanico.<\/li><li>Eres hu\u00e9rfano y est\u00e1s a cargo de hermanos\/as.<\/li><li>Hijo de padres mayores de 60 a\u00f1os y velas por ellos.<\/li><li>Hermano\/hijo de fallecido o discapacitado en combate.<\/li><li>Hijo de militares fallecidos.<\/li><li>Eres religioso o cl\u00e9rigo.<\/li><li>Eres casado.<\/li><li>Puedes acreditar legalmente la existencia de uni\u00f3n marital de hecho.<\/li><li>Persona con discapacidad.<\/li><li>Poblaci\u00f3n ind\u00edgena.<\/li><li>Persona que no se identifica con el g\u00e9nero masculino.<\/li><li>V\u00edctima del conflicto armado.<\/li><li>Ciudadano del programa de protecci\u00f3n a v\u00edctimas y testigos de la Fiscal\u00eda.<\/li><li>Ciudadano desmovilizado.<\/li><li>Padre de familia.<\/li><li>Objetor de conciencia.<\/li><\/ul><p>Fuente: Ley 1861 de 2017, art\u00edculo 12. Causales de exoneraci\u00f3n del servicio militar obligatorio.<\/p>\t\t\t\t\t<\/div>\n\t\t\t\t\t\t<\/div>\n\t\t\t\t<\/div>\n\t\t\t\t<div class=\"elementor-element elementor-element-cf0034f elementor-widget elementor-widget-heading\" data-id=\"cf0034f\" data-element_type=\"widget\" data-widget_type=\"heading.default\">\n\t\t\t\t<div class=\"elementor-widget-container\">\n\t\t\t<h2 class=\"elementor-heading-title elementor-size-default\"><b>\u00bfC\u00f3mo puedo declararme <\/b> objetor de conciencia al servicio militar?<\/h2>\t\t<\/div>\n\t\t\t\t<\/div>\n\t\t\t\t<section class=\"elementor-section elementor-inner-section elementor-element elementor-element-63fbb3f elementor-section-boxed elementor-section-height-default elementor-section-height-default\" data-id=\"63fbb3f\" data-element_type=\"section\">\n\t\t\t\t\t\t<div class=\"elementor-container elementor-column-gap-default\">\n\t\t\t\t\t\t\t<div class=\"elementor-row\">\n\t\t\t\t\t<div class=\"elementor-column elementor-col-50 elementor-inner-column elementor-element elementor-element-eddfc37\" data-id=\"eddfc37\" data-element_type=\"column\">\n\t\t\t<div class=\"elementor-column-wrap elementor-element-populated\">\n\t\t\t\t\t\t\t<div class=\"elementor-widget-wrap\">\n\t\t\t\t\t\t<div class=\"elementor-element elementor-element-266efb4 elementor-widget elementor-widget-text-editor\" data-id=\"266efb4\" data-element_type=\"widget\" data-widget_type=\"text-editor.default\">\n\t\t\t\t<div class=\"elementor-widget-container\">\n\t\t\t\t\t\t\t\t<div class=\"elementor-text-editor elementor-clearfix\">\n\t\t\t\t<p>Los pasos que se van a nombrar se encuentran establecidos en la Ley 1861 de 2017, a partir del art\u00edculo 77.<\/p><ul><li>Inscribirse en libretamilitar.mil.co<\/li><li>Elaborar la declaraci\u00f3n, asesorada jur\u00eddicamente por el Salvavidas.<\/li><li>Radicar el Derecho de Petici\u00f3n (declaraci\u00f3n), que debe ser realizado por el joven.<\/li><li>Realizar seguimiento a la respuesta, realizado por el Salvavidas de acuerdo con la comunicaci\u00f3n establecida con el joven.<\/li><li>Acudir a la Comisi\u00f3n Interdisciplinaria Territorial, tr\u00e1mite realizado por el joven.<\/li><li>Recibir la liquidaci\u00f3n que es adjudicada al joven.<\/li><\/ul><p>Informaci\u00f3n de contacto L\u00ednea de WhatsApp 3107154095<\/p>\t\t\t\t\t<\/div>\n\t\t\t\t\t\t<\/div>\n\t\t\t\t<\/div>\n\t\t\t\t\t\t<\/div>\n\t\t\t\t\t<\/div>\n\t\t<\/div>\n\t\t\t\t<div class=\"elementor-column elementor-col-50 elementor-inner-column elementor-element elementor-element-a46098e\" data-id=\"a46098e\" data-element_type=\"column\">\n\t\t\t<div class=\"elementor-column-wrap elementor-element-populated\">\n\t\t\t\t\t\t\t<div class=\"elementor-widget-wrap\">\n\t\t\t\t\t\t<div class=\"elementor-element elementor-element-eeab7fb elementor-widget elementor-widget-image\" data-id=\"eeab7fb\" data-element_type=\"widget\" data-widget_type=\"image.default\">\n\t\t\t\t<div class=\"elementor-widget-container\">\n\t\t\t\t\t\t\t\t<div class=\"elementor-image\">\n\t\t\t\t\t\t\t\t\t\t\t\t<img width=\"1024\" height=\"682\" src=\"https:\/\/www.medellin.gov.co\/es\/wp-content\/uploads\/2022\/11\/Semana-por-la-Memoria-2-1024x682.jpg\" class=\"attachment-large size-large\" alt=\"Medell\u00edn conocer\u00e1 las verdades de los territorios, las mujeres y las juventudes durante la Semana por la Memoria\" loading=\"lazy\" srcset=\"https:\/\/www.medellin.gov.co\/es\/wp-content\/uploads\/2022\/11\/Semana-por-la-Memoria-2-1024x682.jpg 1024w, https:\/\/www.medellin.gov.co\/es\/wp-content\/uploads\/2022\/11\/Semana-por-la-Memoria-2-300x200.jpg 300w, https:\/\/www.medellin.gov.co\/es\/wp-content\/uploads\/2022\/11\/Semana-por-la-Memoria-2-150x100.jpg 150w, https:\/\/www.medellin.gov.co\/es\/wp-content\/uploads\/2022\/11\/Semana-por-la-Memoria-2-768x512.jpg 768w, https:\/\/www.medellin.gov.co\/es\/wp-content\/uploads\/2022\/11\/Semana-por-la-Memoria-2.jpg 1280w\" sizes=\"(max-width: 1024px) 100vw, 1024px\" \/>\t\t\t\t\t\t\t\t\t\t\t\t\t\t<\/div>\n\t\t\t\t\t\t<\/div>\n\t\t\t\t<\/div>\n\t\t\t\t\t\t<\/div>\n\t\t\t\t\t<\/div>\n\t\t<\/div>\n\t\t\t\t\t\t\t\t<\/div>\n\t\t\t\t\t<\/div>\n\t\t<\/section>\n\t\t\t\t<div class=\"elementor-element elementor-element-a4824a4 elementor-widget elementor-widget-heading\" data-id=\"a4824a4\" data-element_type=\"widget\" data-widget_type=\"heading.default\">\n\t\t\t\t<div class=\"elementor-widget-container\">\n\t\t\t<h2 class=\"elementor-heading-title elementor-size-default\"><b>Batidas, detenciones <\/b> arbitrarias y operativos sorpresa.<\/h2>\t\t<\/div>\n\t\t\t\t<\/div>\n\t\t\t\t<div class=\"elementor-element elementor-element-72c65f6 elementor-widget elementor-widget-text-editor\" data-id=\"72c65f6\" data-element_type=\"widget\" data-widget_type=\"text-editor.default\">\n\t\t\t\t<div class=\"elementor-widget-container\">\n\t\t\t\t\t\t\t\t<div class=\"elementor-text-editor elementor-clearfix\">\n\t\t\t\t<p>Es importante tener siempre presente que las batidas ilegales se encuentran prohibidas a partir de diferentes sentencias de la Corte Constitucional y en la Ley 1861 de 2017. Al respecto de esto, el par\u00e1grafo 2 de la mencionada Ley, dice lo siguiente:<br>\u201cPar\u00e1grafo 2: Por ning\u00fan motivo se permitir\u00e1 a la fuerza p\u00fablica realizar detenciones ni operativos sorpresa para aprehender a los colombianos que a ese momento no se hubieran presentado o prestado el servicio militar obligatorio.\u201d<br>En caso de que se tenga conocimiento de una detenci\u00f3n arbitraria, operativos sorpresa o batidas, se puede generar realizar la denuncia a partir de la creaci\u00f3n de una alerta en la plataforma del Salvavidas <a href=\"https:\/\/www.medellin.gov.co\/satmed\/nuevo-caso\" target=\"_blank\" rel=\"noopener\">https:\/\/www.medellin.gov.co\/satmed\/nuevo-caso<\/a>, all\u00ed se deben manifestar los datos relacionados con las fechas y lugar de los hechos.<\/p>\n<p>Por otra parte, en caso de que se tenga conocimiento sobre un joven o diferentes j\u00f3venes retenidos con fines de reclutamiento y en contra de su voluntad, se debe informar el nombre completo del joven, el n\u00famero del documento de identidad, su edad, la descripci\u00f3n de la situaci\u00f3n irregular en la que fue detenido, el Distrito Militar al que fue conducido y, si es posible, las placas de identificaci\u00f3n del veh\u00edculo por el cual fue trasladado al Distrito Militar. Tambi\u00e9n es importante indicarle al joven que pueda recolectar otro tipo de informaci\u00f3n con relaci\u00f3n a los integrantes de las Fuerzas Militares que se encuentren desarrollando estos procedimientos. En la parte izquierda de la chaqueta de un integrante del Ej\u00e9rcito Nacional se puede visualizar el n\u00famero de Distrito al que hace parte. Recolectar este dato puede ser fundamental para reconocer si estos procedimientos se est\u00e1n desarrollando por parte de Distritos que hacen presencia en la ciudad de Medell\u00edn y el departamento, o si provienen de Distritos que tienen a su cargo otras regiones del pa\u00eds.<\/p>\n<p>Con esta informaci\u00f3n, se conduce la alerta a la Personer\u00eda, Entidad que se debe encargar de desplazarse al lugar para garantizar el debido proceso. Esto lo hace el equipo de gesti\u00f3n de alertas del Salvavidas.<\/p>\t\t\t\t\t<\/div>\n\t\t\t\t\t\t<\/div>\n\t\t\t\t<\/div>\n\t\t\t\t\t\t<\/div>\n\t\t\t\t\t<\/div>\n\t\t<\/div>\n\t\t\t\t\t\t\t\t<\/div>\n\t\t\t\t\t<\/div>\n\t\t<\/section>\n\t\t\t\t\t\t\t\t\t<\/div>\n\t\t\t<\/div>\n\t\t\t\t\t<\/div>\n\t\t","protected":false},"excerpt":{"rendered":"<p>La objeci\u00f3n de conciencia al servicio militar es un derecho Se ha definido la objeci\u00f3n de conciencia como el derecho de toda persona a negarse o rehusarse a realizar acciones, actividades o a cumplir un &#8230;<\/p>\n","protected":false},"author":31,"featured_media":0,"parent":125063,"menu_order":0,"comment_status":"closed","ping_status":"closed","template":"sec-juventud\/elementor.php","meta":[],"acf":[],"_links":{"self":[{"href":"https:\/\/www.medellin.gov.co\/es\/wp-json\/wp\/v2\/pages\/142035"}],"collection":[{"href":"https:\/\/www.medellin.gov.co\/es\/wp-json\/wp\/v2\/pages"}],"about":[{"href":"https:\/\/www.medellin.gov.co\/es\/wp-json\/wp\/v2\/types\/page"}],"author":[{"embeddable":true,"href":"https:\/\/www.medellin.gov.co\/es\/wp-json\/wp\/v2\/users\/31"}],"replies":[{"embeddable":true,"href":"https:\/\/www.medellin.gov.co\/es\/wp-json\/wp\/v2\/comments?post=142035"}],"version-history":[{"count":10,"href":"https:\/\/www.medellin.gov.co\/es\/wp-json\/wp\/v2\/pages\/142035\/revisions"}],"predecessor-version":[{"id":214945,"href":"https:\/\/www.medellin.gov.co\/es\/wp-json\/wp\/v2\/pages\/142035\/revisions\/214945"}],"up":[{"embeddable":true,"href":"https:\/\/www.medellin.gov.co\/es\/wp-json\/wp\/v2\/pages\/125063"}],"wp:attachment":[{"href":"https:\/\/www.medellin.gov.co\/es\/wp-json\/wp\/v2\/media?parent=142035"}],"curies":[{"name":"wp","href":"https:\/\/api.w.org\/{rel}","templated":true}]}}