{"id":14208,"date":"2021-09-14T20:03:49","date_gmt":"2021-09-15T01:03:49","guid":{"rendered":"https:\/\/www.medellin.gov.co\/es\/?page_id=14208"},"modified":"2023-09-14T12:51:51","modified_gmt":"2023-09-14T17:51:51","slug":"proteccion-y-bienestar-animal","status":"publish","type":"page","link":"https:\/\/www.medellin.gov.co\/es\/secretaria-medio-ambiente\/proteccion-y-bienestar-animal\/","title":{"rendered":"Protecci\u00f3n y bienestar animal"},"content":{"rendered":"\t\t<div data-elementor-type=\"wp-page\" data-elementor-id=\"14208\" class=\"elementor elementor-14208\">\n\t\t\t\t\t\t<div class=\"elementor-inner\">\n\t\t\t\t<div class=\"elementor-section-wrap\">\n\t\t\t\t\t\t\t\t\t<section class=\"elementor-section elementor-top-section elementor-element elementor-element-63a13c0c elementor-section-boxed elementor-section-height-default elementor-section-height-default\" data-id=\"63a13c0c\" data-element_type=\"section\">\n\t\t\t\t\t\t<div class=\"elementor-container elementor-column-gap-default\">\n\t\t\t\t\t\t\t<div class=\"elementor-row\">\n\t\t\t\t\t<div class=\"elementor-column elementor-col-100 elementor-top-column elementor-element elementor-element-7ac744b2\" data-id=\"7ac744b2\" data-element_type=\"column\">\n\t\t\t<div class=\"elementor-column-wrap elementor-element-populated\">\n\t\t\t\t\t\t\t<div class=\"elementor-widget-wrap\">\n\t\t\t\t\t\t<div class=\"elementor-element elementor-element-247a8462 elementor-widget elementor-widget-heading\" data-id=\"247a8462\" data-element_type=\"widget\" data-widget_type=\"heading.default\">\n\t\t\t\t<div class=\"elementor-widget-container\">\n\t\t\t<h1 class=\"elementor-heading-title elementor-size-default\">Protecci\u00f3n y Bienestar Animal<\/h1>\t\t<\/div>\n\t\t\t\t<\/div>\n\t\t\t\t<section class=\"elementor-section elementor-inner-section elementor-element elementor-element-4ca5b64 elementor-section-boxed elementor-section-height-default elementor-section-height-default\" data-id=\"4ca5b64\" data-element_type=\"section\">\n\t\t\t\t\t\t<div class=\"elementor-container elementor-column-gap-default\">\n\t\t\t\t\t\t\t<div class=\"elementor-row\">\n\t\t\t\t\t<div class=\"elementor-column elementor-col-50 elementor-inner-column elementor-element elementor-element-2e8fa3c\" data-id=\"2e8fa3c\" data-element_type=\"column\">\n\t\t\t<div class=\"elementor-column-wrap elementor-element-populated\">\n\t\t\t\t\t\t\t<div class=\"elementor-widget-wrap\">\n\t\t\t\t\t\t<div class=\"elementor-element elementor-element-bd7554f elementor-widget elementor-widget-text-editor\" data-id=\"bd7554f\" data-element_type=\"widget\" data-widget_type=\"text-editor.default\">\n\t\t\t\t<div class=\"elementor-widget-container\">\n\t\t\t\t\t\t\t\t<div class=\"elementor-text-editor elementor-clearfix\">\n\t\t\t\t<p>Protecci\u00f3n y<span style=\"font-weight: 400;\">\u00a0Bienestar Animal concentrar\u00e1 la oferta de servicios institucionales en una sola unidad y su objetivos ser\u00e1n continuar con la administraci\u00f3n del programa de adopci\u00f3n de animales de compa\u00f1\u00eda (perros y gatos) y dom\u00e9sticos de especies mayores, como bovinos, equinos, caprinos y ovinos; adem\u00e1s de realizar la gesti\u00f3n sanitaria con aves que presenten afectaciones de salud.<\/span><\/p>\t\t\t\t\t<\/div>\n\t\t\t\t\t\t<\/div>\n\t\t\t\t<\/div>\n\t\t\t\t\t\t<\/div>\n\t\t\t\t\t<\/div>\n\t\t<\/div>\n\t\t\t\t<div class=\"elementor-column elementor-col-50 elementor-inner-column elementor-element elementor-element-2df5a03\" data-id=\"2df5a03\" data-element_type=\"column\">\n\t\t\t<div class=\"elementor-column-wrap elementor-element-populated\">\n\t\t\t\t\t\t\t<div class=\"elementor-widget-wrap\">\n\t\t\t\t\t\t<div class=\"elementor-element elementor-element-a0df704 elementor-widget elementor-widget-image\" data-id=\"a0df704\" data-element_type=\"widget\" data-widget_type=\"image.default\">\n\t\t\t\t<div class=\"elementor-widget-container\">\n\t\t\t\t\t\t\t\t<div class=\"elementor-image\">\n\t\t\t\t\t\t\t\t\t\t\t\t<img width=\"1280\" height=\"853\" src=\"https:\/\/www.medellin.gov.co\/es\/wp-content\/uploads\/2023\/05\/La-Perla-2.jpg\" class=\"attachment-full size-full\" alt=\"Rutas de atenci\u00f3n del Centro de Bienestar Animal - La Perla\" loading=\"lazy\" srcset=\"https:\/\/www.medellin.gov.co\/es\/wp-content\/uploads\/2023\/05\/La-Perla-2.jpg 1280w, https:\/\/www.medellin.gov.co\/es\/wp-content\/uploads\/2023\/05\/La-Perla-2-300x200.jpg 300w, https:\/\/www.medellin.gov.co\/es\/wp-content\/uploads\/2023\/05\/La-Perla-2-1024x682.jpg 1024w, https:\/\/www.medellin.gov.co\/es\/wp-content\/uploads\/2023\/05\/La-Perla-2-150x100.jpg 150w, https:\/\/www.medellin.gov.co\/es\/wp-content\/uploads\/2023\/05\/La-Perla-2-768x512.jpg 768w\" sizes=\"(max-width: 1280px) 100vw, 1280px\" \/>\t\t\t\t\t\t\t\t\t\t\t\t\t\t<\/div>\n\t\t\t\t\t\t<\/div>\n\t\t\t\t<\/div>\n\t\t\t\t\t\t<\/div>\n\t\t\t\t\t<\/div>\n\t\t<\/div>\n\t\t\t\t\t\t\t\t<\/div>\n\t\t\t\t\t<\/div>\n\t\t<\/section>\n\t\t\t\t<section class=\"elementor-section elementor-inner-section elementor-element elementor-element-6bf1dba elementor-section-boxed elementor-section-height-default elementor-section-height-default\" data-id=\"6bf1dba\" data-element_type=\"section\">\n\t\t\t\t\t\t<div class=\"elementor-container elementor-column-gap-default\">\n\t\t\t\t\t\t\t<div class=\"elementor-row\">\n\t\t\t\t\t<div class=\"elementor-column elementor-col-25 elementor-inner-column elementor-element elementor-element-f81dd7c\" data-id=\"f81dd7c\" data-element_type=\"column\" data-settings=\"{&quot;background_background&quot;:&quot;classic&quot;}\">\n\t\t\t<div class=\"elementor-column-wrap elementor-element-populated\">\n\t\t\t\t\t\t\t<div class=\"elementor-widget-wrap\">\n\t\t\t\t\t\t<div class=\"elementor-element elementor-element-8c33eac elementor-widget elementor-widget-text-editor\" data-id=\"8c33eac\" data-element_type=\"widget\" data-widget_type=\"text-editor.default\">\n\t\t\t\t<div class=\"elementor-widget-container\">\n\t\t\t\t\t\t\t\t<div class=\"elementor-text-editor elementor-clearfix\">\n\t\t\t\t<p><a href=\"https:\/\/www.medellin.gov.co\/es\/secretaria-medio-ambiente\/proteccion-y-bienestar-animal\/bienestar-animal-del-distrito-de-medellin\/\"><b>Bienestar animal<\/b><\/a><\/p>\t\t\t\t\t<\/div>\n\t\t\t\t\t\t<\/div>\n\t\t\t\t<\/div>\n\t\t\t\t\t\t<\/div>\n\t\t\t\t\t<\/div>\n\t\t<\/div>\n\t\t\t\t<div class=\"elementor-column elementor-col-25 elementor-inner-column elementor-element elementor-element-1cba375\" data-id=\"1cba375\" data-element_type=\"column\" data-settings=\"{&quot;background_background&quot;:&quot;classic&quot;}\">\n\t\t\t<div class=\"elementor-column-wrap elementor-element-populated\">\n\t\t\t\t\t\t\t<div class=\"elementor-widget-wrap\">\n\t\t\t\t\t\t<div class=\"elementor-element elementor-element-c55bdee elementor-widget elementor-widget-text-editor\" data-id=\"c55bdee\" data-element_type=\"widget\" data-widget_type=\"text-editor.default\">\n\t\t\t\t<div class=\"elementor-widget-container\">\n\t\t\t\t\t\t\t\t<div class=\"elementor-text-editor elementor-clearfix\">\n\t\t\t\t<p><a href=\"https:\/\/www.medellin.gov.co\/es\/secretaria-medio-ambiente\/proteccion-y-bienestar-animal\/proteccion-animal-del-distrito-de-medellin\/\"><b>Protecci\u00f3n animal<\/b><\/a><\/p>\t\t\t\t\t<\/div>\n\t\t\t\t\t\t<\/div>\n\t\t\t\t<\/div>\n\t\t\t\t\t\t<\/div>\n\t\t\t\t\t<\/div>\n\t\t<\/div>\n\t\t\t\t<div class=\"elementor-column elementor-col-25 elementor-inner-column elementor-element elementor-element-a1a32e2\" data-id=\"a1a32e2\" data-element_type=\"column\" data-settings=\"{&quot;background_background&quot;:&quot;classic&quot;}\">\n\t\t\t<div class=\"elementor-column-wrap elementor-element-populated\">\n\t\t\t\t\t\t\t<div class=\"elementor-widget-wrap\">\n\t\t\t\t\t\t<div class=\"elementor-element elementor-element-19c598b elementor-widget elementor-widget-text-editor\" data-id=\"19c598b\" data-element_type=\"widget\" data-widget_type=\"text-editor.default\">\n\t\t\t\t<div class=\"elementor-widget-container\">\n\t\t\t\t\t\t\t\t<div class=\"elementor-text-editor elementor-clearfix\">\n\t\t\t\t<p><a href=\"https:\/\/www.medellin.gov.co\/es\/secretaria-medio-ambiente\/proteccion-y-bienestar-animal\/educacion-e-investigacion\/\"><b>Educaci\u00f3n e investigaci\u00f3n<\/b><\/a><\/p>\t\t\t\t\t<\/div>\n\t\t\t\t\t\t<\/div>\n\t\t\t\t<\/div>\n\t\t\t\t\t\t<\/div>\n\t\t\t\t\t<\/div>\n\t\t<\/div>\n\t\t\t\t<div class=\"elementor-column elementor-col-25 elementor-inner-column elementor-element elementor-element-e3f461f\" data-id=\"e3f461f\" data-element_type=\"column\" data-settings=\"{&quot;background_background&quot;:&quot;classic&quot;}\">\n\t\t\t<div class=\"elementor-column-wrap elementor-element-populated\">\n\t\t\t\t\t\t\t<div class=\"elementor-widget-wrap\">\n\t\t\t\t\t\t<div class=\"elementor-element elementor-element-51dc4c4 elementor-widget elementor-widget-text-editor\" data-id=\"51dc4c4\" data-element_type=\"widget\" data-widget_type=\"text-editor.default\">\n\t\t\t\t<div class=\"elementor-widget-container\">\n\t\t\t\t\t\t\t\t<div class=\"elementor-text-editor elementor-clearfix\">\n\t\t\t\t<p><a href=\"https:\/\/www.medellin.gov.co\/es\/secretaria-medio-ambiente\/proteccion-y-bienestar-animal\/espacios-de-participacion-ciudadana\/\"><b>Espacios de participaci\u00f3n ciudadana<\/b><\/a><\/p>\t\t\t\t\t<\/div>\n\t\t\t\t\t\t<\/div>\n\t\t\t\t<\/div>\n\t\t\t\t\t\t<\/div>\n\t\t\t\t\t<\/div>\n\t\t<\/div>\n\t\t\t\t\t\t\t\t<\/div>\n\t\t\t\t\t<\/div>\n\t\t<\/section>\n\t\t\t\t<div class=\"elementor-element elementor-element-07030ef elementor-widget elementor-widget-heading\" data-id=\"07030ef\" data-element_type=\"widget\" data-widget_type=\"heading.default\">\n\t\t\t\t<div class=\"elementor-widget-container\">\n\t\t\t<h2 class=\"elementor-heading-title elementor-size-default\"><b>Canales de contacto<\/b> interinstitucional<\/h2>\t\t<\/div>\n\t\t\t\t<\/div>\n\t\t\t\t<div class=\"elementor-element elementor-element-f3ab961 elementor-widget elementor-widget-text-editor\" data-id=\"f3ab961\" data-element_type=\"widget\" data-widget_type=\"text-editor.default\">\n\t\t\t\t<div class=\"elementor-widget-container\">\n\t\t\t\t\t\t\t\t<div class=\"elementor-text-editor elementor-clearfix\">\n\t\t\t\t<p><span data-contrast=\"none\">Cuando tengas una emergencia con cualquier animal que <\/span><b><span data-contrast=\"none\">no tenga cuidador o responsable<\/span><\/b><span data-contrast=\"none\">, comun\u00edcate a la L\u00ednea 123.\u00a0<\/span><span data-ccp-props=\"{&quot;201341983&quot;:0,&quot;335551550&quot;:6,&quot;335551620&quot;:6,&quot;335559739&quot;:160,&quot;335559740&quot;:259}\">\u00a0<\/span><\/p><p><span data-contrast=\"none\">Recuerda que una emergencia son s\u00f3lo aquellos casos <\/span><span data-contrast=\"none\">que requieren atenci\u00f3n inmediata o urgente, en los que la vida o integridad del animal corre peligro.\u00a0<\/span><span data-ccp-props=\"{&quot;201341983&quot;:0,&quot;335551550&quot;:6,&quot;335551620&quot;:6,&quot;335559739&quot;:160,&quot;335559740&quot;:259}\">\u00a0<\/span><\/p><p><span data-contrast=\"none\">Cuando no sea una emergencia y tengas Peticiones, Quejas, Reclamos y Sugerencias relacionadas con animales, puedes hacerlo a trav\u00e9s del sistema de PQRS de la Alcald\u00eda de Medell\u00edn.\u00a0<\/span><span data-ccp-props=\"{&quot;201341983&quot;:0,&quot;335551550&quot;:6,&quot;335551620&quot;:6,&quot;335559739&quot;:160,&quot;335559740&quot;:259}\">\u00a0<\/span><\/p>\t\t\t\t\t<\/div>\n\t\t\t\t\t\t<\/div>\n\t\t\t\t<\/div>\n\t\t\t\t<div class=\"elementor-element elementor-element-786c6f8 pp-table-center elementor-widget elementor-widget-pp-table\" data-id=\"786c6f8\" data-element_type=\"widget\" data-settings=\"{&quot;table_type&quot;:&quot;responsive&quot;,&quot;scrollable&quot;:&quot;no&quot;}\" data-widget_type=\"pp-table.default\">\n\t\t\t\t<div class=\"elementor-widget-container\">\n\t\t\t\t\t<div class=\"pp-table-container\">\n\t\t\t<table \n\t\t\tclass=\"pp-table tablesaw\" data-tablesaw-mode=\"stack\"\t\t\t\t>\n\t\t\t\t\t\t\t<colgroup>\n\t\t\t\t\t\t\t\t<col\n\t\t\t\t\tspan=\"1\"\n\t\t\t\t\tclass=\"elementor-repeater-item-cf01f14\"\n\t\t\t\t\t\t\t\t\t\t\tstyle=\"\n\t\t\t\t\t\t\t\t\t\t\t\t\t\t\t\t\t\t\t\t\"\n\t\t\t\t\t\t\t\t\t\t>\n\t\t\t\t\t\t\t<\/colgroup>\n\t\t\t\t\t\t<thead>\n\t\t\t\t<tr class=\"pp-table-row\">\n\t\t\t\t\t<th class=\"pp-table-cell pp-table-cell-f1c64f8\"><span class=\"pp-table-cell-content\"><span class=\"pp-table-cell-text\">Situaci\u00f3n <\/span><\/span><\/th><th class=\"pp-table-cell pp-table-cell-2fdff38\"><span class=\"pp-table-cell-content\"><span class=\"pp-table-cell-text\">Entidad<\/span><\/span><\/th><th class=\"pp-table-cell pp-table-cell-6e4cc76\"><span class=\"pp-table-cell-content\"><span class=\"pp-table-cell-text\">Canales de contacto<\/span><\/span><\/th>\t\t\t\t<\/tr>\n\t\t\t<\/thead>\n\t\t\t\t\t<tfoot>\n\t\t\t<\/tr>\t\t<\/tfoot>\n\t\t\t\t<tbody>\n\t\t\t<tr><td class=\"pp-table-cell pp-table-cell-4ba1725\"><span class=\"pp-table-cell-content\"><span class=\"pp-table-cell-text\">\u00danicamente emergencias de animales sin cuidador(a) o responsable <\/span><\/span><\/td><td class=\"pp-table-cell pp-table-cell-970f95a\"><span class=\"pp-table-cell-content\"><span class=\"pp-table-cell-text\">Modulo especializado de la Alcald\u00eda de Medell\u00edn<\/span><\/span><\/td><td class=\"pp-table-cell pp-table-cell-515a1b1\"><span class=\"pp-table-cell-content\"><span class=\"pp-table-cell-text\">L\u00ednea 123  <\/span><\/span><\/td><\/tr><tr><td class=\"pp-table-cell pp-table-cell-e87db12\"><span class=\"pp-table-cell-content\"><span class=\"pp-table-cell-text\">Peticiones, Quejas, \n\nReclamos \n\no Sugerencias sobre animales sin cuidador(a) o responsable  \n\n(PQRS) <\/span><\/span><\/td><td class=\"pp-table-cell pp-table-cell-eb94fa5\"><span class=\"pp-table-cell-content\"><span class=\"pp-table-cell-text\">Subsecretar\u00eda de Protecci\u00f3n y Bienestar Animal  <\/span><\/span><\/td><td class=\"pp-table-cell pp-table-cell-704e86e\"><span class=\"pp-table-cell-content\"><span class=\"pp-table-cell-text\"><a href=\"https:\/\/mercurio.medellin.gov.co\/mercurio\/inicialPqr.jsp\" target=\"_blank\">https:\/\/mercurio.medellin.gov.co\/mercurio\/inicialPqr.jsp<\/a><\/span><\/span><\/td><\/tr><tr><td class=\"pp-table-cell pp-table-cell-20b5827\"><span class=\"pp-table-cell-content\"><span class=\"pp-table-cell-text\">Adopciones  <\/span><\/span><\/td><td class=\"pp-table-cell pp-table-cell-75f6f2a\"><span class=\"pp-table-cell-content\"><span class=\"pp-table-cell-text\">Centro de Bienestar Animal La Perla <\/span><\/span><\/td><td class=\"pp-table-cell pp-table-cell-d6f1850\"><span class=\"pp-table-cell-content\"><span class=\"pp-table-cell-text\"><a href=\"https:\/\/www.medellin.gov.co\/Portal_AmbientalPG\/vistaGeneral.do?cod=14\" target=\"_blank\">www.medellin.gov.co\/laperla <\/a><\/span><\/span><\/td><\/tr><tr><td class=\"pp-table-cell pp-table-cell-461a8cf\"><span class=\"pp-table-cell-content\"><span class=\"pp-table-cell-text\">Denuncias por \n\nabandono, conflictos \n\nde convivencia o \n\nmaltrato animal leve <\/span><\/span><\/td><td class=\"pp-table-cell pp-table-cell-10df84b\"><span class=\"pp-table-cell-content\"><span class=\"pp-table-cell-text\">Inspecci\u00f3n de Polic\u00eda de Protecci\u00f3n Animal  <\/span><\/span><\/td><td class=\"pp-table-cell pp-table-cell-7e230e5\"><span class=\"pp-table-cell-content\"><span class=\"pp-table-cell-text\"><a href=\"https:\/\/mercurio.medellin.gov.co\/mercurio\/inicialPqr.jsp\" target=\"_blank\">https:\/\/mercurio.medellin.gov.co\/mercurio\/inicialPqr.jsp<\/a><\/span><\/span><\/td><\/tr><tr><td class=\"pp-table-cell pp-table-cell-0204f24\"><span class=\"pp-table-cell-content\"><span class=\"pp-table-cell-text\">Denuncias por \n\nmaltrato \n\nanimal grave <\/span><\/span><\/td><td class=\"pp-table-cell pp-table-cell-e944259\"><span class=\"pp-table-cell-content\"><span class=\"pp-table-cell-text\">Fiscal\u00eda General de la Naci\u00f3n  <\/span><\/span><\/td><td class=\"pp-table-cell pp-table-cell-5e12e16\"><span class=\"pp-table-cell-content\"><span class=\"pp-table-cell-text\">L\u00ednea gratuita nacional 01 8000 914748 \n\no sigue el enlace: <\/span><\/span><\/td><\/tr><tr><td class=\"pp-table-cell pp-table-cell-d86fdb2\"><span class=\"pp-table-cell-content\"><span class=\"pp-table-cell-text\">PQRSD de Fauna \n\nsilvestre o ex\u00f3tica \n\nen \u00e1rea urbana <\/span><\/span><\/td><td class=\"pp-table-cell pp-table-cell-f015985\"><span class=\"pp-table-cell-content\"><span class=\"pp-table-cell-text\">\u00c1rea Metropolitana  <\/span><\/span><\/td><td class=\"pp-table-cell pp-table-cell-8254575\"><span class=\"pp-table-cell-content\"><span class=\"pp-table-cell-text\"><a href=\"https:\/\/www.metropol.gov.co\/\" target=\"_blank\">www.metropol.gov.co <\/a><\/span><\/span><\/td><\/tr><tr><td class=\"pp-table-cell pp-table-cell-ccbe2ad\"><span class=\"pp-table-cell-content\"><span class=\"pp-table-cell-text\">PQR Fauna silvestre \n\no ex\u00f3tica en \n\n\u00e1rea rura<\/span><\/span><\/td><td class=\"pp-table-cell pp-table-cell-b20e566\"><span class=\"pp-table-cell-content\"><span class=\"pp-table-cell-text\">Corantioquia  <\/span><\/span><\/td><td class=\"pp-table-cell pp-table-cell-3506d29\"><span class=\"pp-table-cell-content\"><span class=\"pp-table-cell-text\"><a href=\"https:\/\/www.corantioquia.gov.co\/\" target=\"_blank\">www.corantioquia.gov.co <\/a><\/span><\/span><\/td><\/tr>\t\t<\/tbody>\n\t\t\t\t\t<\/table>\n\t\t<\/div>\n\t\t\t\t<\/div>\n\t\t\t\t<\/div>\n\t\t\t\t<div class=\"elementor-element elementor-element-296deb3 elementor-widget elementor-widget-heading\" data-id=\"296deb3\" data-element_type=\"widget\" data-widget_type=\"heading.default\">\n\t\t\t\t<div class=\"elementor-widget-container\">\n\t\t\t<h2 class=\"elementor-heading-title elementor-size-default\"><b>Noticias de <\/b> vida animal<\/h2>\t\t<\/div>\n\t\t\t\t<\/div>\n\t\t\t\t<section class=\"elementor-section elementor-inner-section elementor-element elementor-element-fd81cf7 elementor-section-boxed elementor-section-height-default elementor-section-height-default\" data-id=\"fd81cf7\" data-element_type=\"section\">\n\t\t\t\t\t\t<div class=\"elementor-container elementor-column-gap-default\">\n\t\t\t\t\t\t\t<div class=\"elementor-row\">\n\t\t\t\t\t<div class=\"elementor-column elementor-col-33 elementor-inner-column elementor-element elementor-element-c463e16\" data-id=\"c463e16\" data-element_type=\"column\">\n\t\t\t<div class=\"elementor-column-wrap elementor-element-populated\">\n\t\t\t\t\t\t\t<div class=\"elementor-widget-wrap\">\n\t\t\t\t\t\t<div class=\"elementor-element elementor-element-6491189 elementor-aspect-ratio-169 elementor-widget elementor-widget-video\" data-id=\"6491189\" data-element_type=\"widget\" data-settings=\"{&quot;youtube_url&quot;:&quot;https:\\\/\\\/www.youtube.com\\\/watch?v=8bXGjybZYCo&quot;,&quot;video_type&quot;:&quot;youtube&quot;,&quot;controls&quot;:&quot;yes&quot;,&quot;aspect_ratio&quot;:&quot;169&quot;}\" data-widget_type=\"video.default\">\n\t\t\t\t<div class=\"elementor-widget-container\">\n\t\t\t\t\t<div class=\"elementor-wrapper elementor-fit-aspect-ratio elementor-open-inline\">\n\t\t\t<div class=\"elementor-video\"><\/div>\t\t<\/div>\n\t\t\t\t<\/div>\n\t\t\t\t<\/div>\n\t\t\t\t\t\t<\/div>\n\t\t\t\t\t<\/div>\n\t\t<\/div>\n\t\t\t\t<div class=\"elementor-column elementor-col-33 elementor-inner-column elementor-element elementor-element-1e42893\" data-id=\"1e42893\" data-element_type=\"column\">\n\t\t\t<div class=\"elementor-column-wrap elementor-element-populated\">\n\t\t\t\t\t\t\t<div class=\"elementor-widget-wrap\">\n\t\t\t\t\t\t<div class=\"elementor-element elementor-element-bff4bc2 elementor-aspect-ratio-169 elementor-widget elementor-widget-video\" data-id=\"bff4bc2\" data-element_type=\"widget\" data-settings=\"{&quot;youtube_url&quot;:&quot;https:\\\/\\\/youtu.be\\\/DRBhRQK95gA&quot;,&quot;video_type&quot;:&quot;youtube&quot;,&quot;controls&quot;:&quot;yes&quot;,&quot;aspect_ratio&quot;:&quot;169&quot;}\" data-widget_type=\"video.default\">\n\t\t\t\t<div class=\"elementor-widget-container\">\n\t\t\t\t\t<div class=\"elementor-wrapper elementor-fit-aspect-ratio elementor-open-inline\">\n\t\t\t<div class=\"elementor-video\"><\/div>\t\t<\/div>\n\t\t\t\t<\/div>\n\t\t\t\t<\/div>\n\t\t\t\t\t\t<\/div>\n\t\t\t\t\t<\/div>\n\t\t<\/div>\n\t\t\t\t<div class=\"elementor-column elementor-col-33 elementor-inner-column elementor-element elementor-element-256df05\" data-id=\"256df05\" data-element_type=\"column\">\n\t\t\t<div class=\"elementor-column-wrap elementor-element-populated\">\n\t\t\t\t\t\t\t<div class=\"elementor-widget-wrap\">\n\t\t\t\t\t\t<div class=\"elementor-element elementor-element-6869aeb elementor-aspect-ratio-169 elementor-widget elementor-widget-video\" data-id=\"6869aeb\" data-element_type=\"widget\" data-settings=\"{&quot;youtube_url&quot;:&quot;https:\\\/\\\/youtu.be\\\/ibauV5Eb208&quot;,&quot;video_type&quot;:&quot;youtube&quot;,&quot;controls&quot;:&quot;yes&quot;,&quot;aspect_ratio&quot;:&quot;169&quot;}\" data-widget_type=\"video.default\">\n\t\t\t\t<div class=\"elementor-widget-container\">\n\t\t\t\t\t<div class=\"elementor-wrapper elementor-fit-aspect-ratio elementor-open-inline\">\n\t\t\t<div class=\"elementor-video\"><\/div>\t\t<\/div>\n\t\t\t\t<\/div>\n\t\t\t\t<\/div>\n\t\t\t\t\t\t<\/div>\n\t\t\t\t\t<\/div>\n\t\t<\/div>\n\t\t\t\t\t\t\t\t<\/div>\n\t\t\t\t\t<\/div>\n\t\t<\/section>\n\t\t\t\t\t\t<\/div>\n\t\t\t\t\t<\/div>\n\t\t<\/div>\n\t\t\t\t\t\t\t\t<\/div>\n\t\t\t\t\t<\/div>\n\t\t<\/section>\n\t\t\t\t\t\t\t\t\t<\/div>\n\t\t\t<\/div>\n\t\t\t\t\t<\/div>\n\t\t","protected":false},"excerpt":{"rendered":"<p>Protecci\u00f3n y Bienestar Animal Protecci\u00f3n y\u00a0Bienestar Animal concentrar\u00e1 la oferta de servicios institucionales en una sola unidad y su objetivos ser\u00e1n continuar con la administraci\u00f3n del programa de adopci\u00f3n de animales de compa\u00f1\u00eda (perros y &#8230;<\/p>\n","protected":false},"author":1,"featured_media":15525,"parent":14204,"menu_order":10,"comment_status":"closed","ping_status":"closed","template":"sec-medio-ambiente\/elementor.php","meta":[],"acf":[],"_links":{"self":[{"href":"https:\/\/www.medellin.gov.co\/es\/wp-json\/wp\/v2\/pages\/14208"}],"collection":[{"href":"https:\/\/www.medellin.gov.co\/es\/wp-json\/wp\/v2\/pages"}],"about":[{"href":"https:\/\/www.medellin.gov.co\/es\/wp-json\/wp\/v2\/types\/page"}],"author":[{"embeddable":true,"href":"https:\/\/www.medellin.gov.co\/es\/wp-json\/wp\/v2\/users\/1"}],"replies":[{"embeddable":true,"href":"https:\/\/www.medellin.gov.co\/es\/wp-json\/wp\/v2\/comments?post=14208"}],"version-history":[{"count":10,"href":"https:\/\/www.medellin.gov.co\/es\/wp-json\/wp\/v2\/pages\/14208\/revisions"}],"predecessor-version":[{"id":250842,"href":"https:\/\/www.medellin.gov.co\/es\/wp-json\/wp\/v2\/pages\/14208\/revisions\/250842"}],"up":[{"embeddable":true,"href":"https:\/\/www.medellin.gov.co\/es\/wp-json\/wp\/v2\/pages\/14204"}],"wp:featuredmedia":[{"embeddable":true,"href":"https:\/\/www.medellin.gov.co\/es\/wp-json\/wp\/v2\/media\/15525"}],"wp:attachment":[{"href":"https:\/\/www.medellin.gov.co\/es\/wp-json\/wp\/v2\/media?parent=14208"}],"curies":[{"name":"wp","href":"https:\/\/api.w.org\/{rel}","templated":true}]}}