{"id":142150,"date":"2022-12-19T13:57:51","date_gmt":"2022-12-19T18:57:51","guid":{"rendered":"https:\/\/www.medellin.gov.co\/es\/?page_id=142150"},"modified":"2023-03-27T10:13:02","modified_gmt":"2023-03-27T15:13:02","slug":"factores-de-riesgo-para-jovenes-de-medellin","status":"publish","type":"page","link":"https:\/\/www.medellin.gov.co\/es\/secretaria-juventud\/sistema-de-alertas-tempranas-de-medellin-satmed\/factores-de-riesgo-para-jovenes-de-medellin\/","title":{"rendered":"Factores de riesgo para j\u00f3venes de Medell\u00edn"},"content":{"rendered":"\t\t<div data-elementor-type=\"wp-page\" data-elementor-id=\"142150\" class=\"elementor elementor-142150\">\n\t\t\t\t\t\t<div class=\"elementor-inner\">\n\t\t\t\t<div class=\"elementor-section-wrap\">\n\t\t\t\t\t\t\t\t\t<section class=\"elementor-section elementor-top-section elementor-element elementor-element-29ac534 elementor-section-boxed elementor-section-height-default elementor-section-height-default\" data-id=\"29ac534\" data-element_type=\"section\">\n\t\t\t\t\t\t<div class=\"elementor-container elementor-column-gap-default\">\n\t\t\t\t\t\t\t<div class=\"elementor-row\">\n\t\t\t\t\t<div class=\"elementor-column elementor-col-100 elementor-top-column elementor-element elementor-element-60f57f8\" data-id=\"60f57f8\" data-element_type=\"column\">\n\t\t\t<div class=\"elementor-column-wrap elementor-element-populated\">\n\t\t\t\t\t\t\t<div class=\"elementor-widget-wrap\">\n\t\t\t\t\t\t<div class=\"elementor-element elementor-element-efd6a68 elementor-widget elementor-widget-heading\" data-id=\"efd6a68\" data-element_type=\"widget\" data-widget_type=\"heading.default\">\n\t\t\t\t<div class=\"elementor-widget-container\">\n\t\t\t<h1 class=\"elementor-heading-title elementor-size-default\">Factores de riesgo asociados a las problem\u00e1ticas del Salvavidas<\/h1>\t\t<\/div>\n\t\t\t\t<\/div>\n\t\t\t\t<section class=\"elementor-section elementor-inner-section elementor-element elementor-element-b210abe elementor-section-boxed elementor-section-height-default elementor-section-height-default\" data-id=\"b210abe\" data-element_type=\"section\">\n\t\t\t\t\t\t<div class=\"elementor-container elementor-column-gap-default\">\n\t\t\t\t\t\t\t<div class=\"elementor-row\">\n\t\t\t\t\t<div class=\"elementor-column elementor-col-50 elementor-inner-column elementor-element elementor-element-a133069\" data-id=\"a133069\" data-element_type=\"column\">\n\t\t\t<div class=\"elementor-column-wrap elementor-element-populated\">\n\t\t\t\t\t\t\t<div class=\"elementor-widget-wrap\">\n\t\t\t\t\t\t<div class=\"elementor-element elementor-element-267ec11 elementor-widget elementor-widget-image\" data-id=\"267ec11\" data-element_type=\"widget\" data-widget_type=\"image.default\">\n\t\t\t\t<div class=\"elementor-widget-container\">\n\t\t\t\t\t\t\t\t<div class=\"elementor-image\">\n\t\t\t\t\t\t\t\t\t\t\t\t<img width=\"1024\" height=\"768\" src=\"https:\/\/www.medellin.gov.co\/es\/wp-content\/uploads\/2022\/12\/Banner-factores-de-riesgo-1024x768.jpg\" class=\"attachment-large size-large\" alt=\"Factores de riesgo\" loading=\"lazy\" srcset=\"https:\/\/www.medellin.gov.co\/es\/wp-content\/uploads\/2022\/12\/Banner-factores-de-riesgo-1024x768.jpg 1024w, https:\/\/www.medellin.gov.co\/es\/wp-content\/uploads\/2022\/12\/Banner-factores-de-riesgo-300x225.jpg 300w, https:\/\/www.medellin.gov.co\/es\/wp-content\/uploads\/2022\/12\/Banner-factores-de-riesgo-150x112.jpg 150w, https:\/\/www.medellin.gov.co\/es\/wp-content\/uploads\/2022\/12\/Banner-factores-de-riesgo-768x576.jpg 768w, https:\/\/www.medellin.gov.co\/es\/wp-content\/uploads\/2022\/12\/Banner-factores-de-riesgo.jpg 1067w\" sizes=\"(max-width: 1024px) 100vw, 1024px\" \/>\t\t\t\t\t\t\t\t\t\t\t\t\t\t<\/div>\n\t\t\t\t\t\t<\/div>\n\t\t\t\t<\/div>\n\t\t\t\t\t\t<\/div>\n\t\t\t\t\t<\/div>\n\t\t<\/div>\n\t\t\t\t<div class=\"elementor-column elementor-col-50 elementor-inner-column elementor-element elementor-element-289b6f9\" data-id=\"289b6f9\" data-element_type=\"column\">\n\t\t\t<div class=\"elementor-column-wrap elementor-element-populated\">\n\t\t\t\t\t\t\t<div class=\"elementor-widget-wrap\">\n\t\t\t\t\t\t<div class=\"elementor-element elementor-element-43e75e6 elementor-widget elementor-widget-text-editor\" data-id=\"43e75e6\" data-element_type=\"widget\" data-widget_type=\"text-editor.default\">\n\t\t\t\t<div class=\"elementor-widget-container\">\n\t\t\t\t\t\t\t\t<div class=\"elementor-text-editor elementor-clearfix\">\n\t\t\t\t<p>Estos son los factores de riesgo asociados a las problem\u00e1ticas priorizadas por el Sistema de Alertas tempranas de Medell\u00edn Salvavidas. Si no se identifica en riesgo de una de las problem\u00e1ticas priorizadas, puede realizar la alerta por uno o varios de los factores de riesgo mencionados a continuaci\u00f3n.<\/p>\t\t\t\t\t<\/div>\n\t\t\t\t\t\t<\/div>\n\t\t\t\t<\/div>\n\t\t\t\t\t\t<\/div>\n\t\t\t\t\t<\/div>\n\t\t<\/div>\n\t\t\t\t\t\t\t\t<\/div>\n\t\t\t\t\t<\/div>\n\t\t<\/section>\n\t\t\t\t<div class=\"elementor-element elementor-element-1135ae9 elementor-widget elementor-widget-heading\" data-id=\"1135ae9\" data-element_type=\"widget\" data-widget_type=\"heading.default\">\n\t\t\t\t<div class=\"elementor-widget-container\">\n\t\t\t<h2 class=\"elementor-heading-title elementor-size-default\"><b>Reclutamiento, uso y <\/b> utilizaci\u00f3n de ni\u00f1os, ni\u00f1as y adolescentes<\/h2>\t\t<\/div>\n\t\t\t\t<\/div>\n\t\t\t\t<div class=\"elementor-element elementor-element-d9cf5ff elementor-widget elementor-widget-text-editor\" data-id=\"d9cf5ff\" data-element_type=\"widget\" data-widget_type=\"text-editor.default\">\n\t\t\t\t<div class=\"elementor-widget-container\">\n\t\t\t\t\t\t\t\t<div class=\"elementor-text-editor elementor-clearfix\">\n\t\t\t\t<ul><li>Problemas con el estado de \u00e1nimo de y salud mental.<\/li><li>Tiene problemas familiares.<\/li><li>Antecedentes de: violencia sexual, explotaci\u00f3n sexual y comercial, trabajo infantil, reclutamiento y\/o embarazo adolescente.<\/li><li>Consumo de sustancias psicoactivas problem\u00e1tico.<\/li><li>Se encuentra desescolarizado.<\/li><li>Imaginarios del dinero f\u00e1cil.<\/li><li>Tiene familiares o pares cercanos que hacen parte de grupos delincuenciales.<\/li><li>Mal uso del tiempo libre y el ocio.<\/li><li>Vive cerca o est\u00e1 expuesto a entornos donde se comercializa y se consumen sustancias psicoactivas.<\/li><li>Factores culturales y de idiosincrasia.<\/li><li>Desconfianza en la institucionalidad.<\/li><li>Se encuentra desaparecido.<\/li><li>Vive cerca a la presencia de grupos delincuenciales o est\u00e1 expuesto a las situaciones de violencia que se derivan.<\/li><\/ul>\t\t\t\t\t<\/div>\n\t\t\t\t\t\t<\/div>\n\t\t\t\t<\/div>\n\t\t\t\t<div class=\"elementor-element elementor-element-049e33e elementor-widget elementor-widget-heading\" data-id=\"049e33e\" data-element_type=\"widget\" data-widget_type=\"heading.default\">\n\t\t\t\t<div class=\"elementor-widget-container\">\n\t\t\t<h2 class=\"elementor-heading-title elementor-size-default\"><b>Explotaci\u00f3n sexual y <\/b> comercial de ni\u00f1os, ni\u00f1as y adolescentes<\/h2>\t\t<\/div>\n\t\t\t\t<\/div>\n\t\t\t\t<div class=\"elementor-element elementor-element-eccb27c elementor-widget elementor-widget-text-editor\" data-id=\"eccb27c\" data-element_type=\"widget\" data-widget_type=\"text-editor.default\">\n\t\t\t\t<div class=\"elementor-widget-container\">\n\t\t\t\t\t\t\t\t<div class=\"elementor-text-editor elementor-clearfix\">\n\t\t\t\t<ul><li>Problemas con el estado de \u00e1nimo de y salud mental.<\/li><li>Tiene problemas familiares.<\/li><li>Problemas relacionados con el acceso a internet, alta exposici\u00f3n al uso y falta de acompa\u00f1amiento.<\/li><li>Antecedentes de: violencia sexual, explotaci\u00f3n sexual y comercial, trabajo infantil, reclutamiento y\/o embarazo adolescente.<\/li><li>Imaginarios del dinero f\u00e1cil.<\/li><li>Mala situaci\u00f3n econ\u00f3mica.<\/li><li>Falta de oportunidades.<\/li><li>Mal uso del tiempo libre y el ocio.<\/li><li>Consumo de sustancias psicoactivas problem\u00e1tico.<\/li><li>Ha sido v\u00edctima de violencias basadas en g\u00e9nero.<\/li><li>Tiene familiares o pares cercanos que hacen parte de grupos delincuenciales.<\/li><\/ul>\t\t\t\t\t<\/div>\n\t\t\t\t\t\t<\/div>\n\t\t\t\t<\/div>\n\t\t\t\t<div class=\"elementor-element elementor-element-74817dd elementor-widget elementor-widget-heading\" data-id=\"74817dd\" data-element_type=\"widget\" data-widget_type=\"heading.default\">\n\t\t\t\t<div class=\"elementor-widget-container\">\n\t\t\t<h2 class=\"elementor-heading-title elementor-size-default\"><b>Violencias<\/b> sexuales<\/h2>\t\t<\/div>\n\t\t\t\t<\/div>\n\t\t\t\t<div class=\"elementor-element elementor-element-2e8db93 elementor-widget elementor-widget-text-editor\" data-id=\"2e8db93\" data-element_type=\"widget\" data-widget_type=\"text-editor.default\">\n\t\t\t\t<div class=\"elementor-widget-container\">\n\t\t\t\t\t\t\t\t<div class=\"elementor-text-editor elementor-clearfix\">\n\t\t\t\t<ul><li>Problemas con el estado de \u00e1nimo de y salud mental.<\/li><li>Tiene problemas familiares.<\/li><li>Antecedentes de: violencia sexual, explotaci\u00f3n sexual y comercial, trabajo infantil, reclutamiento y\/o embarazo adolescente.<\/li><li>Consumo de sustancias psicoactivas problem\u00e1tico.<\/li><li>Est\u00e1 siendo amenazado.<\/li><li>Se encuentra desescolarizado.<\/li><li>Desconfianza en la institucionalidad.<\/li><li>Factores culturales y de idiosincrasia.<\/li><li>Ha sido v\u00edctima de violencias basadas en g\u00e9nero.<\/li><li>Se encuentra en condici\u00f3n de discapacidad.<\/li><\/ul>\t\t\t\t\t<\/div>\n\t\t\t\t\t\t<\/div>\n\t\t\t\t<\/div>\n\t\t\t\t<div class=\"elementor-element elementor-element-4cfda7c elementor-widget elementor-widget-heading\" data-id=\"4cfda7c\" data-element_type=\"widget\" data-widget_type=\"heading.default\">\n\t\t\t\t<div class=\"elementor-widget-container\">\n\t\t\t<h2 class=\"elementor-heading-title elementor-size-default\"><b>Trabajo<\/b> infantil<\/h2>\t\t<\/div>\n\t\t\t\t<\/div>\n\t\t\t\t<div class=\"elementor-element elementor-element-d3a032e elementor-widget elementor-widget-text-editor\" data-id=\"d3a032e\" data-element_type=\"widget\" data-widget_type=\"text-editor.default\">\n\t\t\t\t<div class=\"elementor-widget-container\">\n\t\t\t\t\t\t\t\t<div class=\"elementor-text-editor elementor-clearfix\">\n\t\t\t\t<ul><li>Tiene problemas familiares<\/li><li>Antecedentes de: violencia sexual, explotaci\u00f3n sexual y comercial, trabajo infantil, reclutamiento y\/o embarazo adolescente.<\/li><li>Mala situaci\u00f3n econ\u00f3mica.<\/li><li>Factores culturales y de idiosincrasia.<\/li><li>Imaginarios del dinero f\u00e1cil.<\/li><li>Falta de oportunidades.<\/li><li>Problemas que tienen que ver con el acceso y permanencia en el sistema educativo de los ni\u00f1os, ni\u00f1as, adolescentes, j\u00f3venes.<\/li><\/ul>\t\t\t\t\t<\/div>\n\t\t\t\t\t\t<\/div>\n\t\t\t\t<\/div>\n\t\t\t\t<div class=\"elementor-element elementor-element-509f32f elementor-widget elementor-widget-heading\" data-id=\"509f32f\" data-element_type=\"widget\" data-widget_type=\"heading.default\">\n\t\t\t\t<div class=\"elementor-widget-container\">\n\t\t\t<h2 class=\"elementor-heading-title elementor-size-default\"><b>Embarazo<\/b> adolescente<\/h2>\t\t<\/div>\n\t\t\t\t<\/div>\n\t\t\t\t<div class=\"elementor-element elementor-element-8207386 elementor-widget elementor-widget-text-editor\" data-id=\"8207386\" data-element_type=\"widget\" data-widget_type=\"text-editor.default\">\n\t\t\t\t<div class=\"elementor-widget-container\">\n\t\t\t\t\t\t\t\t<div class=\"elementor-text-editor elementor-clearfix\">\n\t\t\t\t<ul><li>Problemas con el estado de \u00e1nimo de y salud mental.<\/li><li>Antecedentes de: violencia sexual, explotaci\u00f3n sexual y comercial, trabajo infantil, reclutamiento y\/o embarazo adolescente.<\/li><li>Mala situaci\u00f3n econ\u00f3mica.<\/li><li>Factores culturales y de idiosincrasia.<\/li><li>Falta de oportunidades.<\/li><li>Se encuentra desescolarizado.<\/li><li>Es gestante o tiene hijos.<\/li><li>No se ha recibido acompa\u00f1amiento en salud sexual y reproductiva.<\/li><\/ul>\t\t\t\t\t<\/div>\n\t\t\t\t\t\t<\/div>\n\t\t\t\t<\/div>\n\t\t\t\t<div class=\"elementor-element elementor-element-784eb68 elementor-widget elementor-widget-heading\" data-id=\"784eb68\" data-element_type=\"widget\" data-widget_type=\"heading.default\">\n\t\t\t\t<div class=\"elementor-widget-container\">\n\t\t\t<h2 class=\"elementor-heading-title elementor-size-default\"><b>Riesgo<\/b> de homicidio<\/h2>\t\t<\/div>\n\t\t\t\t<\/div>\n\t\t\t\t<div class=\"elementor-element elementor-element-1acf9f8 elementor-widget elementor-widget-text-editor\" data-id=\"1acf9f8\" data-element_type=\"widget\" data-widget_type=\"text-editor.default\">\n\t\t\t\t<div class=\"elementor-widget-container\">\n\t\t\t\t\t\t\t\t<div class=\"elementor-text-editor elementor-clearfix\">\n\t\t\t\t<ul><li>Problemas con el estado de \u00e1nimo de y salud mental.<\/li><li>Est\u00e1 siendo amenazado.<\/li><li>Capturas de j\u00f3venes durante y despu\u00e9s de movilizaciones sociales.<\/li><li>Est\u00e1n siendo v\u00edctimas de desplazamiento forzado.<\/li><li>Hace parte de la poblaci\u00f3n migrante y no cuenta con documentos.<\/li><li>Desconfianza en la institucionalidad.<\/li><li>Ha sido v\u00edctima de maltrato f\u00edsico o psicol\u00f3gico.<\/li><li>Factores culturales y de idiosincrasia.<\/li><li>Ha sido v\u00edctima de maltrato f\u00edsico o psicol\u00f3gico por ser parte de la poblaci\u00f3n LGTBIQ+.<\/li><\/ul>\t\t\t\t\t<\/div>\n\t\t\t\t\t\t<\/div>\n\t\t\t\t<\/div>\n\t\t\t\t<div class=\"elementor-element elementor-element-3c0ddd3 elementor-widget elementor-widget-heading\" data-id=\"3c0ddd3\" data-element_type=\"widget\" data-widget_type=\"heading.default\">\n\t\t\t\t<div class=\"elementor-widget-container\">\n\t\t\t<h2 class=\"elementor-heading-title elementor-size-default\"><b>Funciones<\/b> de la Gerencia de Diversidades Sexuales e Identidades de G\u00e9nero<\/h2>\t\t<\/div>\n\t\t\t\t<\/div>\n\t\t\t\t<div class=\"elementor-element elementor-element-ae8418f elementor-widget elementor-widget-text-editor\" data-id=\"ae8418f\" data-element_type=\"widget\" data-widget_type=\"text-editor.default\">\n\t\t\t\t<div class=\"elementor-widget-container\">\n\t\t\t\t\t\t\t\t<div class=\"elementor-text-editor elementor-clearfix\">\n\t\t\t\t<ul><li>Problemas con el estado de \u00e1nimo de y salud mental.<\/li><li>Tiene problemas familiares.<\/li><li>Est\u00e1 siendo amenazado.<\/li><li>Ha sido v\u00edctima de violencias basadas en g\u00e9nero.<\/li><li>Hace parte de la poblaci\u00f3n migrante y no cuenta con documentos<\/li><li>Factores culturales y de idiosincrasia.<\/li><li>Ha sido v\u00edctima de maltrato f\u00edsico o psicol\u00f3gico por ser parte de la poblaci\u00f3n LGTBIQ+.<\/li><\/ul>\t\t\t\t\t<\/div>\n\t\t\t\t\t\t<\/div>\n\t\t\t\t<\/div>\n\t\t\t\t<div class=\"elementor-element elementor-element-d2202cc elementor-widget elementor-widget-heading\" data-id=\"d2202cc\" data-element_type=\"widget\" data-widget_type=\"heading.default\">\n\t\t\t\t<div class=\"elementor-widget-container\">\n\t\t\t<h2 class=\"elementor-heading-title elementor-size-default\"><b>Vulneraciones a <\/b> la libertad de conciencia<\/h2>\t\t<\/div>\n\t\t\t\t<\/div>\n\t\t\t\t<div class=\"elementor-element elementor-element-fc421ce elementor-widget elementor-widget-text-editor\" data-id=\"fc421ce\" data-element_type=\"widget\" data-widget_type=\"text-editor.default\">\n\t\t\t\t<div class=\"elementor-widget-container\">\n\t\t\t\t\t\t\t\t<div class=\"elementor-text-editor elementor-clearfix\">\n\t\t\t\t<ul><li>Capturas de j\u00f3venes durante y despu\u00e9s de movilizaciones sociales.<\/li><li>Ineficacia de la garant\u00eda del derecho de objeci\u00f3n de conciencia por parte del ente reclutador.<\/li><li>Desconfianza en la institucionalidad.<\/li><li>Desconocimiento de los procedimientos legales para la objeci\u00f3n de conciencia por parte de los j\u00f3venes y sus familias.<\/li><li>Presentaci\u00f3n de batidas ilegales en espacio p\u00fablico.<\/li><\/ul>\t\t\t\t\t<\/div>\n\t\t\t\t\t\t<\/div>\n\t\t\t\t<\/div>\n\t\t\t\t<div class=\"elementor-element elementor-element-21d3a40 elementor-widget elementor-widget-heading\" data-id=\"21d3a40\" data-element_type=\"widget\" data-widget_type=\"heading.default\">\n\t\t\t\t<div class=\"elementor-widget-container\">\n\t\t\t<h2 class=\"elementor-heading-title elementor-size-default\"><b>Desnutrici\u00f3n<\/b> infantil<\/h2>\t\t<\/div>\n\t\t\t\t<\/div>\n\t\t\t\t<div class=\"elementor-element elementor-element-8aded04 elementor-widget elementor-widget-text-editor\" data-id=\"8aded04\" data-element_type=\"widget\" data-widget_type=\"text-editor.default\">\n\t\t\t\t<div class=\"elementor-widget-container\">\n\t\t\t\t\t\t\t\t<div class=\"elementor-text-editor elementor-clearfix\">\n\t\t\t\t<ul><li>Problemas con el estado de \u00e1nimo de y salud mental.<\/li><li>Tiene problemas familiares.<\/li><li>Mala situaci\u00f3n econ\u00f3mica.<\/li><li>Falta de oportunidades.<\/li><li>Consumo de sustancias psicoactivas.<\/li><li>Se encuentra desescolarizado.<\/li><li>Vive cerca o est\u00e1 expuesto a entornos donde se comercializa y se consume sustancias psicoactivas.<\/li><li>Se encuentra en riesgo de inseguridad alimentaria.<\/li><\/ul>\t\t\t\t\t<\/div>\n\t\t\t\t\t\t<\/div>\n\t\t\t\t<\/div>\n\t\t\t\t<div class=\"elementor-element elementor-element-48f648c elementor-widget elementor-widget-heading\" data-id=\"48f648c\" data-element_type=\"widget\" data-widget_type=\"heading.default\">\n\t\t\t\t<div class=\"elementor-widget-container\">\n\t\t\t<h2 class=\"elementor-heading-title elementor-size-default\"><b>Riesgo<\/b> de suicidio<\/h2>\t\t<\/div>\n\t\t\t\t<\/div>\n\t\t\t\t<div class=\"elementor-element elementor-element-4dbda18 elementor-widget elementor-widget-text-editor\" data-id=\"4dbda18\" data-element_type=\"widget\" data-widget_type=\"text-editor.default\">\n\t\t\t\t<div class=\"elementor-widget-container\">\n\t\t\t\t\t\t\t\t<div class=\"elementor-text-editor elementor-clearfix\">\n\t\t\t\t<ul><li>Problemas con el estado de \u00e1nimo de y salud mental.<\/li><li>Tiene problemas familiares.<\/li><li>Antecedentes de: violencia sexual, explotaci\u00f3n sexual y comercial, trabajo infantil, reclutamiento y\/o embarazo adolescente.<\/li><li>Mala situaci\u00f3n econ\u00f3mica.<\/li><li>Falta de oportunidades.<\/li><li>Consumo de sustancias psicoactivas problem\u00e1tico.<\/li><li>Est\u00e1 siendo amenazado.<\/li><li>Se encuentra desescolarizado.<\/li><li>Problema del acceso y permanencia en el sistema de salud.<\/li><li>Desconfianza en la institucionalidad.<\/li><li>Es gestante o tiene hijos.<\/li><li>Tiene antecedentes de comportamiento suicida.<\/li><li>Tiene antecedentes de autolesi\u00f3n (cutting).<\/li><li>Tiene antecedentes relacionados con trastorno de la conducta y\/o salud mental.<\/li><li>Se encuentra atravesando proceso de duelo por muerte o separaci\u00f3n.<\/li><\/ul>\t\t\t\t\t<\/div>\n\t\t\t\t\t\t<\/div>\n\t\t\t\t<\/div>\n\t\t\t\t\t\t<\/div>\n\t\t\t\t\t<\/div>\n\t\t<\/div>\n\t\t\t\t\t\t\t\t<\/div>\n\t\t\t\t\t<\/div>\n\t\t<\/section>\n\t\t\t\t\t\t\t\t\t<\/div>\n\t\t\t<\/div>\n\t\t\t\t\t<\/div>\n\t\t","protected":false},"excerpt":{"rendered":"<p>Factores de riesgo asociados a las problem\u00e1ticas del Salvavidas Estos son los factores de riesgo asociados a las problem\u00e1ticas priorizadas por el Sistema de Alertas tempranas de Medell\u00edn Salvavidas. Si no se identifica en riesgo &#8230;<\/p>\n","protected":false},"author":31,"featured_media":0,"parent":125063,"menu_order":0,"comment_status":"closed","ping_status":"closed","template":"sec-juventud\/elementor.php","meta":[],"acf":[],"_links":{"self":[{"href":"https:\/\/www.medellin.gov.co\/es\/wp-json\/wp\/v2\/pages\/142150"}],"collection":[{"href":"https:\/\/www.medellin.gov.co\/es\/wp-json\/wp\/v2\/pages"}],"about":[{"href":"https:\/\/www.medellin.gov.co\/es\/wp-json\/wp\/v2\/types\/page"}],"author":[{"embeddable":true,"href":"https:\/\/www.medellin.gov.co\/es\/wp-json\/wp\/v2\/users\/31"}],"replies":[{"embeddable":true,"href":"https:\/\/www.medellin.gov.co\/es\/wp-json\/wp\/v2\/comments?post=142150"}],"version-history":[{"count":10,"href":"https:\/\/www.medellin.gov.co\/es\/wp-json\/wp\/v2\/pages\/142150\/revisions"}],"predecessor-version":[{"id":172434,"href":"https:\/\/www.medellin.gov.co\/es\/wp-json\/wp\/v2\/pages\/142150\/revisions\/172434"}],"up":[{"embeddable":true,"href":"https:\/\/www.medellin.gov.co\/es\/wp-json\/wp\/v2\/pages\/125063"}],"wp:attachment":[{"href":"https:\/\/www.medellin.gov.co\/es\/wp-json\/wp\/v2\/media?parent=142150"}],"curies":[{"name":"wp","href":"https:\/\/api.w.org\/{rel}","templated":true}]}}