{"id":14217,"date":"2021-09-14T20:07:08","date_gmt":"2021-09-15T01:07:08","guid":{"rendered":"https:\/\/www.medellin.gov.co\/es\/?page_id=14217"},"modified":"2022-05-30T22:15:29","modified_gmt":"2022-05-31T03:15:29","slug":"sistema-de-arbol-urbano","status":"publish","type":"page","link":"https:\/\/www.medellin.gov.co\/es\/secretaria-medio-ambiente\/medellin-biodiversa\/sistema-de-arbol-urbano\/","title":{"rendered":"Sistema de \u00c1rbol Urbano (SAU)"},"content":{"rendered":"\t\t<div data-elementor-type=\"wp-page\" data-elementor-id=\"14217\" class=\"elementor elementor-14217\">\n\t\t\t\t\t\t<div class=\"elementor-inner\">\n\t\t\t\t<div class=\"elementor-section-wrap\">\n\t\t\t\t\t\t\t\t\t<section class=\"elementor-section elementor-top-section elementor-element elementor-element-304bfa27 elementor-section-boxed elementor-section-height-default elementor-section-height-default\" data-id=\"304bfa27\" data-element_type=\"section\">\n\t\t\t\t\t\t<div class=\"elementor-container elementor-column-gap-default\">\n\t\t\t\t\t\t\t<div class=\"elementor-row\">\n\t\t\t\t\t<div class=\"elementor-column elementor-col-100 elementor-top-column elementor-element elementor-element-720884b2\" data-id=\"720884b2\" data-element_type=\"column\">\n\t\t\t<div class=\"elementor-column-wrap elementor-element-populated\">\n\t\t\t\t\t\t\t<div class=\"elementor-widget-wrap\">\n\t\t\t\t\t\t<div class=\"elementor-element elementor-element-7350ee2a elementor-widget elementor-widget-heading\" data-id=\"7350ee2a\" data-element_type=\"widget\" data-widget_type=\"heading.default\">\n\t\t\t\t<div class=\"elementor-widget-container\">\n\t\t\t<h1 class=\"elementor-heading-title elementor-size-default\">Sistema de \u00c1rbol Urbano (SAU)<\/h1>\t\t<\/div>\n\t\t\t\t<\/div>\n\t\t\t\t<div class=\"elementor-element elementor-element-0e4afc2 elementor-widget elementor-widget-image\" data-id=\"0e4afc2\" data-element_type=\"widget\" data-widget_type=\"image.default\">\n\t\t\t\t<div class=\"elementor-widget-container\">\n\t\t\t\t\t\t\t\t<div class=\"elementor-image\">\n\t\t\t\t\t\t\t\t\t\t\t\t<img width=\"1024\" height=\"680\" src=\"https:\/\/www.medellin.gov.co\/es\/wp-content\/uploads\/2021\/09\/sistema-de-arbol-urbano.jpg\" class=\"attachment-full size-full\" alt=\"\u00c1rbol del Jard\u00edn Bot\u00e1nico\" loading=\"lazy\" srcset=\"https:\/\/www.medellin.gov.co\/es\/wp-content\/uploads\/2021\/09\/sistema-de-arbol-urbano.jpg 1024w, https:\/\/www.medellin.gov.co\/es\/wp-content\/uploads\/2021\/09\/sistema-de-arbol-urbano-300x199.jpg 300w, https:\/\/www.medellin.gov.co\/es\/wp-content\/uploads\/2021\/09\/sistema-de-arbol-urbano-150x100.jpg 150w, https:\/\/www.medellin.gov.co\/es\/wp-content\/uploads\/2021\/09\/sistema-de-arbol-urbano-768x510.jpg 768w\" sizes=\"(max-width: 1024px) 100vw, 1024px\" \/>\t\t\t\t\t\t\t\t\t\t\t\t\t\t<\/div>\n\t\t\t\t\t\t<\/div>\n\t\t\t\t<\/div>\n\t\t\t\t<div class=\"elementor-element elementor-element-e4f1467 elementor-widget elementor-widget-text-editor\" data-id=\"e4f1467\" data-element_type=\"widget\" data-widget_type=\"text-editor.default\">\n\t\t\t\t<div class=\"elementor-widget-container\">\n\t\t\t\t\t\t\t\t<div class=\"elementor-text-editor elementor-clearfix\">\n\t\t\t\t<p>El Sistema de \u00c1rbol Urbano es un aplicativo web interactivo que permite el ingreso, la consulta y el an\u00e1lisis de todas las intervenciones arb\u00f3reas en zona urbana y rural.<\/p><p>Este proyecto fue inicialmente desarrollado en el a\u00f1o 2010 por la Alcald\u00eda de Medell\u00edn, en cabeza de la Secretar\u00eda de Medio Ambiente. Para el a\u00f1o 2019, el aplicativo se convierte en propiedad compartida entre el Municipio de Medell\u00edn y el \u00c1rea Metropolitana, con el fin de fortalecerlo e implementarlo a nivel regional. A la fecha, ya cuenta con su tercera versi\u00f3n.<\/p><p>Adem\u00e1s de acceder a la \u201choja de vida\u201d de cada \u00e1rbol, es posible realizar consultas a intervenciones en siembras, mantenimientos, trasplantes, podas y talas. La informaci\u00f3n all\u00ed registrada puede ser visualizada e investigada por el ciudadano desde cualquier lugar.<\/p>\t\t\t\t\t<\/div>\n\t\t\t\t\t\t<\/div>\n\t\t\t\t<\/div>\n\t\t\t\t<div class=\"elementor-element elementor-element-fbbb4ab elementor-aspect-ratio-169 elementor-widget elementor-widget-video\" data-id=\"fbbb4ab\" data-element_type=\"widget\" data-settings=\"{&quot;youtube_url&quot;:&quot;https:\\\/\\\/youtu.be\\\/6DipeENq5pw&quot;,&quot;video_type&quot;:&quot;youtube&quot;,&quot;controls&quot;:&quot;yes&quot;,&quot;aspect_ratio&quot;:&quot;169&quot;}\" data-widget_type=\"video.default\">\n\t\t\t\t<div class=\"elementor-widget-container\">\n\t\t\t\t\t<div class=\"elementor-wrapper elementor-fit-aspect-ratio elementor-open-inline\">\n\t\t\t<div class=\"elementor-video\"><\/div>\t\t<\/div>\n\t\t\t\t<\/div>\n\t\t\t\t<\/div>\n\t\t\t\t<section class=\"elementor-section elementor-inner-section elementor-element elementor-element-c856e07 elementor-section-boxed elementor-section-height-default elementor-section-height-default\" data-id=\"c856e07\" data-element_type=\"section\">\n\t\t\t\t\t\t<div class=\"elementor-container elementor-column-gap-default\">\n\t\t\t\t\t\t\t<div class=\"elementor-row\">\n\t\t\t\t\t<div class=\"elementor-column elementor-col-50 elementor-inner-column elementor-element elementor-element-59fa7b1\" data-id=\"59fa7b1\" data-element_type=\"column\" data-settings=\"{&quot;background_background&quot;:&quot;classic&quot;}\">\n\t\t\t<div class=\"elementor-column-wrap elementor-element-populated\">\n\t\t\t\t\t\t\t<div class=\"elementor-widget-wrap\">\n\t\t\t\t\t\t<div class=\"elementor-element elementor-element-e225231 elementor-widget elementor-widget-heading\" data-id=\"e225231\" data-element_type=\"widget\" data-widget_type=\"heading.default\">\n\t\t\t\t<div class=\"elementor-widget-container\">\n\t\t\t<h2 class=\"elementor-heading-title elementor-size-default\"><a href=\"\/es\/wp-content\/uploads\/2021\/09\/Arboles-Nativos-y-Ciudad-Libro.pdf\" target=\"_blank\">Conoce el libro \u00c1rboles Nativos y Ciudad<\/a><\/h2>\t\t<\/div>\n\t\t\t\t<\/div>\n\t\t\t\t\t\t<\/div>\n\t\t\t\t\t<\/div>\n\t\t<\/div>\n\t\t\t\t<div class=\"elementor-column elementor-col-50 elementor-inner-column elementor-element elementor-element-cf660f7\" data-id=\"cf660f7\" data-element_type=\"column\" data-settings=\"{&quot;background_background&quot;:&quot;classic&quot;}\">\n\t\t\t<div class=\"elementor-column-wrap elementor-element-populated\">\n\t\t\t\t\t\t\t<div class=\"elementor-widget-wrap\">\n\t\t\t\t\t\t<div class=\"elementor-element elementor-element-8b7982b elementor-widget elementor-widget-heading\" data-id=\"8b7982b\" data-element_type=\"widget\" data-widget_type=\"heading.default\">\n\t\t\t\t<div class=\"elementor-widget-container\">\n\t\t\t<h2 class=\"elementor-heading-title elementor-size-default\"><a href=\"https:\/\/www.medellin.gov.co\/sau\/\" target=\"_blank\">Conoce el aplicativo<\/a><\/h2>\t\t<\/div>\n\t\t\t\t<\/div>\n\t\t\t\t\t\t<\/div>\n\t\t\t\t\t<\/div>\n\t\t<\/div>\n\t\t\t\t\t\t\t\t<\/div>\n\t\t\t\t\t<\/div>\n\t\t<\/section>\n\t\t\t\t\t\t<\/div>\n\t\t\t\t\t<\/div>\n\t\t<\/div>\n\t\t\t\t\t\t\t\t<\/div>\n\t\t\t\t\t<\/div>\n\t\t<\/section>\n\t\t\t\t\t\t\t\t\t<\/div>\n\t\t\t<\/div>\n\t\t\t\t\t<\/div>\n\t\t","protected":false},"excerpt":{"rendered":"<p>Sistema de \u00c1rbol Urbano (SAU) El Sistema de \u00c1rbol Urbano es un aplicativo web interactivo que permite el ingreso, la consulta y el an\u00e1lisis de todas las intervenciones arb\u00f3reas en zona urbana y rural. Este &#8230;<\/p>\n","protected":false},"author":1,"featured_media":15525,"parent":14214,"menu_order":5,"comment_status":"closed","ping_status":"closed","template":"sec-medio-ambiente\/elementor.php","meta":[],"acf":[],"_links":{"self":[{"href":"https:\/\/www.medellin.gov.co\/es\/wp-json\/wp\/v2\/pages\/14217"}],"collection":[{"href":"https:\/\/www.medellin.gov.co\/es\/wp-json\/wp\/v2\/pages"}],"about":[{"href":"https:\/\/www.medellin.gov.co\/es\/wp-json\/wp\/v2\/types\/page"}],"author":[{"embeddable":true,"href":"https:\/\/www.medellin.gov.co\/es\/wp-json\/wp\/v2\/users\/1"}],"replies":[{"embeddable":true,"href":"https:\/\/www.medellin.gov.co\/es\/wp-json\/wp\/v2\/comments?post=14217"}],"version-history":[{"count":21,"href":"https:\/\/www.medellin.gov.co\/es\/wp-json\/wp\/v2\/pages\/14217\/revisions"}],"predecessor-version":[{"id":64810,"href":"https:\/\/www.medellin.gov.co\/es\/wp-json\/wp\/v2\/pages\/14217\/revisions\/64810"}],"up":[{"embeddable":true,"href":"https:\/\/www.medellin.gov.co\/es\/wp-json\/wp\/v2\/pages\/14214"}],"wp:featuredmedia":[{"embeddable":true,"href":"https:\/\/www.medellin.gov.co\/es\/wp-json\/wp\/v2\/media\/15525"}],"wp:attachment":[{"href":"https:\/\/www.medellin.gov.co\/es\/wp-json\/wp\/v2\/media?parent=14217"}],"curies":[{"name":"wp","href":"https:\/\/api.w.org\/{rel}","templated":true}]}}