{"id":142462,"date":"2022-12-20T11:52:10","date_gmt":"2022-12-20T16:52:10","guid":{"rendered":"https:\/\/www.medellin.gov.co\/es\/?page_id=142462"},"modified":"2022-12-29T09:41:52","modified_gmt":"2022-12-29T14:41:52","slug":"primer-encuentro-interred-tiempos-de-imaginar","status":"publish","type":"page","link":"https:\/\/www.medellin.gov.co\/es\/secretaria-cultura-ciudadana\/red-de-practicas-artisticas-y-culturales\/primer-encuentro-interred-tiempos-de-imaginar\/","title":{"rendered":"Primer encuentro interred Tiempos de imaginar"},"content":{"rendered":"\t\t<div data-elementor-type=\"wp-page\" data-elementor-id=\"142462\" class=\"elementor elementor-142462\">\n\t\t\t\t\t\t<div class=\"elementor-inner\">\n\t\t\t\t<div class=\"elementor-section-wrap\">\n\t\t\t\t\t\t\t\t\t<section class=\"elementor-section elementor-top-section elementor-element elementor-element-09c6904 elementor-section-boxed elementor-section-height-default elementor-section-height-default\" data-id=\"09c6904\" data-element_type=\"section\">\n\t\t\t\t\t\t<div class=\"elementor-container elementor-column-gap-default\">\n\t\t\t\t\t\t\t<div class=\"elementor-row\">\n\t\t\t\t\t<div class=\"elementor-column elementor-col-100 elementor-top-column elementor-element elementor-element-862949d\" data-id=\"862949d\" data-element_type=\"column\">\n\t\t\t<div class=\"elementor-column-wrap elementor-element-populated\">\n\t\t\t\t\t\t\t<div class=\"elementor-widget-wrap\">\n\t\t\t\t\t\t<div class=\"elementor-element elementor-element-9d9c247 elementor-widget elementor-widget-heading\" data-id=\"9d9c247\" data-element_type=\"widget\" data-widget_type=\"heading.default\">\n\t\t\t\t<div class=\"elementor-widget-container\">\n\t\t\t<h1 class=\"elementor-heading-title elementor-size-default\">Tiempos de imaginar<\/h1>\t\t<\/div>\n\t\t\t\t<\/div>\n\t\t\t\t<div class=\"elementor-element elementor-element-510b98c elementor-widget elementor-widget-text-editor\" data-id=\"510b98c\" data-element_type=\"widget\" data-widget_type=\"text-editor.default\">\n\t\t\t\t<div class=\"elementor-widget-container\">\n\t\t\t\t\t\t\t\t<div class=\"elementor-text-editor elementor-clearfix\">\n\t\t\t\t<p><span style=\"font-weight: 400\">El lunes, 5 de diciembre de 2022, en el Teatro Universidad de Medell\u00edn, la Red de Pr\u00e1cticas Art\u00edsticas y Culturales vivi\u00f3 su primer encuentro interred \u201cTiempos de imaginar\u201d, un escenario que reuni\u00f3 a sus 6 procesos formativos con 175 ni\u00f1os, ni\u00f1as y j\u00f3venes que a trav\u00e9s de la m\u00fasica, danza, artes pl\u00e1sticas, creaci\u00f3n audiovisual, teatro y primera infancia, presentaron sus aprendizajes en la Red.<\/span><\/p>\t\t\t\t\t<\/div>\n\t\t\t\t\t\t<\/div>\n\t\t\t\t<\/div>\n\t\t\t\t\t\t<\/div>\n\t\t\t\t\t<\/div>\n\t\t<\/div>\n\t\t\t\t\t\t\t\t<\/div>\n\t\t\t\t\t<\/div>\n\t\t<\/section>\n\t\t\t\t<section class=\"elementor-section elementor-top-section elementor-element elementor-element-08ed539 elementor-section-boxed elementor-section-height-default elementor-section-height-default\" data-id=\"08ed539\" data-element_type=\"section\">\n\t\t\t\t\t\t<div class=\"elementor-container elementor-column-gap-default\">\n\t\t\t\t\t\t\t<div class=\"elementor-row\">\n\t\t\t\t\t<div class=\"elementor-column elementor-col-100 elementor-top-column elementor-element elementor-element-317d09c\" data-id=\"317d09c\" data-element_type=\"column\">\n\t\t\t<div class=\"elementor-column-wrap elementor-element-populated\">\n\t\t\t\t\t\t\t<div class=\"elementor-widget-wrap\">\n\t\t\t\t\t\t<div class=\"elementor-element elementor-element-227f387 elementor-widget elementor-widget-heading\" data-id=\"227f387\" data-element_type=\"widget\" data-widget_type=\"heading.default\">\n\t\t\t\t<div class=\"elementor-widget-container\">\n\t\t\t<h2 class=\"elementor-heading-title elementor-size-default\"><b>Con 1.131 asistentes,<\/b> la Red de Pr\u00e1cticas Art\u00edsticas y Culturales present\u00f3 su primer encuentro interred \u201cTiempos de imaginar\u201d\n<\/h2>\t\t<\/div>\n\t\t\t\t<\/div>\n\t\t\t\t<section class=\"elementor-section elementor-inner-section elementor-element elementor-element-470b9c6 elementor-section-boxed elementor-section-height-default elementor-section-height-default\" data-id=\"470b9c6\" data-element_type=\"section\">\n\t\t\t\t\t\t<div class=\"elementor-container elementor-column-gap-default\">\n\t\t\t\t\t\t\t<div class=\"elementor-row\">\n\t\t\t\t\t<div class=\"elementor-column elementor-col-50 elementor-inner-column elementor-element elementor-element-be73463\" data-id=\"be73463\" data-element_type=\"column\">\n\t\t\t<div class=\"elementor-column-wrap elementor-element-populated\">\n\t\t\t\t\t\t\t<div class=\"elementor-widget-wrap\">\n\t\t\t\t\t\t<div class=\"elementor-element elementor-element-e27e8c2 elementor-widget elementor-widget-image\" data-id=\"e27e8c2\" data-element_type=\"widget\" data-widget_type=\"image.default\">\n\t\t\t\t<div class=\"elementor-widget-container\">\n\t\t\t\t\t\t\t\t<div class=\"elementor-image\">\n\t\t\t\t\t\t\t\t\t\t\t\t<img width=\"1079\" height=\"571\" src=\"https:\/\/www.medellin.gov.co\/es\/wp-content\/uploads\/2022\/12\/Tiempos-de-imaginar-Danza.jpeg\" class=\"attachment-1536x1536 size-1536x1536\" alt=\"Tiempos de imaginar - Danza\" loading=\"lazy\" srcset=\"https:\/\/www.medellin.gov.co\/es\/wp-content\/uploads\/2022\/12\/Tiempos-de-imaginar-Danza.jpeg 1079w, https:\/\/www.medellin.gov.co\/es\/wp-content\/uploads\/2022\/12\/Tiempos-de-imaginar-Danza-300x159.jpeg 300w, https:\/\/www.medellin.gov.co\/es\/wp-content\/uploads\/2022\/12\/Tiempos-de-imaginar-Danza-1024x542.jpeg 1024w, https:\/\/www.medellin.gov.co\/es\/wp-content\/uploads\/2022\/12\/Tiempos-de-imaginar-Danza-150x79.jpeg 150w, https:\/\/www.medellin.gov.co\/es\/wp-content\/uploads\/2022\/12\/Tiempos-de-imaginar-Danza-768x406.jpeg 768w\" sizes=\"(max-width: 1079px) 100vw, 1079px\" \/>\t\t\t\t\t\t\t\t\t\t\t\t\t\t<\/div>\n\t\t\t\t\t\t<\/div>\n\t\t\t\t<\/div>\n\t\t\t\t\t\t<\/div>\n\t\t\t\t\t<\/div>\n\t\t<\/div>\n\t\t\t\t<div class=\"elementor-column elementor-col-50 elementor-inner-column elementor-element elementor-element-fbdac28\" data-id=\"fbdac28\" data-element_type=\"column\">\n\t\t\t<div class=\"elementor-column-wrap elementor-element-populated\">\n\t\t\t\t\t\t\t<div class=\"elementor-widget-wrap\">\n\t\t\t\t\t\t<div class=\"elementor-element elementor-element-8fdd40d elementor-widget elementor-widget-text-editor\" data-id=\"8fdd40d\" data-element_type=\"widget\" data-widget_type=\"text-editor.default\">\n\t\t\t\t<div class=\"elementor-widget-container\">\n\t\t\t\t\t\t\t\t<div class=\"elementor-text-editor elementor-clearfix\">\n\t\t\t\t<p><span style=\"font-weight: 400\">El evento visibiliz\u00f3 los procesos con diferentes entidades del sector cultural, entre ellas la Corporaci\u00f3n Matices, de la Red de Danzas; la Corporaci\u00f3n Renovaci\u00f3n, con su componente de Neurodiversidad, de la Red de Creaci\u00f3n Esc\u00e9nica; la Banda Sinf\u00f3nica Juvenil de la Red de M\u00fasicas; la corporaci\u00f3n De Ambulantes de la Red de Artes Pl\u00e1sticas; los \u00e9nfasis de Ficci\u00f3n y Documental de la Red de Audiovisuales; y un grupo de primera infancia de la Red de Iniciaci\u00f3n Art\u00edstica.<\/span><\/p>\t\t\t\t\t<\/div>\n\t\t\t\t\t\t<\/div>\n\t\t\t\t<\/div>\n\t\t\t\t\t\t<\/div>\n\t\t\t\t\t<\/div>\n\t\t<\/div>\n\t\t\t\t\t\t\t\t<\/div>\n\t\t\t\t\t<\/div>\n\t\t<\/section>\n\t\t\t\t<section class=\"elementor-section elementor-inner-section elementor-element elementor-element-40a7cce elementor-section-boxed elementor-section-height-default elementor-section-height-default\" data-id=\"40a7cce\" data-element_type=\"section\">\n\t\t\t\t\t\t<div class=\"elementor-container elementor-column-gap-default\">\n\t\t\t\t\t\t\t<div class=\"elementor-row\">\n\t\t\t\t\t<div class=\"elementor-column elementor-col-50 elementor-inner-column elementor-element elementor-element-1886a26\" data-id=\"1886a26\" data-element_type=\"column\">\n\t\t\t<div class=\"elementor-column-wrap elementor-element-populated\">\n\t\t\t\t\t\t\t<div class=\"elementor-widget-wrap\">\n\t\t\t\t\t\t<div class=\"elementor-element elementor-element-88e6a40 elementor-widget elementor-widget-image\" data-id=\"88e6a40\" data-element_type=\"widget\" data-widget_type=\"image.default\">\n\t\t\t\t<div class=\"elementor-widget-container\">\n\t\t\t\t\t\t\t\t<div class=\"elementor-image\">\n\t\t\t\t\t\t\t\t\t\t\t\t<img width=\"1024\" height=\"547\" src=\"https:\/\/www.medellin.gov.co\/es\/wp-content\/uploads\/2022\/12\/Tiempos-de-imaginar-musica-1024x547.jpeg\" class=\"attachment-large size-large\" alt=\"Tiempos de imaginar - m\u00fasica\" loading=\"lazy\" srcset=\"https:\/\/www.medellin.gov.co\/es\/wp-content\/uploads\/2022\/12\/Tiempos-de-imaginar-musica-1024x547.jpeg 1024w, https:\/\/www.medellin.gov.co\/es\/wp-content\/uploads\/2022\/12\/Tiempos-de-imaginar-musica-300x160.jpeg 300w, https:\/\/www.medellin.gov.co\/es\/wp-content\/uploads\/2022\/12\/Tiempos-de-imaginar-musica-150x80.jpeg 150w, https:\/\/www.medellin.gov.co\/es\/wp-content\/uploads\/2022\/12\/Tiempos-de-imaginar-musica-768x410.jpeg 768w, https:\/\/www.medellin.gov.co\/es\/wp-content\/uploads\/2022\/12\/Tiempos-de-imaginar-musica.jpeg 1080w\" sizes=\"(max-width: 1024px) 100vw, 1024px\" \/>\t\t\t\t\t\t\t\t\t\t\t\t\t\t<\/div>\n\t\t\t\t\t\t<\/div>\n\t\t\t\t<\/div>\n\t\t\t\t\t\t<\/div>\n\t\t\t\t\t<\/div>\n\t\t<\/div>\n\t\t\t\t<div class=\"elementor-column elementor-col-50 elementor-inner-column elementor-element elementor-element-9564529\" data-id=\"9564529\" data-element_type=\"column\">\n\t\t\t<div class=\"elementor-column-wrap elementor-element-populated\">\n\t\t\t\t\t\t\t<div class=\"elementor-widget-wrap\">\n\t\t\t\t\t\t<div class=\"elementor-element elementor-element-22dfd68 elementor-widget elementor-widget-text-editor\" data-id=\"22dfd68\" data-element_type=\"widget\" data-widget_type=\"text-editor.default\">\n\t\t\t\t<div class=\"elementor-widget-container\">\n\t\t\t\t\t\t\t\t<div class=\"elementor-text-editor elementor-clearfix\">\n\t\t\t\t<p><span style=\"font-weight: 400\">El show principal fue el reflejo de una Medell\u00edn que desde sus comunas y corregimientos ha tejido lazos sociales y culturales a trav\u00e9s de diversos procesos de exploraci\u00f3n con los que ni\u00f1os, ni\u00f1as, j\u00f3venes y adultos construyen identidades, transforman sus concepciones del mundo y disfrutan de un espacio pedag\u00f3gico, diverso y creativo.\u00a0<\/span><\/p><p><span style=\"font-weight: 400\">\u201cTiempos de Imaginar\u201d es un escenario com\u00fan para reflejar los aprendizajes de los 22 649 ni\u00f1os, ni\u00f1as y j\u00f3venes que participaron del programa en el 2022. Asimismo, este a\u00f1o la Red tuvo una inversi\u00f3n de $13.021 millones en la formaci\u00f3n de nuevas ciudadan\u00edas a trav\u00e9s del arte y la cultura, que se expres\u00f3 en 117 laboratorios de exploraci\u00f3n, 27 Escuelas de M\u00fasica, 11 Agrupaciones Integradas y 333 artistas formadores de la ciudad.<\/span><\/p>\t\t\t\t\t<\/div>\n\t\t\t\t\t\t<\/div>\n\t\t\t\t<\/div>\n\t\t\t\t\t\t<\/div>\n\t\t\t\t\t<\/div>\n\t\t<\/div>\n\t\t\t\t\t\t\t\t<\/div>\n\t\t\t\t\t<\/div>\n\t\t<\/section>\n\t\t\t\t<section class=\"elementor-section elementor-inner-section elementor-element elementor-element-45f5449 elementor-section-boxed elementor-section-height-default elementor-section-height-default\" data-id=\"45f5449\" data-element_type=\"section\">\n\t\t\t\t\t\t<div class=\"elementor-container elementor-column-gap-default\">\n\t\t\t\t\t\t\t<div class=\"elementor-row\">\n\t\t\t\t\t<div class=\"elementor-column elementor-col-100 elementor-inner-column elementor-element elementor-element-9128153\" data-id=\"9128153\" data-element_type=\"column\">\n\t\t\t<div class=\"elementor-column-wrap elementor-element-populated\">\n\t\t\t\t\t\t\t<div class=\"elementor-widget-wrap\">\n\t\t\t\t\t\t<div class=\"elementor-element elementor-element-2a27aff elementor-aspect-ratio-169 elementor-widget elementor-widget-video\" data-id=\"2a27aff\" data-element_type=\"widget\" data-settings=\"{&quot;youtube_url&quot;:&quot;https:\\\/\\\/www.youtube.com\\\/watch?v=hvskR111gZY&quot;,&quot;video_type&quot;:&quot;youtube&quot;,&quot;controls&quot;:&quot;yes&quot;,&quot;aspect_ratio&quot;:&quot;169&quot;}\" data-widget_type=\"video.default\">\n\t\t\t\t<div class=\"elementor-widget-container\">\n\t\t\t\t\t<div class=\"elementor-wrapper elementor-fit-aspect-ratio elementor-open-inline\">\n\t\t\t<div class=\"elementor-video\"><\/div>\t\t<\/div>\n\t\t\t\t<\/div>\n\t\t\t\t<\/div>\n\t\t\t\t\t\t<\/div>\n\t\t\t\t\t<\/div>\n\t\t<\/div>\n\t\t\t\t\t\t\t\t<\/div>\n\t\t\t\t\t<\/div>\n\t\t<\/section>\n\t\t\t\t\t\t<\/div>\n\t\t\t\t\t<\/div>\n\t\t<\/div>\n\t\t\t\t\t\t\t\t<\/div>\n\t\t\t\t\t<\/div>\n\t\t<\/section>\n\t\t\t\t\t\t\t\t\t<\/div>\n\t\t\t<\/div>\n\t\t\t\t\t<\/div>\n\t\t","protected":false},"excerpt":{"rendered":"<p>Tiempos de imaginar El lunes, 5 de diciembre de 2022, en el Teatro Universidad de Medell\u00edn, la Red de Pr\u00e1cticas Art\u00edsticas y Culturales vivi\u00f3 su primer encuentro interred \u201cTiempos de imaginar\u201d, un escenario que reuni\u00f3 &#8230;<\/p>\n","protected":false},"author":17,"featured_media":139882,"parent":125836,"menu_order":0,"comment_status":"closed","ping_status":"closed","template":"sec-cultura\/elementor.php","meta":[],"acf":[],"_links":{"self":[{"href":"https:\/\/www.medellin.gov.co\/es\/wp-json\/wp\/v2\/pages\/142462"}],"collection":[{"href":"https:\/\/www.medellin.gov.co\/es\/wp-json\/wp\/v2\/pages"}],"about":[{"href":"https:\/\/www.medellin.gov.co\/es\/wp-json\/wp\/v2\/types\/page"}],"author":[{"embeddable":true,"href":"https:\/\/www.medellin.gov.co\/es\/wp-json\/wp\/v2\/users\/17"}],"replies":[{"embeddable":true,"href":"https:\/\/www.medellin.gov.co\/es\/wp-json\/wp\/v2\/comments?post=142462"}],"version-history":[{"count":11,"href":"https:\/\/www.medellin.gov.co\/es\/wp-json\/wp\/v2\/pages\/142462\/revisions"}],"predecessor-version":[{"id":281475,"href":"https:\/\/www.medellin.gov.co\/es\/wp-json\/wp\/v2\/pages\/142462\/revisions\/281475"}],"up":[{"embeddable":true,"href":"https:\/\/www.medellin.gov.co\/es\/wp-json\/wp\/v2\/pages\/125836"}],"wp:featuredmedia":[{"embeddable":true,"href":"https:\/\/www.medellin.gov.co\/es\/wp-json\/wp\/v2\/media\/139882"}],"wp:attachment":[{"href":"https:\/\/www.medellin.gov.co\/es\/wp-json\/wp\/v2\/media?parent=142462"}],"curies":[{"name":"wp","href":"https:\/\/api.w.org\/{rel}","templated":true}]}}