{"id":14255,"date":"2021-09-14T20:17:24","date_gmt":"2021-09-15T01:17:24","guid":{"rendered":"https:\/\/www.medellin.gov.co\/es\/?page_id=14255"},"modified":"2022-03-16T16:26:19","modified_gmt":"2022-03-16T21:26:19","slug":"manejo-de-residuos-solidos-en-medellin","status":"publish","type":"page","link":"https:\/\/www.medellin.gov.co\/es\/secretaria-medio-ambiente\/manejo-de-residuos-solidos-en-medellin\/","title":{"rendered":"Manejo de residuos s\u00f3lidos en Medell\u00edn"},"content":{"rendered":"\t\t<div data-elementor-type=\"wp-page\" data-elementor-id=\"14255\" class=\"elementor elementor-14255\">\n\t\t\t\t\t\t<div class=\"elementor-inner\">\n\t\t\t\t<div class=\"elementor-section-wrap\">\n\t\t\t\t\t\t\t\t\t<section class=\"elementor-section elementor-top-section elementor-element elementor-element-7490a013 elementor-section-boxed elementor-section-height-default elementor-section-height-default\" data-id=\"7490a013\" data-element_type=\"section\">\n\t\t\t\t\t\t<div class=\"elementor-container elementor-column-gap-default\">\n\t\t\t\t\t\t\t<div class=\"elementor-row\">\n\t\t\t\t\t<div class=\"elementor-column elementor-col-100 elementor-top-column elementor-element elementor-element-77777963\" data-id=\"77777963\" data-element_type=\"column\">\n\t\t\t<div class=\"elementor-column-wrap elementor-element-populated\">\n\t\t\t\t\t\t\t<div class=\"elementor-widget-wrap\">\n\t\t\t\t\t\t<div class=\"elementor-element elementor-element-47162fc7 elementor-widget elementor-widget-heading\" data-id=\"47162fc7\" data-element_type=\"widget\" data-widget_type=\"heading.default\">\n\t\t\t\t<div class=\"elementor-widget-container\">\n\t\t\t<h1 class=\"elementor-heading-title elementor-size-default\">Manejo de Residuos S\u00f3lidos en Medell\u00edn<\/h1>\t\t<\/div>\n\t\t\t\t<\/div>\n\t\t\t\t<section class=\"elementor-section elementor-inner-section elementor-element elementor-element-9bf9b1a elementor-reverse-mobile elementor-section-boxed elementor-section-height-default elementor-section-height-default\" data-id=\"9bf9b1a\" data-element_type=\"section\">\n\t\t\t\t\t\t<div class=\"elementor-container elementor-column-gap-default\">\n\t\t\t\t\t\t\t<div class=\"elementor-row\">\n\t\t\t\t\t<div class=\"elementor-column elementor-col-50 elementor-inner-column elementor-element elementor-element-9113359\" data-id=\"9113359\" data-element_type=\"column\">\n\t\t\t<div class=\"elementor-column-wrap elementor-element-populated\">\n\t\t\t\t\t\t\t<div class=\"elementor-widget-wrap\">\n\t\t\t\t\t\t<div class=\"elementor-element elementor-element-8beb3e4 elementor-widget elementor-widget-text-editor\" data-id=\"8beb3e4\" data-element_type=\"widget\" data-widget_type=\"text-editor.default\">\n\t\t\t\t<div class=\"elementor-widget-container\">\n\t\t\t\t\t\t\t\t<div class=\"elementor-text-editor elementor-clearfix\">\n\t\t\t\t<p>La expansi\u00f3n urban\u00edstica en Medell\u00edn y toda el \u00e1rea metropolitana ha generado, en las \u00faltimas d\u00e9cadas, una grave problem\u00e1tica ambiental debido a la inadecuada disposici\u00f3n de residuos. Gran parte de estos pueden ser incluidos nuevamente en procesos productivos, aportando significativamente a la econom\u00eda circular de la ciudad. Algunas de las afectaciones generadas debido a una mala disposici\u00f3n son:<\/p>\t\t\t\t\t<\/div>\n\t\t\t\t\t\t<\/div>\n\t\t\t\t<\/div>\n\t\t\t\t<div class=\"elementor-element elementor-element-6c2b2d4 elementor-widget elementor-widget-text-editor\" data-id=\"6c2b2d4\" data-element_type=\"widget\" data-widget_type=\"text-editor.default\">\n\t\t\t\t<div class=\"elementor-widget-container\">\n\t\t\t\t\t\t\t\t<div class=\"elementor-text-editor elementor-clearfix\">\n\t\t\t\t<ul><li>Da\u00f1os en la movilidad y separadores viales de la ciudad, por estar ubicado en sitios no autorizados y de alto flujo vehicular.<\/li><li>Deterioro de las zonas verdes y de los cerros tutelares de la ciudad.<\/li><li>Aumento de material particulado emitido por los puntos cr\u00edticos y escombreras ilegales, disminuyendo la calidad de aire frente a las contingencias ambientales.<\/li><li>Disminuci\u00f3n de vida \u00fatil en los rellenos sanitarios por la inadecuada disposici\u00f3n.<\/li><li>Deterioro del paisaje, el entorno y el espacio p\u00fablico por puntos cr\u00edticos.<\/li><\/ul>\t\t\t\t\t<\/div>\n\t\t\t\t\t\t<\/div>\n\t\t\t\t<\/div>\n\t\t\t\t\t\t<\/div>\n\t\t\t\t\t<\/div>\n\t\t<\/div>\n\t\t\t\t<div class=\"elementor-column elementor-col-50 elementor-inner-column elementor-element elementor-element-28d2ff9\" data-id=\"28d2ff9\" data-element_type=\"column\">\n\t\t\t<div class=\"elementor-column-wrap elementor-element-populated\">\n\t\t\t\t\t\t\t<div class=\"elementor-widget-wrap\">\n\t\t\t\t\t\t<div class=\"elementor-element elementor-element-3409528 elementor-widget elementor-widget-image\" data-id=\"3409528\" data-element_type=\"widget\" data-widget_type=\"image.default\">\n\t\t\t\t<div class=\"elementor-widget-container\">\n\t\t\t\t\t\t\t\t<div class=\"elementor-image\">\n\t\t\t\t\t\t\t\t\t\t\t\t<img width=\"1280\" height=\"958\" src=\"https:\/\/www.medellin.gov.co\/es\/wp-content\/uploads\/2021\/09\/medellin-siempre-limpia.jpeg\" class=\"attachment-full size-full\" alt=\"Madre, hija y mu\u00f1eca\" loading=\"lazy\" srcset=\"https:\/\/www.medellin.gov.co\/es\/wp-content\/uploads\/2021\/09\/medellin-siempre-limpia.jpeg 1280w, https:\/\/www.medellin.gov.co\/es\/wp-content\/uploads\/2021\/09\/medellin-siempre-limpia-300x225.jpeg 300w, https:\/\/www.medellin.gov.co\/es\/wp-content\/uploads\/2021\/09\/medellin-siempre-limpia-1024x766.jpeg 1024w, https:\/\/www.medellin.gov.co\/es\/wp-content\/uploads\/2021\/09\/medellin-siempre-limpia-150x112.jpeg 150w, https:\/\/www.medellin.gov.co\/es\/wp-content\/uploads\/2021\/09\/medellin-siempre-limpia-768x575.jpeg 768w\" sizes=\"(max-width: 1280px) 100vw, 1280px\" \/>\t\t\t\t\t\t\t\t\t\t\t\t\t\t<\/div>\n\t\t\t\t\t\t<\/div>\n\t\t\t\t<\/div>\n\t\t\t\t\t\t<\/div>\n\t\t\t\t\t<\/div>\n\t\t<\/div>\n\t\t\t\t\t\t\t\t<\/div>\n\t\t\t\t\t<\/div>\n\t\t<\/section>\n\t\t\t\t<div class=\"elementor-element elementor-element-ca8197e elementor-widget elementor-widget-text-editor\" data-id=\"ca8197e\" data-element_type=\"widget\" data-widget_type=\"text-editor.default\">\n\t\t\t\t<div class=\"elementor-widget-container\">\n\t\t\t\t\t\t\t\t<div class=\"elementor-text-editor elementor-clearfix\">\n\t\t\t\t<p><span style=\"color: var( --e-global-color-text ); font-family: var( --e-global-typography-text-font-family ), Sans-serif; font-size: var( --e-global-typography-text-font-size );\">Desde la Secretar\u00eda de Medio Ambiente ratificamos la importancia del buen manejo y recuperaci\u00f3n de los residuos como un proceso fundamental para reducir el impacto de la actividad del hombre en el medio ambiente y fomentar as\u00ed h\u00e1bitos de consumo sostenible.<\/span><\/p>\t\t\t\t\t<\/div>\n\t\t\t\t\t\t<\/div>\n\t\t\t\t<\/div>\n\t\t\t\t<div class=\"elementor-element elementor-element-8ec22b9 elementor-widget elementor-widget-heading\" data-id=\"8ec22b9\" data-element_type=\"widget\" data-widget_type=\"heading.default\">\n\t\t\t\t<div class=\"elementor-widget-container\">\n\t\t\t<h2 class=\"elementor-heading-title elementor-size-default\"><b>Residuos<\/b> voluminosos, de construcci\u00f3n y demolici\u00f3n<\/h2>\t\t<\/div>\n\t\t\t\t<\/div>\n\t\t\t\t<section class=\"elementor-section elementor-inner-section elementor-element elementor-element-ccaa5ef elementor-section-boxed elementor-section-height-default elementor-section-height-default\" data-id=\"ccaa5ef\" data-element_type=\"section\">\n\t\t\t\t\t\t<div class=\"elementor-container elementor-column-gap-default\">\n\t\t\t\t\t\t\t<div class=\"elementor-row\">\n\t\t\t\t\t<div class=\"elementor-column elementor-col-50 elementor-inner-column elementor-element elementor-element-1413f8b\" data-id=\"1413f8b\" data-element_type=\"column\">\n\t\t\t<div class=\"elementor-column-wrap elementor-element-populated\">\n\t\t\t\t\t\t\t<div class=\"elementor-widget-wrap\">\n\t\t\t\t\t\t<div class=\"elementor-element elementor-element-a4ec5ef elementor-widget elementor-widget-image\" data-id=\"a4ec5ef\" data-element_type=\"widget\" data-widget_type=\"image.default\">\n\t\t\t\t<div class=\"elementor-widget-container\">\n\t\t\t\t\t\t\t\t<div class=\"elementor-image\">\n\t\t\t\t\t\t\t\t\t\t\t\t<img width=\"1000\" height=\"450\" src=\"https:\/\/www.medellin.gov.co\/es\/wp-content\/uploads\/2021\/09\/panoramica-medellin.jpeg\" class=\"attachment-full size-full\" alt=\"Comunas de Medell\u00edn\" loading=\"lazy\" srcset=\"https:\/\/www.medellin.gov.co\/es\/wp-content\/uploads\/2021\/09\/panoramica-medellin.jpeg 1000w, https:\/\/www.medellin.gov.co\/es\/wp-content\/uploads\/2021\/09\/panoramica-medellin-300x135.jpeg 300w, https:\/\/www.medellin.gov.co\/es\/wp-content\/uploads\/2021\/09\/panoramica-medellin-150x68.jpeg 150w, https:\/\/www.medellin.gov.co\/es\/wp-content\/uploads\/2021\/09\/panoramica-medellin-768x346.jpeg 768w\" sizes=\"(max-width: 1000px) 100vw, 1000px\" \/>\t\t\t\t\t\t\t\t\t\t\t\t\t\t<\/div>\n\t\t\t\t\t\t<\/div>\n\t\t\t\t<\/div>\n\t\t\t\t\t\t<\/div>\n\t\t\t\t\t<\/div>\n\t\t<\/div>\n\t\t\t\t<div class=\"elementor-column elementor-col-50 elementor-inner-column elementor-element elementor-element-8788a06\" data-id=\"8788a06\" data-element_type=\"column\">\n\t\t\t<div class=\"elementor-column-wrap elementor-element-populated\">\n\t\t\t\t\t\t\t<div class=\"elementor-widget-wrap\">\n\t\t\t\t\t\t<div class=\"elementor-element elementor-element-51eaf0e elementor-widget elementor-widget-text-editor\" data-id=\"51eaf0e\" data-element_type=\"widget\" data-widget_type=\"text-editor.default\">\n\t\t\t\t<div class=\"elementor-widget-container\">\n\t\t\t\t\t\t\t\t<div class=\"elementor-text-editor elementor-clearfix\">\n\t\t\t\t<p>La Secretar\u00eda de Medio Ambiente realiza la recolecci\u00f3n, transporte, disposici\u00f3n final y tratamiento de residuos de construcci\u00f3n y demolici\u00f3n (RCD), especiales (como llantas y voluminosos) y peligrosos (Respel) que se encuentren abandonados en \u00e1reas p\u00fablicas de la ciudad.<\/p><p>En articulaci\u00f3n con los diferentes actores y gestores de la cadena de estos residuos, se desarrolla una estrategia socio ambiental que comprende actividades de sensibilizaci\u00f3n, articulaci\u00f3n interinstitucional, acompa\u00f1amiento t\u00e9cnico y promoci\u00f3n de puntos limpios.<\/p>\t\t\t\t\t<\/div>\n\t\t\t\t\t\t<\/div>\n\t\t\t\t<\/div>\n\t\t\t\t\t\t<\/div>\n\t\t\t\t\t<\/div>\n\t\t<\/div>\n\t\t\t\t\t\t\t\t<\/div>\n\t\t\t\t\t<\/div>\n\t\t<\/section>\n\t\t\t\t<div class=\"elementor-element elementor-element-cb8ae0c elementor-widget elementor-widget-text-editor\" data-id=\"cb8ae0c\" data-element_type=\"widget\" data-widget_type=\"text-editor.default\">\n\t\t\t\t<div class=\"elementor-widget-container\">\n\t\t\t\t\t\t\t\t<div class=\"elementor-text-editor elementor-clearfix\">\n\t\t\t\t<p>El objetivo general de la estrategia ambiental es promover la adecuada gesti\u00f3n integral de residuos de construcci\u00f3n y demolici\u00f3n (RCD), generados por peque\u00f1os y grandes generadores habitantes de la ciudad de Medell\u00edn; dando cumplimiento a la Resoluci\u00f3n Nacional 472 de 2017 para el buen desarrollo de una ecociudad sostenible y responsable.<\/p>\t\t\t\t\t<\/div>\n\t\t\t\t\t\t<\/div>\n\t\t\t\t<\/div>\n\t\t\t\t<div class=\"elementor-element elementor-element-c611d02 elementor-widget elementor-widget-heading\" data-id=\"c611d02\" data-element_type=\"widget\" data-widget_type=\"heading.default\">\n\t\t\t\t<div class=\"elementor-widget-container\">\n\t\t\t<h2 class=\"elementor-heading-title elementor-size-default\"><b>Econom\u00eda circular<\/b> en Medell\u00edn<\/h2>\t\t<\/div>\n\t\t\t\t<\/div>\n\t\t\t\t<section class=\"elementor-section elementor-inner-section elementor-element elementor-element-e2470cb elementor-reverse-tablet elementor-reverse-mobile elementor-section-boxed elementor-section-height-default elementor-section-height-default\" data-id=\"e2470cb\" data-element_type=\"section\">\n\t\t\t\t\t\t<div class=\"elementor-container elementor-column-gap-default\">\n\t\t\t\t\t\t\t<div class=\"elementor-row\">\n\t\t\t\t\t<div class=\"elementor-column elementor-col-50 elementor-inner-column elementor-element elementor-element-2d61556\" data-id=\"2d61556\" data-element_type=\"column\">\n\t\t\t<div class=\"elementor-column-wrap elementor-element-populated\">\n\t\t\t\t\t\t\t<div class=\"elementor-widget-wrap\">\n\t\t\t\t\t\t<div class=\"elementor-element elementor-element-cd95d00 elementor-widget elementor-widget-text-editor\" data-id=\"cd95d00\" data-element_type=\"widget\" data-widget_type=\"text-editor.default\">\n\t\t\t\t<div class=\"elementor-widget-container\">\n\t\t\t\t\t\t\t\t<div class=\"elementor-text-editor elementor-clearfix\">\n\t\t\t\t<p>La econom\u00eda circular se refiere a la producci\u00f3n de bienes y servicios en el marco de una econom\u00eda eficiente y respetuosa con el planeta que promueva experiencias innovadoras y cercanas con el consumidor.<\/p><p>Puede existir en todos los sectores del mercado, pues las nuevas generaciones tienen afinidad con estas soluciones amigables con el entorno. La econom\u00eda circular integra la Sostenibilidad Ambiental y el Desarrollo Econ\u00f3mico, cerrando el ciclo de vida de los materiales.<\/p>\t\t\t\t\t<\/div>\n\t\t\t\t\t\t<\/div>\n\t\t\t\t<\/div>\n\t\t\t\t<div class=\"elementor-element elementor-element-fb89063 elementor-tablet-align-left elementor-mobile-align-center elementor-widget elementor-widget-button\" data-id=\"fb89063\" data-element_type=\"widget\" data-widget_type=\"button.default\">\n\t\t\t\t<div class=\"elementor-widget-container\">\n\t\t\t\t\t<div class=\"elementor-button-wrapper\">\n\t\t\t<a href=\"https:\/\/www.medellin.gov.co\/es\/secretaria-medio-ambiente\/manejo-de-residuos-solidos-en-medellin\/residuos-posconsumo\/\" class=\"elementor-button-link elementor-button elementor-size-sm\" role=\"button\">\n\t\t\t\t\t\t<span class=\"elementor-button-content-wrapper\">\n\t\t\t\t\t\t<span class=\"elementor-button-text\">Conoce m\u00e1s de la econom\u00eda circular<\/span>\n\t\t<\/span>\n\t\t\t\t\t<\/a>\n\t\t<\/div>\n\t\t\t\t<\/div>\n\t\t\t\t<\/div>\n\t\t\t\t\t\t<\/div>\n\t\t\t\t\t<\/div>\n\t\t<\/div>\n\t\t\t\t<div class=\"elementor-column elementor-col-50 elementor-inner-column elementor-element elementor-element-1c49f05\" data-id=\"1c49f05\" data-element_type=\"column\">\n\t\t\t<div class=\"elementor-column-wrap elementor-element-populated\">\n\t\t\t\t\t\t\t<div class=\"elementor-widget-wrap\">\n\t\t\t\t\t\t<div class=\"elementor-element elementor-element-a5bed48 elementor-widget elementor-widget-image\" data-id=\"a5bed48\" data-element_type=\"widget\" data-widget_type=\"image.default\">\n\t\t\t\t<div class=\"elementor-widget-container\">\n\t\t\t\t\t\t\t\t<div class=\"elementor-image\">\n\t\t\t\t\t\t\t\t\t\t\t\t<img width=\"1024\" height=\"768\" src=\"https:\/\/www.medellin.gov.co\/es\/wp-content\/uploads\/2021\/09\/hombre-reciclando.jpg\" class=\"attachment-full size-full\" alt=\"Hombre reciclando\" loading=\"lazy\" srcset=\"https:\/\/www.medellin.gov.co\/es\/wp-content\/uploads\/2021\/09\/hombre-reciclando.jpg 1024w, https:\/\/www.medellin.gov.co\/es\/wp-content\/uploads\/2021\/09\/hombre-reciclando-300x225.jpg 300w, https:\/\/www.medellin.gov.co\/es\/wp-content\/uploads\/2021\/09\/hombre-reciclando-150x113.jpg 150w, https:\/\/www.medellin.gov.co\/es\/wp-content\/uploads\/2021\/09\/hombre-reciclando-768x576.jpg 768w\" sizes=\"(max-width: 1024px) 100vw, 1024px\" \/>\t\t\t\t\t\t\t\t\t\t\t\t\t\t<\/div>\n\t\t\t\t\t\t<\/div>\n\t\t\t\t<\/div>\n\t\t\t\t\t\t<\/div>\n\t\t\t\t\t<\/div>\n\t\t<\/div>\n\t\t\t\t\t\t\t\t<\/div>\n\t\t\t\t\t<\/div>\n\t\t<\/section>\n\t\t\t\t<div class=\"elementor-element elementor-element-2b8bfd7 elementor-widget elementor-widget-heading\" data-id=\"2b8bfd7\" data-element_type=\"widget\" data-widget_type=\"heading.default\">\n\t\t\t\t<div class=\"elementor-widget-container\">\n\t\t\t<h2 class=\"elementor-heading-title elementor-size-default\"><b>Recicladores<\/b> en Medell\u00edn<\/h2>\t\t<\/div>\n\t\t\t\t<\/div>\n\t\t\t\t<section class=\"elementor-section elementor-inner-section elementor-element elementor-element-19f9107 elementor-section-boxed elementor-section-height-default elementor-section-height-default\" data-id=\"19f9107\" data-element_type=\"section\">\n\t\t\t\t\t\t<div class=\"elementor-container elementor-column-gap-default\">\n\t\t\t\t\t\t\t<div class=\"elementor-row\">\n\t\t\t\t\t<div class=\"elementor-column elementor-col-50 elementor-inner-column elementor-element elementor-element-e1252a7\" data-id=\"e1252a7\" data-element_type=\"column\">\n\t\t\t<div class=\"elementor-column-wrap elementor-element-populated\">\n\t\t\t\t\t\t\t<div class=\"elementor-widget-wrap\">\n\t\t\t\t\t\t<div class=\"elementor-element elementor-element-02260df elementor-widget elementor-widget-image\" data-id=\"02260df\" data-element_type=\"widget\" data-widget_type=\"image.default\">\n\t\t\t\t<div class=\"elementor-widget-container\">\n\t\t\t\t\t\t\t\t<div class=\"elementor-image\">\n\t\t\t\t\t\t\t\t\t\t\t\t<img width=\"1280\" height=\"853\" src=\"https:\/\/www.medellin.gov.co\/es\/wp-content\/uploads\/2021\/09\/recicladores-en-medellin.jpg\" class=\"attachment-full size-full\" alt=\"Mujer recicladora\" loading=\"lazy\" srcset=\"https:\/\/www.medellin.gov.co\/es\/wp-content\/uploads\/2021\/09\/recicladores-en-medellin.jpg 1280w, https:\/\/www.medellin.gov.co\/es\/wp-content\/uploads\/2021\/09\/recicladores-en-medellin-300x200.jpg 300w, https:\/\/www.medellin.gov.co\/es\/wp-content\/uploads\/2021\/09\/recicladores-en-medellin-1024x682.jpg 1024w, https:\/\/www.medellin.gov.co\/es\/wp-content\/uploads\/2021\/09\/recicladores-en-medellin-150x100.jpg 150w, https:\/\/www.medellin.gov.co\/es\/wp-content\/uploads\/2021\/09\/recicladores-en-medellin-768x512.jpg 768w\" sizes=\"(max-width: 1280px) 100vw, 1280px\" \/>\t\t\t\t\t\t\t\t\t\t\t\t\t\t<\/div>\n\t\t\t\t\t\t<\/div>\n\t\t\t\t<\/div>\n\t\t\t\t\t\t<\/div>\n\t\t\t\t\t<\/div>\n\t\t<\/div>\n\t\t\t\t<div class=\"elementor-column elementor-col-50 elementor-inner-column elementor-element elementor-element-d7bd186\" data-id=\"d7bd186\" data-element_type=\"column\">\n\t\t\t<div class=\"elementor-column-wrap elementor-element-populated\">\n\t\t\t\t\t\t\t<div class=\"elementor-widget-wrap\">\n\t\t\t\t\t\t<div class=\"elementor-element elementor-element-9b16809 elementor-widget elementor-widget-text-editor\" data-id=\"9b16809\" data-element_type=\"widget\" data-widget_type=\"text-editor.default\">\n\t\t\t\t<div class=\"elementor-widget-container\">\n\t\t\t\t\t\t\t\t<div class=\"elementor-text-editor elementor-clearfix\">\n\t\t\t\t<p>En Medell\u00edn hay m\u00e1s de 3.080 recicladores y 23 organizaciones prestadoras del servicio, autorizadas por la Superintendencia de Servicios P\u00fablicos Domiciliarios.<\/p><p>Estas personas recorren a diario las comunas de la ciudad, ayudando a minimizar los impactos ambientales, transformando los desechos en nuevos productos, disminuyendo el consumo de recursos naturales y prolongando la vida del relleno sanitario.<\/p>\t\t\t\t\t<\/div>\n\t\t\t\t\t\t<\/div>\n\t\t\t\t<\/div>\n\t\t\t\t<div class=\"elementor-element elementor-element-9752c45 elementor-tablet-align-left elementor-mobile-align-center elementor-widget elementor-widget-button\" data-id=\"9752c45\" data-element_type=\"widget\" data-widget_type=\"button.default\">\n\t\t\t\t<div class=\"elementor-widget-container\">\n\t\t\t\t\t<div class=\"elementor-button-wrapper\">\n\t\t\t<a href=\"https:\/\/www.medellin.gov.co\/es\/secretaria-medio-ambiente\/manejo-de-residuos-solidos-en-medellin\/recicladores-de-medellin\/\" class=\"elementor-button-link elementor-button elementor-size-sm\" role=\"button\">\n\t\t\t\t\t\t<span class=\"elementor-button-content-wrapper\">\n\t\t\t\t\t\t<span class=\"elementor-button-text\">Conoce m\u00e1s de los recicladores de Medell\u00edn<\/span>\n\t\t<\/span>\n\t\t\t\t\t<\/a>\n\t\t<\/div>\n\t\t\t\t<\/div>\n\t\t\t\t<\/div>\n\t\t\t\t\t\t<\/div>\n\t\t\t\t\t<\/div>\n\t\t<\/div>\n\t\t\t\t\t\t\t\t<\/div>\n\t\t\t\t\t<\/div>\n\t\t<\/section>\n\t\t\t\t<div class=\"elementor-element elementor-element-aadc80d elementor-widget elementor-widget-heading\" data-id=\"aadc80d\" data-element_type=\"widget\" data-widget_type=\"heading.default\">\n\t\t\t\t<div class=\"elementor-widget-container\">\n\t\t\t<h2 class=\"elementor-heading-title elementor-size-default\"><b>Grupo de intervenciones<\/b> ambientales (GIA)<\/h2>\t\t<\/div>\n\t\t\t\t<\/div>\n\t\t\t\t<section class=\"elementor-section elementor-inner-section elementor-element elementor-element-6384ced elementor-section-boxed elementor-section-height-default elementor-section-height-default\" data-id=\"6384ced\" data-element_type=\"section\">\n\t\t\t\t\t\t<div class=\"elementor-container elementor-column-gap-default\">\n\t\t\t\t\t\t\t<div class=\"elementor-row\">\n\t\t\t\t\t<div class=\"elementor-column elementor-col-50 elementor-inner-column elementor-element elementor-element-b1813ae\" data-id=\"b1813ae\" data-element_type=\"column\">\n\t\t\t<div class=\"elementor-column-wrap elementor-element-populated\">\n\t\t\t\t\t\t\t<div class=\"elementor-widget-wrap\">\n\t\t\t\t\t\t<div class=\"elementor-element elementor-element-a7a3e2e elementor-widget elementor-widget-text-editor\" data-id=\"a7a3e2e\" data-element_type=\"widget\" data-widget_type=\"text-editor.default\">\n\t\t\t\t<div class=\"elementor-widget-container\">\n\t\t\t\t\t\t\t\t<div class=\"elementor-text-editor elementor-clearfix\">\n\t\t\t\t<p>Comit\u00e9 encargado de identificar puntos cr\u00edticos en la ciudad, con el objetivo de intervenirlos y transformarlos. Este comit\u00e9 es coordinado por la Secretar\u00eda de Medio Ambiente, quien se encarga de realizar el diagn\u00f3stico de cada intervenci\u00f3n, para articular posteriormente las instituciones necesarias.<\/p><p>Las entidades que participan de este comit\u00e9 son la Secretar\u00eda de Medio Ambiente, Secretar\u00eda de Infraestructura, Secretar\u00eda de Inclusi\u00f3n Social, Secretar\u00eda de Salud, Subsecretar\u00eda de Espacio P\u00fablico, Emvarias, UNE, EPM, Polic\u00eda Nacional, Ej\u00e9rcito, entre otras.<\/p>\t\t\t\t\t<\/div>\n\t\t\t\t\t\t<\/div>\n\t\t\t\t<\/div>\n\t\t\t\t\t\t<\/div>\n\t\t\t\t\t<\/div>\n\t\t<\/div>\n\t\t\t\t<div class=\"elementor-column elementor-col-50 elementor-inner-column elementor-element elementor-element-00c18d1\" data-id=\"00c18d1\" data-element_type=\"column\">\n\t\t\t<div class=\"elementor-column-wrap elementor-element-populated\">\n\t\t\t\t\t\t\t<div class=\"elementor-widget-wrap\">\n\t\t\t\t\t\t<div class=\"elementor-element elementor-element-8feec54 elementor-widget elementor-widget-image\" data-id=\"8feec54\" data-element_type=\"widget\" data-widget_type=\"image.default\">\n\t\t\t\t<div class=\"elementor-widget-container\">\n\t\t\t\t\t\t\t\t<div class=\"elementor-image\">\n\t\t\t\t\t\t\t\t\t\t\t\t<img width=\"1000\" height=\"450\" src=\"https:\/\/www.medellin.gov.co\/es\/wp-content\/uploads\/2021\/09\/intervenciones-ambientales.jpeg\" class=\"attachment-full size-full\" alt=\"Mujer y hombre plantando\" loading=\"lazy\" srcset=\"https:\/\/www.medellin.gov.co\/es\/wp-content\/uploads\/2021\/09\/intervenciones-ambientales.jpeg 1000w, https:\/\/www.medellin.gov.co\/es\/wp-content\/uploads\/2021\/09\/intervenciones-ambientales-300x135.jpeg 300w, https:\/\/www.medellin.gov.co\/es\/wp-content\/uploads\/2021\/09\/intervenciones-ambientales-150x68.jpeg 150w, https:\/\/www.medellin.gov.co\/es\/wp-content\/uploads\/2021\/09\/intervenciones-ambientales-768x346.jpeg 768w\" sizes=\"(max-width: 1000px) 100vw, 1000px\" \/>\t\t\t\t\t\t\t\t\t\t\t\t\t\t<\/div>\n\t\t\t\t\t\t<\/div>\n\t\t\t\t<\/div>\n\t\t\t\t\t\t<\/div>\n\t\t\t\t\t<\/div>\n\t\t<\/div>\n\t\t\t\t\t\t\t\t<\/div>\n\t\t\t\t\t<\/div>\n\t\t<\/section>\n\t\t\t\t<div class=\"elementor-element elementor-element-360a180 elementor-widget elementor-widget-text-editor\" data-id=\"360a180\" data-element_type=\"widget\" data-widget_type=\"text-editor.default\">\n\t\t\t\t<div class=\"elementor-widget-container\">\n\t\t\t\t\t\t\t\t<div class=\"elementor-text-editor elementor-clearfix\">\n\t\t\t\t<p>En dichas intervenciones se adelantan usualmente labores de mantenimiento y siembra de zonas verdes, lavado de zonas p\u00fablicas, recolecci\u00f3n de escombros y voluminosos (muebles, colchones, etc.), eliminaci\u00f3n de publicidad de los postes de energ\u00eda y pintura de muros.<\/p><p>Adicional a estas acciones, se realizan sensibilizaciones con la comunidad en torno a buenas pr\u00e1cticas ambientales, a trav\u00e9s de estrategias como talleres, capacitaciones, puerta a puerta y charlas.<\/p><p>Las jornadas de aseo y ornato est\u00e1n orientadas a la sostenibilidad de la ciudad, por esto se adelantan en zona urbana de Medell\u00edn y en las cabeceras de los cinco corregimientos de la ciudad.<\/p><p>En estas intervenciones se realiza la limpieza, restauraci\u00f3n y embellecimiento de puntos cr\u00edticos de residuos s\u00f3lidos, utilizando estrategias como los convites comunitarios y articulaciones interinstitucionales. Simult\u00e1neamente, se llevan a cabo actividades sociales asociadas a la sensibilizaci\u00f3n en la adecuada gesti\u00f3n de los residuos s\u00f3lidos como visitas puerta a puerta, actividades l\u00fadico-pedag\u00f3gicas en parques aleda\u00f1os, sensibilizaciones grupales, entre otros.<\/p>\t\t\t\t\t<\/div>\n\t\t\t\t\t\t<\/div>\n\t\t\t\t<\/div>\n\t\t\t\t\t\t<\/div>\n\t\t\t\t\t<\/div>\n\t\t<\/div>\n\t\t\t\t\t\t\t\t<\/div>\n\t\t\t\t\t<\/div>\n\t\t<\/section>\n\t\t\t\t\t\t\t\t\t<\/div>\n\t\t\t<\/div>\n\t\t\t\t\t<\/div>\n\t\t","protected":false},"excerpt":{"rendered":"<p>Manejo de Residuos S\u00f3lidos en Medell\u00edn La expansi\u00f3n urban\u00edstica en Medell\u00edn y toda el \u00e1rea metropolitana ha generado, en las \u00faltimas d\u00e9cadas, una grave problem\u00e1tica ambiental debido a la inadecuada disposici\u00f3n de residuos. Gran parte &#8230;<\/p>\n","protected":false},"author":1,"featured_media":15525,"parent":14204,"menu_order":30,"comment_status":"closed","ping_status":"closed","template":"sec-medio-ambiente\/elementor.php","meta":[],"acf":[],"_links":{"self":[{"href":"https:\/\/www.medellin.gov.co\/es\/wp-json\/wp\/v2\/pages\/14255"}],"collection":[{"href":"https:\/\/www.medellin.gov.co\/es\/wp-json\/wp\/v2\/pages"}],"about":[{"href":"https:\/\/www.medellin.gov.co\/es\/wp-json\/wp\/v2\/types\/page"}],"author":[{"embeddable":true,"href":"https:\/\/www.medellin.gov.co\/es\/wp-json\/wp\/v2\/users\/1"}],"replies":[{"embeddable":true,"href":"https:\/\/www.medellin.gov.co\/es\/wp-json\/wp\/v2\/comments?post=14255"}],"version-history":[{"count":29,"href":"https:\/\/www.medellin.gov.co\/es\/wp-json\/wp\/v2\/pages\/14255\/revisions"}],"predecessor-version":[{"id":55235,"href":"https:\/\/www.medellin.gov.co\/es\/wp-json\/wp\/v2\/pages\/14255\/revisions\/55235"}],"up":[{"embeddable":true,"href":"https:\/\/www.medellin.gov.co\/es\/wp-json\/wp\/v2\/pages\/14204"}],"wp:featuredmedia":[{"embeddable":true,"href":"https:\/\/www.medellin.gov.co\/es\/wp-json\/wp\/v2\/media\/15525"}],"wp:attachment":[{"href":"https:\/\/www.medellin.gov.co\/es\/wp-json\/wp\/v2\/media?parent=14255"}],"curies":[{"name":"wp","href":"https:\/\/api.w.org\/{rel}","templated":true}]}}