{"id":14257,"date":"2021-09-14T20:17:56","date_gmt":"2021-09-15T01:17:56","guid":{"rendered":"https:\/\/www.medellin.gov.co\/es\/?page_id=14257"},"modified":"2022-03-18T10:51:50","modified_gmt":"2022-03-18T15:51:50","slug":"recicladores-de-medellin","status":"publish","type":"page","link":"https:\/\/www.medellin.gov.co\/es\/secretaria-medio-ambiente\/manejo-de-residuos-solidos-en-medellin\/recicladores-de-medellin\/","title":{"rendered":"Recicladores en Medell\u00edn"},"content":{"rendered":"\t\t<div data-elementor-type=\"wp-page\" data-elementor-id=\"14257\" class=\"elementor elementor-14257\">\n\t\t\t\t\t\t<div class=\"elementor-inner\">\n\t\t\t\t<div class=\"elementor-section-wrap\">\n\t\t\t\t\t\t\t\t\t<section class=\"elementor-section elementor-top-section elementor-element elementor-element-2e747006 elementor-section-boxed elementor-section-height-default elementor-section-height-default\" data-id=\"2e747006\" data-element_type=\"section\">\n\t\t\t\t\t\t<div class=\"elementor-container elementor-column-gap-default\">\n\t\t\t\t\t\t\t<div class=\"elementor-row\">\n\t\t\t\t\t<div class=\"elementor-column elementor-col-100 elementor-top-column elementor-element elementor-element-57d78b1e\" data-id=\"57d78b1e\" data-element_type=\"column\">\n\t\t\t<div class=\"elementor-column-wrap elementor-element-populated\">\n\t\t\t\t\t\t\t<div class=\"elementor-widget-wrap\">\n\t\t\t\t\t\t<div class=\"elementor-element elementor-element-55487425 elementor-widget elementor-widget-heading\" data-id=\"55487425\" data-element_type=\"widget\" data-widget_type=\"heading.default\">\n\t\t\t\t<div class=\"elementor-widget-container\">\n\t\t\t<h1 class=\"elementor-heading-title elementor-size-default\">Recicladores en Medell\u00edn<\/h1>\t\t<\/div>\n\t\t\t\t<\/div>\n\t\t\t\t<div class=\"elementor-element elementor-element-fc01a86 elementor-aspect-ratio-169 elementor-widget elementor-widget-video\" data-id=\"fc01a86\" data-element_type=\"widget\" data-settings=\"{&quot;youtube_url&quot;:&quot;https:\\\/\\\/youtu.be\\\/CxL2Kv46kuI&quot;,&quot;video_type&quot;:&quot;youtube&quot;,&quot;controls&quot;:&quot;yes&quot;,&quot;aspect_ratio&quot;:&quot;169&quot;}\" data-widget_type=\"video.default\">\n\t\t\t\t<div class=\"elementor-widget-container\">\n\t\t\t\t\t<div class=\"elementor-wrapper elementor-fit-aspect-ratio elementor-open-inline\">\n\t\t\t<div class=\"elementor-video\"><\/div>\t\t<\/div>\n\t\t\t\t<\/div>\n\t\t\t\t<\/div>\n\t\t\t\t<div class=\"elementor-element elementor-element-9cffdd7 elementor-widget elementor-widget-text-editor\" data-id=\"9cffdd7\" data-element_type=\"widget\" data-widget_type=\"text-editor.default\">\n\t\t\t\t<div class=\"elementor-widget-container\">\n\t\t\t\t\t\t\t\t<div class=\"elementor-text-editor elementor-clearfix\">\n\t\t\t\t<p>En Medell\u00edn hay m\u00e1s de 3.080 recicladores y 23 organizaciones prestadoras del servicio, autorizadas por la Superintendencia de Servicios P\u00fablicos Domiciliarios. Estas personas recorren a diario las comunas de la ciudad, ayudando a minimizar los impactos ambientales, transformando los desechos en nuevos productos, disminuyendo el consumo de recursos naturales y prolongando la vida del relleno sanitario.<\/p><p>En el marco de la gesti\u00f3n integral de residuos s\u00f3lidos del Municipio, estos actores aportan ambiental y socialmente a los indicadores de aprovechamiento de la ciudad. Desde la Secretar\u00eda de Medio Ambiente acompa\u00f1amos a las organizaciones, fortaleciendo la labor de cada uno de los recicladores y dignificando a este importante actor de la cadena de aprovechamiento. <\/p>\t\t\t\t\t<\/div>\n\t\t\t\t\t\t<\/div>\n\t\t\t\t<\/div>\n\t\t\t\t<div class=\"elementor-element elementor-element-8af78fa elementor-widget elementor-widget-heading\" data-id=\"8af78fa\" data-element_type=\"widget\" data-widget_type=\"heading.default\">\n\t\t\t\t<div class=\"elementor-widget-container\">\n\t\t\t<h2 class=\"elementor-heading-title elementor-size-default\">\u00bf<b>Por qu\u00e9<\/b> se debe reciclar?<\/h2>\t\t<\/div>\n\t\t\t\t<\/div>\n\t\t\t\t<section class=\"elementor-section elementor-inner-section elementor-element elementor-element-5ee32af elementor-section-boxed elementor-section-height-default elementor-section-height-default\" data-id=\"5ee32af\" data-element_type=\"section\">\n\t\t\t\t\t\t<div class=\"elementor-container elementor-column-gap-default\">\n\t\t\t\t\t\t\t<div class=\"elementor-row\">\n\t\t\t\t\t<div class=\"elementor-column elementor-col-50 elementor-inner-column elementor-element elementor-element-b3cfbaf\" data-id=\"b3cfbaf\" data-element_type=\"column\">\n\t\t\t<div class=\"elementor-column-wrap elementor-element-populated\">\n\t\t\t\t\t\t\t<div class=\"elementor-widget-wrap\">\n\t\t\t\t\t\t<div class=\"elementor-element elementor-element-2b198c8 elementor-widget elementor-widget-text-editor\" data-id=\"2b198c8\" data-element_type=\"widget\" data-widget_type=\"text-editor.default\">\n\t\t\t\t<div class=\"elementor-widget-container\">\n\t\t\t\t\t\t\t\t<div class=\"elementor-text-editor elementor-clearfix\">\n\t\t\t\t<ul>\n<li>De nuestra actitud depender\u00e1 que salvemos nuestros recursos naturales, ya que reciclar reduce la contaminaci\u00f3n y genera empleo. Adem\u00e1s es una excelente manera de intentar revertir el cambio clim\u00e1tico.<\/li>\n<li>Resulta de vital importancia continuar con los esfuerzos para reciclar todos los residuos \u00fatiles, como latas, pl\u00e1sticos, botellas de vidrio, papel, cart\u00f3n y peri\u00f3dico, etc\u00e9tera. As\u00ed se disminuye el consumo de petr\u00f3leo, agua, emisiones de CO2 y consumo energ\u00e9tico, y se evita a su vez la generaci\u00f3n de toneladas de basura.<\/li>\n<li>Puede tenerse una reducci\u00f3n del volumen de residuos y, por lo tanto, de la contaminaci\u00f3n.<\/li>\n<li>Se tendr\u00e1 un ahorro de energ\u00eda lo que reduce la dependencia del petr\u00f3leo. Normalmente se necesita menos energ\u00eda para fabricar un producto de material reciclado que de material virgen.<\/li>\n<\/ul>\t\t\t\t\t<\/div>\n\t\t\t\t\t\t<\/div>\n\t\t\t\t<\/div>\n\t\t\t\t\t\t<\/div>\n\t\t\t\t\t<\/div>\n\t\t<\/div>\n\t\t\t\t<div class=\"elementor-column elementor-col-50 elementor-inner-column elementor-element elementor-element-6a13c89\" data-id=\"6a13c89\" data-element_type=\"column\">\n\t\t\t<div class=\"elementor-column-wrap elementor-element-populated\">\n\t\t\t\t\t\t\t<div class=\"elementor-widget-wrap\">\n\t\t\t\t\t\t<div class=\"elementor-element elementor-element-1fc6345 elementor-widget elementor-widget-image\" data-id=\"1fc6345\" data-element_type=\"widget\" data-widget_type=\"image.default\">\n\t\t\t\t<div class=\"elementor-widget-container\">\n\t\t\t\t\t\t\t\t<div class=\"elementor-image\">\n\t\t\t\t\t\t\t\t\t\t\t\t<img width=\"1024\" height=\"768\" src=\"https:\/\/www.medellin.gov.co\/es\/wp-content\/uploads\/2021\/09\/hombre-reciclando.jpg\" class=\"attachment-full size-full\" alt=\"Hombre reciclando\" loading=\"lazy\" srcset=\"https:\/\/www.medellin.gov.co\/es\/wp-content\/uploads\/2021\/09\/hombre-reciclando.jpg 1024w, https:\/\/www.medellin.gov.co\/es\/wp-content\/uploads\/2021\/09\/hombre-reciclando-300x225.jpg 300w, https:\/\/www.medellin.gov.co\/es\/wp-content\/uploads\/2021\/09\/hombre-reciclando-150x113.jpg 150w, https:\/\/www.medellin.gov.co\/es\/wp-content\/uploads\/2021\/09\/hombre-reciclando-768x576.jpg 768w\" sizes=\"(max-width: 1024px) 100vw, 1024px\" \/>\t\t\t\t\t\t\t\t\t\t\t\t\t\t<\/div>\n\t\t\t\t\t\t<\/div>\n\t\t\t\t<\/div>\n\t\t\t\t\t\t<\/div>\n\t\t\t\t\t<\/div>\n\t\t<\/div>\n\t\t\t\t\t\t\t\t<\/div>\n\t\t\t\t\t<\/div>\n\t\t<\/section>\n\t\t\t\t<div class=\"elementor-element elementor-element-c284b50 elementor-widget elementor-widget-text-editor\" data-id=\"c284b50\" data-element_type=\"widget\" data-widget_type=\"text-editor.default\">\n\t\t\t\t<div class=\"elementor-widget-container\">\n\t\t\t\t\t\t\t\t<div class=\"elementor-text-editor elementor-clearfix\">\n\t\t\t\t<ul><li>Habr\u00e1 una reducci\u00f3n de la contaminaci\u00f3n del aire, el suelo y el agua.<\/li><li>Podr\u00e1 darse una disminuci\u00f3n de costos asociados a la producci\u00f3n de nuevos bienes.<\/li><li>El material reciclable que se genere en casa debe entregarse en buen estado al reciclador de oficio de cada barrio, al hacerlo se contribuye a que su trabajo se dignifique y a que d\u00eda a d\u00eda sean reconocidos.<\/li><\/ul><p>Las actividades puntuales para el aprovechamiento de residuos org\u00e1nicos dentro de los programas del Plan de Gesti\u00f3n Integral de residuos S\u00f3lidos (Pgirs) son:<\/p>\t\t\t\t\t<\/div>\n\t\t\t\t\t\t<\/div>\n\t\t\t\t<\/div>\n\t\t\t\t<div class=\"elementor-element elementor-element-68dcd40 elementor-widget elementor-widget-text-editor\" data-id=\"68dcd40\" data-element_type=\"widget\" data-widget_type=\"text-editor.default\">\n\t\t\t\t<div class=\"elementor-widget-container\">\n\t\t\t\t\t\t\t\t<div class=\"elementor-text-editor elementor-clearfix\">\n\t\t\t\t<ul><li>Acompa\u00f1amiento a las empresas en buenas pr\u00e1cticas ambientales.<\/li><li>Formaci\u00f3n a los recicladores y acompa\u00f1amiento en las organizaciones para que desempe\u00f1en su labor de manera afirmativa.<\/li><\/ul>\t\t\t\t\t<\/div>\n\t\t\t\t\t\t<\/div>\n\t\t\t\t<\/div>\n\t\t\t\t<div class=\"elementor-element elementor-element-e5bc630 elementor-widget elementor-widget-heading\" data-id=\"e5bc630\" data-element_type=\"widget\" data-widget_type=\"heading.default\">\n\t\t\t\t<div class=\"elementor-widget-container\">\n\t\t\t<h2 class=\"elementor-heading-title elementor-size-default\">\u00bf<b>Cu\u00e1l es la generaci\u00f3n mensual de reciclaje<\/b> en la ciudad de Medell\u00edn?<\/h2>\t\t<\/div>\n\t\t\t\t<\/div>\n\t\t\t\t<div class=\"elementor-element elementor-element-50e72aa elementor-widget elementor-widget-image\" data-id=\"50e72aa\" data-element_type=\"widget\" data-widget_type=\"image.default\">\n\t\t\t\t<div class=\"elementor-widget-container\">\n\t\t\t\t\t\t\t\t<div class=\"elementor-image\">\n\t\t\t\t\t\t\t\t\t\t\t\t<img width=\"1280\" height=\"960\" src=\"https:\/\/www.medellin.gov.co\/es\/wp-content\/uploads\/2021\/09\/reciclaje-en-la-ciudad-de-medellin.jpg\" class=\"attachment-full size-full\" alt=\"Personal reciclador\" loading=\"lazy\" srcset=\"https:\/\/www.medellin.gov.co\/es\/wp-content\/uploads\/2021\/09\/reciclaje-en-la-ciudad-de-medellin.jpg 1280w, https:\/\/www.medellin.gov.co\/es\/wp-content\/uploads\/2021\/09\/reciclaje-en-la-ciudad-de-medellin-300x225.jpg 300w, https:\/\/www.medellin.gov.co\/es\/wp-content\/uploads\/2021\/09\/reciclaje-en-la-ciudad-de-medellin-1024x768.jpg 1024w, https:\/\/www.medellin.gov.co\/es\/wp-content\/uploads\/2021\/09\/reciclaje-en-la-ciudad-de-medellin-150x113.jpg 150w, https:\/\/www.medellin.gov.co\/es\/wp-content\/uploads\/2021\/09\/reciclaje-en-la-ciudad-de-medellin-768x576.jpg 768w\" sizes=\"(max-width: 1280px) 100vw, 1280px\" \/>\t\t\t\t\t\t\t\t\t\t\t\t\t\t<\/div>\n\t\t\t\t\t\t<\/div>\n\t\t\t\t<\/div>\n\t\t\t\t<div class=\"elementor-element elementor-element-12bfcdf elementor-widget elementor-widget-text-editor\" data-id=\"12bfcdf\" data-element_type=\"widget\" data-widget_type=\"text-editor.default\">\n\t\t\t\t<div class=\"elementor-widget-container\">\n\t\t\t\t\t\t\t\t<div class=\"elementor-text-editor elementor-clearfix\">\n\t\t\t\t<p>Seg\u00fan la caracterizaci\u00f3n de residuos realizada durante 2018 y 2019, los ciudadanos de Medell\u00edn generan 0.54 kg de residuos al d\u00eda.<\/p><p>En 2020 se dispusieron al relleno sanitario La Pradera 664059 toneladas de residuos. Adicionalmente, seg\u00fan la actualizaci\u00f3n de Pgirs 2020, la cantidad de residuos s\u00f3lidos generados en la ciudad fue de 915.853 toneladas, de las cuales fueron aprovechadas 267.098 toneladas en ese mismo a\u00f1o.<\/p>\t\t\t\t\t<\/div>\n\t\t\t\t\t\t<\/div>\n\t\t\t\t<\/div>\n\t\t\t\t<section class=\"elementor-section elementor-inner-section elementor-element elementor-element-57a4b4d elementor-section-boxed elementor-section-height-default elementor-section-height-default\" data-id=\"57a4b4d\" data-element_type=\"section\">\n\t\t\t\t\t\t<div class=\"elementor-container elementor-column-gap-default\">\n\t\t\t\t\t\t\t<div class=\"elementor-row\">\n\t\t\t\t\t<div class=\"elementor-column elementor-col-50 elementor-inner-column elementor-element elementor-element-5ebfb40\" data-id=\"5ebfb40\" data-element_type=\"column\">\n\t\t\t<div class=\"elementor-column-wrap elementor-element-populated\">\n\t\t\t\t\t\t\t<div class=\"elementor-widget-wrap\">\n\t\t\t\t\t\t<div class=\"elementor-element elementor-element-02575e4 elementor-aspect-ratio-169 elementor-widget elementor-widget-video\" data-id=\"02575e4\" data-element_type=\"widget\" data-settings=\"{&quot;youtube_url&quot;:&quot;https:\\\/\\\/youtu.be\\\/X69eR2qvGjE&quot;,&quot;video_type&quot;:&quot;youtube&quot;,&quot;controls&quot;:&quot;yes&quot;,&quot;aspect_ratio&quot;:&quot;169&quot;}\" data-widget_type=\"video.default\">\n\t\t\t\t<div class=\"elementor-widget-container\">\n\t\t\t\t\t<div class=\"elementor-wrapper elementor-fit-aspect-ratio elementor-open-inline\">\n\t\t\t<div class=\"elementor-video\"><\/div>\t\t<\/div>\n\t\t\t\t<\/div>\n\t\t\t\t<\/div>\n\t\t\t\t\t\t<\/div>\n\t\t\t\t\t<\/div>\n\t\t<\/div>\n\t\t\t\t<div class=\"elementor-column elementor-col-50 elementor-inner-column elementor-element elementor-element-7dc9bc5\" data-id=\"7dc9bc5\" data-element_type=\"column\">\n\t\t\t<div class=\"elementor-column-wrap elementor-element-populated\">\n\t\t\t\t\t\t\t<div class=\"elementor-widget-wrap\">\n\t\t\t\t\t\t<div class=\"elementor-element elementor-element-751e10e elementor-aspect-ratio-169 elementor-widget elementor-widget-video\" data-id=\"751e10e\" data-element_type=\"widget\" data-settings=\"{&quot;youtube_url&quot;:&quot;https:\\\/\\\/youtu.be\\\/dGmcLrc7NPM&quot;,&quot;video_type&quot;:&quot;youtube&quot;,&quot;controls&quot;:&quot;yes&quot;,&quot;aspect_ratio&quot;:&quot;169&quot;}\" data-widget_type=\"video.default\">\n\t\t\t\t<div class=\"elementor-widget-container\">\n\t\t\t\t\t<div class=\"elementor-wrapper elementor-fit-aspect-ratio elementor-open-inline\">\n\t\t\t<div class=\"elementor-video\"><\/div>\t\t<\/div>\n\t\t\t\t<\/div>\n\t\t\t\t<\/div>\n\t\t\t\t\t\t<\/div>\n\t\t\t\t\t<\/div>\n\t\t<\/div>\n\t\t\t\t\t\t\t\t<\/div>\n\t\t\t\t\t<\/div>\n\t\t<\/section>\n\t\t\t\t<section class=\"elementor-section elementor-inner-section elementor-element elementor-element-29d0b71 elementor-section-boxed elementor-section-height-default elementor-section-height-default\" data-id=\"29d0b71\" data-element_type=\"section\">\n\t\t\t\t\t\t<div class=\"elementor-container elementor-column-gap-default\">\n\t\t\t\t\t\t\t<div class=\"elementor-row\">\n\t\t\t\t\t<div class=\"elementor-column elementor-col-50 elementor-inner-column elementor-element elementor-element-925b5b8\" data-id=\"925b5b8\" data-element_type=\"column\">\n\t\t\t<div class=\"elementor-column-wrap elementor-element-populated\">\n\t\t\t\t\t\t\t<div class=\"elementor-widget-wrap\">\n\t\t\t\t\t\t<div class=\"elementor-element elementor-element-1490f75 elementor-aspect-ratio-169 elementor-widget elementor-widget-video\" data-id=\"1490f75\" data-element_type=\"widget\" data-settings=\"{&quot;youtube_url&quot;:&quot;https:\\\/\\\/youtu.be\\\/v5LikQf96c8&quot;,&quot;video_type&quot;:&quot;youtube&quot;,&quot;controls&quot;:&quot;yes&quot;,&quot;aspect_ratio&quot;:&quot;169&quot;}\" data-widget_type=\"video.default\">\n\t\t\t\t<div class=\"elementor-widget-container\">\n\t\t\t\t\t<div class=\"elementor-wrapper elementor-fit-aspect-ratio elementor-open-inline\">\n\t\t\t<div class=\"elementor-video\"><\/div>\t\t<\/div>\n\t\t\t\t<\/div>\n\t\t\t\t<\/div>\n\t\t\t\t\t\t<\/div>\n\t\t\t\t\t<\/div>\n\t\t<\/div>\n\t\t\t\t<div class=\"elementor-column elementor-col-50 elementor-inner-column elementor-element elementor-element-e95bead\" data-id=\"e95bead\" data-element_type=\"column\">\n\t\t\t<div class=\"elementor-column-wrap elementor-element-populated\">\n\t\t\t\t\t\t\t<div class=\"elementor-widget-wrap\">\n\t\t\t\t\t\t<div class=\"elementor-element elementor-element-80080af elementor-aspect-ratio-169 elementor-widget elementor-widget-video\" data-id=\"80080af\" data-element_type=\"widget\" data-settings=\"{&quot;youtube_url&quot;:&quot;https:\\\/\\\/youtu.be\\\/TcZADPUjEto&quot;,&quot;video_type&quot;:&quot;youtube&quot;,&quot;controls&quot;:&quot;yes&quot;,&quot;aspect_ratio&quot;:&quot;169&quot;}\" data-widget_type=\"video.default\">\n\t\t\t\t<div class=\"elementor-widget-container\">\n\t\t\t\t\t<div class=\"elementor-wrapper elementor-fit-aspect-ratio elementor-open-inline\">\n\t\t\t<div class=\"elementor-video\"><\/div>\t\t<\/div>\n\t\t\t\t<\/div>\n\t\t\t\t<\/div>\n\t\t\t\t\t\t<\/div>\n\t\t\t\t\t<\/div>\n\t\t<\/div>\n\t\t\t\t\t\t\t\t<\/div>\n\t\t\t\t\t<\/div>\n\t\t<\/section>\n\t\t\t\t\t\t<\/div>\n\t\t\t\t\t<\/div>\n\t\t<\/div>\n\t\t\t\t\t\t\t\t<\/div>\n\t\t\t\t\t<\/div>\n\t\t<\/section>\n\t\t\t\t\t\t\t\t\t<\/div>\n\t\t\t<\/div>\n\t\t\t\t\t<\/div>\n\t\t","protected":false},"excerpt":{"rendered":"<p>Recicladores en Medell\u00edn https:\/\/youtu.be\/CxL2Kv46kuI En Medell\u00edn hay m\u00e1s de 3.080 recicladores y 23 organizaciones prestadoras del servicio, autorizadas por la Superintendencia de Servicios P\u00fablicos Domiciliarios. Estas personas recorren a diario las comunas de la ciudad, &#8230;<\/p>\n","protected":false},"author":1,"featured_media":15525,"parent":14255,"menu_order":5,"comment_status":"closed","ping_status":"closed","template":"sec-medio-ambiente\/elementor.php","meta":[],"acf":[],"_links":{"self":[{"href":"https:\/\/www.medellin.gov.co\/es\/wp-json\/wp\/v2\/pages\/14257"}],"collection":[{"href":"https:\/\/www.medellin.gov.co\/es\/wp-json\/wp\/v2\/pages"}],"about":[{"href":"https:\/\/www.medellin.gov.co\/es\/wp-json\/wp\/v2\/types\/page"}],"author":[{"embeddable":true,"href":"https:\/\/www.medellin.gov.co\/es\/wp-json\/wp\/v2\/users\/1"}],"replies":[{"embeddable":true,"href":"https:\/\/www.medellin.gov.co\/es\/wp-json\/wp\/v2\/comments?post=14257"}],"version-history":[{"count":18,"href":"https:\/\/www.medellin.gov.co\/es\/wp-json\/wp\/v2\/pages\/14257\/revisions"}],"predecessor-version":[{"id":31919,"href":"https:\/\/www.medellin.gov.co\/es\/wp-json\/wp\/v2\/pages\/14257\/revisions\/31919"}],"up":[{"embeddable":true,"href":"https:\/\/www.medellin.gov.co\/es\/wp-json\/wp\/v2\/pages\/14255"}],"wp:featuredmedia":[{"embeddable":true,"href":"https:\/\/www.medellin.gov.co\/es\/wp-json\/wp\/v2\/media\/15525"}],"wp:attachment":[{"href":"https:\/\/www.medellin.gov.co\/es\/wp-json\/wp\/v2\/media?parent=14257"}],"curies":[{"name":"wp","href":"https:\/\/api.w.org\/{rel}","templated":true}]}}