{"id":14266,"date":"2021-09-14T20:18:37","date_gmt":"2021-09-15T01:18:37","guid":{"rendered":"https:\/\/www.medellin.gov.co\/es\/?page_id=14266"},"modified":"2022-07-01T13:10:26","modified_gmt":"2022-07-01T18:10:26","slug":"residuos-posconsumo","status":"publish","type":"page","link":"https:\/\/www.medellin.gov.co\/es\/secretaria-medio-ambiente\/manejo-de-residuos-solidos-en-medellin\/residuos-posconsumo\/","title":{"rendered":"Residuos posconsumo"},"content":{"rendered":"\t\t<div data-elementor-type=\"wp-page\" data-elementor-id=\"14266\" class=\"elementor elementor-14266\">\n\t\t\t\t\t\t<div class=\"elementor-inner\">\n\t\t\t\t<div class=\"elementor-section-wrap\">\n\t\t\t\t\t\t\t\t\t<section class=\"elementor-section elementor-top-section elementor-element elementor-element-4a1ca5b3 elementor-section-boxed elementor-section-height-default elementor-section-height-default\" data-id=\"4a1ca5b3\" data-element_type=\"section\">\n\t\t\t\t\t\t<div class=\"elementor-container elementor-column-gap-default\">\n\t\t\t\t\t\t\t<div class=\"elementor-row\">\n\t\t\t\t\t<div class=\"elementor-column elementor-col-100 elementor-top-column elementor-element elementor-element-3af842ac\" data-id=\"3af842ac\" data-element_type=\"column\">\n\t\t\t<div class=\"elementor-column-wrap elementor-element-populated\">\n\t\t\t\t\t\t\t<div class=\"elementor-widget-wrap\">\n\t\t\t\t\t\t<div class=\"elementor-element elementor-element-ee0ba75 elementor-widget elementor-widget-heading\" data-id=\"ee0ba75\" data-element_type=\"widget\" data-widget_type=\"heading.default\">\n\t\t\t\t<div class=\"elementor-widget-container\">\n\t\t\t<h1 class=\"elementor-heading-title elementor-size-default\">Residuos posconsumo<\/h1>\t\t<\/div>\n\t\t\t\t<\/div>\n\t\t\t\t<div class=\"elementor-element elementor-element-74400e0 elementor-widget elementor-widget-heading\" data-id=\"74400e0\" data-element_type=\"widget\" data-widget_type=\"heading.default\">\n\t\t\t\t<div class=\"elementor-widget-container\">\n\t\t\t<h2 class=\"elementor-heading-title elementor-size-default\">\u00bf<b>Qu\u00e9 son<\/b> los Respel?<\/h2>\t\t<\/div>\n\t\t\t\t<\/div>\n\t\t\t\t<div class=\"elementor-element elementor-element-3e383dd elementor-widget elementor-widget-text-editor\" data-id=\"3e383dd\" data-element_type=\"widget\" data-widget_type=\"text-editor.default\">\n\t\t\t\t<div class=\"elementor-widget-container\">\n\t\t\t\t\t\t\t\t<div class=\"elementor-text-editor elementor-clearfix\">\n\t\t\t\t<p>Son los residuos, que por las sustancias o elementos que los componen, pueden causar riesgo o da\u00f1o para la salud y\/o el ambiente, ya sea por sus caracter\u00edsticas corrosivas, reactivas, explosivas, t\u00f3xicas, inflamables, infecciosas o radiactivas.<br \/>De acuerdo a la \u00faltima caracterizaci\u00f3n de residuos s\u00f3lidos en la ciudad, para el sector residencial los Respel, corresponden en promedio a un 2.02% del total de residuos generados (incluyendo residuos posconsumo).<\/p>\t\t\t\t\t<\/div>\n\t\t\t\t\t\t<\/div>\n\t\t\t\t<\/div>\n\t\t\t\t<div class=\"elementor-element elementor-element-f66f358 elementor-widget elementor-widget-heading\" data-id=\"f66f358\" data-element_type=\"widget\" data-widget_type=\"heading.default\">\n\t\t\t\t<div class=\"elementor-widget-container\">\n\t\t\t<h2 class=\"elementor-heading-title elementor-size-default\">\u00bf<b>Qu\u00e9 son<\/b> los Residuos Posconsumo?<\/h2>\t\t<\/div>\n\t\t\t\t<\/div>\n\t\t\t\t<section class=\"elementor-section elementor-inner-section elementor-element elementor-element-2cbabed elementor-section-boxed elementor-section-height-default elementor-section-height-default\" data-id=\"2cbabed\" data-element_type=\"section\">\n\t\t\t\t\t\t<div class=\"elementor-container elementor-column-gap-default\">\n\t\t\t\t\t\t\t<div class=\"elementor-row\">\n\t\t\t\t\t<div class=\"elementor-column elementor-col-50 elementor-inner-column elementor-element elementor-element-e3c4fd6\" data-id=\"e3c4fd6\" data-element_type=\"column\">\n\t\t\t<div class=\"elementor-column-wrap elementor-element-populated\">\n\t\t\t\t\t\t\t<div class=\"elementor-widget-wrap\">\n\t\t\t\t\t\t<div class=\"elementor-element elementor-element-74f26dd elementor-widget elementor-widget-text-editor\" data-id=\"74f26dd\" data-element_type=\"widget\" data-widget_type=\"text-editor.default\">\n\t\t\t\t<div class=\"elementor-widget-container\">\n\t\t\t\t\t\t\t\t<div class=\"elementor-text-editor elementor-clearfix\">\n\t\t\t\t<p>Son residuos que por su grado de peligrosidad deben ser separados de aquellos de uso dom\u00e9stico o comunes y entregados a trav\u00e9s de canales de retorno para que los fabricantes e importadores dispongan para su recolecci\u00f3n, tratamiento y disposici\u00f3n final, evitando que se conviertan en un peligro ambiental.<\/p><p>Algunos ejemplos de estos residuos son: pilas, bater\u00edas, luminarias y bombillas, medicamentos vencidos, de consumo humano o uso veterinario, plaguicidas, llantas, aparatos el\u00e9ctricos y electr\u00f3nicos, neveras, motores, entre otros.<\/p>\t\t\t\t\t<\/div>\n\t\t\t\t\t\t<\/div>\n\t\t\t\t<\/div>\n\t\t\t\t<div class=\"elementor-element elementor-element-8a6a0a5 elementor-align-left elementor-mobile-align-center elementor-widget elementor-widget-button\" data-id=\"8a6a0a5\" data-element_type=\"widget\" data-widget_type=\"button.default\">\n\t\t\t\t<div class=\"elementor-widget-container\">\n\t\t\t\t\t<div class=\"elementor-button-wrapper\">\n\t\t\t<a href=\"\/es\/eventos\/?_sft_category=secretaria-de-medio-ambiente\" class=\"elementor-button-link elementor-button elementor-size-sm\" role=\"button\">\n\t\t\t\t\t\t<span class=\"elementor-button-content-wrapper\">\n\t\t\t\t\t\t<span class=\"elementor-button-text\">Conoce nuestras rutas de recolecci\u00f3n<\/span>\n\t\t<\/span>\n\t\t\t\t\t<\/a>\n\t\t<\/div>\n\t\t\t\t<\/div>\n\t\t\t\t<\/div>\n\t\t\t\t\t\t<\/div>\n\t\t\t\t\t<\/div>\n\t\t<\/div>\n\t\t\t\t<div class=\"elementor-column elementor-col-50 elementor-inner-column elementor-element elementor-element-e3061ef\" data-id=\"e3061ef\" data-element_type=\"column\">\n\t\t\t<div class=\"elementor-column-wrap elementor-element-populated\">\n\t\t\t\t\t\t\t<div class=\"elementor-widget-wrap\">\n\t\t\t\t\t\t<div class=\"elementor-element elementor-element-94aa707 elementor-widget elementor-widget-image\" data-id=\"94aa707\" data-element_type=\"widget\" data-widget_type=\"image.default\">\n\t\t\t\t<div class=\"elementor-widget-container\">\n\t\t\t\t\t\t\t\t<div class=\"elementor-image\">\n\t\t\t\t\t\t\t\t\t\t\t\t<img width=\"800\" height=\"600\" src=\"https:\/\/www.medellin.gov.co\/es\/wp-content\/uploads\/2021\/11\/gestion-de-residuos-posconsumo.jpg\" class=\"attachment-full size-full\" alt=\"Gesti\u00f3n de residuos posconsumo\" loading=\"lazy\" srcset=\"https:\/\/www.medellin.gov.co\/es\/wp-content\/uploads\/2021\/11\/gestion-de-residuos-posconsumo.jpg 800w, https:\/\/www.medellin.gov.co\/es\/wp-content\/uploads\/2021\/11\/gestion-de-residuos-posconsumo-300x225.jpg 300w, https:\/\/www.medellin.gov.co\/es\/wp-content\/uploads\/2021\/11\/gestion-de-residuos-posconsumo-150x113.jpg 150w, https:\/\/www.medellin.gov.co\/es\/wp-content\/uploads\/2021\/11\/gestion-de-residuos-posconsumo-768x576.jpg 768w\" sizes=\"(max-width: 800px) 100vw, 800px\" \/>\t\t\t\t\t\t\t\t\t\t\t\t\t\t<\/div>\n\t\t\t\t\t\t<\/div>\n\t\t\t\t<\/div>\n\t\t\t\t\t\t<\/div>\n\t\t\t\t\t<\/div>\n\t\t<\/div>\n\t\t\t\t\t\t\t\t<\/div>\n\t\t\t\t\t<\/div>\n\t\t<\/section>\n\t\t\t\t<section class=\"elementor-section elementor-inner-section elementor-element elementor-element-f8a6a55 elementor-reverse-mobile elementor-section-boxed elementor-section-height-default elementor-section-height-default\" data-id=\"f8a6a55\" data-element_type=\"section\">\n\t\t\t\t\t\t<div class=\"elementor-container elementor-column-gap-default\">\n\t\t\t\t\t\t\t<div class=\"elementor-row\">\n\t\t\t\t\t<div class=\"elementor-column elementor-col-50 elementor-inner-column elementor-element elementor-element-585a404\" data-id=\"585a404\" data-element_type=\"column\">\n\t\t\t<div class=\"elementor-column-wrap elementor-element-populated\">\n\t\t\t\t\t\t\t<div class=\"elementor-widget-wrap\">\n\t\t\t\t\t\t<div class=\"elementor-element elementor-element-f92bf30 elementor-widget elementor-widget-image\" data-id=\"f92bf30\" data-element_type=\"widget\" data-widget_type=\"image.default\">\n\t\t\t\t<div class=\"elementor-widget-container\">\n\t\t\t\t\t\t\t\t<div class=\"elementor-image\">\n\t\t\t\t\t\t\t\t\t\t\t\t<img width=\"600\" height=\"800\" src=\"https:\/\/www.medellin.gov.co\/es\/wp-content\/uploads\/2021\/11\/conciencia-ciudadana-para-el-reciclaje.jpg\" class=\"attachment-full size-full\" alt=\"Conciencia ciudadana para el reciclaje\" loading=\"lazy\" srcset=\"https:\/\/www.medellin.gov.co\/es\/wp-content\/uploads\/2021\/11\/conciencia-ciudadana-para-el-reciclaje.jpg 600w, https:\/\/www.medellin.gov.co\/es\/wp-content\/uploads\/2021\/11\/conciencia-ciudadana-para-el-reciclaje-225x300.jpg 225w, https:\/\/www.medellin.gov.co\/es\/wp-content\/uploads\/2021\/11\/conciencia-ciudadana-para-el-reciclaje-113x150.jpg 113w\" sizes=\"(max-width: 600px) 100vw, 600px\" \/>\t\t\t\t\t\t\t\t\t\t\t\t\t\t<\/div>\n\t\t\t\t\t\t<\/div>\n\t\t\t\t<\/div>\n\t\t\t\t\t\t<\/div>\n\t\t\t\t\t<\/div>\n\t\t<\/div>\n\t\t\t\t<div class=\"elementor-column elementor-col-50 elementor-inner-column elementor-element elementor-element-c198a06\" data-id=\"c198a06\" data-element_type=\"column\">\n\t\t\t<div class=\"elementor-column-wrap elementor-element-populated\">\n\t\t\t\t\t\t\t<div class=\"elementor-widget-wrap\">\n\t\t\t\t\t\t<div class=\"elementor-element elementor-element-80cd74f elementor-widget elementor-widget-heading\" data-id=\"80cd74f\" data-element_type=\"widget\" data-widget_type=\"heading.default\">\n\t\t\t\t<div class=\"elementor-widget-container\">\n\t\t\t<h3 class=\"elementor-heading-title elementor-size-default\">\u00bfQu\u00e9 podemos hacer como ciudadanos?<\/h3>\t\t<\/div>\n\t\t\t\t<\/div>\n\t\t\t\t<div class=\"elementor-element elementor-element-d729810 elementor-widget elementor-widget-text-editor\" data-id=\"d729810\" data-element_type=\"widget\" data-widget_type=\"text-editor.default\">\n\t\t\t\t<div class=\"elementor-widget-container\">\n\t\t\t\t\t\t\t\t<div class=\"elementor-text-editor elementor-clearfix\">\n\t\t\t\t<ul><li><p>Prevenir y minimizar su generaci\u00f3n: teniendo h\u00e1bitos de consumo responsable, calculando la cantidad exacta de productos que se van a usar y priorizando aquellos que sean amigables con el ambiente o que puedan cumplir la funci\u00f3n requerida sin tener en su composici\u00f3n sustancias qu\u00edmicas peligrosas.<\/p><\/li><li><p><span style=\"color: var( --e-global-color-text ); font-family: var( --e-global-typography-text-font-family ), Sans-serif; font-size: var( --e-global-typography-text-font-size ); font-weight: var( --e-global-typography-text-font-weight );\">Entregarlos a gestores con licencia: Si no hace parte de los residuos con programas de devoluci\u00f3n posconsumo, se debe contratar a un gestor (con licencia para el tipo de residuo a gestionar) para que realice la recolecci\u00f3n, transporte, tratamiento y\/o disposici\u00f3n final del mismo.<\/span><\/p><\/li><li><p><span style=\"color: var( --e-global-color-text ); font-family: var( --e-global-typography-text-font-family ), Sans-serif; font-size: var( --e-global-typography-text-font-size ); font-weight: var( --e-global-typography-text-font-weight );\">Realizar una adecuada separaci\u00f3n: Si un residuo no peligroso entra en contacto con una sustancia que s\u00ed lo es, se convierte inmediatamente en residuo peligroso, por lo que se debe hacer un adecuado proceso de separaci\u00f3n en la fuente que evite que se mezclen entre s\u00ed. Tener en cuenta que estos deben presentarse debidamente empacados e identificados y se debe informar el tipo de residuo y la cantidad.<\/span><\/p><\/li><\/ul>\t\t\t\t\t<\/div>\n\t\t\t\t\t\t<\/div>\n\t\t\t\t<\/div>\n\t\t\t\t\t\t<\/div>\n\t\t\t\t\t<\/div>\n\t\t<\/div>\n\t\t\t\t\t\t\t\t<\/div>\n\t\t\t\t\t<\/div>\n\t\t<\/section>\n\t\t\t\t<div class=\"elementor-element elementor-element-ceb95fd elementor-widget elementor-widget-text-editor\" data-id=\"ceb95fd\" data-element_type=\"widget\" data-widget_type=\"text-editor.default\">\n\t\t\t\t<div class=\"elementor-widget-container\">\n\t\t\t\t\t\t\t\t<div class=\"elementor-text-editor elementor-clearfix\">\n\t\t\t\t<p>La mala disposici\u00f3n de este tipo de residuos es responsabilidad del generador y por esto es importante asegurarse de entregarlo a empresas autorizadas para darle el manejo adecuado o se podr\u00eda incurrir en multas o sanciones. Es importante tener en cuenta que el incumplimiento de estas obligaciones puede acarrear sanciones a toda persona que infrinja la normatividad existente en la materia.<\/p>\t\t\t\t\t<\/div>\n\t\t\t\t\t\t<\/div>\n\t\t\t\t<\/div>\n\t\t\t\t<div class=\"elementor-element elementor-element-f631a47 elementor-widget elementor-widget-heading\" data-id=\"f631a47\" data-element_type=\"widget\" data-widget_type=\"heading.default\">\n\t\t\t\t<div class=\"elementor-widget-container\">\n\t\t\t<h4 class=\"elementor-heading-title elementor-size-default\">Canales de atenci\u00f3n para disposici\u00f3n final de residuos peligrosos<\/h4>\t\t<\/div>\n\t\t\t\t<\/div>\n\t\t\t\t<div class=\"elementor-element elementor-element-905be0d elementor-widget elementor-widget-text-editor\" data-id=\"905be0d\" data-element_type=\"widget\" data-widget_type=\"text-editor.default\">\n\t\t\t\t<div class=\"elementor-widget-container\">\n\t\t\t\t\t\t\t\t<div class=\"elementor-text-editor elementor-clearfix\">\n\t\t\t\t<p>La comunidad puede acudir a los siguientes canales de atenci\u00f3n:<\/p>\n<p>Para entregar residuos peligrosos que no cuentan con programas de devoluci\u00f3n posconsumo, con caracter\u00edsticas corrosivas, reactivas, explosivas, t\u00f3xicas, inflamables, infecciosas, vol\u00e1tiles (lodos contaminados, qu\u00edmicos, pinturas, entre otros), puedes comunicarte con la l\u00ednea amiga del aseo de Emvarias 444 56 36 o al correo especiales@emvarias.com.co. El costo del servicio depende de los kilogramos que se recojan y el valor del transporte.<\/p>\n<p>En los sitios web de las autoridades ambientales se encuentran los listados de gestores de Respel autorizados:<\/p>\t\t\t\t\t<\/div>\n\t\t\t\t\t\t<\/div>\n\t\t\t\t<\/div>\n\t\t\t\t<div class=\"elementor-element elementor-element-2e18d60 elementor-widget elementor-widget-text-editor\" data-id=\"2e18d60\" data-element_type=\"widget\" data-widget_type=\"text-editor.default\">\n\t\t\t\t<div class=\"elementor-widget-container\">\n\t\t\t\t\t\t\t\t<div class=\"elementor-text-editor elementor-clearfix\">\n\t\t\t\t<p>Sitio de Corantioquia: <a href=\"https:\/\/www.corantioquia.gov.co\/\" target=\"_blank\" rel=\"noopener\">https:\/\/www.corantioquia.gov.co\/Paginas\/Inicio.aspx<\/a><\/p><p>Sitio AMVA: <a href=\"https:\/\/www.metropol.gov.co\/ambiental\/residuos-solidos\/Paginas\/plan-de-gestion-integral.aspx\" target=\"_blank\" rel=\"noopener\">https:\/\/www.metropol.gov.co\/ambiental\/residuos-solidos\/Paginas\/plan-de-gestion-integral.aspx<\/a> \u00a0<\/p><p>Mapa Posconsumo en Google Maps, desarrollado por el AMVA se pueden encontrar los puntos de devoluci\u00f3n posconsumo en el Valle de Aburr\u00e1: <a href=\"https:\/\/www.metropol.gov.co\/ambiental\/residuos-solidos\/Paginas\/posconsumo.aspx\" target=\"_blank\" rel=\"noopener\">https:\/\/www.metropol.gov.co\/ambiental\/residuos-solidos\/Paginas\/posconsumo.aspx<\/a><\/p>\t\t\t\t\t<\/div>\n\t\t\t\t\t\t<\/div>\n\t\t\t\t<\/div>\n\t\t\t\t\t\t<\/div>\n\t\t\t\t\t<\/div>\n\t\t<\/div>\n\t\t\t\t\t\t\t\t<\/div>\n\t\t\t\t\t<\/div>\n\t\t<\/section>\n\t\t\t\t\t\t\t\t\t<\/div>\n\t\t\t<\/div>\n\t\t\t\t\t<\/div>\n\t\t","protected":false},"excerpt":{"rendered":"<p>Residuos posconsumo \u00bfQu\u00e9 son los Respel? Son los residuos, que por las sustancias o elementos que los componen, pueden causar riesgo o da\u00f1o para la salud y\/o el ambiente, ya sea por sus caracter\u00edsticas corrosivas, &#8230;<\/p>\n","protected":false},"author":1,"featured_media":15525,"parent":14255,"menu_order":10,"comment_status":"closed","ping_status":"closed","template":"sec-medio-ambiente\/elementor.php","meta":[],"acf":[],"_links":{"self":[{"href":"https:\/\/www.medellin.gov.co\/es\/wp-json\/wp\/v2\/pages\/14266"}],"collection":[{"href":"https:\/\/www.medellin.gov.co\/es\/wp-json\/wp\/v2\/pages"}],"about":[{"href":"https:\/\/www.medellin.gov.co\/es\/wp-json\/wp\/v2\/types\/page"}],"author":[{"embeddable":true,"href":"https:\/\/www.medellin.gov.co\/es\/wp-json\/wp\/v2\/users\/1"}],"replies":[{"embeddable":true,"href":"https:\/\/www.medellin.gov.co\/es\/wp-json\/wp\/v2\/comments?post=14266"}],"version-history":[{"count":62,"href":"https:\/\/www.medellin.gov.co\/es\/wp-json\/wp\/v2\/pages\/14266\/revisions"}],"predecessor-version":[{"id":66674,"href":"https:\/\/www.medellin.gov.co\/es\/wp-json\/wp\/v2\/pages\/14266\/revisions\/66674"}],"up":[{"embeddable":true,"href":"https:\/\/www.medellin.gov.co\/es\/wp-json\/wp\/v2\/pages\/14255"}],"wp:featuredmedia":[{"embeddable":true,"href":"https:\/\/www.medellin.gov.co\/es\/wp-json\/wp\/v2\/media\/15525"}],"wp:attachment":[{"href":"https:\/\/www.medellin.gov.co\/es\/wp-json\/wp\/v2\/media?parent=14266"}],"curies":[{"name":"wp","href":"https:\/\/api.w.org\/{rel}","templated":true}]}}