{"id":14274,"date":"2021-09-14T20:24:14","date_gmt":"2021-09-15T01:24:14","guid":{"rendered":"https:\/\/www.medellin.gov.co\/es\/?page_id=14274"},"modified":"2021-12-20T15:17:12","modified_gmt":"2021-12-20T20:17:12","slug":"quebradas-de-medellin","status":"publish","type":"page","link":"https:\/\/www.medellin.gov.co\/es\/secretaria-medio-ambiente\/quebradas-de-medellin\/","title":{"rendered":"Quebradas de Medell\u00edn"},"content":{"rendered":"\t\t<div data-elementor-type=\"wp-page\" data-elementor-id=\"14274\" class=\"elementor elementor-14274\">\n\t\t\t\t\t\t<div class=\"elementor-inner\">\n\t\t\t\t<div class=\"elementor-section-wrap\">\n\t\t\t\t\t\t\t\t\t<section class=\"elementor-section elementor-top-section elementor-element elementor-element-692607da elementor-section-boxed elementor-section-height-default elementor-section-height-default\" data-id=\"692607da\" data-element_type=\"section\">\n\t\t\t\t\t\t<div class=\"elementor-container elementor-column-gap-default\">\n\t\t\t\t\t\t\t<div class=\"elementor-row\">\n\t\t\t\t\t<div class=\"elementor-column elementor-col-100 elementor-top-column elementor-element elementor-element-680a0bc\" data-id=\"680a0bc\" data-element_type=\"column\">\n\t\t\t<div class=\"elementor-column-wrap elementor-element-populated\">\n\t\t\t\t\t\t\t<div class=\"elementor-widget-wrap\">\n\t\t\t\t\t\t<div class=\"elementor-element elementor-element-121d7779 elementor-widget elementor-widget-heading\" data-id=\"121d7779\" data-element_type=\"widget\" data-widget_type=\"heading.default\">\n\t\t\t\t<div class=\"elementor-widget-container\">\n\t\t\t<h1 class=\"elementor-heading-title elementor-size-default\">Quebradas de Medell\u00edn<\/h1>\t\t<\/div>\n\t\t\t\t<\/div>\n\t\t\t\t<section class=\"elementor-section elementor-inner-section elementor-element elementor-element-57f867c elementor-section-boxed elementor-section-height-default elementor-section-height-default\" data-id=\"57f867c\" data-element_type=\"section\">\n\t\t\t\t\t\t<div class=\"elementor-container elementor-column-gap-default\">\n\t\t\t\t\t\t\t<div class=\"elementor-row\">\n\t\t\t\t\t<div class=\"elementor-column elementor-col-50 elementor-inner-column elementor-element elementor-element-852f220\" data-id=\"852f220\" data-element_type=\"column\">\n\t\t\t<div class=\"elementor-column-wrap elementor-element-populated\">\n\t\t\t\t\t\t\t<div class=\"elementor-widget-wrap\">\n\t\t\t\t\t\t<div class=\"elementor-element elementor-element-0a3f7bb elementor-widget elementor-widget-image\" data-id=\"0a3f7bb\" data-element_type=\"widget\" data-widget_type=\"image.default\">\n\t\t\t\t<div class=\"elementor-widget-container\">\n\t\t\t\t\t\t\t\t<div class=\"elementor-image\">\n\t\t\t\t\t\t\t\t\t\t\t\t<img width=\"1024\" height=\"568\" src=\"https:\/\/www.medellin.gov.co\/es\/wp-content\/uploads\/2021\/09\/quebradas-de-medellin.jpg\" class=\"attachment-full size-full\" alt=\"Quebrada en Medell\u00edn\" loading=\"lazy\" srcset=\"https:\/\/www.medellin.gov.co\/es\/wp-content\/uploads\/2021\/09\/quebradas-de-medellin.jpg 1024w, https:\/\/www.medellin.gov.co\/es\/wp-content\/uploads\/2021\/09\/quebradas-de-medellin-300x166.jpg 300w, https:\/\/www.medellin.gov.co\/es\/wp-content\/uploads\/2021\/09\/quebradas-de-medellin-150x83.jpg 150w, https:\/\/www.medellin.gov.co\/es\/wp-content\/uploads\/2021\/09\/quebradas-de-medellin-768x426.jpg 768w\" sizes=\"(max-width: 1024px) 100vw, 1024px\" \/>\t\t\t\t\t\t\t\t\t\t\t\t\t\t<\/div>\n\t\t\t\t\t\t<\/div>\n\t\t\t\t<\/div>\n\t\t\t\t\t\t<\/div>\n\t\t\t\t\t<\/div>\n\t\t<\/div>\n\t\t\t\t<div class=\"elementor-column elementor-col-50 elementor-inner-column elementor-element elementor-element-80701a1\" data-id=\"80701a1\" data-element_type=\"column\">\n\t\t\t<div class=\"elementor-column-wrap elementor-element-populated\">\n\t\t\t\t\t\t\t<div class=\"elementor-widget-wrap\">\n\t\t\t\t\t\t<div class=\"elementor-element elementor-element-e2371ed elementor-widget elementor-widget-text-editor\" data-id=\"e2371ed\" data-element_type=\"widget\" data-widget_type=\"text-editor.default\">\n\t\t\t\t<div class=\"elementor-widget-container\">\n\t\t\t\t\t\t\t\t<div class=\"elementor-text-editor elementor-clearfix\">\n\t\t\t\t<p>Medell\u00edn cuenta con 4.217 quebradas, de las cuales 56 son afluentes principales y 4.161 afluentes secundarios, localizadas a lo largo de las 16 comunas y los 5 corregimientos del municipio. Con el prop\u00f3sito de mitigar y reducir riesgos y afectaciones hidr\u00e1ulicas, la Secretar\u00eda de Medio Ambiente realiza mantenimiento con un enfoque preventivo y correctivo, que de manera espec\u00edfica corresponde a:<\/p>\t\t\t\t\t<\/div>\n\t\t\t\t\t\t<\/div>\n\t\t\t\t<\/div>\n\t\t\t\t<div class=\"elementor-element elementor-element-d59f25e elementor-widget elementor-widget-text-editor\" data-id=\"d59f25e\" data-element_type=\"widget\" data-widget_type=\"text-editor.default\">\n\t\t\t\t<div class=\"elementor-widget-container\">\n\t\t\t\t\t\t\t\t<div class=\"elementor-text-editor elementor-clearfix\">\n\t\t\t\t<ul><li>Actividades de limpieza y remoci\u00f3n de basuras, escombros y sedimentos, en cauces y zonas adyacentes.<\/li><li>Reparaci\u00f3n de la estructura hidr\u00e1ulica deteriorada, incluyendo paredes y losas de piso.<\/li><li>Actividades de protecci\u00f3n en las m\u00e1rgenes de la corriente y adecuaci\u00f3n paisaj\u00edstica.<\/li><\/ul>\t\t\t\t\t<\/div>\n\t\t\t\t\t\t<\/div>\n\t\t\t\t<\/div>\n\t\t\t\t\t\t<\/div>\n\t\t\t\t\t<\/div>\n\t\t<\/div>\n\t\t\t\t\t\t\t\t<\/div>\n\t\t\t\t\t<\/div>\n\t\t<\/section>\n\t\t\t\t<div class=\"elementor-element elementor-element-48cf191 elementor-widget elementor-widget-image\" data-id=\"48cf191\" data-element_type=\"widget\" data-widget_type=\"image.default\">\n\t\t\t\t<div class=\"elementor-widget-container\">\n\t\t\t\t\t\t\t\t<div class=\"elementor-image\">\n\t\t\t\t\t\t\t\t\t\t\t\t<img width=\"1024\" height=\"683\" src=\"https:\/\/www.medellin.gov.co\/es\/wp-content\/uploads\/2021\/09\/quebradas-de-medellin-1.jpg\" class=\"attachment-full size-full\" alt=\"Cause de quebrada\" loading=\"lazy\" srcset=\"https:\/\/www.medellin.gov.co\/es\/wp-content\/uploads\/2021\/09\/quebradas-de-medellin-1.jpg 1024w, https:\/\/www.medellin.gov.co\/es\/wp-content\/uploads\/2021\/09\/quebradas-de-medellin-1-300x200.jpg 300w, https:\/\/www.medellin.gov.co\/es\/wp-content\/uploads\/2021\/09\/quebradas-de-medellin-1-150x100.jpg 150w, https:\/\/www.medellin.gov.co\/es\/wp-content\/uploads\/2021\/09\/quebradas-de-medellin-1-768x512.jpg 768w\" sizes=\"(max-width: 1024px) 100vw, 1024px\" \/>\t\t\t\t\t\t\t\t\t\t\t\t\t\t<\/div>\n\t\t\t\t\t\t<\/div>\n\t\t\t\t<\/div>\n\t\t\t\t<div class=\"elementor-element elementor-element-4b63b8f elementor-widget elementor-widget-text-editor\" data-id=\"4b63b8f\" data-element_type=\"widget\" data-widget_type=\"text-editor.default\">\n\t\t\t\t<div class=\"elementor-widget-container\">\n\t\t\t\t\t\t\t\t<div class=\"elementor-text-editor elementor-clearfix\">\n\t\t\t\t<p>Con estas acciones se pretende:<\/p>\n<ul>\n<li>Disminuir el grado de vulnerabilidad f\u00edsica ante el riesgo de inundaci\u00f3n y de movimientos en masa de la poblaci\u00f3n asentada en las \u00e1reas de influencia de las quebradas.<\/li>\n<li>Mejorar las condiciones estructurales de las obras existentes, previniendo posibles colapsos y represamientos.<\/li>\n<li>Mejorar las condiciones de las zonas de retiros de quebradas mediante obras de paisajismo, adecuando sus taludes para evitar procesos de erosi\u00f3n superficial.<\/li>\n<li>Evitar posibles represamientos o reducciones de la capacidad hidr\u00e1ulica del canal y posteriormente desbordamientos.<\/li>\n<\/ul>\n<p><span style=\"font-weight: 400;\">Invitamos a la ciudadan\u00eda a desechar los residuos en los lugares y horas autorizadas, tambi\u00e9n a reportar a la l\u00ednea 123 cualquier anomal\u00eda en las quebradas o represamientos en los cauces.<\/span><\/p>\t\t\t\t\t<\/div>\n\t\t\t\t\t\t<\/div>\n\t\t\t\t<\/div>\n\t\t\t\t\t\t<\/div>\n\t\t\t\t\t<\/div>\n\t\t<\/div>\n\t\t\t\t\t\t\t\t<\/div>\n\t\t\t\t\t<\/div>\n\t\t<\/section>\n\t\t\t\t\t\t\t\t\t<\/div>\n\t\t\t<\/div>\n\t\t\t\t\t<\/div>\n\t\t","protected":false},"excerpt":{"rendered":"<p>Quebradas de Medell\u00edn Medell\u00edn cuenta con 4.217 quebradas, de las cuales 56 son afluentes principales y 4.161 afluentes secundarios, localizadas a lo largo de las 16 comunas y los 5 corregimientos del municipio. Con el &#8230;<\/p>\n","protected":false},"author":1,"featured_media":15525,"parent":14204,"menu_order":50,"comment_status":"closed","ping_status":"closed","template":"sec-medio-ambiente\/elementor.php","meta":[],"acf":[],"_links":{"self":[{"href":"https:\/\/www.medellin.gov.co\/es\/wp-json\/wp\/v2\/pages\/14274"}],"collection":[{"href":"https:\/\/www.medellin.gov.co\/es\/wp-json\/wp\/v2\/pages"}],"about":[{"href":"https:\/\/www.medellin.gov.co\/es\/wp-json\/wp\/v2\/types\/page"}],"author":[{"embeddable":true,"href":"https:\/\/www.medellin.gov.co\/es\/wp-json\/wp\/v2\/users\/1"}],"replies":[{"embeddable":true,"href":"https:\/\/www.medellin.gov.co\/es\/wp-json\/wp\/v2\/comments?post=14274"}],"version-history":[{"count":21,"href":"https:\/\/www.medellin.gov.co\/es\/wp-json\/wp\/v2\/pages\/14274\/revisions"}],"predecessor-version":[{"id":42827,"href":"https:\/\/www.medellin.gov.co\/es\/wp-json\/wp\/v2\/pages\/14274\/revisions\/42827"}],"up":[{"embeddable":true,"href":"https:\/\/www.medellin.gov.co\/es\/wp-json\/wp\/v2\/pages\/14204"}],"wp:featuredmedia":[{"embeddable":true,"href":"https:\/\/www.medellin.gov.co\/es\/wp-json\/wp\/v2\/media\/15525"}],"wp:attachment":[{"href":"https:\/\/www.medellin.gov.co\/es\/wp-json\/wp\/v2\/media?parent=14274"}],"curies":[{"name":"wp","href":"https:\/\/api.w.org\/{rel}","templated":true}]}}