{"id":143371,"date":"2022-12-22T08:51:21","date_gmt":"2022-12-22T13:51:21","guid":{"rendered":"https:\/\/www.medellin.gov.co\/es\/?page_id=143371"},"modified":"2025-06-23T14:07:24","modified_gmt":"2025-06-23T19:07:24","slug":"lucero-una-artista-que-abraza-a-la-primera-infancia","status":"publish","type":"page","link":"https:\/\/www.medellin.gov.co\/es\/secretaria-cultura-ciudadana\/red-de-practicas-artisticas-y-culturales\/lucero-una-artista-que-abraza-a-la-primera-infancia\/","title":{"rendered":"Lucero, una artista que abraza a la Primera Infancia"},"content":{"rendered":"\t\t<div data-elementor-type=\"wp-page\" data-elementor-id=\"143371\" class=\"elementor elementor-143371\">\n\t\t\t\t\t\t<div class=\"elementor-inner\">\n\t\t\t\t<div class=\"elementor-section-wrap\">\n\t\t\t\t\t\t\t\t\t<section class=\"elementor-section elementor-top-section elementor-element elementor-element-153075f elementor-section-boxed elementor-section-height-default elementor-section-height-default\" data-id=\"153075f\" data-element_type=\"section\">\n\t\t\t\t\t\t<div class=\"elementor-container elementor-column-gap-default\">\n\t\t\t\t\t\t\t<div class=\"elementor-row\">\n\t\t\t\t\t<div class=\"elementor-column elementor-col-100 elementor-top-column elementor-element elementor-element-0fec087\" data-id=\"0fec087\" data-element_type=\"column\">\n\t\t\t<div class=\"elementor-column-wrap elementor-element-populated\">\n\t\t\t\t\t\t\t<div class=\"elementor-widget-wrap\">\n\t\t\t\t\t\t<div class=\"elementor-element elementor-element-2393176 elementor-widget elementor-widget-heading\" data-id=\"2393176\" data-element_type=\"widget\" data-widget_type=\"heading.default\">\n\t\t\t\t<div class=\"elementor-widget-container\">\n\t\t\t<h1 class=\"elementor-heading-title elementor-size-default\">Lucero, una artista que abraza a la Primera Infancia de Medell\u00edn a trav\u00e9s del arte y la cultura<\/h1>\t\t<\/div>\n\t\t\t\t<\/div>\n\t\t\t\t<div class=\"elementor-element elementor-element-6bf8863 elementor-widget elementor-widget-text-editor\" data-id=\"6bf8863\" data-element_type=\"widget\" data-widget_type=\"text-editor.default\">\n\t\t\t\t<div class=\"elementor-widget-container\">\n\t\t\t\t\t\t\t\t<div class=\"elementor-text-editor elementor-clearfix\">\n\t\t\t\t<p><span style=\"font-weight: 400\">Lucero G\u00f3mez Giraldo es una artista formadora de la Red de Iniciaci\u00f3n Art\u00edstica, e<\/span><span style=\"font-weight: 400\">sta es la historia de una de las artistas que transforman a Medell\u00edn con armon\u00eda, empat\u00eda y amor.<\/span><\/p>\t\t\t\t\t<\/div>\n\t\t\t\t\t\t<\/div>\n\t\t\t\t<\/div>\n\t\t\t\t\t\t<\/div>\n\t\t\t\t\t<\/div>\n\t\t<\/div>\n\t\t\t\t\t\t\t\t<\/div>\n\t\t\t\t\t<\/div>\n\t\t<\/section>\n\t\t\t\t<section class=\"elementor-section elementor-top-section elementor-element elementor-element-9441c7b elementor-section-boxed elementor-section-height-default elementor-section-height-default\" data-id=\"9441c7b\" data-element_type=\"section\">\n\t\t\t\t\t\t<div class=\"elementor-container elementor-column-gap-default\">\n\t\t\t\t\t\t\t<div class=\"elementor-row\">\n\t\t\t\t\t<div class=\"elementor-column elementor-col-100 elementor-top-column elementor-element elementor-element-aaccbee\" data-id=\"aaccbee\" data-element_type=\"column\">\n\t\t\t<div class=\"elementor-column-wrap elementor-element-populated\">\n\t\t\t\t\t\t\t<div class=\"elementor-widget-wrap\">\n\t\t\t\t\t\t<div class=\"elementor-element elementor-element-92ce426 elementor-widget elementor-widget-heading\" data-id=\"92ce426\" data-element_type=\"widget\" data-widget_type=\"heading.default\">\n\t\t\t\t<div class=\"elementor-widget-container\">\n\t\t\t<h2 class=\"elementor-heading-title elementor-size-default\"><b>Una artista que <\/b> transforma a la primera infancia<\/h2>\t\t<\/div>\n\t\t\t\t<\/div>\n\t\t\t\t<section class=\"elementor-section elementor-inner-section elementor-element elementor-element-2044656 elementor-section-boxed elementor-section-height-default elementor-section-height-default\" data-id=\"2044656\" data-element_type=\"section\">\n\t\t\t\t\t\t<div class=\"elementor-container elementor-column-gap-default\">\n\t\t\t\t\t\t\t<div class=\"elementor-row\">\n\t\t\t\t\t<div class=\"elementor-column elementor-col-50 elementor-inner-column elementor-element elementor-element-e356ba6\" data-id=\"e356ba6\" data-element_type=\"column\">\n\t\t\t<div class=\"elementor-column-wrap elementor-element-populated\">\n\t\t\t\t\t\t\t<div class=\"elementor-widget-wrap\">\n\t\t\t\t\t\t<div class=\"elementor-element elementor-element-a27768c elementor-widget elementor-widget-image\" data-id=\"a27768c\" data-element_type=\"widget\" data-widget_type=\"image.default\">\n\t\t\t\t<div class=\"elementor-widget-container\">\n\t\t\t\t\t\t\t\t<div class=\"elementor-image\">\n\t\t\t\t\t\t\t\t\t\t\t\t<img width=\"1536\" height=\"1152\" src=\"https:\/\/www.medellin.gov.co\/es\/wp-content\/uploads\/2022\/12\/Lucero-Gomez-Inicio-1536x1152.jpg\" class=\"attachment-1536x1536 size-1536x1536\" alt=\"Lucero G\u00f3mez Inicio\" loading=\"lazy\" \/>\t\t\t\t\t\t\t\t\t\t\t\t\t\t<\/div>\n\t\t\t\t\t\t<\/div>\n\t\t\t\t<\/div>\n\t\t\t\t\t\t<\/div>\n\t\t\t\t\t<\/div>\n\t\t<\/div>\n\t\t\t\t<div class=\"elementor-column elementor-col-50 elementor-inner-column elementor-element elementor-element-7475066\" data-id=\"7475066\" data-element_type=\"column\">\n\t\t\t<div class=\"elementor-column-wrap elementor-element-populated\">\n\t\t\t\t\t\t\t<div class=\"elementor-widget-wrap\">\n\t\t\t\t\t\t<div class=\"elementor-element elementor-element-e2a5aa6 elementor-widget elementor-widget-text-editor\" data-id=\"e2a5aa6\" data-element_type=\"widget\" data-widget_type=\"text-editor.default\">\n\t\t\t\t<div class=\"elementor-widget-container\">\n\t\t\t\t\t\t\t\t<div class=\"elementor-text-editor elementor-clearfix\">\n\t\t\t\t<p><span style=\"font-weight: 400\">Lucero G\u00f3mez Giraldo es una artista formadora de la Red de Iniciaci\u00f3n Art\u00edstica, red, que inici\u00f3 este a\u00f1o en alianza con la Unidad Administrativa Especial Buen Comienzo y la Secretar\u00eda de Cultura Ciudadana suscrita a la Red de Pr\u00e1cticas Art\u00edsticas y Culturales de Medell\u00edn, proyecto que vincula a 23980 ni\u00f1os, ni\u00f1as y j\u00f3venes del Distrito. Adem\u00e1s, este a\u00f1o particip\u00f3 en el Diplomado en Formaci\u00f3n y Pr\u00e1ctica Art\u00edstica para la Primera Infancia. Esta es la historia de una de las artistas que transforman a Medell\u00edn con armon\u00eda, empat\u00eda y amor.<\/span><\/p><p><span style=\"font-weight: 400\">Lucero G\u00f3mez Giraldo vibra con el arte y eso lo deja ver en su sonrisa cuando habla. Es la hija menor de una familia campesinos que se vinieron a vivir a Medell\u00edn antes de que ella naciera. Cuando era muy peque\u00f1a, su padre falleci\u00f3. Ante esta gran p\u00e9rdida una de sus hermanas cre\u00f3 un taller de confesiones para sostener a toda su familia y ah\u00ed crearon un proyecto familiar en el que todos trabajaban.\u00a0<\/span><\/p>\t\t\t\t\t<\/div>\n\t\t\t\t\t\t<\/div>\n\t\t\t\t<\/div>\n\t\t\t\t\t\t<\/div>\n\t\t\t\t\t<\/div>\n\t\t<\/div>\n\t\t\t\t\t\t\t\t<\/div>\n\t\t\t\t\t<\/div>\n\t\t<\/section>\n\t\t\t\t<section class=\"elementor-section elementor-inner-section elementor-element elementor-element-7b75c99 elementor-section-boxed elementor-section-height-default elementor-section-height-default\" data-id=\"7b75c99\" data-element_type=\"section\">\n\t\t\t\t\t\t<div class=\"elementor-container elementor-column-gap-default\">\n\t\t\t\t\t\t\t<div class=\"elementor-row\">\n\t\t\t\t\t<div class=\"elementor-column elementor-col-50 elementor-inner-column elementor-element elementor-element-f88d667\" data-id=\"f88d667\" data-element_type=\"column\">\n\t\t\t<div class=\"elementor-column-wrap elementor-element-populated\">\n\t\t\t\t\t\t\t<div class=\"elementor-widget-wrap\">\n\t\t\t\t\t\t<div class=\"elementor-element elementor-element-ae177e5 elementor-widget elementor-widget-image\" data-id=\"ae177e5\" data-element_type=\"widget\" data-widget_type=\"image.default\">\n\t\t\t\t<div class=\"elementor-widget-container\">\n\t\t\t\t\t\t\t\t<div class=\"elementor-image\">\n\t\t\t\t\t\t\t\t\t\t\t\t<img width=\"768\" height=\"676\" src=\"https:\/\/www.medellin.gov.co\/es\/wp-content\/uploads\/2022\/12\/Lucero-Gomez-final-e1671643712996-768x676.jpg\" class=\"attachment-medium_large size-medium_large\" alt=\"Lucero G\u00f3mez final\" loading=\"lazy\" srcset=\"https:\/\/www.medellin.gov.co\/es\/wp-content\/uploads\/2022\/12\/Lucero-Gomez-final-e1671643712996-768x676.jpg 768w, https:\/\/www.medellin.gov.co\/es\/wp-content\/uploads\/2022\/12\/Lucero-Gomez-final-e1671643712996-300x264.jpg 300w, https:\/\/www.medellin.gov.co\/es\/wp-content\/uploads\/2022\/12\/Lucero-Gomez-final-e1671643712996-1024x901.jpg 1024w, https:\/\/www.medellin.gov.co\/es\/wp-content\/uploads\/2022\/12\/Lucero-Gomez-final-e1671643712996-150x132.jpg 150w, https:\/\/www.medellin.gov.co\/es\/wp-content\/uploads\/2022\/12\/Lucero-Gomez-final-e1671643712996.jpg 1200w\" sizes=\"(max-width: 768px) 100vw, 768px\" \/>\t\t\t\t\t\t\t\t\t\t\t\t\t\t<\/div>\n\t\t\t\t\t\t<\/div>\n\t\t\t\t<\/div>\n\t\t\t\t\t\t<\/div>\n\t\t\t\t\t<\/div>\n\t\t<\/div>\n\t\t\t\t<div class=\"elementor-column elementor-col-50 elementor-inner-column elementor-element elementor-element-2de80af\" data-id=\"2de80af\" data-element_type=\"column\">\n\t\t\t<div class=\"elementor-column-wrap elementor-element-populated\">\n\t\t\t\t\t\t\t<div class=\"elementor-widget-wrap\">\n\t\t\t\t\t\t<div class=\"elementor-element elementor-element-5967cbb elementor-widget elementor-widget-text-editor\" data-id=\"5967cbb\" data-element_type=\"widget\" data-widget_type=\"text-editor.default\">\n\t\t\t\t<div class=\"elementor-widget-container\">\n\t\t\t\t\t\t\t\t<div class=\"elementor-text-editor elementor-clearfix\">\n\t\t\t\t<p><span style=\"font-weight: 400\">De los recuerdos m\u00e1s valiosos de su infancia, fue la influencia de su padre, quien la motiv\u00f3 desde muy peque\u00f1a con cuentos e historias de radioteatro donde recuerda mucho un programa que se llamaba <\/span><i><span style=\"font-weight: 400\">Acurim\u00e1ntima<\/span><\/i><span style=\"font-weight: 400\">. De muchas maneras, para Lucero su padre era esencial y su p\u00e9rdida fue decisiva para ella. Adem\u00e1s, el contexto en el que creci\u00f3 era tan hostil para el momento que ha tenido que despedir a varios seres queridos en el camino. Ante este oleaje de amargas historias, Lucero, encontr\u00f3 en el arte un compa\u00f1ero para sanar su sensaci\u00f3n de vac\u00edo que ha llenado con teatro, poes\u00eda, m\u00fasica y canto para aliviar el alma.\u00a0<\/span><\/p><p><span style=\"font-weight: 400\">Su historia de vida comenz\u00f3 a mostrarle c\u00f3mo su talento y su vocaci\u00f3n de artista eran innatos. Por ello, termin\u00f3 su carrera en Arte Dram\u00e1tico, continu\u00f3 desarrollando su talento como dise\u00f1adora de vestuario para teatro y actualmente est\u00e1 culminando sus estudios como especialista en Arte-Terapia.<\/span><\/p>\t\t\t\t\t<\/div>\n\t\t\t\t\t\t<\/div>\n\t\t\t\t<\/div>\n\t\t\t\t\t\t<\/div>\n\t\t\t\t\t<\/div>\n\t\t<\/div>\n\t\t\t\t\t\t\t\t<\/div>\n\t\t\t\t\t<\/div>\n\t\t<\/section>\n\t\t\t\t<div class=\"elementor-element elementor-element-4ec15b9 elementor-widget elementor-widget-heading\" data-id=\"4ec15b9\" data-element_type=\"widget\" data-widget_type=\"heading.default\">\n\t\t\t\t<div class=\"elementor-widget-container\">\n\t\t\t<h3 class=\"elementor-heading-title elementor-size-default\">Los ni\u00f1os, un nuevo comienzo<\/h3>\t\t<\/div>\n\t\t\t\t<\/div>\n\t\t\t\t<section class=\"elementor-section elementor-inner-section elementor-element elementor-element-87a9d42 elementor-section-boxed elementor-section-height-default elementor-section-height-default\" data-id=\"87a9d42\" data-element_type=\"section\">\n\t\t\t\t\t\t<div class=\"elementor-container elementor-column-gap-default\">\n\t\t\t\t\t\t\t<div class=\"elementor-row\">\n\t\t\t\t\t<div class=\"elementor-column elementor-col-50 elementor-inner-column elementor-element elementor-element-f5ed773\" data-id=\"f5ed773\" data-element_type=\"column\">\n\t\t\t<div class=\"elementor-column-wrap elementor-element-populated\">\n\t\t\t\t\t\t\t<div class=\"elementor-widget-wrap\">\n\t\t\t\t\t\t<div class=\"elementor-element elementor-element-64165c2 elementor-widget elementor-widget-image\" data-id=\"64165c2\" data-element_type=\"widget\" data-widget_type=\"image.default\">\n\t\t\t\t<div class=\"elementor-widget-container\">\n\t\t\t\t\t\t\t\t<div class=\"elementor-image\">\n\t\t\t\t\t\t\t\t\t\t\t\t<img width=\"768\" height=\"576\" src=\"https:\/\/www.medellin.gov.co\/es\/wp-content\/uploads\/2022\/12\/Lucero-Gomez-Red-de-iniciacion-768x576.jpg\" class=\"attachment-medium_large size-medium_large\" alt=\"Lucero G\u00f3mez Red de iniciaci\u00f3n\" loading=\"lazy\" srcset=\"https:\/\/www.medellin.gov.co\/es\/wp-content\/uploads\/2022\/12\/Lucero-Gomez-Red-de-iniciacion-768x576.jpg 768w, https:\/\/www.medellin.gov.co\/es\/wp-content\/uploads\/2022\/12\/Lucero-Gomez-Red-de-iniciacion-300x225.jpg 300w, https:\/\/www.medellin.gov.co\/es\/wp-content\/uploads\/2022\/12\/Lucero-Gomez-Red-de-iniciacion-1024x768.jpg 1024w, https:\/\/www.medellin.gov.co\/es\/wp-content\/uploads\/2022\/12\/Lucero-Gomez-Red-de-iniciacion-150x113.jpg 150w, https:\/\/www.medellin.gov.co\/es\/wp-content\/uploads\/2022\/12\/Lucero-Gomez-Red-de-iniciacion-1536x1152.jpg 1536w, https:\/\/www.medellin.gov.co\/es\/wp-content\/uploads\/2022\/12\/Lucero-Gomez-Red-de-iniciacion.jpg 1600w\" sizes=\"(max-width: 768px) 100vw, 768px\" \/>\t\t\t\t\t\t\t\t\t\t\t\t\t\t<\/div>\n\t\t\t\t\t\t<\/div>\n\t\t\t\t<\/div>\n\t\t\t\t\t\t<\/div>\n\t\t\t\t\t<\/div>\n\t\t<\/div>\n\t\t\t\t<div class=\"elementor-column elementor-col-50 elementor-inner-column elementor-element elementor-element-45b5dfa\" data-id=\"45b5dfa\" data-element_type=\"column\">\n\t\t\t<div class=\"elementor-column-wrap elementor-element-populated\">\n\t\t\t\t\t\t\t<div class=\"elementor-widget-wrap\">\n\t\t\t\t\t\t<div class=\"elementor-element elementor-element-d74b43e elementor-widget elementor-widget-text-editor\" data-id=\"d74b43e\" data-element_type=\"widget\" data-widget_type=\"text-editor.default\">\n\t\t\t\t<div class=\"elementor-widget-container\">\n\t\t\t\t\t\t\t\t<div class=\"elementor-text-editor elementor-clearfix\">\n\t\t\t\t<p><span style=\"font-weight: 400\">Desde muy joven, Lucero, tuvo a su cargo a sus sobrinos donde se ingeniaba las mejores estrategias para que ellos estuvieran tranquilos y disfrutaran. Experiencia que fue fortaleciendo cuando lleg\u00f3 el embarazo de su hija. En uno de esos ires y venires, logr\u00f3 conseguir un trabajo donde pudo poner aprueba y fortalecer sus conocimientos en las pr\u00e1cticas art\u00edsticas. As\u00ed, ella comenz\u00f3 a usar la teor\u00eda que iba aprendiendo en la Universidad para ponerla al servicio de los ni\u00f1os haciendo uso de algunos recursos pedag\u00f3gicos como la actuaci\u00f3n, la expresi\u00f3n corporal y la t\u00e9cnica vocal donde el arte ha sido el lenguaje para tocar el coraz\u00f3n de los ni\u00f1os. <\/span><\/p><p><span style=\"font-weight: 400\"><strong>\u201cA medida que el ser va creciendo, se va poniendo un poco m\u00e1s r\u00edgido, sus pensamientos y, a veces, no le dan tanta apertura al arte. Mientras que, la Primera Infancia, tiene todo disponible, en su capacidad de asombro\u2026\u201d<\/strong> Afirm\u00f3 Lucero G\u00f3mez .<\/span><\/p><p>\u00a0<\/p>\t\t\t\t\t<\/div>\n\t\t\t\t\t\t<\/div>\n\t\t\t\t<\/div>\n\t\t\t\t\t\t<\/div>\n\t\t\t\t\t<\/div>\n\t\t<\/div>\n\t\t\t\t\t\t\t\t<\/div>\n\t\t\t\t\t<\/div>\n\t\t<\/section>\n\t\t\t\t<div class=\"elementor-element elementor-element-6425163 elementor-widget elementor-widget-text-editor\" data-id=\"6425163\" data-element_type=\"widget\" data-widget_type=\"text-editor.default\">\n\t\t\t\t<div class=\"elementor-widget-container\">\n\t\t\t\t\t\t\t\t<div class=\"elementor-text-editor elementor-clearfix\">\n\t\t\t\t\t\t\t\t\t<\/div>\n\t\t\t\t\t\t<\/div>\n\t\t\t\t<\/div>\n\t\t\t\t<section class=\"elementor-section elementor-inner-section elementor-element elementor-element-350a00b elementor-section-boxed elementor-section-height-default elementor-section-height-default\" data-id=\"350a00b\" data-element_type=\"section\">\n\t\t\t\t\t\t<div class=\"elementor-container elementor-column-gap-default\">\n\t\t\t\t\t\t\t<div class=\"elementor-row\">\n\t\t\t\t\t<div class=\"elementor-column elementor-col-50 elementor-inner-column elementor-element elementor-element-39e68d9\" data-id=\"39e68d9\" data-element_type=\"column\">\n\t\t\t<div class=\"elementor-column-wrap elementor-element-populated\">\n\t\t\t\t\t\t\t<div class=\"elementor-widget-wrap\">\n\t\t\t\t\t\t<div class=\"elementor-element elementor-element-ca05fd8 elementor-widget elementor-widget-image\" data-id=\"ca05fd8\" data-element_type=\"widget\" data-widget_type=\"image.default\">\n\t\t\t\t<div class=\"elementor-widget-container\">\n\t\t\t\t\t\t\t\t<div class=\"elementor-image\">\n\t\t\t\t\t\t\t\t\t\t\t\t<img width=\"768\" height=\"640\" src=\"https:\/\/www.medellin.gov.co\/es\/wp-content\/uploads\/2022\/12\/Lucero-Gomez-sombrero-e1671643833103-768x640.jpg\" class=\"attachment-medium_large size-medium_large\" alt=\"\" loading=\"lazy\" srcset=\"https:\/\/www.medellin.gov.co\/es\/wp-content\/uploads\/2022\/12\/Lucero-Gomez-sombrero-e1671643833103-768x640.jpg 768w, https:\/\/www.medellin.gov.co\/es\/wp-content\/uploads\/2022\/12\/Lucero-Gomez-sombrero-e1671643833103-300x250.jpg 300w, https:\/\/www.medellin.gov.co\/es\/wp-content\/uploads\/2022\/12\/Lucero-Gomez-sombrero-e1671643833103-1024x853.jpg 1024w, https:\/\/www.medellin.gov.co\/es\/wp-content\/uploads\/2022\/12\/Lucero-Gomez-sombrero-e1671643833103-150x125.jpg 150w, https:\/\/www.medellin.gov.co\/es\/wp-content\/uploads\/2022\/12\/Lucero-Gomez-sombrero-e1671643833103.jpg 1200w\" sizes=\"(max-width: 768px) 100vw, 768px\" \/>\t\t\t\t\t\t\t\t\t\t\t\t\t\t<\/div>\n\t\t\t\t\t\t<\/div>\n\t\t\t\t<\/div>\n\t\t\t\t\t\t<\/div>\n\t\t\t\t\t<\/div>\n\t\t<\/div>\n\t\t\t\t<div class=\"elementor-column elementor-col-50 elementor-inner-column elementor-element elementor-element-3345558\" data-id=\"3345558\" data-element_type=\"column\">\n\t\t\t<div class=\"elementor-column-wrap elementor-element-populated\">\n\t\t\t\t\t\t\t<div class=\"elementor-widget-wrap\">\n\t\t\t\t\t\t<div class=\"elementor-element elementor-element-b28dfc9 elementor-widget elementor-widget-text-editor\" data-id=\"b28dfc9\" data-element_type=\"widget\" data-widget_type=\"text-editor.default\">\n\t\t\t\t<div class=\"elementor-widget-container\">\n\t\t\t\t\t\t\t\t<div class=\"elementor-text-editor elementor-clearfix\">\n\t\t\t\t<p><span style=\"font-weight: 400\">Y desde all\u00ed, Lucero, contin\u00faa creando historias con ni\u00f1as y ni\u00f1as de toda la ciudad. Para ella, el Diplomado de Formaci\u00f3n y Pr\u00e1cticas Art\u00edstica ha sido una oportunidad y un gran regalo para conectarse con su ni\u00f1a interior y para generar nuevos encuentros que la han impulsado a preguntarse sobre \u00bfPor qu\u00e9 era artista? \u00bfQu\u00e9 estaba haciendo en el mundo? \u00bfPara qu\u00e9?<\/span><\/p><p><span style=\"font-weight: 400\">En definitiva, el Diplomado, le permiti\u00f3 volver al origen, a su ni\u00f1a interior. Y eso lo comprend\u00eda en la forma en c\u00f3mo llevaba sus conocimientos del Diplomado a los jardines, ludotecas y hogares infantiles de Buen Comienzo. Adem\u00e1s. asegura que mejor\u00f3 sus pr\u00e1cticas, que le permitieron ver con otros ojos y crear unos di\u00e1logos distintos sobre la relaci\u00f3n del arte con la Primera Infancia.\u00a0<\/span><\/p><p><span style=\"font-weight: 400\">Ella celebra que la Red de Iniciaci\u00f3n Art\u00edstica haya llegado a las aulas de Buen Comienzo, porque los ni\u00f1os est\u00e1n viviendo el arte m\u00e1s cerca, para que este sea parte de su cotidianidad. Sin duda, la formaci\u00f3n desde las expresiones art\u00edsticas revela din\u00e1micas sociales e individuales muy potentes en las comunidades y poder decir que la Red de Iniciaci\u00f3n Art\u00edstica ha dejado huella.<\/span><\/p><p>\u00a0<\/p>\t\t\t\t\t<\/div>\n\t\t\t\t\t\t<\/div>\n\t\t\t\t<\/div>\n\t\t\t\t\t\t<\/div>\n\t\t\t\t\t<\/div>\n\t\t<\/div>\n\t\t\t\t\t\t\t\t<\/div>\n\t\t\t\t\t<\/div>\n\t\t<\/section>\n\t\t\t\t\t\t<\/div>\n\t\t\t\t\t<\/div>\n\t\t<\/div>\n\t\t\t\t\t\t\t\t<\/div>\n\t\t\t\t\t<\/div>\n\t\t<\/section>\n\t\t\t\t<section class=\"elementor-section elementor-top-section elementor-element elementor-element-a2ac588 elementor-section-boxed elementor-section-height-default elementor-section-height-default\" data-id=\"a2ac588\" data-element_type=\"section\" data-settings=\"{&quot;background_background&quot;:&quot;classic&quot;}\">\n\t\t\t\t\t\t<div class=\"elementor-container elementor-column-gap-default\">\n\t\t\t\t\t\t\t<div class=\"elementor-row\">\n\t\t\t\t\t<div class=\"elementor-column elementor-col-100 elementor-top-column elementor-element elementor-element-baaec66\" data-id=\"baaec66\" data-element_type=\"column\">\n\t\t\t<div class=\"elementor-column-wrap elementor-element-populated\">\n\t\t\t\t\t\t\t<div class=\"elementor-widget-wrap\">\n\t\t\t\t\t\t<div class=\"elementor-element elementor-element-57c6207 elementor-widget elementor-widget-text-editor\" data-id=\"57c6207\" data-element_type=\"widget\" data-widget_type=\"text-editor.default\">\n\t\t\t\t<div class=\"elementor-widget-container\">\n\t\t\t\t\t\t\t\t<div class=\"elementor-text-editor elementor-clearfix\">\n\t\t\t\t<blockquote><p><span style=\"font-weight: 400\"><strong>\u201cMe encantar\u00eda que todos los ni\u00f1os y ni\u00f1as del Distrito est\u00e9n en la Red de Iniciaci\u00f3n Art\u00edstica, porque no saben la maravilla que es. Y me encanta, me <span style=\"color: #ae3e97\">EN CAN TA<\/span> que Buen Comienzo y la Secretar\u00eda de Cultura Ciudadana est\u00e9n haciendo este proyecto tan importante para <span style=\"color: #ae3e97\">Medell\u00edn, porque esto va a tener un impacto en el futuro<\/span>\u201d.\u00a0<\/strong><\/span><\/p><\/blockquote>\t\t\t\t\t<\/div>\n\t\t\t\t\t\t<\/div>\n\t\t\t\t<\/div>\n\t\t\t\t\t\t<\/div>\n\t\t\t\t\t<\/div>\n\t\t<\/div>\n\t\t\t\t\t\t\t\t<\/div>\n\t\t\t\t\t<\/div>\n\t\t<\/section>\n\t\t\t\t\t\t\t\t\t<\/div>\n\t\t\t<\/div>\n\t\t\t\t\t<\/div>\n\t\t","protected":false},"excerpt":{"rendered":"<p>Lucero, una artista que abraza a la Primera Infancia de Medell\u00edn a trav\u00e9s del arte y la cultura Lucero G\u00f3mez Giraldo es una artista formadora de la Red de Iniciaci\u00f3n Art\u00edstica, esta es la historia &#8230;<\/p>\n","protected":false},"author":17,"featured_media":143154,"parent":125836,"menu_order":0,"comment_status":"closed","ping_status":"closed","template":"sec-cultura\/red-practicas.php","meta":[],"acf":[],"_links":{"self":[{"href":"https:\/\/www.medellin.gov.co\/es\/wp-json\/wp\/v2\/pages\/143371"}],"collection":[{"href":"https:\/\/www.medellin.gov.co\/es\/wp-json\/wp\/v2\/pages"}],"about":[{"href":"https:\/\/www.medellin.gov.co\/es\/wp-json\/wp\/v2\/types\/page"}],"author":[{"embeddable":true,"href":"https:\/\/www.medellin.gov.co\/es\/wp-json\/wp\/v2\/users\/17"}],"replies":[{"embeddable":true,"href":"https:\/\/www.medellin.gov.co\/es\/wp-json\/wp\/v2\/comments?post=143371"}],"version-history":[{"count":10,"href":"https:\/\/www.medellin.gov.co\/es\/wp-json\/wp\/v2\/pages\/143371\/revisions"}],"predecessor-version":[{"id":421859,"href":"https:\/\/www.medellin.gov.co\/es\/wp-json\/wp\/v2\/pages\/143371\/revisions\/421859"}],"up":[{"embeddable":true,"href":"https:\/\/www.medellin.gov.co\/es\/wp-json\/wp\/v2\/pages\/125836"}],"wp:featuredmedia":[{"embeddable":true,"href":"https:\/\/www.medellin.gov.co\/es\/wp-json\/wp\/v2\/media\/143154"}],"wp:attachment":[{"href":"https:\/\/www.medellin.gov.co\/es\/wp-json\/wp\/v2\/media?parent=143371"}],"curies":[{"name":"wp","href":"https:\/\/api.w.org\/{rel}","templated":true}]}}