{"id":145553,"date":"2022-12-27T09:27:24","date_gmt":"2022-12-27T14:27:24","guid":{"rendered":"https:\/\/www.medellin.gov.co\/es\/?page_id=145553"},"modified":"2023-01-14T10:07:38","modified_gmt":"2023-01-14T15:07:38","slug":"concurso-de-fotografia-conozcamos-nuestra-biodiversidad","status":"publish","type":"page","link":"https:\/\/www.medellin.gov.co\/es\/secretaria-medio-ambiente\/concurso-de-fotografia-conozcamos-nuestra-biodiversidad\/","title":{"rendered":"Concurso de fotograf\u00eda \u00abConozcamos nuestra biodiversidad\u00bb"},"content":{"rendered":"\t\t<div data-elementor-type=\"wp-page\" data-elementor-id=\"145553\" class=\"elementor elementor-145553\">\n\t\t\t\t\t\t<div class=\"elementor-inner\">\n\t\t\t\t<div class=\"elementor-section-wrap\">\n\t\t\t\t\t\t\t\t\t<section class=\"elementor-section elementor-top-section elementor-element elementor-element-b5fd94d elementor-section-boxed elementor-section-height-default elementor-section-height-default\" data-id=\"b5fd94d\" data-element_type=\"section\">\n\t\t\t\t\t\t<div class=\"elementor-container elementor-column-gap-default\">\n\t\t\t\t\t\t\t<div class=\"elementor-row\">\n\t\t\t\t\t<div class=\"elementor-column elementor-col-100 elementor-top-column elementor-element elementor-element-7faf3f6\" data-id=\"7faf3f6\" data-element_type=\"column\">\n\t\t\t<div class=\"elementor-column-wrap elementor-element-populated\">\n\t\t\t\t\t\t\t<div class=\"elementor-widget-wrap\">\n\t\t\t\t\t\t<div class=\"elementor-element elementor-element-5a35569 elementor-widget elementor-widget-heading\" data-id=\"5a35569\" data-element_type=\"widget\" data-widget_type=\"heading.default\">\n\t\t\t\t<div class=\"elementor-widget-container\">\n\t\t\t<h1 class=\"elementor-heading-title elementor-size-default\">Concurso de fotograf\u00eda \"Conozcamos nuestra biodiversidad\"<\/h1>\t\t<\/div>\n\t\t\t\t<\/div>\n\t\t\t\t<section class=\"elementor-section elementor-inner-section elementor-element elementor-element-cb9a429 elementor-section-boxed elementor-section-height-default elementor-section-height-default\" data-id=\"cb9a429\" data-element_type=\"section\">\n\t\t\t\t\t\t<div class=\"elementor-container elementor-column-gap-default\">\n\t\t\t\t\t\t\t<div class=\"elementor-row\">\n\t\t\t\t\t<div class=\"elementor-column elementor-col-50 elementor-inner-column elementor-element elementor-element-184572b\" data-id=\"184572b\" data-element_type=\"column\">\n\t\t\t<div class=\"elementor-column-wrap elementor-element-populated\">\n\t\t\t\t\t\t\t<div class=\"elementor-widget-wrap\">\n\t\t\t\t\t\t<div class=\"elementor-element elementor-element-fa919ec elementor-widget elementor-widget-image\" data-id=\"fa919ec\" data-element_type=\"widget\" data-widget_type=\"image.default\">\n\t\t\t\t<div class=\"elementor-widget-container\">\n\t\t\t\t\t\t\t\t<div class=\"elementor-image\">\n\t\t\t\t\t\t\t\t\t\t\t\t<img width=\"1024\" height=\"415\" src=\"https:\/\/www.medellin.gov.co\/es\/wp-content\/uploads\/2022\/04\/panoramica-cerro-picacho-1024x415.jpg\" class=\"attachment-large size-large\" alt=\"Panora\u0301mica de Medelli\u0301n desde el Cerro El Picacho\" loading=\"lazy\" srcset=\"https:\/\/www.medellin.gov.co\/es\/wp-content\/uploads\/2022\/04\/panoramica-cerro-picacho-1024x415.jpg 1024w, https:\/\/www.medellin.gov.co\/es\/wp-content\/uploads\/2022\/04\/panoramica-cerro-picacho-300x122.jpg 300w, https:\/\/www.medellin.gov.co\/es\/wp-content\/uploads\/2022\/04\/panoramica-cerro-picacho-150x61.jpg 150w, https:\/\/www.medellin.gov.co\/es\/wp-content\/uploads\/2022\/04\/panoramica-cerro-picacho-768x311.jpg 768w, https:\/\/www.medellin.gov.co\/es\/wp-content\/uploads\/2022\/04\/panoramica-cerro-picacho.jpg 1200w\" sizes=\"(max-width: 1024px) 100vw, 1024px\" \/>\t\t\t\t\t\t\t\t\t\t\t\t\t\t<\/div>\n\t\t\t\t\t\t<\/div>\n\t\t\t\t<\/div>\n\t\t\t\t\t\t<\/div>\n\t\t\t\t\t<\/div>\n\t\t<\/div>\n\t\t\t\t<div class=\"elementor-column elementor-col-50 elementor-inner-column elementor-element elementor-element-ac5ccf6\" data-id=\"ac5ccf6\" data-element_type=\"column\">\n\t\t\t<div class=\"elementor-column-wrap elementor-element-populated\">\n\t\t\t\t\t\t\t<div class=\"elementor-widget-wrap\">\n\t\t\t\t\t\t<div class=\"elementor-element elementor-element-36e824b elementor-widget elementor-widget-text-editor\" data-id=\"36e824b\" data-element_type=\"widget\" data-widget_type=\"text-editor.default\">\n\t\t\t\t<div class=\"elementor-widget-container\">\n\t\t\t\t\t\t\t\t<div class=\"elementor-text-editor elementor-clearfix\">\n\t\t\t\t<p>El tema del concurso es la biodiversidad y sus servicios ecosist\u00e9micos, entendida como la variedad de la vida, la diversidad de especies de plantas, animales, hongos y microorganismos que habitan los cerros tutelares de Medell\u00edn y sus ecosistemas estrat\u00e9gicos.<\/p><p>Pueden participar ciudadanos mayores de edad y apasionados por la fotograf\u00eda y la biodiversidad.<\/p>\t\t\t\t\t<\/div>\n\t\t\t\t\t\t<\/div>\n\t\t\t\t<\/div>\n\t\t\t\t\t\t<\/div>\n\t\t\t\t\t<\/div>\n\t\t<\/div>\n\t\t\t\t\t\t\t\t<\/div>\n\t\t\t\t\t<\/div>\n\t\t<\/section>\n\t\t\t\t<div class=\"elementor-element elementor-element-5ccfdbf elementor-widget elementor-widget-heading\" data-id=\"5ccfdbf\" data-element_type=\"widget\" data-widget_type=\"heading.default\">\n\t\t\t\t<div class=\"elementor-widget-container\">\n\t\t\t<h2 class=\"elementor-heading-title elementor-size-default\"><b>Conoce las categor\u00edas<\/b> y \u00bfc\u00f3mo participar del concurso?<\/h2>\t\t<\/div>\n\t\t\t\t<\/div>\n\t\t\t\t<section class=\"elementor-section elementor-inner-section elementor-element elementor-element-70aa53e elementor-section-boxed elementor-section-height-default elementor-section-height-default\" data-id=\"70aa53e\" data-element_type=\"section\">\n\t\t\t\t\t\t<div class=\"elementor-container elementor-column-gap-default\">\n\t\t\t\t\t\t\t<div class=\"elementor-row\">\n\t\t\t\t\t<div class=\"elementor-column elementor-col-50 elementor-inner-column elementor-element elementor-element-b179587\" data-id=\"b179587\" data-element_type=\"column\">\n\t\t\t<div class=\"elementor-column-wrap elementor-element-populated\">\n\t\t\t\t\t\t\t<div class=\"elementor-widget-wrap\">\n\t\t\t\t\t\t<div class=\"elementor-element elementor-element-ecf3524 elementor-widget elementor-widget-heading\" data-id=\"ecf3524\" data-element_type=\"widget\" data-widget_type=\"heading.default\">\n\t\t\t\t<div class=\"elementor-widget-container\">\n\t\t\t<h3 class=\"elementor-heading-title elementor-size-default\">Las categor\u00edas son:<\/h3>\t\t<\/div>\n\t\t\t\t<\/div>\n\t\t\t\t<div class=\"elementor-element elementor-element-9cae5fb elementor-widget elementor-widget-text-editor\" data-id=\"9cae5fb\" data-element_type=\"widget\" data-widget_type=\"text-editor.default\">\n\t\t\t\t<div class=\"elementor-widget-container\">\n\t\t\t\t\t\t\t\t<div class=\"elementor-text-editor elementor-clearfix\">\n\t\t\t\t<ul><li>Gomosos: fotograf\u00edas tomadas con c\u00e1maras compactas y celulares<\/li><li>Empeliculados: fotograf\u00edas tomadas con c\u00e1maras profesionales y semiprofesionales<\/li><\/ul>\t\t\t\t\t<\/div>\n\t\t\t\t\t\t<\/div>\n\t\t\t\t<\/div>\n\t\t\t\t<div class=\"elementor-element elementor-element-6b59b8b elementor-widget elementor-widget-heading\" data-id=\"6b59b8b\" data-element_type=\"widget\" data-widget_type=\"heading.default\">\n\t\t\t\t<div class=\"elementor-widget-container\">\n\t\t\t<h3 class=\"elementor-heading-title elementor-size-default\">Para participar debes:<\/h3>\t\t<\/div>\n\t\t\t\t<\/div>\n\t\t\t\t<div class=\"elementor-element elementor-element-6ea93e0 elementor-widget elementor-widget-text-editor\" data-id=\"6ea93e0\" data-element_type=\"widget\" data-widget_type=\"text-editor.default\">\n\t\t\t\t<div class=\"elementor-widget-container\">\n\t\t\t\t\t\t\t\t<div class=\"elementor-text-editor elementor-clearfix\">\n\t\t\t\t<ul><li>Visitar los cerros tutelares de la ciudad y capturar tu mejor fotograf\u00eda.<\/li><li>Enviarnos la fotograf\u00eda digital en formato jpg al correo electr\u00f3nico <a href=\"mailto:concursofotografiacerros@gmail.com\" target=\"_blank\" rel=\"noopener\">concursofotografiacerros@gmail.com<\/a> y postularte en la categor\u00eda de gomosos y\/o empeliculados.<\/li><\/ul>\t\t\t\t\t<\/div>\n\t\t\t\t\t\t<\/div>\n\t\t\t\t<\/div>\n\t\t\t\t\t\t<\/div>\n\t\t\t\t\t<\/div>\n\t\t<\/div>\n\t\t\t\t<div class=\"elementor-column elementor-col-50 elementor-inner-column elementor-element elementor-element-67d7cb7\" data-id=\"67d7cb7\" data-element_type=\"column\">\n\t\t\t<div class=\"elementor-column-wrap elementor-element-populated\">\n\t\t\t\t\t\t\t<div class=\"elementor-widget-wrap\">\n\t\t\t\t\t\t<div class=\"elementor-element elementor-element-13ed79b elementor-widget elementor-widget-image\" data-id=\"13ed79b\" data-element_type=\"widget\" data-widget_type=\"image.default\">\n\t\t\t\t<div class=\"elementor-widget-container\">\n\t\t\t\t\t\t\t\t<div class=\"elementor-image\">\n\t\t\t\t\t\t\t\t\t\t\t\t<img width=\"1024\" height=\"768\" src=\"https:\/\/www.medellin.gov.co\/es\/wp-content\/uploads\/2022\/12\/cerros-tutelares-3.jpg\" class=\"attachment-large size-large\" alt=\"Cerros tutelares\" loading=\"lazy\" srcset=\"https:\/\/www.medellin.gov.co\/es\/wp-content\/uploads\/2022\/12\/cerros-tutelares-3.jpg 1024w, https:\/\/www.medellin.gov.co\/es\/wp-content\/uploads\/2022\/12\/cerros-tutelares-3-300x225.jpg 300w, https:\/\/www.medellin.gov.co\/es\/wp-content\/uploads\/2022\/12\/cerros-tutelares-3-150x113.jpg 150w, https:\/\/www.medellin.gov.co\/es\/wp-content\/uploads\/2022\/12\/cerros-tutelares-3-768x576.jpg 768w\" sizes=\"(max-width: 1024px) 100vw, 1024px\" \/>\t\t\t\t\t\t\t\t\t\t\t\t\t\t<\/div>\n\t\t\t\t\t\t<\/div>\n\t\t\t\t<\/div>\n\t\t\t\t\t\t<\/div>\n\t\t\t\t\t<\/div>\n\t\t<\/div>\n\t\t\t\t\t\t\t\t<\/div>\n\t\t\t\t\t<\/div>\n\t\t<\/section>\n\t\t\t\t<div class=\"elementor-element elementor-element-9e1e330 elementor-widget elementor-widget-heading\" data-id=\"9e1e330\" data-element_type=\"widget\" data-widget_type=\"heading.default\">\n\t\t\t\t<div class=\"elementor-widget-container\">\n\t\t\t<h2 class=\"elementor-heading-title elementor-size-default\"><b>Recomendaciones que<\/b> debes tener en cuenta para participar en el concurso<\/h2>\t\t<\/div>\n\t\t\t\t<\/div>\n\t\t\t\t<div class=\"elementor-element elementor-element-c380592 elementor-widget elementor-widget-text-editor\" data-id=\"c380592\" data-element_type=\"widget\" data-widget_type=\"text-editor.default\">\n\t\t\t\t<div class=\"elementor-widget-container\">\n\t\t\t\t\t\t\t\t<div class=\"elementor-text-editor elementor-clearfix\">\n\t\t\t\t<ul><li>Marcar la fotograf\u00eda con el nombre del participante, cerro y categor\u00eda.<\/li><li>Ejemplo: alejandramolina_volador_gomosos_jpg<\/li><li>Las fotograf\u00edas deben ir acompa\u00f1adas de una frase corta e inspiradora.<\/li><li>Incluye en el correo tus datos personales y de contacto: nombre completo, n\u00famero de c\u00e9dula, n\u00famero de contacto y correo electr\u00f3nico.<\/li><li>El material deber\u00e1 ser original y de la autor\u00eda del participante registrado. Las fotograf\u00edas seleccionadas ser\u00e1n rastreadas en internet para garantizar que el material pertenezca al participante, de lo contrario ser\u00e1n descalificadas.<\/li><li>No ser\u00e1n consideradas como elegibles las fotograf\u00edas ganadoras en cualquier concurso anterior, que formen parte de colecciones p\u00fablicas o privadas o que hayan sido utilizadas con fines comerciales.<\/li><li>Las fotograf\u00edas no deben tener montajes, virajes de color, clonaciones u otro tipo de transformaci\u00f3n que intervenga con la naturaleza de este o cambie la percepci\u00f3n de la imagen. Ajustes como temperatura, saturaci\u00f3n, niveles, si est\u00e1n permitidos.<\/li><li>Todo el material reunido a trav\u00e9s del concurso formar\u00e1 parte de un banco de im\u00e1genes y podr\u00e1 ser utilizado para actividades de difusi\u00f3n cultural y expositiva, as\u00ed como actividades sin fines de lucro; en este caso se le dar\u00e1 el cr\u00e9dito correspondiente al autor, reconociendo que el participante concede el permiso.<\/li><li>No se aceptan selfis o fotograf\u00edas en las que se manipulen especies animales o vegetales.<\/li><li>El peso del archivo no debe superar 10 megabytes (Mb).<\/li><li>Los participantes son responsables por el contenido de sus fotos. Si en estas aparecen personas, deben contar con su autorizaci\u00f3n.<\/li><li>Los autores ceder\u00e1n de manera unilateral y gratuita, la totalidad de sus derechos de autor sobre las obras presentadas a favor de la Alcald\u00eda de Medell\u00edn.<\/li><\/ul>\t\t\t\t\t<\/div>\n\t\t\t\t\t\t<\/div>\n\t\t\t\t<\/div>\n\t\t\t\t<div class=\"elementor-element elementor-element-a0fb8c1 elementor-widget elementor-widget-heading\" data-id=\"a0fb8c1\" data-element_type=\"widget\" data-widget_type=\"heading.default\">\n\t\t\t\t<div class=\"elementor-widget-container\">\n\t\t\t<h2 class=\"elementor-heading-title elementor-size-default\"><b>Cronograma<\/b> del concurso<\/h2>\t\t<\/div>\n\t\t\t\t<\/div>\n\t\t\t\t<div class=\"elementor-element elementor-element-f0a922e elementor-widget elementor-widget-text-editor\" data-id=\"f0a922e\" data-element_type=\"widget\" data-widget_type=\"text-editor.default\">\n\t\t\t\t<div class=\"elementor-widget-container\">\n\t\t\t\t\t\t\t\t<div class=\"elementor-text-editor elementor-clearfix\">\n\t\t\t\t<p>Conoce las fechas importantes y a tener en cuenta del concurso de fotograf\u00eda \u00abConozcamos nuestra biodiversidad\u00bb.<\/p>\t\t\t\t\t<\/div>\n\t\t\t\t\t\t<\/div>\n\t\t\t\t<\/div>\n\t\t\t\t<div class=\"elementor-element elementor-element-27fcebc pp-table-center elementor-widget elementor-widget-pp-table\" data-id=\"27fcebc\" data-element_type=\"widget\" data-settings=\"{&quot;table_type&quot;:&quot;responsive&quot;}\" data-widget_type=\"pp-table.default\">\n\t\t\t\t<div class=\"elementor-widget-container\">\n\t\t\t\t\t<div class=\"pp-table-container\">\n\t\t\t<table \n\t\t\tclass=\"pp-table tablesaw\" data-tablesaw-mode=\"stack\"\t\t\t\t>\n\t\t\t\t\t\t\t<colgroup>\n\t\t\t\t\t\t\t\t<col\n\t\t\t\t\tspan=\"1\"\n\t\t\t\t\tclass=\"elementor-repeater-item-91ee3ad\"\n\t\t\t\t\t\t\t\t\t\t\tstyle=\"\n\t\t\t\t\t\t\t\t\t\t\t\t\t\t\t\t\t\t\t\t\"\n\t\t\t\t\t\t\t\t\t\t>\n\t\t\t\t\t\t\t<\/colgroup>\n\t\t\t\t\t\t<thead>\n\t\t\t\t<tr class=\"pp-table-row\">\n\t\t\t\t\t<th class=\"pp-table-cell pp-table-cell-8cc7ff3\"><span class=\"pp-table-cell-content\"><span class=\"pp-table-cell-text\">Acci\u00f3n<\/span><\/span><\/th><th class=\"pp-table-cell pp-table-cell-b66129c\"><span class=\"pp-table-cell-content\"><span class=\"pp-table-cell-text\">Fecha<\/span><\/span><\/th>\t\t\t\t<\/tr>\n\t\t\t<\/thead>\n\t\t\t\t\t<tfoot>\n\t\t\t<\/tr>\t\t<\/tfoot>\n\t\t\t\t<tbody>\n\t\t\t<tr><td class=\"pp-table-cell pp-table-cell-e39f6d1\" rowspan=\"2\"><span class=\"pp-table-cell-content\"><span class=\"pp-table-cell-text\">Recepci\u00f3n de fotograf\u00edas<\/span><\/span><\/td><td class=\"pp-table-cell pp-table-cell-023b4df\"><span class=\"pp-table-cell-content\"><span class=\"pp-table-cell-text\">Desde la fecha y hasta el 30 de enero de 2023 a las 11:59 p. m.<\/span><\/span><\/td><\/tr><tr><\/tr><tr><td class=\"pp-table-cell pp-table-cell-5950869\"><span class=\"pp-table-cell-content\"><span class=\"pp-table-cell-text\">Juzgamiento y premiaci\u00f3n<\/span><\/span><\/td><td class=\"pp-table-cell pp-table-cell-7b49f0b\"><span class=\"pp-table-cell-content\"><span class=\"pp-table-cell-text\">Enero - Febrero de 2023<\/span><\/span><\/td><\/tr>\t\t<\/tbody>\n\t\t\t\t\t<\/table>\n\t\t<\/div>\n\t\t\t\t<\/div>\n\t\t\t\t<\/div>\n\t\t\t\t<div class=\"elementor-element elementor-element-f640f58 elementor-widget elementor-widget-text-editor\" data-id=\"f640f58\" data-element_type=\"widget\" data-widget_type=\"text-editor.default\">\n\t\t\t\t<div class=\"elementor-widget-container\">\n\t\t\t\t\t\t\t\t<div class=\"elementor-text-editor elementor-clearfix\">\n\t\t\t\t<p><strong>El jurado estar\u00e1 conformado por profesionales dentro del campo de la fotograf\u00eda, as\u00ed como en temas de biodiversidad y medio ambiente y evaluar\u00e1n aspectos est\u00e9ticos, cumplimiento del objetivo, creatividad, t\u00e9cnica o enfoque, originalidad y el texto que acompa\u00f1a la foto.<\/strong><\/p>\t\t\t\t\t<\/div>\n\t\t\t\t\t\t<\/div>\n\t\t\t\t<\/div>\n\t\t\t\t<div class=\"elementor-element elementor-element-fd917cd elementor-widget elementor-widget-heading\" data-id=\"fd917cd\" data-element_type=\"widget\" data-widget_type=\"heading.default\">\n\t\t\t\t<div class=\"elementor-widget-container\">\n\t\t\t<h2 class=\"elementor-heading-title elementor-size-default\"><b>Premiaci\u00f3n<\/b> del concurso<\/h2>\t\t<\/div>\n\t\t\t\t<\/div>\n\t\t\t\t<div class=\"elementor-element elementor-element-459a33e elementor-widget elementor-widget-text-editor\" data-id=\"459a33e\" data-element_type=\"widget\" data-widget_type=\"text-editor.default\">\n\t\t\t\t<div class=\"elementor-widget-container\">\n\t\t\t\t\t\t\t\t<div class=\"elementor-text-editor elementor-clearfix\">\n\t\t\t\t<p>Se realizar\u00e1 premiaci\u00f3n para las dos (2) categor\u00edas:<\/p>\t\t\t\t\t<\/div>\n\t\t\t\t\t\t<\/div>\n\t\t\t\t<\/div>\n\t\t\t\t<section class=\"elementor-section elementor-inner-section elementor-element elementor-element-e44f325 elementor-section-boxed elementor-section-height-default elementor-section-height-default\" data-id=\"e44f325\" data-element_type=\"section\">\n\t\t\t\t\t\t<div class=\"elementor-container elementor-column-gap-default\">\n\t\t\t\t\t\t\t<div class=\"elementor-row\">\n\t\t\t\t\t<div class=\"elementor-column elementor-col-50 elementor-inner-column elementor-element elementor-element-3d83b01\" data-id=\"3d83b01\" data-element_type=\"column\">\n\t\t\t<div class=\"elementor-column-wrap elementor-element-populated\">\n\t\t\t\t\t\t\t<div class=\"elementor-widget-wrap\">\n\t\t\t\t\t\t<div class=\"elementor-element elementor-element-88e7c1a elementor-widget elementor-widget-text-editor\" data-id=\"88e7c1a\" data-element_type=\"widget\" data-widget_type=\"text-editor.default\">\n\t\t\t\t<div class=\"elementor-widget-container\">\n\t\t\t\t\t\t\t\t<div class=\"elementor-text-editor elementor-clearfix\">\n\t\t\t\t<p>Gomosos: fotograf\u00edas tomadas con c\u00e1maras compactas y celulares.<\/p><p><strong>Primer puesto:<\/strong> <br \/>Bonos de Sodexo por 400.000.<br \/><strong>Segundo puesto:<\/strong> <br \/>Bonos de Sodexo por 300.000.<\/p>\t\t\t\t\t<\/div>\n\t\t\t\t\t\t<\/div>\n\t\t\t\t<\/div>\n\t\t\t\t\t\t<\/div>\n\t\t\t\t\t<\/div>\n\t\t<\/div>\n\t\t\t\t<div class=\"elementor-column elementor-col-50 elementor-inner-column elementor-element elementor-element-9390c3c\" data-id=\"9390c3c\" data-element_type=\"column\">\n\t\t\t<div class=\"elementor-column-wrap elementor-element-populated\">\n\t\t\t\t\t\t\t<div class=\"elementor-widget-wrap\">\n\t\t\t\t\t\t<div class=\"elementor-element elementor-element-f11fbbb elementor-widget elementor-widget-text-editor\" data-id=\"f11fbbb\" data-element_type=\"widget\" data-widget_type=\"text-editor.default\">\n\t\t\t\t<div class=\"elementor-widget-container\">\n\t\t\t\t\t\t\t\t<div class=\"elementor-text-editor elementor-clearfix\">\n\t\t\t\t<p>Empeliculados: fotograf\u00edas tomadas con c\u00e1maras profesionales y semiprofesionales.<\/p><p><strong>Primer puesto:<\/strong> <br \/>Bonos de Sodexo por 400.000.<br \/><strong>Segundo puesto:<\/strong><br \/>Bonos de Sodexo por 300.000.<\/p>\t\t\t\t\t<\/div>\n\t\t\t\t\t\t<\/div>\n\t\t\t\t<\/div>\n\t\t\t\t\t\t<\/div>\n\t\t\t\t\t<\/div>\n\t\t<\/div>\n\t\t\t\t\t\t\t\t<\/div>\n\t\t\t\t\t<\/div>\n\t\t<\/section>\n\t\t\t\t<section class=\"elementor-section elementor-inner-section elementor-element elementor-element-b0130f2 elementor-section-boxed elementor-section-height-default elementor-section-height-default\" data-id=\"b0130f2\" data-element_type=\"section\">\n\t\t\t\t\t\t<div class=\"elementor-container elementor-column-gap-default\">\n\t\t\t\t\t\t\t<div class=\"elementor-row\">\n\t\t\t\t\t<div class=\"elementor-column elementor-col-50 elementor-inner-column elementor-element elementor-element-14e67c8\" data-id=\"14e67c8\" data-element_type=\"column\">\n\t\t\t<div class=\"elementor-column-wrap elementor-element-populated\">\n\t\t\t\t\t\t\t<div class=\"elementor-widget-wrap\">\n\t\t\t\t\t\t<div class=\"elementor-element elementor-element-14b99ac elementor-widget elementor-widget-heading\" data-id=\"14b99ac\" data-element_type=\"widget\" data-widget_type=\"heading.default\">\n\t\t\t\t<div class=\"elementor-widget-container\">\n\t\t\t<h2 class=\"elementor-heading-title elementor-size-default\"><b>Aspectos a tener<\/b> en cuenta en el concurso<\/h2>\t\t<\/div>\n\t\t\t\t<\/div>\n\t\t\t\t<div class=\"elementor-element elementor-element-6e4cd9d elementor-widget elementor-widget-text-editor\" data-id=\"6e4cd9d\" data-element_type=\"widget\" data-widget_type=\"text-editor.default\">\n\t\t\t\t<div class=\"elementor-widget-container\">\n\t\t\t\t\t\t\t\t<div class=\"elementor-text-editor elementor-clearfix\">\n\t\t\t\t<p>Si en alguna de las categor\u00edas no se cuenta con un m\u00ednimo 4 participantes, se declara desierta, pero podr\u00e1n participar en otra categor\u00eda.<\/p><p>Si la fotograf\u00eda es enviada en un formato diferente a jpg o que no se pueda descargar o ver, quedar\u00e1 descalificada.<\/p><p>Se escoger\u00e1n las mejores fotograf\u00edas de todo el concurso para exponerlas el d\u00eda de la premiaci\u00f3n.<\/p>\t\t\t\t\t<\/div>\n\t\t\t\t\t\t<\/div>\n\t\t\t\t<\/div>\n\t\t\t\t\t\t<\/div>\n\t\t\t\t\t<\/div>\n\t\t<\/div>\n\t\t\t\t<div class=\"elementor-column elementor-col-50 elementor-inner-column elementor-element elementor-element-9970bdf\" data-id=\"9970bdf\" data-element_type=\"column\">\n\t\t\t<div class=\"elementor-column-wrap elementor-element-populated\">\n\t\t\t\t\t\t\t<div class=\"elementor-widget-wrap\">\n\t\t\t\t\t\t<div class=\"elementor-element elementor-element-f700d99 elementor-widget elementor-widget-image\" data-id=\"f700d99\" data-element_type=\"widget\" data-widget_type=\"image.default\">\n\t\t\t\t<div class=\"elementor-widget-container\">\n\t\t\t\t\t\t\t\t<div class=\"elementor-image\">\n\t\t\t\t\t\t\t\t\t\t\t\t<img width=\"1024\" height=\"576\" src=\"https:\/\/www.medellin.gov.co\/es\/wp-content\/uploads\/2021\/11\/cerro-la-asomadera.jpg\" class=\"attachment-large size-large\" alt=\"Cerro la Asomadera\" loading=\"lazy\" srcset=\"https:\/\/www.medellin.gov.co\/es\/wp-content\/uploads\/2021\/11\/cerro-la-asomadera.jpg 1024w, https:\/\/www.medellin.gov.co\/es\/wp-content\/uploads\/2021\/11\/cerro-la-asomadera-300x169.jpg 300w, https:\/\/www.medellin.gov.co\/es\/wp-content\/uploads\/2021\/11\/cerro-la-asomadera-150x84.jpg 150w, https:\/\/www.medellin.gov.co\/es\/wp-content\/uploads\/2021\/11\/cerro-la-asomadera-768x432.jpg 768w\" sizes=\"(max-width: 1024px) 100vw, 1024px\" \/>\t\t\t\t\t\t\t\t\t\t\t\t\t\t<\/div>\n\t\t\t\t\t\t<\/div>\n\t\t\t\t<\/div>\n\t\t\t\t\t\t<\/div>\n\t\t\t\t\t<\/div>\n\t\t<\/div>\n\t\t\t\t\t\t\t\t<\/div>\n\t\t\t\t\t<\/div>\n\t\t<\/section>\n\t\t\t\t\t\t<\/div>\n\t\t\t\t\t<\/div>\n\t\t<\/div>\n\t\t\t\t\t\t\t\t<\/div>\n\t\t\t\t\t<\/div>\n\t\t<\/section>\n\t\t\t\t\t\t\t\t\t<\/div>\n\t\t\t<\/div>\n\t\t\t\t\t<\/div>\n\t\t","protected":false},"excerpt":{"rendered":"<p>Concurso de fotograf\u00eda \u00abConozcamos nuestra biodiversidad\u00bb El tema del concurso es la biodiversidad y sus servicios ecosist\u00e9micos, entendida como la variedad de la vida, la diversidad de especies de plantas, animales, hongos y microorganismos que &#8230;<\/p>\n","protected":false},"author":31,"featured_media":15575,"parent":14204,"menu_order":0,"comment_status":"closed","ping_status":"closed","template":"","meta":[],"acf":[],"_links":{"self":[{"href":"https:\/\/www.medellin.gov.co\/es\/wp-json\/wp\/v2\/pages\/145553"}],"collection":[{"href":"https:\/\/www.medellin.gov.co\/es\/wp-json\/wp\/v2\/pages"}],"about":[{"href":"https:\/\/www.medellin.gov.co\/es\/wp-json\/wp\/v2\/types\/page"}],"author":[{"embeddable":true,"href":"https:\/\/www.medellin.gov.co\/es\/wp-json\/wp\/v2\/users\/31"}],"replies":[{"embeddable":true,"href":"https:\/\/www.medellin.gov.co\/es\/wp-json\/wp\/v2\/comments?post=145553"}],"version-history":[{"count":10,"href":"https:\/\/www.medellin.gov.co\/es\/wp-json\/wp\/v2\/pages\/145553\/revisions"}],"predecessor-version":[{"id":149115,"href":"https:\/\/www.medellin.gov.co\/es\/wp-json\/wp\/v2\/pages\/145553\/revisions\/149115"}],"up":[{"embeddable":true,"href":"https:\/\/www.medellin.gov.co\/es\/wp-json\/wp\/v2\/pages\/14204"}],"wp:featuredmedia":[{"embeddable":true,"href":"https:\/\/www.medellin.gov.co\/es\/wp-json\/wp\/v2\/media\/15575"}],"wp:attachment":[{"href":"https:\/\/www.medellin.gov.co\/es\/wp-json\/wp\/v2\/media?parent=145553"}],"curies":[{"name":"wp","href":"https:\/\/api.w.org\/{rel}","templated":true}]}}