{"id":15081,"date":"2021-09-16T22:46:15","date_gmt":"2021-09-17T03:46:15","guid":{"rendered":"https:\/\/www.medellin.gov.co\/es\/?page_id=15081"},"modified":"2022-08-23T21:51:17","modified_gmt":"2022-08-24T02:51:17","slug":"medellin-caminable-y-pedaleable","status":"publish","type":"page","link":"https:\/\/www.medellin.gov.co\/es\/secretaria-de-movilidad\/medellin-caminable-y-pedaleable\/","title":{"rendered":"Medell\u00edn Caminable y Pedaleable"},"content":{"rendered":"\t\t<div data-elementor-type=\"wp-page\" data-elementor-id=\"15081\" class=\"elementor elementor-15081\">\n\t\t\t\t\t\t<div class=\"elementor-inner\">\n\t\t\t\t<div class=\"elementor-section-wrap\">\n\t\t\t\t\t\t\t\t\t<section class=\"elementor-section elementor-top-section elementor-element elementor-element-1fbb65d elementor-section-boxed elementor-section-height-default elementor-section-height-default\" data-id=\"1fbb65d\" data-element_type=\"section\">\n\t\t\t\t\t\t<div class=\"elementor-container elementor-column-gap-default\">\n\t\t\t\t\t\t\t<div class=\"elementor-row\">\n\t\t\t\t\t<div class=\"elementor-column elementor-col-100 elementor-top-column elementor-element elementor-element-56b4113\" data-id=\"56b4113\" data-element_type=\"column\">\n\t\t\t<div class=\"elementor-column-wrap elementor-element-populated\">\n\t\t\t\t\t\t\t<div class=\"elementor-widget-wrap\">\n\t\t\t\t\t\t<div class=\"elementor-element elementor-element-29e7318 elementor-widget elementor-widget-heading\" data-id=\"29e7318\" data-element_type=\"widget\" data-widget_type=\"heading.default\">\n\t\t\t\t<div class=\"elementor-widget-container\">\n\t\t\t<h1 class=\"elementor-heading-title elementor-size-default\">Medell\u00edn Caminable y Pedaleable<\/h1>\t\t<\/div>\n\t\t\t\t<\/div>\n\t\t\t\t<section class=\"elementor-section elementor-inner-section elementor-element elementor-element-dc2e023 elementor-section-boxed elementor-section-height-default elementor-section-height-default\" data-id=\"dc2e023\" data-element_type=\"section\">\n\t\t\t\t\t\t<div class=\"elementor-container elementor-column-gap-default\">\n\t\t\t\t\t\t\t<div class=\"elementor-row\">\n\t\t\t\t\t<div class=\"elementor-column elementor-col-50 elementor-inner-column elementor-element elementor-element-42bfbe4\" data-id=\"42bfbe4\" data-element_type=\"column\">\n\t\t\t<div class=\"elementor-column-wrap elementor-element-populated\">\n\t\t\t\t\t\t\t<div class=\"elementor-widget-wrap\">\n\t\t\t\t\t\t<div class=\"elementor-element elementor-element-3fdedf5 elementor-widget elementor-widget-image\" data-id=\"3fdedf5\" data-element_type=\"widget\" data-widget_type=\"image.default\">\n\t\t\t\t<div class=\"elementor-widget-container\">\n\t\t\t\t\t\t\t\t<div class=\"elementor-image\">\n\t\t\t\t\t\t\t\t\t\t\t\t<img width=\"1024\" height=\"625\" src=\"https:\/\/www.medellin.gov.co\/es\/wp-content\/uploads\/2021\/09\/gente-caminante-y-pedaleable-avenida-san-juan.jpg\" class=\"attachment-large size-large\" alt=\"Medell\u00edn Caminable y Pedaleable Avenida San Juan\" loading=\"lazy\" srcset=\"https:\/\/www.medellin.gov.co\/es\/wp-content\/uploads\/2021\/09\/gente-caminante-y-pedaleable-avenida-san-juan.jpg 1024w, https:\/\/www.medellin.gov.co\/es\/wp-content\/uploads\/2021\/09\/gente-caminante-y-pedaleable-avenida-san-juan-300x183.jpg 300w, https:\/\/www.medellin.gov.co\/es\/wp-content\/uploads\/2021\/09\/gente-caminante-y-pedaleable-avenida-san-juan-150x92.jpg 150w, https:\/\/www.medellin.gov.co\/es\/wp-content\/uploads\/2021\/09\/gente-caminante-y-pedaleable-avenida-san-juan-768x469.jpg 768w\" sizes=\"(max-width: 1024px) 100vw, 1024px\" \/>\t\t\t\t\t\t\t\t\t\t\t\t\t\t<\/div>\n\t\t\t\t\t\t<\/div>\n\t\t\t\t<\/div>\n\t\t\t\t\t\t<\/div>\n\t\t\t\t\t<\/div>\n\t\t<\/div>\n\t\t\t\t<div class=\"elementor-column elementor-col-50 elementor-inner-column elementor-element elementor-element-d8b8f58\" data-id=\"d8b8f58\" data-element_type=\"column\">\n\t\t\t<div class=\"elementor-column-wrap elementor-element-populated\">\n\t\t\t\t\t\t\t<div class=\"elementor-widget-wrap\">\n\t\t\t\t\t\t<div class=\"elementor-element elementor-element-484c017 elementor-widget elementor-widget-text-editor\" data-id=\"484c017\" data-element_type=\"widget\" data-widget_type=\"text-editor.default\">\n\t\t\t\t<div class=\"elementor-widget-container\">\n\t\t\t\t\t\t\t\t<div class=\"elementor-text-editor elementor-clearfix\">\n\t\t\t\t<p>Promover la planificaci\u00f3n y ejecuci\u00f3n de proyectos para la movilidad humana que consideren el enfoque de g\u00e9nero y la accesibilidad universal, haciendo un \u00e9nfasis en la importancia de continuar promoviendo la caminata y la bicicleta como modos de transporte, su integraci\u00f3n con el SITVA y con el espacio p\u00fablico, en una apuesta por materializar la pir\u00e1mide de movilidad invertida definida en el POT y por acortar el camino de transici\u00f3n hacia una movilidad libre de combustibles f\u00f3siles.<\/p>\t\t\t\t\t<\/div>\n\t\t\t\t\t\t<\/div>\n\t\t\t\t<\/div>\n\t\t\t\t\t\t<\/div>\n\t\t\t\t\t<\/div>\n\t\t<\/div>\n\t\t\t\t\t\t\t\t<\/div>\n\t\t\t\t\t<\/div>\n\t\t<\/section>\n\t\t\t\t<div class=\"elementor-element elementor-element-48ca232 elementor-widget elementor-widget-heading\" data-id=\"48ca232\" data-element_type=\"widget\" data-widget_type=\"heading.default\">\n\t\t\t\t<div class=\"elementor-widget-container\">\n\t\t\t<h2 class=\"elementor-heading-title elementor-size-default\"><b>Objetivos espec\u00edficos<\/b> de Medell\u00edn Caminable y Pedaleable<\/h2>\t\t<\/div>\n\t\t\t\t<\/div>\n\t\t\t\t<div class=\"elementor-element elementor-element-3a13b65 elementor-widget elementor-widget-text-editor\" data-id=\"3a13b65\" data-element_type=\"widget\" data-widget_type=\"text-editor.default\">\n\t\t\t\t<div class=\"elementor-widget-container\">\n\t\t\t\t\t\t\t\t<div class=\"elementor-text-editor elementor-clearfix\">\n\t\t\t\t<ul><li>Mantener la infraestructura de la red ciclista y peatonal existente en la ciudad, para mejorar la experiencia de viaje y de estancia de estos modos de transporte.<\/li><li>Densificar la red ciclista de la ciudad considerando las diferentes tipolog\u00edas de v\u00edas ciclistas y v\u00edas adaptadas para el tr\u00e1fico ciclista que permitan consolidar zonas de tr\u00e1fico calmado y mejorar la accesibilidad del modo bicicleta a diferentes zonas de la ciudad.<\/li><li>Mejorar la conectividad de peatones, personas con movilidad reducida (PMR) y ciclistas entre el oriente y occidente, as\u00ed como entre el norte y sur de la ciudad.<\/li><\/ul>\t\t\t\t\t<\/div>\n\t\t\t\t\t\t<\/div>\n\t\t\t\t<\/div>\n\t\t\t\t<div class=\"elementor-element elementor-element-a9fd1cc elementor-widget elementor-widget-text-editor\" data-id=\"a9fd1cc\" data-element_type=\"widget\" data-widget_type=\"text-editor.default\">\n\t\t\t\t<div class=\"elementor-widget-container\">\n\t\t\t\t\t\t\t\t<div class=\"elementor-text-editor elementor-clearfix\">\n\t\t\t\t<p>Conoce los indicadores de la Medell\u00edn Caminable y Pedaleable&nbsp;<a href=\"https:\/\/www.medellin.gov.co\/es\/wp-content\/uploads\/2021\/09\/indicadores.pdf\" target=\"_blank\" rel=\"noopener\">aqu\u00ed.<\/a><\/p>\t\t\t\t\t<\/div>\n\t\t\t\t\t\t<\/div>\n\t\t\t\t<\/div>\n\t\t\t\t<div class=\"elementor-element elementor-element-b79565a elementor-widget elementor-widget-heading\" data-id=\"b79565a\" data-element_type=\"widget\" data-widget_type=\"heading.default\">\n\t\t\t\t<div class=\"elementor-widget-container\">\n\t\t\t<h2 class=\"elementor-heading-title elementor-size-default\"><b>Zonas <\/b>Urbanas de Aire Protegido<\/h2>\t\t<\/div>\n\t\t\t\t<\/div>\n\t\t\t\t<section class=\"elementor-section elementor-inner-section elementor-element elementor-element-920597d elementor-section-boxed elementor-section-height-default elementor-section-height-default\" data-id=\"920597d\" data-element_type=\"section\">\n\t\t\t\t\t\t<div class=\"elementor-container elementor-column-gap-default\">\n\t\t\t\t\t\t\t<div class=\"elementor-row\">\n\t\t\t\t\t<div class=\"elementor-column elementor-col-50 elementor-inner-column elementor-element elementor-element-e4f47d7\" data-id=\"e4f47d7\" data-element_type=\"column\">\n\t\t\t<div class=\"elementor-column-wrap elementor-element-populated\">\n\t\t\t\t\t\t\t<div class=\"elementor-widget-wrap\">\n\t\t\t\t\t\t<div class=\"elementor-element elementor-element-2171dbf elementor-widget elementor-widget-image\" data-id=\"2171dbf\" data-element_type=\"widget\" data-widget_type=\"image.default\">\n\t\t\t\t<div class=\"elementor-widget-container\">\n\t\t\t\t\t\t\t\t<div class=\"elementor-image\">\n\t\t\t\t\t\t\t\t\t\t\t\t<img width=\"1024\" height=\"682\" src=\"https:\/\/www.medellin.gov.co\/es\/wp-content\/uploads\/2021\/09\/vista-plaza-de-toros-la-macarena.jpg\" class=\"attachment-large size-large\" alt=\"Vista plaza de toros La Macarena\" loading=\"lazy\" srcset=\"https:\/\/www.medellin.gov.co\/es\/wp-content\/uploads\/2021\/09\/vista-plaza-de-toros-la-macarena.jpg 1024w, https:\/\/www.medellin.gov.co\/es\/wp-content\/uploads\/2021\/09\/vista-plaza-de-toros-la-macarena-300x200.jpg 300w, https:\/\/www.medellin.gov.co\/es\/wp-content\/uploads\/2021\/09\/vista-plaza-de-toros-la-macarena-150x100.jpg 150w, https:\/\/www.medellin.gov.co\/es\/wp-content\/uploads\/2021\/09\/vista-plaza-de-toros-la-macarena-768x512.jpg 768w\" sizes=\"(max-width: 1024px) 100vw, 1024px\" \/>\t\t\t\t\t\t\t\t\t\t\t\t\t\t<\/div>\n\t\t\t\t\t\t<\/div>\n\t\t\t\t<\/div>\n\t\t\t\t\t\t<\/div>\n\t\t\t\t\t<\/div>\n\t\t<\/div>\n\t\t\t\t<div class=\"elementor-column elementor-col-50 elementor-inner-column elementor-element elementor-element-d0e7209\" data-id=\"d0e7209\" data-element_type=\"column\">\n\t\t\t<div class=\"elementor-column-wrap elementor-element-populated\">\n\t\t\t\t\t\t\t<div class=\"elementor-widget-wrap\">\n\t\t\t\t\t\t<div class=\"elementor-element elementor-element-a6df6e1 elementor-widget elementor-widget-text-editor\" data-id=\"a6df6e1\" data-element_type=\"widget\" data-widget_type=\"text-editor.default\">\n\t\t\t\t<div class=\"elementor-widget-container\">\n\t\t\t\t\t\t\t\t<div class=\"elementor-text-editor elementor-clearfix\">\n\t\t\t\t<p>Son \u00e1reas o pol\u00edgonos donde se aplican una serie de medidas con el objetivo de disminuir las emisiones y mejorar la salud de los habitantes del territorio. Estas medidas buscan alejarnos de la movilidad tradicional (los carros o fuentes m\u00f3viles que producen el 92 % de los contaminantes de la atm\u00f3sfera) y acercarnos a la movilidad sostenible (caminar y montar en bicicleta).<\/p>\n<p>El concepto de Zona Urbana de Aire Protegido (ZUAP) fue acu\u00f1ado desde el \u00c1rea Metropolitana del Valle de Aburr\u00e1, para describir aquellas zonas en las que se requieren realizar acciones m\u00e1s espec\u00edficas para proteger la cuenca atmosf\u00e9rica, los ecosistemas y la salud de la poblaci\u00f3n de la zona, y en general de todo el valle de Aburr\u00e1.<\/p>\t\t\t\t\t<\/div>\n\t\t\t\t\t\t<\/div>\n\t\t\t\t<\/div>\n\t\t\t\t<div class=\"elementor-element elementor-element-abe31c6 elementor-tablet-align-left elementor-mobile-align-center elementor-widget elementor-widget-button\" data-id=\"abe31c6\" data-element_type=\"widget\" data-widget_type=\"button.default\">\n\t\t\t\t<div class=\"elementor-widget-container\">\n\t\t\t\t\t<div class=\"elementor-button-wrapper\">\n\t\t\t<a href=\"https:\/\/www.medellin.gov.co\/es\/secretaria-de-movilidad\/medellin-caminable-y-pedaleable\/zuap\/\" class=\"elementor-button-link elementor-button elementor-size-sm\" role=\"button\">\n\t\t\t\t\t\t<span class=\"elementor-button-content-wrapper\">\n\t\t\t\t\t\t<span class=\"elementor-button-text\">Conoce m\u00e1s de las ZUAP<\/span>\n\t\t<\/span>\n\t\t\t\t\t<\/a>\n\t\t<\/div>\n\t\t\t\t<\/div>\n\t\t\t\t<\/div>\n\t\t\t\t\t\t<\/div>\n\t\t\t\t\t<\/div>\n\t\t<\/div>\n\t\t\t\t\t\t\t\t<\/div>\n\t\t\t\t\t<\/div>\n\t\t<\/section>\n\t\t\t\t<div class=\"elementor-element elementor-element-b887cab elementor-widget elementor-widget-heading\" data-id=\"b887cab\" data-element_type=\"widget\" data-widget_type=\"heading.default\">\n\t\t\t\t<div class=\"elementor-widget-container\">\n\t\t\t<h2 class=\"elementor-heading-title elementor-size-default\"><b>Movilidad activa y <\/b>enfoque de g\u00e9nero<\/h2>\t\t<\/div>\n\t\t\t\t<\/div>\n\t\t\t\t<section class=\"elementor-section elementor-inner-section elementor-element elementor-element-aeb0154 elementor-section-boxed elementor-section-height-default elementor-section-height-default\" data-id=\"aeb0154\" data-element_type=\"section\">\n\t\t\t\t\t\t<div class=\"elementor-container elementor-column-gap-default\">\n\t\t\t\t\t\t\t<div class=\"elementor-row\">\n\t\t\t\t\t<div class=\"elementor-column elementor-col-50 elementor-inner-column elementor-element elementor-element-1ebee86\" data-id=\"1ebee86\" data-element_type=\"column\">\n\t\t\t<div class=\"elementor-column-wrap elementor-element-populated\">\n\t\t\t\t\t\t\t<div class=\"elementor-widget-wrap\">\n\t\t\t\t\t\t<div class=\"elementor-element elementor-element-045f2db elementor-widget elementor-widget-text-editor\" data-id=\"045f2db\" data-element_type=\"widget\" data-widget_type=\"text-editor.default\">\n\t\t\t\t<div class=\"elementor-widget-container\">\n\t\t\t\t\t\t\t\t<div class=\"elementor-text-editor elementor-clearfix\">\n\t\t\t\t<p>La Gu\u00eda Metodol\u00f3gica \u201cInfraestructura para la movilidad activa y g\u00e9nero\u201d, elaborada en una alianza estrat\u00e9gica entre la Administraci\u00f3n Distrital y la Corporaci\u00f3n Financiera Internacional (IFC), posibilita implementar proyectos de infraestructura y espacio p\u00fablico desde la inclusi\u00f3n y la accesibilidad, garantizando que la movilidad de Medell\u00edn y el Valle de Aburr\u00e1 sea segura y equitativa para todas las mujeres.<\/p><p>Es una herramienta que permite conocer a fondo las realidades frente a los desplazamientos y las situaciones a las que se enfrentan las mujeres en el espacio p\u00fablico, desde una perspectiva de g\u00e9nero y movilidad, para finalmente, analizar las mejores pr\u00e1cticas, adaptar y desarrollar recomendaciones adecuadas al contexto local, relacionadas con los procesos de planificaci\u00f3n, las consideraciones de dise\u00f1o y la co-creaci\u00f3n social del proyecto y sus estrategias de planificaci\u00f3n y operaci\u00f3n para los proyectos de infraestructura para la movilidad activa.<\/p>\t\t\t\t\t<\/div>\n\t\t\t\t\t\t<\/div>\n\t\t\t\t<\/div>\n\t\t\t\t<div class=\"elementor-element elementor-element-87631d5 elementor-tablet-align-left elementor-mobile-align-center elementor-align-left elementor-widget elementor-widget-button\" data-id=\"87631d5\" data-element_type=\"widget\" data-widget_type=\"button.default\">\n\t\t\t\t<div class=\"elementor-widget-container\">\n\t\t\t\t\t<div class=\"elementor-button-wrapper\">\n\t\t\t<a href=\"\/es\/wp-content\/uploads\/2022\/08\/guia-movilidad-activa.pdf\" target=\"_blank\" class=\"elementor-button-link elementor-button elementor-size-sm\" role=\"button\">\n\t\t\t\t\t\t<span class=\"elementor-button-content-wrapper\">\n\t\t\t\t\t\t<span class=\"elementor-button-text\">Descargar Gu\u00eda<\/span>\n\t\t<\/span>\n\t\t\t\t\t<\/a>\n\t\t<\/div>\n\t\t\t\t<\/div>\n\t\t\t\t<\/div>\n\t\t\t\t<div class=\"elementor-element elementor-element-836a59c elementor-tablet-align-left elementor-mobile-align-center elementor-align-left elementor-widget elementor-widget-button\" data-id=\"836a59c\" data-element_type=\"widget\" data-widget_type=\"button.default\">\n\t\t\t\t<div class=\"elementor-widget-container\">\n\t\t\t\t\t<div class=\"elementor-button-wrapper\">\n\t\t\t<a href=\"https:\/\/www.dropbox.com\/sh\/gf6al1vbd0xbb0l\/AAAtB81gZA5dFAvaDsmog-mna?dl=0\" target=\"_blank\" class=\"elementor-button-link elementor-button elementor-size-sm\" role=\"button\">\n\t\t\t\t\t\t<span class=\"elementor-button-content-wrapper\">\n\t\t\t\t\t\t<span class=\"elementor-button-text\">Anexos<\/span>\n\t\t<\/span>\n\t\t\t\t\t<\/a>\n\t\t<\/div>\n\t\t\t\t<\/div>\n\t\t\t\t<\/div>\n\t\t\t\t\t\t<\/div>\n\t\t\t\t\t<\/div>\n\t\t<\/div>\n\t\t\t\t<div class=\"elementor-column elementor-col-50 elementor-inner-column elementor-element elementor-element-2dd4a18\" data-id=\"2dd4a18\" data-element_type=\"column\">\n\t\t\t<div class=\"elementor-column-wrap elementor-element-populated\">\n\t\t\t\t\t\t\t<div class=\"elementor-widget-wrap\">\n\t\t\t\t\t\t<div class=\"elementor-element elementor-element-f231928 elementor-widget elementor-widget-image\" data-id=\"f231928\" data-element_type=\"widget\" data-widget_type=\"image.default\">\n\t\t\t\t<div class=\"elementor-widget-container\">\n\t\t\t\t\t\t\t\t<div class=\"elementor-image\">\n\t\t\t\t\t\t\t\t\t\t\t\t\t<a href=\"https:\/\/www.medellin.gov.co\/es\/wp-content\/uploads\/2022\/08\/movilidad-activa.jpg\" data-elementor-open-lightbox=\"yes\" data-elementor-lightbox-title=\"Movilidad Activa\" e-action-hash=\"#elementor-action%3Aaction%3Dlightbox%26settings%3DeyJpZCI6ODkzMTksInVybCI6Imh0dHBzOlwvXC93d3cubWVkZWxsaW4uZ292LmNvXC9lc1wvd3AtY29udGVudFwvdXBsb2Fkc1wvMjAyMlwvMDhcL21vdmlsaWRhZC1hY3RpdmEuanBnIn0%3D\">\n\t\t\t\t\t\t\t<img width=\"1024\" height=\"640\" src=\"https:\/\/www.medellin.gov.co\/es\/wp-content\/uploads\/2022\/08\/movilidad-activa.jpg\" class=\"attachment-large size-large\" alt=\"Movilidad Activa\" loading=\"lazy\" srcset=\"https:\/\/www.medellin.gov.co\/es\/wp-content\/uploads\/2022\/08\/movilidad-activa.jpg 1024w, https:\/\/www.medellin.gov.co\/es\/wp-content\/uploads\/2022\/08\/movilidad-activa-300x188.jpg 300w, https:\/\/www.medellin.gov.co\/es\/wp-content\/uploads\/2022\/08\/movilidad-activa-150x94.jpg 150w, https:\/\/www.medellin.gov.co\/es\/wp-content\/uploads\/2022\/08\/movilidad-activa-768x480.jpg 768w\" sizes=\"(max-width: 1024px) 100vw, 1024px\" \/>\t\t\t\t\t\t\t\t<\/a>\n\t\t\t\t\t\t\t\t\t\t\t\t\t\t<\/div>\n\t\t\t\t\t\t<\/div>\n\t\t\t\t<\/div>\n\t\t\t\t\t\t<\/div>\n\t\t\t\t\t<\/div>\n\t\t<\/div>\n\t\t\t\t\t\t\t\t<\/div>\n\t\t\t\t\t<\/div>\n\t\t<\/section>\n\t\t\t\t\t\t<\/div>\n\t\t\t\t\t<\/div>\n\t\t<\/div>\n\t\t\t\t\t\t\t\t<\/div>\n\t\t\t\t\t<\/div>\n\t\t<\/section>\n\t\t\t\t\t\t\t\t\t<\/div>\n\t\t\t<\/div>\n\t\t\t\t\t<\/div>\n\t\t","protected":false},"excerpt":{"rendered":"<p>Medell\u00edn Caminable y Pedaleable Promover la planificaci\u00f3n y ejecuci\u00f3n de proyectos para la movilidad humana que consideren el enfoque de g\u00e9nero y la accesibilidad universal, haciendo un \u00e9nfasis en la importancia de continuar promoviendo la &#8230;<\/p>\n","protected":false},"author":31,"featured_media":16466,"parent":15075,"menu_order":10,"comment_status":"closed","ping_status":"closed","template":"sec-movilidad\/elementor.php","meta":[],"acf":[],"_links":{"self":[{"href":"https:\/\/www.medellin.gov.co\/es\/wp-json\/wp\/v2\/pages\/15081"}],"collection":[{"href":"https:\/\/www.medellin.gov.co\/es\/wp-json\/wp\/v2\/pages"}],"about":[{"href":"https:\/\/www.medellin.gov.co\/es\/wp-json\/wp\/v2\/types\/page"}],"author":[{"embeddable":true,"href":"https:\/\/www.medellin.gov.co\/es\/wp-json\/wp\/v2\/users\/31"}],"replies":[{"embeddable":true,"href":"https:\/\/www.medellin.gov.co\/es\/wp-json\/wp\/v2\/comments?post=15081"}],"version-history":[{"count":54,"href":"https:\/\/www.medellin.gov.co\/es\/wp-json\/wp\/v2\/pages\/15081\/revisions"}],"predecessor-version":[{"id":89362,"href":"https:\/\/www.medellin.gov.co\/es\/wp-json\/wp\/v2\/pages\/15081\/revisions\/89362"}],"up":[{"embeddable":true,"href":"https:\/\/www.medellin.gov.co\/es\/wp-json\/wp\/v2\/pages\/15075"}],"wp:featuredmedia":[{"embeddable":true,"href":"https:\/\/www.medellin.gov.co\/es\/wp-json\/wp\/v2\/media\/16466"}],"wp:attachment":[{"href":"https:\/\/www.medellin.gov.co\/es\/wp-json\/wp\/v2\/media?parent=15081"}],"curies":[{"name":"wp","href":"https:\/\/api.w.org\/{rel}","templated":true}]}}