{"id":15127,"date":"2021-09-17T10:43:36","date_gmt":"2021-09-17T15:43:36","guid":{"rendered":"https:\/\/www.medellin.gov.co\/es\/?page_id=15127"},"modified":"2023-07-28T14:32:05","modified_gmt":"2023-07-28T19:32:05","slug":"sistema-de-informacion-a-la-movilidad-del-ciudadano","status":"publish","type":"page","link":"https:\/\/www.medellin.gov.co\/es\/secretaria-de-movilidad\/sistema-de-informacion-a-la-movilidad-del-ciudadano\/","title":{"rendered":"Sistema de Informaci\u00f3n a la Movilidad del Ciudadano (Simoc)"},"content":{"rendered":"\t\t<div data-elementor-type=\"wp-page\" data-elementor-id=\"15127\" class=\"elementor elementor-15127\">\n\t\t\t\t\t\t<div class=\"elementor-inner\">\n\t\t\t\t<div class=\"elementor-section-wrap\">\n\t\t\t\t\t\t\t\t\t<section class=\"elementor-section elementor-top-section elementor-element elementor-element-6b10750 elementor-section-boxed elementor-section-height-default elementor-section-height-default\" data-id=\"6b10750\" data-element_type=\"section\">\n\t\t\t\t\t\t<div class=\"elementor-container elementor-column-gap-default\">\n\t\t\t\t\t\t\t<div class=\"elementor-row\">\n\t\t\t\t\t<div class=\"elementor-column elementor-col-100 elementor-top-column elementor-element elementor-element-0fcd802\" data-id=\"0fcd802\" data-element_type=\"column\">\n\t\t\t<div class=\"elementor-column-wrap elementor-element-populated\">\n\t\t\t\t\t\t\t<div class=\"elementor-widget-wrap\">\n\t\t\t\t\t\t<div class=\"elementor-element elementor-element-3ce7771 elementor-widget elementor-widget-heading\" data-id=\"3ce7771\" data-element_type=\"widget\" data-widget_type=\"heading.default\">\n\t\t\t\t<div class=\"elementor-widget-container\">\n\t\t\t<h1 class=\"elementor-heading-title elementor-size-default\">Sistema de Informaci\u00f3n a la Movilidad del Ciudadano (Simoc)<\/h1>\t\t<\/div>\n\t\t\t\t<\/div>\n\t\t\t\t<section class=\"elementor-section elementor-inner-section elementor-element elementor-element-c3a4a33 elementor-section-boxed elementor-section-height-default elementor-section-height-default\" data-id=\"c3a4a33\" data-element_type=\"section\">\n\t\t\t\t\t\t<div class=\"elementor-container elementor-column-gap-default\">\n\t\t\t\t\t\t\t<div class=\"elementor-row\">\n\t\t\t\t\t<div class=\"elementor-column elementor-col-50 elementor-inner-column elementor-element elementor-element-7852c8a\" data-id=\"7852c8a\" data-element_type=\"column\">\n\t\t\t<div class=\"elementor-column-wrap elementor-element-populated\">\n\t\t\t\t\t\t\t<div class=\"elementor-widget-wrap\">\n\t\t\t\t\t\t<div class=\"elementor-element elementor-element-1ab5b33 elementor-widget elementor-widget-image\" data-id=\"1ab5b33\" data-element_type=\"widget\" data-widget_type=\"image.default\">\n\t\t\t\t<div class=\"elementor-widget-container\">\n\t\t\t\t\t\t\t\t<div class=\"elementor-image\">\n\t\t\t\t\t\t\t\t\t\t\t\t<img width=\"1024\" height=\"683\" src=\"https:\/\/www.medellin.gov.co\/es\/wp-content\/uploads\/2021\/09\/sistema-movilidad-del-ciudadano-medellin.jpg\" class=\"attachment-large size-large\" alt=\"Sistema Movilidad del Ciudadano Medell\u00edn\" loading=\"lazy\" srcset=\"https:\/\/www.medellin.gov.co\/es\/wp-content\/uploads\/2021\/09\/sistema-movilidad-del-ciudadano-medellin.jpg 1024w, https:\/\/www.medellin.gov.co\/es\/wp-content\/uploads\/2021\/09\/sistema-movilidad-del-ciudadano-medellin-300x200.jpg 300w, https:\/\/www.medellin.gov.co\/es\/wp-content\/uploads\/2021\/09\/sistema-movilidad-del-ciudadano-medellin-150x100.jpg 150w, https:\/\/www.medellin.gov.co\/es\/wp-content\/uploads\/2021\/09\/sistema-movilidad-del-ciudadano-medellin-768x512.jpg 768w\" sizes=\"(max-width: 1024px) 100vw, 1024px\" \/>\t\t\t\t\t\t\t\t\t\t\t\t\t\t<\/div>\n\t\t\t\t\t\t<\/div>\n\t\t\t\t<\/div>\n\t\t\t\t\t\t<\/div>\n\t\t\t\t\t<\/div>\n\t\t<\/div>\n\t\t\t\t<div class=\"elementor-column elementor-col-50 elementor-inner-column elementor-element elementor-element-fa0bf67\" data-id=\"fa0bf67\" data-element_type=\"column\">\n\t\t\t<div class=\"elementor-column-wrap elementor-element-populated\">\n\t\t\t\t\t\t\t<div class=\"elementor-widget-wrap\">\n\t\t\t\t\t\t<div class=\"elementor-element elementor-element-3ecf4df elementor-widget elementor-widget-text-editor\" data-id=\"3ecf4df\" data-element_type=\"widget\" data-widget_type=\"text-editor.default\">\n\t\t\t\t<div class=\"elementor-widget-container\">\n\t\t\t\t\t\t\t\t<div class=\"elementor-text-editor elementor-clearfix\">\n\t\t\t\t<p>El Sistema de Informaci\u00f3n a la Movilidad del Ciudadano (Simoc) es un programa implementado por la Secretar\u00eda de Movilidad con el apoyo de la Administraci\u00f3n Municipal, la Secretar\u00eda de Infraestructura y Cultura Ciudadana como elemento fundamental de la Pol\u00edtica P\u00fablica en materia de movilidad y transporte.<\/p><p>El objetivo del Sistema de Informaci\u00f3n a la Movilidad del Ciudadano es generar, articular y divulgar la informaci\u00f3n necesaria para que los ciudadanos y visitantes conozcan, con precisi\u00f3n y de forma georeferenciada (seg\u00fan corresponda), los diferentes medios de transporte, las rutas, los paraderos, las tarifas, los centros de acopio para taxis, los puntos multimodales de transporte, las frecuencias, los parqueaderos de automotores y las bicicletas, los sitios de inter\u00e9s cercanos y los horarios de servicio de transporte en la ciudad de Medell\u00edn.<\/p>\t\t\t\t\t<\/div>\n\t\t\t\t\t\t<\/div>\n\t\t\t\t<\/div>\n\t\t\t\t\t\t<\/div>\n\t\t\t\t\t<\/div>\n\t\t<\/div>\n\t\t\t\t\t\t\t\t<\/div>\n\t\t\t\t\t<\/div>\n\t\t<\/section>\n\t\t\t\t<div class=\"elementor-element elementor-element-59e73db elementor-widget elementor-widget-text-editor\" data-id=\"59e73db\" data-element_type=\"widget\" data-widget_type=\"text-editor.default\">\n\t\t\t\t<div class=\"elementor-widget-container\">\n\t\t\t\t\t\t\t\t<div class=\"elementor-text-editor elementor-clearfix\">\n\t\t\t\t<p>Adem\u00e1s, servir\u00e1 como herramienta de educaci\u00f3n para el fortalecimiento del control social que realiza la ciudadan\u00eda sobre los diferentes actores de la movilidad en Medell\u00edn y en especial sobre los prestadores de transporte p\u00fablico individual y colectivo, a trav\u00e9s de la difusi\u00f3n de la informaci\u00f3n sobre la accidentalidad y sus causas, contravenciones, cumplimiento a los pactos, normatividad, servicios y estructura de la Secretar\u00eda de Movilidad.<\/p>\t\t\t\t\t<\/div>\n\t\t\t\t\t\t<\/div>\n\t\t\t\t<\/div>\n\t\t\t\t<div class=\"elementor-element elementor-element-8545b2a elementor-widget elementor-widget-heading\" data-id=\"8545b2a\" data-element_type=\"widget\" data-widget_type=\"heading.default\">\n\t\t\t\t<div class=\"elementor-widget-container\">\n\t\t\t<h2 class=\"elementor-heading-title elementor-size-default\"><b>Normatividad <\/b>del Simoc<\/h2>\t\t<\/div>\n\t\t\t\t<\/div>\n\t\t\t\t<section class=\"elementor-section elementor-inner-section elementor-element elementor-element-3d7dd6c elementor-section-boxed elementor-section-height-default elementor-section-height-default\" data-id=\"3d7dd6c\" data-element_type=\"section\">\n\t\t\t\t\t\t<div class=\"elementor-container elementor-column-gap-default\">\n\t\t\t\t\t\t\t<div class=\"elementor-row\">\n\t\t\t\t\t<div class=\"elementor-column elementor-col-50 elementor-inner-column elementor-element elementor-element-c1afc91\" data-id=\"c1afc91\" data-element_type=\"column\" data-settings=\"{&quot;background_background&quot;:&quot;classic&quot;}\">\n\t\t\t<div class=\"elementor-column-wrap elementor-element-populated\">\n\t\t\t\t\t\t\t<div class=\"elementor-widget-wrap\">\n\t\t\t\t\t\t<div class=\"elementor-element elementor-element-83610ca elementor-widget elementor-widget-heading\" data-id=\"83610ca\" data-element_type=\"widget\" data-widget_type=\"heading.default\">\n\t\t\t\t<div class=\"elementor-widget-container\">\n\t\t\t<h4 class=\"elementor-heading-title elementor-size-default\">Decreto 0275 de 2009<\/h4>\t\t<\/div>\n\t\t\t\t<\/div>\n\t\t\t\t<div class=\"elementor-element elementor-element-fbdd364 elementor-widget elementor-widget-text-editor\" data-id=\"fbdd364\" data-element_type=\"widget\" data-widget_type=\"text-editor.default\">\n\t\t\t\t<div class=\"elementor-widget-container\">\n\t\t\t\t\t\t\t\t<div class=\"elementor-text-editor elementor-clearfix\">\n\t\t\t\t<p>Por el cual se reglamenta el Acuerdo 042 del 04 de diciembre de 2008 e implementa el Sistema de Informaci\u00f3n a la Movilidad Ciudadana \u00abSimoc\u00bb y se dictan otras disposiciones.<\/p>\t\t\t\t\t<\/div>\n\t\t\t\t\t\t<\/div>\n\t\t\t\t<\/div>\n\t\t\t\t\t\t<\/div>\n\t\t\t\t\t<\/div>\n\t\t<\/div>\n\t\t\t\t<div class=\"elementor-column elementor-col-50 elementor-inner-column elementor-element elementor-element-3126e5f\" data-id=\"3126e5f\" data-element_type=\"column\" data-settings=\"{&quot;background_background&quot;:&quot;classic&quot;}\">\n\t\t\t<div class=\"elementor-column-wrap elementor-element-populated\">\n\t\t\t\t\t\t\t<div class=\"elementor-widget-wrap\">\n\t\t\t\t\t\t<div class=\"elementor-element elementor-element-7c05660 elementor-widget elementor-widget-heading\" data-id=\"7c05660\" data-element_type=\"widget\" data-widget_type=\"heading.default\">\n\t\t\t\t<div class=\"elementor-widget-container\">\n\t\t\t<h4 class=\"elementor-heading-title elementor-size-default\">Pendiente la norma<\/h4>\t\t<\/div>\n\t\t\t\t<\/div>\n\t\t\t\t<div class=\"elementor-element elementor-element-45694eb elementor-widget elementor-widget-text-editor\" data-id=\"45694eb\" data-element_type=\"widget\" data-widget_type=\"text-editor.default\">\n\t\t\t\t<div class=\"elementor-widget-container\">\n\t\t\t\t\t\t\t\t<div class=\"elementor-text-editor elementor-clearfix\">\n\t\t\t\t<p>Por medio de la cual se implementa el Comit\u00e9 Interno del Sistema de Informaci\u00f3n a la Movilidad del Ciudadano de la Secretar\u00eda de Transportes y Tr\u00e1nsito de Medell\u00edn.<\/p>\t\t\t\t\t<\/div>\n\t\t\t\t\t\t<\/div>\n\t\t\t\t<\/div>\n\t\t\t\t\t\t<\/div>\n\t\t\t\t\t<\/div>\n\t\t<\/div>\n\t\t\t\t\t\t\t\t<\/div>\n\t\t\t\t\t<\/div>\n\t\t<\/section>\n\t\t\t\t<div class=\"elementor-element elementor-element-e801a92 elementor-widget elementor-widget-heading\" data-id=\"e801a92\" data-element_type=\"widget\" data-widget_type=\"heading.default\">\n\t\t\t\t<div class=\"elementor-widget-container\">\n\t\t\t<h2 class=\"elementor-heading-title elementor-size-default\"><b>Informes del<\/b> Sistema de Informaci\u00f3n a la Movilidad del Ciudadano (Simoc)<\/h2>\t\t<\/div>\n\t\t\t\t<\/div>\n\t\t\t\t<div class=\"elementor-element elementor-element-64ec7ee elementor-widget elementor-widget-pp-faq\" data-id=\"64ec7ee\" data-element_type=\"widget\" data-settings=\"{&quot;faq_layout&quot;:&quot;accordion&quot;,&quot;accordion_type&quot;:&quot;accordion&quot;,&quot;toggle_speed&quot;:300}\" data-widget_type=\"pp-faq.default\">\n\t\t\t\t<div class=\"elementor-widget-container\">\n\t\t\t\t\t<div class=\"pp-faqs pp-advanced-accordion pp-toggle-icon-align-left\" id=\"pp-advanced-accordion-64ec7ee\" data-accordion-id=\"64ec7ee\">\n\t\t\t\t\t\t<div class=\"pp-faq-item-wrap elementor-grid-item\">\n\t\t\t\t<div class=\"pp-faq-item pp-accordion-item\">\n\t\t\t\t\t<div id=\"pp-accordion-tab-title-1051\" class=\"pp-faq-question pp-accordion-tab-title\" tabindex=\"1051\" data-tab=\"1\">\n\t\t\t\t\t\t<div class=\"pp-accordion-title-icon\">\n\t\t\t\t\t\t\t\t\t\t\t\t\t\t\t\t\t\t\t\t\t<div class=\"pp-accordion-title-text\">\n\t\t\t\t\t\t\t\tTransporte matriculado en la Secretar\u00eda de Movilidad de Medell\u00edn\t\t\t\t\t\t\t<\/div>\n\t\t\t\t\t\t<\/div>\n\t\t\t\t\t\t\t\t\t\t\t\t\t<div class=\"pp-accordion-toggle-icon\">\n\t\t\t\t\t\t\t\t\t\t\t\t\t\t\t\t\t<span class='pp-accordion-toggle-icon-close pp-icon'>\n\t\t\t\t\t\t\t\t\t\t<i aria-hidden=\"true\" class=\"fas fa-plus\"><\/i>\t\t\t\t\t\t\t\t\t<\/span>\n\t\t\t\t\t\t\t\t\t\t\t\t\t\t\t\t\t\t\t\t\t\t\t\t\t<span class='pp-accordion-toggle-icon-open pp-icon'>\n\t\t\t\t\t\t\t\t\t\t<i aria-hidden=\"true\" class=\"fas fa-minus\"><\/i>\t\t\t\t\t\t\t\t\t<\/span>\n\t\t\t\t\t\t\t\t\t\t\t\t\t\t\t<\/div>\n\t\t\t\t\t\t\t\t\t\t\t<\/div>\n\n\t\t\t\t\t<div id=\"pp-accordion-tab-content-1051\" class=\"pp-faq-answer pp-accordion-tab-content\" data-tab=\"1\">\n\t\t\t\t\t\t<ul>\n<li><a href=\"https:\/\/www.medellin.gov.co\/es\/wp-content\/uploads\/2023\/07\/Transporte-matriculado-en-la-Secretaria-de-Movilidad_enero-2023.pdf\" target=\"_blank\" rel=\"noopener\">Enero de 2023<\/a><\/li>\n<li><a href=\"https:\/\/www.medellin.gov.co\/es\/wp-content\/uploads\/2023\/07\/Transporte-matriculado-en-la-Secretaria-de-Movilidad_Febrero-2023.pdf\" target=\"_blank\" rel=\"noopener\">Febrero de 2023<\/a><\/li>\n<li><a href=\"https:\/\/www.medellin.gov.co\/es\/wp-content\/uploads\/2023\/07\/Transporte-matriculado-en-la-Secretaria-de-Movilidad_Marzo-2023.pdf\" target=\"_blank\" rel=\"noopener\">Marzo de 2023<\/a><\/li>\n<li><a href=\"https:\/\/www.medellin.gov.co\/es\/wp-content\/uploads\/2023\/07\/Transporte-matriculado-en-la-Secretaria-de-Movilidad_Abril-2023.pdf\" target=\"_blank\" rel=\"noopener\">Abril de 2023<\/a><\/li>\n<li><a href=\"https:\/\/www.medellin.gov.co\/es\/wp-content\/uploads\/2023\/07\/Transporte-matriculado-en-la-Secretaria-de-Movilidad_Mayo-2023.pdf\" target=\"_blank\" rel=\"noopener\">Mayo de 2023<\/a><\/li>\n<li><a href=\"https:\/\/www.medellin.gov.co\/es\/wp-content\/uploads\/2023\/07\/Transporte-matriculado-en-la-Secretaria-de-Movilidad_Junio-2023.pdf\" target=\"_blank\" rel=\"noopener\">Junio de 2023<\/a><\/li>\n<\/ul>\n\t\t\t\t\t<\/div>\n\t\t\t\t<\/div>\n\t\t\t<\/div>\n\t\t\t\t\t\t<div class=\"pp-faq-item-wrap elementor-grid-item\">\n\t\t\t\t<div class=\"pp-faq-item pp-accordion-item\">\n\t\t\t\t\t<div id=\"pp-accordion-tab-title-1052\" class=\"pp-faq-question pp-accordion-tab-title\" tabindex=\"1052\" data-tab=\"2\">\n\t\t\t\t\t\t<div class=\"pp-accordion-title-icon\">\n\t\t\t\t\t\t\t\t\t\t\t\t\t\t\t\t\t\t\t\t\t<div class=\"pp-accordion-title-text\">\n\t\t\t\t\t\t\t\tSe\u00f1alizaci\u00f3n y semaforizaci\u00f3n\t\t\t\t\t\t\t<\/div>\n\t\t\t\t\t\t<\/div>\n\t\t\t\t\t\t\t\t\t\t\t\t\t<div class=\"pp-accordion-toggle-icon\">\n\t\t\t\t\t\t\t\t\t\t\t\t\t\t\t\t\t<span class='pp-accordion-toggle-icon-close pp-icon'>\n\t\t\t\t\t\t\t\t\t\t<i aria-hidden=\"true\" class=\"fas fa-plus\"><\/i>\t\t\t\t\t\t\t\t\t<\/span>\n\t\t\t\t\t\t\t\t\t\t\t\t\t\t\t\t\t\t\t\t\t\t\t\t\t<span class='pp-accordion-toggle-icon-open pp-icon'>\n\t\t\t\t\t\t\t\t\t\t<i aria-hidden=\"true\" class=\"fas fa-minus\"><\/i>\t\t\t\t\t\t\t\t\t<\/span>\n\t\t\t\t\t\t\t\t\t\t\t\t\t\t\t<\/div>\n\t\t\t\t\t\t\t\t\t\t\t<\/div>\n\n\t\t\t\t\t<div id=\"pp-accordion-tab-content-1052\" class=\"pp-faq-answer pp-accordion-tab-content\" data-tab=\"2\">\n\t\t\t\t\t\t<ul>\n<li><a href=\"https:\/\/www.medellin.gov.co\/es\/wp-content\/uploads\/2023\/07\/Amoblamiento-intersecciones-semaforizadas_enero-2023.pdf\" target=\"_blank\" rel=\"noopener\">Amoblamiento intersecciones semaforizadas enero 2023<\/a><\/li>\n<li><a href=\"https:\/\/www.medellin.gov.co\/es\/wp-content\/uploads\/2023\/07\/Fallas_intersecciones-e-inversion-en-semaforizacion_enero-2023.pdf\" target=\"_blank\" rel=\"noopener\">Fallas intersecciones e inversi\u00f3n en semaforizaci\u00f3n enero 2023<\/a><\/li>\n<li><a href=\"https:\/\/www.medellin.gov.co\/es\/wp-content\/uploads\/2023\/07\/Amoblamiento-intersecciones-semaforizadas_Febrero-2023.pdf\" target=\"_blank\" rel=\"noopener\">Amoblamiento intersecciones semaforizadas febrero 2023<\/a><\/li>\n<li><a href=\"https:\/\/www.medellin.gov.co\/es\/wp-content\/uploads\/2023\/07\/Fallas_intersecciones-e-inversion-en-semaforizacion_Febrero-2023.pdf\" target=\"_blank\" rel=\"noopener\">Fallas intersecciones e inversi\u00f3n en semaforizaci\u00f3n febrero 2023<\/a><\/li>\n<li><a href=\"https:\/\/www.medellin.gov.co\/es\/wp-content\/uploads\/2023\/07\/Informe-proyecto-de-senalizacion_Febrero-2023.pdf\" target=\"_blank\" rel=\"noopener\">Informe proyecto de se\u00f1alizaci\u00f3n febrero 2023<\/a><\/li>\n<li><a href=\"https:\/\/www.medellin.gov.co\/es\/wp-content\/uploads\/2023\/07\/Amoblamiento-intersecciones-semaforizadas_Marzo-2023.pdf\" target=\"_blank\" rel=\"noopener\">Amoblamiento intersecciones semaforizadas marzo 2023<\/a><\/li>\n<li><a href=\"https:\/\/www.medellin.gov.co\/es\/wp-content\/uploads\/2023\/07\/Fallas_intersecciones-e-inversion-en-semaforizacion_Marzo-2023.pdf\" target=\"_blank\" rel=\"noopener\">Fallas intersecciones e inversi\u00f3n en semaforizaci\u00f3n marzo 2023<\/a><\/li>\n<li><a href=\"https:\/\/www.medellin.gov.co\/es\/wp-content\/uploads\/2023\/07\/Amoblamiento-intersecciones-semaforizadas_Abril-2023.pdf\" target=\"_blank\" rel=\"noopener\">Amoblamiento intersecciones semaforizadas abril 2023<\/a><\/li>\n<li><a href=\"https:\/\/www.medellin.gov.co\/es\/wp-content\/uploads\/2023\/07\/Fallas_intersecciones-e-inversion-en-semaforizacion_Abril-2023.pdf\" target=\"_blank\" rel=\"noopener\">Fallas intersecciones e inversi\u00f3n en semaforizaci\u00f3n abril 2023<\/a><\/li>\n<li><a href=\"https:\/\/www.medellin.gov.co\/es\/wp-content\/uploads\/2023\/07\/Amoblamiento-intersecciones-semaforizadas_Mayo-2023.pdf\" target=\"_blank\" rel=\"noopener\">Amoblamiento intersecciones semaforizadas mayo 2023<\/a><\/li>\n<li><a href=\"https:\/\/www.medellin.gov.co\/es\/wp-content\/uploads\/2023\/07\/Fallas_intersecciones-e-inversion-en-semaforizacion_Mayo-2023.pdf\" target=\"_blank\" rel=\"noopener\">Fallas intersecciones e inversi\u00f3n en semaforizaci\u00f3n mayo 2023<\/a><\/li>\n<li><a href=\"https:\/\/www.medellin.gov.co\/es\/wp-content\/uploads\/2023\/07\/Amoblamiento-intersecciones-semaforizadas_Junio-2023.pdf\" target=\"_blank\" rel=\"noopener\">Amoblamiento intersecciones semaforizadas junio 2023<\/a><\/li>\n<li><a href=\"https:\/\/www.medellin.gov.co\/es\/wp-content\/uploads\/2023\/07\/Fallas_intersecciones-e-inversion-en-semaforizacion_Junio-2023.pdf\" target=\"_blank\" rel=\"noopener\">Fallas intersecciones e inversi\u00f3n en semaforizaci\u00f3n junio 2023<\/a><\/li>\n<\/ul>\n\t\t\t\t\t<\/div>\n\t\t\t\t<\/div>\n\t\t\t<\/div>\n\t\t\t\t\t\t<div class=\"pp-faq-item-wrap elementor-grid-item\">\n\t\t\t\t<div class=\"pp-faq-item pp-accordion-item\">\n\t\t\t\t\t<div id=\"pp-accordion-tab-title-1053\" class=\"pp-faq-question pp-accordion-tab-title\" tabindex=\"1053\" data-tab=\"3\">\n\t\t\t\t\t\t<div class=\"pp-accordion-title-icon\">\n\t\t\t\t\t\t\t\t\t\t\t\t\t\t\t\t\t\t\t\t\t<div class=\"pp-accordion-title-text\">\n\t\t\t\t\t\t\t\tTr\u00e1mites\t\t\t\t\t\t\t<\/div>\n\t\t\t\t\t\t<\/div>\n\t\t\t\t\t\t\t\t\t\t\t\t\t<div class=\"pp-accordion-toggle-icon\">\n\t\t\t\t\t\t\t\t\t\t\t\t\t\t\t\t\t<span class='pp-accordion-toggle-icon-close pp-icon'>\n\t\t\t\t\t\t\t\t\t\t<i aria-hidden=\"true\" class=\"fas fa-plus\"><\/i>\t\t\t\t\t\t\t\t\t<\/span>\n\t\t\t\t\t\t\t\t\t\t\t\t\t\t\t\t\t\t\t\t\t\t\t\t\t<span class='pp-accordion-toggle-icon-open pp-icon'>\n\t\t\t\t\t\t\t\t\t\t<i aria-hidden=\"true\" class=\"fas fa-minus\"><\/i>\t\t\t\t\t\t\t\t\t<\/span>\n\t\t\t\t\t\t\t\t\t\t\t\t\t\t\t<\/div>\n\t\t\t\t\t\t\t\t\t\t\t<\/div>\n\n\t\t\t\t\t<div id=\"pp-accordion-tab-content-1053\" class=\"pp-faq-answer pp-accordion-tab-content\" data-tab=\"3\">\n\t\t\t\t\t\t<ul>\n<li><a href=\"https:\/\/www.medellin.gov.co\/es\/wp-content\/uploads\/2023\/07\/Numero-de-tramites-de-transporte-publico_enero-2023.pdf\" target=\"_blank\" rel=\"noopener\">Enero de 2023<\/a><\/li>\n<li><a href=\"https:\/\/www.medellin.gov.co\/es\/wp-content\/uploads\/2023\/07\/Numero-de-tramites-de-transporte-publico_Febrero-2023.pdf\" target=\"_blank\" rel=\"noopener\">Febrero de 2023<\/a><\/li>\n<li><a href=\"https:\/\/www.medellin.gov.co\/es\/wp-content\/uploads\/2023\/07\/Numero-de-tramites-de-transporte-publico_Marzo-2023.pdf\" target=\"_blank\" rel=\"noopener\">Marzo de 2023<\/a><\/li>\n<li><a href=\"https:\/\/www.medellin.gov.co\/es\/wp-content\/uploads\/2023\/07\/Numero-de-tramites-de-transporte-publico_Abril-2023.pdf\" target=\"_blank\" rel=\"noopener\">Abril de 2023<\/a><\/li>\n<li><a href=\"https:\/\/www.medellin.gov.co\/es\/wp-content\/uploads\/2023\/07\/Numero-de-tramites-de-transporte-publico_Mayo-2023.pdf\" target=\"_blank\" rel=\"noopener\">Mayo de 2023<\/a><\/li>\n<li><a href=\"https:\/\/www.medellin.gov.co\/es\/wp-content\/uploads\/2023\/07\/Numero-de-tramites-de-transporte-publico_Junio-2023.pdf\" target=\"_blank\" rel=\"noopener\">Junio de 2023<\/a><\/li>\n<\/ul>\n\t\t\t\t\t<\/div>\n\t\t\t\t<\/div>\n\t\t\t<\/div>\n\t\t\t\t\t<\/div>\n\t\t\t\t<\/div>\n\t\t\t\t<\/div>\n\t\t\t\t<div class=\"elementor-element elementor-element-74ce0f7 elementor-widget elementor-widget-text-editor\" data-id=\"74ce0f7\" data-element_type=\"widget\" data-widget_type=\"text-editor.default\">\n\t\t\t\t<div class=\"elementor-widget-container\">\n\t\t\t\t\t\t\t\t<div class=\"elementor-text-editor elementor-clearfix\">\n\t\t\t\t\t\t\t\t\t<\/div>\n\t\t\t\t\t\t<\/div>\n\t\t\t\t<\/div>\n\t\t\t\t\t\t<\/div>\n\t\t\t\t\t<\/div>\n\t\t<\/div>\n\t\t\t\t\t\t\t\t<\/div>\n\t\t\t\t\t<\/div>\n\t\t<\/section>\n\t\t\t\t\t\t\t\t\t<\/div>\n\t\t\t<\/div>\n\t\t\t\t\t<\/div>\n\t\t","protected":false},"excerpt":{"rendered":"<p>Sistema de Informaci\u00f3n a la Movilidad del Ciudadano (Simoc) El Sistema de Informaci\u00f3n a la Movilidad del Ciudadano (Simoc) es un programa implementado por la Secretar\u00eda de Movilidad con el apoyo de la Administraci\u00f3n Municipal, &#8230;<\/p>\n","protected":false},"author":31,"featured_media":16466,"parent":15075,"menu_order":40,"comment_status":"closed","ping_status":"closed","template":"sec-movilidad\/elementor.php","meta":[],"acf":[],"_links":{"self":[{"href":"https:\/\/www.medellin.gov.co\/es\/wp-json\/wp\/v2\/pages\/15127"}],"collection":[{"href":"https:\/\/www.medellin.gov.co\/es\/wp-json\/wp\/v2\/pages"}],"about":[{"href":"https:\/\/www.medellin.gov.co\/es\/wp-json\/wp\/v2\/types\/page"}],"author":[{"embeddable":true,"href":"https:\/\/www.medellin.gov.co\/es\/wp-json\/wp\/v2\/users\/31"}],"replies":[{"embeddable":true,"href":"https:\/\/www.medellin.gov.co\/es\/wp-json\/wp\/v2\/comments?post=15127"}],"version-history":[{"count":10,"href":"https:\/\/www.medellin.gov.co\/es\/wp-json\/wp\/v2\/pages\/15127\/revisions"}],"predecessor-version":[{"id":226367,"href":"https:\/\/www.medellin.gov.co\/es\/wp-json\/wp\/v2\/pages\/15127\/revisions\/226367"}],"up":[{"embeddable":true,"href":"https:\/\/www.medellin.gov.co\/es\/wp-json\/wp\/v2\/pages\/15075"}],"wp:featuredmedia":[{"embeddable":true,"href":"https:\/\/www.medellin.gov.co\/es\/wp-json\/wp\/v2\/media\/16466"}],"wp:attachment":[{"href":"https:\/\/www.medellin.gov.co\/es\/wp-json\/wp\/v2\/media?parent=15127"}],"curies":[{"name":"wp","href":"https:\/\/api.w.org\/{rel}","templated":true}]}}