{"id":15138,"date":"2021-09-17T10:53:39","date_gmt":"2021-09-17T15:53:39","guid":{"rendered":"https:\/\/www.medellin.gov.co\/es\/?page_id=15138"},"modified":"2024-09-25T14:00:00","modified_gmt":"2024-09-25T19:00:00","slug":"gerencia","status":"publish","type":"page","link":"https:\/\/www.medellin.gov.co\/es\/corregimientos\/gerencia\/","title":{"rendered":"\u00bfQu\u00e9 hace la Gerencia de Corregimientos?"},"content":{"rendered":"\t\t<div data-elementor-type=\"wp-page\" data-elementor-id=\"15138\" class=\"elementor elementor-15138\">\n\t\t\t\t\t\t<div class=\"elementor-inner\">\n\t\t\t\t<div class=\"elementor-section-wrap\">\n\t\t\t\t\t\t\t\t\t<section class=\"elementor-section elementor-top-section elementor-element elementor-element-78373b5 elementor-section-boxed elementor-section-height-default elementor-section-height-default\" data-id=\"78373b5\" data-element_type=\"section\">\n\t\t\t\t\t\t<div class=\"elementor-container elementor-column-gap-default\">\n\t\t\t\t\t\t\t<div class=\"elementor-row\">\n\t\t\t\t\t<div class=\"elementor-column elementor-col-100 elementor-top-column elementor-element elementor-element-b71317a\" data-id=\"b71317a\" data-element_type=\"column\">\n\t\t\t<div class=\"elementor-column-wrap elementor-element-populated\">\n\t\t\t\t\t\t\t<div class=\"elementor-widget-wrap\">\n\t\t\t\t\t\t<div class=\"elementor-element elementor-element-0561a89 elementor-widget elementor-widget-heading\" data-id=\"0561a89\" data-element_type=\"widget\" data-widget_type=\"heading.default\">\n\t\t\t\t<div class=\"elementor-widget-container\">\n\t\t\t<h1 class=\"elementor-heading-title elementor-size-default\">\u00bfQu\u00e9 hace la Gerencia de Corregimientos?<\/h1>\t\t<\/div>\n\t\t\t\t<\/div>\n\t\t\t\t<section class=\"elementor-section elementor-inner-section elementor-element elementor-element-95a09f4 elementor-section-boxed elementor-section-height-default elementor-section-height-default\" data-id=\"95a09f4\" data-element_type=\"section\">\n\t\t\t\t\t\t<div class=\"elementor-container elementor-column-gap-default\">\n\t\t\t\t\t\t\t<div class=\"elementor-row\">\n\t\t\t\t\t<div class=\"elementor-column elementor-col-50 elementor-inner-column elementor-element elementor-element-8d131a3\" data-id=\"8d131a3\" data-element_type=\"column\">\n\t\t\t<div class=\"elementor-column-wrap elementor-element-populated\">\n\t\t\t\t\t\t\t<div class=\"elementor-widget-wrap\">\n\t\t\t\t\t\t<div class=\"elementor-element elementor-element-cabadaf elementor-widget elementor-widget-text-editor\" data-id=\"cabadaf\" data-element_type=\"widget\" data-widget_type=\"text-editor.default\">\n\t\t\t\t<div class=\"elementor-widget-container\">\n\t\t\t\t\t\t\t\t<div class=\"elementor-text-editor elementor-clearfix\">\n\t\t\t\t<p>Seg\u00fan el Decreto Municipal 883 de 2015 art\u00edculo 349, la Gerencia de Corregimientos es una dependencia articuladora en tanto que su principal funci\u00f3n es generar espacios de coordinaci\u00f3n con las diferentes dependencias del nivel central y entes descentralizados, para llevar la oferta institucional a los habitantes de los corregimientos.<\/p><p>\u00a0<\/p><p>Adem\u00e1s, gestiona, articula y acompa\u00f1a la transformaci\u00f3n integral de los corregimientos en b\u00fasqueda de adecuadas condiciones de infraestructura urban\u00edstica para el mejoramiento del entorno y materializaci\u00f3n del modelo de ciudad sostenible. <\/p>\t\t\t\t\t<\/div>\n\t\t\t\t\t\t<\/div>\n\t\t\t\t<\/div>\n\t\t\t\t\t\t<\/div>\n\t\t\t\t\t<\/div>\n\t\t<\/div>\n\t\t\t\t<div class=\"elementor-column elementor-col-50 elementor-inner-column elementor-element elementor-element-9432965\" data-id=\"9432965\" data-element_type=\"column\">\n\t\t\t<div class=\"elementor-column-wrap elementor-element-populated\">\n\t\t\t\t\t\t\t<div class=\"elementor-widget-wrap\">\n\t\t\t\t\t\t<div class=\"elementor-element elementor-element-6224a6c elementor-widget elementor-widget-image\" data-id=\"6224a6c\" data-element_type=\"widget\" data-widget_type=\"image.default\">\n\t\t\t\t<div class=\"elementor-widget-container\">\n\t\t\t\t\t\t\t\t<div class=\"elementor-image\">\n\t\t\t\t\t\t\t\t\t\t\t\t<img width=\"1024\" height=\"683\" src=\"https:\/\/www.medellin.gov.co\/es\/wp-content\/uploads\/2021\/09\/sistema-de-informacion-ambiental-de-medellin.jpg\" class=\"attachment-large size-large\" alt=\"Corregimientos de Medell\u00edn\" loading=\"lazy\" srcset=\"https:\/\/www.medellin.gov.co\/es\/wp-content\/uploads\/2021\/09\/sistema-de-informacion-ambiental-de-medellin.jpg 1024w, https:\/\/www.medellin.gov.co\/es\/wp-content\/uploads\/2021\/09\/sistema-de-informacion-ambiental-de-medellin-300x200.jpg 300w, https:\/\/www.medellin.gov.co\/es\/wp-content\/uploads\/2021\/09\/sistema-de-informacion-ambiental-de-medellin-150x100.jpg 150w, https:\/\/www.medellin.gov.co\/es\/wp-content\/uploads\/2021\/09\/sistema-de-informacion-ambiental-de-medellin-768x512.jpg 768w\" sizes=\"(max-width: 1024px) 100vw, 1024px\" \/>\t\t\t\t\t\t\t\t\t\t\t\t\t\t<\/div>\n\t\t\t\t\t\t<\/div>\n\t\t\t\t<\/div>\n\t\t\t\t\t\t<\/div>\n\t\t\t\t\t<\/div>\n\t\t<\/div>\n\t\t\t\t\t\t\t\t<\/div>\n\t\t\t\t\t<\/div>\n\t\t<\/section>\n\t\t\t\t<div class=\"elementor-element elementor-element-4f9bd33 elementor-widget elementor-widget-heading\" data-id=\"4f9bd33\" data-element_type=\"widget\" data-widget_type=\"heading.default\">\n\t\t\t\t<div class=\"elementor-widget-container\">\n\t\t\t<h2 class=\"elementor-heading-title elementor-size-default\"><b>Distrito Rural <\/b> Campesino de Medell\u00edn<\/h2>\t\t<\/div>\n\t\t\t\t<\/div>\n\t\t\t\t<section class=\"elementor-section elementor-inner-section elementor-element elementor-element-51631b1 elementor-section-boxed elementor-section-height-default elementor-section-height-default\" data-id=\"51631b1\" data-element_type=\"section\">\n\t\t\t\t\t\t<div class=\"elementor-container elementor-column-gap-default\">\n\t\t\t\t\t\t\t<div class=\"elementor-row\">\n\t\t\t\t\t<div class=\"elementor-column elementor-col-50 elementor-inner-column elementor-element elementor-element-731d216\" data-id=\"731d216\" data-element_type=\"column\">\n\t\t\t<div class=\"elementor-column-wrap elementor-element-populated\">\n\t\t\t\t\t\t\t<div class=\"elementor-widget-wrap\">\n\t\t\t\t\t\t<div class=\"elementor-element elementor-element-4033e23 elementor-widget elementor-widget-image\" data-id=\"4033e23\" data-element_type=\"widget\" data-widget_type=\"image.default\">\n\t\t\t\t<div class=\"elementor-widget-container\">\n\t\t\t\t\t\t\t\t<div class=\"elementor-image\">\n\t\t\t\t\t\t\t\t\t\t\t\t<img width=\"1024\" height=\"680\" src=\"https:\/\/www.medellin.gov.co\/es\/wp-content\/uploads\/2024\/09\/Distrito_Rural_Campesino-1024x680.jpg\" class=\"attachment-large size-large\" alt=\"Distrito Rural Campesino\" loading=\"lazy\" srcset=\"https:\/\/www.medellin.gov.co\/es\/wp-content\/uploads\/2024\/09\/Distrito_Rural_Campesino-1024x680.jpg 1024w, https:\/\/www.medellin.gov.co\/es\/wp-content\/uploads\/2024\/09\/Distrito_Rural_Campesino-300x199.jpg 300w, https:\/\/www.medellin.gov.co\/es\/wp-content\/uploads\/2024\/09\/Distrito_Rural_Campesino-150x100.jpg 150w, https:\/\/www.medellin.gov.co\/es\/wp-content\/uploads\/2024\/09\/Distrito_Rural_Campesino-768x510.jpg 768w, https:\/\/www.medellin.gov.co\/es\/wp-content\/uploads\/2024\/09\/Distrito_Rural_Campesino.jpg 1280w\" sizes=\"(max-width: 1024px) 100vw, 1024px\" \/>\t\t\t\t\t\t\t\t\t\t\t\t\t\t<\/div>\n\t\t\t\t\t\t<\/div>\n\t\t\t\t<\/div>\n\t\t\t\t\t\t<\/div>\n\t\t\t\t\t<\/div>\n\t\t<\/div>\n\t\t\t\t<div class=\"elementor-column elementor-col-50 elementor-inner-column elementor-element elementor-element-c83d345\" data-id=\"c83d345\" data-element_type=\"column\">\n\t\t\t<div class=\"elementor-column-wrap elementor-element-populated\">\n\t\t\t\t\t\t\t<div class=\"elementor-widget-wrap\">\n\t\t\t\t\t\t<div class=\"elementor-element elementor-element-90ef496 elementor-widget elementor-widget-text-editor\" data-id=\"90ef496\" data-element_type=\"widget\" data-widget_type=\"text-editor.default\">\n\t\t\t\t<div class=\"elementor-widget-container\">\n\t\t\t\t\t\t\t\t<div class=\"elementor-text-editor elementor-clearfix\">\n\t\t\t\t<p>El Distrito Rural Campesino &#8211; DRC, como instrumento de planeaci\u00f3n, fue creado e implementado en diciembre de 2019 con la Resoluci\u00f3n 20195011886 y reglamentado con la Resoluci\u00f3n 202250119479 de 2022 (24 de noviembre). Este se concibe como un \u00fanico instrumento de planeaci\u00f3n de segundo nivel y gesti\u00f3n del territorio rural del Distrito Especial de Ciencia, Tecnolog\u00eda e Innovaci\u00f3n de Medell\u00edn, y tener esta \u00fanica unidad de planeaci\u00f3n garantiza la mirada sist\u00e9mica del territorio, reconociendo las diferencias de los contextos y sentando las bases para la consolidaci\u00f3n de un modelo de ocupaci\u00f3n y desarrollo territorial rural para nuestra ciudad.<\/p><p>Este instrumento est\u00e1 dirigido a los suelos rurales delimitados en la \u201cZonificaci\u00f3n del Distrito Rural Campesino\u201d, que abarca un poco m\u00e1s de 10.263 hect\u00e1reas (39% del suelo rural de Medell\u00edn) y cuyo mapa est\u00e1 incluido en la resoluci\u00f3n ya mencionada, y busca garantizar la conservaci\u00f3n de la productividad del suelo rural, incentivar econom\u00edas para sus habitantes mediante 33 proyectos y salvaguardar la seguridad alimentaria del Distrito. &#8211; DRC<\/p>\t\t\t\t\t<\/div>\n\t\t\t\t\t\t<\/div>\n\t\t\t\t<\/div>\n\t\t\t\t<div class=\"elementor-element elementor-element-077a3a1 elementor-tablet-align-left elementor-mobile-align-center elementor-widget elementor-widget-button\" data-id=\"077a3a1\" data-element_type=\"widget\" data-widget_type=\"button.default\">\n\t\t\t\t<div class=\"elementor-widget-container\">\n\t\t\t\t\t<div class=\"elementor-button-wrapper\">\n\t\t\t<a href=\"https:\/\/www.medellin.gov.co\/es\/wp-content\/uploads\/2024\/09\/Resolucion-202250119479-de-2022-.pdf\" target=\"_blank\" class=\"elementor-button-link elementor-button elementor-size-sm\" role=\"button\">\n\t\t\t\t\t\t<span class=\"elementor-button-content-wrapper\">\n\t\t\t\t\t\t<span class=\"elementor-button-text\">Consulta la resoluci\u00f3n del DRC <\/span>\n\t\t<\/span>\n\t\t\t\t\t<\/a>\n\t\t<\/div>\n\t\t\t\t<\/div>\n\t\t\t\t<\/div>\n\t\t\t\t\t\t<\/div>\n\t\t\t\t\t<\/div>\n\t\t<\/div>\n\t\t\t\t\t\t\t\t<\/div>\n\t\t\t\t\t<\/div>\n\t\t<\/section>\n\t\t\t\t<div class=\"elementor-element elementor-element-75bbcd3 elementor-widget elementor-widget-heading\" data-id=\"75bbcd3\" data-element_type=\"widget\" data-widget_type=\"heading.default\">\n\t\t\t\t<div class=\"elementor-widget-container\">\n\t\t\t<h2 class=\"elementor-heading-title elementor-size-default\"><b>Funciones <\/b>de la Gerencia de Corregimientos<\/h2>\t\t<\/div>\n\t\t\t\t<\/div>\n\t\t\t\t<div class=\"elementor-element elementor-element-7bacf69 elementor-widget elementor-widget-text-editor\" data-id=\"7bacf69\" data-element_type=\"widget\" data-widget_type=\"text-editor.default\">\n\t\t\t\t<div class=\"elementor-widget-container\">\n\t\t\t\t\t\t\t\t<div class=\"elementor-text-editor elementor-clearfix\">\n\t\t\t\t<ol><li>Generar espacios de coordinaci\u00f3n con las diferentes dependencias del nivel central y entes descentralizados, para llevar la oferta institucional a los habitantes de los corregimientos.<\/li><li>Gestionar, articular y acompa\u00f1ar la transformaci\u00f3n integral de los corregimientos en b\u00fasqueda de adecuadas condiciones de infraestructura urban\u00edstica para el mejoramiento del entorno y materializaci\u00f3n del modelo de ciudad sostenible.<\/li><li>Promover y coordinar, con el Departamento Administrativo de Planeaci\u00f3n, estudios socioecon\u00f3micos que conduzcan al conocimiento de la realidad de los diferentes grupos de la poblaci\u00f3n asentada en los corregimientos.<\/li><li>Articular con la Secretar\u00eda de Desarrollo Econ\u00f3mico acciones que permitan dinamizar la econom\u00eda de los corregimientos.<\/li><li>Propiciar alianzas p\u00fablicas, privadas y sociales, como instrumentos de gesti\u00f3n del desarrollo en los corregimientos.<\/li><li>Generar espacios de di\u00e1logo y concertaci\u00f3n entre y con las comunidades, que permitan la identificaci\u00f3n de problem\u00e1ticas y la b\u00fasqueda de soluciones a sus necesidades.<\/li><li>Implementar y ejecutar las pol\u00edticas y directrices que orienten los procesos de apoyo.<\/li><li>Implementar y ejecutar las pol\u00edticas y directrices que establezca la Secretar\u00eda de Gesti\u00f3n Humana y Servicio a la Ciudadan\u00eda, en materia de gesti\u00f3n de tr\u00e1mites, procedimientos administrativos, peticiones, quejas, reclamos y sugerencias.<\/li><li>Implementar y ejecutar las pol\u00edticas y directrices que orienten el Plan de Ordenamiento Territorial en el \u00e1mbito de sus funciones.<\/li><li>Implementar, mantener y mejorar el Sistema Integral de Gesti\u00f3n para los procesos que dirige o participa, de acuerdo con las directrices definidas por la entidad.<\/li><\/ol>\t\t\t\t\t<\/div>\n\t\t\t\t\t\t<\/div>\n\t\t\t\t<\/div>\n\t\t\t\t<div class=\"elementor-element elementor-element-da28e22 elementor-tablet-align-left elementor-mobile-align-center elementor-widget elementor-widget-button\" data-id=\"da28e22\" data-element_type=\"widget\" data-widget_type=\"button.default\">\n\t\t\t\t<div class=\"elementor-widget-container\">\n\t\t\t\t\t<div class=\"elementor-button-wrapper\">\n\t\t\t<a href=\"https:\/\/www.medellin.gov.co\/normograma\/docs\/astrea\/docs\/d_alcamed_0883_2015.htm\" target=\"_blank\" class=\"elementor-button-link elementor-button elementor-size-sm\" role=\"button\">\n\t\t\t\t\t\t<span class=\"elementor-button-content-wrapper\">\n\t\t\t\t\t\t<span class=\"elementor-button-text\">Conoce el decreto<\/span>\n\t\t<\/span>\n\t\t\t\t\t<\/a>\n\t\t<\/div>\n\t\t\t\t<\/div>\n\t\t\t\t<\/div>\n\t\t\t\t<div class=\"elementor-element elementor-element-c7025d8 elementor-widget elementor-widget-heading\" data-id=\"c7025d8\" data-element_type=\"widget\" id=\"comp_secre\" data-widget_type=\"heading.default\">\n\t\t\t\t<div class=\"elementor-widget-container\">\n\t\t\t<h2 class=\"elementor-heading-title elementor-size-default\"><b>Composici\u00f3n <\/b>de la Gerencia de Corregimientos<\/h2>\t\t<\/div>\n\t\t\t\t<\/div>\n\t\t\t\t<section class=\"elementor-section elementor-inner-section elementor-element elementor-element-75bf9c2 elementor-reverse-tablet elementor-reverse-mobile elementor-section-boxed elementor-section-height-default elementor-section-height-default\" data-id=\"75bf9c2\" data-element_type=\"section\">\n\t\t\t\t\t\t<div class=\"elementor-container elementor-column-gap-default\">\n\t\t\t\t\t\t\t<div class=\"elementor-row\">\n\t\t\t\t\t<div class=\"elementor-column elementor-col-50 elementor-inner-column elementor-element elementor-element-5198c98\" data-id=\"5198c98\" data-element_type=\"column\">\n\t\t\t<div class=\"elementor-column-wrap elementor-element-populated\">\n\t\t\t\t\t\t\t<div class=\"elementor-widget-wrap\">\n\t\t\t\t\t\t<div class=\"elementor-element elementor-element-00406bc elementor-widget elementor-widget-text-editor\" data-id=\"00406bc\" data-element_type=\"widget\" data-widget_type=\"text-editor.default\">\n\t\t\t\t<div class=\"elementor-widget-container\">\n\t\t\t\t\t\t\t\t<div class=\"elementor-text-editor elementor-clearfix\">\n\t\t\t\t<p>La estructura administrativa de la Gerencia de Corregimientos es:<\/p>\t\t\t\t\t<\/div>\n\t\t\t\t\t\t<\/div>\n\t\t\t\t<\/div>\n\t\t\t\t<div class=\"elementor-element elementor-element-ecf9660 elementor-widget elementor-widget-heading\" data-id=\"ecf9660\" data-element_type=\"widget\" data-widget_type=\"heading.default\">\n\t\t\t\t<div class=\"elementor-widget-container\">\n\t\t\t<h3 class=\"elementor-heading-title elementor-size-default\">Despacho de Gerencia de Corregimientos de Medell\u00edn<\/h3>\t\t<\/div>\n\t\t\t\t<\/div>\n\t\t\t\t<div class=\"elementor-element elementor-element-db72a26 elementor-widget elementor-widget-heading\" data-id=\"db72a26\" data-element_type=\"widget\" data-widget_type=\"heading.default\">\n\t\t\t\t<div class=\"elementor-widget-container\">\n\t\t\t<h4 class=\"elementor-heading-title elementor-size-default\">Gerente de Corregimientos, Andr\u00e9s Felipe L\u00f3pez Vergara<\/h4>\t\t<\/div>\n\t\t\t\t<\/div>\n\t\t\t\t<div class=\"elementor-element elementor-element-eb59ead elementor-widget elementor-widget-text-editor\" data-id=\"eb59ead\" data-element_type=\"widget\" data-widget_type=\"text-editor.default\">\n\t\t\t\t<div class=\"elementor-widget-container\">\n\t\t\t\t\t\t\t\t<div class=\"elementor-text-editor elementor-clearfix\">\n\t\t\t\t<p>Administrador de Negocios de EAFIT, pr\u00f3ximo a tener posgrado en Alta Gerencia. Tiene m\u00e1s de 10 a\u00f1os de experiencia entre el sector p\u00fablico y privado. Ha trabajado tanto en el Distrito de Medell\u00edn como en la Gobernaci\u00f3n de Antioquia en temas como educaci\u00f3n, seguridad, hacienda, educaci\u00f3n superior, participaci\u00f3n ciudadana y deporte y recreaci\u00f3n.<\/p>\t\t\t\t\t<\/div>\n\t\t\t\t\t\t<\/div>\n\t\t\t\t<\/div>\n\t\t\t\t<div class=\"elementor-element elementor-element-d6b4d2c elementor-tablet-align-left elementor-mobile-align-center elementor-hidden-mobile elementor-widget elementor-widget-button\" data-id=\"d6b4d2c\" data-element_type=\"widget\" data-widget_type=\"button.default\">\n\t\t\t\t<div class=\"elementor-widget-container\">\n\t\t\t\t\t<div class=\"elementor-button-wrapper\">\n\t\t\t<a href=\"https:\/\/www.funcionpublica.gov.co\/web\/sigep\/hdv\/-\/directorio\/S1042283-0426-4\/view\" target=\"_blank\" class=\"elementor-button-link elementor-button elementor-size-sm\" role=\"button\">\n\t\t\t\t\t\t<span class=\"elementor-button-content-wrapper\">\n\t\t\t\t\t\t<span class=\"elementor-button-text\">Hoja de vida SIGEP<\/span>\n\t\t<\/span>\n\t\t\t\t\t<\/a>\n\t\t<\/div>\n\t\t\t\t<\/div>\n\t\t\t\t<\/div>\n\t\t\t\t<div class=\"elementor-element elementor-element-af40d4a elementor-tablet-align-left elementor-mobile-align-center elementor-hidden-mobile elementor-widget elementor-widget-button\" data-id=\"af40d4a\" data-element_type=\"widget\" data-widget_type=\"button.default\">\n\t\t\t\t<div class=\"elementor-widget-container\">\n\t\t\t\t\t<div class=\"elementor-button-wrapper\">\n\t\t\t<a href=\"https:\/\/www.funcionpublica.gov.co\/fdci\/consultaCiudadana\/index?tipoPersonaId=25&#038;primerNombre=Andr%C3%A9s+&#038;segundoNombre=Felipe+&#038;primerApellido=L%C3%B3pez+&#038;segundoApellido=Vergara&#038;numeroDocumento=&#038;entidad=&#038;fechaFinalizacionDesde=&#038;fechaFinalizacionHasta=&#038;find=Buscar#resultadosBusqueda\" target=\"_blank\" class=\"elementor-button-link elementor-button elementor-size-sm\" role=\"button\">\n\t\t\t\t\t\t<span class=\"elementor-button-content-wrapper\">\n\t\t\t\t\t\t<span class=\"elementor-button-text\">Declaraci\u00f3n de bienes, rentas y conflicto de intereses<\/span>\n\t\t<\/span>\n\t\t\t\t\t<\/a>\n\t\t<\/div>\n\t\t\t\t<\/div>\n\t\t\t\t<\/div>\n\t\t\t\t\t\t<\/div>\n\t\t\t\t\t<\/div>\n\t\t<\/div>\n\t\t\t\t<div class=\"elementor-column elementor-col-50 elementor-inner-column elementor-element elementor-element-c72031b\" data-id=\"c72031b\" data-element_type=\"column\">\n\t\t\t<div class=\"elementor-column-wrap elementor-element-populated\">\n\t\t\t\t\t\t\t<div class=\"elementor-widget-wrap\">\n\t\t\t\t\t\t<div class=\"elementor-element elementor-element-51cb746 elementor-widget elementor-widget-image\" data-id=\"51cb746\" data-element_type=\"widget\" data-widget_type=\"image.default\">\n\t\t\t\t<div class=\"elementor-widget-container\">\n\t\t\t\t\t\t\t\t<div class=\"elementor-image\">\n\t\t\t\t\t\t\t\t\t\t\t\t<img width=\"600\" height=\"719\" src=\"https:\/\/www.medellin.gov.co\/es\/wp-content\/uploads\/2024\/02\/Andres_Felipe_Lopez_Vergara_2.jpg\" class=\"attachment-large size-large\" alt=\"\" loading=\"lazy\" srcset=\"https:\/\/www.medellin.gov.co\/es\/wp-content\/uploads\/2024\/02\/Andres_Felipe_Lopez_Vergara_2.jpg 600w, https:\/\/www.medellin.gov.co\/es\/wp-content\/uploads\/2024\/02\/Andres_Felipe_Lopez_Vergara_2-250x300.jpg 250w, https:\/\/www.medellin.gov.co\/es\/wp-content\/uploads\/2024\/02\/Andres_Felipe_Lopez_Vergara_2-125x150.jpg 125w\" sizes=\"(max-width: 600px) 100vw, 600px\" \/>\t\t\t\t\t\t\t\t\t\t\t\t\t\t<\/div>\n\t\t\t\t\t\t<\/div>\n\t\t\t\t<\/div>\n\t\t\t\t\t\t<\/div>\n\t\t\t\t\t<\/div>\n\t\t<\/div>\n\t\t\t\t\t\t\t\t<\/div>\n\t\t\t\t\t<\/div>\n\t\t<\/section>\n\t\t\t\t\t\t<\/div>\n\t\t\t\t\t<\/div>\n\t\t<\/div>\n\t\t\t\t\t\t\t\t<\/div>\n\t\t\t\t\t<\/div>\n\t\t<\/section>\n\t\t\t\t\t\t\t\t\t<\/div>\n\t\t\t<\/div>\n\t\t\t\t\t<\/div>\n\t\t","protected":false},"excerpt":{"rendered":"<p>\u00bfQu\u00e9 hace la Gerencia de Corregimientos? La Gerencia de Corregimientos, seg\u00fan el Decreto Municipal 883 de 2015 en su Art\u00edculo 349, tiene como funci\u00f3n generar espacios de coordinaci\u00f3n con las diferentes dependencias del nivel central &#8230;<\/p>\n","protected":false},"author":31,"featured_media":16819,"parent":15136,"menu_order":5,"comment_status":"closed","ping_status":"closed","template":"sec-corregimientos\/elementor.php","meta":[],"acf":[],"_links":{"self":[{"href":"https:\/\/www.medellin.gov.co\/es\/wp-json\/wp\/v2\/pages\/15138"}],"collection":[{"href":"https:\/\/www.medellin.gov.co\/es\/wp-json\/wp\/v2\/pages"}],"about":[{"href":"https:\/\/www.medellin.gov.co\/es\/wp-json\/wp\/v2\/types\/page"}],"author":[{"embeddable":true,"href":"https:\/\/www.medellin.gov.co\/es\/wp-json\/wp\/v2\/users\/31"}],"replies":[{"embeddable":true,"href":"https:\/\/www.medellin.gov.co\/es\/wp-json\/wp\/v2\/comments?post=15138"}],"version-history":[{"count":10,"href":"https:\/\/www.medellin.gov.co\/es\/wp-json\/wp\/v2\/pages\/15138\/revisions"}],"predecessor-version":[{"id":348064,"href":"https:\/\/www.medellin.gov.co\/es\/wp-json\/wp\/v2\/pages\/15138\/revisions\/348064"}],"up":[{"embeddable":true,"href":"https:\/\/www.medellin.gov.co\/es\/wp-json\/wp\/v2\/pages\/15136"}],"wp:featuredmedia":[{"embeddable":true,"href":"https:\/\/www.medellin.gov.co\/es\/wp-json\/wp\/v2\/media\/16819"}],"wp:attachment":[{"href":"https:\/\/www.medellin.gov.co\/es\/wp-json\/wp\/v2\/media?parent=15138"}],"curies":[{"name":"wp","href":"https:\/\/api.w.org\/{rel}","templated":true}]}}