{"id":15211,"date":"2021-09-17T11:44:55","date_gmt":"2021-09-17T16:44:55","guid":{"rendered":"https:\/\/www.medellin.gov.co\/es\/?page_id=15211"},"modified":"2026-03-11T10:04:16","modified_gmt":"2026-03-11T15:04:16","slug":"comisaria-de-familia","status":"publish","type":"page","link":"https:\/\/www.medellin.gov.co\/es\/secretaria-seguridad\/seguridad-y-convivencia\/comisaria-de-familia\/","title":{"rendered":"Comisar\u00edas de Familia de Medell\u00edn"},"content":{"rendered":"\t\t<div data-elementor-type=\"wp-page\" data-elementor-id=\"15211\" class=\"elementor elementor-15211\">\n\t\t\t\t\t\t<div class=\"elementor-inner\">\n\t\t\t\t<div class=\"elementor-section-wrap\">\n\t\t\t\t\t\t\t\t\t<section class=\"elementor-section elementor-top-section elementor-element elementor-element-83835fd elementor-section-boxed elementor-section-height-default elementor-section-height-default\" data-id=\"83835fd\" data-element_type=\"section\">\n\t\t\t\t\t\t<div class=\"elementor-container elementor-column-gap-default\">\n\t\t\t\t\t\t\t<div class=\"elementor-row\">\n\t\t\t\t\t<div class=\"elementor-column elementor-col-100 elementor-top-column elementor-element elementor-element-fe8bc51\" data-id=\"fe8bc51\" data-element_type=\"column\">\n\t\t\t<div class=\"elementor-column-wrap elementor-element-populated\">\n\t\t\t\t\t\t\t<div class=\"elementor-widget-wrap\">\n\t\t\t\t\t\t<div class=\"elementor-element elementor-element-8d046a9 elementor-widget elementor-widget-heading\" data-id=\"8d046a9\" data-element_type=\"widget\" data-widget_type=\"heading.default\">\n\t\t\t\t<div class=\"elementor-widget-container\">\n\t\t\t<h1 class=\"elementor-heading-title elementor-size-default\">Comisar\u00edas de Familia de Medell\u00edn<\/h1>\t\t<\/div>\n\t\t\t\t<\/div>\n\t\t\t\t<section class=\"elementor-section elementor-inner-section elementor-element elementor-element-05a0339 elementor-reverse-tablet elementor-reverse-mobile elementor-section-boxed elementor-section-height-default elementor-section-height-default\" data-id=\"05a0339\" data-element_type=\"section\">\n\t\t\t\t\t\t<div class=\"elementor-container elementor-column-gap-default\">\n\t\t\t\t\t\t\t<div class=\"elementor-row\">\n\t\t\t\t\t<div class=\"elementor-column elementor-col-50 elementor-inner-column elementor-element elementor-element-4ae62a3\" data-id=\"4ae62a3\" data-element_type=\"column\">\n\t\t\t<div class=\"elementor-column-wrap elementor-element-populated\">\n\t\t\t\t\t\t\t<div class=\"elementor-widget-wrap\">\n\t\t\t\t\t\t<div class=\"elementor-element elementor-element-59be2f1 elementor-widget elementor-widget-image\" data-id=\"59be2f1\" data-element_type=\"widget\" data-widget_type=\"image.default\">\n\t\t\t\t<div class=\"elementor-widget-container\">\n\t\t\t\t\t\t\t\t<div class=\"elementor-image\">\n\t\t\t\t\t\t\t\t\t\t\t\t<img width=\"1024\" height=\"682\" src=\"https:\/\/www.medellin.gov.co\/es\/wp-content\/uploads\/2026\/02\/Imagen-de-funcionario-sonriente-atendiendo-a-ciudadanas-1024x682.jpg\" class=\"attachment-large size-large\" alt=\"Imagen de funcionario sonriente atendiendo a ciudadanas\" loading=\"lazy\" srcset=\"https:\/\/www.medellin.gov.co\/es\/wp-content\/uploads\/2026\/02\/Imagen-de-funcionario-sonriente-atendiendo-a-ciudadanas-1024x682.jpg 1024w, https:\/\/www.medellin.gov.co\/es\/wp-content\/uploads\/2026\/02\/Imagen-de-funcionario-sonriente-atendiendo-a-ciudadanas-300x200.jpg 300w, https:\/\/www.medellin.gov.co\/es\/wp-content\/uploads\/2026\/02\/Imagen-de-funcionario-sonriente-atendiendo-a-ciudadanas-150x100.jpg 150w, https:\/\/www.medellin.gov.co\/es\/wp-content\/uploads\/2026\/02\/Imagen-de-funcionario-sonriente-atendiendo-a-ciudadanas-768x512.jpg 768w, https:\/\/www.medellin.gov.co\/es\/wp-content\/uploads\/2026\/02\/Imagen-de-funcionario-sonriente-atendiendo-a-ciudadanas.jpg 1141w\" sizes=\"(max-width: 1024px) 100vw, 1024px\" \/>\t\t\t\t\t\t\t\t\t\t\t\t\t\t<\/div>\n\t\t\t\t\t\t<\/div>\n\t\t\t\t<\/div>\n\t\t\t\t\t\t<\/div>\n\t\t\t\t\t<\/div>\n\t\t<\/div>\n\t\t\t\t<div class=\"elementor-column elementor-col-50 elementor-inner-column elementor-element elementor-element-d5c3f96\" data-id=\"d5c3f96\" data-element_type=\"column\">\n\t\t\t<div class=\"elementor-column-wrap elementor-element-populated\">\n\t\t\t\t\t\t\t<div class=\"elementor-widget-wrap\">\n\t\t\t\t\t\t<div class=\"elementor-element elementor-element-158f9ec elementor-widget elementor-widget-text-editor\" data-id=\"158f9ec\" data-element_type=\"widget\" data-widget_type=\"text-editor.default\">\n\t\t\t\t<div class=\"elementor-widget-container\">\n\t\t\t\t\t\t\t\t<div class=\"elementor-text-editor elementor-clearfix\">\n\t\t\t\t<p>Las Comisar\u00edas de Familia son dependencias administrativas del orden distrital, de car\u00e1cter interdisciplinario, cuyo objeto misional es brindar atenci\u00f3n especializada para <strong>prevenir, proteger, restablecer, reparar y garantizar los derechos<\/strong> de las personas que se encuentren en riesgo o que hayan sido v\u00edctimas de violencia en el contexto familiar, incluyendo la violencia por razones de g\u00e9nero.<\/p><p>Su actuaci\u00f3n debe regirse por principios como la debida diligencia, el inter\u00e9s superior de los ni\u00f1os, ni\u00f1as y adolescentes, el enfoque de g\u00e9nero, la no revictimizaci\u00f3n, la oportunidad y la eficacia en la adopci\u00f3n de medidas de protecci\u00f3n.<\/p>\t\t\t\t\t<\/div>\n\t\t\t\t\t\t<\/div>\n\t\t\t\t<\/div>\n\t\t\t\t\t\t<\/div>\n\t\t\t\t\t<\/div>\n\t\t<\/div>\n\t\t\t\t\t\t\t\t<\/div>\n\t\t\t\t\t<\/div>\n\t\t<\/section>\n\t\t\t\t<div class=\"elementor-element elementor-element-13c74d6 elementor-widget elementor-widget-text-editor\" data-id=\"13c74d6\" data-element_type=\"widget\" data-widget_type=\"text-editor.default\">\n\t\t\t\t<div class=\"elementor-widget-container\">\n\t\t\t\t\t\t\t\t<div class=\"elementor-text-editor elementor-clearfix\">\n\t\t\t\t<h2><strong>Violencia en el contexto familiar<\/strong><\/h2>\t\t\t\t\t<\/div>\n\t\t\t\t\t\t<\/div>\n\t\t\t\t<\/div>\n\t\t\t\t<div class=\"elementor-element elementor-element-539cae3 elementor-widget elementor-widget-text-editor\" data-id=\"539cae3\" data-element_type=\"widget\" data-widget_type=\"text-editor.default\">\n\t\t\t\t<div class=\"elementor-widget-container\">\n\t\t\t\t\t\t\t\t<div class=\"elementor-text-editor elementor-clearfix\">\n\t\t\t\t<p>De conformidad con la Ley 2126 de 2021, las Comisar\u00edas de Familia son competentes para conocer y atender los casos de <strong>violencia en el contexto familiar<\/strong>, entendida como toda acci\u00f3n u omisi\u00f3n que cause o pueda causar da\u00f1o f\u00edsico, psicol\u00f3gico, sexual, patrimonial o econ\u00f3mico entre integrantes del n\u00facleo familiar, aun cuando no convivan bajo el mismo techo.<\/p><p>Dentro de sus principales competencias se destacan:<br \/><br \/><\/p><ul><li>Recibir y tramitar solicitudes de protecci\u00f3n en casos de violencia intrafamiliar.<\/li><li>Garantizar, proteger, restablecer y reparar los derechos de las v\u00edctimas.<\/li><li>Brindar asesor\u00eda jur\u00eddica y psicosocial a las personas afectadas.<\/li><li>Adoptar medidas de protecci\u00f3n provisionales y definitivas, de atenci\u00f3n, estabilizaci\u00f3n y restablecimiento de derechos.<\/li><li>Coordinar su actuaci\u00f3n con otras entidades del orden local, departamental y nacional.<\/li><\/ul>\t\t\t\t\t<\/div>\n\t\t\t\t\t\t<\/div>\n\t\t\t\t<\/div>\n\t\t\t\t<div class=\"elementor-element elementor-element-e34cefa elementor-widget elementor-widget-text-editor\" data-id=\"e34cefa\" data-element_type=\"widget\" data-widget_type=\"text-editor.default\">\n\t\t\t\t<div class=\"elementor-widget-container\">\n\t\t\t\t\t\t\t\t<div class=\"elementor-text-editor elementor-clearfix\">\n\t\t\t\t<h2><strong>Atenci\u00f3n a ni\u00f1os, ni\u00f1as y adolescentes <\/strong><\/h2>\t\t\t\t\t<\/div>\n\t\t\t\t\t\t<\/div>\n\t\t\t\t<\/div>\n\t\t\t\t<div class=\"elementor-element elementor-element-4093146 elementor-widget elementor-widget-text-editor\" data-id=\"4093146\" data-element_type=\"widget\" data-widget_type=\"text-editor.default\">\n\t\t\t\t<div class=\"elementor-widget-container\">\n\t\t\t\t\t\t\t\t<div class=\"elementor-text-editor elementor-clearfix\">\n\t\t\t\t<p>La <strong>Comisar\u00eda de Familia<\/strong> es competente para prevenir, garantizar y restablecer los derechos de los ni\u00f1os, ni\u00f1as y adolescentes cuando la vulneraci\u00f3n o amenaza de derechos ocurre en el contexto de la violencia familiar, <strong>con una excepci\u00f3n fundamental<\/strong>: los asuntos de violencia sexual en cuyo caso la competencia ser\u00e1 de los defensores de familia adscritos al ICBF.<\/p><p>En todos los casos, la comisar\u00eda de familia que tenga conocimiento inicial del hecho debe verificar la garant\u00eda de derechos del ni\u00f1o, ni\u00f1a o adolescente, adoptar las medidas urgentes a que haya lugar para restablecer sus derechos e iniciar el correspondiente proceso administrativo de restablecimiento de derechos o en su defecto, remitir oportunamente a la autoridad competente, sin poner en riesgo la protecci\u00f3n de las v\u00edctimas.<\/p>\t\t\t\t\t<\/div>\n\t\t\t\t\t\t<\/div>\n\t\t\t\t<\/div>\n\t\t\t\t<div class=\"elementor-element elementor-element-696e3dc elementor-widget elementor-widget-image\" data-id=\"696e3dc\" data-element_type=\"widget\" data-widget_type=\"image.default\">\n\t\t\t\t<div class=\"elementor-widget-container\">\n\t\t\t\t\t\t\t\t<div class=\"elementor-image\">\n\t\t\t\t\t\t\t\t\t\t\t\t<img width=\"1024\" height=\"576\" src=\"https:\/\/www.medellin.gov.co\/es\/wp-content\/uploads\/2024\/09\/Alcaldia-creo-siete-nuevas-comisarias-de-familia-4-1024x576.jpg\" class=\"attachment-large size-large\" alt=\"La Alcald\u00eda de Medell\u00edn cre\u00f3 siete nuevas Comisar\u00edas de Familia\" loading=\"lazy\" srcset=\"https:\/\/www.medellin.gov.co\/es\/wp-content\/uploads\/2024\/09\/Alcaldia-creo-siete-nuevas-comisarias-de-familia-4-1024x576.jpg 1024w, https:\/\/www.medellin.gov.co\/es\/wp-content\/uploads\/2024\/09\/Alcaldia-creo-siete-nuevas-comisarias-de-familia-4-300x169.jpg 300w, https:\/\/www.medellin.gov.co\/es\/wp-content\/uploads\/2024\/09\/Alcaldia-creo-siete-nuevas-comisarias-de-familia-4-150x84.jpg 150w, https:\/\/www.medellin.gov.co\/es\/wp-content\/uploads\/2024\/09\/Alcaldia-creo-siete-nuevas-comisarias-de-familia-4-768x432.jpg 768w, https:\/\/www.medellin.gov.co\/es\/wp-content\/uploads\/2024\/09\/Alcaldia-creo-siete-nuevas-comisarias-de-familia-4.jpg 1200w\" sizes=\"(max-width: 1024px) 100vw, 1024px\" \/>\t\t\t\t\t\t\t\t\t\t\t\t\t\t<\/div>\n\t\t\t\t\t\t<\/div>\n\t\t\t\t<\/div>\n\t\t\t\t<div class=\"elementor-element elementor-element-6dcfdf0 elementor-widget elementor-widget-text-editor\" data-id=\"6dcfdf0\" data-element_type=\"widget\" data-widget_type=\"text-editor.default\">\n\t\t\t\t<div class=\"elementor-widget-container\">\n\t\t\t\t\t\t\t\t<div class=\"elementor-text-editor elementor-clearfix\">\n\t\t\t\t<h2><strong>Tramite de registro en el REDAM<\/strong><\/h2>\t\t\t\t\t<\/div>\n\t\t\t\t\t\t<\/div>\n\t\t\t\t<\/div>\n\t\t\t\t<div class=\"elementor-element elementor-element-9222dd9 elementor-widget elementor-widget-text-editor\" data-id=\"9222dd9\" data-element_type=\"widget\" data-widget_type=\"text-editor.default\">\n\t\t\t\t<div class=\"elementor-widget-container\">\n\t\t\t\t\t\t\t\t<div class=\"elementor-text-editor elementor-clearfix\">\n\t\t\t\t<p>Adicionalmente, de acuerdo con la ley 2097 de 2021, las Comisar\u00edas de Familia del distrito, realizan el tramite para el Registro de Deudores Alimentarios Morosos (REDAM), de aquellas personas que adeuden tres o m\u00e1s cuotas alimentarias, sucesivas o no. \u00a0\u00a0<\/p>\t\t\t\t\t<\/div>\n\t\t\t\t\t\t<\/div>\n\t\t\t\t<\/div>\n\t\t\t\t<div class=\"elementor-element elementor-element-1c7c10a elementor-widget elementor-widget-text-editor\" data-id=\"1c7c10a\" data-element_type=\"widget\" data-widget_type=\"text-editor.default\">\n\t\t\t\t<div class=\"elementor-widget-container\">\n\t\t\t\t\t\t\t\t<div class=\"elementor-text-editor elementor-clearfix\">\n\t\t\t\t<h2><strong>Intervenci\u00f3n Conflictos Familiares<\/strong><\/h2>\t\t\t\t\t<\/div>\n\t\t\t\t\t\t<\/div>\n\t\t\t\t<\/div>\n\t\t\t\t<div class=\"elementor-element elementor-element-ec368ba elementor-widget elementor-widget-text-editor\" data-id=\"ec368ba\" data-element_type=\"widget\" data-widget_type=\"text-editor.default\">\n\t\t\t\t<div class=\"elementor-widget-container\">\n\t\t\t\t\t\t\t\t<div class=\"elementor-text-editor elementor-clearfix\">\n\t\t\t\t<p>La comisar\u00eda de familia a trav\u00e9s de su equipo interdisciplinario (abogado, psic\u00f3logo y trabajador social), atiende diversas situaciones propias de las din\u00e1micas familiares que pueden afectar la convivencia, mediante asesor\u00edas especializadas, con el fin de brindar herramientas que permitan la soluci\u00f3n y evitar as\u00ed el escalamiento de las desavenencias a situaciones de violencia.<\/p>\t\t\t\t\t<\/div>\n\t\t\t\t\t\t<\/div>\n\t\t\t\t<\/div>\n\t\t\t\t<div class=\"elementor-element elementor-element-5a87fba elementor-widget elementor-widget-heading\" data-id=\"5a87fba\" data-element_type=\"widget\" data-widget_type=\"heading.default\">\n\t\t\t\t<div class=\"elementor-widget-container\">\n\t\t\t<h2 class=\"elementor-heading-title elementor-size-default\"><b>Directorio <\/b>de Comisar\u00edas de Familia<\/h2>\t\t<\/div>\n\t\t\t\t<\/div>\n\t\t\t\t<div class=\"elementor-element elementor-element-4b089a1 elementor-widget elementor-widget-text-editor\" data-id=\"4b089a1\" data-element_type=\"widget\" data-widget_type=\"text-editor.default\">\n\t\t\t\t<div class=\"elementor-widget-container\">\n\t\t\t\t\t\t\t\t<div class=\"elementor-text-editor elementor-clearfix\">\n\t\t\t\t<p>Encuentra aqu\u00ed todas las sedes de las Comisar\u00edas de Familia.<\/p>\t\t\t\t\t<\/div>\n\t\t\t\t\t\t<\/div>\n\t\t\t\t<\/div>\n\t\t\t\t<div class=\"elementor-element elementor-element-cacc70a elementor-tablet-align-left elementor-mobile-align-center elementor-widget elementor-widget-button\" data-id=\"cacc70a\" data-element_type=\"widget\" data-widget_type=\"button.default\">\n\t\t\t\t<div class=\"elementor-widget-container\">\n\t\t\t\t\t<div class=\"elementor-button-wrapper\">\n\t\t\t<a href=\"https:\/\/www.medellin.gov.co\/es\/sedes\/?_sft_category=secretaria-de-seguridad-y-convivencia&#038;_sft_tipo_sede=comisarias-de-familia\" target=\"_blank\" class=\"elementor-button-link elementor-button elementor-size-sm\" role=\"button\">\n\t\t\t\t\t\t<span class=\"elementor-button-content-wrapper\">\n\t\t\t\t\t\t<span class=\"elementor-button-text\">Directorio de Comisar\u00edas<\/span>\n\t\t<\/span>\n\t\t\t\t\t<\/a>\n\t\t<\/div>\n\t\t\t\t<\/div>\n\t\t\t\t<\/div>\n\t\t\t\t\t\t<\/div>\n\t\t\t\t\t<\/div>\n\t\t<\/div>\n\t\t\t\t\t\t\t\t<\/div>\n\t\t\t\t\t<\/div>\n\t\t<\/section>\n\t\t<div class=\"elementor-element elementor-element-58c4044 e-container--column e-container\" data-id=\"58c4044\" data-element_type=\"container\">\t\t\t\t<div class=\"elementor-element elementor-element-66162a3 elementor-widget elementor-widget-spacer\" data-id=\"66162a3\" data-element_type=\"widget\" data-widget_type=\"spacer.default\">\n\t\t\t\t<div class=\"elementor-widget-container\">\n\t\t\t\t\t<div class=\"elementor-spacer\">\n\t\t\t<div class=\"elementor-spacer-inner\"><\/div>\n\t\t<\/div>\n\t\t\t\t<\/div>\n\t\t\t\t<\/div>\n\t\t<\/div>\t\t\t\t\t\t\t<\/div>\n\t\t\t<\/div>\n\t\t\t\t\t<\/div>\n\t\t","protected":false},"excerpt":{"rendered":"<p>Comisar\u00edas de Familia de Medell\u00edn Las Comisar\u00edas de Familia son dependencias administrativas del orden distrital, de car\u00e1cter interdisciplinario, cuyo objeto misional es brindar atenci\u00f3n especializada para prevenir, proteger, restablecer, reparar y garantizar los derechos de &#8230;<\/p>\n","protected":false},"author":31,"featured_media":17385,"parent":15202,"menu_order":15,"comment_status":"closed","ping_status":"closed","template":"sec-seguridad\/elementor.php","meta":[],"acf":[],"_links":{"self":[{"href":"https:\/\/www.medellin.gov.co\/es\/wp-json\/wp\/v2\/pages\/15211"}],"collection":[{"href":"https:\/\/www.medellin.gov.co\/es\/wp-json\/wp\/v2\/pages"}],"about":[{"href":"https:\/\/www.medellin.gov.co\/es\/wp-json\/wp\/v2\/types\/page"}],"author":[{"embeddable":true,"href":"https:\/\/www.medellin.gov.co\/es\/wp-json\/wp\/v2\/users\/31"}],"replies":[{"embeddable":true,"href":"https:\/\/www.medellin.gov.co\/es\/wp-json\/wp\/v2\/comments?post=15211"}],"version-history":[{"count":11,"href":"https:\/\/www.medellin.gov.co\/es\/wp-json\/wp\/v2\/pages\/15211\/revisions"}],"predecessor-version":[{"id":507954,"href":"https:\/\/www.medellin.gov.co\/es\/wp-json\/wp\/v2\/pages\/15211\/revisions\/507954"}],"up":[{"embeddable":true,"href":"https:\/\/www.medellin.gov.co\/es\/wp-json\/wp\/v2\/pages\/15202"}],"wp:featuredmedia":[{"embeddable":true,"href":"https:\/\/www.medellin.gov.co\/es\/wp-json\/wp\/v2\/media\/17385"}],"wp:attachment":[{"href":"https:\/\/www.medellin.gov.co\/es\/wp-json\/wp\/v2\/media?parent=15211"}],"curies":[{"name":"wp","href":"https:\/\/api.w.org\/{rel}","templated":true}]}}