{"id":154131,"date":"2023-02-06T10:54:09","date_gmt":"2023-02-06T15:54:09","guid":{"rendered":"https:\/\/www.medellin.gov.co\/es\/?page_id=154131"},"modified":"2023-05-29T17:29:14","modified_gmt":"2023-05-29T22:29:14","slug":"obras-y-mejoramientos-en-los-corregimientos-de-medellin","status":"publish","type":"page","link":"https:\/\/www.medellin.gov.co\/es\/secretaria-de-comunicaciones\/obras-y-mejoramientos-de-escenarios-deportivos-de-medellin\/obras-y-mejoramientos-en-los-corregimientos-de-medellin\/","title":{"rendered":"Obras y mejoramientos en los corregimientos de Medell\u00edn"},"content":{"rendered":"\t\t<div data-elementor-type=\"wp-page\" data-elementor-id=\"154131\" class=\"elementor elementor-154131\">\n\t\t\t\t\t\t<div class=\"elementor-inner\">\n\t\t\t\t<div class=\"elementor-section-wrap\">\n\t\t\t\t\t\t\t\t\t<section class=\"elementor-section elementor-top-section elementor-element elementor-element-c2018f7 elementor-section-boxed elementor-section-height-default elementor-section-height-default\" data-id=\"c2018f7\" data-element_type=\"section\">\n\t\t\t\t\t\t<div class=\"elementor-container elementor-column-gap-default\">\n\t\t\t\t\t\t\t<div class=\"elementor-row\">\n\t\t\t\t\t<div class=\"elementor-column elementor-col-100 elementor-top-column elementor-element elementor-element-4d2db8c\" data-id=\"4d2db8c\" data-element_type=\"column\">\n\t\t\t<div class=\"elementor-column-wrap elementor-element-populated\">\n\t\t\t\t\t\t\t<div class=\"elementor-widget-wrap\">\n\t\t\t\t\t\t<div class=\"elementor-element elementor-element-ee10ecc elementor-widget elementor-widget-heading\" data-id=\"ee10ecc\" data-element_type=\"widget\" data-widget_type=\"heading.default\">\n\t\t\t\t<div class=\"elementor-widget-container\">\n\t\t\t<h1 class=\"elementor-heading-title elementor-size-default\">Conoce todas las obras y mejoramientos de los escenarios deportivos en los corregimientos de Medell\u00edn<\/h1>\t\t<\/div>\n\t\t\t\t<\/div>\n\t\t\t\t<div class=\"elementor-element elementor-element-207a450 elementor-widget elementor-widget-text-editor\" data-id=\"207a450\" data-element_type=\"widget\" data-widget_type=\"text-editor.default\">\n\t\t\t\t<div class=\"elementor-widget-container\">\n\t\t\t\t\t\t\t\t<div class=\"elementor-text-editor elementor-clearfix\">\n\t\t\t\t<p><span data-sheets-value=\"{\" data-sheets-userformat=\"{\">En 2023, <\/span>continuaremos con la ejecuci\u00f3n de 51 obras y de mejoramiento en los corregimientos San Sebasti\u00e1n de Palmitas, San Crist\u00f3bal, Altavista, San Antonio de Prado y Santa Elena.<\/p>\t\t\t\t\t<\/div>\n\t\t\t\t\t\t<\/div>\n\t\t\t\t<\/div>\n\t\t\t\t<div class=\"elementor-element elementor-element-f8bca46 elementor-widget elementor-widget-heading\" data-id=\"f8bca46\" data-element_type=\"widget\" data-widget_type=\"heading.default\">\n\t\t\t\t<div class=\"elementor-widget-container\">\n\t\t\t<h2 class=\"elementor-heading-title elementor-size-default\"><b>Obras y<\/b> mejoramientos de escenarios deportivos en el corregimiento de San Sebasti\u00e1n de Palmitas<\/h2>\t\t<\/div>\n\t\t\t\t<\/div>\n\t\t\t\t<section class=\"elementor-section elementor-inner-section elementor-element elementor-element-d6213e1 elementor-section-boxed elementor-section-height-default elementor-section-height-default\" data-id=\"d6213e1\" data-element_type=\"section\">\n\t\t\t\t\t\t<div class=\"elementor-container elementor-column-gap-default\">\n\t\t\t\t\t\t\t<div class=\"elementor-row\">\n\t\t\t\t\t<div class=\"elementor-column elementor-col-50 elementor-inner-column elementor-element elementor-element-f0abf1b\" data-id=\"f0abf1b\" data-element_type=\"column\">\n\t\t\t<div class=\"elementor-column-wrap elementor-element-populated\">\n\t\t\t\t\t\t\t<div class=\"elementor-widget-wrap\">\n\t\t\t\t\t\t<div class=\"elementor-element elementor-element-83bcdb4 elementor-widget elementor-widget-text-editor\" data-id=\"83bcdb4\" data-element_type=\"widget\" data-widget_type=\"text-editor.default\">\n\t\t\t\t<div class=\"elementor-widget-container\">\n\t\t\t\t\t\t\t\t<div class=\"elementor-text-editor elementor-clearfix\">\n\t\t\t\t<p style=\"text-align: left;\">Ent\u00e9rate de las 3 obras y el mejoramiento de los escenarios deportivos que llevaremos a cabo en la comuna 50 \u2013 San Sebasti\u00e1n de Palmitas.<\/p><p style=\"text-align: left;\"><a href=\"https:\/\/www.medellin.gov.co\/es\/secretaria-de-comunicaciones\/obras-y-mejoramientos-de-escenarios-deportivos-de-medellin\/obras-y-mejoramientos-en-los-corregimientos-de-medellin\/obras-y-mejoramientos-en-san-sebastian-de-palmitas\/\">Conoce todas las mejoras de escenarios deportivos Comuna 50 &#8211; San Sebasti\u00e1n de Palmitas<\/a><\/p>\t\t\t\t\t<\/div>\n\t\t\t\t\t\t<\/div>\n\t\t\t\t<\/div>\n\t\t\t\t\t\t<\/div>\n\t\t\t\t\t<\/div>\n\t\t<\/div>\n\t\t\t\t<div class=\"elementor-column elementor-col-50 elementor-inner-column elementor-element elementor-element-572a644\" data-id=\"572a644\" data-element_type=\"column\">\n\t\t\t<div class=\"elementor-column-wrap elementor-element-populated\">\n\t\t\t\t\t\t\t<div class=\"elementor-widget-wrap\">\n\t\t\t\t\t\t<div class=\"elementor-element elementor-element-eb5b3e7 elementor-widget elementor-widget-image\" data-id=\"eb5b3e7\" data-element_type=\"widget\" data-widget_type=\"image.default\">\n\t\t\t\t<div class=\"elementor-widget-container\">\n\t\t\t\t\t\t\t\t<div class=\"elementor-image\">\n\t\t\t\t\t\t\t\t\t\t\t\t\t<a href=\"https:\/\/www.medellin.gov.co\/es\/secretaria-de-comunicaciones\/obras-y-mejoramientos-de-escenarios-deportivos-de-medellin\/obras-y-mejoramientos-en-los-corregimientos-de-medellin\/obras-y-mejoramientos-en-san-sebastian-de-palmitas\/\">\n\t\t\t\t\t\t\t<img width=\"300\" height=\"300\" src=\"https:\/\/www.medellin.gov.co\/es\/wp-content\/uploads\/2022\/09\/mapa-ssp-300x300.png\" class=\"attachment-medium size-medium\" alt=\"Mapa San Sebasti\u00e1n de Palmitas\" loading=\"lazy\" srcset=\"https:\/\/www.medellin.gov.co\/es\/wp-content\/uploads\/2022\/09\/mapa-ssp-300x300.png 300w, https:\/\/www.medellin.gov.co\/es\/wp-content\/uploads\/2022\/09\/mapa-ssp-1024x1024.png 1024w, https:\/\/www.medellin.gov.co\/es\/wp-content\/uploads\/2022\/09\/mapa-ssp-150x150.png 150w, https:\/\/www.medellin.gov.co\/es\/wp-content\/uploads\/2022\/09\/mapa-ssp-768x768.png 768w, https:\/\/www.medellin.gov.co\/es\/wp-content\/uploads\/2022\/09\/mapa-ssp.png 1080w\" sizes=\"(max-width: 300px) 100vw, 300px\" \/>\t\t\t\t\t\t\t\t<\/a>\n\t\t\t\t\t\t\t\t\t\t\t\t\t\t<\/div>\n\t\t\t\t\t\t<\/div>\n\t\t\t\t<\/div>\n\t\t\t\t\t\t<\/div>\n\t\t\t\t\t<\/div>\n\t\t<\/div>\n\t\t\t\t\t\t\t\t<\/div>\n\t\t\t\t\t<\/div>\n\t\t<\/section>\n\t\t\t\t<div class=\"elementor-element elementor-element-ecf732a elementor-widget elementor-widget-heading\" data-id=\"ecf732a\" data-element_type=\"widget\" data-widget_type=\"heading.default\">\n\t\t\t\t<div class=\"elementor-widget-container\">\n\t\t\t<h2 class=\"elementor-heading-title elementor-size-default\"><b>Obras y<\/b> mejoramientos de escenarios deportivos en el corregimiento de San Crist\u00f3bal<\/h2>\t\t<\/div>\n\t\t\t\t<\/div>\n\t\t\t\t<section class=\"elementor-section elementor-inner-section elementor-element elementor-element-1a1db83 elementor-section-boxed elementor-section-height-default elementor-section-height-default\" data-id=\"1a1db83\" data-element_type=\"section\">\n\t\t\t\t\t\t<div class=\"elementor-container elementor-column-gap-default\">\n\t\t\t\t\t\t\t<div class=\"elementor-row\">\n\t\t\t\t\t<div class=\"elementor-column elementor-col-50 elementor-inner-column elementor-element elementor-element-7dbc3d1\" data-id=\"7dbc3d1\" data-element_type=\"column\">\n\t\t\t<div class=\"elementor-column-wrap elementor-element-populated\">\n\t\t\t\t\t\t\t<div class=\"elementor-widget-wrap\">\n\t\t\t\t\t\t<div class=\"elementor-element elementor-element-735ef22 elementor-widget elementor-widget-text-editor\" data-id=\"735ef22\" data-element_type=\"widget\" data-widget_type=\"text-editor.default\">\n\t\t\t\t<div class=\"elementor-widget-container\">\n\t\t\t\t\t\t\t\t<div class=\"elementor-text-editor elementor-clearfix\">\n\t\t\t\t<p style=\"text-align: left;\">Ent\u00e9rate de las 9 obras y el mejoramiento de los escenarios deportivos que llevaremos a cabo en la comuna 60 \u2013 San Crist\u00f3bal.<\/p><p style=\"text-align: left;\"><a href=\"https:\/\/www.medellin.gov.co\/es\/secretaria-de-comunicaciones\/obras-y-mejoramientos-de-escenarios-deportivos-de-medellin\/obras-y-mejoramientos-en-los-corregimientos-de-medellin\/obras-y-mejoramientos-en-san-cristobal\/\">Conoce todas las mejoras de escenarios deportivos Comuna 60 &#8211; San Crist\u00f3bal<\/a><\/p>\t\t\t\t\t<\/div>\n\t\t\t\t\t\t<\/div>\n\t\t\t\t<\/div>\n\t\t\t\t\t\t<\/div>\n\t\t\t\t\t<\/div>\n\t\t<\/div>\n\t\t\t\t<div class=\"elementor-column elementor-col-50 elementor-inner-column elementor-element elementor-element-43414a9\" data-id=\"43414a9\" data-element_type=\"column\">\n\t\t\t<div class=\"elementor-column-wrap elementor-element-populated\">\n\t\t\t\t\t\t\t<div class=\"elementor-widget-wrap\">\n\t\t\t\t\t\t<div class=\"elementor-element elementor-element-7957e49 elementor-widget elementor-widget-image\" data-id=\"7957e49\" data-element_type=\"widget\" data-widget_type=\"image.default\">\n\t\t\t\t<div class=\"elementor-widget-container\">\n\t\t\t\t\t\t\t\t<div class=\"elementor-image\">\n\t\t\t\t\t\t\t\t\t\t\t\t\t<a href=\"https:\/\/www.medellin.gov.co\/es\/secretaria-de-comunicaciones\/obras-y-mejoramientos-de-escenarios-deportivos-de-medellin\/obras-y-mejoramientos-en-los-corregimientos-de-medellin\/obras-y-mejoramientos-en-san-cristobal\/\">\n\t\t\t\t\t\t\t<img width=\"300\" height=\"300\" src=\"https:\/\/www.medellin.gov.co\/es\/wp-content\/uploads\/2022\/09\/mapa-sc-300x300.png\" class=\"attachment-medium size-medium\" alt=\"Mapa San Cristobal\" loading=\"lazy\" srcset=\"https:\/\/www.medellin.gov.co\/es\/wp-content\/uploads\/2022\/09\/mapa-sc-300x300.png 300w, https:\/\/www.medellin.gov.co\/es\/wp-content\/uploads\/2022\/09\/mapa-sc-1024x1024.png 1024w, https:\/\/www.medellin.gov.co\/es\/wp-content\/uploads\/2022\/09\/mapa-sc-150x150.png 150w, https:\/\/www.medellin.gov.co\/es\/wp-content\/uploads\/2022\/09\/mapa-sc-768x768.png 768w, https:\/\/www.medellin.gov.co\/es\/wp-content\/uploads\/2022\/09\/mapa-sc.png 1080w\" sizes=\"(max-width: 300px) 100vw, 300px\" \/>\t\t\t\t\t\t\t\t<\/a>\n\t\t\t\t\t\t\t\t\t\t\t\t\t\t<\/div>\n\t\t\t\t\t\t<\/div>\n\t\t\t\t<\/div>\n\t\t\t\t\t\t<\/div>\n\t\t\t\t\t<\/div>\n\t\t<\/div>\n\t\t\t\t\t\t\t\t<\/div>\n\t\t\t\t\t<\/div>\n\t\t<\/section>\n\t\t\t\t<div class=\"elementor-element elementor-element-1d6a4e4 elementor-widget elementor-widget-heading\" data-id=\"1d6a4e4\" data-element_type=\"widget\" data-widget_type=\"heading.default\">\n\t\t\t\t<div class=\"elementor-widget-container\">\n\t\t\t<h2 class=\"elementor-heading-title elementor-size-default\"><b>Obras y<\/b> mejoramientos de escenarios deportivos en el corregimiento de Altavista<\/h2>\t\t<\/div>\n\t\t\t\t<\/div>\n\t\t\t\t<section class=\"elementor-section elementor-inner-section elementor-element elementor-element-eb58191 elementor-section-boxed elementor-section-height-default elementor-section-height-default\" data-id=\"eb58191\" data-element_type=\"section\">\n\t\t\t\t\t\t<div class=\"elementor-container elementor-column-gap-default\">\n\t\t\t\t\t\t\t<div class=\"elementor-row\">\n\t\t\t\t\t<div class=\"elementor-column elementor-col-50 elementor-inner-column elementor-element elementor-element-64f44f2\" data-id=\"64f44f2\" data-element_type=\"column\">\n\t\t\t<div class=\"elementor-column-wrap elementor-element-populated\">\n\t\t\t\t\t\t\t<div class=\"elementor-widget-wrap\">\n\t\t\t\t\t\t<div class=\"elementor-element elementor-element-4f2d078 elementor-widget elementor-widget-text-editor\" data-id=\"4f2d078\" data-element_type=\"widget\" data-widget_type=\"text-editor.default\">\n\t\t\t\t<div class=\"elementor-widget-container\">\n\t\t\t\t\t\t\t\t<div class=\"elementor-text-editor elementor-clearfix\">\n\t\t\t\t<p>Ent\u00e9rate de las 6 obras y el mejoramiento de los escenarios deportivos que llevaremos a cabo en la comuna 70 \u2013 Altavista.<\/p><p><a href=\"https:\/\/www.medellin.gov.co\/es\/secretaria-de-comunicaciones\/obras-y-mejoramientos-de-escenarios-deportivos-de-medellin\/obras-y-mejoramientos-en-los-corregimientos-de-medellin\/obras-y-mejoramientos-en-altavista\/\">Conoce todas las mejoras de escenarios deportivos Comuna 70 &#8211; Altavista.<\/a><\/p>\t\t\t\t\t<\/div>\n\t\t\t\t\t\t<\/div>\n\t\t\t\t<\/div>\n\t\t\t\t\t\t<\/div>\n\t\t\t\t\t<\/div>\n\t\t<\/div>\n\t\t\t\t<div class=\"elementor-column elementor-col-50 elementor-inner-column elementor-element elementor-element-12db1e7\" data-id=\"12db1e7\" data-element_type=\"column\">\n\t\t\t<div class=\"elementor-column-wrap elementor-element-populated\">\n\t\t\t\t\t\t\t<div class=\"elementor-widget-wrap\">\n\t\t\t\t\t\t<div class=\"elementor-element elementor-element-07b102b elementor-widget elementor-widget-image\" data-id=\"07b102b\" data-element_type=\"widget\" data-widget_type=\"image.default\">\n\t\t\t\t<div class=\"elementor-widget-container\">\n\t\t\t\t\t\t\t\t<div class=\"elementor-image\">\n\t\t\t\t\t\t\t\t\t\t\t\t\t<a href=\"https:\/\/www.medellin.gov.co\/es\/secretaria-de-comunicaciones\/obras-y-mejoramientos-de-escenarios-deportivos-de-medellin\/obras-y-mejoramientos-en-los-corregimientos-de-medellin\/obras-y-mejoramientos-en-altavista\/\">\n\t\t\t\t\t\t\t<img width=\"300\" height=\"300\" src=\"https:\/\/www.medellin.gov.co\/es\/wp-content\/uploads\/2022\/09\/mapa-alt-300x300.png\" class=\"attachment-medium size-medium\" alt=\"Mapa Altavista\" loading=\"lazy\" srcset=\"https:\/\/www.medellin.gov.co\/es\/wp-content\/uploads\/2022\/09\/mapa-alt-300x300.png 300w, https:\/\/www.medellin.gov.co\/es\/wp-content\/uploads\/2022\/09\/mapa-alt-1024x1024.png 1024w, https:\/\/www.medellin.gov.co\/es\/wp-content\/uploads\/2022\/09\/mapa-alt-150x150.png 150w, https:\/\/www.medellin.gov.co\/es\/wp-content\/uploads\/2022\/09\/mapa-alt-768x768.png 768w, https:\/\/www.medellin.gov.co\/es\/wp-content\/uploads\/2022\/09\/mapa-alt.png 1080w\" sizes=\"(max-width: 300px) 100vw, 300px\" \/>\t\t\t\t\t\t\t\t<\/a>\n\t\t\t\t\t\t\t\t\t\t\t\t\t\t<\/div>\n\t\t\t\t\t\t<\/div>\n\t\t\t\t<\/div>\n\t\t\t\t\t\t<\/div>\n\t\t\t\t\t<\/div>\n\t\t<\/div>\n\t\t\t\t\t\t\t\t<\/div>\n\t\t\t\t\t<\/div>\n\t\t<\/section>\n\t\t\t\t<div class=\"elementor-element elementor-element-d09e5a3 elementor-widget elementor-widget-heading\" data-id=\"d09e5a3\" data-element_type=\"widget\" data-widget_type=\"heading.default\">\n\t\t\t\t<div class=\"elementor-widget-container\">\n\t\t\t<h2 class=\"elementor-heading-title elementor-size-default\"><b>Obras y<\/b> mejoramientos de escenarios deportivos en el corregimiento de San Antonio de Prado<\/h2>\t\t<\/div>\n\t\t\t\t<\/div>\n\t\t\t\t<section class=\"elementor-section elementor-inner-section elementor-element elementor-element-f018188 elementor-section-boxed elementor-section-height-default elementor-section-height-default\" data-id=\"f018188\" data-element_type=\"section\">\n\t\t\t\t\t\t<div class=\"elementor-container elementor-column-gap-default\">\n\t\t\t\t\t\t\t<div class=\"elementor-row\">\n\t\t\t\t\t<div class=\"elementor-column elementor-col-50 elementor-inner-column elementor-element elementor-element-7504d25\" data-id=\"7504d25\" data-element_type=\"column\">\n\t\t\t<div class=\"elementor-column-wrap elementor-element-populated\">\n\t\t\t\t\t\t\t<div class=\"elementor-widget-wrap\">\n\t\t\t\t\t\t<div class=\"elementor-element elementor-element-4747d38 elementor-widget elementor-widget-text-editor\" data-id=\"4747d38\" data-element_type=\"widget\" data-widget_type=\"text-editor.default\">\n\t\t\t\t<div class=\"elementor-widget-container\">\n\t\t\t\t\t\t\t\t<div class=\"elementor-text-editor elementor-clearfix\">\n\t\t\t\t<p>Ent\u00e9rate de las 26 obras y el mejoramiento de los escenarios deportivos que llevaremos a cabo en la comuna 80 \u2013 San Antonio de Prado.<\/p><p><a href=\"https:\/\/www.medellin.gov.co\/es\/secretaria-de-comunicaciones\/obras-y-mejoramientos-de-escenarios-deportivos-de-medellin\/obras-y-mejoramientos-en-los-corregimientos-de-medellin\/obras-y-mejoramientos-en-san-antonio-de-prado\/\">Conoce todas las mejoras de escenarios deportivos Comuna 80 &#8211; San Antonio de Prado.<\/a><\/p>\t\t\t\t\t<\/div>\n\t\t\t\t\t\t<\/div>\n\t\t\t\t<\/div>\n\t\t\t\t\t\t<\/div>\n\t\t\t\t\t<\/div>\n\t\t<\/div>\n\t\t\t\t<div class=\"elementor-column elementor-col-50 elementor-inner-column elementor-element elementor-element-552716c\" data-id=\"552716c\" data-element_type=\"column\">\n\t\t\t<div class=\"elementor-column-wrap elementor-element-populated\">\n\t\t\t\t\t\t\t<div class=\"elementor-widget-wrap\">\n\t\t\t\t\t\t<div class=\"elementor-element elementor-element-5522208 elementor-widget elementor-widget-image\" data-id=\"5522208\" data-element_type=\"widget\" data-widget_type=\"image.default\">\n\t\t\t\t<div class=\"elementor-widget-container\">\n\t\t\t\t\t\t\t\t<div class=\"elementor-image\">\n\t\t\t\t\t\t\t\t\t\t\t\t\t<a href=\"https:\/\/www.medellin.gov.co\/es\/secretaria-de-comunicaciones\/obras-y-mejoramientos-de-escenarios-deportivos-de-medellin\/obras-y-mejoramientos-en-los-corregimientos-de-medellin\/obras-y-mejoramientos-en-san-antonio-de-prado\/\">\n\t\t\t\t\t\t\t<img width=\"300\" height=\"300\" src=\"https:\/\/www.medellin.gov.co\/es\/wp-content\/uploads\/2022\/09\/mapa-sap-300x300.png\" class=\"attachment-medium size-medium\" alt=\"Mapa San Antonio de Prado\" loading=\"lazy\" srcset=\"https:\/\/www.medellin.gov.co\/es\/wp-content\/uploads\/2022\/09\/mapa-sap-300x300.png 300w, https:\/\/www.medellin.gov.co\/es\/wp-content\/uploads\/2022\/09\/mapa-sap-1024x1024.png 1024w, https:\/\/www.medellin.gov.co\/es\/wp-content\/uploads\/2022\/09\/mapa-sap-150x150.png 150w, https:\/\/www.medellin.gov.co\/es\/wp-content\/uploads\/2022\/09\/mapa-sap-768x768.png 768w, https:\/\/www.medellin.gov.co\/es\/wp-content\/uploads\/2022\/09\/mapa-sap.png 1080w\" sizes=\"(max-width: 300px) 100vw, 300px\" \/>\t\t\t\t\t\t\t\t<\/a>\n\t\t\t\t\t\t\t\t\t\t\t\t\t\t<\/div>\n\t\t\t\t\t\t<\/div>\n\t\t\t\t<\/div>\n\t\t\t\t\t\t<\/div>\n\t\t\t\t\t<\/div>\n\t\t<\/div>\n\t\t\t\t\t\t\t\t<\/div>\n\t\t\t\t\t<\/div>\n\t\t<\/section>\n\t\t\t\t<div class=\"elementor-element elementor-element-35cc997 elementor-widget elementor-widget-heading\" data-id=\"35cc997\" data-element_type=\"widget\" data-widget_type=\"heading.default\">\n\t\t\t\t<div class=\"elementor-widget-container\">\n\t\t\t<h2 class=\"elementor-heading-title elementor-size-default\"><b>Obras y<\/b> mejoramientos de escenarios deportivos en el corregimiento de Santa Elena<\/h2>\t\t<\/div>\n\t\t\t\t<\/div>\n\t\t\t\t<section class=\"elementor-section elementor-inner-section elementor-element elementor-element-7060c16 elementor-section-boxed elementor-section-height-default elementor-section-height-default\" data-id=\"7060c16\" data-element_type=\"section\">\n\t\t\t\t\t\t<div class=\"elementor-container elementor-column-gap-default\">\n\t\t\t\t\t\t\t<div class=\"elementor-row\">\n\t\t\t\t\t<div class=\"elementor-column elementor-col-50 elementor-inner-column elementor-element elementor-element-821def8\" data-id=\"821def8\" data-element_type=\"column\">\n\t\t\t<div class=\"elementor-column-wrap elementor-element-populated\">\n\t\t\t\t\t\t\t<div class=\"elementor-widget-wrap\">\n\t\t\t\t\t\t<div class=\"elementor-element elementor-element-c750b86 elementor-widget elementor-widget-text-editor\" data-id=\"c750b86\" data-element_type=\"widget\" data-widget_type=\"text-editor.default\">\n\t\t\t\t<div class=\"elementor-widget-container\">\n\t\t\t\t\t\t\t\t<div class=\"elementor-text-editor elementor-clearfix\">\n\t\t\t\t<p>Ent\u00e9rate de las 7 obras y el mejoramiento de los escenarios deportivos que llevaremos a cabo en la comuna 90 \u2013 Santa Elena.<\/p>\n<p><a href=\"https:\/\/www.medellin.gov.co\/es\/secretaria-de-comunicaciones\/obras-y-mejoramientos-de-escenarios-deportivos-de-medellin\/obras-y-mejoramientos-en-los-corregimientos-de-medellin\/obras-y-mejoramientos-en-santa-elena\/\">Conoce todas las mejoras de escenarios deportivos Comuna 90 &#8211; Santa Elena.<\/a><\/p>\t\t\t\t\t<\/div>\n\t\t\t\t\t\t<\/div>\n\t\t\t\t<\/div>\n\t\t\t\t\t\t<\/div>\n\t\t\t\t\t<\/div>\n\t\t<\/div>\n\t\t\t\t<div class=\"elementor-column elementor-col-50 elementor-inner-column elementor-element elementor-element-1b7874b\" data-id=\"1b7874b\" data-element_type=\"column\">\n\t\t\t<div class=\"elementor-column-wrap elementor-element-populated\">\n\t\t\t\t\t\t\t<div class=\"elementor-widget-wrap\">\n\t\t\t\t\t\t<div class=\"elementor-element elementor-element-4cafb32 elementor-widget elementor-widget-image\" data-id=\"4cafb32\" data-element_type=\"widget\" data-widget_type=\"image.default\">\n\t\t\t\t<div class=\"elementor-widget-container\">\n\t\t\t\t\t\t\t\t<div class=\"elementor-image\">\n\t\t\t\t\t\t\t\t\t\t\t\t\t<a href=\"https:\/\/www.medellin.gov.co\/es\/secretaria-de-comunicaciones\/obras-y-mejoramientos-de-escenarios-deportivos-de-medellin\/obras-y-mejoramientos-en-los-corregimientos-de-medellin\/obras-y-mejoramientos-en-santa-elena\/\">\n\t\t\t\t\t\t\t<img width=\"300\" height=\"300\" src=\"https:\/\/www.medellin.gov.co\/es\/wp-content\/uploads\/2022\/09\/mapa-se-300x300.png\" class=\"attachment-medium size-medium\" alt=\"Mapa Santa Elena\" loading=\"lazy\" srcset=\"https:\/\/www.medellin.gov.co\/es\/wp-content\/uploads\/2022\/09\/mapa-se-300x300.png 300w, https:\/\/www.medellin.gov.co\/es\/wp-content\/uploads\/2022\/09\/mapa-se-1024x1024.png 1024w, https:\/\/www.medellin.gov.co\/es\/wp-content\/uploads\/2022\/09\/mapa-se-150x150.png 150w, https:\/\/www.medellin.gov.co\/es\/wp-content\/uploads\/2022\/09\/mapa-se-768x768.png 768w, https:\/\/www.medellin.gov.co\/es\/wp-content\/uploads\/2022\/09\/mapa-se.png 1080w\" sizes=\"(max-width: 300px) 100vw, 300px\" \/>\t\t\t\t\t\t\t\t<\/a>\n\t\t\t\t\t\t\t\t\t\t\t\t\t\t<\/div>\n\t\t\t\t\t\t<\/div>\n\t\t\t\t<\/div>\n\t\t\t\t\t\t<\/div>\n\t\t\t\t\t<\/div>\n\t\t<\/div>\n\t\t\t\t\t\t\t\t<\/div>\n\t\t\t\t\t<\/div>\n\t\t<\/section>\n\t\t\t\t\t\t<\/div>\n\t\t\t\t\t<\/div>\n\t\t<\/div>\n\t\t\t\t\t\t\t\t<\/div>\n\t\t\t\t\t<\/div>\n\t\t<\/section>\n\t\t\t\t\t\t\t\t\t<\/div>\n\t\t\t<\/div>\n\t\t\t\t\t<\/div>\n\t\t","protected":false},"excerpt":{"rendered":"<p>Conoce todas las obras y mejoramientos de los escenarios deportivos en los corregimientos de Medell\u00edn En 2023, continuaremos con la ejecuci\u00f3n de 51 obras y de mejoramiento en los corregimientos San Sebasti\u00e1n de Palmitas, San &#8230;<\/p>\n","protected":false},"author":31,"featured_media":0,"parent":153909,"menu_order":0,"comment_status":"closed","ping_status":"closed","template":"sec-comunicaciones\/elementor.php","meta":[],"acf":[],"_links":{"self":[{"href":"https:\/\/www.medellin.gov.co\/es\/wp-json\/wp\/v2\/pages\/154131"}],"collection":[{"href":"https:\/\/www.medellin.gov.co\/es\/wp-json\/wp\/v2\/pages"}],"about":[{"href":"https:\/\/www.medellin.gov.co\/es\/wp-json\/wp\/v2\/types\/page"}],"author":[{"embeddable":true,"href":"https:\/\/www.medellin.gov.co\/es\/wp-json\/wp\/v2\/users\/31"}],"replies":[{"embeddable":true,"href":"https:\/\/www.medellin.gov.co\/es\/wp-json\/wp\/v2\/comments?post=154131"}],"version-history":[{"count":10,"href":"https:\/\/www.medellin.gov.co\/es\/wp-json\/wp\/v2\/pages\/154131\/revisions"}],"predecessor-version":[{"id":202311,"href":"https:\/\/www.medellin.gov.co\/es\/wp-json\/wp\/v2\/pages\/154131\/revisions\/202311"}],"up":[{"embeddable":true,"href":"https:\/\/www.medellin.gov.co\/es\/wp-json\/wp\/v2\/pages\/153909"}],"wp:attachment":[{"href":"https:\/\/www.medellin.gov.co\/es\/wp-json\/wp\/v2\/media?parent=154131"}],"curies":[{"name":"wp","href":"https:\/\/api.w.org\/{rel}","templated":true}]}}