{"id":154261,"date":"2023-02-06T16:23:31","date_gmt":"2023-02-06T21:23:31","guid":{"rendered":"https:\/\/www.medellin.gov.co\/es\/?page_id=154261"},"modified":"2023-08-14T06:52:35","modified_gmt":"2023-08-14T11:52:35","slug":"obras-y-mejoramientos-en-la-comuna-5-castilla","status":"publish","type":"page","link":"https:\/\/www.medellin.gov.co\/es\/secretaria-de-comunicaciones\/obras-y-mejoramientos-de-escenarios-deportivos-de-medellin\/obras-y-mejoramientos-en-la-zona-2-de-medellin\/obras-y-mejoramientos-en-la-comuna-5-castilla\/","title":{"rendered":"Obras y mejoramientos en la Comuna 5 &#8211; Castilla"},"content":{"rendered":"\t\t<div data-elementor-type=\"wp-page\" data-elementor-id=\"154261\" class=\"elementor elementor-154261\">\n\t\t\t\t\t\t<div class=\"elementor-inner\">\n\t\t\t\t<div class=\"elementor-section-wrap\">\n\t\t\t\t\t\t\t\t\t<section class=\"elementor-section elementor-top-section elementor-element elementor-element-3c79455 elementor-section-boxed elementor-section-height-default elementor-section-height-default\" data-id=\"3c79455\" data-element_type=\"section\">\n\t\t\t\t\t\t<div class=\"elementor-container elementor-column-gap-default\">\n\t\t\t\t\t\t\t<div class=\"elementor-row\">\n\t\t\t\t\t<div class=\"elementor-column elementor-col-100 elementor-top-column elementor-element elementor-element-4769ab6\" data-id=\"4769ab6\" data-element_type=\"column\">\n\t\t\t<div class=\"elementor-column-wrap elementor-element-populated\">\n\t\t\t\t\t\t\t<div class=\"elementor-widget-wrap\">\n\t\t\t\t\t\t<div class=\"elementor-element elementor-element-0ce7fae elementor-widget elementor-widget-heading\" data-id=\"0ce7fae\" data-element_type=\"widget\" data-widget_type=\"heading.default\">\n\t\t\t\t<div class=\"elementor-widget-container\">\n\t\t\t<h1 class=\"elementor-heading-title elementor-size-default\">Conoce todas las obras y mejoramientos de los escenarios deportivos de la Comuna 5 - Castilla<\/h1>\t\t<\/div>\n\t\t\t\t<\/div>\n\t\t\t\t<section class=\"elementor-section elementor-inner-section elementor-element elementor-element-982e17a elementor-section-boxed elementor-section-height-default elementor-section-height-default\" data-id=\"982e17a\" data-element_type=\"section\">\n\t\t\t\t\t\t<div class=\"elementor-container elementor-column-gap-default\">\n\t\t\t\t\t\t\t<div class=\"elementor-row\">\n\t\t\t\t\t<div class=\"elementor-column elementor-col-50 elementor-inner-column elementor-element elementor-element-7324edc\" data-id=\"7324edc\" data-element_type=\"column\">\n\t\t\t<div class=\"elementor-column-wrap elementor-element-populated\">\n\t\t\t\t\t\t\t<div class=\"elementor-widget-wrap\">\n\t\t\t\t\t\t<div class=\"elementor-element elementor-element-7e99072 elementor-widget elementor-widget-text-editor\" data-id=\"7e99072\" data-element_type=\"widget\" data-widget_type=\"text-editor.default\">\n\t\t\t\t<div class=\"elementor-widget-container\">\n\t\t\t\t\t\t\t\t<div class=\"elementor-text-editor elementor-clearfix\">\n\t\t\t\t<p>En 2023, la comuna 5 \u2013 Castilla ser\u00e1 beneficiada con 26 obras que embellecer\u00e1n y mejorar\u00e1n sus escenarios deportivos, para que las comunidades disfruten del tiempo libre y practiquen actividad f\u00edsica. <br><\/p>\t\t\t\t\t<\/div>\n\t\t\t\t\t\t<\/div>\n\t\t\t\t<\/div>\n\t\t\t\t\t\t<\/div>\n\t\t\t\t\t<\/div>\n\t\t<\/div>\n\t\t\t\t<div class=\"elementor-column elementor-col-50 elementor-inner-column elementor-element elementor-element-d7ac47b\" data-id=\"d7ac47b\" data-element_type=\"column\">\n\t\t\t<div class=\"elementor-column-wrap elementor-element-populated\">\n\t\t\t\t\t\t\t<div class=\"elementor-widget-wrap\">\n\t\t\t\t\t\t<div class=\"elementor-element elementor-element-6332f39 elementor-widget elementor-widget-image\" data-id=\"6332f39\" data-element_type=\"widget\" data-widget_type=\"image.default\">\n\t\t\t\t<div class=\"elementor-widget-container\">\n\t\t\t\t\t\t\t\t<div class=\"elementor-image\">\n\t\t\t\t\t\t\t\t\t\t\t\t<img width=\"800\" height=\"533\" src=\"https:\/\/www.medellin.gov.co\/es\/wp-content\/uploads\/2022\/09\/Inder-5.jpg\" class=\"attachment-large size-large\" alt=\"Inder\" loading=\"lazy\" srcset=\"https:\/\/www.medellin.gov.co\/es\/wp-content\/uploads\/2022\/09\/Inder-5.jpg 800w, https:\/\/www.medellin.gov.co\/es\/wp-content\/uploads\/2022\/09\/Inder-5-300x200.jpg 300w, https:\/\/www.medellin.gov.co\/es\/wp-content\/uploads\/2022\/09\/Inder-5-150x100.jpg 150w, https:\/\/www.medellin.gov.co\/es\/wp-content\/uploads\/2022\/09\/Inder-5-768x512.jpg 768w\" sizes=\"(max-width: 800px) 100vw, 800px\" \/>\t\t\t\t\t\t\t\t\t\t\t\t\t\t<\/div>\n\t\t\t\t\t\t<\/div>\n\t\t\t\t<\/div>\n\t\t\t\t\t\t<\/div>\n\t\t\t\t\t<\/div>\n\t\t<\/div>\n\t\t\t\t\t\t\t\t<\/div>\n\t\t\t\t\t<\/div>\n\t\t<\/section>\n\t\t\t\t<div class=\"elementor-element elementor-element-5e0461d elementor-widget elementor-widget-heading\" data-id=\"5e0461d\" data-element_type=\"widget\" data-widget_type=\"heading.default\">\n\t\t\t\t<div class=\"elementor-widget-container\">\n\t\t\t<h2 class=\"elementor-heading-title elementor-size-default\"><b>Escenarios<\/b> deportivos a intervenir en la Comuna 5 - Castilla<\/h2>\t\t<\/div>\n\t\t\t\t<\/div>\n\t\t\t\t<div class=\"elementor-element elementor-element-fa4a9b8 elementor-widget elementor-widget-text-editor\" data-id=\"fa4a9b8\" data-element_type=\"widget\" data-widget_type=\"text-editor.default\">\n\t\t\t\t<div class=\"elementor-widget-container\">\n\t\t\t\t\t\t\t\t<div class=\"elementor-text-editor elementor-clearfix\">\n\t\t\t\t<p>Para conocer el detalle de cada una de las intervenciones de los escenarios, da clic sobre el nombre. Medell\u00edn est\u00e1 mejor que nunca.<\/p>\t\t\t\t\t<\/div>\n\t\t\t\t\t\t<\/div>\n\t\t\t\t<\/div>\n\t\t\t\t<div class=\"elementor-element elementor-element-0c01f35 elementor-widget elementor-widget-text-editor\" data-id=\"0c01f35\" data-element_type=\"widget\" data-widget_type=\"text-editor.default\">\n\t\t\t\t<div class=\"elementor-widget-container\">\n\t\t\t\t\t\t\t\t<div class=\"elementor-text-editor elementor-clearfix\">\n\t\t\t\t<ul><li><a href=\"https:\/\/www.medellin.gov.co\/es\/secretaria-de-comunicaciones\/obras-y-mejoramientos-de-escenarios-deportivos-de-medellin\/obras-y-mejoramientos-en-la-zona-2-de-medellin\/obras-y-mejoramientos-en-la-comuna-5-castilla\/parque-las-brisas\/\">Unidad deportiva Parque Las Brisas<\/a><\/li><li><a href=\"https:\/\/www.medellin.gov.co\/es\/secretaria-de-comunicaciones\/obras-y-mejoramientos-de-escenarios-deportivos-de-medellin\/obras-y-mejoramientos-en-la-zona-2-de-medellin\/obras-y-mejoramientos-en-la-comuna-5-castilla\/brisas-del-norte\/\">Unidad deportiva Brisas del Norte<\/a><\/li><li><a href=\"https:\/\/www.medellin.gov.co\/es\/secretaria-de-comunicaciones\/obras-y-mejoramientos-de-escenarios-deportivos-de-medellin\/obras-y-mejoramientos-en-la-zona-2-de-medellin\/obras-y-mejoramientos-en-la-comuna-5-castilla\/francisco-antonio-zea-no1\/\">Unidad deportiva Francisco Antonio Zea 1<\/a><\/li><li><a href=\"https:\/\/www.medellin.gov.co\/es\/secretaria-de-comunicaciones\/obras-y-mejoramientos-de-escenarios-deportivos-de-medellin\/obras-y-mejoramientos-en-la-zona-2-de-medellin\/obras-y-mejoramientos-en-la-comuna-5-castilla\/francisco-antonio-zea-no2\/\">Unidad deportiva Francisco Antonio Zea 2<\/a><\/li><li><a href=\"https:\/\/www.medellin.gov.co\/es\/secretaria-de-comunicaciones\/obras-y-mejoramientos-de-escenarios-deportivos-de-medellin\/obras-y-mejoramientos-en-la-zona-2-de-medellin\/obras-y-mejoramientos-en-la-comuna-5-castilla\/francisco-antonio-zea-n-3\/\">Unidad deportiva Francisco Antonio Zea 3<\/a><\/li><li><a href=\"https:\/\/www.medellin.gov.co\/es\/secretaria-de-comunicaciones\/obras-y-mejoramientos-de-escenarios-deportivos-de-medellin\/obras-y-mejoramientos-en-la-zona-2-de-medellin\/obras-y-mejoramientos-en-la-comuna-5-castilla\/tejelo\/\">Unidad deportiva Tejelo<\/a><\/li><li><a href=\"https:\/\/www.medellin.gov.co\/es\/secretaria-de-comunicaciones\/obras-y-mejoramientos-de-escenarios-deportivos-de-medellin\/obras-y-mejoramientos-en-la-zona-2-de-medellin\/obras-y-mejoramientos-en-la-comuna-5-castilla\/los-rieles\/\">Unidad deportiva Los Rieles<\/a><\/li><li><a href=\"https:\/\/www.medellin.gov.co\/es\/secretaria-de-comunicaciones\/obras-y-mejoramientos-de-escenarios-deportivos-de-medellin\/obras-y-mejoramientos-en-la-zona-2-de-medellin\/obras-y-mejoramientos-en-la-comuna-5-castilla\/tricentenario\/\">Unidad deportiva Tricentenario<\/a><\/li><li><a href=\"https:\/\/www.medellin.gov.co\/es\/secretaria-de-comunicaciones\/obras-y-mejoramientos-de-escenarios-deportivos-de-medellin\/obras-y-mejoramientos-en-la-zona-2-de-medellin\/obras-y-mejoramientos-en-la-comuna-5-castilla\/colgate-palmolive\/\">Unidad deportiva Colgate Palmolive<\/a><\/li><li><a href=\"https:\/\/www.medellin.gov.co\/es\/secretaria-de-comunicaciones\/obras-y-mejoramientos-de-escenarios-deportivos-de-medellin\/obras-y-mejoramientos-en-la-zona-2-de-medellin\/obras-y-mejoramientos-en-la-comuna-5-castilla\/unidad-deportiva-de-castilla\/\">Unidad deportiva Castilla<\/a><\/li><li><a href=\"https:\/\/www.medellin.gov.co\/es\/secretaria-de-comunicaciones\/obras-y-mejoramientos-de-escenarios-deportivos-de-medellin\/obras-y-mejoramientos-en-la-zona-2-de-medellin\/obras-y-mejoramientos-en-la-comuna-5-castilla\/gratamira\/\">Unidad deportiva Gratamira<\/a><\/li><li><a href=\"https:\/\/www.medellin.gov.co\/es\/secretaria-de-comunicaciones\/obras-y-mejoramientos-de-escenarios-deportivos-de-medellin\/obras-y-mejoramientos-en-la-zona-2-de-medellin\/obras-y-mejoramientos-en-la-comuna-5-castilla\/alfonso-lopez\/\">Unidad deportiva Alfonso L\u00f3pez<\/a><\/li><li><a href=\"https:\/\/www.medellin.gov.co\/es\/secretaria-de-comunicaciones\/obras-y-mejoramientos-de-escenarios-deportivos-de-medellin\/obras-y-mejoramientos-en-la-zona-2-de-medellin\/obras-y-mejoramientos-en-la-comuna-5-castilla\/belalcazar\/\">Unidad deportiva Belalc\u00e1zar<\/a><\/li><li><a href=\"https:\/\/www.medellin.gov.co\/es\/secretaria-de-comunicaciones\/obras-y-mejoramientos-de-escenarios-deportivos-de-medellin\/obras-y-mejoramientos-en-la-zona-2-de-medellin\/obras-y-mejoramientos-en-la-comuna-5-castilla\/uva-sin-fronteras\/\">Unidad Deportiva UVA Sin Fronteras<\/a><\/li><li><a href=\"https:\/\/www.medellin.gov.co\/es\/secretaria-de-comunicaciones\/obras-y-mejoramientos-de-escenarios-deportivos-de-medellin\/obras-y-mejoramientos-en-la-zona-2-de-medellin\/obras-y-mejoramientos-en-la-comuna-5-castilla\/plaza-colon\/\">Unidad deportiva Plaza Col\u00f3n<\/a><\/li><li><a href=\"https:\/\/www.medellin.gov.co\/es\/secretaria-de-comunicaciones\/obras-y-mejoramientos-de-escenarios-deportivos-de-medellin\/obras-y-mejoramientos-en-la-zona-2-de-medellin\/obras-y-mejoramientos-en-la-comuna-5-castilla\/girardot\/\">Unidad deportiva Girardot<\/a><\/li><li><a href=\"https:\/\/www.medellin.gov.co\/es\/secretaria-de-comunicaciones\/obras-y-mejoramientos-de-escenarios-deportivos-de-medellin\/obras-y-mejoramientos-en-la-zona-2-de-medellin\/obras-y-mejoramientos-en-la-comuna-5-castilla\/unidad-deportiva-juanes-de-la-paz\/\">Unidad deportiva Juanes de la Paz<\/a><\/li><\/ul>\t\t\t\t\t<\/div>\n\t\t\t\t\t\t<\/div>\n\t\t\t\t<\/div>\n\t\t\t\t\t\t<\/div>\n\t\t\t\t\t<\/div>\n\t\t<\/div>\n\t\t\t\t\t\t\t\t<\/div>\n\t\t\t\t\t<\/div>\n\t\t<\/section>\n\t\t\t\t<section class=\"elementor-section elementor-top-section elementor-element elementor-element-fd6831c elementor-section-boxed elementor-section-height-default elementor-section-height-default\" data-id=\"fd6831c\" data-element_type=\"section\">\n\t\t\t\t\t\t<div class=\"elementor-container elementor-column-gap-default\">\n\t\t\t\t\t\t\t<div class=\"elementor-row\">\n\t\t\t\t\t<div class=\"elementor-column elementor-col-100 elementor-top-column elementor-element elementor-element-0b07022\" data-id=\"0b07022\" data-element_type=\"column\">\n\t\t\t<div class=\"elementor-column-wrap elementor-element-populated\">\n\t\t\t\t\t\t\t<div class=\"elementor-widget-wrap\">\n\t\t\t\t\t\t<div class=\"elementor-element elementor-element-30aadcf elementor-widget elementor-widget-heading\" data-id=\"30aadcf\" data-element_type=\"widget\" data-widget_type=\"heading.default\">\n\t\t\t\t<div class=\"elementor-widget-container\">\n\t\t\t<h2 class=\"elementor-heading-title elementor-size-default\"><b>Noticias y comunicados <\/b> de los escenarios deportivos  a intervenir en la Comuna 5 - Castilla<\/h2>\t\t<\/div>\n\t\t\t\t<\/div>\n\t\t\t\t<div class=\"elementor-element elementor-element-653179d elementor-grid-1 elementor-grid-tablet-2 elementor-grid-mobile-1 elementor-widget elementor-widget-pp-faq\" data-id=\"653179d\" data-element_type=\"widget\" data-settings=\"{&quot;faq_layout&quot;:&quot;grid&quot;,&quot;columns&quot;:&quot;1&quot;,&quot;columns_tablet&quot;:&quot;2&quot;,&quot;columns_mobile&quot;:&quot;1&quot;}\" data-widget_type=\"pp-faq.default\">\n\t\t\t\t<div class=\"elementor-widget-container\">\n\t\t\t\t\t<div class=\"pp-faqs pp-faq-grid elementor-grid clearfix\">\n\t\t\t\t\t\t<div class=\"pp-faq-item-wrap elementor-grid-item pp-grid-item-wrap\">\n\t\t\t\t<div class=\"pp-faq-item pp-grid-item\">\n\t\t\t\t\t<div id=\"pp-accordion-tab-title-1061\" class=\"pp-faq-question\" tabindex=\"1061\" data-tab=\"1\">\n\t\t\t\t\t\t<div class=\"pp-accordion-title-icon\">\n\t\t\t\t\t\t\t\t\t\t\t\t\t\t\t\t\t\t\t\t\t<div class=\"pp-accordion-title-text\">\n\t\t\t\t\t\t\t\tNo paran las obras en las canchas del Parque Las Brisas, en Castilla\t\t\t\t\t\t\t<\/div>\n\t\t\t\t\t\t<\/div>\n\t\t\t\t\t\t\t\t\t\t\t<\/div>\n\n\t\t\t\t\t<div id=\"pp-accordion-tab-content-1061\" class=\"pp-faq-answer\" data-tab=\"1\">\n\t\t\t\t\t\t<p>En las Brisas hay mucho movimiento por ser zona lim\u00edtrofe de la ciudad y por ser, sin duda, cuna de deportistas que han podido formarse en algunos de los espacios deportivos que ofrece el parque de la zona, ubicado entre las calles 114 y 116 al noroccidente de la ciudad.<\/p>\n<p><a href=\"https:\/\/www.medellin.gov.co\/es\/sala-de-prensa\/noticias\/no-paran-las-obras-en-las-canchas-del-parque-las-brisas-en-castilla\/\">Contin\u00faa la lectura<\/a><\/p>\n\t\t\t\t\t<\/div>\n\t\t\t\t<\/div>\n\t\t\t<\/div>\n\t\t\t\t\t<\/div>\n\t\t\t\t<\/div>\n\t\t\t\t<\/div>\n\t\t\t\t\t\t<\/div>\n\t\t\t\t\t<\/div>\n\t\t<\/div>\n\t\t\t\t\t\t\t\t<\/div>\n\t\t\t\t\t<\/div>\n\t\t<\/section>\n\t\t\t\t\t\t\t\t\t<\/div>\n\t\t\t<\/div>\n\t\t\t\t\t<\/div>\n\t\t","protected":false},"excerpt":{"rendered":"<p>Conoce todas las obras y mejoramientos de los escenarios deportivos de la Comuna 5 &#8211; Castilla En 2023, la comuna 5 \u2013 Castilla ser\u00e1 beneficiada con 26 obras que embellecer\u00e1n y mejorar\u00e1n sus escenarios deportivos, &#8230;<\/p>\n","protected":false},"author":31,"featured_media":0,"parent":154040,"menu_order":0,"comment_status":"closed","ping_status":"closed","template":"sec-comunicaciones\/elementor.php","meta":[],"acf":[],"_links":{"self":[{"href":"https:\/\/www.medellin.gov.co\/es\/wp-json\/wp\/v2\/pages\/154261"}],"collection":[{"href":"https:\/\/www.medellin.gov.co\/es\/wp-json\/wp\/v2\/pages"}],"about":[{"href":"https:\/\/www.medellin.gov.co\/es\/wp-json\/wp\/v2\/types\/page"}],"author":[{"embeddable":true,"href":"https:\/\/www.medellin.gov.co\/es\/wp-json\/wp\/v2\/users\/31"}],"replies":[{"embeddable":true,"href":"https:\/\/www.medellin.gov.co\/es\/wp-json\/wp\/v2\/comments?post=154261"}],"version-history":[{"count":10,"href":"https:\/\/www.medellin.gov.co\/es\/wp-json\/wp\/v2\/pages\/154261\/revisions"}],"predecessor-version":[{"id":231763,"href":"https:\/\/www.medellin.gov.co\/es\/wp-json\/wp\/v2\/pages\/154261\/revisions\/231763"}],"up":[{"embeddable":true,"href":"https:\/\/www.medellin.gov.co\/es\/wp-json\/wp\/v2\/pages\/154040"}],"wp:attachment":[{"href":"https:\/\/www.medellin.gov.co\/es\/wp-json\/wp\/v2\/media?parent=154261"}],"curies":[{"name":"wp","href":"https:\/\/api.w.org\/{rel}","templated":true}]}}