{"id":154275,"date":"2023-02-06T16:30:36","date_gmt":"2023-02-06T21:30:36","guid":{"rendered":"https:\/\/www.medellin.gov.co\/es\/?page_id=154275"},"modified":"2023-08-14T06:53:53","modified_gmt":"2023-08-14T11:53:53","slug":"obras-y-mejoramientos-en-la-comuna-6-doce-de-octubre","status":"publish","type":"page","link":"https:\/\/www.medellin.gov.co\/es\/secretaria-de-comunicaciones\/obras-y-mejoramientos-de-escenarios-deportivos-de-medellin\/obras-y-mejoramientos-en-la-zona-2-de-medellin\/obras-y-mejoramientos-en-la-comuna-6-doce-de-octubre\/","title":{"rendered":"Obras y mejoramientos en la Comuna 6 &#8211; Doce de Octubre"},"content":{"rendered":"\t\t<div data-elementor-type=\"wp-page\" data-elementor-id=\"154275\" class=\"elementor elementor-154275\">\n\t\t\t\t\t\t<div class=\"elementor-inner\">\n\t\t\t\t<div class=\"elementor-section-wrap\">\n\t\t\t\t\t\t\t\t\t<section class=\"elementor-section elementor-top-section elementor-element elementor-element-248ec5d elementor-section-boxed elementor-section-height-default elementor-section-height-default\" data-id=\"248ec5d\" data-element_type=\"section\">\n\t\t\t\t\t\t<div class=\"elementor-container elementor-column-gap-default\">\n\t\t\t\t\t\t\t<div class=\"elementor-row\">\n\t\t\t\t\t<div class=\"elementor-column elementor-col-100 elementor-top-column elementor-element elementor-element-c9286db\" data-id=\"c9286db\" data-element_type=\"column\">\n\t\t\t<div class=\"elementor-column-wrap elementor-element-populated\">\n\t\t\t\t\t\t\t<div class=\"elementor-widget-wrap\">\n\t\t\t\t\t\t<div class=\"elementor-element elementor-element-2f85eb8 elementor-widget elementor-widget-heading\" data-id=\"2f85eb8\" data-element_type=\"widget\" data-widget_type=\"heading.default\">\n\t\t\t\t<div class=\"elementor-widget-container\">\n\t\t\t<h1 class=\"elementor-heading-title elementor-size-default\">Conoce todas las obras y mejoramientos de los escenarios deportivos de la Comuna 6 - Doce de Octubre<\/h1>\t\t<\/div>\n\t\t\t\t<\/div>\n\t\t\t\t<section class=\"elementor-section elementor-inner-section elementor-element elementor-element-cfd4d65 elementor-section-boxed elementor-section-height-default elementor-section-height-default\" data-id=\"cfd4d65\" data-element_type=\"section\">\n\t\t\t\t\t\t<div class=\"elementor-container elementor-column-gap-default\">\n\t\t\t\t\t\t\t<div class=\"elementor-row\">\n\t\t\t\t\t<div class=\"elementor-column elementor-col-50 elementor-inner-column elementor-element elementor-element-c443f24\" data-id=\"c443f24\" data-element_type=\"column\">\n\t\t\t<div class=\"elementor-column-wrap elementor-element-populated\">\n\t\t\t\t\t\t\t<div class=\"elementor-widget-wrap\">\n\t\t\t\t\t\t<div class=\"elementor-element elementor-element-8babfb0 elementor-widget elementor-widget-text-editor\" data-id=\"8babfb0\" data-element_type=\"widget\" data-widget_type=\"text-editor.default\">\n\t\t\t\t<div class=\"elementor-widget-container\">\n\t\t\t\t\t\t\t\t<div class=\"elementor-text-editor elementor-clearfix\">\n\t\t\t\t<p>En 2023, la comuna 6 \u2013 Doce de Octubre ser\u00e1 beneficiada con 22 obras que embellecer\u00e1n y mejorar\u00e1n sus escenarios deportivos, para que las comunidades disfruten del tiempo libre y practiquen actividad f\u00edsica.<\/p>\t\t\t\t\t<\/div>\n\t\t\t\t\t\t<\/div>\n\t\t\t\t<\/div>\n\t\t\t\t\t\t<\/div>\n\t\t\t\t\t<\/div>\n\t\t<\/div>\n\t\t\t\t<div class=\"elementor-column elementor-col-50 elementor-inner-column elementor-element elementor-element-d666533\" data-id=\"d666533\" data-element_type=\"column\">\n\t\t\t<div class=\"elementor-column-wrap elementor-element-populated\">\n\t\t\t\t\t\t\t<div class=\"elementor-widget-wrap\">\n\t\t\t\t\t\t<div class=\"elementor-element elementor-element-bfdf53c elementor-widget elementor-widget-image\" data-id=\"bfdf53c\" data-element_type=\"widget\" data-widget_type=\"image.default\">\n\t\t\t\t<div class=\"elementor-widget-container\">\n\t\t\t\t\t\t\t\t<div class=\"elementor-image\">\n\t\t\t\t\t\t\t\t\t\t\t\t<img width=\"800\" height=\"533\" src=\"https:\/\/www.medellin.gov.co\/es\/wp-content\/uploads\/2022\/09\/Inder-5.jpg\" class=\"attachment-large size-large\" alt=\"Inder\" loading=\"lazy\" srcset=\"https:\/\/www.medellin.gov.co\/es\/wp-content\/uploads\/2022\/09\/Inder-5.jpg 800w, https:\/\/www.medellin.gov.co\/es\/wp-content\/uploads\/2022\/09\/Inder-5-300x200.jpg 300w, https:\/\/www.medellin.gov.co\/es\/wp-content\/uploads\/2022\/09\/Inder-5-150x100.jpg 150w, https:\/\/www.medellin.gov.co\/es\/wp-content\/uploads\/2022\/09\/Inder-5-768x512.jpg 768w\" sizes=\"(max-width: 800px) 100vw, 800px\" \/>\t\t\t\t\t\t\t\t\t\t\t\t\t\t<\/div>\n\t\t\t\t\t\t<\/div>\n\t\t\t\t<\/div>\n\t\t\t\t\t\t<\/div>\n\t\t\t\t\t<\/div>\n\t\t<\/div>\n\t\t\t\t\t\t\t\t<\/div>\n\t\t\t\t\t<\/div>\n\t\t<\/section>\n\t\t\t\t<div class=\"elementor-element elementor-element-999237e elementor-widget elementor-widget-heading\" data-id=\"999237e\" data-element_type=\"widget\" data-widget_type=\"heading.default\">\n\t\t\t\t<div class=\"elementor-widget-container\">\n\t\t\t<h2 class=\"elementor-heading-title elementor-size-default\"><b>Escenarios<\/b> deportivos a intervenir en la Comuna 6 - Doce de Octubre<\/h2>\t\t<\/div>\n\t\t\t\t<\/div>\n\t\t\t\t<div class=\"elementor-element elementor-element-3f846e3 elementor-widget elementor-widget-text-editor\" data-id=\"3f846e3\" data-element_type=\"widget\" data-widget_type=\"text-editor.default\">\n\t\t\t\t<div class=\"elementor-widget-container\">\n\t\t\t\t\t\t\t\t<div class=\"elementor-text-editor elementor-clearfix\">\n\t\t\t\t<p>Para conocer el detalle de cada una de las intervenciones de los escenarios, da clic sobre el nombre. Medell\u00edn est\u00e1 mejor que nunca.<\/p>\t\t\t\t\t<\/div>\n\t\t\t\t\t\t<\/div>\n\t\t\t\t<\/div>\n\t\t\t\t<div class=\"elementor-element elementor-element-b329a82 elementor-widget elementor-widget-text-editor\" data-id=\"b329a82\" data-element_type=\"widget\" data-widget_type=\"text-editor.default\">\n\t\t\t\t<div class=\"elementor-widget-container\">\n\t\t\t\t\t\t\t\t<div class=\"elementor-text-editor elementor-clearfix\">\n\t\t\t\t<ul><li><a href=\"https:\/\/www.medellin.gov.co\/es\/secretaria-de-comunicaciones\/obras-y-mejoramientos-de-escenarios-deportivos-de-medellin\/obras-y-mejoramientos-en-la-zona-2-de-medellin\/obras-y-mejoramientos-en-la-comuna-6-doce-de-octubre\/desarrollo-deportivo-integral-la-tinajita\/\">Desarrollo deportivo integral La Tinajita<\/a><\/li><li><a href=\"https:\/\/www.medellin.gov.co\/es\/secretaria-de-comunicaciones\/obras-y-mejoramientos-de-escenarios-deportivos-de-medellin\/obras-y-mejoramientos-en-la-zona-2-de-medellin\/obras-y-mejoramientos-en-la-comuna-6-doce-de-octubre\/desarrollo-deportivo-integral-el-progreso\/\">Desarrollo deportivo integral El Progreso<\/a><\/li><li><a href=\"https:\/\/www.medellin.gov.co\/es\/secretaria-de-comunicaciones\/obras-y-mejoramientos-de-escenarios-deportivos-de-medellin\/obras-y-mejoramientos-en-la-zona-2-de-medellin\/obras-y-mejoramientos-en-la-comuna-6-doce-de-octubre\/doce-de-octubre-los-mangos\/\">Unidad deportiva Doce de Octubre Los Mangos<\/a><\/li><li><a href=\"https:\/\/www.medellin.gov.co\/es\/secretaria-de-comunicaciones\/obras-y-mejoramientos-de-escenarios-deportivos-de-medellin\/obras-y-mejoramientos-en-la-zona-2-de-medellin\/obras-y-mejoramientos-en-la-comuna-6-doce-de-octubre\/la-maracana\/\">Unidad deportiva La Maracan\u00e1<\/a><\/li><li><a href=\"https:\/\/www.medellin.gov.co\/es\/secretaria-de-comunicaciones\/obras-y-mejoramientos-de-escenarios-deportivos-de-medellin\/obras-y-mejoramientos-en-la-zona-2-de-medellin\/obras-y-mejoramientos-en-la-comuna-6-doce-de-octubre\/los-sauces\/\">Unidad deportiva Los Sauces<\/a><\/li><li><a href=\"https:\/\/www.medellin.gov.co\/es\/secretaria-de-comunicaciones\/obras-y-mejoramientos-de-escenarios-deportivos-de-medellin\/obras-y-mejoramientos-en-la-zona-2-de-medellin\/obras-y-mejoramientos-en-la-comuna-6-doce-de-octubre\/pedregal-maria-auxiliadora\/\">Unidad deportiva Pedregal Mar\u00eda Auxiliadora<\/a><\/li><li><a href=\"https:\/\/www.medellin.gov.co\/es\/secretaria-de-comunicaciones\/obras-y-mejoramientos-de-escenarios-deportivos-de-medellin\/obras-y-mejoramientos-en-la-zona-2-de-medellin\/obras-y-mejoramientos-en-la-comuna-6-doce-de-octubre\/doce-de-octubre\/\">Unidad deportiva Doce de Octubre<\/a><\/li><li>Unidad deportiva La Ucrania<\/li><li><a href=\"https:\/\/www.medellin.gov.co\/es\/secretaria-de-comunicaciones\/obras-y-mejoramientos-de-escenarios-deportivos-de-medellin\/obras-y-mejoramientos-en-la-zona-2-de-medellin\/obras-y-mejoramientos-en-la-comuna-6-doce-de-octubre\/leon-de-greiff\/\">Unidad deportiva Le\u00f3n de Greiff<\/a><\/li><li><a href=\"https:\/\/www.medellin.gov.co\/es\/secretaria-de-comunicaciones\/obras-y-mejoramientos-de-escenarios-deportivos-de-medellin\/obras-y-mejoramientos-en-la-zona-2-de-medellin\/obras-y-mejoramientos-en-la-comuna-6-doce-de-octubre\/zona-30\/\">Unidad deportiva Zona 30<\/a><\/li><li><a href=\"https:\/\/www.medellin.gov.co\/es\/secretaria-de-comunicaciones\/obras-y-mejoramientos-de-escenarios-deportivos-de-medellin\/obras-y-mejoramientos-en-la-zona-2-de-medellin\/obras-y-mejoramientos-en-la-comuna-6-doce-de-octubre\/la-torre-2\/\">Unidad deportiva La Torre<\/a><\/li><li><a href=\"https:\/\/www.medellin.gov.co\/es\/secretaria-de-comunicaciones\/obras-y-mejoramientos-de-escenarios-deportivos-de-medellin\/obras-y-mejoramientos-en-la-zona-2-de-medellin\/obras-y-mejoramientos-en-la-comuna-6-doce-de-octubre\/la-raza\/\">Unidad deportiva La Raza<\/a><\/li><li><a href=\"https:\/\/www.medellin.gov.co\/es\/secretaria-de-comunicaciones\/obras-y-mejoramientos-de-escenarios-deportivos-de-medellin\/obras-y-mejoramientos-en-la-zona-2-de-medellin\/obras-y-mejoramientos-en-la-comuna-6-doce-de-octubre\/la-minita\/\">Unidad deportiva La Minita<\/a><\/li><\/ul>\t\t\t\t\t<\/div>\n\t\t\t\t\t\t<\/div>\n\t\t\t\t<\/div>\n\t\t\t\t\t\t<\/div>\n\t\t\t\t\t<\/div>\n\t\t<\/div>\n\t\t\t\t\t\t\t\t<\/div>\n\t\t\t\t\t<\/div>\n\t\t<\/section>\n\t\t\t\t<section class=\"elementor-section elementor-top-section elementor-element elementor-element-69598d0 elementor-section-boxed elementor-section-height-default elementor-section-height-default\" data-id=\"69598d0\" data-element_type=\"section\">\n\t\t\t\t\t\t<div class=\"elementor-container elementor-column-gap-default\">\n\t\t\t\t\t\t\t<div class=\"elementor-row\">\n\t\t\t\t\t<div class=\"elementor-column elementor-col-100 elementor-top-column elementor-element elementor-element-2c67c67\" data-id=\"2c67c67\" data-element_type=\"column\">\n\t\t\t<div class=\"elementor-column-wrap elementor-element-populated\">\n\t\t\t\t\t\t\t<div class=\"elementor-widget-wrap\">\n\t\t\t\t\t\t<div class=\"elementor-element elementor-element-25af2ac elementor-widget elementor-widget-heading\" data-id=\"25af2ac\" data-element_type=\"widget\" data-widget_type=\"heading.default\">\n\t\t\t\t<div class=\"elementor-widget-container\">\n\t\t\t<h2 class=\"elementor-heading-title elementor-size-default\"><b>Noticias y comunicados <\/b> de los escenarios deportivos  a intervenir en la Comuna 6 - Doce de Octubre<\/h2>\t\t<\/div>\n\t\t\t\t<\/div>\n\t\t\t\t<div class=\"elementor-element elementor-element-1cfdc42 elementor-grid-1 elementor-grid-tablet-2 elementor-grid-mobile-1 elementor-widget elementor-widget-pp-faq\" data-id=\"1cfdc42\" data-element_type=\"widget\" data-settings=\"{&quot;faq_layout&quot;:&quot;grid&quot;,&quot;columns&quot;:&quot;1&quot;,&quot;columns_tablet&quot;:&quot;2&quot;,&quot;columns_mobile&quot;:&quot;1&quot;}\" data-widget_type=\"pp-faq.default\">\n\t\t\t\t<div class=\"elementor-widget-container\">\n\t\t\t\t\t<div class=\"pp-faqs pp-faq-grid elementor-grid clearfix\">\n\t\t\t\t\t\t<div class=\"pp-faq-item-wrap elementor-grid-item pp-grid-item-wrap\">\n\t\t\t\t<div class=\"pp-faq-item pp-grid-item\">\n\t\t\t\t\t<div id=\"pp-accordion-tab-title-3031\" class=\"pp-faq-question\" tabindex=\"3031\" data-tab=\"1\">\n\t\t\t\t\t\t<div class=\"pp-accordion-title-icon\">\n\t\t\t\t\t\t\t\t\t\t\t\t\t\t\t\t\t\t\t\t\t<div class=\"pp-accordion-title-text\">\n\t\t\t\t\t\t\t\tCon \u00e9xito avanza la recuperaci\u00f3n de la cancha de f\u00fatbol en grama sint\u00e9tica La Tinajita\t\t\t\t\t\t\t<\/div>\n\t\t\t\t\t\t<\/div>\n\t\t\t\t\t\t\t\t\t\t\t<\/div>\n\n\t\t\t\t\t<div id=\"pp-accordion-tab-content-3031\" class=\"pp-faq-answer\" data-tab=\"1\">\n\t\t\t\t\t\t<p>En la cancha de grama sint\u00e9tica mensualmente unas 640 personas, algunas de ellas pertenecientes a clubes deportivos, entrenan y disfrutan de grandes torneos como lo son: Asobdim, Torneo Intercolonias, Torneo Barrial, Liga Antioque\u00f1a de F\u00fatbol , Baby F\u00fatbol y Copa Atl\u00e9tico Nacional.<\/p>\n<p><a href=\"https:\/\/www.medellin.gov.co\/es\/sala-de-prensa\/noticias\/con-exito-avanza-la-recuperacion-de-la-cancha-de-futbol-en-grama-sintetica-la-tinajita\/\">Contin\u00faa la lectura<\/a><\/p>\n\t\t\t\t\t<\/div>\n\t\t\t\t<\/div>\n\t\t\t<\/div>\n\t\t\t\t\t<\/div>\n\t\t\t\t<\/div>\n\t\t\t\t<\/div>\n\t\t\t\t\t\t<\/div>\n\t\t\t\t\t<\/div>\n\t\t<\/div>\n\t\t\t\t\t\t\t\t<\/div>\n\t\t\t\t\t<\/div>\n\t\t<\/section>\n\t\t\t\t\t\t\t\t\t<\/div>\n\t\t\t<\/div>\n\t\t\t\t\t<\/div>\n\t\t","protected":false},"excerpt":{"rendered":"<p>Conoce todas las obras y mejoramientos de los escenarios deportivos de la Comuna 6 &#8211; Doce de Octubre En 2023, la comuna 6 \u2013 Doce de Octubre ser\u00e1 beneficiada con 22 obras que embellecer\u00e1n y &#8230;<\/p>\n","protected":false},"author":31,"featured_media":0,"parent":154040,"menu_order":0,"comment_status":"closed","ping_status":"closed","template":"sec-comunicaciones\/elementor.php","meta":[],"acf":[],"_links":{"self":[{"href":"https:\/\/www.medellin.gov.co\/es\/wp-json\/wp\/v2\/pages\/154275"}],"collection":[{"href":"https:\/\/www.medellin.gov.co\/es\/wp-json\/wp\/v2\/pages"}],"about":[{"href":"https:\/\/www.medellin.gov.co\/es\/wp-json\/wp\/v2\/types\/page"}],"author":[{"embeddable":true,"href":"https:\/\/www.medellin.gov.co\/es\/wp-json\/wp\/v2\/users\/31"}],"replies":[{"embeddable":true,"href":"https:\/\/www.medellin.gov.co\/es\/wp-json\/wp\/v2\/comments?post=154275"}],"version-history":[{"count":10,"href":"https:\/\/www.medellin.gov.co\/es\/wp-json\/wp\/v2\/pages\/154275\/revisions"}],"predecessor-version":[{"id":231772,"href":"https:\/\/www.medellin.gov.co\/es\/wp-json\/wp\/v2\/pages\/154275\/revisions\/231772"}],"up":[{"embeddable":true,"href":"https:\/\/www.medellin.gov.co\/es\/wp-json\/wp\/v2\/pages\/154040"}],"wp:attachment":[{"href":"https:\/\/www.medellin.gov.co\/es\/wp-json\/wp\/v2\/media?parent=154275"}],"curies":[{"name":"wp","href":"https:\/\/api.w.org\/{rel}","templated":true}]}}