{"id":154400,"date":"2023-02-06T17:04:42","date_gmt":"2023-02-06T22:04:42","guid":{"rendered":"https:\/\/www.medellin.gov.co\/es\/?page_id=154400"},"modified":"2023-08-14T06:59:03","modified_gmt":"2023-08-14T11:59:03","slug":"obras-y-mejoramientos-en-la-comuna-13-san-javier","status":"publish","type":"page","link":"https:\/\/www.medellin.gov.co\/es\/secretaria-de-comunicaciones\/obras-y-mejoramientos-de-escenarios-deportivos-de-medellin\/obras-y-mejoramientos-en-la-zona-4-de-medellin\/obras-y-mejoramientos-en-la-comuna-13-san-javier\/","title":{"rendered":"Obras y mejoramientos en la Comuna 13 &#8211; San Javier"},"content":{"rendered":"\t\t<div data-elementor-type=\"wp-page\" data-elementor-id=\"154400\" class=\"elementor elementor-154400\">\n\t\t\t\t\t\t<div class=\"elementor-inner\">\n\t\t\t\t<div class=\"elementor-section-wrap\">\n\t\t\t\t\t\t\t\t\t<section class=\"elementor-section elementor-top-section elementor-element elementor-element-bd824f1 elementor-section-boxed elementor-section-height-default elementor-section-height-default\" data-id=\"bd824f1\" data-element_type=\"section\">\n\t\t\t\t\t\t<div class=\"elementor-container elementor-column-gap-default\">\n\t\t\t\t\t\t\t<div class=\"elementor-row\">\n\t\t\t\t\t<div class=\"elementor-column elementor-col-100 elementor-top-column elementor-element elementor-element-757e2c4\" data-id=\"757e2c4\" data-element_type=\"column\">\n\t\t\t<div class=\"elementor-column-wrap elementor-element-populated\">\n\t\t\t\t\t\t\t<div class=\"elementor-widget-wrap\">\n\t\t\t\t\t\t<div class=\"elementor-element elementor-element-135d0db elementor-widget elementor-widget-heading\" data-id=\"135d0db\" data-element_type=\"widget\" data-widget_type=\"heading.default\">\n\t\t\t\t<div class=\"elementor-widget-container\">\n\t\t\t<h1 class=\"elementor-heading-title elementor-size-default\">Conoce todas las obras y mejoramientos de los escenarios deportivos de la Comuna 13 - San Javier<\/h1>\t\t<\/div>\n\t\t\t\t<\/div>\n\t\t\t\t<section class=\"elementor-section elementor-inner-section elementor-element elementor-element-cd69275 elementor-section-boxed elementor-section-height-default elementor-section-height-default\" data-id=\"cd69275\" data-element_type=\"section\">\n\t\t\t\t\t\t<div class=\"elementor-container elementor-column-gap-default\">\n\t\t\t\t\t\t\t<div class=\"elementor-row\">\n\t\t\t\t\t<div class=\"elementor-column elementor-col-50 elementor-inner-column elementor-element elementor-element-c7b3ec3\" data-id=\"c7b3ec3\" data-element_type=\"column\">\n\t\t\t<div class=\"elementor-column-wrap elementor-element-populated\">\n\t\t\t\t\t\t\t<div class=\"elementor-widget-wrap\">\n\t\t\t\t\t\t<div class=\"elementor-element elementor-element-d5b621b elementor-widget elementor-widget-text-editor\" data-id=\"d5b621b\" data-element_type=\"widget\" data-widget_type=\"text-editor.default\">\n\t\t\t\t<div class=\"elementor-widget-container\">\n\t\t\t\t\t\t\t\t<div class=\"elementor-text-editor elementor-clearfix\">\n\t\t\t\t<p>En 2023, la comuna 13 \u2013 San Javier ser\u00e1 beneficiada con 21 obras que embellecer\u00e1n y mejorar\u00e1n sus escenarios deportivos, para que las comunidades disfruten del tiempo libre y practiquen actividad f\u00edsica.<\/p>\t\t\t\t\t<\/div>\n\t\t\t\t\t\t<\/div>\n\t\t\t\t<\/div>\n\t\t\t\t\t\t<\/div>\n\t\t\t\t\t<\/div>\n\t\t<\/div>\n\t\t\t\t<div class=\"elementor-column elementor-col-50 elementor-inner-column elementor-element elementor-element-21dba86\" data-id=\"21dba86\" data-element_type=\"column\">\n\t\t\t<div class=\"elementor-column-wrap elementor-element-populated\">\n\t\t\t\t\t\t\t<div class=\"elementor-widget-wrap\">\n\t\t\t\t\t\t<div class=\"elementor-element elementor-element-d1b6bc4 elementor-widget elementor-widget-image\" data-id=\"d1b6bc4\" data-element_type=\"widget\" data-widget_type=\"image.default\">\n\t\t\t\t<div class=\"elementor-widget-container\">\n\t\t\t\t\t\t\t\t<div class=\"elementor-image\">\n\t\t\t\t\t\t\t\t\t\t\t\t<img width=\"800\" height=\"533\" src=\"https:\/\/www.medellin.gov.co\/es\/wp-content\/uploads\/2022\/09\/Inder-5.jpg\" class=\"attachment-large size-large\" alt=\"Inder\" loading=\"lazy\" srcset=\"https:\/\/www.medellin.gov.co\/es\/wp-content\/uploads\/2022\/09\/Inder-5.jpg 800w, https:\/\/www.medellin.gov.co\/es\/wp-content\/uploads\/2022\/09\/Inder-5-300x200.jpg 300w, https:\/\/www.medellin.gov.co\/es\/wp-content\/uploads\/2022\/09\/Inder-5-150x100.jpg 150w, https:\/\/www.medellin.gov.co\/es\/wp-content\/uploads\/2022\/09\/Inder-5-768x512.jpg 768w\" sizes=\"(max-width: 800px) 100vw, 800px\" \/>\t\t\t\t\t\t\t\t\t\t\t\t\t\t<\/div>\n\t\t\t\t\t\t<\/div>\n\t\t\t\t<\/div>\n\t\t\t\t\t\t<\/div>\n\t\t\t\t\t<\/div>\n\t\t<\/div>\n\t\t\t\t\t\t\t\t<\/div>\n\t\t\t\t\t<\/div>\n\t\t<\/section>\n\t\t\t\t<div class=\"elementor-element elementor-element-415d936 elementor-widget elementor-widget-heading\" data-id=\"415d936\" data-element_type=\"widget\" data-widget_type=\"heading.default\">\n\t\t\t\t<div class=\"elementor-widget-container\">\n\t\t\t<h2 class=\"elementor-heading-title elementor-size-default\"><b>Escenarios<\/b> deportivos a intervenir en la Comuna 13 - San Javier<\/h2>\t\t<\/div>\n\t\t\t\t<\/div>\n\t\t\t\t<div class=\"elementor-element elementor-element-f6d6b6c elementor-widget elementor-widget-text-editor\" data-id=\"f6d6b6c\" data-element_type=\"widget\" data-widget_type=\"text-editor.default\">\n\t\t\t\t<div class=\"elementor-widget-container\">\n\t\t\t\t\t\t\t\t<div class=\"elementor-text-editor elementor-clearfix\">\n\t\t\t\t<p>Para conocer el detalle de cada una de las intervenciones de los escenarios, da clic sobre el nombre. Medell\u00edn est\u00e1 mejor que nunca.<\/p>\t\t\t\t\t<\/div>\n\t\t\t\t\t\t<\/div>\n\t\t\t\t<\/div>\n\t\t\t\t<div class=\"elementor-element elementor-element-5423d3c elementor-widget elementor-widget-text-editor\" data-id=\"5423d3c\" data-element_type=\"widget\" data-widget_type=\"text-editor.default\">\n\t\t\t\t<div class=\"elementor-widget-container\">\n\t\t\t\t\t\t\t\t<div class=\"elementor-text-editor elementor-clearfix\">\n\t\t\t\t<ul><li><a href=\"https:\/\/www.medellin.gov.co\/es\/secretaria-de-comunicaciones\/obras-y-mejoramientos-de-escenarios-deportivos-de-medellin\/obras-y-mejoramientos-en-la-zona-4-de-medellin\/obras-y-mejoramientos-en-la-comuna-13-san-javier\/cancha-de-futbol-en-arenilla-blanquizal\/\">Cancha de f\u00fatbol en arenilla Blanquizal<\/a><\/li><li><a href=\"https:\/\/www.medellin.gov.co\/es\/secretaria-de-comunicaciones\/obras-y-mejoramientos-de-escenarios-deportivos-de-medellin\/obras-y-mejoramientos-en-la-zona-4-de-medellin\/obras-y-mejoramientos-en-la-comuna-13-san-javier\/altos-de-san-juan\/\">Unidad deportiva Altos de San Juan<\/a><\/li><li><a href=\"https:\/\/www.medellin.gov.co\/es\/secretaria-de-comunicaciones\/obras-y-mejoramientos-de-escenarios-deportivos-de-medellin\/obras-y-mejoramientos-en-la-zona-4-de-medellin\/obras-y-mejoramientos-en-la-comuna-13-san-javier\/el-pesebre\/\">Unidad deportiva El Pesebre<\/a><\/li><li><a href=\"https:\/\/www.medellin.gov.co\/es\/secretaria-de-comunicaciones\/obras-y-mejoramientos-de-escenarios-deportivos-de-medellin\/obras-y-mejoramientos-en-la-zona-4-de-medellin\/obras-y-mejoramientos-en-la-comuna-13-san-javier\/el-salado-las-independencias\/\">Unidad deportiva El Salado Las Independencias<\/a><\/li><li><a href=\"https:\/\/www.medellin.gov.co\/es\/secretaria-de-comunicaciones\/obras-y-mejoramientos-de-escenarios-deportivos-de-medellin\/obras-y-mejoramientos-en-la-zona-4-de-medellin\/obras-y-mejoramientos-en-la-comuna-13-san-javier\/metropolitano\/\">Unidad deportiva Metropolitano<\/a><\/li><li><a href=\"https:\/\/www.medellin.gov.co\/es\/secretaria-de-comunicaciones\/obras-y-mejoramientos-de-escenarios-deportivos-de-medellin\/obras-y-mejoramientos-en-la-zona-4-de-medellin\/obras-y-mejoramientos-en-la-comuna-13-san-javier\/santa-rosa-de-lima\/\">Unidad deportiva Santa Rosa de Lima<\/a><\/li><li><a href=\"https:\/\/www.medellin.gov.co\/es\/secretaria-de-comunicaciones\/obras-y-mejoramientos-de-escenarios-deportivos-de-medellin\/obras-y-mejoramientos-en-la-zona-4-de-medellin\/obras-y-mejoramientos-en-la-comuna-13-san-javier\/quintas-de-san-javier\/\">Unidad deportiva Quintas de San Javier<\/a><\/li><li><a href=\"https:\/\/www.medellin.gov.co\/es\/secretaria-de-comunicaciones\/obras-y-mejoramientos-de-escenarios-deportivos-de-medellin\/obras-y-mejoramientos-en-la-zona-4-de-medellin\/obras-y-mejoramientos-en-la-comuna-13-san-javier\/betania-belencito\/\">Unidad deportiva Betania Belencito\u00a0<\/a><\/li><li><a href=\"https:\/\/www.medellin.gov.co\/es\/secretaria-de-comunicaciones\/obras-y-mejoramientos-de-escenarios-deportivos-de-medellin\/obras-y-mejoramientos-en-la-zona-4-de-medellin\/obras-y-mejoramientos-en-la-comuna-13-san-javier\/torremontana\/\">Unidad deportiva Torremontana<\/a><\/li><li><a href=\"https:\/\/www.medellin.gov.co\/es\/secretaria-de-comunicaciones\/obras-y-mejoramientos-de-escenarios-deportivos-de-medellin\/obras-y-mejoramientos-en-la-zona-4-de-medellin\/obras-y-mejoramientos-en-la-comuna-13-san-javier\/altos-de-la-virgen\/\">Unidad deportiva Altos de la Virgen<\/a><\/li><li><a href=\"https:\/\/www.medellin.gov.co\/es\/secretaria-de-comunicaciones\/obras-y-mejoramientos-de-escenarios-deportivos-de-medellin\/obras-y-mejoramientos-en-la-zona-4-de-medellin\/obras-y-mejoramientos-en-la-comuna-13-san-javier\/nuevos-conquistadores\/\">Unidad deportiva Nuevos Conquistadores<\/a><\/li><li><a href=\"https:\/\/www.medellin.gov.co\/es\/secretaria-de-comunicaciones\/obras-y-mejoramientos-de-escenarios-deportivos-de-medellin\/obras-y-mejoramientos-en-la-zona-4-de-medellin\/obras-y-mejoramientos-en-la-comuna-13-san-javier\/desarrollo-deportivo-integral-el-salado\/\">Desarrollo deportivo integral El Salado<\/a><\/li><li><a href=\"https:\/\/www.medellin.gov.co\/es\/secretaria-de-comunicaciones\/obras-y-mejoramientos-de-escenarios-deportivos-de-medellin\/obras-y-mejoramientos-en-la-zona-4-de-medellin\/obras-y-mejoramientos-en-la-comuna-13-san-javier\/desarrollo-deportivo-integral-el-socorro\/\">Desarrollo deportivo integral El Socorro<\/a><\/li><li><a href=\"https:\/\/www.medellin.gov.co\/es\/secretaria-de-comunicaciones\/obras-y-mejoramientos-de-escenarios-deportivos-de-medellin\/obras-y-mejoramientos-en-la-zona-4-de-medellin\/obras-y-mejoramientos-en-la-comuna-13-san-javier\/desarrollo-deportivo-integral-antonio-narino\/\">Desarrollo deportivo integral Antonio Nari\u00f1o<\/a><\/li><\/ul>\t\t\t\t\t<\/div>\n\t\t\t\t\t\t<\/div>\n\t\t\t\t<\/div>\n\t\t\t\t\t\t<\/div>\n\t\t\t\t\t<\/div>\n\t\t<\/div>\n\t\t\t\t\t\t\t\t<\/div>\n\t\t\t\t\t<\/div>\n\t\t<\/section>\n\t\t\t\t<section class=\"elementor-section elementor-top-section elementor-element elementor-element-1b5ed68 elementor-section-boxed elementor-section-height-default elementor-section-height-default\" data-id=\"1b5ed68\" data-element_type=\"section\">\n\t\t\t\t\t\t<div class=\"elementor-container elementor-column-gap-default\">\n\t\t\t\t\t\t\t<div class=\"elementor-row\">\n\t\t\t\t\t<div class=\"elementor-column elementor-col-100 elementor-top-column elementor-element elementor-element-9b8dabc\" data-id=\"9b8dabc\" data-element_type=\"column\">\n\t\t\t<div class=\"elementor-column-wrap elementor-element-populated\">\n\t\t\t\t\t\t\t<div class=\"elementor-widget-wrap\">\n\t\t\t\t\t\t<div class=\"elementor-element elementor-element-ea1840d elementor-widget elementor-widget-heading\" data-id=\"ea1840d\" data-element_type=\"widget\" data-widget_type=\"heading.default\">\n\t\t\t\t<div class=\"elementor-widget-container\">\n\t\t\t<h2 class=\"elementor-heading-title elementor-size-default\"><b>Noticias y comunicados <\/b> de los escenarios deportivos  a intervenir en la Comuna 13 - San Javier<\/h2>\t\t<\/div>\n\t\t\t\t<\/div>\n\t\t\t\t<div class=\"elementor-element elementor-element-75377b5 elementor-widget elementor-widget-pp-faq\" data-id=\"75377b5\" data-element_type=\"widget\" data-settings=\"{&quot;faq_layout&quot;:&quot;accordion&quot;,&quot;accordion_type&quot;:&quot;accordion&quot;,&quot;toggle_speed&quot;:300}\" data-widget_type=\"pp-faq.default\">\n\t\t\t\t<div class=\"elementor-widget-container\">\n\t\t\t\t\t<div class=\"pp-faqs pp-advanced-accordion pp-toggle-icon-align-left\" id=\"pp-advanced-accordion-75377b5\" data-accordion-id=\"75377b5\">\n\t\t\t\t\t\t<div class=\"pp-faq-item-wrap elementor-grid-item\">\n\t\t\t\t<div class=\"pp-faq-item pp-accordion-item\">\n\t\t\t\t\t<div id=\"pp-accordion-tab-title-1221\" class=\"pp-faq-question pp-accordion-tab-title\" tabindex=\"1221\" data-tab=\"1\">\n\t\t\t\t\t\t<div class=\"pp-accordion-title-icon\">\n\t\t\t\t\t\t\t\t\t\t\t\t\t\t\t\t\t\t\t\t\t<div class=\"pp-accordion-title-text\">\n\t\t\t\t\t\t\t\tBlanquizal tendr\u00e1 una mejor cancha en pr\u00f3ximos meses\t\t\t\t\t\t\t<\/div>\n\t\t\t\t\t\t<\/div>\n\t\t\t\t\t\t\t\t\t\t\t\t\t<div class=\"pp-accordion-toggle-icon\">\n\t\t\t\t\t\t\t\t\t\t\t\t\t\t\t\t\t<span class='pp-accordion-toggle-icon-close pp-icon'>\n\t\t\t\t\t\t\t\t\t\t<i aria-hidden=\"true\" class=\"fas fa-plus\"><\/i>\t\t\t\t\t\t\t\t\t<\/span>\n\t\t\t\t\t\t\t\t\t\t\t\t\t\t\t\t\t\t\t\t\t\t\t\t\t<span class='pp-accordion-toggle-icon-open pp-icon'>\n\t\t\t\t\t\t\t\t\t\t<i aria-hidden=\"true\" class=\"fas fa-minus\"><\/i>\t\t\t\t\t\t\t\t\t<\/span>\n\t\t\t\t\t\t\t\t\t\t\t\t\t\t\t<\/div>\n\t\t\t\t\t\t\t\t\t\t\t<\/div>\n\n\t\t\t\t\t<div id=\"pp-accordion-tab-content-1221\" class=\"pp-faq-answer pp-accordion-tab-content\" data-tab=\"1\">\n\t\t\t\t\t\t<p>Blanquizal, con m\u00e1s de 100 a\u00f1os de historia, es uno de los 21 barrios de la Comuna 13, al occidente de Medell\u00edn. Limita con el Pesebre, Olaya, Calasanz, la Quebrada La Iguan\u00e1, entre otras zonas y afluentes.<\/p>\n<p><a href=\"https:\/\/www.medellin.gov.co\/es\/sala-de-prensa\/noticias\/blanquizal-tendra-una-mejor-cancha-en-proximos-meses\/\">Contin\u00faa la lectura<\/a><\/p>\n\t\t\t\t\t<\/div>\n\t\t\t\t<\/div>\n\t\t\t<\/div>\n\t\t\t\t\t<\/div>\n\t\t\t\t<\/div>\n\t\t\t\t<\/div>\n\t\t\t\t\t\t<\/div>\n\t\t\t\t\t<\/div>\n\t\t<\/div>\n\t\t\t\t\t\t\t\t<\/div>\n\t\t\t\t\t<\/div>\n\t\t<\/section>\n\t\t\t\t\t\t\t\t\t<\/div>\n\t\t\t<\/div>\n\t\t\t\t\t<\/div>\n\t\t","protected":false},"excerpt":{"rendered":"<p>Conoce todas las obras y mejoramientos de los escenarios deportivos de la Comuna 13 &#8211; San Javier En 2023, la comuna 13 \u2013 San Javier ser\u00e1 beneficiada con 21 obras que embellecer\u00e1n y mejorar\u00e1n sus &#8230;<\/p>\n","protected":false},"author":31,"featured_media":0,"parent":154085,"menu_order":0,"comment_status":"closed","ping_status":"closed","template":"sec-comunicaciones\/elementor.php","meta":[],"acf":[],"_links":{"self":[{"href":"https:\/\/www.medellin.gov.co\/es\/wp-json\/wp\/v2\/pages\/154400"}],"collection":[{"href":"https:\/\/www.medellin.gov.co\/es\/wp-json\/wp\/v2\/pages"}],"about":[{"href":"https:\/\/www.medellin.gov.co\/es\/wp-json\/wp\/v2\/types\/page"}],"author":[{"embeddable":true,"href":"https:\/\/www.medellin.gov.co\/es\/wp-json\/wp\/v2\/users\/31"}],"replies":[{"embeddable":true,"href":"https:\/\/www.medellin.gov.co\/es\/wp-json\/wp\/v2\/comments?post=154400"}],"version-history":[{"count":10,"href":"https:\/\/www.medellin.gov.co\/es\/wp-json\/wp\/v2\/pages\/154400\/revisions"}],"predecessor-version":[{"id":231797,"href":"https:\/\/www.medellin.gov.co\/es\/wp-json\/wp\/v2\/pages\/154400\/revisions\/231797"}],"up":[{"embeddable":true,"href":"https:\/\/www.medellin.gov.co\/es\/wp-json\/wp\/v2\/pages\/154085"}],"wp:attachment":[{"href":"https:\/\/www.medellin.gov.co\/es\/wp-json\/wp\/v2\/media?parent=154400"}],"curies":[{"name":"wp","href":"https:\/\/api.w.org\/{rel}","templated":true}]}}