{"id":154488,"date":"2023-02-06T17:23:48","date_gmt":"2023-02-06T22:23:48","guid":{"rendered":"https:\/\/www.medellin.gov.co\/es\/?page_id=154488"},"modified":"2023-08-14T07:15:50","modified_gmt":"2023-08-14T12:15:50","slug":"obras-y-mejoramientos-en-san-cristobal","status":"publish","type":"page","link":"https:\/\/www.medellin.gov.co\/es\/secretaria-de-comunicaciones\/obras-y-mejoramientos-de-escenarios-deportivos-de-medellin\/obras-y-mejoramientos-en-los-corregimientos-de-medellin\/obras-y-mejoramientos-en-san-cristobal\/","title":{"rendered":"Obras y mejoramientos en San Crist\u00f3bal"},"content":{"rendered":"\t\t<div data-elementor-type=\"wp-page\" data-elementor-id=\"154488\" class=\"elementor elementor-154488\">\n\t\t\t\t\t\t<div class=\"elementor-inner\">\n\t\t\t\t<div class=\"elementor-section-wrap\">\n\t\t\t\t\t\t\t\t\t<section class=\"elementor-section elementor-top-section elementor-element elementor-element-93ad289 elementor-section-boxed elementor-section-height-default elementor-section-height-default\" data-id=\"93ad289\" data-element_type=\"section\">\n\t\t\t\t\t\t<div class=\"elementor-container elementor-column-gap-default\">\n\t\t\t\t\t\t\t<div class=\"elementor-row\">\n\t\t\t\t\t<div class=\"elementor-column elementor-col-100 elementor-top-column elementor-element elementor-element-4daf931\" data-id=\"4daf931\" data-element_type=\"column\">\n\t\t\t<div class=\"elementor-column-wrap elementor-element-populated\">\n\t\t\t\t\t\t\t<div class=\"elementor-widget-wrap\">\n\t\t\t\t\t\t<div class=\"elementor-element elementor-element-7fa9ed4 elementor-widget elementor-widget-heading\" data-id=\"7fa9ed4\" data-element_type=\"widget\" data-widget_type=\"heading.default\">\n\t\t\t\t<div class=\"elementor-widget-container\">\n\t\t\t<h1 class=\"elementor-heading-title elementor-size-default\">Conoce todas las obras y mejoramientos de los escenarios deportivos del corregimiento de San Crist\u00f3bal<\/h1>\t\t<\/div>\n\t\t\t\t<\/div>\n\t\t\t\t<section class=\"elementor-section elementor-inner-section elementor-element elementor-element-2f625c3 elementor-section-boxed elementor-section-height-default elementor-section-height-default\" data-id=\"2f625c3\" data-element_type=\"section\">\n\t\t\t\t\t\t<div class=\"elementor-container elementor-column-gap-default\">\n\t\t\t\t\t\t\t<div class=\"elementor-row\">\n\t\t\t\t\t<div class=\"elementor-column elementor-col-50 elementor-inner-column elementor-element elementor-element-bb8a55d\" data-id=\"bb8a55d\" data-element_type=\"column\">\n\t\t\t<div class=\"elementor-column-wrap elementor-element-populated\">\n\t\t\t\t\t\t\t<div class=\"elementor-widget-wrap\">\n\t\t\t\t\t\t<div class=\"elementor-element elementor-element-1adcd31 elementor-widget elementor-widget-text-editor\" data-id=\"1adcd31\" data-element_type=\"widget\" data-widget_type=\"text-editor.default\">\n\t\t\t\t<div class=\"elementor-widget-container\">\n\t\t\t\t\t\t\t\t<div class=\"elementor-text-editor elementor-clearfix\">\n\t\t\t\t<p>En 2023, el corregimiento San Crist\u00f3bal ser\u00e1 beneficiado con 9 obras que embellecer\u00e1n y mejorar\u00e1n sus escenarios deportivos, para que las comunidades disfruten del tiempo libre y practiquen actividad f\u00edsica.<\/p>\t\t\t\t\t<\/div>\n\t\t\t\t\t\t<\/div>\n\t\t\t\t<\/div>\n\t\t\t\t\t\t<\/div>\n\t\t\t\t\t<\/div>\n\t\t<\/div>\n\t\t\t\t<div class=\"elementor-column elementor-col-50 elementor-inner-column elementor-element elementor-element-7028c9a\" data-id=\"7028c9a\" data-element_type=\"column\">\n\t\t\t<div class=\"elementor-column-wrap elementor-element-populated\">\n\t\t\t\t\t\t\t<div class=\"elementor-widget-wrap\">\n\t\t\t\t\t\t<div class=\"elementor-element elementor-element-ba120fa elementor-widget elementor-widget-image\" data-id=\"ba120fa\" data-element_type=\"widget\" data-widget_type=\"image.default\">\n\t\t\t\t<div class=\"elementor-widget-container\">\n\t\t\t\t\t\t\t\t<div class=\"elementor-image\">\n\t\t\t\t\t\t\t\t\t\t\t\t<img width=\"800\" height=\"533\" src=\"https:\/\/www.medellin.gov.co\/es\/wp-content\/uploads\/2022\/09\/Inder-5.jpg\" class=\"attachment-large size-large\" alt=\"Inder\" loading=\"lazy\" srcset=\"https:\/\/www.medellin.gov.co\/es\/wp-content\/uploads\/2022\/09\/Inder-5.jpg 800w, https:\/\/www.medellin.gov.co\/es\/wp-content\/uploads\/2022\/09\/Inder-5-300x200.jpg 300w, https:\/\/www.medellin.gov.co\/es\/wp-content\/uploads\/2022\/09\/Inder-5-150x100.jpg 150w, https:\/\/www.medellin.gov.co\/es\/wp-content\/uploads\/2022\/09\/Inder-5-768x512.jpg 768w\" sizes=\"(max-width: 800px) 100vw, 800px\" \/>\t\t\t\t\t\t\t\t\t\t\t\t\t\t<\/div>\n\t\t\t\t\t\t<\/div>\n\t\t\t\t<\/div>\n\t\t\t\t\t\t<\/div>\n\t\t\t\t\t<\/div>\n\t\t<\/div>\n\t\t\t\t\t\t\t\t<\/div>\n\t\t\t\t\t<\/div>\n\t\t<\/section>\n\t\t\t\t<div class=\"elementor-element elementor-element-6abf514 elementor-widget elementor-widget-heading\" data-id=\"6abf514\" data-element_type=\"widget\" data-widget_type=\"heading.default\">\n\t\t\t\t<div class=\"elementor-widget-container\">\n\t\t\t<h2 class=\"elementor-heading-title elementor-size-default\"><b>Escenarios<\/b> deportivos a intervenir en el corregimiento de San Crist\u00f3bal<\/h2>\t\t<\/div>\n\t\t\t\t<\/div>\n\t\t\t\t<div class=\"elementor-element elementor-element-08f5e5b elementor-widget elementor-widget-text-editor\" data-id=\"08f5e5b\" data-element_type=\"widget\" data-widget_type=\"text-editor.default\">\n\t\t\t\t<div class=\"elementor-widget-container\">\n\t\t\t\t\t\t\t\t<div class=\"elementor-text-editor elementor-clearfix\">\n\t\t\t\t<p>Para conocer el detalle de cada una de las intervenciones de los escenarios, da clic sobre el nombre. Medell\u00edn est\u00e1 mejor que nunca.<\/p>\t\t\t\t\t<\/div>\n\t\t\t\t\t\t<\/div>\n\t\t\t\t<\/div>\n\t\t\t\t<div class=\"elementor-element elementor-element-bc4f6db elementor-widget elementor-widget-text-editor\" data-id=\"bc4f6db\" data-element_type=\"widget\" data-widget_type=\"text-editor.default\">\n\t\t\t\t<div class=\"elementor-widget-container\">\n\t\t\t\t\t\t\t\t<div class=\"elementor-text-editor elementor-clearfix\">\n\t\t\t\t<ul><li><a href=\"https:\/\/www.medellin.gov.co\/es\/secretaria-de-comunicaciones\/obras-y-mejoramientos-de-escenarios-deportivos-de-medellin\/obras-y-mejoramientos-en-los-corregimientos-de-medellin\/obras-y-mejoramientos-en-san-cristobal\/uva-ciudadela-nuevo-occidente\/\">UVA Ciudadela Nuevo Occidente<\/a><\/li><li><a href=\"https:\/\/www.medellin.gov.co\/es\/secretaria-de-comunicaciones\/obras-y-mejoramientos-de-escenarios-deportivos-de-medellin\/obras-y-mejoramientos-en-los-corregimientos-de-medellin\/obras-y-mejoramientos-en-san-cristobal\/unidad-deportiva-san-cristobal\/\">Unidad deportiva San Crist\u00f3bal<\/a><\/li><li><a href=\"https:\/\/www.medellin.gov.co\/es\/secretaria-de-comunicaciones\/obras-y-mejoramientos-de-escenarios-deportivos-de-medellin\/obras-y-mejoramientos-en-los-corregimientos-de-medellin\/obras-y-mejoramientos-en-san-cristobal\/palenque\/\">Unidad deportiva Palenque<\/a><\/li><li><a href=\"https:\/\/www.medellin.gov.co\/es\/secretaria-de-comunicaciones\/obras-y-mejoramientos-de-escenarios-deportivos-de-medellin\/obras-y-mejoramientos-en-los-corregimientos-de-medellin\/obras-y-mejoramientos-en-san-cristobal\/san-martin-las-flores\/\">Unidad deportiva San Mart\u00edn de las Flores<\/a><\/li><li><a href=\"https:\/\/www.medellin.gov.co\/es\/secretaria-de-comunicaciones\/obras-y-mejoramientos-de-escenarios-deportivos-de-medellin\/obras-y-mejoramientos-en-los-corregimientos-de-medellin\/obras-y-mejoramientos-en-san-cristobal\/la-huerta\/\">Unidad deportiva La Huerta<\/a><\/li><li><a href=\"https:\/\/www.medellin.gov.co\/es\/secretaria-de-comunicaciones\/obras-y-mejoramientos-de-escenarios-deportivos-de-medellin\/obras-y-mejoramientos-en-los-corregimientos-de-medellin\/obras-y-mejoramientos-en-san-cristobal\/pedregal-bajo\/\">Unidad deportiva Pedregal Bajo<\/a><\/li><\/ul>\t\t\t\t\t<\/div>\n\t\t\t\t\t\t<\/div>\n\t\t\t\t<\/div>\n\t\t\t\t\t\t<\/div>\n\t\t\t\t\t<\/div>\n\t\t<\/div>\n\t\t\t\t\t\t\t\t<\/div>\n\t\t\t\t\t<\/div>\n\t\t<\/section>\n\t\t\t\t\t\t\t\t\t<\/div>\n\t\t\t<\/div>\n\t\t\t\t\t<\/div>\n\t\t","protected":false},"excerpt":{"rendered":"<p>Conoce todas las obras y mejoramientos de los escenarios deportivos del corregimiento de San Crist\u00f3bal En 2023, el corregimiento San Crist\u00f3bal ser\u00e1 beneficiado con 9 obras que embellecer\u00e1n y mejorar\u00e1n sus escenarios deportivos, para que &#8230;<\/p>\n","protected":false},"author":31,"featured_media":0,"parent":154131,"menu_order":0,"comment_status":"closed","ping_status":"closed","template":"sec-comunicaciones\/elementor.php","meta":[],"acf":[],"_links":{"self":[{"href":"https:\/\/www.medellin.gov.co\/es\/wp-json\/wp\/v2\/pages\/154488"}],"collection":[{"href":"https:\/\/www.medellin.gov.co\/es\/wp-json\/wp\/v2\/pages"}],"about":[{"href":"https:\/\/www.medellin.gov.co\/es\/wp-json\/wp\/v2\/types\/page"}],"author":[{"embeddable":true,"href":"https:\/\/www.medellin.gov.co\/es\/wp-json\/wp\/v2\/users\/31"}],"replies":[{"embeddable":true,"href":"https:\/\/www.medellin.gov.co\/es\/wp-json\/wp\/v2\/comments?post=154488"}],"version-history":[{"count":10,"href":"https:\/\/www.medellin.gov.co\/es\/wp-json\/wp\/v2\/pages\/154488\/revisions"}],"predecessor-version":[{"id":231870,"href":"https:\/\/www.medellin.gov.co\/es\/wp-json\/wp\/v2\/pages\/154488\/revisions\/231870"}],"up":[{"embeddable":true,"href":"https:\/\/www.medellin.gov.co\/es\/wp-json\/wp\/v2\/pages\/154131"}],"wp:attachment":[{"href":"https:\/\/www.medellin.gov.co\/es\/wp-json\/wp\/v2\/media?parent=154488"}],"curies":[{"name":"wp","href":"https:\/\/api.w.org\/{rel}","templated":true}]}}