{"id":156997,"date":"2023-02-09T10:37:30","date_gmt":"2023-02-09T15:37:30","guid":{"rendered":"https:\/\/www.medellin.gov.co\/es\/?page_id=156997"},"modified":"2023-02-09T10:37:30","modified_gmt":"2023-02-09T15:37:30","slug":"parque-gaitan","status":"publish","type":"page","link":"https:\/\/www.medellin.gov.co\/es\/secretaria-de-comunicaciones\/obras-y-mejoramientos-de-escenarios-deportivos-de-medellin\/obras-y-mejoramientos-en-la-zona-1-de-medellin\/obras-y-mejoramientos-en-la-comuna-3-manrique\/parque-gaitan\/","title":{"rendered":"Parque Gait\u00e1n"},"content":{"rendered":"<p>Zona: 1<\/p>\n<p>Comuna: <span data-sheets-value=\"{&quot;1&quot;:2,&quot;2&quot;:&quot;Comuna 3 - Manrique&quot;}\" data-sheets-userformat=\"{&quot;2&quot;:4865,&quot;3&quot;:{&quot;1&quot;:0},&quot;11&quot;:4,&quot;12&quot;:0,&quot;15&quot;:&quot;Montserrat&quot;}\" data-sheets-validation-definition=\"{&quot;1&quot;:{&quot;1&quot;:{&quot;1&quot;:24,&quot;2&quot;:[{&quot;1&quot;:0,&quot;5&quot;:{&quot;1&quot;:{&quot;1&quot;:0},&quot;2&quot;:{&quot;1&quot;:2,&quot;2&quot;:&quot;Comuna 1 - El Popular&quot;}}},{&quot;1&quot;:0,&quot;5&quot;:{&quot;1&quot;:{&quot;1&quot;:0},&quot;2&quot;:{&quot;1&quot;:2,&quot;2&quot;:&quot;Comuna 2 - Santa Cruz&quot;}}},{&quot;1&quot;:0,&quot;5&quot;:{&quot;1&quot;:{&quot;1&quot;:0},&quot;2&quot;:{&quot;1&quot;:2,&quot;2&quot;:&quot;Comuna 3 - Manrique&quot;}}},{&quot;1&quot;:0,&quot;5&quot;:{&quot;1&quot;:{&quot;1&quot;:0},&quot;2&quot;:{&quot;1&quot;:2,&quot;2&quot;:&quot;Comuna 4 - Aranjuez&quot;}}},{&quot;1&quot;:0,&quot;5&quot;:{&quot;1&quot;:{&quot;1&quot;:0},&quot;2&quot;:{&quot;1&quot;:2,&quot;2&quot;:&quot;Comuna 5 - Castilla&quot;}}},{&quot;1&quot;:0,&quot;5&quot;:{&quot;1&quot;:{&quot;1&quot;:0},&quot;2&quot;:{&quot;1&quot;:2,&quot;2&quot;:&quot;Comuna 6 - Doce de Octubre&quot;}}},{&quot;1&quot;:0,&quot;5&quot;:{&quot;1&quot;:{&quot;1&quot;:0},&quot;2&quot;:{&quot;1&quot;:2,&quot;2&quot;:&quot;Comuna 7 - Robledo&quot;}}},{&quot;1&quot;:0,&quot;5&quot;:{&quot;1&quot;:{&quot;1&quot;:0},&quot;2&quot;:{&quot;1&quot;:2,&quot;2&quot;:&quot;Comuna 8 - Villa Hermosa&quot;}}},{&quot;1&quot;:0,&quot;5&quot;:{&quot;1&quot;:{&quot;1&quot;:0},&quot;2&quot;:{&quot;1&quot;:2,&quot;2&quot;:&quot;Comuna 9 - Buenos Aires&quot;}}},{&quot;1&quot;:0,&quot;5&quot;:{&quot;1&quot;:{&quot;1&quot;:0},&quot;2&quot;:{&quot;1&quot;:2,&quot;2&quot;:&quot;Comuna 10 - La Candelaria&quot;}}},{&quot;1&quot;:0,&quot;5&quot;:{&quot;1&quot;:{&quot;1&quot;:0},&quot;2&quot;:{&quot;1&quot;:2,&quot;2&quot;:&quot;Comuna 11 - Estadio Laureles&quot;}}},{&quot;1&quot;:0,&quot;5&quot;:{&quot;1&quot;:{&quot;1&quot;:0},&quot;2&quot;:{&quot;1&quot;:2,&quot;2&quot;:&quot;Comuna 12 - La Am\u00e9rica&quot;}}},{&quot;1&quot;:0,&quot;5&quot;:{&quot;1&quot;:{&quot;1&quot;:0},&quot;2&quot;:{&quot;1&quot;:2,&quot;2&quot;:&quot;Comuna 13 - San Javier&quot;}}},{&quot;1&quot;:0,&quot;5&quot;:{&quot;1&quot;:{&quot;1&quot;:0},&quot;2&quot;:{&quot;1&quot;:2,&quot;2&quot;:&quot;Comuna 14 - El Poblado&quot;}}},{&quot;1&quot;:0,&quot;5&quot;:{&quot;1&quot;:{&quot;1&quot;:0},&quot;2&quot;:{&quot;1&quot;:2,&quot;2&quot;:&quot;Comuna 15 - Guayabal&quot;}}},{&quot;1&quot;:0,&quot;5&quot;:{&quot;1&quot;:{&quot;1&quot;:0},&quot;2&quot;:{&quot;1&quot;:2,&quot;2&quot;:&quot;Comuna 16 - Bel\u00e9n&quot;}}},{&quot;1&quot;:0,&quot;5&quot;:{&quot;1&quot;:{&quot;1&quot;:0},&quot;2&quot;:{&quot;1&quot;:2,&quot;2&quot;:&quot;Comuna 50 - San Sebasti\u00e1n de Palmitas&quot;}}},{&quot;1&quot;:0,&quot;5&quot;:{&quot;1&quot;:{&quot;1&quot;:0},&quot;2&quot;:{&quot;1&quot;:2,&quot;2&quot;:&quot;Comuna 60 - San Crist\u00f3bal&quot;}}},{&quot;1&quot;:0,&quot;5&quot;:{&quot;1&quot;:{&quot;1&quot;:0},&quot;2&quot;:{&quot;1&quot;:2,&quot;2&quot;:&quot;Comuna 70 - Altavista&quot;}}},{&quot;1&quot;:0,&quot;5&quot;:{&quot;1&quot;:{&quot;1&quot;:0},&quot;2&quot;:{&quot;1&quot;:2,&quot;2&quot;:&quot;Comuna 80 - San Antonio de Prado&quot;}}},{&quot;1&quot;:0,&quot;5&quot;:{&quot;1&quot;:{&quot;1&quot;:0},&quot;2&quot;:{&quot;1&quot;:2,&quot;2&quot;:&quot;Comuna 90 - Santa Elena&quot;}}}]},&quot;2&quot;:{&quot;1&quot;:{&quot;1&quot;:[{&quot;1&quot;:4,&quot;6&quot;:0},{&quot;1&quot;:2,&quot;3&quot;:&quot;TRIM&quot;,&quot;4&quot;:1},{&quot;1&quot;:3,&quot;5&quot;:{&quot;1&quot;:2,&quot;2&quot;:&quot;Comuna 1 - El Popular&quot;}},{&quot;1&quot;:3,&quot;5&quot;:{&quot;1&quot;:2,&quot;2&quot;:&quot;Comuna 2 - Santa Cruz&quot;}},{&quot;1&quot;:3,&quot;5&quot;:{&quot;1&quot;:2,&quot;2&quot;:&quot;Comuna 3 - Manrique&quot;}},{&quot;1&quot;:3,&quot;5&quot;:{&quot;1&quot;:2,&quot;2&quot;:&quot;Comuna 4 - Aranjuez&quot;}},{&quot;1&quot;:3,&quot;5&quot;:{&quot;1&quot;:2,&quot;2&quot;:&quot;Comuna 5 - Castilla&quot;}},{&quot;1&quot;:3,&quot;5&quot;:{&quot;1&quot;:2,&quot;2&quot;:&quot;Comuna 6 - Doce de Octubre&quot;}},{&quot;1&quot;:3,&quot;5&quot;:{&quot;1&quot;:2,&quot;2&quot;:&quot;Comuna 7 - Robledo&quot;}},{&quot;1&quot;:3,&quot;5&quot;:{&quot;1&quot;:2,&quot;2&quot;:&quot;Comuna 8 - Villa Hermosa&quot;}},{&quot;1&quot;:3,&quot;5&quot;:{&quot;1&quot;:2,&quot;2&quot;:&quot;Comuna 9 - Buenos Aires&quot;}},{&quot;1&quot;:3,&quot;5&quot;:{&quot;1&quot;:2,&quot;2&quot;:&quot;Comuna 10 - La Candelaria&quot;}},{&quot;1&quot;:3,&quot;5&quot;:{&quot;1&quot;:2,&quot;2&quot;:&quot;Comuna 11 - Estadio Laureles&quot;}},{&quot;1&quot;:3,&quot;5&quot;:{&quot;1&quot;:2,&quot;2&quot;:&quot;Comuna 12 - La Am\u00e9rica&quot;}},{&quot;1&quot;:3,&quot;5&quot;:{&quot;1&quot;:2,&quot;2&quot;:&quot;Comuna 13 - San Javier&quot;}},{&quot;1&quot;:3,&quot;5&quot;:{&quot;1&quot;:2,&quot;2&quot;:&quot;Comuna 14 - El Poblado&quot;}},{&quot;1&quot;:3,&quot;5&quot;:{&quot;1&quot;:2,&quot;2&quot;:&quot;Comuna 15 - Guayabal&quot;}},{&quot;1&quot;:3,&quot;5&quot;:{&quot;1&quot;:2,&quot;2&quot;:&quot;Comuna 16 - Bel\u00e9n&quot;}},{&quot;1&quot;:3,&quot;5&quot;:{&quot;1&quot;:2,&quot;2&quot;:&quot;Comuna 50 - San Sebasti\u00e1n de Palmitas&quot;}},{&quot;1&quot;:3,&quot;5&quot;:{&quot;1&quot;:2,&quot;2&quot;:&quot;Comuna 60 - San Crist\u00f3bal&quot;}},{&quot;1&quot;:3,&quot;5&quot;:{&quot;1&quot;:2,&quot;2&quot;:&quot;Comuna 70 - Altavista&quot;}},{&quot;1&quot;:3,&quot;5&quot;:{&quot;1&quot;:2,&quot;2&quot;:&quot;Comuna 80 - San Antonio de Prado&quot;}},{&quot;1&quot;:3,&quot;5&quot;:{&quot;1&quot;:2,&quot;2&quot;:&quot;Comuna 90 - Santa Elena&quot;}},{&quot;1&quot;:2,&quot;3&quot;:&quot;ARRAY_ROW&quot;,&quot;4&quot;:21},{&quot;1&quot;:2,&quot;3&quot;:&quot;ARRAY_LITERAL&quot;,&quot;4&quot;:1},{&quot;1&quot;:2,&quot;3&quot;:&quot;TRIM&quot;,&quot;4&quot;:1},{&quot;1&quot;:2,&quot;3&quot;:&quot;EXACT&quot;,&quot;4&quot;:2},{&quot;1&quot;:2,&quot;3&quot;:&quot;OR&quot;,&quot;4&quot;:1},{&quot;1&quot;:2,&quot;3&quot;:&quot;ARRAYFORMULA&quot;,&quot;4&quot;:1},{&quot;1&quot;:1,&quot;2&quot;:&quot;=&quot;}]},&quot;3&quot;:&quot;R0]FTRIM:1]LSComuna 1 - El Popular]]LSComuna 2 - Santa Cruz]]LSComuna 3 - Manrique]]LSComuna 4 - Aranjuez]]LSComuna 5 - Castilla]]LSComuna 6 - Doce de Octubre]]LSComuna 7 - Robledo]]LSComuna 8 - Villa Hermosa]]LSComuna 9 - Buenos Aires]]LSComuna 10 - La Candelaria]]LSComuna 11 - Estadio Laureles]]LSComuna 12 - La Am\u00e9rica]]LSComuna 13 - San Javier]]LSComuna 14 - El Poblado]]LSComuna 15 - Guayabal]]LSComuna 16 - Bel\u00e9n]]LSComuna 50 - San Sebasti\u00e1n de Palmitas]]LSComuna 60 - San Crist\u00f3bal]]LSComuna 70 - Altavista]]LSComuna 80 - San Antonio de Prado]]LSComuna 90 - Santa Elena]]FARRAY_ROW:21]FARRAY_LITERAL:1]FTRIM:1]FEXACT:2]FOR:1]FARRAYFORMULA:1]S&quot;},&quot;3&quot;:[{&quot;1&quot;:{&quot;1&quot;:0,&quot;2&quot;:1,&quot;3&quot;:0,&quot;4&quot;:1,&quot;5&quot;:1118464},&quot;2&quot;:0}]},&quot;2&quot;:&quot;&quot;,&quot;3&quot;:1,&quot;4&quot;:1,&quot;6&quot;:1}\" data-sheets-validation-id=\"0\">Comuna 3 &#8211; Manrique<\/span><\/p>\n<p>Direcci\u00f3n:\u00a0 <span data-sheets-value=\"{&quot;1&quot;:2,&quot;2&quot;:&quot;CRA 71 CLL 39&quot;}\" data-sheets-userformat=\"{&quot;2&quot;:513,&quot;3&quot;:{&quot;1&quot;:0},&quot;12&quot;:0}\">CRA 71 CLL 39<\/span><\/p>\n","protected":false},"excerpt":{"rendered":"<p>Zona: 1 Comuna: Comuna 3 &#8211; Manrique Direcci\u00f3n:\u00a0 CRA 71 CLL 39<\/p>\n","protected":false},"author":4,"featured_media":0,"parent":154223,"menu_order":0,"comment_status":"closed","ping_status":"closed","template":"sec-comunicaciones\/page-obras-inder.php","meta":[],"acf":[],"_links":{"self":[{"href":"https:\/\/www.medellin.gov.co\/es\/wp-json\/wp\/v2\/pages\/156997"}],"collection":[{"href":"https:\/\/www.medellin.gov.co\/es\/wp-json\/wp\/v2\/pages"}],"about":[{"href":"https:\/\/www.medellin.gov.co\/es\/wp-json\/wp\/v2\/types\/page"}],"author":[{"embeddable":true,"href":"https:\/\/www.medellin.gov.co\/es\/wp-json\/wp\/v2\/users\/4"}],"replies":[{"embeddable":true,"href":"https:\/\/www.medellin.gov.co\/es\/wp-json\/wp\/v2\/comments?post=156997"}],"version-history":[{"count":1,"href":"https:\/\/www.medellin.gov.co\/es\/wp-json\/wp\/v2\/pages\/156997\/revisions"}],"predecessor-version":[{"id":157005,"href":"https:\/\/www.medellin.gov.co\/es\/wp-json\/wp\/v2\/pages\/156997\/revisions\/157005"}],"up":[{"embeddable":true,"href":"https:\/\/www.medellin.gov.co\/es\/wp-json\/wp\/v2\/pages\/154223"}],"wp:attachment":[{"href":"https:\/\/www.medellin.gov.co\/es\/wp-json\/wp\/v2\/media?parent=156997"}],"curies":[{"name":"wp","href":"https:\/\/api.w.org\/{rel}","templated":true}]}}