{"id":160566,"date":"2023-02-24T12:06:37","date_gmt":"2023-02-24T17:06:37","guid":{"rendered":"https:\/\/www.medellin.gov.co\/es\/?page_id=160566"},"modified":"2023-07-24T07:23:07","modified_gmt":"2023-07-24T12:23:07","slug":"plan-estrategico-de-tecnologia-de-informacion-2021-2024","status":"publish","type":"page","link":"https:\/\/www.medellin.gov.co\/es\/secretaria-de-innovacion-digital\/plan-estrategico-de-tecnologia-de-informacion-2021-2024\/","title":{"rendered":"Plan Estrat\u00e9gico de Tecnolog\u00eda de Informaci\u00f3n 2021 &#8211; 2024"},"content":{"rendered":"\t\t<div data-elementor-type=\"wp-page\" data-elementor-id=\"160566\" class=\"elementor elementor-160566\">\n\t\t\t\t\t\t<div class=\"elementor-inner\">\n\t\t\t\t<div class=\"elementor-section-wrap\">\n\t\t\t\t\t\t\t\t\t<section class=\"elementor-section elementor-top-section elementor-element elementor-element-d623acd elementor-section-boxed elementor-section-height-default elementor-section-height-default\" data-id=\"d623acd\" data-element_type=\"section\">\n\t\t\t\t\t\t<div class=\"elementor-container elementor-column-gap-default\">\n\t\t\t\t\t\t\t<div class=\"elementor-row\">\n\t\t\t\t\t<div class=\"elementor-column elementor-col-100 elementor-top-column elementor-element elementor-element-a4c91f3\" data-id=\"a4c91f3\" data-element_type=\"column\">\n\t\t\t<div class=\"elementor-column-wrap elementor-element-populated\">\n\t\t\t\t\t\t\t<div class=\"elementor-widget-wrap\">\n\t\t\t\t\t\t<div class=\"elementor-element elementor-element-cbd66df elementor-widget elementor-widget-heading\" data-id=\"cbd66df\" data-element_type=\"widget\" data-widget_type=\"heading.default\">\n\t\t\t\t<div class=\"elementor-widget-container\">\n\t\t\t<h1 class=\"elementor-heading-title elementor-size-default\">Plan Estrat\u00e9gico de Tecnolog\u00eda de Informaci\u00f3n 2021 - 2024<\/h1>\t\t<\/div>\n\t\t\t\t<\/div>\n\t\t\t\t<section class=\"elementor-section elementor-inner-section elementor-element elementor-element-8a7592e elementor-section-boxed elementor-section-height-default elementor-section-height-default\" data-id=\"8a7592e\" data-element_type=\"section\">\n\t\t\t\t\t\t<div class=\"elementor-container elementor-column-gap-default\">\n\t\t\t\t\t\t\t<div class=\"elementor-row\">\n\t\t\t\t\t<div class=\"elementor-column elementor-col-50 elementor-inner-column elementor-element elementor-element-ef9bee1\" data-id=\"ef9bee1\" data-element_type=\"column\">\n\t\t\t<div class=\"elementor-column-wrap elementor-element-populated\">\n\t\t\t\t\t\t\t<div class=\"elementor-widget-wrap\">\n\t\t\t\t\t\t<div class=\"elementor-element elementor-element-b56c8d4 elementor-widget elementor-widget-text-editor\" data-id=\"b56c8d4\" data-element_type=\"widget\" data-widget_type=\"text-editor.default\">\n\t\t\t\t<div class=\"elementor-widget-container\">\n\t\t\t\t\t\t\t\t<div class=\"elementor-text-editor elementor-clearfix\">\n\t\t\t\t<p>La Alcald\u00eda de Medell\u00edn reconoce en las Tecnolog\u00edas de la Informaci\u00f3n un elemento determinante para la construcci\u00f3n de una entidad transparente, moderna y \u00e1gil, que genera valor en su servicio ciudadano y avanza hacia el establecimiento de una ciudad inteligente.<\/p><p>En su plan de desarrollo Medell\u00edn Futuro 2020 \u2013 2023, la Entidad declara su estrategia de Valle de Software y este compromiso se concreta con la creaci\u00f3n de la Secretar\u00eda de Innovaci\u00f3n Digital, cuyo objetivo es satisfacer las necesidades de servicios de tecnolog\u00edas de la informaci\u00f3n a los diferentes grupos de valor y de inter\u00e9s, a trav\u00e9s de Servicios Digitales, procesos eficientes, flujos de datos e informaci\u00f3n y transformaci\u00f3n digital del territorio, basados en la innovaci\u00f3n y en una gesti\u00f3n enfocada en pr\u00e1cticas de arquitectura empresarial y la seguridad de la informaci\u00f3n.<\/p>\t\t\t\t\t<\/div>\n\t\t\t\t\t\t<\/div>\n\t\t\t\t<\/div>\n\t\t\t\t\t\t<\/div>\n\t\t\t\t\t<\/div>\n\t\t<\/div>\n\t\t\t\t<div class=\"elementor-column elementor-col-50 elementor-inner-column elementor-element elementor-element-3ec58b1\" data-id=\"3ec58b1\" data-element_type=\"column\">\n\t\t\t<div class=\"elementor-column-wrap elementor-element-populated\">\n\t\t\t\t\t\t\t<div class=\"elementor-widget-wrap\">\n\t\t\t\t\t\t<div class=\"elementor-element elementor-element-c2ca4b2 elementor-widget elementor-widget-image\" data-id=\"c2ca4b2\" data-element_type=\"widget\" data-widget_type=\"image.default\">\n\t\t\t\t<div class=\"elementor-widget-container\">\n\t\t\t\t\t\t\t\t<div class=\"elementor-image\">\n\t\t\t\t\t\t\t\t\t\t\t\t<img width=\"1024\" height=\"614\" src=\"https:\/\/www.medellin.gov.co\/es\/wp-content\/uploads\/2022\/10\/innovacion-digital-panoramica-medellin-1024x614.jpeg\" class=\"attachment-large size-large\" alt=\"innovacion-digital-panoramica-medellin\" loading=\"lazy\" srcset=\"https:\/\/www.medellin.gov.co\/es\/wp-content\/uploads\/2022\/10\/innovacion-digital-panoramica-medellin-1024x614.jpeg 1024w, https:\/\/www.medellin.gov.co\/es\/wp-content\/uploads\/2022\/10\/innovacion-digital-panoramica-medellin-300x180.jpeg 300w, https:\/\/www.medellin.gov.co\/es\/wp-content\/uploads\/2022\/10\/innovacion-digital-panoramica-medellin-150x90.jpeg 150w, https:\/\/www.medellin.gov.co\/es\/wp-content\/uploads\/2022\/10\/innovacion-digital-panoramica-medellin-768x461.jpeg 768w, https:\/\/www.medellin.gov.co\/es\/wp-content\/uploads\/2022\/10\/innovacion-digital-panoramica-medellin-1536x922.jpeg 1536w, https:\/\/www.medellin.gov.co\/es\/wp-content\/uploads\/2022\/10\/innovacion-digital-panoramica-medellin.jpeg 1560w\" sizes=\"(max-width: 1024px) 100vw, 1024px\" \/>\t\t\t\t\t\t\t\t\t\t\t\t\t\t<\/div>\n\t\t\t\t\t\t<\/div>\n\t\t\t\t<\/div>\n\t\t\t\t\t\t<\/div>\n\t\t\t\t\t<\/div>\n\t\t<\/div>\n\t\t\t\t\t\t\t\t<\/div>\n\t\t\t\t\t<\/div>\n\t\t<\/section>\n\t\t\t\t<div class=\"elementor-element elementor-element-00f29e5 elementor-widget elementor-widget-text-editor\" data-id=\"00f29e5\" data-element_type=\"widget\" data-widget_type=\"text-editor.default\">\n\t\t\t\t<div class=\"elementor-widget-container\">\n\t\t\t\t\t\t\t\t<div class=\"elementor-text-editor elementor-clearfix\">\n\t\t\t\t<p>La Secretar\u00eda de Innovaci\u00f3n Digital asume la responsabilidad de liderar la planeaci\u00f3n estrat\u00e9gica en tecnolog\u00eda para la implementaci\u00f3n de servicios digitales de confianza y calidad, lograr procesos internos, seguros y eficientes, tomar decisiones basadas en datos, empoderar a los ciudadanos a trav\u00e9s de la consolidaci\u00f3n de un Estado Abierto e impulsar el desarrollo de territorios y ciudades inteligentes, para lo cual formula el Plan Estrat\u00e9gico de Tecnolog\u00edas de la Informaci\u00f3n (PETI), aplicando herramientas innovadoras y de co-creaci\u00f3n, que permiten incorporar los elementos requeridos para facilitar el alcance de las metas institucionales de la Entidad, de cara a la Cuarta Revoluci\u00f3n Industrial y con el compromiso de crear valor p\u00fablico en la prestaci\u00f3n del servicio ciudadano. El PETI est\u00e1 alineado con la estrategia nacional, territorial e institucional y en \u00e9l, se establecen las iniciativas estrat\u00e9gicas de TI de la Entidad, acordes con el presente y expresadas a trav\u00e9s del portafolio de proyectos y su hoja de ruta a corto, mediano y largo plazo.<\/p>\t\t\t\t\t<\/div>\n\t\t\t\t\t\t<\/div>\n\t\t\t\t<\/div>\n\t\t\t\t<section class=\"elementor-section elementor-inner-section elementor-element elementor-element-9df038e elementor-section-boxed elementor-section-height-default elementor-section-height-default\" data-id=\"9df038e\" data-element_type=\"section\">\n\t\t\t\t\t\t<div class=\"elementor-container elementor-column-gap-default\">\n\t\t\t\t\t\t\t<div class=\"elementor-row\">\n\t\t\t\t\t<div class=\"elementor-column elementor-col-50 elementor-inner-column elementor-element elementor-element-4a25952\" data-id=\"4a25952\" data-element_type=\"column\">\n\t\t\t<div class=\"elementor-column-wrap elementor-element-populated\">\n\t\t\t\t\t\t\t<div class=\"elementor-widget-wrap\">\n\t\t\t\t\t\t<div class=\"elementor-element elementor-element-c359ea1 elementor-widget elementor-widget-image\" data-id=\"c359ea1\" data-element_type=\"widget\" data-widget_type=\"image.default\">\n\t\t\t\t<div class=\"elementor-widget-container\">\n\t\t\t\t\t\t\t\t<div class=\"elementor-image\">\n\t\t\t\t\t\t\t\t\t\t\t\t<img width=\"1024\" height=\"576\" src=\"https:\/\/www.medellin.gov.co\/es\/wp-content\/uploads\/2022\/09\/panoramica-ciudad-medellin.jpg\" class=\"attachment-large size-large\" alt=\"Panor\u00e1mica de Medell\u00edn\" loading=\"lazy\" srcset=\"https:\/\/www.medellin.gov.co\/es\/wp-content\/uploads\/2022\/09\/panoramica-ciudad-medellin.jpg 1024w, https:\/\/www.medellin.gov.co\/es\/wp-content\/uploads\/2022\/09\/panoramica-ciudad-medellin-300x169.jpg 300w, https:\/\/www.medellin.gov.co\/es\/wp-content\/uploads\/2022\/09\/panoramica-ciudad-medellin-150x84.jpg 150w, https:\/\/www.medellin.gov.co\/es\/wp-content\/uploads\/2022\/09\/panoramica-ciudad-medellin-768x432.jpg 768w\" sizes=\"(max-width: 1024px) 100vw, 1024px\" \/>\t\t\t\t\t\t\t\t\t\t\t\t\t\t<\/div>\n\t\t\t\t\t\t<\/div>\n\t\t\t\t<\/div>\n\t\t\t\t\t\t<\/div>\n\t\t\t\t\t<\/div>\n\t\t<\/div>\n\t\t\t\t<div class=\"elementor-column elementor-col-50 elementor-inner-column elementor-element elementor-element-1fcb7b4\" data-id=\"1fcb7b4\" data-element_type=\"column\">\n\t\t\t<div class=\"elementor-column-wrap elementor-element-populated\">\n\t\t\t\t\t\t\t<div class=\"elementor-widget-wrap\">\n\t\t\t\t\t\t<div class=\"elementor-element elementor-element-a1db1dd elementor-widget elementor-widget-text-editor\" data-id=\"a1db1dd\" data-element_type=\"widget\" data-widget_type=\"text-editor.default\">\n\t\t\t\t<div class=\"elementor-widget-container\">\n\t\t\t\t\t\t\t\t<div class=\"elementor-text-editor elementor-clearfix\">\n\t\t\t\t<p>La formulaci\u00f3n del PETI se realiza conforme a la Gu\u00eda G.ES.06 Gu\u00eda para la Construcci\u00f3n del PETI \u2013 Planeaci\u00f3n de la Tecnolog\u00eda para la Transformaci\u00f3n Digital, emitida por el MINTIC en julio de 2019 y para llevarlo a cabo se plantea la ejecuci\u00f3n de un proyecto estrat\u00e9gico, presentado al comit\u00e9 de Gobierno Digital de la Entidad y aprobado en la sesi\u00f3n del 20 de mayo de 2020.<\/p>\n<p>La primera parte de la formulaci\u00f3n ocurre mientras la orientaci\u00f3n tecnol\u00f3gica institucional recae sobre la Subsecretar\u00eda de Tecnolog\u00eda y Gesti\u00f3n de la Informaci\u00f3n \u2013 STGI &#8211; adscrita a la Secretar\u00eda de Gesti\u00f3n Humana y Servicio a la Ciudadan\u00eda, que pasa luego a convertirse en la Secretar\u00eda de Innovaci\u00f3n Digital en septiembre de 2020, por tanto el an\u00e1lisis de la situaci\u00f3n se realiza desde la perspectiva de la STGI y toda la informaci\u00f3n producida desde esta dependencia y la formulaci\u00f3n estrat\u00e9gica desde la nueva secretar\u00eda.<\/p>\t\t\t\t\t<\/div>\n\t\t\t\t\t\t<\/div>\n\t\t\t\t<\/div>\n\t\t\t\t\t\t<\/div>\n\t\t\t\t\t<\/div>\n\t\t<\/div>\n\t\t\t\t\t\t\t\t<\/div>\n\t\t\t\t\t<\/div>\n\t\t<\/section>\n\t\t\t\t<div class=\"elementor-element elementor-element-0ca4d66 elementor-widget elementor-widget-heading\" data-id=\"0ca4d66\" data-element_type=\"widget\" data-widget_type=\"heading.default\">\n\t\t\t\t<div class=\"elementor-widget-container\">\n\t\t\t<h2 class=\"elementor-heading-title elementor-size-default\"><b>Archivos adjuntos<\/b> del Plan Estrat\u00e9gico de Tecnolog\u00eda de Informaci\u00f3n 2021 - 2024<\/h2>\t\t<\/div>\n\t\t\t\t<\/div>\n\t\t\t\t<div class=\"elementor-element elementor-element-1002cc8 elementor-widget elementor-widget-text-editor\" data-id=\"1002cc8\" data-element_type=\"widget\" data-widget_type=\"text-editor.default\">\n\t\t\t\t<div class=\"elementor-widget-container\">\n\t\t\t\t\t\t\t\t<div class=\"elementor-text-editor elementor-clearfix\">\n\t\t\t\t<ul><li><a href=\"https:\/\/www.medellin.gov.co\/es\/wp-content\/uploads\/2023\/02\/Actualizacion-2022-PETI-2021-2024.pdf\" target=\"_blank\" rel=\"noopener\">Documento actualizaci\u00f3n hoja de ruta estrat\u00e9gica Plan Estrat\u00e9gico de Tecnolog\u00edas de la Informaci\u00f3n 2021-2024<\/a><\/li><li><a href=\"https:\/\/www.medellin.gov.co\/es\/wp-content\/uploads\/2023\/01\/Acta-CIGD-24-nov-de-2022.pdf\" target=\"_blank\" rel=\"noopener\">Acta Comit\u00e9 Institucional de Gesti\u00f3n y Desempe\u00f1o<\/a><\/li><\/ul>\t\t\t\t\t<\/div>\n\t\t\t\t\t\t<\/div>\n\t\t\t\t<\/div>\n\t\t\t\t<div class=\"elementor-element elementor-element-ffdaa2f elementor-widget elementor-widget-heading\" data-id=\"ffdaa2f\" data-element_type=\"widget\" data-widget_type=\"heading.default\">\n\t\t\t\t<div class=\"elementor-widget-container\">\n\t\t\t<h2 class=\"elementor-heading-title elementor-size-default\"><b>Hist\u00f3rico del<\/b> Plan Estrat\u00e9gico de Tecnolog\u00eda de Informaci\u00f3n 2021 - 2024<\/h2>\t\t<\/div>\n\t\t\t\t<\/div>\n\t\t\t\t<div class=\"elementor-element elementor-element-dd5449a elementor-widget elementor-widget-text-editor\" data-id=\"dd5449a\" data-element_type=\"widget\" data-widget_type=\"text-editor.default\">\n\t\t\t\t<div class=\"elementor-widget-container\">\n\t\t\t\t\t\t\t\t<div class=\"elementor-text-editor elementor-clearfix\">\n\t\t\t\t<ul><li><span style=\"color: #0a8bfc;\"><a style=\"color: #0a8bfc;\" href=\"\/irj\/go\/km\/docs\/pccdesign\/medellin\/Temas\/NuestroGobierno\/PlanesInstitucionalesyEstratgicos\/Shared%20Content\/Documentos\/2021\/Plan%20Estrategico%20de%20Tecnologias%20de%20la%20Informaci%c3%b3n%202021-2024.pdf\" target=\"_blank\" rel=\"noopener\">Plan Estrat\u00e9gico de Tecnolog\u00edas de la Informaci\u00f3n 2021 &#8211; 2024<\/a><\/span><\/li><li><a href=\"\/irj\/go\/km\/docs\/pccdesign\/medellin\/Temas\/NuestroGobierno\/PlanesInstitucionalesyEstratgicos\/Shared%20Content\/Documentos\/2021\/PETI_Anexo1.pdf\" target=\"_blank\" rel=\"noopener\"><span style=\"color: #0a8bfc;\">Plan Estrat\u00e9gico de Tecnolog\u00edas de la Informaci\u00f3n 2021 &#8211; 2024 ( Anexo 1)<\/span><\/a><\/li><li><a title=\"Plan Estrat\u00e9gico de Tecnolog\u00edas de la Informaci\u00f3n y las Comunicaciones (PETI) \/ 2016 - 2020\" href=\"\/irj\/go\/km\/docs\/pccdesign\/medellin\/Temas\/NuestroGobierno\/PlanesInstitucionalesyEstratgicos\/Shared Content\/Documentos\/PlanEstrategicodeTecnologiaInformacionPETI.pdf\" target=\"_blank\" rel=\"noopener\"><span style=\"color: #0a8bfc;\">Plan Estrat\u00e9gico de Tecnolog\u00edas de la Informaci\u00f3n y las Comunicaciones (PETI) \/ 2016 &#8211; 2020<\/span><\/a><\/li><li><span style=\"color: #0a8bfc;\"><a style=\"color: #0a8bfc;\" title=\"Plan Estrat\u00e9gico del Talento Humano 2020\" href=\"\/irj\/go\/km\/docs\/pccdesign\/medellin\/Temas\/NuestroGobierno\/PlanesInstitucionalesyEstratgicos\/Shared Content\/Documentos\/2020\/DE-GETH-080PlanEstrategicoTalentoHumano2020.pdf\" target=\"_blank\" rel=\"noopener\">Plan Estrat\u00e9gico del Talento Humano 2020<\/a><\/span><\/li><\/ul>\t\t\t\t\t<\/div>\n\t\t\t\t\t\t<\/div>\n\t\t\t\t<\/div>\n\t\t\t\t\t\t<\/div>\n\t\t\t\t\t<\/div>\n\t\t<\/div>\n\t\t\t\t\t\t\t\t<\/div>\n\t\t\t\t\t<\/div>\n\t\t<\/section>\n\t\t\t\t\t\t\t\t\t<\/div>\n\t\t\t<\/div>\n\t\t\t\t\t<\/div>\n\t\t","protected":false},"excerpt":{"rendered":"<p>Plan Estrat\u00e9gico de Tecnolog\u00eda de Informaci\u00f3n 2021 &#8211; 2024 La Alcald\u00eda de Medell\u00edn reconoce en las Tecnolog\u00edas de la Informaci\u00f3n un elemento determinante para la construcci\u00f3n de una entidad transparente, moderna y \u00e1gil, que genera &#8230;<\/p>\n","protected":false},"author":31,"featured_media":109249,"parent":20462,"menu_order":0,"comment_status":"closed","ping_status":"closed","template":"sec-innovacion\/elementor.php","meta":[],"acf":[],"_links":{"self":[{"href":"https:\/\/www.medellin.gov.co\/es\/wp-json\/wp\/v2\/pages\/160566"}],"collection":[{"href":"https:\/\/www.medellin.gov.co\/es\/wp-json\/wp\/v2\/pages"}],"about":[{"href":"https:\/\/www.medellin.gov.co\/es\/wp-json\/wp\/v2\/types\/page"}],"author":[{"embeddable":true,"href":"https:\/\/www.medellin.gov.co\/es\/wp-json\/wp\/v2\/users\/31"}],"replies":[{"embeddable":true,"href":"https:\/\/www.medellin.gov.co\/es\/wp-json\/wp\/v2\/comments?post=160566"}],"version-history":[{"count":7,"href":"https:\/\/www.medellin.gov.co\/es\/wp-json\/wp\/v2\/pages\/160566\/revisions"}],"predecessor-version":[{"id":223939,"href":"https:\/\/www.medellin.gov.co\/es\/wp-json\/wp\/v2\/pages\/160566\/revisions\/223939"}],"up":[{"embeddable":true,"href":"https:\/\/www.medellin.gov.co\/es\/wp-json\/wp\/v2\/pages\/20462"}],"wp:featuredmedia":[{"embeddable":true,"href":"https:\/\/www.medellin.gov.co\/es\/wp-json\/wp\/v2\/media\/109249"}],"wp:attachment":[{"href":"https:\/\/www.medellin.gov.co\/es\/wp-json\/wp\/v2\/media?parent=160566"}],"curies":[{"name":"wp","href":"https:\/\/api.w.org\/{rel}","templated":true}]}}