{"id":163673,"date":"2023-03-02T13:15:39","date_gmt":"2023-03-02T18:15:39","guid":{"rendered":"https:\/\/www.medellin.gov.co\/es\/?page_id=163673"},"modified":"2023-05-15T14:19:03","modified_gmt":"2023-05-15T19:19:03","slug":"obras-y-mejoramientos-de-infraestructura-educativa-en-los-corregimientos-de-medellin","status":"publish","type":"page","link":"https:\/\/www.medellin.gov.co\/es\/secretaria-de-educacion\/obras-y-mejoramientos-de-infraestructura-educativa-de-medellin\/obras-y-mejoramientos-de-infraestructura-educativa-en-los-corregimientos-de-medellin\/","title":{"rendered":"Obras y mejoramientos de infraestructura educativa en los corregimientos de Medell\u00edn"},"content":{"rendered":"\t\t<div data-elementor-type=\"wp-page\" data-elementor-id=\"163673\" class=\"elementor elementor-163673\">\n\t\t\t\t\t\t<div class=\"elementor-inner\">\n\t\t\t\t<div class=\"elementor-section-wrap\">\n\t\t\t\t\t\t\t\t\t<section class=\"elementor-section elementor-top-section elementor-element elementor-element-d4f11f5 elementor-section-boxed elementor-section-height-default elementor-section-height-default\" data-id=\"d4f11f5\" data-element_type=\"section\">\n\t\t\t\t\t\t<div class=\"elementor-container elementor-column-gap-default\">\n\t\t\t\t\t\t\t<div class=\"elementor-row\">\n\t\t\t\t\t<div class=\"elementor-column elementor-col-100 elementor-top-column elementor-element elementor-element-06e7b0f\" data-id=\"06e7b0f\" data-element_type=\"column\">\n\t\t\t<div class=\"elementor-column-wrap elementor-element-populated\">\n\t\t\t\t\t\t\t<div class=\"elementor-widget-wrap\">\n\t\t\t\t\t\t<div class=\"elementor-element elementor-element-2b02eff elementor-widget elementor-widget-heading\" data-id=\"2b02eff\" data-element_type=\"widget\" data-widget_type=\"heading.default\">\n\t\t\t\t<div class=\"elementor-widget-container\">\n\t\t\t<h1 class=\"elementor-heading-title elementor-size-default\">Conoce todas las obras y mejoramientos de la infraestructura educativa en los corregimientos de Medell\u00edn<\/h1>\t\t<\/div>\n\t\t\t\t<\/div>\n\t\t\t\t<div class=\"elementor-element elementor-element-57c9e2f elementor-widget elementor-widget-text-editor\" data-id=\"57c9e2f\" data-element_type=\"widget\" data-widget_type=\"text-editor.default\">\n\t\t\t\t<div class=\"elementor-widget-container\">\n\t\t\t\t\t\t\t\t<div class=\"elementor-text-editor elementor-clearfix\">\n\t\t\t\t<p>Por Medell\u00edn, en 2023 continuaremos con la ejecuci\u00f3n de 72 obras y mejoramientos de la infraestructura educativa en los corregimientos San Sebasti\u00e1n de Palmitas, San Crist\u00f3bal, Altavista, San Antonio de Prado y Santa Elena.<\/p>\t\t\t\t\t<\/div>\n\t\t\t\t\t\t<\/div>\n\t\t\t\t<\/div>\n\t\t\t\t<div class=\"elementor-element elementor-element-01c2d0f elementor-widget elementor-widget-heading\" data-id=\"01c2d0f\" data-element_type=\"widget\" data-widget_type=\"heading.default\">\n\t\t\t\t<div class=\"elementor-widget-container\">\n\t\t\t<h2 class=\"elementor-heading-title elementor-size-default\"><b>Obras y<\/b> mejoramientos de la infraestructura educativa en el corregimiento de San Sebasti\u00e1n de Palmitas<\/h2>\t\t<\/div>\n\t\t\t\t<\/div>\n\t\t\t\t<section class=\"elementor-section elementor-inner-section elementor-element elementor-element-e9d9097 elementor-section-boxed elementor-section-height-default elementor-section-height-default\" data-id=\"e9d9097\" data-element_type=\"section\">\n\t\t\t\t\t\t<div class=\"elementor-container elementor-column-gap-default\">\n\t\t\t\t\t\t\t<div class=\"elementor-row\">\n\t\t\t\t\t<div class=\"elementor-column elementor-col-50 elementor-inner-column elementor-element elementor-element-180813e\" data-id=\"180813e\" data-element_type=\"column\">\n\t\t\t<div class=\"elementor-column-wrap elementor-element-populated\">\n\t\t\t\t\t\t\t<div class=\"elementor-widget-wrap\">\n\t\t\t\t\t\t<div class=\"elementor-element elementor-element-c256526 elementor-widget elementor-widget-text-editor\" data-id=\"c256526\" data-element_type=\"widget\" data-widget_type=\"text-editor.default\">\n\t\t\t\t<div class=\"elementor-widget-container\">\n\t\t\t\t\t\t\t\t<div class=\"elementor-text-editor elementor-clearfix\">\n\t\t\t\t<p>Ent\u00e9rate de las 11 obras de mejoramiento de la infraestructura educativa que llevaremos a cabo en la Comuna 50 &#8211; San Sebasti\u00e1n de Palmitas.<\/p><p><a href=\"https:\/\/www.medellin.gov.co\/es\/secretaria-de-educacion\/obras-y-mejoramientos-de-infraestructura-educativa-de-medellin\/obras-y-mejoramientos-de-infraestructura-educativa-en-los-corregimientos-de-medellin\/obras-y-mejoramientos-de-la-infraestructura-educativa-en-san-sebastin-de-palmitas\/\">Conoce todas las mejoras de infraestructura educativa Comuna 50 &#8211; San Sebasti\u00e1n de Palmitas.<\/a><\/p>\t\t\t\t\t<\/div>\n\t\t\t\t\t\t<\/div>\n\t\t\t\t<\/div>\n\t\t\t\t\t\t<\/div>\n\t\t\t\t\t<\/div>\n\t\t<\/div>\n\t\t\t\t<div class=\"elementor-column elementor-col-50 elementor-inner-column elementor-element elementor-element-87240eb\" data-id=\"87240eb\" data-element_type=\"column\">\n\t\t\t<div class=\"elementor-column-wrap elementor-element-populated\">\n\t\t\t\t\t\t\t<div class=\"elementor-widget-wrap\">\n\t\t\t\t\t\t<div class=\"elementor-element elementor-element-37ebfce elementor-widget elementor-widget-image\" data-id=\"37ebfce\" data-element_type=\"widget\" data-widget_type=\"image.default\">\n\t\t\t\t<div class=\"elementor-widget-container\">\n\t\t\t\t\t\t\t\t<div class=\"elementor-image\">\n\t\t\t\t\t\t\t\t\t\t\t\t\t<a href=\"https:\/\/www.medellin.gov.co\/es\/secretaria-de-educacion\/obras-y-mejoramientos-de-infraestructura-educativa-de-medellin\/obras-y-mejoramientos-de-infraestructura-educativa-en-los-corregimientos-de-medellin\/obras-y-mejoramientos-de-la-infraestructura-educativa-en-san-sebastin-de-palmitas\/\">\n\t\t\t\t\t\t\t<img width=\"300\" height=\"300\" src=\"https:\/\/www.medellin.gov.co\/es\/wp-content\/uploads\/2022\/09\/mapa-ssp-300x300.png\" class=\"attachment-medium size-medium\" alt=\"Mapa San Sebasti\u00e1n de Palmitas\" loading=\"lazy\" srcset=\"https:\/\/www.medellin.gov.co\/es\/wp-content\/uploads\/2022\/09\/mapa-ssp-300x300.png 300w, https:\/\/www.medellin.gov.co\/es\/wp-content\/uploads\/2022\/09\/mapa-ssp-1024x1024.png 1024w, https:\/\/www.medellin.gov.co\/es\/wp-content\/uploads\/2022\/09\/mapa-ssp-150x150.png 150w, https:\/\/www.medellin.gov.co\/es\/wp-content\/uploads\/2022\/09\/mapa-ssp-768x768.png 768w, https:\/\/www.medellin.gov.co\/es\/wp-content\/uploads\/2022\/09\/mapa-ssp.png 1080w\" sizes=\"(max-width: 300px) 100vw, 300px\" \/>\t\t\t\t\t\t\t\t<\/a>\n\t\t\t\t\t\t\t\t\t\t\t\t\t\t<\/div>\n\t\t\t\t\t\t<\/div>\n\t\t\t\t<\/div>\n\t\t\t\t\t\t<\/div>\n\t\t\t\t\t<\/div>\n\t\t<\/div>\n\t\t\t\t\t\t\t\t<\/div>\n\t\t\t\t\t<\/div>\n\t\t<\/section>\n\t\t\t\t<div class=\"elementor-element elementor-element-984cb85 elementor-widget elementor-widget-heading\" data-id=\"984cb85\" data-element_type=\"widget\" data-widget_type=\"heading.default\">\n\t\t\t\t<div class=\"elementor-widget-container\">\n\t\t\t<h2 class=\"elementor-heading-title elementor-size-default\"><b>Obras y<\/b> mejoramientos de la infraestructura educativa en el corregimiento de San Crist\u00f3bal<\/h2>\t\t<\/div>\n\t\t\t\t<\/div>\n\t\t\t\t<section class=\"elementor-section elementor-inner-section elementor-element elementor-element-ddfd84e elementor-section-boxed elementor-section-height-default elementor-section-height-default\" data-id=\"ddfd84e\" data-element_type=\"section\">\n\t\t\t\t\t\t<div class=\"elementor-container elementor-column-gap-default\">\n\t\t\t\t\t\t\t<div class=\"elementor-row\">\n\t\t\t\t\t<div class=\"elementor-column elementor-col-50 elementor-inner-column elementor-element elementor-element-8e493d9\" data-id=\"8e493d9\" data-element_type=\"column\">\n\t\t\t<div class=\"elementor-column-wrap elementor-element-populated\">\n\t\t\t\t\t\t\t<div class=\"elementor-widget-wrap\">\n\t\t\t\t\t\t<div class=\"elementor-element elementor-element-a83ca1f elementor-widget elementor-widget-text-editor\" data-id=\"a83ca1f\" data-element_type=\"widget\" data-widget_type=\"text-editor.default\">\n\t\t\t\t<div class=\"elementor-widget-container\">\n\t\t\t\t\t\t\t\t<div class=\"elementor-text-editor elementor-clearfix\">\n\t\t\t\t<p>Ent\u00e9rate de las 20 obras de mejoramiento de la infraestructura educativa que llevaremos a cabo en la Comuna 60 &#8211; San Crist\u00f3bal.<\/p><p><a href=\"https:\/\/www.medellin.gov.co\/es\/secretaria-de-educacion\/obras-y-mejoramientos-de-infraestructura-educativa-de-medellin\/obras-y-mejoramientos-de-infraestructura-educativa-en-los-corregimientos-de-medellin\/obras-y-mejoramientos-de-la-infraestructura-educativa-en-san-cristobal\/\">Conoce todas las mejoras de infraestructura educativa Comuna 60 &#8211; San Crist\u00f3bal.<\/a><\/p>\t\t\t\t\t<\/div>\n\t\t\t\t\t\t<\/div>\n\t\t\t\t<\/div>\n\t\t\t\t\t\t<\/div>\n\t\t\t\t\t<\/div>\n\t\t<\/div>\n\t\t\t\t<div class=\"elementor-column elementor-col-50 elementor-inner-column elementor-element elementor-element-dc1855f\" data-id=\"dc1855f\" data-element_type=\"column\">\n\t\t\t<div class=\"elementor-column-wrap elementor-element-populated\">\n\t\t\t\t\t\t\t<div class=\"elementor-widget-wrap\">\n\t\t\t\t\t\t<div class=\"elementor-element elementor-element-11d826c elementor-widget elementor-widget-image\" data-id=\"11d826c\" data-element_type=\"widget\" data-widget_type=\"image.default\">\n\t\t\t\t<div class=\"elementor-widget-container\">\n\t\t\t\t\t\t\t\t<div class=\"elementor-image\">\n\t\t\t\t\t\t\t\t\t\t\t\t\t<a href=\"https:\/\/www.medellin.gov.co\/es\/secretaria-de-educacion\/obras-y-mejoramientos-de-infraestructura-educativa-de-medellin\/obras-y-mejoramientos-de-infraestructura-educativa-en-los-corregimientos-de-medellin\/obras-y-mejoramientos-de-la-infraestructura-educativa-en-san-cristobal\/\">\n\t\t\t\t\t\t\t<img width=\"300\" height=\"300\" src=\"https:\/\/www.medellin.gov.co\/es\/wp-content\/uploads\/2022\/09\/mapa-sc-300x300.png\" class=\"attachment-medium size-medium\" alt=\"Mapa San Cristobal\" loading=\"lazy\" srcset=\"https:\/\/www.medellin.gov.co\/es\/wp-content\/uploads\/2022\/09\/mapa-sc-300x300.png 300w, https:\/\/www.medellin.gov.co\/es\/wp-content\/uploads\/2022\/09\/mapa-sc-1024x1024.png 1024w, https:\/\/www.medellin.gov.co\/es\/wp-content\/uploads\/2022\/09\/mapa-sc-150x150.png 150w, https:\/\/www.medellin.gov.co\/es\/wp-content\/uploads\/2022\/09\/mapa-sc-768x768.png 768w, https:\/\/www.medellin.gov.co\/es\/wp-content\/uploads\/2022\/09\/mapa-sc.png 1080w\" sizes=\"(max-width: 300px) 100vw, 300px\" \/>\t\t\t\t\t\t\t\t<\/a>\n\t\t\t\t\t\t\t\t\t\t\t\t\t\t<\/div>\n\t\t\t\t\t\t<\/div>\n\t\t\t\t<\/div>\n\t\t\t\t\t\t<\/div>\n\t\t\t\t\t<\/div>\n\t\t<\/div>\n\t\t\t\t\t\t\t\t<\/div>\n\t\t\t\t\t<\/div>\n\t\t<\/section>\n\t\t\t\t<div class=\"elementor-element elementor-element-13d0d5b elementor-widget elementor-widget-heading\" data-id=\"13d0d5b\" data-element_type=\"widget\" data-widget_type=\"heading.default\">\n\t\t\t\t<div class=\"elementor-widget-container\">\n\t\t\t<h2 class=\"elementor-heading-title elementor-size-default\"><b>Obras y<\/b> mejoramientos de la infraestructura educativa en el corregimiento de Altavista<\/h2>\t\t<\/div>\n\t\t\t\t<\/div>\n\t\t\t\t<section class=\"elementor-section elementor-inner-section elementor-element elementor-element-cddd9d9 elementor-section-boxed elementor-section-height-default elementor-section-height-default\" data-id=\"cddd9d9\" data-element_type=\"section\">\n\t\t\t\t\t\t<div class=\"elementor-container elementor-column-gap-default\">\n\t\t\t\t\t\t\t<div class=\"elementor-row\">\n\t\t\t\t\t<div class=\"elementor-column elementor-col-50 elementor-inner-column elementor-element elementor-element-86f67eb\" data-id=\"86f67eb\" data-element_type=\"column\">\n\t\t\t<div class=\"elementor-column-wrap elementor-element-populated\">\n\t\t\t\t\t\t\t<div class=\"elementor-widget-wrap\">\n\t\t\t\t\t\t<div class=\"elementor-element elementor-element-8ad1598 elementor-widget elementor-widget-text-editor\" data-id=\"8ad1598\" data-element_type=\"widget\" data-widget_type=\"text-editor.default\">\n\t\t\t\t<div class=\"elementor-widget-container\">\n\t\t\t\t\t\t\t\t<div class=\"elementor-text-editor elementor-clearfix\">\n\t\t\t\t<p>Ent\u00e9rate de las 8 obras de mejoramiento de la infraestructura educativa que llevaremos a cabo en la Comuna 70 &#8211; Altavista.<\/p><p><a href=\"https:\/\/www.medellin.gov.co\/es\/secretaria-de-educacion\/obras-y-mejoramientos-de-infraestructura-educativa-de-medellin\/obras-y-mejoramientos-de-infraestructura-educativa-en-los-corregimientos-de-medellin\/obras-y-mejoramientos-de-la-infraestructura-educativa-en-altavista\/\">Conoce todas las mejoras de infraestructura educativa Comuna 70 &#8211; Altavista.<\/a><\/p>\t\t\t\t\t<\/div>\n\t\t\t\t\t\t<\/div>\n\t\t\t\t<\/div>\n\t\t\t\t\t\t<\/div>\n\t\t\t\t\t<\/div>\n\t\t<\/div>\n\t\t\t\t<div class=\"elementor-column elementor-col-50 elementor-inner-column elementor-element elementor-element-2e57cc4\" data-id=\"2e57cc4\" data-element_type=\"column\">\n\t\t\t<div class=\"elementor-column-wrap elementor-element-populated\">\n\t\t\t\t\t\t\t<div class=\"elementor-widget-wrap\">\n\t\t\t\t\t\t<div class=\"elementor-element elementor-element-747b2fa elementor-widget elementor-widget-image\" data-id=\"747b2fa\" data-element_type=\"widget\" data-widget_type=\"image.default\">\n\t\t\t\t<div class=\"elementor-widget-container\">\n\t\t\t\t\t\t\t\t<div class=\"elementor-image\">\n\t\t\t\t\t\t\t\t\t\t\t\t\t<a href=\"https:\/\/www.medellin.gov.co\/es\/secretaria-de-educacion\/obras-y-mejoramientos-de-infraestructura-educativa-de-medellin\/obras-y-mejoramientos-de-infraestructura-educativa-en-los-corregimientos-de-medellin\/obras-y-mejoramientos-de-la-infraestructura-educativa-en-altavista\/\">\n\t\t\t\t\t\t\t<img width=\"300\" height=\"300\" src=\"https:\/\/www.medellin.gov.co\/es\/wp-content\/uploads\/2022\/09\/mapa-alt-300x300.png\" class=\"attachment-medium size-medium\" alt=\"Mapa Altavista\" loading=\"lazy\" srcset=\"https:\/\/www.medellin.gov.co\/es\/wp-content\/uploads\/2022\/09\/mapa-alt-300x300.png 300w, https:\/\/www.medellin.gov.co\/es\/wp-content\/uploads\/2022\/09\/mapa-alt-1024x1024.png 1024w, https:\/\/www.medellin.gov.co\/es\/wp-content\/uploads\/2022\/09\/mapa-alt-150x150.png 150w, https:\/\/www.medellin.gov.co\/es\/wp-content\/uploads\/2022\/09\/mapa-alt-768x768.png 768w, https:\/\/www.medellin.gov.co\/es\/wp-content\/uploads\/2022\/09\/mapa-alt.png 1080w\" sizes=\"(max-width: 300px) 100vw, 300px\" \/>\t\t\t\t\t\t\t\t<\/a>\n\t\t\t\t\t\t\t\t\t\t\t\t\t\t<\/div>\n\t\t\t\t\t\t<\/div>\n\t\t\t\t<\/div>\n\t\t\t\t\t\t<\/div>\n\t\t\t\t\t<\/div>\n\t\t<\/div>\n\t\t\t\t\t\t\t\t<\/div>\n\t\t\t\t\t<\/div>\n\t\t<\/section>\n\t\t\t\t<div class=\"elementor-element elementor-element-af9b95e elementor-widget elementor-widget-heading\" data-id=\"af9b95e\" data-element_type=\"widget\" data-widget_type=\"heading.default\">\n\t\t\t\t<div class=\"elementor-widget-container\">\n\t\t\t<h2 class=\"elementor-heading-title elementor-size-default\"><b>Obras y<\/b> mejoramientos de la infraestructura educativa en el corregimiento de San Antonio de Prado<\/h2>\t\t<\/div>\n\t\t\t\t<\/div>\n\t\t\t\t<section class=\"elementor-section elementor-inner-section elementor-element elementor-element-fb59724 elementor-section-boxed elementor-section-height-default elementor-section-height-default\" data-id=\"fb59724\" data-element_type=\"section\">\n\t\t\t\t\t\t<div class=\"elementor-container elementor-column-gap-default\">\n\t\t\t\t\t\t\t<div class=\"elementor-row\">\n\t\t\t\t\t<div class=\"elementor-column elementor-col-50 elementor-inner-column elementor-element elementor-element-551b200\" data-id=\"551b200\" data-element_type=\"column\">\n\t\t\t<div class=\"elementor-column-wrap elementor-element-populated\">\n\t\t\t\t\t\t\t<div class=\"elementor-widget-wrap\">\n\t\t\t\t\t\t<div class=\"elementor-element elementor-element-d69df4f elementor-widget elementor-widget-text-editor\" data-id=\"d69df4f\" data-element_type=\"widget\" data-widget_type=\"text-editor.default\">\n\t\t\t\t<div class=\"elementor-widget-container\">\n\t\t\t\t\t\t\t\t<div class=\"elementor-text-editor elementor-clearfix\">\n\t\t\t\t<p>Ent\u00e9rate de las 23 obras de mejoramiento de la infraestructura educativa que llevaremos a cabo en la Comuna 80 &#8211; San Antonio de Prado.<\/p><p><a href=\"https:\/\/www.medellin.gov.co\/es\/secretaria-de-educacion\/obras-y-mejoramientos-de-infraestructura-educativa-de-medellin\/obras-y-mejoramientos-de-infraestructura-educativa-en-los-corregimientos-de-medellin\/obras-y-mejoramientos-de-la-infraestructura-educativa-en-san-antonio-de-prado\/\">Conoce todas las mejoras de infraestructura educativa Comuna 80 &#8211; San Antonio de Prado.<\/a><\/p>\t\t\t\t\t<\/div>\n\t\t\t\t\t\t<\/div>\n\t\t\t\t<\/div>\n\t\t\t\t\t\t<\/div>\n\t\t\t\t\t<\/div>\n\t\t<\/div>\n\t\t\t\t<div class=\"elementor-column elementor-col-50 elementor-inner-column elementor-element elementor-element-ea47b6d\" data-id=\"ea47b6d\" data-element_type=\"column\">\n\t\t\t<div class=\"elementor-column-wrap elementor-element-populated\">\n\t\t\t\t\t\t\t<div class=\"elementor-widget-wrap\">\n\t\t\t\t\t\t<div class=\"elementor-element elementor-element-f341659 elementor-widget elementor-widget-image\" data-id=\"f341659\" data-element_type=\"widget\" data-widget_type=\"image.default\">\n\t\t\t\t<div class=\"elementor-widget-container\">\n\t\t\t\t\t\t\t\t<div class=\"elementor-image\">\n\t\t\t\t\t\t\t\t\t\t\t\t\t<a href=\"https:\/\/www.medellin.gov.co\/es\/secretaria-de-educacion\/obras-y-mejoramientos-de-infraestructura-educativa-de-medellin\/obras-y-mejoramientos-de-infraestructura-educativa-en-los-corregimientos-de-medellin\/obras-y-mejoramientos-de-la-infraestructura-educativa-en-san-antonio-de-prado\/\">\n\t\t\t\t\t\t\t<img width=\"300\" height=\"300\" src=\"https:\/\/www.medellin.gov.co\/es\/wp-content\/uploads\/2022\/09\/mapa-sap-300x300.png\" class=\"attachment-medium size-medium\" alt=\"Mapa San Antonio de Prado\" loading=\"lazy\" srcset=\"https:\/\/www.medellin.gov.co\/es\/wp-content\/uploads\/2022\/09\/mapa-sap-300x300.png 300w, https:\/\/www.medellin.gov.co\/es\/wp-content\/uploads\/2022\/09\/mapa-sap-1024x1024.png 1024w, https:\/\/www.medellin.gov.co\/es\/wp-content\/uploads\/2022\/09\/mapa-sap-150x150.png 150w, https:\/\/www.medellin.gov.co\/es\/wp-content\/uploads\/2022\/09\/mapa-sap-768x768.png 768w, https:\/\/www.medellin.gov.co\/es\/wp-content\/uploads\/2022\/09\/mapa-sap.png 1080w\" sizes=\"(max-width: 300px) 100vw, 300px\" \/>\t\t\t\t\t\t\t\t<\/a>\n\t\t\t\t\t\t\t\t\t\t\t\t\t\t<\/div>\n\t\t\t\t\t\t<\/div>\n\t\t\t\t<\/div>\n\t\t\t\t\t\t<\/div>\n\t\t\t\t\t<\/div>\n\t\t<\/div>\n\t\t\t\t\t\t\t\t<\/div>\n\t\t\t\t\t<\/div>\n\t\t<\/section>\n\t\t\t\t<div class=\"elementor-element elementor-element-c6e915b elementor-widget elementor-widget-heading\" data-id=\"c6e915b\" data-element_type=\"widget\" data-widget_type=\"heading.default\">\n\t\t\t\t<div class=\"elementor-widget-container\">\n\t\t\t<h2 class=\"elementor-heading-title elementor-size-default\"><b>Obras y<\/b> mejoramientos de la infraestructura educativa en el corregimiento de Santa Elena<\/h2>\t\t<\/div>\n\t\t\t\t<\/div>\n\t\t\t\t<section class=\"elementor-section elementor-inner-section elementor-element elementor-element-730eca8 elementor-section-boxed elementor-section-height-default elementor-section-height-default\" data-id=\"730eca8\" data-element_type=\"section\">\n\t\t\t\t\t\t<div class=\"elementor-container elementor-column-gap-default\">\n\t\t\t\t\t\t\t<div class=\"elementor-row\">\n\t\t\t\t\t<div class=\"elementor-column elementor-col-50 elementor-inner-column elementor-element elementor-element-43f441e\" data-id=\"43f441e\" data-element_type=\"column\">\n\t\t\t<div class=\"elementor-column-wrap elementor-element-populated\">\n\t\t\t\t\t\t\t<div class=\"elementor-widget-wrap\">\n\t\t\t\t\t\t<div class=\"elementor-element elementor-element-0f53fc7 elementor-widget elementor-widget-text-editor\" data-id=\"0f53fc7\" data-element_type=\"widget\" data-widget_type=\"text-editor.default\">\n\t\t\t\t<div class=\"elementor-widget-container\">\n\t\t\t\t\t\t\t\t<div class=\"elementor-text-editor elementor-clearfix\">\n\t\t\t\t<p>Ent\u00e9rate de las 10 obras de mejoramiento de la infraestructura educativa que llevaremos a cabo en la Comuna 90 &#8211; Santa Elena.<\/p><p><a href=\"https:\/\/www.medellin.gov.co\/es\/secretaria-de-educacion\/obras-y-mejoramientos-de-infraestructura-educativa-de-medellin\/obras-y-mejoramientos-de-infraestructura-educativa-en-los-corregimientos-de-medellin\/obras-y-mejoramientos-de-la-infraestructura-educativa-en-santa-elena\/\">Conoce todas las mejoras de infraestructura educativa Comuna 90 &#8211; Santa Elena.<\/a><\/p>\t\t\t\t\t<\/div>\n\t\t\t\t\t\t<\/div>\n\t\t\t\t<\/div>\n\t\t\t\t\t\t<\/div>\n\t\t\t\t\t<\/div>\n\t\t<\/div>\n\t\t\t\t<div class=\"elementor-column elementor-col-50 elementor-inner-column elementor-element elementor-element-a671ffd\" data-id=\"a671ffd\" data-element_type=\"column\">\n\t\t\t<div class=\"elementor-column-wrap elementor-element-populated\">\n\t\t\t\t\t\t\t<div class=\"elementor-widget-wrap\">\n\t\t\t\t\t\t<div class=\"elementor-element elementor-element-26c6671 elementor-widget elementor-widget-image\" data-id=\"26c6671\" data-element_type=\"widget\" data-widget_type=\"image.default\">\n\t\t\t\t<div class=\"elementor-widget-container\">\n\t\t\t\t\t\t\t\t<div class=\"elementor-image\">\n\t\t\t\t\t\t\t\t\t\t\t\t\t<a href=\"https:\/\/www.medellin.gov.co\/es\/secretaria-de-educacion\/obras-y-mejoramientos-de-infraestructura-educativa-de-medellin\/obras-y-mejoramientos-de-infraestructura-educativa-en-los-corregimientos-de-medellin\/obras-y-mejoramientos-de-la-infraestructura-educativa-en-santa-elena\/\">\n\t\t\t\t\t\t\t<img width=\"300\" height=\"300\" src=\"https:\/\/www.medellin.gov.co\/es\/wp-content\/uploads\/2022\/09\/mapa-se-300x300.png\" class=\"attachment-medium size-medium\" alt=\"Mapa Santa Elena\" loading=\"lazy\" srcset=\"https:\/\/www.medellin.gov.co\/es\/wp-content\/uploads\/2022\/09\/mapa-se-300x300.png 300w, https:\/\/www.medellin.gov.co\/es\/wp-content\/uploads\/2022\/09\/mapa-se-1024x1024.png 1024w, https:\/\/www.medellin.gov.co\/es\/wp-content\/uploads\/2022\/09\/mapa-se-150x150.png 150w, https:\/\/www.medellin.gov.co\/es\/wp-content\/uploads\/2022\/09\/mapa-se-768x768.png 768w, https:\/\/www.medellin.gov.co\/es\/wp-content\/uploads\/2022\/09\/mapa-se.png 1080w\" sizes=\"(max-width: 300px) 100vw, 300px\" \/>\t\t\t\t\t\t\t\t<\/a>\n\t\t\t\t\t\t\t\t\t\t\t\t\t\t<\/div>\n\t\t\t\t\t\t<\/div>\n\t\t\t\t<\/div>\n\t\t\t\t\t\t<\/div>\n\t\t\t\t\t<\/div>\n\t\t<\/div>\n\t\t\t\t\t\t\t\t<\/div>\n\t\t\t\t\t<\/div>\n\t\t<\/section>\n\t\t\t\t\t\t<\/div>\n\t\t\t\t\t<\/div>\n\t\t<\/div>\n\t\t\t\t\t\t\t\t<\/div>\n\t\t\t\t\t<\/div>\n\t\t<\/section>\n\t\t\t\t\t\t\t\t\t<\/div>\n\t\t\t<\/div>\n\t\t\t\t\t<\/div>\n\t\t","protected":false},"excerpt":{"rendered":"<p>Conoce todas las obras y mejoramientos de la infraestructura educativa en los corregimientos de Medell\u00edn Por Medell\u00edn, en 2023 continuaremos con la ejecuci\u00f3n de 72 obras y mejoramientos de la infraestructura educativa en los corregimientos &#8230;<\/p>\n","protected":false},"author":31,"featured_media":69220,"parent":163243,"menu_order":0,"comment_status":"closed","ping_status":"closed","template":"sec-educacion\/elementor.php","meta":[],"acf":[],"_links":{"self":[{"href":"https:\/\/www.medellin.gov.co\/es\/wp-json\/wp\/v2\/pages\/163673"}],"collection":[{"href":"https:\/\/www.medellin.gov.co\/es\/wp-json\/wp\/v2\/pages"}],"about":[{"href":"https:\/\/www.medellin.gov.co\/es\/wp-json\/wp\/v2\/types\/page"}],"author":[{"embeddable":true,"href":"https:\/\/www.medellin.gov.co\/es\/wp-json\/wp\/v2\/users\/31"}],"replies":[{"embeddable":true,"href":"https:\/\/www.medellin.gov.co\/es\/wp-json\/wp\/v2\/comments?post=163673"}],"version-history":[{"count":8,"href":"https:\/\/www.medellin.gov.co\/es\/wp-json\/wp\/v2\/pages\/163673\/revisions"}],"predecessor-version":[{"id":196477,"href":"https:\/\/www.medellin.gov.co\/es\/wp-json\/wp\/v2\/pages\/163673\/revisions\/196477"}],"up":[{"embeddable":true,"href":"https:\/\/www.medellin.gov.co\/es\/wp-json\/wp\/v2\/pages\/163243"}],"wp:featuredmedia":[{"embeddable":true,"href":"https:\/\/www.medellin.gov.co\/es\/wp-json\/wp\/v2\/media\/69220"}],"wp:attachment":[{"href":"https:\/\/www.medellin.gov.co\/es\/wp-json\/wp\/v2\/media?parent=163673"}],"curies":[{"name":"wp","href":"https:\/\/api.w.org\/{rel}","templated":true}]}}