{"id":163730,"date":"2023-03-02T13:45:05","date_gmt":"2023-03-02T18:45:05","guid":{"rendered":"https:\/\/www.medellin.gov.co\/es\/?page_id=163730"},"modified":"2023-05-15T14:17:57","modified_gmt":"2023-05-15T19:17:57","slug":"obras-y-mejoramientos-de-la-infraestructura-educativa-en-la-comuna-2-santa-cruz","status":"publish","type":"page","link":"https:\/\/www.medellin.gov.co\/es\/secretaria-de-educacion\/obras-y-mejoramientos-de-infraestructura-educativa-de-medellin\/obras-y-mejoramientos-de-infraestructura-educativa-en-la-zona-1-de-medellin\/obras-y-mejoramientos-de-la-infraestructura-educativa-en-la-comuna-2-santa-cruz\/","title":{"rendered":"Obras y mejoramientos de la infraestructura educativa en la Comuna 2 \u2013 Santa Cruz"},"content":{"rendered":"\t\t<div data-elementor-type=\"wp-page\" data-elementor-id=\"163730\" class=\"elementor elementor-163730\">\n\t\t\t\t\t\t<div class=\"elementor-inner\">\n\t\t\t\t<div class=\"elementor-section-wrap\">\n\t\t\t\t\t\t\t\t\t<section class=\"elementor-section elementor-top-section elementor-element elementor-element-d8bbe02 elementor-section-boxed elementor-section-height-default elementor-section-height-default\" data-id=\"d8bbe02\" data-element_type=\"section\">\n\t\t\t\t\t\t<div class=\"elementor-container elementor-column-gap-default\">\n\t\t\t\t\t\t\t<div class=\"elementor-row\">\n\t\t\t\t\t<div class=\"elementor-column elementor-col-100 elementor-top-column elementor-element elementor-element-4a3ffda\" data-id=\"4a3ffda\" data-element_type=\"column\">\n\t\t\t<div class=\"elementor-column-wrap elementor-element-populated\">\n\t\t\t\t\t\t\t<div class=\"elementor-widget-wrap\">\n\t\t\t\t\t\t<div class=\"elementor-element elementor-element-46e279a elementor-widget elementor-widget-heading\" data-id=\"46e279a\" data-element_type=\"widget\" data-widget_type=\"heading.default\">\n\t\t\t\t<div class=\"elementor-widget-container\">\n\t\t\t<h1 class=\"elementor-heading-title elementor-size-default\">Conoce todas las obras y mejoramientos de la infraestructura educativa de la Comuna 2 - Santa Cruz<\/h1>\t\t<\/div>\n\t\t\t\t<\/div>\n\t\t\t\t<section class=\"elementor-section elementor-inner-section elementor-element elementor-element-52f7fab elementor-section-boxed elementor-section-height-default elementor-section-height-default\" data-id=\"52f7fab\" data-element_type=\"section\">\n\t\t\t\t\t\t<div class=\"elementor-container elementor-column-gap-default\">\n\t\t\t\t\t\t\t<div class=\"elementor-row\">\n\t\t\t\t\t<div class=\"elementor-column elementor-col-50 elementor-inner-column elementor-element elementor-element-be59615\" data-id=\"be59615\" data-element_type=\"column\">\n\t\t\t<div class=\"elementor-column-wrap elementor-element-populated\">\n\t\t\t\t\t\t\t<div class=\"elementor-widget-wrap\">\n\t\t\t\t\t\t<div class=\"elementor-element elementor-element-7e1db52 elementor-widget elementor-widget-text-editor\" data-id=\"7e1db52\" data-element_type=\"widget\" data-widget_type=\"text-editor.default\">\n\t\t\t\t<div class=\"elementor-widget-container\">\n\t\t\t\t\t\t\t\t<div class=\"elementor-text-editor elementor-clearfix\">\n\t\t\t\t<p><span data-sheets-value=\"{\" data-sheets-userformat=\"{\">En 2023, la comuna 2 \u2013 Santa Cruz ser\u00e1 beneficiada con 22 obras que embellecer\u00e1n y mejorar\u00e1n su infraestructura educativa, para fortalecer el Valle del Software y la transformaci\u00f3n educativa y cultural.<\/span><\/p>\t\t\t\t\t<\/div>\n\t\t\t\t\t\t<\/div>\n\t\t\t\t<\/div>\n\t\t\t\t\t\t<\/div>\n\t\t\t\t\t<\/div>\n\t\t<\/div>\n\t\t\t\t<div class=\"elementor-column elementor-col-50 elementor-inner-column elementor-element elementor-element-45df210\" data-id=\"45df210\" data-element_type=\"column\">\n\t\t\t<div class=\"elementor-column-wrap elementor-element-populated\">\n\t\t\t\t\t\t\t<div class=\"elementor-widget-wrap\">\n\t\t\t\t\t\t<div class=\"elementor-element elementor-element-f138179 elementor-widget elementor-widget-image\" data-id=\"f138179\" data-element_type=\"widget\" data-widget_type=\"image.default\">\n\t\t\t\t<div class=\"elementor-widget-container\">\n\t\t\t\t\t\t\t\t<div class=\"elementor-image\">\n\t\t\t\t\t\t\t\t\t\t\t\t<img width=\"1000\" height=\"450\" src=\"https:\/\/www.medellin.gov.co\/es\/wp-content\/uploads\/2022\/04\/20220331-Colegio-Diego-Echavarria-1.jpg\" class=\"attachment-large size-large\" alt=\"20220331-Colegio-Diego-Echavarria-1\" loading=\"lazy\" srcset=\"https:\/\/www.medellin.gov.co\/es\/wp-content\/uploads\/2022\/04\/20220331-Colegio-Diego-Echavarria-1.jpg 1000w, https:\/\/www.medellin.gov.co\/es\/wp-content\/uploads\/2022\/04\/20220331-Colegio-Diego-Echavarria-1-300x135.jpg 300w, https:\/\/www.medellin.gov.co\/es\/wp-content\/uploads\/2022\/04\/20220331-Colegio-Diego-Echavarria-1-150x68.jpg 150w, https:\/\/www.medellin.gov.co\/es\/wp-content\/uploads\/2022\/04\/20220331-Colegio-Diego-Echavarria-1-768x346.jpg 768w\" sizes=\"(max-width: 1000px) 100vw, 1000px\" \/>\t\t\t\t\t\t\t\t\t\t\t\t\t\t<\/div>\n\t\t\t\t\t\t<\/div>\n\t\t\t\t<\/div>\n\t\t\t\t\t\t<\/div>\n\t\t\t\t\t<\/div>\n\t\t<\/div>\n\t\t\t\t\t\t\t\t<\/div>\n\t\t\t\t\t<\/div>\n\t\t<\/section>\n\t\t\t\t<div class=\"elementor-element elementor-element-042b116 elementor-widget elementor-widget-heading\" data-id=\"042b116\" data-element_type=\"widget\" data-widget_type=\"heading.default\">\n\t\t\t\t<div class=\"elementor-widget-container\">\n\t\t\t<h2 class=\"elementor-heading-title elementor-size-default\"><b>Infraestructura<\/b> educativa a intervenir en la Comuna 2 - Santa Cruz<\/h2>\t\t<\/div>\n\t\t\t\t<\/div>\n\t\t\t\t<div class=\"elementor-element elementor-element-bbdb629 elementor-widget elementor-widget-text-editor\" data-id=\"bbdb629\" data-element_type=\"widget\" data-widget_type=\"text-editor.default\">\n\t\t\t\t<div class=\"elementor-widget-container\">\n\t\t\t\t\t\t\t\t<div class=\"elementor-text-editor elementor-clearfix\">\n\t\t\t\t<p>Para conocer el detalle de cada una de las intervenciones de las infraestructuras educativas, da clic sobre el nombre. Medell\u00edn est\u00e1 mejor que nunca.<\/p>\t\t\t\t\t<\/div>\n\t\t\t\t\t\t<\/div>\n\t\t\t\t<\/div>\n\t\t\t\t<div class=\"elementor-element elementor-element-76a9a99 elementor-widget elementor-widget-text-editor\" data-id=\"76a9a99\" data-element_type=\"widget\" data-widget_type=\"text-editor.default\">\n\t\t\t\t<div class=\"elementor-widget-container\">\n\t\t\t\t\t\t\t\t<div class=\"elementor-text-editor elementor-clearfix\">\n\t\t\t\t<p>Instituci\u00f3n Educativa Fe Y Alegr\u00eda Jos\u00e9 Mar\u00eda Velaz<\/p><p>Instituci\u00f3n Educativa Barrio Santa Cruz<\/p><p>Instituci\u00f3n Educativa La Asunci\u00f3n<\/p><p>Instituci\u00f3n Educativa Ciro Mend\u00eda<\/p><ul><li>Secci\u00f3n Escuela Arzobispo Garc\u00eda<\/li><\/ul><p>Instituci\u00f3n Educativa Republica De Honduras<\/p><ul><li>Secci\u00f3n Escuela Municipal La Rosa<\/li><\/ul><p>Instituci\u00f3n Educativa Manuel Uribe \u00c1ngel<\/p><ul><li>Secci\u00f3n Escuela Gerardo David Giraldo<\/li><\/ul><p>Instituci\u00f3n Educativa Asia Ignaciana<\/p><ul><li>Secci\u00f3n Escuela La Frontera<\/li><li>Secci\u00f3n Escuela Asia Ignaciana<\/li><\/ul><p>Instituci\u00f3n Educativa Pablo Neruda<\/p><p>Instituci\u00f3n Educativa Santa Teresa<\/p><p>Instituci\u00f3n Educativa Villa Del Socorro<\/p><ul><li>Secci\u00f3n Escuela Villa Niza<\/li><\/ul><p>Instituci\u00f3n Educativa Finca La Mesa<\/p><ul><li>Secci\u00f3n Escuela La Francia<\/li><li>Secci\u00f3n Escuela Juan Bautista Montini<\/li><li>Secci\u00f3n Escuela La Isla<\/li><\/ul><p>Instituci\u00f3n Educativa El Play\u00f3n<\/p><p>Instituci\u00f3n Educativa Diego Echavarr\u00eda Misas<\/p>\t\t\t\t\t<\/div>\n\t\t\t\t\t\t<\/div>\n\t\t\t\t<\/div>\n\t\t\t\t\t\t<\/div>\n\t\t\t\t\t<\/div>\n\t\t<\/div>\n\t\t\t\t\t\t\t\t<\/div>\n\t\t\t\t\t<\/div>\n\t\t<\/section>\n\t\t\t\t\t\t\t\t\t<\/div>\n\t\t\t<\/div>\n\t\t\t\t\t<\/div>\n\t\t","protected":false},"excerpt":{"rendered":"<p>Conoce todas las obras y mejoramientos de la infraestructura educativa de la Comuna 2 &#8211; Santa Cruz En 2023, la comuna 2 \u2013 Santa Cruz ser\u00e1 beneficiada con 22 obras que embellecer\u00e1n y mejorar\u00e1n su &#8230;<\/p>\n","protected":false},"author":31,"featured_media":69220,"parent":163293,"menu_order":0,"comment_status":"closed","ping_status":"closed","template":"sec-educacion\/elementor.php","meta":[],"acf":[],"_links":{"self":[{"href":"https:\/\/www.medellin.gov.co\/es\/wp-json\/wp\/v2\/pages\/163730"}],"collection":[{"href":"https:\/\/www.medellin.gov.co\/es\/wp-json\/wp\/v2\/pages"}],"about":[{"href":"https:\/\/www.medellin.gov.co\/es\/wp-json\/wp\/v2\/types\/page"}],"author":[{"embeddable":true,"href":"https:\/\/www.medellin.gov.co\/es\/wp-json\/wp\/v2\/users\/31"}],"replies":[{"embeddable":true,"href":"https:\/\/www.medellin.gov.co\/es\/wp-json\/wp\/v2\/comments?post=163730"}],"version-history":[{"count":5,"href":"https:\/\/www.medellin.gov.co\/es\/wp-json\/wp\/v2\/pages\/163730\/revisions"}],"predecessor-version":[{"id":196471,"href":"https:\/\/www.medellin.gov.co\/es\/wp-json\/wp\/v2\/pages\/163730\/revisions\/196471"}],"up":[{"embeddable":true,"href":"https:\/\/www.medellin.gov.co\/es\/wp-json\/wp\/v2\/pages\/163293"}],"wp:featuredmedia":[{"embeddable":true,"href":"https:\/\/www.medellin.gov.co\/es\/wp-json\/wp\/v2\/media\/69220"}],"wp:attachment":[{"href":"https:\/\/www.medellin.gov.co\/es\/wp-json\/wp\/v2\/media?parent=163730"}],"curies":[{"name":"wp","href":"https:\/\/api.w.org\/{rel}","templated":true}]}}