{"id":164248,"date":"2023-03-06T09:24:28","date_gmt":"2023-03-06T14:24:28","guid":{"rendered":"https:\/\/www.medellin.gov.co\/es\/?page_id=164248"},"modified":"2023-05-15T14:16:36","modified_gmt":"2023-05-15T19:16:36","slug":"obras-y-mejoramientos-de-la-infraestructura-educativa-en-la-comuna-5-castilla","status":"publish","type":"page","link":"https:\/\/www.medellin.gov.co\/es\/secretaria-de-educacion\/obras-y-mejoramientos-de-infraestructura-educativa-de-medellin\/obras-y-mejoramientos-de-infraestructura-educativa-en-la-zona-2-de-medellin\/obras-y-mejoramientos-de-la-infraestructura-educativa-en-la-comuna-5-castilla\/","title":{"rendered":"Obras y mejoramientos de la infraestructura educativa en la Comuna 5 \u2013 Castilla"},"content":{"rendered":"\t\t<div data-elementor-type=\"wp-page\" data-elementor-id=\"164248\" class=\"elementor elementor-164248\">\n\t\t\t\t\t\t<div class=\"elementor-inner\">\n\t\t\t\t<div class=\"elementor-section-wrap\">\n\t\t\t\t\t\t\t\t\t<section class=\"elementor-section elementor-top-section elementor-element elementor-element-89315b8 elementor-section-boxed elementor-section-height-default elementor-section-height-default\" data-id=\"89315b8\" data-element_type=\"section\">\n\t\t\t\t\t\t<div class=\"elementor-container elementor-column-gap-default\">\n\t\t\t\t\t\t\t<div class=\"elementor-row\">\n\t\t\t\t\t<div class=\"elementor-column elementor-col-100 elementor-top-column elementor-element elementor-element-58d221c\" data-id=\"58d221c\" data-element_type=\"column\">\n\t\t\t<div class=\"elementor-column-wrap elementor-element-populated\">\n\t\t\t\t\t\t\t<div class=\"elementor-widget-wrap\">\n\t\t\t\t\t\t<div class=\"elementor-element elementor-element-57e62d0 elementor-widget elementor-widget-heading\" data-id=\"57e62d0\" data-element_type=\"widget\" data-widget_type=\"heading.default\">\n\t\t\t\t<div class=\"elementor-widget-container\">\n\t\t\t<h1 class=\"elementor-heading-title elementor-size-default\">Conoce todas las obras y mejoramientos de la infraestructura educativa de la Comuna 5 - Castilla<\/h1>\t\t<\/div>\n\t\t\t\t<\/div>\n\t\t\t\t<section class=\"elementor-section elementor-inner-section elementor-element elementor-element-7eb5a0e elementor-section-boxed elementor-section-height-default elementor-section-height-default\" data-id=\"7eb5a0e\" data-element_type=\"section\">\n\t\t\t\t\t\t<div class=\"elementor-container elementor-column-gap-default\">\n\t\t\t\t\t\t\t<div class=\"elementor-row\">\n\t\t\t\t\t<div class=\"elementor-column elementor-col-50 elementor-inner-column elementor-element elementor-element-a37e6f1\" data-id=\"a37e6f1\" data-element_type=\"column\">\n\t\t\t<div class=\"elementor-column-wrap elementor-element-populated\">\n\t\t\t\t\t\t\t<div class=\"elementor-widget-wrap\">\n\t\t\t\t\t\t<div class=\"elementor-element elementor-element-09d0ffa elementor-widget elementor-widget-text-editor\" data-id=\"09d0ffa\" data-element_type=\"widget\" data-widget_type=\"text-editor.default\">\n\t\t\t\t<div class=\"elementor-widget-container\">\n\t\t\t\t\t\t\t\t<div class=\"elementor-text-editor elementor-clearfix\">\n\t\t\t\t<p><span data-sheets-value=\"{\" data-sheets-userformat=\"{\">En 2023, la comuna 5 \u2013 Castilla ser\u00e1 beneficiada con 32 obras que embellecer\u00e1n y mejorar\u00e1n su infraestructura educativa, para fortalecer el Valle del Software y la transformaci\u00f3n educativa y cultural.<\/span><\/p>\t\t\t\t\t<\/div>\n\t\t\t\t\t\t<\/div>\n\t\t\t\t<\/div>\n\t\t\t\t\t\t<\/div>\n\t\t\t\t\t<\/div>\n\t\t<\/div>\n\t\t\t\t<div class=\"elementor-column elementor-col-50 elementor-inner-column elementor-element elementor-element-e44a089\" data-id=\"e44a089\" data-element_type=\"column\">\n\t\t\t<div class=\"elementor-column-wrap elementor-element-populated\">\n\t\t\t\t\t\t\t<div class=\"elementor-widget-wrap\">\n\t\t\t\t\t\t<div class=\"elementor-element elementor-element-4251a35 elementor-widget elementor-widget-image\" data-id=\"4251a35\" data-element_type=\"widget\" data-widget_type=\"image.default\">\n\t\t\t\t<div class=\"elementor-widget-container\">\n\t\t\t\t\t\t\t\t<div class=\"elementor-image\">\n\t\t\t\t\t\t\t\t\t\t\t\t<img width=\"1000\" height=\"450\" src=\"https:\/\/www.medellin.gov.co\/es\/wp-content\/uploads\/2022\/04\/20220331-Colegio-Diego-Echavarria-1.jpg\" class=\"attachment-large size-large\" alt=\"20220331-Colegio-Diego-Echavarria-1\" loading=\"lazy\" srcset=\"https:\/\/www.medellin.gov.co\/es\/wp-content\/uploads\/2022\/04\/20220331-Colegio-Diego-Echavarria-1.jpg 1000w, https:\/\/www.medellin.gov.co\/es\/wp-content\/uploads\/2022\/04\/20220331-Colegio-Diego-Echavarria-1-300x135.jpg 300w, https:\/\/www.medellin.gov.co\/es\/wp-content\/uploads\/2022\/04\/20220331-Colegio-Diego-Echavarria-1-150x68.jpg 150w, https:\/\/www.medellin.gov.co\/es\/wp-content\/uploads\/2022\/04\/20220331-Colegio-Diego-Echavarria-1-768x346.jpg 768w\" sizes=\"(max-width: 1000px) 100vw, 1000px\" \/>\t\t\t\t\t\t\t\t\t\t\t\t\t\t<\/div>\n\t\t\t\t\t\t<\/div>\n\t\t\t\t<\/div>\n\t\t\t\t\t\t<\/div>\n\t\t\t\t\t<\/div>\n\t\t<\/div>\n\t\t\t\t\t\t\t\t<\/div>\n\t\t\t\t\t<\/div>\n\t\t<\/section>\n\t\t\t\t<div class=\"elementor-element elementor-element-efc6d49 elementor-widget elementor-widget-heading\" data-id=\"efc6d49\" data-element_type=\"widget\" data-widget_type=\"heading.default\">\n\t\t\t\t<div class=\"elementor-widget-container\">\n\t\t\t<h2 class=\"elementor-heading-title elementor-size-default\"><b>Infraestructura<\/b> educativa a intervenir en la Comuna 5 - Castilla<\/h2>\t\t<\/div>\n\t\t\t\t<\/div>\n\t\t\t\t<div class=\"elementor-element elementor-element-9a77ba6 elementor-widget elementor-widget-text-editor\" data-id=\"9a77ba6\" data-element_type=\"widget\" data-widget_type=\"text-editor.default\">\n\t\t\t\t<div class=\"elementor-widget-container\">\n\t\t\t\t\t\t\t\t<div class=\"elementor-text-editor elementor-clearfix\">\n\t\t\t\t<p>Para conocer el detalle de cada una de las intervenciones de las infraestructuras educativas, da clic sobre el nombre. Medell\u00edn est\u00e1 mejor que nunca.<\/p>\t\t\t\t\t<\/div>\n\t\t\t\t\t\t<\/div>\n\t\t\t\t<\/div>\n\t\t\t\t<div class=\"elementor-element elementor-element-147bd4c elementor-widget elementor-widget-text-editor\" data-id=\"147bd4c\" data-element_type=\"widget\" data-widget_type=\"text-editor.default\">\n\t\t\t\t<div class=\"elementor-widget-container\">\n\t\t\t\t\t\t\t\t<div class=\"elementor-text-editor elementor-clearfix\">\n\t\t\t\t<p>Instituci\u00f3n Educativa Jes\u00fas Mar\u00eda El Rosal<\/p><ul><li>Secci\u00f3n Escuela Eduardo Uribe Botero<\/li><li>Secci\u00f3n Escuela Estado De Israel<\/li><\/ul><p>Instituci\u00f3n Educativa Sor Juana In\u00e9s De La Cruz <\/p><ul><li>Secci\u00f3n Escuela Sor Juana<\/li><\/ul><p>Instituci\u00f3n Educativa Rodrigo Correa Palacio <\/p><p>Instituci\u00f3n Educativa Mar\u00eda Montessori <\/p><ul><li>Secci\u00f3n Escuela La Uni\u00f3n<\/li><\/ul><p>Instituci\u00f3n Educativa Rep\u00fablica De Uruguay <\/p><p>Instituci\u00f3n Educativa Dinamarca <\/p><ul><li>Secci\u00f3n Escuela Ricardo Uribe Escobar<\/li><\/ul><p>Instituci\u00f3n Educativa Julio C\u00e9sar Garc\u00eda <\/p><p>Instituci\u00f3n Educativa Sebasti\u00e1n De Belalc\u00e1zar <\/p><p>Instituci\u00f3n Educativa Pedro Claver Aguirre <\/p><p>Instituci\u00f3n Educativa Jos\u00e9 Asunci\u00f3n Silva <\/p><p>Instituci\u00f3n Educativa Maestro Pedro Nel G\u00f3mez <\/p><ul><li>Secci\u00f3n Escuela Diego Mar\u00eda G\u00f3mez<\/li><\/ul><p>Instituci\u00f3n Educativa Felix De Bedout Moreno <\/p><p>Instituci\u00f3n Educativa Tricentenario <\/p><ul><li>Secci\u00f3n Escuela Tricentenario<\/li><\/ul><p>Instituci\u00f3n Educativa Manuel Jos\u00e9 G\u00f3mez Serna <\/p><ul><li>Secci\u00f3n Escuela Alejo Pimienta<\/li><\/ul><p>Instituci\u00f3n Educativa Pbro Antonio Jos\u00e9 Bernal Londo\u00f1o Sj <\/p><ul><li>Secci\u00f3n Escuela Toscana<\/li><\/ul><p>Instituci\u00f3n Educativa Maestro Arenas Betancur <\/p><ul><li>Secci\u00f3n Escuela Imperio del Jap\u00f3n<\/li><li>Secci\u00f3n Escuela Municipal Castilla<\/li><\/ul><p>Instituci\u00f3n Educativa Alfonso L\u00f3pez <\/p><ul><li>Secci\u00f3n Escuela Cardenal Crisanto Luque<\/li><li>Secci\u00f3n Escuela Municipal Kennedy<\/li><\/ul><p>Instituci\u00f3n Educativa Colegio Loyola Para La Ciencia Y La Innovaci\u00f3n <\/p><p>Instituci\u00f3n Educativa Juvenil Nuevo Futuro <\/p>\t\t\t\t\t<\/div>\n\t\t\t\t\t\t<\/div>\n\t\t\t\t<\/div>\n\t\t\t\t\t\t<\/div>\n\t\t\t\t\t<\/div>\n\t\t<\/div>\n\t\t\t\t\t\t\t\t<\/div>\n\t\t\t\t\t<\/div>\n\t\t<\/section>\n\t\t\t\t<section class=\"elementor-section elementor-top-section elementor-element elementor-element-0a95faf elementor-section-boxed elementor-section-height-default elementor-section-height-default\" data-id=\"0a95faf\" data-element_type=\"section\">\n\t\t\t\t\t\t<div class=\"elementor-container elementor-column-gap-default\">\n\t\t\t\t\t\t\t<div class=\"elementor-row\">\n\t\t\t\t\t<div class=\"elementor-column elementor-col-100 elementor-top-column elementor-element elementor-element-68b840f\" data-id=\"68b840f\" data-element_type=\"column\">\n\t\t\t<div class=\"elementor-column-wrap elementor-element-populated\">\n\t\t\t\t\t\t\t<div class=\"elementor-widget-wrap\">\n\t\t\t\t\t\t<div class=\"elementor-element elementor-element-7505322 elementor-widget elementor-widget-heading\" data-id=\"7505322\" data-element_type=\"widget\" data-widget_type=\"heading.default\">\n\t\t\t\t<div class=\"elementor-widget-container\">\n\t\t\t<h2 class=\"elementor-heading-title elementor-size-default\"><b>Avances en las<\/b>  obras de infraestructura educativa en la Comuna 5 - Castilla<\/h2>\t\t<\/div>\n\t\t\t\t<\/div>\n\t\t\t\t<div class=\"elementor-element elementor-element-d370399 elementor-grid-1 elementor-grid-tablet-2 elementor-grid-mobile-1 elementor-widget elementor-widget-pp-faq\" data-id=\"d370399\" data-element_type=\"widget\" data-settings=\"{&quot;faq_layout&quot;:&quot;grid&quot;,&quot;columns&quot;:&quot;1&quot;,&quot;columns_tablet&quot;:&quot;2&quot;,&quot;columns_mobile&quot;:&quot;1&quot;}\" data-widget_type=\"pp-faq.default\">\n\t\t\t\t<div class=\"elementor-widget-container\">\n\t\t\t\t\t<div class=\"pp-faqs pp-faq-grid elementor-grid clearfix\">\n\t\t\t\t\t\t<div class=\"pp-faq-item-wrap elementor-grid-item pp-grid-item-wrap\">\n\t\t\t\t<div class=\"pp-faq-item pp-grid-item\">\n\t\t\t\t\t<div id=\"pp-accordion-tab-title-2211\" class=\"pp-faq-question\" tabindex=\"2211\" data-tab=\"1\">\n\t\t\t\t\t\t<div class=\"pp-accordion-title-icon\">\n\t\t\t\t\t\t\t\t\t\t\t\t\t\t\t\t\t\t\t\t\t<div class=\"pp-accordion-title-text\">\n\t\t\t\t\t\t\t\tEn Castilla se est\u00e1 interviniendo la Instituci\u00f3n Educativa Diego Echavarr\u00eda Misas\t\t\t\t\t\t\t<\/div>\n\t\t\t\t\t\t<\/div>\n\t\t\t\t\t\t\t\t\t\t\t<\/div>\n\n\t\t\t\t\t<div id=\"pp-accordion-tab-content-2211\" class=\"pp-faq-answer\" data-tab=\"1\">\n\t\t\t\t\t\t<p><span style=\"font-weight: 400;\">La Instituci\u00f3n Educativa Diego Echavarr\u00eda Misas, llamada as\u00ed en honor al empresario antioque\u00f1o, est\u00e1 ubicada en la comuna 5 de Medell\u00edn. Con m\u00e1s de 50 a\u00f1os es uno de los colegios con alta formaci\u00f3n acad\u00e9mica y en valores.\u00a0<\/span><\/p>\n<p><a href=\"https:\/\/www.medellin.gov.co\/es\/sala-de-prensa\/noticias\/en-castilla-se-esta-interviniendo-la-institucion-educativa-diego-echavarria-misas\/\">Contin\u00faa la lectura.<\/a><\/p>\n\t\t\t\t\t<\/div>\n\t\t\t\t<\/div>\n\t\t\t<\/div>\n\t\t\t\t\t<\/div>\n\t\t\t\t<\/div>\n\t\t\t\t<\/div>\n\t\t\t\t\t\t<\/div>\n\t\t\t\t\t<\/div>\n\t\t<\/div>\n\t\t\t\t\t\t\t\t<\/div>\n\t\t\t\t\t<\/div>\n\t\t<\/section>\n\t\t\t\t\t\t\t\t\t<\/div>\n\t\t\t<\/div>\n\t\t\t\t\t<\/div>\n\t\t","protected":false},"excerpt":{"rendered":"<p>Conoce todas las obras y mejoramientos de la infraestructura educativa de la Comuna 5 &#8211; Castilla En 2023, la comuna 5 \u2013 Castilla ser\u00e1 beneficiada con 32 obras que embellecer\u00e1n y mejorar\u00e1n su infraestructura educativa, &#8230;<\/p>\n","protected":false},"author":31,"featured_media":63272,"parent":163343,"menu_order":0,"comment_status":"closed","ping_status":"closed","template":"sec-educacion\/elementor.php","meta":[],"acf":[],"_links":{"self":[{"href":"https:\/\/www.medellin.gov.co\/es\/wp-json\/wp\/v2\/pages\/164248"}],"collection":[{"href":"https:\/\/www.medellin.gov.co\/es\/wp-json\/wp\/v2\/pages"}],"about":[{"href":"https:\/\/www.medellin.gov.co\/es\/wp-json\/wp\/v2\/types\/page"}],"author":[{"embeddable":true,"href":"https:\/\/www.medellin.gov.co\/es\/wp-json\/wp\/v2\/users\/31"}],"replies":[{"embeddable":true,"href":"https:\/\/www.medellin.gov.co\/es\/wp-json\/wp\/v2\/comments?post=164248"}],"version-history":[{"count":9,"href":"https:\/\/www.medellin.gov.co\/es\/wp-json\/wp\/v2\/pages\/164248\/revisions"}],"predecessor-version":[{"id":196463,"href":"https:\/\/www.medellin.gov.co\/es\/wp-json\/wp\/v2\/pages\/164248\/revisions\/196463"}],"up":[{"embeddable":true,"href":"https:\/\/www.medellin.gov.co\/es\/wp-json\/wp\/v2\/pages\/163343"}],"wp:featuredmedia":[{"embeddable":true,"href":"https:\/\/www.medellin.gov.co\/es\/wp-json\/wp\/v2\/media\/63272"}],"wp:attachment":[{"href":"https:\/\/www.medellin.gov.co\/es\/wp-json\/wp\/v2\/media?parent=164248"}],"curies":[{"name":"wp","href":"https:\/\/api.w.org\/{rel}","templated":true}]}}