{"id":164282,"date":"2023-03-06T09:55:08","date_gmt":"2023-03-06T14:55:08","guid":{"rendered":"https:\/\/www.medellin.gov.co\/es\/?page_id=164282"},"modified":"2023-05-15T14:16:04","modified_gmt":"2023-05-15T19:16:04","slug":"obras-y-mejoramientos-de-la-infraestructura-educativa-en-la-comuna-6-doce-de-octubre","status":"publish","type":"page","link":"https:\/\/www.medellin.gov.co\/es\/secretaria-de-educacion\/obras-y-mejoramientos-de-infraestructura-educativa-de-medellin\/obras-y-mejoramientos-de-infraestructura-educativa-en-la-zona-2-de-medellin\/obras-y-mejoramientos-de-la-infraestructura-educativa-en-la-comuna-6-doce-de-octubre\/","title":{"rendered":"Obras y mejoramientos de la infraestructura educativa en la Comuna 6 \u2013 Doce de Octubre"},"content":{"rendered":"\t\t<div data-elementor-type=\"wp-page\" data-elementor-id=\"164282\" class=\"elementor elementor-164282\">\n\t\t\t\t\t\t<div class=\"elementor-inner\">\n\t\t\t\t<div class=\"elementor-section-wrap\">\n\t\t\t\t\t\t\t\t\t<section class=\"elementor-section elementor-top-section elementor-element elementor-element-cfdd4f3 elementor-section-boxed elementor-section-height-default elementor-section-height-default\" data-id=\"cfdd4f3\" data-element_type=\"section\">\n\t\t\t\t\t\t<div class=\"elementor-container elementor-column-gap-default\">\n\t\t\t\t\t\t\t<div class=\"elementor-row\">\n\t\t\t\t\t<div class=\"elementor-column elementor-col-100 elementor-top-column elementor-element elementor-element-9cfdacf\" data-id=\"9cfdacf\" data-element_type=\"column\">\n\t\t\t<div class=\"elementor-column-wrap elementor-element-populated\">\n\t\t\t\t\t\t\t<div class=\"elementor-widget-wrap\">\n\t\t\t\t\t\t<div class=\"elementor-element elementor-element-0e04f8b elementor-widget elementor-widget-heading\" data-id=\"0e04f8b\" data-element_type=\"widget\" data-widget_type=\"heading.default\">\n\t\t\t\t<div class=\"elementor-widget-container\">\n\t\t\t<h1 class=\"elementor-heading-title elementor-size-default\">Conoce todas las obras y mejoramientos de la infraestructura educativa de la Comuna 6 - Doce de Octubre<\/h1>\t\t<\/div>\n\t\t\t\t<\/div>\n\t\t\t\t<section class=\"elementor-section elementor-inner-section elementor-element elementor-element-0535012 elementor-section-boxed elementor-section-height-default elementor-section-height-default\" data-id=\"0535012\" data-element_type=\"section\">\n\t\t\t\t\t\t<div class=\"elementor-container elementor-column-gap-default\">\n\t\t\t\t\t\t\t<div class=\"elementor-row\">\n\t\t\t\t\t<div class=\"elementor-column elementor-col-50 elementor-inner-column elementor-element elementor-element-fd1ef1e\" data-id=\"fd1ef1e\" data-element_type=\"column\">\n\t\t\t<div class=\"elementor-column-wrap elementor-element-populated\">\n\t\t\t\t\t\t\t<div class=\"elementor-widget-wrap\">\n\t\t\t\t\t\t<div class=\"elementor-element elementor-element-4431f97 elementor-widget elementor-widget-text-editor\" data-id=\"4431f97\" data-element_type=\"widget\" data-widget_type=\"text-editor.default\">\n\t\t\t\t<div class=\"elementor-widget-container\">\n\t\t\t\t\t\t\t\t<div class=\"elementor-text-editor elementor-clearfix\">\n\t\t\t\t<p><span data-sheets-value=\"{\" data-sheets-userformat=\"{\">En 2023, la comuna 6 \u2013 Doce de Octubre ser\u00e1 beneficiada con 28 obras que embellecer\u00e1n y mejorar\u00e1n su infraestructura educativa, para fortalecer el Valle del Software y la transformaci\u00f3n educativa y cultural.<\/span><\/p>\t\t\t\t\t<\/div>\n\t\t\t\t\t\t<\/div>\n\t\t\t\t<\/div>\n\t\t\t\t\t\t<\/div>\n\t\t\t\t\t<\/div>\n\t\t<\/div>\n\t\t\t\t<div class=\"elementor-column elementor-col-50 elementor-inner-column elementor-element elementor-element-46fd97f\" data-id=\"46fd97f\" data-element_type=\"column\">\n\t\t\t<div class=\"elementor-column-wrap elementor-element-populated\">\n\t\t\t\t\t\t\t<div class=\"elementor-widget-wrap\">\n\t\t\t\t\t\t<div class=\"elementor-element elementor-element-b809d77 elementor-widget elementor-widget-image\" data-id=\"b809d77\" data-element_type=\"widget\" data-widget_type=\"image.default\">\n\t\t\t\t<div class=\"elementor-widget-container\">\n\t\t\t\t\t\t\t\t<div class=\"elementor-image\">\n\t\t\t\t\t\t\t\t\t\t\t\t<img width=\"1000\" height=\"450\" src=\"https:\/\/www.medellin.gov.co\/es\/wp-content\/uploads\/2022\/04\/20220331-Colegio-Diego-Echavarria-1.jpg\" class=\"attachment-large size-large\" alt=\"20220331-Colegio-Diego-Echavarria-1\" loading=\"lazy\" srcset=\"https:\/\/www.medellin.gov.co\/es\/wp-content\/uploads\/2022\/04\/20220331-Colegio-Diego-Echavarria-1.jpg 1000w, https:\/\/www.medellin.gov.co\/es\/wp-content\/uploads\/2022\/04\/20220331-Colegio-Diego-Echavarria-1-300x135.jpg 300w, https:\/\/www.medellin.gov.co\/es\/wp-content\/uploads\/2022\/04\/20220331-Colegio-Diego-Echavarria-1-150x68.jpg 150w, https:\/\/www.medellin.gov.co\/es\/wp-content\/uploads\/2022\/04\/20220331-Colegio-Diego-Echavarria-1-768x346.jpg 768w\" sizes=\"(max-width: 1000px) 100vw, 1000px\" \/>\t\t\t\t\t\t\t\t\t\t\t\t\t\t<\/div>\n\t\t\t\t\t\t<\/div>\n\t\t\t\t<\/div>\n\t\t\t\t\t\t<\/div>\n\t\t\t\t\t<\/div>\n\t\t<\/div>\n\t\t\t\t\t\t\t\t<\/div>\n\t\t\t\t\t<\/div>\n\t\t<\/section>\n\t\t\t\t<div class=\"elementor-element elementor-element-14a549d elementor-widget elementor-widget-heading\" data-id=\"14a549d\" data-element_type=\"widget\" data-widget_type=\"heading.default\">\n\t\t\t\t<div class=\"elementor-widget-container\">\n\t\t\t<h2 class=\"elementor-heading-title elementor-size-default\"><b>Infraestructura<\/b> educativa a intervenir en la Comuna 6 - Doce de Octubre<\/h2>\t\t<\/div>\n\t\t\t\t<\/div>\n\t\t\t\t<div class=\"elementor-element elementor-element-43c3d3d elementor-widget elementor-widget-text-editor\" data-id=\"43c3d3d\" data-element_type=\"widget\" data-widget_type=\"text-editor.default\">\n\t\t\t\t<div class=\"elementor-widget-container\">\n\t\t\t\t\t\t\t\t<div class=\"elementor-text-editor elementor-clearfix\">\n\t\t\t\t<p>Para conocer el detalle de cada una de las intervenciones de las infraestructuras educativas, da clic sobre el nombre. Medell\u00edn est\u00e1 mejor que nunca.<\/p>\t\t\t\t\t<\/div>\n\t\t\t\t\t\t<\/div>\n\t\t\t\t<\/div>\n\t\t\t\t<div class=\"elementor-element elementor-element-17ebcc8 elementor-widget elementor-widget-text-editor\" data-id=\"17ebcc8\" data-element_type=\"widget\" data-widget_type=\"text-editor.default\">\n\t\t\t\t<div class=\"elementor-widget-container\">\n\t\t\t\t\t\t\t\t<div class=\"elementor-text-editor elementor-clearfix\">\n\t\t\t\t<p>Instituci\u00f3n Educativa Alfredo Cock Arango<\/p><p>Instituci\u00f3n Educativa Maestro Fernando Botero <\/p><ul><li>Secci\u00f3n Escuela El Pedregal<\/li><\/ul><p>Instituci\u00f3n Educativa La Esperanza <\/p><ul><li>Secci\u00f3n Escuela Rep\u00fablica De Cuba<\/li><li>Secci\u00f3n Escuela San Francisco de Paula<\/li><li>Seccion Escuela Los Comuneros<\/li><li>Secci\u00f3n Escuela San Mart\u00edn De Porres<\/li><\/ul><p>Instituci\u00f3n Educativa Ciudadela Las Am\u00e9ricas <\/p><p>Instituci\u00f3n Educativa Doce De Octubre <\/p><ul><li>Secci\u00f3n Escuela Le\u00f3n De Greiff<\/li><\/ul><p>Instituci\u00f3n Educativa Barrio Santander<\/p><p>Instituci\u00f3n Educativa El Picachito <\/p><p>Instituci\u00f3n Educativa Jorge Eliecer Gait\u00e1n <\/p><p>Instituci\u00f3n Educativa El Pedregal <\/p><ul><li>Secci\u00f3n Escuela Rafael J. Mej\u00eda<\/li><\/ul><p>Instituci\u00f3n Educativa Kennedy <\/p><ul><li>Secci\u00f3n Concentraci\u00f3n Educativa Kennedy<\/li><li>Secci\u00f3n Escuela Carolina Kennedy<\/li><li>Secci\u00f3n Escuela Minerva<\/li><\/ul><p>Instituci\u00f3n Educativa Jos\u00e9 Mar\u00eda Espinosa Prieto &#8211; Casd <\/p><ul><li>Secci\u00f3n Escuela Contranal<\/li><\/ul><p>Instituci\u00f3n Educativa Jes\u00fas Mar\u00eda Valle <\/p><ul><li>Secci\u00f3n Escuela El Picacho<\/li><\/ul><p>Instituci\u00f3n Educativa Progresar <\/p><p>Instituci\u00f3n Educativa Santa Juana De Lestonac <\/p><p>Instituci\u00f3n Educativa El Triunfo Santa Teresa <\/p><ul><li>Secci\u00f3n Escuela El Triunfo<\/li><\/ul>\t\t\t\t\t<\/div>\n\t\t\t\t\t\t<\/div>\n\t\t\t\t<\/div>\n\t\t\t\t\t\t<\/div>\n\t\t\t\t\t<\/div>\n\t\t<\/div>\n\t\t\t\t\t\t\t\t<\/div>\n\t\t\t\t\t<\/div>\n\t\t<\/section>\n\t\t\t\t<section class=\"elementor-section elementor-top-section elementor-element elementor-element-d64c469 elementor-section-boxed elementor-section-height-default elementor-section-height-default\" data-id=\"d64c469\" data-element_type=\"section\">\n\t\t\t\t\t\t<div class=\"elementor-container elementor-column-gap-default\">\n\t\t\t\t\t\t\t<div class=\"elementor-row\">\n\t\t\t\t\t<div class=\"elementor-column elementor-col-100 elementor-top-column elementor-element elementor-element-a4fa2a6\" data-id=\"a4fa2a6\" data-element_type=\"column\">\n\t\t\t<div class=\"elementor-column-wrap elementor-element-populated\">\n\t\t\t\t\t\t\t<div class=\"elementor-widget-wrap\">\n\t\t\t\t\t\t<div class=\"elementor-element elementor-element-223ea50 elementor-widget elementor-widget-heading\" data-id=\"223ea50\" data-element_type=\"widget\" data-widget_type=\"heading.default\">\n\t\t\t\t<div class=\"elementor-widget-container\">\n\t\t\t<h2 class=\"elementor-heading-title elementor-size-default\"><b>Avances en las<\/b>  obras de infraestructura educativa en la Comuna 6 - Doce de Octubre<\/h2>\t\t<\/div>\n\t\t\t\t<\/div>\n\t\t\t\t<div class=\"elementor-element elementor-element-64055ff elementor-grid-1 elementor-grid-tablet-2 elementor-grid-mobile-1 elementor-widget elementor-widget-pp-faq\" data-id=\"64055ff\" data-element_type=\"widget\" data-settings=\"{&quot;faq_layout&quot;:&quot;grid&quot;,&quot;columns&quot;:&quot;1&quot;,&quot;columns_tablet&quot;:&quot;2&quot;,&quot;columns_mobile&quot;:&quot;1&quot;}\" data-widget_type=\"pp-faq.default\">\n\t\t\t\t<div class=\"elementor-widget-container\">\n\t\t\t\t\t<div class=\"pp-faqs pp-faq-grid elementor-grid clearfix\">\n\t\t\t\t\t\t<div class=\"pp-faq-item-wrap elementor-grid-item pp-grid-item-wrap\">\n\t\t\t\t<div class=\"pp-faq-item pp-grid-item\">\n\t\t\t\t\t<div id=\"pp-accordion-tab-title-1041\" class=\"pp-faq-question\" tabindex=\"1041\" data-tab=\"1\">\n\t\t\t\t\t\t<div class=\"pp-accordion-title-icon\">\n\t\t\t\t\t\t\t\t\t\t\t\t\t\t\t\t\t\t\t\t\t<div class=\"pp-accordion-title-text\">\n\t\t\t\t\t\t\t\tAlcald\u00eda adelanta mejoras a la infraestructura de la I.E Juvenil Nuevo Futuro\t\t\t\t\t\t\t<\/div>\n\t\t\t\t\t\t<\/div>\n\t\t\t\t\t\t\t\t\t\t\t<\/div>\n\n\t\t\t\t\t<div id=\"pp-accordion-tab-content-1041\" class=\"pp-faq-answer\" data-tab=\"1\">\n\t\t\t\t\t\t<p>En la Instituci\u00f3n Educativa Juvenil Nuevo Futuro, en donde las labores comprenden el cambio de la losa del bloque nuevo para subsanar humedades, adecuaci\u00f3n de rampa de acceso, cambio de ventaner\u00eda, puertas y unidades sanitarias en mal estado; reposici\u00f3n de piso y renovaci\u00f3n en otras \u00e1reas de circulaci\u00f3n, adem\u00e1s del reemplazo de bajantes de aguas lluvias y canoas, entre otras acciones.\u00a0<\/p>\n<p><a href=\"https:\/\/www.medellin.gov.co\/es\/sala-de-prensa\/noticias\/alcaldia-adelanta-mejoras-a-la-infraestructura-de-la-i-e-juvenil-nuevo-futuro\/\">Contin\u00faa la lectura.<\/a><\/p>\n\t\t\t\t\t<\/div>\n\t\t\t\t<\/div>\n\t\t\t<\/div>\n\t\t\t\t\t\t<div class=\"pp-faq-item-wrap elementor-grid-item pp-grid-item-wrap\">\n\t\t\t\t<div class=\"pp-faq-item pp-grid-item\">\n\t\t\t\t\t<div id=\"pp-accordion-tab-title-1042\" class=\"pp-faq-question\" tabindex=\"1042\" data-tab=\"2\">\n\t\t\t\t\t\t<div class=\"pp-accordion-title-icon\">\n\t\t\t\t\t\t\t\t\t\t\t\t\t\t\t\t\t\t\t\t\t<div class=\"pp-accordion-title-text\">\n\t\t\t\t\t\t\t\tCumpliendo el cronograma, avanzan los trabajos de renovaci\u00f3n en la I.E. Doce de Octubre\t\t\t\t\t\t\t<\/div>\n\t\t\t\t\t\t<\/div>\n\t\t\t\t\t\t\t\t\t\t\t<\/div>\n\n\t\t\t\t\t<div id=\"pp-accordion-tab-content-1042\" class=\"pp-faq-answer\" data-tab=\"2\">\n\t\t\t\t\t\t<p>La Instituci\u00f3n Educativa Doce de Octubre tiene m\u00e1s de 40 a\u00f1os; se destaca en la comuna 6 por su alta calidad acad\u00e9mica y mejoramiento continuo. A lo largo de su trayectoria muchos habitantes del barrio Doce de Octubre han logrado culminar sus estudios all\u00ed y por tal raz\u00f3n es uno de los planteles m\u00e1s querido y cuidado en el territorio.<\/p>\n<p><a href=\"https:\/\/www.medellin.gov.co\/es\/sala-de-prensa\/noticias\/cumpliendo-el-cronograma-avanzan-los-trabajos-de-renovacion-en-la-ie-doce-de-octubre\/\">Contin\u00faa la lectura.<\/a><\/p>\n\t\t\t\t\t<\/div>\n\t\t\t\t<\/div>\n\t\t\t<\/div>\n\t\t\t\t\t<\/div>\n\t\t\t\t<\/div>\n\t\t\t\t<\/div>\n\t\t\t\t\t\t<\/div>\n\t\t\t\t\t<\/div>\n\t\t<\/div>\n\t\t\t\t\t\t\t\t<\/div>\n\t\t\t\t\t<\/div>\n\t\t<\/section>\n\t\t\t\t\t\t\t\t\t<\/div>\n\t\t\t<\/div>\n\t\t\t\t\t<\/div>\n\t\t","protected":false},"excerpt":{"rendered":"<p>Conoce todas las obras y mejoramientos de la infraestructura educativa de la Comuna 6 &#8211; Doce de Octubre En 2023, la comuna 6 \u2013 Doce de Octubre ser\u00e1 beneficiada con 28 obras que embellecer\u00e1n y &#8230;<\/p>\n","protected":false},"author":31,"featured_media":63272,"parent":163343,"menu_order":0,"comment_status":"closed","ping_status":"closed","template":"sec-educacion\/elementor.php","meta":[],"acf":[],"_links":{"self":[{"href":"https:\/\/www.medellin.gov.co\/es\/wp-json\/wp\/v2\/pages\/164282"}],"collection":[{"href":"https:\/\/www.medellin.gov.co\/es\/wp-json\/wp\/v2\/pages"}],"about":[{"href":"https:\/\/www.medellin.gov.co\/es\/wp-json\/wp\/v2\/types\/page"}],"author":[{"embeddable":true,"href":"https:\/\/www.medellin.gov.co\/es\/wp-json\/wp\/v2\/users\/31"}],"replies":[{"embeddable":true,"href":"https:\/\/www.medellin.gov.co\/es\/wp-json\/wp\/v2\/comments?post=164282"}],"version-history":[{"count":10,"href":"https:\/\/www.medellin.gov.co\/es\/wp-json\/wp\/v2\/pages\/164282\/revisions"}],"predecessor-version":[{"id":196461,"href":"https:\/\/www.medellin.gov.co\/es\/wp-json\/wp\/v2\/pages\/164282\/revisions\/196461"}],"up":[{"embeddable":true,"href":"https:\/\/www.medellin.gov.co\/es\/wp-json\/wp\/v2\/pages\/163343"}],"wp:featuredmedia":[{"embeddable":true,"href":"https:\/\/www.medellin.gov.co\/es\/wp-json\/wp\/v2\/media\/63272"}],"wp:attachment":[{"href":"https:\/\/www.medellin.gov.co\/es\/wp-json\/wp\/v2\/media?parent=164282"}],"curies":[{"name":"wp","href":"https:\/\/api.w.org\/{rel}","templated":true}]}}