{"id":164337,"date":"2023-03-06T10:11:28","date_gmt":"2023-03-06T15:11:28","guid":{"rendered":"https:\/\/www.medellin.gov.co\/es\/?page_id=164337"},"modified":"2023-05-15T14:15:32","modified_gmt":"2023-05-15T19:15:32","slug":"obras-y-mejoramientos-de-la-infraestructura-educativa-en-la-comuna-7-robledo","status":"publish","type":"page","link":"https:\/\/www.medellin.gov.co\/es\/secretaria-de-educacion\/obras-y-mejoramientos-de-infraestructura-educativa-de-medellin\/obras-y-mejoramientos-de-infraestructura-educativa-en-la-zona-2-de-medellin\/obras-y-mejoramientos-de-la-infraestructura-educativa-en-la-comuna-7-robledo\/","title":{"rendered":"Obras y mejoramientos de la infraestructura educativa en la Comuna 7 \u2013 Robledo"},"content":{"rendered":"\t\t<div data-elementor-type=\"wp-page\" data-elementor-id=\"164337\" class=\"elementor elementor-164337\">\n\t\t\t\t\t\t<div class=\"elementor-inner\">\n\t\t\t\t<div class=\"elementor-section-wrap\">\n\t\t\t\t\t\t\t\t\t<section class=\"elementor-section elementor-top-section elementor-element elementor-element-376c244 elementor-section-boxed elementor-section-height-default elementor-section-height-default\" data-id=\"376c244\" data-element_type=\"section\">\n\t\t\t\t\t\t<div class=\"elementor-container elementor-column-gap-default\">\n\t\t\t\t\t\t\t<div class=\"elementor-row\">\n\t\t\t\t\t<div class=\"elementor-column elementor-col-100 elementor-top-column elementor-element elementor-element-485dcc0\" data-id=\"485dcc0\" data-element_type=\"column\">\n\t\t\t<div class=\"elementor-column-wrap elementor-element-populated\">\n\t\t\t\t\t\t\t<div class=\"elementor-widget-wrap\">\n\t\t\t\t\t\t<div class=\"elementor-element elementor-element-929769d elementor-widget elementor-widget-heading\" data-id=\"929769d\" data-element_type=\"widget\" data-widget_type=\"heading.default\">\n\t\t\t\t<div class=\"elementor-widget-container\">\n\t\t\t<h1 class=\"elementor-heading-title elementor-size-default\">Conoce todas las obras y mejoramientos de la infraestructura educativa de la Comuna 7 - Robledo<\/h1>\t\t<\/div>\n\t\t\t\t<\/div>\n\t\t\t\t<section class=\"elementor-section elementor-inner-section elementor-element elementor-element-6129cb7 elementor-section-boxed elementor-section-height-default elementor-section-height-default\" data-id=\"6129cb7\" data-element_type=\"section\">\n\t\t\t\t\t\t<div class=\"elementor-container elementor-column-gap-default\">\n\t\t\t\t\t\t\t<div class=\"elementor-row\">\n\t\t\t\t\t<div class=\"elementor-column elementor-col-50 elementor-inner-column elementor-element elementor-element-7eea451\" data-id=\"7eea451\" data-element_type=\"column\">\n\t\t\t<div class=\"elementor-column-wrap elementor-element-populated\">\n\t\t\t\t\t\t\t<div class=\"elementor-widget-wrap\">\n\t\t\t\t\t\t<div class=\"elementor-element elementor-element-2bb5f06 elementor-widget elementor-widget-text-editor\" data-id=\"2bb5f06\" data-element_type=\"widget\" data-widget_type=\"text-editor.default\">\n\t\t\t\t<div class=\"elementor-widget-container\">\n\t\t\t\t\t\t\t\t<div class=\"elementor-text-editor elementor-clearfix\">\n\t\t\t\t<p><span data-sheets-value=\"{\" data-sheets-userformat=\"{\">En 2023, la comuna 7 &#8211; Robledo ser\u00e1 beneficiada con 29 obras que embellecer\u00e1n y mejorar\u00e1n su infraestructura educativa, para fortalecer el Valle del Software y la transformaci\u00f3n educativa y cultural.<\/span><\/p>\t\t\t\t\t<\/div>\n\t\t\t\t\t\t<\/div>\n\t\t\t\t<\/div>\n\t\t\t\t\t\t<\/div>\n\t\t\t\t\t<\/div>\n\t\t<\/div>\n\t\t\t\t<div class=\"elementor-column elementor-col-50 elementor-inner-column elementor-element elementor-element-91f5fb8\" data-id=\"91f5fb8\" data-element_type=\"column\">\n\t\t\t<div class=\"elementor-column-wrap elementor-element-populated\">\n\t\t\t\t\t\t\t<div class=\"elementor-widget-wrap\">\n\t\t\t\t\t\t<div class=\"elementor-element elementor-element-1f03c54 elementor-widget elementor-widget-image\" data-id=\"1f03c54\" data-element_type=\"widget\" data-widget_type=\"image.default\">\n\t\t\t\t<div class=\"elementor-widget-container\">\n\t\t\t\t\t\t\t\t<div class=\"elementor-image\">\n\t\t\t\t\t\t\t\t\t\t\t\t<img width=\"1000\" height=\"450\" src=\"https:\/\/www.medellin.gov.co\/es\/wp-content\/uploads\/2022\/04\/20220331-Colegio-Diego-Echavarria-1.jpg\" class=\"attachment-large size-large\" alt=\"20220331-Colegio-Diego-Echavarria-1\" loading=\"lazy\" srcset=\"https:\/\/www.medellin.gov.co\/es\/wp-content\/uploads\/2022\/04\/20220331-Colegio-Diego-Echavarria-1.jpg 1000w, https:\/\/www.medellin.gov.co\/es\/wp-content\/uploads\/2022\/04\/20220331-Colegio-Diego-Echavarria-1-300x135.jpg 300w, https:\/\/www.medellin.gov.co\/es\/wp-content\/uploads\/2022\/04\/20220331-Colegio-Diego-Echavarria-1-150x68.jpg 150w, https:\/\/www.medellin.gov.co\/es\/wp-content\/uploads\/2022\/04\/20220331-Colegio-Diego-Echavarria-1-768x346.jpg 768w\" sizes=\"(max-width: 1000px) 100vw, 1000px\" \/>\t\t\t\t\t\t\t\t\t\t\t\t\t\t<\/div>\n\t\t\t\t\t\t<\/div>\n\t\t\t\t<\/div>\n\t\t\t\t\t\t<\/div>\n\t\t\t\t\t<\/div>\n\t\t<\/div>\n\t\t\t\t\t\t\t\t<\/div>\n\t\t\t\t\t<\/div>\n\t\t<\/section>\n\t\t\t\t<div class=\"elementor-element elementor-element-189c992 elementor-widget elementor-widget-heading\" data-id=\"189c992\" data-element_type=\"widget\" data-widget_type=\"heading.default\">\n\t\t\t\t<div class=\"elementor-widget-container\">\n\t\t\t<h2 class=\"elementor-heading-title elementor-size-default\"><b>Infraestructura<\/b> educativa a intervenir en la Comuna 7 - Robledo<\/h2>\t\t<\/div>\n\t\t\t\t<\/div>\n\t\t\t\t<div class=\"elementor-element elementor-element-27b4544 elementor-widget elementor-widget-text-editor\" data-id=\"27b4544\" data-element_type=\"widget\" data-widget_type=\"text-editor.default\">\n\t\t\t\t<div class=\"elementor-widget-container\">\n\t\t\t\t\t\t\t\t<div class=\"elementor-text-editor elementor-clearfix\">\n\t\t\t\t<p>Para conocer el detalle de cada una de las intervenciones de las infraestructuras educativas, da clic sobre el nombre. Medell\u00edn est\u00e1 mejor que nunca.<\/p>\t\t\t\t\t<\/div>\n\t\t\t\t\t\t<\/div>\n\t\t\t\t<\/div>\n\t\t\t\t<div class=\"elementor-element elementor-element-9d620f4 elementor-widget elementor-widget-text-editor\" data-id=\"9d620f4\" data-element_type=\"widget\" data-widget_type=\"text-editor.default\">\n\t\t\t\t<div class=\"elementor-widget-container\">\n\t\t\t\t\t\t\t\t<div class=\"elementor-text-editor elementor-clearfix\">\n\t\t\t\t<p>Instituci\u00f3n Educativa Aures <\/p><ul><li>Secci\u00f3n Escuela Aures<\/li><\/ul><p>Instituci\u00f3n Educativa Monse\u00f1or Gerardo Valencia Cano <\/p><ul><li>Secci\u00f3n Escuela La Portada<\/li><\/ul><p>Instituci\u00f3n Educativa Luis L\u00f3pez de Mesa <\/p><p>Instituci\u00f3n Educativa Vallejuelos <\/p><p>Instituci\u00f3n Educativa El Diamante <\/p><ul><li>Secci\u00f3n Escuela El Diamante<\/li><\/ul><p>Instituci\u00f3n Educativa Mariscal Robledo <\/p><ul><li>Secci\u00f3n Escuela Conrado Gonz\u00e1lez Mej\u00eda<\/li><\/ul><p>Instituci\u00f3n Educativa San Vicente De Paul <\/p><ul><li>Secci\u00f3n Escuela Alfredo Cock Arango<\/li><\/ul><p>Instituto T\u00e9cnico Industrial Pascual Bravo <\/p><p>Instituci\u00f3n Educativa Jorge Robledo <\/p><p>Instituci\u00f3n Educativa Bello Horizonte <\/p><p>Instituci\u00f3n Educativa Tomas Carrasquilla <\/p><p>Instituci\u00f3n Educativa Fe Y Alegr\u00eda Aures <\/p><p>Instituci\u00f3n Educativa Villa De La Candelaria <\/p><p>Instituci\u00f3n Educativa Jes\u00fas Rey <\/p><p>Instituci\u00f3n Educativa Camilo Mora Carrasquilla <\/p><p>Instituci\u00f3n Educativa Fe Y Alegr\u00eda San Jos\u00e9 <\/p><p>Instituci\u00f3n Educativa Barrio Santa Margarita <\/p><ul><li>Secci\u00f3n Escuela Santa Margarita<\/li><li>Secci\u00f3n Escuela Pedro Nel Ospina<\/li><\/ul><p>Instituci\u00f3n Educativa Rafael Garc\u00eda Herreros <\/p><p>Instituci\u00f3n Educativa Ciudad Don Bosco <\/p><p>Instituci\u00f3n Educativa Villa Flora <\/p><p>Instituci\u00f3n Educativa Rodrigo Arenas Betancur <\/p><p>Instituci\u00f3n Educativa Barrio Olaya Herrera <\/p>\t\t\t\t\t<\/div>\n\t\t\t\t\t\t<\/div>\n\t\t\t\t<\/div>\n\t\t\t\t\t\t<\/div>\n\t\t\t\t\t<\/div>\n\t\t<\/div>\n\t\t\t\t\t\t\t\t<\/div>\n\t\t\t\t\t<\/div>\n\t\t<\/section>\n\t\t\t\t<section class=\"elementor-section elementor-top-section elementor-element elementor-element-adb5622 elementor-section-boxed elementor-section-height-default elementor-section-height-default\" data-id=\"adb5622\" data-element_type=\"section\">\n\t\t\t\t\t\t<div class=\"elementor-container elementor-column-gap-default\">\n\t\t\t\t\t\t\t<div class=\"elementor-row\">\n\t\t\t\t\t<div class=\"elementor-column elementor-col-100 elementor-top-column elementor-element elementor-element-c6f4ed3\" data-id=\"c6f4ed3\" data-element_type=\"column\">\n\t\t\t<div class=\"elementor-column-wrap elementor-element-populated\">\n\t\t\t\t\t\t\t<div class=\"elementor-widget-wrap\">\n\t\t\t\t\t\t<div class=\"elementor-element elementor-element-d9e6b36 elementor-widget elementor-widget-heading\" data-id=\"d9e6b36\" data-element_type=\"widget\" data-widget_type=\"heading.default\">\n\t\t\t\t<div class=\"elementor-widget-container\">\n\t\t\t<h2 class=\"elementor-heading-title elementor-size-default\"><b>Avances en las<\/b>  obras de infraestructura educativa en la Comuna 7 - Robledo<\/h2>\t\t<\/div>\n\t\t\t\t<\/div>\n\t\t\t\t<div class=\"elementor-element elementor-element-7fee12c elementor-grid-1 elementor-grid-tablet-2 elementor-grid-mobile-1 elementor-widget elementor-widget-pp-faq\" data-id=\"7fee12c\" data-element_type=\"widget\" data-settings=\"{&quot;faq_layout&quot;:&quot;grid&quot;,&quot;columns&quot;:&quot;1&quot;,&quot;columns_tablet&quot;:&quot;2&quot;,&quot;columns_mobile&quot;:&quot;1&quot;}\" data-widget_type=\"pp-faq.default\">\n\t\t\t\t<div class=\"elementor-widget-container\">\n\t\t\t\t\t<div class=\"pp-faqs pp-faq-grid elementor-grid clearfix\">\n\t\t\t\t\t\t<div class=\"pp-faq-item-wrap elementor-grid-item pp-grid-item-wrap\">\n\t\t\t\t<div class=\"pp-faq-item pp-grid-item\">\n\t\t\t\t\t<div id=\"pp-accordion-tab-title-1341\" class=\"pp-faq-question\" tabindex=\"1341\" data-tab=\"1\">\n\t\t\t\t\t\t<div class=\"pp-accordion-title-icon\">\n\t\t\t\t\t\t\t\t\t\t\t\t\t\t\t\t\t\t\t\t\t<div class=\"pp-accordion-title-text\">\n\t\t\t\t\t\t\t\tLa sede Conrado Gonz\u00e1lez Mej\u00eda de la comuna 7 est\u00e1 en obra.\t\t\t\t\t\t\t<\/div>\n\t\t\t\t\t\t<\/div>\n\t\t\t\t\t\t\t\t\t\t\t<\/div>\n\n\t\t\t\t\t<div id=\"pp-accordion-tab-content-1341\" class=\"pp-faq-answer\" data-tab=\"1\">\n\t\t\t\t\t\t<p><span style=\"font-weight: 400;\">Robledo es una de las comunas m\u00e1s grandes de Medell\u00edn conformada por 25 barrios, se encuentra ubicada al noroccidente de la ciudad <\/span><span style=\"font-weight: 400;\">y limita al norte con la comuna 6 Doce de octubre, al oriente con la comuna 5 Castilla y el r\u00edo Medell\u00edn, al occidente con el corregimiento de San Crist\u00f3bal, y al sur con las comunas 11 Laureles \u2014 Estadio, 12 La Am\u00e9rica y 13 San Javier.\u00a0<\/span><\/p>\n<p><a href=\"https:\/\/www.medellin.gov.co\/es\/sala-de-prensa\/noticias\/la-sede-conrado-gonzalez-mejia-de-la-comuna-7-esta-en-obra\/\" target=\"_blank\" rel=\"noopener\">Contin\u00faa la lectura.<\/a><\/p>\n\t\t\t\t\t<\/div>\n\t\t\t\t<\/div>\n\t\t\t<\/div>\n\t\t\t\t\t<\/div>\n\t\t\t\t<\/div>\n\t\t\t\t<\/div>\n\t\t\t\t\t\t<\/div>\n\t\t\t\t\t<\/div>\n\t\t<\/div>\n\t\t\t\t\t\t\t\t<\/div>\n\t\t\t\t\t<\/div>\n\t\t<\/section>\n\t\t\t\t\t\t\t\t\t<\/div>\n\t\t\t<\/div>\n\t\t\t\t\t<\/div>\n\t\t","protected":false},"excerpt":{"rendered":"<p>Conoce todas las obras y mejoramientos de la infraestructura educativa de la Comuna 7 &#8211; Robledo En 2023, la comuna 7 &#8211; Robledo ser\u00e1 beneficiada con 29 obras que embellecer\u00e1n y mejorar\u00e1n su infraestructura educativa, &#8230;<\/p>\n","protected":false},"author":31,"featured_media":63272,"parent":163343,"menu_order":0,"comment_status":"closed","ping_status":"closed","template":"sec-educacion\/elementor.php","meta":[],"acf":[],"_links":{"self":[{"href":"https:\/\/www.medellin.gov.co\/es\/wp-json\/wp\/v2\/pages\/164337"}],"collection":[{"href":"https:\/\/www.medellin.gov.co\/es\/wp-json\/wp\/v2\/pages"}],"about":[{"href":"https:\/\/www.medellin.gov.co\/es\/wp-json\/wp\/v2\/types\/page"}],"author":[{"embeddable":true,"href":"https:\/\/www.medellin.gov.co\/es\/wp-json\/wp\/v2\/users\/31"}],"replies":[{"embeddable":true,"href":"https:\/\/www.medellin.gov.co\/es\/wp-json\/wp\/v2\/comments?post=164337"}],"version-history":[{"count":10,"href":"https:\/\/www.medellin.gov.co\/es\/wp-json\/wp\/v2\/pages\/164337\/revisions"}],"predecessor-version":[{"id":196459,"href":"https:\/\/www.medellin.gov.co\/es\/wp-json\/wp\/v2\/pages\/164337\/revisions\/196459"}],"up":[{"embeddable":true,"href":"https:\/\/www.medellin.gov.co\/es\/wp-json\/wp\/v2\/pages\/163343"}],"wp:featuredmedia":[{"embeddable":true,"href":"https:\/\/www.medellin.gov.co\/es\/wp-json\/wp\/v2\/media\/63272"}],"wp:attachment":[{"href":"https:\/\/www.medellin.gov.co\/es\/wp-json\/wp\/v2\/media?parent=164337"}],"curies":[{"name":"wp","href":"https:\/\/api.w.org\/{rel}","templated":true}]}}