{"id":164373,"date":"2023-03-06T10:27:16","date_gmt":"2023-03-06T15:27:16","guid":{"rendered":"https:\/\/www.medellin.gov.co\/es\/?page_id=164373"},"modified":"2023-05-15T14:15:05","modified_gmt":"2023-05-15T19:15:05","slug":"obras-y-mejoramientos-de-la-infraestructura-educativa-en-la-comuna-8-villa-hermosa","status":"publish","type":"page","link":"https:\/\/www.medellin.gov.co\/es\/secretaria-de-educacion\/obras-y-mejoramientos-de-infraestructura-educativa-de-medellin\/obras-y-mejoramientos-de-infraestructura-educativa-en-la-zona-3-de-medellin\/obras-y-mejoramientos-de-la-infraestructura-educativa-en-la-comuna-8-villa-hermosa\/","title":{"rendered":"Obras y mejoramientos de la infraestructura educativa en la Comuna 8 &#8211; Villa Hermosa"},"content":{"rendered":"\t\t<div data-elementor-type=\"wp-page\" data-elementor-id=\"164373\" class=\"elementor elementor-164373\">\n\t\t\t\t\t\t<div class=\"elementor-inner\">\n\t\t\t\t<div class=\"elementor-section-wrap\">\n\t\t\t\t\t\t\t\t\t<section class=\"elementor-section elementor-top-section elementor-element elementor-element-c199765 elementor-section-boxed elementor-section-height-default elementor-section-height-default\" data-id=\"c199765\" data-element_type=\"section\">\n\t\t\t\t\t\t<div class=\"elementor-container elementor-column-gap-default\">\n\t\t\t\t\t\t\t<div class=\"elementor-row\">\n\t\t\t\t\t<div class=\"elementor-column elementor-col-100 elementor-top-column elementor-element elementor-element-6fa426c\" data-id=\"6fa426c\" data-element_type=\"column\">\n\t\t\t<div class=\"elementor-column-wrap elementor-element-populated\">\n\t\t\t\t\t\t\t<div class=\"elementor-widget-wrap\">\n\t\t\t\t\t\t<div class=\"elementor-element elementor-element-d54986f elementor-widget elementor-widget-heading\" data-id=\"d54986f\" data-element_type=\"widget\" data-widget_type=\"heading.default\">\n\t\t\t\t<div class=\"elementor-widget-container\">\n\t\t\t<h1 class=\"elementor-heading-title elementor-size-default\">Conoce todas las obras y mejoramientos de la infraestructura educativa de la Comuna 8 - Villa Hermosa<\/h1>\t\t<\/div>\n\t\t\t\t<\/div>\n\t\t\t\t<section class=\"elementor-section elementor-inner-section elementor-element elementor-element-6b7c57a elementor-section-boxed elementor-section-height-default elementor-section-height-default\" data-id=\"6b7c57a\" data-element_type=\"section\">\n\t\t\t\t\t\t<div class=\"elementor-container elementor-column-gap-default\">\n\t\t\t\t\t\t\t<div class=\"elementor-row\">\n\t\t\t\t\t<div class=\"elementor-column elementor-col-50 elementor-inner-column elementor-element elementor-element-8a457a6\" data-id=\"8a457a6\" data-element_type=\"column\">\n\t\t\t<div class=\"elementor-column-wrap elementor-element-populated\">\n\t\t\t\t\t\t\t<div class=\"elementor-widget-wrap\">\n\t\t\t\t\t\t<div class=\"elementor-element elementor-element-3436f1a elementor-widget elementor-widget-text-editor\" data-id=\"3436f1a\" data-element_type=\"widget\" data-widget_type=\"text-editor.default\">\n\t\t\t\t<div class=\"elementor-widget-container\">\n\t\t\t\t\t\t\t\t<div class=\"elementor-text-editor elementor-clearfix\">\n\t\t\t\t<p><span data-sheets-value=\"{\" data-sheets-userformat=\"{\">En 2023, la comuna 8 &#8211; Villa Hermosa ser\u00e1 beneficiada con 35 obras que embellecer\u00e1n y mejorar\u00e1n su infraestructura educativa, para fortalecer el Valle del Software y la transformaci\u00f3n educativa y cultural.<\/span><\/p>\t\t\t\t\t<\/div>\n\t\t\t\t\t\t<\/div>\n\t\t\t\t<\/div>\n\t\t\t\t\t\t<\/div>\n\t\t\t\t\t<\/div>\n\t\t<\/div>\n\t\t\t\t<div class=\"elementor-column elementor-col-50 elementor-inner-column elementor-element elementor-element-6d98afa\" data-id=\"6d98afa\" data-element_type=\"column\">\n\t\t\t<div class=\"elementor-column-wrap elementor-element-populated\">\n\t\t\t\t\t\t\t<div class=\"elementor-widget-wrap\">\n\t\t\t\t\t\t<div class=\"elementor-element elementor-element-36d200d elementor-widget elementor-widget-image\" data-id=\"36d200d\" data-element_type=\"widget\" data-widget_type=\"image.default\">\n\t\t\t\t<div class=\"elementor-widget-container\">\n\t\t\t\t\t\t\t\t<div class=\"elementor-image\">\n\t\t\t\t\t\t\t\t\t\t\t\t<img width=\"1000\" height=\"450\" src=\"https:\/\/www.medellin.gov.co\/es\/wp-content\/uploads\/2022\/04\/20220331-Colegio-Diego-Echavarria-1.jpg\" class=\"attachment-large size-large\" alt=\"20220331-Colegio-Diego-Echavarria-1\" loading=\"lazy\" srcset=\"https:\/\/www.medellin.gov.co\/es\/wp-content\/uploads\/2022\/04\/20220331-Colegio-Diego-Echavarria-1.jpg 1000w, https:\/\/www.medellin.gov.co\/es\/wp-content\/uploads\/2022\/04\/20220331-Colegio-Diego-Echavarria-1-300x135.jpg 300w, https:\/\/www.medellin.gov.co\/es\/wp-content\/uploads\/2022\/04\/20220331-Colegio-Diego-Echavarria-1-150x68.jpg 150w, https:\/\/www.medellin.gov.co\/es\/wp-content\/uploads\/2022\/04\/20220331-Colegio-Diego-Echavarria-1-768x346.jpg 768w\" sizes=\"(max-width: 1000px) 100vw, 1000px\" \/>\t\t\t\t\t\t\t\t\t\t\t\t\t\t<\/div>\n\t\t\t\t\t\t<\/div>\n\t\t\t\t<\/div>\n\t\t\t\t\t\t<\/div>\n\t\t\t\t\t<\/div>\n\t\t<\/div>\n\t\t\t\t\t\t\t\t<\/div>\n\t\t\t\t\t<\/div>\n\t\t<\/section>\n\t\t\t\t<div class=\"elementor-element elementor-element-a2677ff elementor-widget elementor-widget-heading\" data-id=\"a2677ff\" data-element_type=\"widget\" data-widget_type=\"heading.default\">\n\t\t\t\t<div class=\"elementor-widget-container\">\n\t\t\t<h2 class=\"elementor-heading-title elementor-size-default\"><b>Infraestructura<\/b> educativa a intervenir en la Comuna 8 - Villa Hermosa<\/h2>\t\t<\/div>\n\t\t\t\t<\/div>\n\t\t\t\t<div class=\"elementor-element elementor-element-8eba423 elementor-widget elementor-widget-text-editor\" data-id=\"8eba423\" data-element_type=\"widget\" data-widget_type=\"text-editor.default\">\n\t\t\t\t<div class=\"elementor-widget-container\">\n\t\t\t\t\t\t\t\t<div class=\"elementor-text-editor elementor-clearfix\">\n\t\t\t\t<p>Para conocer el detalle de cada una de las intervenciones de las infraestructuras educativas, da clic sobre el nombre. Medell\u00edn est\u00e1 mejor que nunca.<\/p>\t\t\t\t\t<\/div>\n\t\t\t\t\t\t<\/div>\n\t\t\t\t<\/div>\n\t\t\t\t<div class=\"elementor-element elementor-element-81748b5 elementor-widget elementor-widget-text-editor\" data-id=\"81748b5\" data-element_type=\"widget\" data-widget_type=\"text-editor.default\">\n\t\t\t\t<div class=\"elementor-widget-container\">\n\t\t\t\t\t\t\t\t<div class=\"elementor-text-editor elementor-clearfix\">\n\t\t\t\t<p>Instituci\u00f3n Educativa Escuela Normal Superior De Medell\u00edn <\/p><p>Instituci\u00f3n Educativa Juan De la Cruz Posada <\/p><ul><li>Secci\u00f3n Escuela Hipolito Londo\u00f1o Mesa<\/li><li>Secci\u00f3n Colegio Agust\u00edn Nieto Caballero<\/li><\/ul><p>Instituci\u00f3n Educativa Caracas <\/p><ul><li>Secci\u00f3n Escuela Beato Hermano Salom\u00f3n<\/li><\/ul><p>Instituci\u00f3n Educativa Jos\u00e9 Celestino Mutis <\/p><p>Instituci\u00f3n Educativa Gabriel Garc\u00eda M\u00e1rquez <\/p><ul><li>Secci\u00f3n Escuela San Vicente De Paul<\/li><\/ul><p>Instituci\u00f3n Educativa San Francisco de As\u00eds <\/p><p>Instituci\u00f3n Educativa Juan de Dios Carvajal <\/p><ul><li>Secci\u00f3n Escuela Batall\u00f3n Girardot<\/li><li>Secci\u00f3n Escuela Francisco Antonio Uribe<\/li><\/ul><p>Instituci\u00f3n Educativa F\u00e9lix Henao Botero <\/p><ul><li>Secci\u00f3n Escuela Miguel De Aguinaga<\/li><li>Secci\u00f3n Escuela Republica del Per\u00fa<\/li><li>Secci\u00f3n Escuela Santiago Santamar\u00eda<\/li><li>Secci\u00f3n Escuela Julia Agudelo<\/li><\/ul><p>Instituci\u00f3n Educativa La Libertad <\/p><p>Instituci\u00f3n Educativa Vida Para Todos <\/p><ul><li>Secci\u00f3n Escuela Hogar Antioquia<\/li><li>Secci\u00f3n Escuela Sor Mar\u00eda Luisa Courbin<\/li><\/ul><p>Instituci\u00f3n Educativa Luis Carlos Gal\u00e1n Sarmiento <\/p><ul><li>Secci\u00f3n Escuela Ni\u00f1o Jes\u00fas de Praga<\/li><li>Secci\u00f3n Escuela Colinas De Enciso<\/li><\/ul><p>Instituci\u00f3n Educativa Sol de Oriente <\/p><ul><li>Secci\u00f3n Escuela Beato Domingo Iturrate<\/li><\/ul><p>Instituci\u00f3n Educativa Joaqu\u00edn Vallejo Arbel\u00e1ez<\/p><ul><li>Secci\u00f3n Escuela Altos De La Torre<\/li><li>Secci\u00f3n Escuela Las Golondrinas<\/li><\/ul><p>Instituci\u00f3n Educativa El Pinal <\/p><ul><li>Secci\u00f3n Escuela El Pinal<\/li><\/ul><p>Instituci\u00f3n Educativa La Sierra <\/p><ul><li>Secci\u00f3n Escuela Villa Turbay<\/li><li>Secci\u00f3n Escuela Las Estancias<\/li><\/ul>\t\t\t\t\t<\/div>\n\t\t\t\t\t\t<\/div>\n\t\t\t\t<\/div>\n\t\t\t\t\t\t<\/div>\n\t\t\t\t\t<\/div>\n\t\t<\/div>\n\t\t\t\t\t\t\t\t<\/div>\n\t\t\t\t\t<\/div>\n\t\t<\/section>\n\t\t\t\t\t\t\t\t\t<\/div>\n\t\t\t<\/div>\n\t\t\t\t\t<\/div>\n\t\t","protected":false},"excerpt":{"rendered":"<p>Conoce todas las obras y mejoramientos de la infraestructura educativa de la Comuna 8 &#8211; Villa Hermosa En 2023, la comuna 8 &#8211; Villa Hermosa ser\u00e1 beneficiada con 35 obras que embellecer\u00e1n y mejorar\u00e1n su &#8230;<\/p>\n","protected":false},"author":31,"featured_media":63272,"parent":163371,"menu_order":0,"comment_status":"closed","ping_status":"closed","template":"sec-educacion\/elementor.php","meta":[],"acf":[],"_links":{"self":[{"href":"https:\/\/www.medellin.gov.co\/es\/wp-json\/wp\/v2\/pages\/164373"}],"collection":[{"href":"https:\/\/www.medellin.gov.co\/es\/wp-json\/wp\/v2\/pages"}],"about":[{"href":"https:\/\/www.medellin.gov.co\/es\/wp-json\/wp\/v2\/types\/page"}],"author":[{"embeddable":true,"href":"https:\/\/www.medellin.gov.co\/es\/wp-json\/wp\/v2\/users\/31"}],"replies":[{"embeddable":true,"href":"https:\/\/www.medellin.gov.co\/es\/wp-json\/wp\/v2\/comments?post=164373"}],"version-history":[{"count":5,"href":"https:\/\/www.medellin.gov.co\/es\/wp-json\/wp\/v2\/pages\/164373\/revisions"}],"predecessor-version":[{"id":164569,"href":"https:\/\/www.medellin.gov.co\/es\/wp-json\/wp\/v2\/pages\/164373\/revisions\/164569"}],"up":[{"embeddable":true,"href":"https:\/\/www.medellin.gov.co\/es\/wp-json\/wp\/v2\/pages\/163371"}],"wp:featuredmedia":[{"embeddable":true,"href":"https:\/\/www.medellin.gov.co\/es\/wp-json\/wp\/v2\/media\/63272"}],"wp:attachment":[{"href":"https:\/\/www.medellin.gov.co\/es\/wp-json\/wp\/v2\/media?parent=164373"}],"curies":[{"name":"wp","href":"https:\/\/api.w.org\/{rel}","templated":true}]}}