{"id":164742,"date":"2023-03-06T13:59:49","date_gmt":"2023-03-06T18:59:49","guid":{"rendered":"https:\/\/www.medellin.gov.co\/es\/?page_id=164742"},"modified":"2023-05-15T14:08:12","modified_gmt":"2023-05-15T19:08:12","slug":"obras-y-mejoramientos-de-la-infraestructura-educativa-en-santa-elena","status":"publish","type":"page","link":"https:\/\/www.medellin.gov.co\/es\/secretaria-de-educacion\/obras-y-mejoramientos-de-infraestructura-educativa-de-medellin\/obras-y-mejoramientos-de-infraestructura-educativa-en-los-corregimientos-de-medellin\/obras-y-mejoramientos-de-la-infraestructura-educativa-en-santa-elena\/","title":{"rendered":"Obras y mejoramientos de la infraestructura educativa en Santa Elena"},"content":{"rendered":"\t\t<div data-elementor-type=\"wp-page\" data-elementor-id=\"164742\" class=\"elementor elementor-164742\">\n\t\t\t\t\t\t<div class=\"elementor-inner\">\n\t\t\t\t<div class=\"elementor-section-wrap\">\n\t\t\t\t\t\t\t\t\t<section class=\"elementor-section elementor-top-section elementor-element elementor-element-f5d5511 elementor-section-boxed elementor-section-height-default elementor-section-height-default\" data-id=\"f5d5511\" data-element_type=\"section\">\n\t\t\t\t\t\t<div class=\"elementor-container elementor-column-gap-default\">\n\t\t\t\t\t\t\t<div class=\"elementor-row\">\n\t\t\t\t\t<div class=\"elementor-column elementor-col-100 elementor-top-column elementor-element elementor-element-7317c98\" data-id=\"7317c98\" data-element_type=\"column\">\n\t\t\t<div class=\"elementor-column-wrap elementor-element-populated\">\n\t\t\t\t\t\t\t<div class=\"elementor-widget-wrap\">\n\t\t\t\t\t\t<div class=\"elementor-element elementor-element-cb56c09 elementor-widget elementor-widget-heading\" data-id=\"cb56c09\" data-element_type=\"widget\" data-widget_type=\"heading.default\">\n\t\t\t\t<div class=\"elementor-widget-container\">\n\t\t\t<h1 class=\"elementor-heading-title elementor-size-default\">Conoce todas las obras y mejoramientos de la infraestructura educativa en Santa Elena<\/h1>\t\t<\/div>\n\t\t\t\t<\/div>\n\t\t\t\t<section class=\"elementor-section elementor-inner-section elementor-element elementor-element-47b379f elementor-section-boxed elementor-section-height-default elementor-section-height-default\" data-id=\"47b379f\" data-element_type=\"section\">\n\t\t\t\t\t\t<div class=\"elementor-container elementor-column-gap-default\">\n\t\t\t\t\t\t\t<div class=\"elementor-row\">\n\t\t\t\t\t<div class=\"elementor-column elementor-col-50 elementor-inner-column elementor-element elementor-element-a8ace64\" data-id=\"a8ace64\" data-element_type=\"column\">\n\t\t\t<div class=\"elementor-column-wrap elementor-element-populated\">\n\t\t\t\t\t\t\t<div class=\"elementor-widget-wrap\">\n\t\t\t\t\t\t<div class=\"elementor-element elementor-element-0acb85c elementor-widget elementor-widget-text-editor\" data-id=\"0acb85c\" data-element_type=\"widget\" data-widget_type=\"text-editor.default\">\n\t\t\t\t<div class=\"elementor-widget-container\">\n\t\t\t\t\t\t\t\t<div class=\"elementor-text-editor elementor-clearfix\">\n\t\t\t\t<p><span data-sheets-value=\"{\" data-sheets-userformat=\"{\">En 2023, la Comuna 90 &#8211; Santa Elena ser\u00e1 beneficiada con 10 obras que embellecer\u00e1n y mejorar\u00e1n su infraestructura educativa, para fortalecer el Valle del Software y la transformaci\u00f3n educativa y cultural.<\/span><\/p>\t\t\t\t\t<\/div>\n\t\t\t\t\t\t<\/div>\n\t\t\t\t<\/div>\n\t\t\t\t\t\t<\/div>\n\t\t\t\t\t<\/div>\n\t\t<\/div>\n\t\t\t\t<div class=\"elementor-column elementor-col-50 elementor-inner-column elementor-element elementor-element-aed95a1\" data-id=\"aed95a1\" data-element_type=\"column\">\n\t\t\t<div class=\"elementor-column-wrap elementor-element-populated\">\n\t\t\t\t\t\t\t<div class=\"elementor-widget-wrap\">\n\t\t\t\t\t\t<div class=\"elementor-element elementor-element-40359fc elementor-widget elementor-widget-image\" data-id=\"40359fc\" data-element_type=\"widget\" data-widget_type=\"image.default\">\n\t\t\t\t<div class=\"elementor-widget-container\">\n\t\t\t\t\t\t\t\t<div class=\"elementor-image\">\n\t\t\t\t\t\t\t\t\t\t\t\t<img width=\"1000\" height=\"450\" src=\"https:\/\/www.medellin.gov.co\/es\/wp-content\/uploads\/2022\/04\/20220331-Colegio-Diego-Echavarria-1.jpg\" class=\"attachment-large size-large\" alt=\"20220331-Colegio-Diego-Echavarria-1\" loading=\"lazy\" srcset=\"https:\/\/www.medellin.gov.co\/es\/wp-content\/uploads\/2022\/04\/20220331-Colegio-Diego-Echavarria-1.jpg 1000w, https:\/\/www.medellin.gov.co\/es\/wp-content\/uploads\/2022\/04\/20220331-Colegio-Diego-Echavarria-1-300x135.jpg 300w, https:\/\/www.medellin.gov.co\/es\/wp-content\/uploads\/2022\/04\/20220331-Colegio-Diego-Echavarria-1-150x68.jpg 150w, https:\/\/www.medellin.gov.co\/es\/wp-content\/uploads\/2022\/04\/20220331-Colegio-Diego-Echavarria-1-768x346.jpg 768w\" sizes=\"(max-width: 1000px) 100vw, 1000px\" \/>\t\t\t\t\t\t\t\t\t\t\t\t\t\t<\/div>\n\t\t\t\t\t\t<\/div>\n\t\t\t\t<\/div>\n\t\t\t\t\t\t<\/div>\n\t\t\t\t\t<\/div>\n\t\t<\/div>\n\t\t\t\t\t\t\t\t<\/div>\n\t\t\t\t\t<\/div>\n\t\t<\/section>\n\t\t\t\t<div class=\"elementor-element elementor-element-ec81960 elementor-widget elementor-widget-heading\" data-id=\"ec81960\" data-element_type=\"widget\" data-widget_type=\"heading.default\">\n\t\t\t\t<div class=\"elementor-widget-container\">\n\t\t\t<h2 class=\"elementor-heading-title elementor-size-default\"><b>Infraestructura<\/b> educativa a intervenir en Santa Elena<\/h2>\t\t<\/div>\n\t\t\t\t<\/div>\n\t\t\t\t<div class=\"elementor-element elementor-element-eca4f08 elementor-widget elementor-widget-text-editor\" data-id=\"eca4f08\" data-element_type=\"widget\" data-widget_type=\"text-editor.default\">\n\t\t\t\t<div class=\"elementor-widget-container\">\n\t\t\t\t\t\t\t\t<div class=\"elementor-text-editor elementor-clearfix\">\n\t\t\t\t<p>Para conocer el detalle de cada una de las intervenciones de las infraestructuras educativas, da clic sobre el nombre. Medell\u00edn est\u00e1 mejor que nunca.<\/p>\t\t\t\t\t<\/div>\n\t\t\t\t\t\t<\/div>\n\t\t\t\t<\/div>\n\t\t\t\t<div class=\"elementor-element elementor-element-3dbb587 elementor-widget elementor-widget-text-editor\" data-id=\"3dbb587\" data-element_type=\"widget\" data-widget_type=\"text-editor.default\">\n\t\t\t\t<div class=\"elementor-widget-container\">\n\t\t\t\t\t\t\t\t<div class=\"elementor-text-editor elementor-clearfix\">\n\t\t\t\t<p>Centro Educativo Media Luna <\/p><p>Centro Educativo El Plan<\/p><p>Centro Educativo El Placer<\/p><p>Centro Educativo Juan Andr\u00e9s Pati\u00f1o <\/p><p>Centro Educativo Piedra Gorda<\/p><p>Centro Educativo El Cerro<\/p><p>Centro Educativo Permanente Mazo <\/p><p>Centro Educativo Piedras Blancas<\/p><p>Instituci\u00f3n Educativa Santa Elena <\/p><ul><li>Secci\u00f3n Escuela Rural Santa Elena<\/li><\/ul><p>Centro Educativo Quebrada Larga<\/p><p>Centro Educativo Monta\u00f1ita<\/p>\t\t\t\t\t<\/div>\n\t\t\t\t\t\t<\/div>\n\t\t\t\t<\/div>\n\t\t\t\t\t\t<\/div>\n\t\t\t\t\t<\/div>\n\t\t<\/div>\n\t\t\t\t\t\t\t\t<\/div>\n\t\t\t\t\t<\/div>\n\t\t<\/section>\n\t\t\t\t\t\t\t\t\t<\/div>\n\t\t\t<\/div>\n\t\t\t\t\t<\/div>\n\t\t","protected":false},"excerpt":{"rendered":"<p>Conoce todas las obras y mejoramientos de la infraestructura educativa en Santa Elena En 2023, la Comuna 90 &#8211; Santa Elena ser\u00e1 beneficiada con 10 obras que embellecer\u00e1n y mejorar\u00e1n su infraestructura educativa, para fortalecer &#8230;<\/p>\n","protected":false},"author":31,"featured_media":63272,"parent":163673,"menu_order":0,"comment_status":"closed","ping_status":"closed","template":"sec-educacion\/elementor.php","meta":[],"acf":[],"_links":{"self":[{"href":"https:\/\/www.medellin.gov.co\/es\/wp-json\/wp\/v2\/pages\/164742"}],"collection":[{"href":"https:\/\/www.medellin.gov.co\/es\/wp-json\/wp\/v2\/pages"}],"about":[{"href":"https:\/\/www.medellin.gov.co\/es\/wp-json\/wp\/v2\/types\/page"}],"author":[{"embeddable":true,"href":"https:\/\/www.medellin.gov.co\/es\/wp-json\/wp\/v2\/users\/31"}],"replies":[{"embeddable":true,"href":"https:\/\/www.medellin.gov.co\/es\/wp-json\/wp\/v2\/comments?post=164742"}],"version-history":[{"count":5,"href":"https:\/\/www.medellin.gov.co\/es\/wp-json\/wp\/v2\/pages\/164742\/revisions"}],"predecessor-version":[{"id":196435,"href":"https:\/\/www.medellin.gov.co\/es\/wp-json\/wp\/v2\/pages\/164742\/revisions\/196435"}],"up":[{"embeddable":true,"href":"https:\/\/www.medellin.gov.co\/es\/wp-json\/wp\/v2\/pages\/163673"}],"wp:featuredmedia":[{"embeddable":true,"href":"https:\/\/www.medellin.gov.co\/es\/wp-json\/wp\/v2\/media\/63272"}],"wp:attachment":[{"href":"https:\/\/www.medellin.gov.co\/es\/wp-json\/wp\/v2\/media?parent=164742"}],"curies":[{"name":"wp","href":"https:\/\/api.w.org\/{rel}","templated":true}]}}