{"id":164905,"date":"2023-03-06T17:57:37","date_gmt":"2023-03-06T22:57:37","guid":{"rendered":"https:\/\/www.medellin.gov.co\/es\/?page_id=164905"},"modified":"2025-07-15T12:22:29","modified_gmt":"2025-07-15T17:22:29","slug":"machistometro","status":"publish","type":"page","link":"https:\/\/www.medellin.gov.co\/es\/secretaria-mujeres\/machistometro\/","title":{"rendered":"Machist\u00f3metro de la Secretar\u00eda de las Mujeres"},"content":{"rendered":"\t\t<div data-elementor-type=\"wp-page\" data-elementor-id=\"164905\" class=\"elementor elementor-164905\">\n\t\t\t\t\t\t<div class=\"elementor-inner\">\n\t\t\t\t<div class=\"elementor-section-wrap\">\n\t\t\t\t\t\t\t\t\t<section class=\"elementor-section elementor-top-section elementor-element elementor-element-f70fdbf elementor-section-boxed elementor-section-height-default elementor-section-height-default\" data-id=\"f70fdbf\" data-element_type=\"section\">\n\t\t\t\t\t\t<div class=\"elementor-container elementor-column-gap-default\">\n\t\t\t\t\t\t\t<div class=\"elementor-row\">\n\t\t\t\t\t<div class=\"elementor-column elementor-col-100 elementor-top-column elementor-element elementor-element-405aa23\" data-id=\"405aa23\" data-element_type=\"column\">\n\t\t\t<div class=\"elementor-column-wrap elementor-element-populated\">\n\t\t\t\t\t\t\t<div class=\"elementor-widget-wrap\">\n\t\t\t\t\t\t<div class=\"elementor-element elementor-element-feef40f elementor-widget elementor-widget-heading\" data-id=\"feef40f\" data-element_type=\"widget\" data-widget_type=\"heading.default\">\n\t\t\t\t<div class=\"elementor-widget-container\">\n\t\t\t<h1 class=\"elementor-heading-title elementor-size-default\">Machist\u00f3metro de la Secretar\u00eda de las Mujeres<\/h1>\t\t<\/div>\n\t\t\t\t<\/div>\n\t\t\t\t<div class=\"elementor-element elementor-element-5f708cf elementor-widget elementor-widget-text-editor\" data-id=\"5f708cf\" data-element_type=\"widget\" data-widget_type=\"text-editor.default\">\n\t\t\t\t<div class=\"elementor-widget-container\">\n\t\t\t\t\t\t\t\t<div class=\"elementor-text-editor elementor-clearfix\">\n\t\t\t\t<strong><h2>Mor, \u00bfya conoces tu nivel de machismo?<\/h2><\/strong>\nDesc\u00fabrelo ahora con nuestro Machist\u00f3metro, una herramienta que revela verdades inc\u00f3modas, pero que sin duda te ayudar\u00e1 a construir una sociedad con igualdad y a descubrir porqu\u00e9 lo personal es pol\u00edtico.\n\nEs el tiempo de las mujeres poderosas.\t\t\t\t\t<\/div>\n\t\t\t\t\t\t<\/div>\n\t\t\t\t<\/div>\n\t\t\t\t<div class=\"elementor-element elementor-element-e4fd05a elementor-widget elementor-widget-html\" data-id=\"e4fd05a\" data-element_type=\"widget\" data-widget_type=\"html.default\">\n\t\t\t\t<div class=\"elementor-widget-container\">\n\t\t\t<div data-tf-widget=\"u52kiNjE\" data-tf-opacity=\"100\" data-tf-iframe-props=\"title=Machist\u00f3metro\" data-tf-transitive-search-params data-tf-medium=\"snippet\" style=\"width:100%;height:800px;\"><\/div><script src=\"\/\/embed.typeform.com\/next\/embed.js\"><\/script>\t\t<\/div>\n\t\t\t\t<\/div>\n\t\t\t\t\t\t<\/div>\n\t\t\t\t\t<\/div>\n\t\t<\/div>\n\t\t\t\t\t\t\t\t<\/div>\n\t\t\t\t\t<\/div>\n\t\t<\/section>\n\t\t\t\t\t\t\t\t\t<\/div>\n\t\t\t<\/div>\n\t\t\t\t\t<\/div>\n\t\t","protected":false},"excerpt":{"rendered":"<p>Machist\u00f3metro de la Secretar\u00eda de las Mujeres &nbsp; Mor, \u00bfya conoces tu nivel de machismo? Desc\u00fabrelo ahora con nuestro Machist\u00f3metro, una herramienta que revela verdades inc\u00f3modas, pero que sin duda te ayudar\u00e1 a construir una &#8230;<\/p>\n","protected":false},"author":4,"featured_media":428442,"parent":8736,"menu_order":0,"comment_status":"closed","ping_status":"closed","template":"sec-mujeres\/elementor.php","meta":[],"acf":[],"_links":{"self":[{"href":"https:\/\/www.medellin.gov.co\/es\/wp-json\/wp\/v2\/pages\/164905"}],"collection":[{"href":"https:\/\/www.medellin.gov.co\/es\/wp-json\/wp\/v2\/pages"}],"about":[{"href":"https:\/\/www.medellin.gov.co\/es\/wp-json\/wp\/v2\/types\/page"}],"author":[{"embeddable":true,"href":"https:\/\/www.medellin.gov.co\/es\/wp-json\/wp\/v2\/users\/4"}],"replies":[{"embeddable":true,"href":"https:\/\/www.medellin.gov.co\/es\/wp-json\/wp\/v2\/comments?post=164905"}],"version-history":[{"count":10,"href":"https:\/\/www.medellin.gov.co\/es\/wp-json\/wp\/v2\/pages\/164905\/revisions"}],"predecessor-version":[{"id":165503,"href":"https:\/\/www.medellin.gov.co\/es\/wp-json\/wp\/v2\/pages\/164905\/revisions\/165503"}],"up":[{"embeddable":true,"href":"https:\/\/www.medellin.gov.co\/es\/wp-json\/wp\/v2\/pages\/8736"}],"wp:featuredmedia":[{"embeddable":true,"href":"https:\/\/www.medellin.gov.co\/es\/wp-json\/wp\/v2\/media\/428442"}],"wp:attachment":[{"href":"https:\/\/www.medellin.gov.co\/es\/wp-json\/wp\/v2\/media?parent=164905"}],"curies":[{"name":"wp","href":"https:\/\/api.w.org\/{rel}","templated":true}]}}