{"id":166115,"date":"2023-03-08T23:16:14","date_gmt":"2023-03-09T04:16:14","guid":{"rendered":"https:\/\/www.medellin.gov.co\/es\/?page_id=166115"},"modified":"2024-10-23T17:03:47","modified_gmt":"2024-10-23T22:03:47","slug":"estandares","status":"publish","type":"page","link":"https:\/\/www.medellin.gov.co\/es\/departamento-administrativo-de-planeacion\/mecanismos-informacion-geografica-del-distrito-de-medellin\/estandares\/","title":{"rendered":"Est\u00e1ndares geogr\u00e1ficos del Distrito de Medell\u00edn"},"content":{"rendered":"\t\t<div data-elementor-type=\"wp-page\" data-elementor-id=\"166115\" class=\"elementor elementor-166115\">\n\t\t\t\t\t\t<div class=\"elementor-inner\">\n\t\t\t\t<div class=\"elementor-section-wrap\">\n\t\t\t\t\t\t\t\t\t<section class=\"elementor-section elementor-top-section elementor-element elementor-element-e21703a elementor-section-boxed elementor-section-height-default elementor-section-height-default\" data-id=\"e21703a\" data-element_type=\"section\">\n\t\t\t\t\t\t<div class=\"elementor-container elementor-column-gap-default\">\n\t\t\t\t\t\t\t<div class=\"elementor-row\">\n\t\t\t\t\t<div class=\"elementor-column elementor-col-100 elementor-top-column elementor-element elementor-element-3f068f3\" data-id=\"3f068f3\" data-element_type=\"column\">\n\t\t\t<div class=\"elementor-column-wrap elementor-element-populated\">\n\t\t\t\t\t\t\t<div class=\"elementor-widget-wrap\">\n\t\t\t\t\t\t<div class=\"elementor-element elementor-element-b09e838 elementor-widget elementor-widget-heading\" data-id=\"b09e838\" data-element_type=\"widget\" data-widget_type=\"heading.default\">\n\t\t\t\t<div class=\"elementor-widget-container\">\n\t\t\t<h1 class=\"elementor-heading-title elementor-size-default\">Est\u00e1ndares<\/h1>\t\t<\/div>\n\t\t\t\t<\/div>\n\t\t\t\t\t\t<\/div>\n\t\t\t\t\t<\/div>\n\t\t<\/div>\n\t\t\t\t\t\t\t\t<\/div>\n\t\t\t\t\t<\/div>\n\t\t<\/section>\n\t\t\t\t<section class=\"elementor-section elementor-top-section elementor-element elementor-element-2f7f65b elementor-section-boxed elementor-section-height-default elementor-section-height-default\" data-id=\"2f7f65b\" data-element_type=\"section\">\n\t\t\t\t\t\t<div class=\"elementor-container elementor-column-gap-default\">\n\t\t\t\t\t\t\t<div class=\"elementor-row\">\n\t\t\t\t\t<div class=\"elementor-column elementor-col-100 elementor-top-column elementor-element elementor-element-882293e\" data-id=\"882293e\" data-element_type=\"column\">\n\t\t\t<div class=\"elementor-column-wrap elementor-element-populated\">\n\t\t\t\t\t\t\t<div class=\"elementor-widget-wrap\">\n\t\t\t\t\t\t<section class=\"elementor-section elementor-inner-section elementor-element elementor-element-6f2bb23 elementor-section-boxed elementor-section-height-default elementor-section-height-default\" data-id=\"6f2bb23\" data-element_type=\"section\">\n\t\t\t\t\t\t<div class=\"elementor-container elementor-column-gap-default\">\n\t\t\t\t\t\t\t<div class=\"elementor-row\">\n\t\t\t\t\t<div class=\"elementor-column elementor-col-33 elementor-inner-column elementor-element elementor-element-b5eb275\" data-id=\"b5eb275\" data-element_type=\"column\" data-settings=\"{&quot;background_background&quot;:&quot;classic&quot;}\">\n\t\t\t<div class=\"elementor-column-wrap elementor-element-populated\">\n\t\t\t\t\t\t\t<div class=\"elementor-widget-wrap\">\n\t\t\t\t\t\t<div class=\"elementor-element elementor-element-4919052 elementor-widget elementor-widget-heading\" data-id=\"4919052\" data-element_type=\"widget\" data-widget_type=\"heading.default\">\n\t\t\t\t<div class=\"elementor-widget-container\">\n\t\t\t<h2 class=\"elementor-heading-title elementor-size-default\"><a href=\"https:\/\/www.medellin.gov.co\/es\/departamento-administrativo-de-planeacion\/proyecto-gestion-de-informacion-geografica-del-distrito-de-medellin\/\">Proyecto<\/a><\/h2>\t\t<\/div>\n\t\t\t\t<\/div>\n\t\t\t\t\t\t<\/div>\n\t\t\t\t\t<\/div>\n\t\t<\/div>\n\t\t\t\t<div class=\"elementor-column elementor-col-33 elementor-inner-column elementor-element elementor-element-86248ef\" data-id=\"86248ef\" data-element_type=\"column\" data-settings=\"{&quot;background_background&quot;:&quot;classic&quot;}\">\n\t\t\t<div class=\"elementor-column-wrap elementor-element-populated\">\n\t\t\t\t\t\t\t<div class=\"elementor-widget-wrap\">\n\t\t\t\t\t\t<div class=\"elementor-element elementor-element-4983490 elementor-widget elementor-widget-heading\" data-id=\"4983490\" data-element_type=\"widget\" data-widget_type=\"heading.default\">\n\t\t\t\t<div class=\"elementor-widget-container\">\n\t\t\t<h2 class=\"elementor-heading-title elementor-size-default\"><a href=\"https:\/\/www.medellin.gov.co\/es\/departamento-administrativo-de-planeacion\/mecanismos-informacion-geografica-del-distrito-de-medellin\/\">Mecanismos<\/a><\/h2>\t\t<\/div>\n\t\t\t\t<\/div>\n\t\t\t\t\t\t<\/div>\n\t\t\t\t\t<\/div>\n\t\t<\/div>\n\t\t\t\t<div class=\"elementor-column elementor-col-33 elementor-inner-column elementor-element elementor-element-acfc70c\" data-id=\"acfc70c\" data-element_type=\"column\" data-settings=\"{&quot;background_background&quot;:&quot;classic&quot;}\">\n\t\t\t<div class=\"elementor-column-wrap elementor-element-populated\">\n\t\t\t\t\t\t\t<div class=\"elementor-widget-wrap\">\n\t\t\t\t\t\t<div class=\"elementor-element elementor-element-6352e70 elementor-widget elementor-widget-heading\" data-id=\"6352e70\" data-element_type=\"widget\" data-widget_type=\"heading.default\">\n\t\t\t\t<div class=\"elementor-widget-container\">\n\t\t\t<h2 class=\"elementor-heading-title elementor-size-default\"><a href=\"https:\/\/www.medellin.gov.co\/es\/departamento-administrativo-de-planeacion\/instrumentos-informacion-geografica-del-distrito-de-medellin\/\">Instrumentos<\/a><\/h2>\t\t<\/div>\n\t\t\t\t<\/div>\n\t\t\t\t\t\t<\/div>\n\t\t\t\t\t<\/div>\n\t\t<\/div>\n\t\t\t\t\t\t\t\t<\/div>\n\t\t\t\t\t<\/div>\n\t\t<\/section>\n\t\t\t\t<section class=\"elementor-section elementor-inner-section elementor-element elementor-element-5a4133f elementor-section-boxed elementor-section-height-default elementor-section-height-default\" data-id=\"5a4133f\" data-element_type=\"section\">\n\t\t\t\t\t\t<div class=\"elementor-container elementor-column-gap-default\">\n\t\t\t\t\t\t\t<div class=\"elementor-row\">\n\t\t\t\t\t<div class=\"elementor-column elementor-col-50 elementor-inner-column elementor-element elementor-element-022b87a\" data-id=\"022b87a\" data-element_type=\"column\">\n\t\t\t<div class=\"elementor-column-wrap elementor-element-populated\">\n\t\t\t\t\t\t\t<div class=\"elementor-widget-wrap\">\n\t\t\t\t\t\t<div class=\"elementor-element elementor-element-a03d6bf elementor-widget elementor-widget-text-editor\" data-id=\"a03d6bf\" data-element_type=\"widget\" data-widget_type=\"text-editor.default\">\n\t\t\t\t<div class=\"elementor-widget-container\">\n\t\t\t\t\t\t\t\t<div class=\"elementor-text-editor elementor-clearfix\">\n\t\t\t\t<p>Lineamientos para la adopci\u00f3n de est\u00e1ndares que faciliten la calidad y la disponibilidad de los datos espaciales, as\u00ed como su adquisici\u00f3n e interoperabilidad; y que posibiliten a los usuarios el acceso, uso e intercambio de la informaci\u00f3n geoespacial.&nbsp;&nbsp;&nbsp; <br><br>Objetivo:&nbsp; Mejorar la documentaci\u00f3n de la informaci\u00f3n geogr\u00e1fica del Municipio de Medell\u00edn mediante la aplicaci\u00f3n de las Normas ISO y lineamientos de la Infraestructura Colombiana de Datos Espaciales ICDE.<u><\/u><\/p>\t\t\t\t\t<\/div>\n\t\t\t\t\t\t<\/div>\n\t\t\t\t<\/div>\n\t\t\t\t<div class=\"elementor-element elementor-element-06704c5 elementor-tablet-align-left elementor-mobile-align-center elementor-widget elementor-widget-button\" data-id=\"06704c5\" data-element_type=\"widget\" data-widget_type=\"button.default\">\n\t\t\t\t<div class=\"elementor-widget-container\">\n\t\t\t\t\t<div class=\"elementor-button-wrapper\">\n\t\t\t<a href=\"https:\/\/www.medellin.gov.co\/es\/wp-content\/uploads\/2023\/12\/video-procedimientos-gestion-de-informacion-geografica.mp4\" target=\"_blank\" class=\"elementor-button-link elementor-button elementor-size-sm\" role=\"button\">\n\t\t\t\t\t\t<span class=\"elementor-button-content-wrapper\">\n\t\t\t\t\t\t<span class=\"elementor-button-text\">Procedimientos Gesti\u00f3n de Informaci\u00f3n  Geogr\u00e1fica<\/span>\n\t\t<\/span>\n\t\t\t\t\t<\/a>\n\t\t<\/div>\n\t\t\t\t<\/div>\n\t\t\t\t<\/div>\n\t\t\t\t\t\t<\/div>\n\t\t\t\t\t<\/div>\n\t\t<\/div>\n\t\t\t\t<div class=\"elementor-column elementor-col-50 elementor-inner-column elementor-element elementor-element-52ddc77\" data-id=\"52ddc77\" data-element_type=\"column\">\n\t\t\t<div class=\"elementor-column-wrap elementor-element-populated\">\n\t\t\t\t\t\t\t<div class=\"elementor-widget-wrap\">\n\t\t\t\t\t\t<div class=\"elementor-element elementor-element-39cd2a4 elementor-widget elementor-widget-image\" data-id=\"39cd2a4\" data-element_type=\"widget\" data-widget_type=\"image.default\">\n\t\t\t\t<div class=\"elementor-widget-container\">\n\t\t\t\t\t\t\t\t<div class=\"elementor-image\">\n\t\t\t\t\t\t\t\t\t\t\t\t<img width=\"683\" height=\"390\" src=\"https:\/\/www.medellin.gov.co\/es\/wp-content\/uploads\/2023\/03\/principal-estandares-1.png\" class=\"attachment-large size-large\" alt=\"Est\u00e1ndares\" loading=\"lazy\" srcset=\"https:\/\/www.medellin.gov.co\/es\/wp-content\/uploads\/2023\/03\/principal-estandares-1.png 683w, https:\/\/www.medellin.gov.co\/es\/wp-content\/uploads\/2023\/03\/principal-estandares-1-300x171.png 300w, https:\/\/www.medellin.gov.co\/es\/wp-content\/uploads\/2023\/03\/principal-estandares-1-150x86.png 150w\" sizes=\"(max-width: 683px) 100vw, 683px\" \/>\t\t\t\t\t\t\t\t\t\t\t\t\t\t<\/div>\n\t\t\t\t\t\t<\/div>\n\t\t\t\t<\/div>\n\t\t\t\t\t\t<\/div>\n\t\t\t\t\t<\/div>\n\t\t<\/div>\n\t\t\t\t\t\t\t\t<\/div>\n\t\t\t\t\t<\/div>\n\t\t<\/section>\n\t\t\t\t<div class=\"elementor-element elementor-element-8230534 elementor-widget elementor-widget-heading\" data-id=\"8230534\" data-element_type=\"widget\" data-widget_type=\"heading.default\">\n\t\t\t\t<div class=\"elementor-widget-container\">\n\t\t\t<h2 class=\"elementor-heading-title elementor-size-default\"><b>Documentos<\/b><\/h2>\t\t<\/div>\n\t\t\t\t<\/div>\n\t\t\t\t<div class=\"elementor-element elementor-element-4a752e0 elementor-widget elementor-widget-text-editor\" data-id=\"4a752e0\" data-element_type=\"widget\" data-widget_type=\"text-editor.default\">\n\t\t\t\t<div class=\"elementor-widget-container\">\n\t\t\t\t\t\t\t\t<div class=\"elementor-text-editor elementor-clearfix\">\n\t\t\t\t<ul><li><a href=\"https:\/\/www.medellin.gov.co\/es\/wp-content\/uploads\/2023\/03\/fo-ginf-041-diccionario-dato-geograficos-v2.xlsx\" target=\"_blank\" rel=\"noopener\">Formato diccionario de datos<\/a><\/li><li><a href=\"https:\/\/www.medellin.gov.co\/es\/wp-content\/uploads\/2023\/03\/fo-ginf-043-catalogo-objetos-geografico.xlsx\" target=\"_blank\" rel=\"noopener\">Formato cat\u00e1logo de objetos<\/a><\/li><li><a href=\"https:\/\/www.medellin.gov.co\/es\/wp-content\/uploads\/2024\/10\/DE-GINF-033-Guia-para-la-creacion-y-administracion-de-metadatos-V3.pdf\" target=\"_blank\" rel=\"noopener\">Gu\u00eda de metadatos geogr\u00e1ficos<\/a><\/li><li><a href=\"https:\/\/www.medellin.gov.co\/es\/wp-content\/uploads\/2024\/01\/DE-GINF018EstandarInformacinGeogrficaV3.pdf\" target=\"_blank\" rel=\"noopener\">Est\u00e1ndares b\u00e1sicos de informaci\u00f3n geogr\u00e1fica<\/a><\/li><li><a href=\"https:\/\/www.medellin.gov.co\/es\/wp-content\/uploads\/2023\/04\/DE-GINF048EspecificacionesTcnicasparalageneracindeOrtoimgenesyModelosDigitalesdelTerreno.pdf\" target=\"_blank\" rel=\"noopener\">Especificaciones generaci\u00f3n MDT y Ortoim\u00e1genes<\/a><\/li><li><a href=\"https:\/\/www.medellin.gov.co\/Isolucion\/Administracion\/frmFrameSet.aspx?Ruta=Li4vRnJhbWVTZXRBcnRpY3Vsby5hc3A\/UGFnaW5hPUJhbmNvQ29ub2NpbWllbnRvNEFsY2FsZGlhTWVkZWxsaW4vYy9jN2QzMzhiNWQ2ZDI0YzljYjNiNTVjYjM3M2Q0ZDEyNS9jN2QzMzhiNWQ2ZDI0YzljYjNiNTVjYjM3M2Q0ZDEyNS5hc3AmSURBUlRJQ1VMTz02MDQzOQ==\" target=\"_blank\" rel=\"noopener\">Procedimiento de disposici\u00f3n de informaci\u00f3n geogr\u00e1fica<\/a><\/li><li><a href=\"https:\/\/linkprotect.cudasvc.com\/url?a=https%3a%2f%2fwww.medellin.gov.co%2fIsolucion%2fAdministracion%2ffrmFrameSet.aspx%3fRuta%3dLi4vRnJhbWVTZXRBcnRpY3Vsby5hc3A%252fUGFnaW5hPUJhbmNvQ29ub2NpbWllbnRvNEFsY2FsZGlhTWVkZWxsaW4vMy8zMjRlYjE0OWNhMzg0YmI0ODcwZDZiNzEzMmJlZjFjZC8zMjRlYjE0OWNhMzg0YmI0ODcwZDZiNzEzMmJlZjFjZC5hc3AmSURBUlRJQ1VMTz02MDQ3NQ%253d%253d&amp;c=E,1,nJ3PQqIRx8gvHLJheIEYKeZTsb2T1vh71P7ABD3eVWyCvUWHIzEn64HWsy5948HuH5z0pK5LXRgcOt6NvwJvOf7J9x0vOl97Yypf0KKooBv_VQycWo7WC56Lnq-k&amp;typo=1\" target=\"_blank\" rel=\"noopener\">Procedimiento de publicaci\u00f3n en GeoMedell\u00edn<\/a><\/li><li><a href=\"https:\/\/www.medellin.gov.co\/es\/wp-content\/uploads\/2023\/08\/FO-GINF-056-Solicitud-Disposicion-Informacion-GeograficaV2.xlsx\" target=\"_blank\" rel=\"noopener\">Formato de solicitud disposici\u00f3n de informaci\u00f3n geogr\u00e1fica<\/a><\/li><li><a href=\"https:\/\/www.medellin.gov.co\/es\/wp-content\/uploads\/2023\/08\/FO-GINF-60-Solicitud-Publicacion-GeoMedellinV2.xlsx\" target=\"_blank\" rel=\"noopener\">Formato de solicitud de publicaci\u00f3n en GeoMedell\u00edn<\/a><\/li><\/ul>\t\t\t\t\t<\/div>\n\t\t\t\t\t\t<\/div>\n\t\t\t\t<\/div>\n\t\t\t\t<div class=\"elementor-element elementor-element-1e2060d elementor-widget elementor-widget-image\" data-id=\"1e2060d\" data-element_type=\"widget\" data-widget_type=\"image.default\">\n\t\t\t\t<div class=\"elementor-widget-container\">\n\t\t\t\t\t\t\t\t<div class=\"elementor-image\">\n\t\t\t\t\t\t\t\t\t\t\t\t<img width=\"1024\" height=\"629\" src=\"https:\/\/www.medellin.gov.co\/es\/wp-content\/uploads\/2023\/08\/Micrositio-diagramacion-de-documentos-1024x629.png\" class=\"attachment-large size-large\" alt=\"Micrositio-diagramacion-de-documentos\" loading=\"lazy\" srcset=\"https:\/\/www.medellin.gov.co\/es\/wp-content\/uploads\/2023\/08\/Micrositio-diagramacion-de-documentos-1024x629.png 1024w, https:\/\/www.medellin.gov.co\/es\/wp-content\/uploads\/2023\/08\/Micrositio-diagramacion-de-documentos-300x184.png 300w, https:\/\/www.medellin.gov.co\/es\/wp-content\/uploads\/2023\/08\/Micrositio-diagramacion-de-documentos-150x92.png 150w, https:\/\/www.medellin.gov.co\/es\/wp-content\/uploads\/2023\/08\/Micrositio-diagramacion-de-documentos-768x472.png 768w, https:\/\/www.medellin.gov.co\/es\/wp-content\/uploads\/2023\/08\/Micrositio-diagramacion-de-documentos-1536x944.png 1536w, https:\/\/www.medellin.gov.co\/es\/wp-content\/uploads\/2023\/08\/Micrositio-diagramacion-de-documentos.png 1758w\" sizes=\"(max-width: 1024px) 100vw, 1024px\" \/>\t\t\t\t\t\t\t\t\t\t\t\t\t\t<\/div>\n\t\t\t\t\t\t<\/div>\n\t\t\t\t<\/div>\n\t\t\t\t\t\t<\/div>\n\t\t\t\t\t<\/div>\n\t\t<\/div>\n\t\t\t\t\t\t\t\t<\/div>\n\t\t\t\t\t<\/div>\n\t\t<\/section>\n\t\t\t\t\t\t\t\t\t<\/div>\n\t\t\t<\/div>\n\t\t\t\t\t<\/div>\n\t\t","protected":false},"excerpt":{"rendered":"<p>Est\u00e1ndares Proyecto Mecanismos Instrumentos Lineamientos para la adopci\u00f3n de est\u00e1ndares que faciliten la calidad y la disponibilidad de los datos espaciales, as\u00ed como su adquisici\u00f3n e interoperabilidad; y que posibiliten a los usuarios el acceso, &#8230;<\/p>\n","protected":false},"author":4,"featured_media":14823,"parent":165904,"menu_order":0,"comment_status":"closed","ping_status":"closed","template":"sec-planeacion\/elementor.php","meta":[],"acf":[],"_links":{"self":[{"href":"https:\/\/www.medellin.gov.co\/es\/wp-json\/wp\/v2\/pages\/166115"}],"collection":[{"href":"https:\/\/www.medellin.gov.co\/es\/wp-json\/wp\/v2\/pages"}],"about":[{"href":"https:\/\/www.medellin.gov.co\/es\/wp-json\/wp\/v2\/types\/page"}],"author":[{"embeddable":true,"href":"https:\/\/www.medellin.gov.co\/es\/wp-json\/wp\/v2\/users\/4"}],"replies":[{"embeddable":true,"href":"https:\/\/www.medellin.gov.co\/es\/wp-json\/wp\/v2\/comments?post=166115"}],"version-history":[{"count":10,"href":"https:\/\/www.medellin.gov.co\/es\/wp-json\/wp\/v2\/pages\/166115\/revisions"}],"predecessor-version":[{"id":356311,"href":"https:\/\/www.medellin.gov.co\/es\/wp-json\/wp\/v2\/pages\/166115\/revisions\/356311"}],"up":[{"embeddable":true,"href":"https:\/\/www.medellin.gov.co\/es\/wp-json\/wp\/v2\/pages\/165904"}],"wp:featuredmedia":[{"embeddable":true,"href":"https:\/\/www.medellin.gov.co\/es\/wp-json\/wp\/v2\/media\/14823"}],"wp:attachment":[{"href":"https:\/\/www.medellin.gov.co\/es\/wp-json\/wp\/v2\/media?parent=166115"}],"curies":[{"name":"wp","href":"https:\/\/api.w.org\/{rel}","templated":true}]}}