{"id":16676,"date":"2021-09-22T18:56:38","date_gmt":"2021-09-22T23:56:38","guid":{"rendered":"https:\/\/www.medellin.gov.co\/es\/?page_id=16676"},"modified":"2025-06-26T15:29:38","modified_gmt":"2025-06-26T20:29:38","slug":"sistema-de-responsabilidad-penal-para-adolescentes","status":"publish","type":"page","link":"https:\/\/www.medellin.gov.co\/es\/secretaria-de-paz-y-derechos-humanos\/subsecretaria-de-justicia-restaurativa\/sistema-de-responsabilidad-penal-para-adolescentes\/","title":{"rendered":"Sistema de Responsabilidad Penal para Adolescentes &#8211; SRPA"},"content":{"rendered":"\t\t<div data-elementor-type=\"wp-page\" data-elementor-id=\"16676\" class=\"elementor elementor-16676\">\n\t\t\t\t\t\t<div class=\"elementor-inner\">\n\t\t\t\t<div class=\"elementor-section-wrap\">\n\t\t\t\t\t\t\t<div class=\"elementor-element elementor-element-ba02e63 e-container--column e-container\" data-id=\"ba02e63\" data-element_type=\"container\">\t\t\t\t<div class=\"elementor-element elementor-element-e9502f7 elementor-widget elementor-widget-heading\" data-id=\"e9502f7\" data-element_type=\"widget\" data-widget_type=\"heading.default\">\n\t\t\t\t<div class=\"elementor-widget-container\">\n\t\t\t<h1 class=\"elementor-heading-title elementor-size-default\">Sistema de Responsabilidad Penal para Adolescentes<\/h1>\t\t<\/div>\n\t\t\t\t<\/div>\n\t\t<\/div><div class=\"elementor-element elementor-element-1b0aa30 e-container--row e-container\" data-id=\"1b0aa30\" data-element_type=\"container\">\t\t<div class=\"elementor-element elementor-element-3e208df e-container--column e-container\" data-id=\"3e208df\" data-element_type=\"container\">\t\t\t\t<div class=\"elementor-element elementor-element-16ba79b elementor-widget elementor-widget-text-editor\" data-id=\"16ba79b\" data-element_type=\"widget\" data-widget_type=\"text-editor.default\">\n\t\t\t\t<div class=\"elementor-widget-container\">\n\t\t\t\t\t\t\t\t<div class=\"elementor-text-editor elementor-clearfix\">\n\t\t\t\t<p>El Sistema de Responsabilidad Penal Para Adolescentes o SRPA es un conjunto de normas, autoridades y procedimientos especializados que intervienen en los procesos adelantados con personas entre catorce (14) y dieciocho (18) a\u00f1os que hayan participado en la comisi\u00f3n de una conducta punible. En Colombia, el C\u00f3digo de Infancia y Adolescencia (Ley 1098 de 2006) en su art\u00edculo 139, establece que estas acciones deber\u00e1n caracterizarse por ser pedag\u00f3gicas, espec\u00edficas y diferenciadas.<\/p><p>Con la implementaci\u00f3n del Programa de Justicia Juvenil Restaurativa y Terap\u00e9utica en el Distrito de Medell\u00edn, se busca responder a las necesidades de los y las adolescentes y j\u00f3venes, entendiendo que la finalidad del proceso no es la retribuci\u00f3n del castigo, sino la responsabilizaci\u00f3n del adolescente, la reparaci\u00f3n de las v\u00edctimas y la reconstrucci\u00f3n del tejido social.<\/p>\t\t\t\t\t<\/div>\n\t\t\t\t\t\t<\/div>\n\t\t\t\t<\/div>\n\t\t<\/div><div class=\"elementor-element elementor-element-0d8a549 e-container--column e-container\" data-id=\"0d8a549\" data-element_type=\"container\">\t\t\t\t<div class=\"elementor-element elementor-element-b351e02 elementor-widget elementor-widget-image\" data-id=\"b351e02\" data-element_type=\"widget\" data-widget_type=\"image.default\">\n\t\t\t\t<div class=\"elementor-widget-container\">\n\t\t\t\t\t\t\t\t<div class=\"elementor-image\">\n\t\t\t\t\t\t\t\t\t\t\t\t<img width=\"1280\" height=\"855\" src=\"https:\/\/www.medellin.gov.co\/es\/wp-content\/uploads\/2023\/05\/Paz_NoViolencia-1.jpeg\" class=\"attachment-full size-full\" alt=\"Formar para la paz y la no-violencia\" loading=\"lazy\" srcset=\"https:\/\/www.medellin.gov.co\/es\/wp-content\/uploads\/2023\/05\/Paz_NoViolencia-1.jpeg 1280w, https:\/\/www.medellin.gov.co\/es\/wp-content\/uploads\/2023\/05\/Paz_NoViolencia-1-300x200.jpeg 300w, https:\/\/www.medellin.gov.co\/es\/wp-content\/uploads\/2023\/05\/Paz_NoViolencia-1-1024x684.jpeg 1024w, https:\/\/www.medellin.gov.co\/es\/wp-content\/uploads\/2023\/05\/Paz_NoViolencia-1-150x100.jpeg 150w, https:\/\/www.medellin.gov.co\/es\/wp-content\/uploads\/2023\/05\/Paz_NoViolencia-1-768x513.jpeg 768w\" sizes=\"(max-width: 1280px) 100vw, 1280px\" \/>\t\t\t\t\t\t\t\t\t\t\t\t\t\t<\/div>\n\t\t\t\t\t\t<\/div>\n\t\t\t\t<\/div>\n\t\t<\/div><\/div>\t\t<section class=\"elementor-section elementor-top-section elementor-element elementor-element-674b559e elementor-section-boxed elementor-section-height-default elementor-section-height-default\" data-id=\"674b559e\" data-element_type=\"section\">\n\t\t\t\t\t\t<div class=\"elementor-container elementor-column-gap-default\">\n\t\t\t\t\t\t\t<div class=\"elementor-row\">\n\t\t\t\t\t<div class=\"elementor-column elementor-col-100 elementor-top-column elementor-element elementor-element-6834c06e\" data-id=\"6834c06e\" data-element_type=\"column\">\n\t\t\t<div class=\"elementor-column-wrap elementor-element-populated\">\n\t\t\t\t\t\t\t<div class=\"elementor-widget-wrap\">\n\t\t\t\t\t\t<div class=\"elementor-element elementor-element-4d33d36 elementor-widget elementor-widget-heading\" data-id=\"4d33d36\" data-element_type=\"widget\" data-widget_type=\"heading.default\">\n\t\t\t\t<div class=\"elementor-widget-container\">\n\t\t\t<h2 class=\"elementor-heading-title elementor-size-default\"><b>Marco normativo<\/b> del SRPA<\/h2>\t\t<\/div>\n\t\t\t\t<\/div>\n\t\t\t\t<section class=\"elementor-section elementor-inner-section elementor-element elementor-element-036b2a0 elementor-section-boxed elementor-section-height-default elementor-section-height-default\" data-id=\"036b2a0\" data-element_type=\"section\">\n\t\t\t\t\t\t<div class=\"elementor-container elementor-column-gap-default\">\n\t\t\t\t\t\t\t<div class=\"elementor-row\">\n\t\t\t\t\t<div class=\"elementor-column elementor-col-25 elementor-inner-column elementor-element elementor-element-fb8a60b\" data-id=\"fb8a60b\" data-element_type=\"column\" data-settings=\"{&quot;background_background&quot;:&quot;classic&quot;}\">\n\t\t\t<div class=\"elementor-column-wrap elementor-element-populated\">\n\t\t\t\t\t\t\t<div class=\"elementor-widget-wrap\">\n\t\t\t\t\t\t<div class=\"elementor-element elementor-element-a6772cb elementor-widget elementor-widget-heading\" data-id=\"a6772cb\" data-element_type=\"widget\" data-widget_type=\"heading.default\">\n\t\t\t\t<div class=\"elementor-widget-container\">\n\t\t\t<h3 class=\"elementor-heading-title elementor-size-default\"><a href=\"\/es\/wp-content\/uploads\/2021\/09\/Reglas-mi\u0301nimas-de-las-Naciones-Unidas-para-la-administracio\u0301n-de-la-justicia-de-menores.pdf\" target=\"_blank\">Reglas de Beijing<\/a><\/h3>\t\t<\/div>\n\t\t\t\t<\/div>\n\t\t\t\t\t\t<\/div>\n\t\t\t\t\t<\/div>\n\t\t<\/div>\n\t\t\t\t<div class=\"elementor-column elementor-col-25 elementor-inner-column elementor-element elementor-element-46a3583\" data-id=\"46a3583\" data-element_type=\"column\" data-settings=\"{&quot;background_background&quot;:&quot;classic&quot;}\">\n\t\t\t<div class=\"elementor-column-wrap elementor-element-populated\">\n\t\t\t\t\t\t\t<div class=\"elementor-widget-wrap\">\n\t\t\t\t\t\t<div class=\"elementor-element elementor-element-4f46f35 elementor-widget elementor-widget-heading\" data-id=\"4f46f35\" data-element_type=\"widget\" data-widget_type=\"heading.default\">\n\t\t\t\t<div class=\"elementor-widget-container\">\n\t\t\t<h3 class=\"elementor-heading-title elementor-size-default\"><a href=\"\/es\/wp-content\/uploads\/2021\/09\/Cuaderno-del-Instituto-de-Criminologi\u0301a-.pdf\" target=\"_blank\">Reglas de Tokio<\/a><\/h3>\t\t<\/div>\n\t\t\t\t<\/div>\n\t\t\t\t\t\t<\/div>\n\t\t\t\t\t<\/div>\n\t\t<\/div>\n\t\t\t\t<div class=\"elementor-column elementor-col-25 elementor-inner-column elementor-element elementor-element-b7e3049\" data-id=\"b7e3049\" data-element_type=\"column\" data-settings=\"{&quot;background_background&quot;:&quot;classic&quot;}\">\n\t\t\t<div class=\"elementor-column-wrap elementor-element-populated\">\n\t\t\t\t\t\t\t<div class=\"elementor-widget-wrap\">\n\t\t\t\t\t\t<div class=\"elementor-element elementor-element-088db16 elementor-widget elementor-widget-heading\" data-id=\"088db16\" data-element_type=\"widget\" data-widget_type=\"heading.default\">\n\t\t\t\t<div class=\"elementor-widget-container\">\n\t\t\t<h3 class=\"elementor-heading-title elementor-size-default\"><a href=\"\/es\/wp-content\/uploads\/2021\/09\/Convencio\u0301n-sobre-los-Derechos-de-los-Nin\u0303os-.pdf\" target=\"_blank\">Convenci\u00f3n sobre los Derechos del Ni\u00f1o<\/a><\/h3>\t\t<\/div>\n\t\t\t\t<\/div>\n\t\t\t\t\t\t<\/div>\n\t\t\t\t\t<\/div>\n\t\t<\/div>\n\t\t\t\t<div class=\"elementor-column elementor-col-25 elementor-inner-column elementor-element elementor-element-a51d542\" data-id=\"a51d542\" data-element_type=\"column\" data-settings=\"{&quot;background_background&quot;:&quot;classic&quot;}\">\n\t\t\t<div class=\"elementor-column-wrap elementor-element-populated\">\n\t\t\t\t\t\t\t<div class=\"elementor-widget-wrap\">\n\t\t\t\t\t\t<div class=\"elementor-element elementor-element-0a9b262 elementor-widget elementor-widget-heading\" data-id=\"0a9b262\" data-element_type=\"widget\" data-widget_type=\"heading.default\">\n\t\t\t\t<div class=\"elementor-widget-container\">\n\t\t\t<h3 class=\"elementor-heading-title elementor-size-default\"><a href=\"\/es\/wp-content\/uploads\/2021\/09\/Cartilla-Colombia.-De-los-Principios-Fundamentales.pdf\" target=\"_blank\">Constituci\u00f3n Pol\u00edtica de Colombia (Art. 44 - 45)<\/a><\/h3>\t\t<\/div>\n\t\t\t\t<\/div>\n\t\t\t\t\t\t<\/div>\n\t\t\t\t\t<\/div>\n\t\t<\/div>\n\t\t\t\t\t\t\t\t<\/div>\n\t\t\t\t\t<\/div>\n\t\t<\/section>\n\t\t\t\t<section class=\"elementor-section elementor-inner-section elementor-element elementor-element-26447ef elementor-section-boxed elementor-section-height-default elementor-section-height-default\" data-id=\"26447ef\" data-element_type=\"section\">\n\t\t\t\t\t\t<div class=\"elementor-container elementor-column-gap-default\">\n\t\t\t\t\t\t\t<div class=\"elementor-row\">\n\t\t\t\t\t<div class=\"elementor-column elementor-col-25 elementor-inner-column elementor-element elementor-element-c5fa1dc\" data-id=\"c5fa1dc\" data-element_type=\"column\" data-settings=\"{&quot;background_background&quot;:&quot;classic&quot;}\">\n\t\t\t<div class=\"elementor-column-wrap elementor-element-populated\">\n\t\t\t\t\t\t\t<div class=\"elementor-widget-wrap\">\n\t\t\t\t\t\t<div class=\"elementor-element elementor-element-1af819f elementor-widget elementor-widget-heading\" data-id=\"1af819f\" data-element_type=\"widget\" data-widget_type=\"heading.default\">\n\t\t\t\t<div class=\"elementor-widget-container\">\n\t\t\t<h3 class=\"elementor-heading-title elementor-size-default\"><a href=\"\/es\/wp-content\/uploads\/2021\/09\/ABC-Co\u0301digo-de-Infancia-y-Adolescencia-.pdf\" target=\"_blank\">Ley 1098 de 2006<\/a><\/h3>\t\t<\/div>\n\t\t\t\t<\/div>\n\t\t\t\t\t\t<\/div>\n\t\t\t\t\t<\/div>\n\t\t<\/div>\n\t\t\t\t<div class=\"elementor-column elementor-col-25 elementor-inner-column elementor-element elementor-element-b17d3ad\" data-id=\"b17d3ad\" data-element_type=\"column\" data-settings=\"{&quot;background_background&quot;:&quot;classic&quot;}\">\n\t\t\t<div class=\"elementor-column-wrap elementor-element-populated\">\n\t\t\t\t\t\t\t<div class=\"elementor-widget-wrap\">\n\t\t\t\t\t\t<div class=\"elementor-element elementor-element-55137bf elementor-widget elementor-widget-heading\" data-id=\"55137bf\" data-element_type=\"widget\" data-widget_type=\"heading.default\">\n\t\t\t\t<div class=\"elementor-widget-container\">\n\t\t\t<h3 class=\"elementor-heading-title elementor-size-default\"><a href=\"\/es\/wp-content\/uploads\/2021\/09\/Ley-906-de-2004.pdf\" target=\"_blank\">Ley 906 de 2004 Sistema Penal Acusatorio<\/a><\/h3>\t\t<\/div>\n\t\t\t\t<\/div>\n\t\t\t\t\t\t<\/div>\n\t\t\t\t\t<\/div>\n\t\t<\/div>\n\t\t\t\t<div class=\"elementor-column elementor-col-25 elementor-inner-column elementor-element elementor-element-86fd00c\" data-id=\"86fd00c\" data-element_type=\"column\" data-settings=\"{&quot;background_background&quot;:&quot;classic&quot;}\">\n\t\t\t<div class=\"elementor-column-wrap elementor-element-populated\">\n\t\t\t\t\t\t\t<div class=\"elementor-widget-wrap\">\n\t\t\t\t\t\t<div class=\"elementor-element elementor-element-02e2b7a elementor-widget elementor-widget-heading\" data-id=\"02e2b7a\" data-element_type=\"widget\" data-widget_type=\"heading.default\">\n\t\t\t\t<div class=\"elementor-widget-container\">\n\t\t\t<h3 class=\"elementor-heading-title elementor-size-default\"><a href=\"\/es\/wp-content\/uploads\/2021\/09\/Decreto-1137-de-1999.pdf\" target=\"_blank\">Decreto 1137 de 1999<\/a><\/h3>\t\t<\/div>\n\t\t\t\t<\/div>\n\t\t\t\t\t\t<\/div>\n\t\t\t\t\t<\/div>\n\t\t<\/div>\n\t\t\t\t<div class=\"elementor-column elementor-col-25 elementor-inner-column elementor-element elementor-element-00a02f0\" data-id=\"00a02f0\" data-element_type=\"column\" data-settings=\"{&quot;background_background&quot;:&quot;classic&quot;}\">\n\t\t\t<div class=\"elementor-column-wrap elementor-element-populated\">\n\t\t\t\t\t\t\t<div class=\"elementor-widget-wrap\">\n\t\t\t\t\t\t<div class=\"elementor-element elementor-element-e14181c elementor-widget elementor-widget-heading\" data-id=\"e14181c\" data-element_type=\"widget\" data-widget_type=\"heading.default\">\n\t\t\t\t<div class=\"elementor-widget-container\">\n\t\t\t<h3 class=\"elementor-heading-title elementor-size-default\"><a href=\"\/es\/wp-content\/uploads\/2021\/09\/Sentencia-C-203_05.pdf\" target=\"_blank\">Sentencia C 203-05<\/a><\/h3>\t\t<\/div>\n\t\t\t\t<\/div>\n\t\t\t\t\t\t<\/div>\n\t\t\t\t\t<\/div>\n\t\t<\/div>\n\t\t\t\t\t\t\t\t<\/div>\n\t\t\t\t\t<\/div>\n\t\t<\/section>\n\t\t\t\t<section class=\"elementor-section elementor-inner-section elementor-element elementor-element-4a2dc93 elementor-section-boxed elementor-section-height-default elementor-section-height-default\" data-id=\"4a2dc93\" data-element_type=\"section\">\n\t\t\t\t\t\t<div class=\"elementor-container elementor-column-gap-default\">\n\t\t\t\t\t\t\t<div class=\"elementor-row\">\n\t\t\t\t\t<div class=\"elementor-column elementor-col-25 elementor-inner-column elementor-element elementor-element-b8c2cc3 elementor-hidden-mobile\" data-id=\"b8c2cc3\" data-element_type=\"column\" data-settings=\"{&quot;background_background&quot;:&quot;classic&quot;}\">\n\t\t\t<div class=\"elementor-column-wrap\">\n\t\t\t\t\t\t\t<div class=\"elementor-widget-wrap\">\n\t\t\t\t\t\t\t\t<\/div>\n\t\t\t\t\t<\/div>\n\t\t<\/div>\n\t\t\t\t<div class=\"elementor-column elementor-col-25 elementor-inner-column elementor-element elementor-element-676f5f3\" data-id=\"676f5f3\" data-element_type=\"column\" data-settings=\"{&quot;background_background&quot;:&quot;classic&quot;}\">\n\t\t\t<div class=\"elementor-column-wrap elementor-element-populated\">\n\t\t\t\t\t\t\t<div class=\"elementor-widget-wrap\">\n\t\t\t\t\t\t<div class=\"elementor-element elementor-element-e4dce79 elementor-widget elementor-widget-heading\" data-id=\"e4dce79\" data-element_type=\"widget\" data-widget_type=\"heading.default\">\n\t\t\t\t<div class=\"elementor-widget-container\">\n\t\t\t<h3 class=\"elementor-heading-title elementor-size-default\"><a href=\"\/es\/wp-content\/uploads\/2021\/09\/Sentencia-C-684_09.pdf\" target=\"_blank\">Sentencia C 684-09<\/a><\/h3>\t\t<\/div>\n\t\t\t\t<\/div>\n\t\t\t\t\t\t<\/div>\n\t\t\t\t\t<\/div>\n\t\t<\/div>\n\t\t\t\t<div class=\"elementor-column elementor-col-25 elementor-inner-column elementor-element elementor-element-ce9d649\" data-id=\"ce9d649\" data-element_type=\"column\" data-settings=\"{&quot;background_background&quot;:&quot;classic&quot;}\">\n\t\t\t<div class=\"elementor-column-wrap elementor-element-populated\">\n\t\t\t\t\t\t\t<div class=\"elementor-widget-wrap\">\n\t\t\t\t\t\t<div class=\"elementor-element elementor-element-5326c6f elementor-widget elementor-widget-heading\" data-id=\"5326c6f\" data-element_type=\"widget\" data-widget_type=\"heading.default\">\n\t\t\t\t<div class=\"elementor-widget-container\">\n\t\t\t<h3 class=\"elementor-heading-title elementor-size-default\"><a href=\"\/es\/wp-content\/uploads\/2021\/09\/Sentencia-C-591_05.pdf\" target=\"_blank\">Sentencia C 591-05<\/a><\/h3>\t\t<\/div>\n\t\t\t\t<\/div>\n\t\t\t\t\t\t<\/div>\n\t\t\t\t\t<\/div>\n\t\t<\/div>\n\t\t\t\t<div class=\"elementor-column elementor-col-25 elementor-inner-column elementor-element elementor-element-b812f8a\" data-id=\"b812f8a\" data-element_type=\"column\" data-settings=\"{&quot;background_background&quot;:&quot;classic&quot;}\">\n\t\t\t<div class=\"elementor-column-wrap\">\n\t\t\t\t\t\t\t<div class=\"elementor-widget-wrap\">\n\t\t\t\t\t\t\t\t<\/div>\n\t\t\t\t\t<\/div>\n\t\t<\/div>\n\t\t\t\t\t\t\t\t<\/div>\n\t\t\t\t\t<\/div>\n\t\t<\/section>\n\t\t\t\t\t\t<\/div>\n\t\t\t\t\t<\/div>\n\t\t<\/div>\n\t\t\t\t\t\t\t\t<\/div>\n\t\t\t\t\t<\/div>\n\t\t<\/section>\n\t\t<div class=\"elementor-element elementor-element-74c07a3 e-container--column e-container\" data-id=\"74c07a3\" data-element_type=\"container\">\t\t\t\t<div class=\"elementor-element elementor-element-c7002ac elementor-widget elementor-widget-heading\" data-id=\"c7002ac\" data-element_type=\"widget\" data-widget_type=\"heading.default\">\n\t\t\t\t<div class=\"elementor-widget-container\">\n\t\t\t<h2 class=\"elementor-heading-title elementor-size-default\"><b>Acciones estrat\u00e9gicas<\/b><\/h2>\t\t<\/div>\n\t\t\t\t<\/div>\n\t\t<\/div><div class=\"elementor-element elementor-element-485dd0f e-container--row e-container\" data-id=\"485dd0f\" data-element_type=\"container\">\t\t<div class=\"elementor-element elementor-element-cd3d55e e-container--column e-container\" data-id=\"cd3d55e\" data-element_type=\"container\">\t\t\t\t<div class=\"elementor-element elementor-element-2ccab2c elementor-widget elementor-widget-image\" data-id=\"2ccab2c\" data-element_type=\"widget\" data-widget_type=\"image.default\">\n\t\t\t\t<div class=\"elementor-widget-container\">\n\t\t\t\t\t\t\t\t<div class=\"elementor-image\">\n\t\t\t\t\t\t\t\t\t\t\t\t<img width=\"1024\" height=\"684\" src=\"https:\/\/www.medellin.gov.co\/es\/wp-content\/uploads\/2023\/05\/Paz_NoViolencia-3-1024x684.jpeg\" class=\"attachment-large size-large\" alt=\"Formar para la paz y la no-violencia\" loading=\"lazy\" srcset=\"https:\/\/www.medellin.gov.co\/es\/wp-content\/uploads\/2023\/05\/Paz_NoViolencia-3-1024x684.jpeg 1024w, https:\/\/www.medellin.gov.co\/es\/wp-content\/uploads\/2023\/05\/Paz_NoViolencia-3-300x200.jpeg 300w, https:\/\/www.medellin.gov.co\/es\/wp-content\/uploads\/2023\/05\/Paz_NoViolencia-3-150x100.jpeg 150w, https:\/\/www.medellin.gov.co\/es\/wp-content\/uploads\/2023\/05\/Paz_NoViolencia-3-768x513.jpeg 768w, https:\/\/www.medellin.gov.co\/es\/wp-content\/uploads\/2023\/05\/Paz_NoViolencia-3.jpeg 1280w\" sizes=\"(max-width: 1024px) 100vw, 1024px\" \/>\t\t\t\t\t\t\t\t\t\t\t\t\t\t<\/div>\n\t\t\t\t\t\t<\/div>\n\t\t\t\t<\/div>\n\t\t<\/div><div class=\"elementor-element elementor-element-ab32f1d e-container--column e-container\" data-id=\"ab32f1d\" data-element_type=\"container\">\t\t\t\t<div class=\"elementor-element elementor-element-37564c2 elementor-widget elementor-widget-text-editor\" data-id=\"37564c2\" data-element_type=\"widget\" data-widget_type=\"text-editor.default\">\n\t\t\t\t<div class=\"elementor-widget-container\">\n\t\t\t\t\t\t\t\t<div class=\"elementor-text-editor elementor-clearfix\">\n\t\t\t\t<div dir=\"ltr\">Garantizar el enfoque pedag\u00f3gico y protector del Sistema de Responsabilidad Penal para Adolescentes a trav\u00e9s de la Justicia Restaurativa y sus fundamentos esenciales: <wbr \/>responsabilizaci\u00f3n, reparaci\u00f3n y reintegraci\u00f3n o reconstrucci\u00f3n del tejido social.<\/div><div dir=\"ltr\">\u00a0<\/div><div dir=\"ltr\"><i>Algunas de estas acciones son:<\/i><\/div><div dir=\"ltr\">\u00a0<\/div><ul><li dir=\"ltr\">Acompa\u00f1amiento en el proceso terap\u00e9utico y de deshabituaci\u00f3n a adolescentes con un consumo de sustancias psicoactivas asociado a la comisi\u00f3n de conductas punibles, as\u00ed como en la reconstrucci\u00f3n del tejido familiar y social.<\/li><li dir=\"ltr\">Puesta en marcha del primer Centro de Pr\u00e1cticas Restaurativas del Distrito de Medell\u00edn, no solo para fortalecer el enfoque restaurativo del SRPA, sino como una estrategia para acercar la justicia restaurativa a todos los actores sociales y la comunidad en general.<\/li><\/ul>\t\t\t\t\t<\/div>\n\t\t\t\t\t\t<\/div>\n\t\t\t\t<\/div>\n\t\t<\/div><\/div><div class=\"elementor-element elementor-element-247a355 e-container--column e-container\" data-id=\"247a355\" data-element_type=\"container\">\t\t\t\t<div class=\"elementor-element elementor-element-adf9abe elementor-widget elementor-widget-text-editor\" data-id=\"adf9abe\" data-element_type=\"widget\" data-widget_type=\"text-editor.default\">\n\t\t\t\t<div class=\"elementor-widget-container\">\n\t\t\t\t\t\t\t\t<div class=\"elementor-text-editor elementor-clearfix\">\n\t\t\t\t<ul><li dir=\"ltr\">Atenci\u00f3n individual y especializada a adolescentes responsables, sus v\u00edctimas y familias bajo el enfoque de justicia restaurativa, garantizando el derecho a la verdad, la reparaci\u00f3n y la no repetici\u00f3n.<\/li><li dir=\"ltr\">Gesti\u00f3n de oferta interinstitucional para adolescentes en internamiento preventivo, restablecimiento de derechos o sanciones no privativas de la libertad, aportando a la generaci\u00f3n de conocimientos y desarrollo de capacidades que promuevan su autonom\u00eda econ\u00f3mica.<\/li><\/ul>\t\t\t\t\t<\/div>\n\t\t\t\t\t\t<\/div>\n\t\t\t\t<\/div>\n\t\t<\/div><div class=\"elementor-element elementor-element-68274f1 e-container--column e-container\" data-id=\"68274f1\" data-element_type=\"container\">\t\t\t\t<div class=\"elementor-element elementor-element-0f7fe20 elementor-widget elementor-widget-spacer\" data-id=\"0f7fe20\" data-element_type=\"widget\" data-widget_type=\"spacer.default\">\n\t\t\t\t<div class=\"elementor-widget-container\">\n\t\t\t\t\t<div class=\"elementor-spacer\">\n\t\t\t<div class=\"elementor-spacer-inner\"><\/div>\n\t\t<\/div>\n\t\t\t\t<\/div>\n\t\t\t\t<\/div>\n\t\t<\/div>\t\t\t\t\t\t\t<\/div>\n\t\t\t<\/div>\n\t\t\t\t\t<\/div>\n\t\t","protected":false},"excerpt":{"rendered":"<p>Sistema de Responsabilidad Penal para Adolescentes El Sistema de Responsabilidad Penal Para Adolescentes o SRPA es un conjunto de normas, autoridades y procedimientos especializados que intervienen en los procesos adelantados con personas entre catorce (14) &#8230;<\/p>\n","protected":false},"author":1,"featured_media":17298,"parent":16674,"menu_order":5,"comment_status":"closed","ping_status":"closed","template":"","meta":[],"acf":[],"_links":{"self":[{"href":"https:\/\/www.medellin.gov.co\/es\/wp-json\/wp\/v2\/pages\/16676"}],"collection":[{"href":"https:\/\/www.medellin.gov.co\/es\/wp-json\/wp\/v2\/pages"}],"about":[{"href":"https:\/\/www.medellin.gov.co\/es\/wp-json\/wp\/v2\/types\/page"}],"author":[{"embeddable":true,"href":"https:\/\/www.medellin.gov.co\/es\/wp-json\/wp\/v2\/users\/1"}],"replies":[{"embeddable":true,"href":"https:\/\/www.medellin.gov.co\/es\/wp-json\/wp\/v2\/comments?post=16676"}],"version-history":[{"count":10,"href":"https:\/\/www.medellin.gov.co\/es\/wp-json\/wp\/v2\/pages\/16676\/revisions"}],"predecessor-version":[{"id":422937,"href":"https:\/\/www.medellin.gov.co\/es\/wp-json\/wp\/v2\/pages\/16676\/revisions\/422937"}],"up":[{"embeddable":true,"href":"https:\/\/www.medellin.gov.co\/es\/wp-json\/wp\/v2\/pages\/16674"}],"wp:featuredmedia":[{"embeddable":true,"href":"https:\/\/www.medellin.gov.co\/es\/wp-json\/wp\/v2\/media\/17298"}],"wp:attachment":[{"href":"https:\/\/www.medellin.gov.co\/es\/wp-json\/wp\/v2\/media?parent=16676"}],"curies":[{"name":"wp","href":"https:\/\/api.w.org\/{rel}","templated":true}]}}