{"id":16682,"date":"2021-09-22T18:58:43","date_gmt":"2021-09-22T23:58:43","guid":{"rendered":"https:\/\/www.medellin.gov.co\/es\/?page_id=16682"},"modified":"2023-02-02T16:20:10","modified_gmt":"2023-02-02T21:20:10","slug":"reintegracion-y-reincorporacion-a-la-vida-social-y-economica-de-firmantes-de-paz","status":"publish","type":"page","link":"https:\/\/www.medellin.gov.co\/es\/secretaria-de-paz-y-derechos-humanos\/subsecretaria-de-justicia-restaurativa\/reintegracion-y-reincorporacion-a-la-vida-social-y-economica-de-firmantes-de-paz\/","title":{"rendered":"Reintegraci\u00f3n y reincorporaci\u00f3n a la vida social y econ\u00f3mica de firmantes de paz"},"content":{"rendered":"\t\t<div data-elementor-type=\"wp-page\" data-elementor-id=\"16682\" class=\"elementor elementor-16682\">\n\t\t\t\t\t\t<div class=\"elementor-inner\">\n\t\t\t\t<div class=\"elementor-section-wrap\">\n\t\t\t\t\t\t\t\t\t<section class=\"elementor-section elementor-top-section elementor-element elementor-element-896110b elementor-section-boxed elementor-section-height-default elementor-section-height-default\" data-id=\"896110b\" data-element_type=\"section\">\n\t\t\t\t\t\t<div class=\"elementor-container elementor-column-gap-default\">\n\t\t\t\t\t\t\t<div class=\"elementor-row\">\n\t\t\t\t\t<div class=\"elementor-column elementor-col-100 elementor-top-column elementor-element elementor-element-5d599c5\" data-id=\"5d599c5\" data-element_type=\"column\">\n\t\t\t<div class=\"elementor-column-wrap elementor-element-populated\">\n\t\t\t\t\t\t\t<div class=\"elementor-widget-wrap\">\n\t\t\t\t\t\t<div class=\"elementor-element elementor-element-dfeee81 elementor-widget elementor-widget-heading\" data-id=\"dfeee81\" data-element_type=\"widget\" data-widget_type=\"heading.default\">\n\t\t\t\t<div class=\"elementor-widget-container\">\n\t\t\t<h1 class=\"elementor-heading-title elementor-size-default\">Reintegraci\u00f3n y reincorporaci\u00f3n a la vida social y econ\u00f3mica de firmantes de paz<\/h1>\t\t<\/div>\n\t\t\t\t<\/div>\n\t\t\t\t<div class=\"elementor-element elementor-element-cc6b528 elementor-widget elementor-widget-image\" data-id=\"cc6b528\" data-element_type=\"widget\" data-widget_type=\"image.default\">\n\t\t\t\t<div class=\"elementor-widget-container\">\n\t\t\t\t\t\t\t\t<div class=\"elementor-image\">\n\t\t\t\t\t\t\t\t\t\t\t\t<img width=\"1266\" height=\"843\" src=\"https:\/\/www.medellin.gov.co\/es\/wp-content\/uploads\/2021\/09\/proyectos-de-investigacion-de-la-secretaria-de-la-no-violencia.jpeg\" class=\"attachment-full size-full\" alt=\"Proyectos de investigaci\u00f3n de la Secretar\u00eda de la No-Violencia\" loading=\"lazy\" srcset=\"https:\/\/www.medellin.gov.co\/es\/wp-content\/uploads\/2021\/09\/proyectos-de-investigacion-de-la-secretaria-de-la-no-violencia.jpeg 1266w, https:\/\/www.medellin.gov.co\/es\/wp-content\/uploads\/2021\/09\/proyectos-de-investigacion-de-la-secretaria-de-la-no-violencia-300x200.jpeg 300w, https:\/\/www.medellin.gov.co\/es\/wp-content\/uploads\/2021\/09\/proyectos-de-investigacion-de-la-secretaria-de-la-no-violencia-1024x682.jpeg 1024w, https:\/\/www.medellin.gov.co\/es\/wp-content\/uploads\/2021\/09\/proyectos-de-investigacion-de-la-secretaria-de-la-no-violencia-150x100.jpeg 150w, https:\/\/www.medellin.gov.co\/es\/wp-content\/uploads\/2021\/09\/proyectos-de-investigacion-de-la-secretaria-de-la-no-violencia-768x511.jpeg 768w\" sizes=\"(max-width: 1266px) 100vw, 1266px\" \/>\t\t\t\t\t\t\t\t\t\t\t\t\t\t<\/div>\n\t\t\t\t\t\t<\/div>\n\t\t\t\t<\/div>\n\t\t\t\t<div class=\"elementor-element elementor-element-74f4760 elementor-widget elementor-widget-text-editor\" data-id=\"74f4760\" data-element_type=\"widget\" data-widget_type=\"text-editor.default\">\n\t\t\t\t<div class=\"elementor-widget-container\">\n\t\t\t\t\t\t\t\t<div class=\"elementor-text-editor elementor-clearfix\">\n\t\t\t\t<p>Estamos comprometidos con la protecci\u00f3n de los derechos y la formulaci\u00f3n de estrategias con enfoque territorial con el fin de lograr garant\u00edas a la poblaci\u00f3n en proceso de reincorporaci\u00f3n, reinserci\u00f3n, desmovilizados sus familias y las comunidades que los rodean. Buscamos fortalecer a nivel local una articulaci\u00f3n inter e intrainstitucional, efectiva, eficiente y transparente. Adem\u00e1s, impulsamos la creaci\u00f3n de nuevas rutas de administraci\u00f3n que den respuesta a las necesidades locales que se crean con la implementaci\u00f3n del Acuerdo a nivel local. Nuestro compromiso es con la protecci\u00f3n a la vida, la lucha contra la estigmatizaci\u00f3n y la integraci\u00f3n social y econ\u00f3mica, a partir de la generaci\u00f3n de confianza.<\/p>\t\t\t\t\t<\/div>\n\t\t\t\t\t\t<\/div>\n\t\t\t\t<\/div>\n\t\t\t\t<div class=\"elementor-element elementor-element-7adfed4 elementor-widget elementor-widget-heading\" data-id=\"7adfed4\" data-element_type=\"widget\" data-widget_type=\"heading.default\">\n\t\t\t\t<div class=\"elementor-widget-container\">\n\t\t\t<h2 class=\"elementor-heading-title elementor-size-default\"><b>Marco normativo<\/b><\/h2>\t\t<\/div>\n\t\t\t\t<\/div>\n\t\t\t\t<section class=\"elementor-section elementor-inner-section elementor-element elementor-element-aa0fa14 elementor-section-boxed elementor-section-height-default elementor-section-height-default\" data-id=\"aa0fa14\" data-element_type=\"section\">\n\t\t\t\t\t\t<div class=\"elementor-container elementor-column-gap-default\">\n\t\t\t\t\t\t\t<div class=\"elementor-row\">\n\t\t\t\t\t<div class=\"elementor-column elementor-col-33 elementor-inner-column elementor-element elementor-element-0e6fd5b\" data-id=\"0e6fd5b\" data-element_type=\"column\" data-settings=\"{&quot;background_background&quot;:&quot;classic&quot;}\">\n\t\t\t<div class=\"elementor-column-wrap elementor-element-populated\">\n\t\t\t\t\t\t\t<div class=\"elementor-widget-wrap\">\n\t\t\t\t\t\t<div class=\"elementor-element elementor-element-318ae12 elementor-widget elementor-widget-heading\" data-id=\"318ae12\" data-element_type=\"widget\" data-widget_type=\"heading.default\">\n\t\t\t\t<div class=\"elementor-widget-container\">\n\t\t\t<h3 class=\"elementor-heading-title elementor-size-default\"><a href=\"\/es\/wp-content\/uploads\/2021\/09\/Documento-COMPES-3554.pdf\" target=\"_blank\">Conpes 3554 de 2008<\/a><\/h3>\t\t<\/div>\n\t\t\t\t<\/div>\n\t\t\t\t\t\t<\/div>\n\t\t\t\t\t<\/div>\n\t\t<\/div>\n\t\t\t\t<div class=\"elementor-column elementor-col-33 elementor-inner-column elementor-element elementor-element-9a455b4\" data-id=\"9a455b4\" data-element_type=\"column\" data-settings=\"{&quot;background_background&quot;:&quot;classic&quot;}\">\n\t\t\t<div class=\"elementor-column-wrap elementor-element-populated\">\n\t\t\t\t\t\t\t<div class=\"elementor-widget-wrap\">\n\t\t\t\t\t\t<div class=\"elementor-element elementor-element-16c49b7 elementor-widget elementor-widget-heading\" data-id=\"16c49b7\" data-element_type=\"widget\" data-widget_type=\"heading.default\">\n\t\t\t\t<div class=\"elementor-widget-container\">\n\t\t\t<h3 class=\"elementor-heading-title elementor-size-default\"><a href=\"\/es\/wp-content\/uploads\/2021\/09\/Documento-COMPES-3931.pdf\" target=\"_blank\">Conpes 3931 de 2018<\/a><\/h3>\t\t<\/div>\n\t\t\t\t<\/div>\n\t\t\t\t\t\t<\/div>\n\t\t\t\t\t<\/div>\n\t\t<\/div>\n\t\t\t\t<div class=\"elementor-column elementor-col-33 elementor-inner-column elementor-element elementor-element-f9cc0ce\" data-id=\"f9cc0ce\" data-element_type=\"column\" data-settings=\"{&quot;background_background&quot;:&quot;classic&quot;}\">\n\t\t\t<div class=\"elementor-column-wrap elementor-element-populated\">\n\t\t\t\t\t\t\t<div class=\"elementor-widget-wrap\">\n\t\t\t\t\t\t<div class=\"elementor-element elementor-element-4796555 elementor-widget elementor-widget-heading\" data-id=\"4796555\" data-element_type=\"widget\" data-widget_type=\"heading.default\">\n\t\t\t\t<div class=\"elementor-widget-container\">\n\t\t\t<h3 class=\"elementor-heading-title elementor-size-default\"><a href=\"\/es\/wp-content\/uploads\/2021\/09\/Documento-COMPES-3932.pdf\" target=\"_blank\">Conpes 3932 de 2018<\/a><\/h3>\t\t<\/div>\n\t\t\t\t<\/div>\n\t\t\t\t\t\t<\/div>\n\t\t\t\t\t<\/div>\n\t\t<\/div>\n\t\t\t\t\t\t\t\t<\/div>\n\t\t\t\t\t<\/div>\n\t\t<\/section>\n\t\t\t\t<section class=\"elementor-section elementor-inner-section elementor-element elementor-element-b27ad21 elementor-section-boxed elementor-section-height-default elementor-section-height-default\" data-id=\"b27ad21\" data-element_type=\"section\">\n\t\t\t\t\t\t<div class=\"elementor-container elementor-column-gap-default\">\n\t\t\t\t\t\t\t<div class=\"elementor-row\">\n\t\t\t\t\t<div class=\"elementor-column elementor-col-33 elementor-inner-column elementor-element elementor-element-9c6822d\" data-id=\"9c6822d\" data-element_type=\"column\" data-settings=\"{&quot;background_background&quot;:&quot;classic&quot;}\">\n\t\t\t<div class=\"elementor-column-wrap elementor-element-populated\">\n\t\t\t\t\t\t\t<div class=\"elementor-widget-wrap\">\n\t\t\t\t\t\t<div class=\"elementor-element elementor-element-ba45112 elementor-widget elementor-widget-heading\" data-id=\"ba45112\" data-element_type=\"widget\" data-widget_type=\"heading.default\">\n\t\t\t\t<div class=\"elementor-widget-container\">\n\t\t\t<h3 class=\"elementor-heading-title elementor-size-default\"><a href=\"\/es\/wp-content\/uploads\/2021\/09\/Resolucio\u0301n-899-de-2017.pdf\" target=\"_blank\">Decreto Ley 899 de 2017<\/a><\/h3>\t\t<\/div>\n\t\t\t\t<\/div>\n\t\t\t\t\t\t<\/div>\n\t\t\t\t\t<\/div>\n\t\t<\/div>\n\t\t\t\t<div class=\"elementor-column elementor-col-33 elementor-inner-column elementor-element elementor-element-e7171b8\" data-id=\"e7171b8\" data-element_type=\"column\" data-settings=\"{&quot;background_background&quot;:&quot;classic&quot;}\">\n\t\t\t<div class=\"elementor-column-wrap elementor-element-populated\">\n\t\t\t\t\t\t\t<div class=\"elementor-widget-wrap\">\n\t\t\t\t\t\t<div class=\"elementor-element elementor-element-7fd5c44 elementor-widget elementor-widget-heading\" data-id=\"7fd5c44\" data-element_type=\"widget\" data-widget_type=\"heading.default\">\n\t\t\t\t<div class=\"elementor-widget-container\">\n\t\t\t<h3 class=\"elementor-heading-title elementor-size-default\"><a href=\"\/es\/wp-content\/uploads\/2021\/09\/Resolucio\u0301n-4019.pdf\" target=\"_blank\">Resoluci\u00f3n 4309 de 2019<\/a><\/h3>\t\t<\/div>\n\t\t\t\t<\/div>\n\t\t\t\t\t\t<\/div>\n\t\t\t\t\t<\/div>\n\t\t<\/div>\n\t\t\t\t<div class=\"elementor-column elementor-col-33 elementor-inner-column elementor-element elementor-element-a7fade7\" data-id=\"a7fade7\" data-element_type=\"column\" data-settings=\"{&quot;background_background&quot;:&quot;classic&quot;}\">\n\t\t\t<div class=\"elementor-column-wrap elementor-element-populated\">\n\t\t\t\t\t\t\t<div class=\"elementor-widget-wrap\">\n\t\t\t\t\t\t<div class=\"elementor-element elementor-element-4652c13 elementor-widget elementor-widget-heading\" data-id=\"4652c13\" data-element_type=\"widget\" data-widget_type=\"heading.default\">\n\t\t\t\t<div class=\"elementor-widget-container\">\n\t\t\t<h3 class=\"elementor-heading-title elementor-size-default\"><a href=\"\/es\/wp-content\/uploads\/2021\/09\/Resolucio\u0301n-2170-de-2019.pdf\" target=\"_blank\">Directiva 004 de 2021<\/a><\/h3>\t\t<\/div>\n\t\t\t\t<\/div>\n\t\t\t\t\t\t<\/div>\n\t\t\t\t\t<\/div>\n\t\t<\/div>\n\t\t\t\t\t\t\t\t<\/div>\n\t\t\t\t\t<\/div>\n\t\t<\/section>\n\t\t\t\t<div class=\"elementor-element elementor-element-76e9129 elementor-widget elementor-widget-heading\" data-id=\"76e9129\" data-element_type=\"widget\" data-widget_type=\"heading.default\">\n\t\t\t\t<div class=\"elementor-widget-container\">\n\t\t\t<h2 class=\"elementor-heading-title elementor-size-default\"><b>Acciones estrat\u00e9gicas<\/b><\/h2>\t\t<\/div>\n\t\t\t\t<\/div>\n\t\t\t\t<div class=\"elementor-element elementor-element-c768e8e elementor-widget elementor-widget-text-editor\" data-id=\"c768e8e\" data-element_type=\"widget\" data-widget_type=\"text-editor.default\">\n\t\t\t\t<div class=\"elementor-widget-container\">\n\t\t\t\t\t\t\t\t<div class=\"elementor-text-editor elementor-clearfix\">\n\t\t\t\t<ul><li>Trabajar por el fortalecimiento del tejido social, la convivencia, el bienestar y la reconciliaci\u00f3n a trav\u00e9s de mecanismos que permitan comprender la reincorporaci\u00f3n y la reintegraci\u00f3n en un ambiente donde la protecci\u00f3n a la vida es el punto de partida de cualquier iniciativa y que promueva la construcci\u00f3n de nuevas din\u00e1micas y estrategias de paz.<\/li><li>Lograr el avance de la reincorporaci\u00f3n de las y los exintegrantes de las FARC-EP, sus familias y las comunidades a nivel territorial, desde los enfoques de derechos, territorial, de g\u00e9nero y diferencial y luchar contra la estigmatizaci\u00f3n como barrera de acceso y garant\u00eda de derechos, as\u00ed como la definici\u00f3n de acciones que contribuyan a la no repetici\u00f3n.<\/li><li>Brindar acompa\u00f1amiento a trav\u00e9s de un modelo de intervenci\u00f3n psicosocial comunitaria con el prop\u00f3sito de mejorar la oferta y los servicios para este grupo de seres humanos que pasan a ser los agentes gestores de su propio cambio.<\/li><li>Acompa\u00f1ar la Gesti\u00f3n Jur\u00eddica para la reincorporaci\u00f3n a la vida civil de los excombatientes en el proceso de adquirir el estatus de ciudadanos en ejercicio y como sujetos de derechos. Se realiza como parte de un proceso social integral, sostenible y con enfoque diferencial, que no solo incluye al excombatiente, como un actor, sino que cobija a su familia nuclear o extendida.<\/li><\/ul>\t\t\t\t\t<\/div>\n\t\t\t\t\t\t<\/div>\n\t\t\t\t<\/div>\n\t\t\t\t<div class=\"elementor-element elementor-element-65fdc9c elementor-widget elementor-widget-heading\" data-id=\"65fdc9c\" data-element_type=\"widget\" data-widget_type=\"heading.default\">\n\t\t\t\t<div class=\"elementor-widget-container\">\n\t\t\t<h2 class=\"elementor-heading-title elementor-size-default\"><b>Educaci\u00f3n para la paz:<\/b> Centro de Formaci\u00f3n para la Paz y la Reconciliaci\u00f3n (Cepar)<\/h2>\t\t<\/div>\n\t\t\t\t<\/div>\n\t\t\t\t<div class=\"elementor-element elementor-element-b039a02 elementor-widget elementor-widget-image\" data-id=\"b039a02\" data-element_type=\"widget\" data-widget_type=\"image.default\">\n\t\t\t\t<div class=\"elementor-widget-container\">\n\t\t\t\t\t\t\t\t<div class=\"elementor-image\">\n\t\t\t\t\t\t\t\t\t\t\t\t<img width=\"1024\" height=\"683\" src=\"https:\/\/www.medellin.gov.co\/es\/wp-content\/uploads\/2021\/09\/formacion-de-lideres-de-la-secretaria-de-la-no-violencia-de-medellin.jpg\" class=\"attachment-full size-full\" alt=\"Formaci\u00f3n de l\u00edderes de la Secretar\u00eda de la No-Violencia de Medell\u00edn\" loading=\"lazy\" srcset=\"https:\/\/www.medellin.gov.co\/es\/wp-content\/uploads\/2021\/09\/formacion-de-lideres-de-la-secretaria-de-la-no-violencia-de-medellin.jpg 1024w, https:\/\/www.medellin.gov.co\/es\/wp-content\/uploads\/2021\/09\/formacion-de-lideres-de-la-secretaria-de-la-no-violencia-de-medellin-300x200.jpg 300w, https:\/\/www.medellin.gov.co\/es\/wp-content\/uploads\/2021\/09\/formacion-de-lideres-de-la-secretaria-de-la-no-violencia-de-medellin-150x100.jpg 150w, https:\/\/www.medellin.gov.co\/es\/wp-content\/uploads\/2021\/09\/formacion-de-lideres-de-la-secretaria-de-la-no-violencia-de-medellin-768x512.jpg 768w\" sizes=\"(max-width: 1024px) 100vw, 1024px\" \/>\t\t\t\t\t\t\t\t\t\t\t\t\t\t<\/div>\n\t\t\t\t\t\t<\/div>\n\t\t\t\t<\/div>\n\t\t\t\t<div class=\"elementor-element elementor-element-b4a0958 elementor-widget elementor-widget-text-editor\" data-id=\"b4a0958\" data-element_type=\"widget\" data-widget_type=\"text-editor.default\">\n\t\t\t\t<div class=\"elementor-widget-container\">\n\t\t\t\t\t\t\t\t<div class=\"elementor-text-editor elementor-clearfix\">\n\t\t\t\t<p>El objetivo principal de este componente consiste en la construcci\u00f3n, junto a los firmantes por la paz y sus familias, de una metodolog\u00eda de formaci\u00f3n desde la educaci\u00f3n popular, que fortalezca las habilidades para la vida en competencias psicosociales que promuevan la convivencia pac\u00edfica de la poblaci\u00f3n v\u00edctima, los excombatientes, reincorporados y reinsertados garantizando sus derechos fundamentales e integrales.<\/p>\t\t\t\t\t<\/div>\n\t\t\t\t\t\t<\/div>\n\t\t\t\t<\/div>\n\t\t\t\t<div class=\"elementor-element elementor-element-ddde45a elementor-widget elementor-widget-heading\" data-id=\"ddde45a\" data-element_type=\"widget\" data-widget_type=\"heading.default\">\n\t\t\t\t<div class=\"elementor-widget-container\">\n\t\t\t<h2 class=\"elementor-heading-title elementor-size-default\"><b>Inclusi\u00f3n y autonom\u00eda<\/b> econ\u00f3mica<\/h2>\t\t<\/div>\n\t\t\t\t<\/div>\n\t\t\t\t<div class=\"elementor-element elementor-element-74ae411 elementor-widget elementor-widget-text-editor\" data-id=\"74ae411\" data-element_type=\"widget\" data-widget_type=\"text-editor.default\">\n\t\t\t\t<div class=\"elementor-widget-container\">\n\t\t\t\t\t\t\t\t<div class=\"elementor-text-editor elementor-clearfix\">\n\t\t\t\t<p>El Plan de Desarrollo Municipal Medell\u00edn Futuro 2020-2023 tiene como prop\u00f3sito contribuir al cierre de las brechas y la desigualdad social y econ\u00f3mica, a trav\u00e9s de la generaci\u00f3n de capacidades y oportunidades para todos los ciudadanos y las ciudadanas. Se busca garantizar la atenci\u00f3n integral de las necesidades b\u00e1sicas de nuestras poblaciones vulnerables, la reactivaci\u00f3n econ\u00f3mica, la construcci\u00f3n de una ciudad sostenible y la generaci\u00f3n de oportunidades a partir de una gran transformaci\u00f3n que apunte a la autonom\u00eda y la inclusi\u00f3n econ\u00f3mica.<\/p>\t\t\t\t\t<\/div>\n\t\t\t\t\t\t<\/div>\n\t\t\t\t<\/div>\n\t\t\t\t\t\t<\/div>\n\t\t\t\t\t<\/div>\n\t\t<\/div>\n\t\t\t\t\t\t\t\t<\/div>\n\t\t\t\t\t<\/div>\n\t\t<\/section>\n\t\t\t\t\t\t\t\t\t<\/div>\n\t\t\t<\/div>\n\t\t\t\t\t<\/div>\n\t\t","protected":false},"excerpt":{"rendered":"<p>Reintegraci\u00f3n y reincorporaci\u00f3n a la vida social y econ\u00f3mica de firmantes de paz Estamos comprometidos con la protecci\u00f3n de los derechos y la formulaci\u00f3n de estrategias con enfoque territorial con el fin de lograr garant\u00edas &#8230;<\/p>\n","protected":false},"author":1,"featured_media":17298,"parent":16674,"menu_order":20,"comment_status":"closed","ping_status":"closed","template":"sec-noviolencia\/elementor.php","meta":[],"acf":[],"_links":{"self":[{"href":"https:\/\/www.medellin.gov.co\/es\/wp-json\/wp\/v2\/pages\/16682"}],"collection":[{"href":"https:\/\/www.medellin.gov.co\/es\/wp-json\/wp\/v2\/pages"}],"about":[{"href":"https:\/\/www.medellin.gov.co\/es\/wp-json\/wp\/v2\/types\/page"}],"author":[{"embeddable":true,"href":"https:\/\/www.medellin.gov.co\/es\/wp-json\/wp\/v2\/users\/1"}],"replies":[{"embeddable":true,"href":"https:\/\/www.medellin.gov.co\/es\/wp-json\/wp\/v2\/comments?post=16682"}],"version-history":[{"count":10,"href":"https:\/\/www.medellin.gov.co\/es\/wp-json\/wp\/v2\/pages\/16682\/revisions"}],"predecessor-version":[{"id":153725,"href":"https:\/\/www.medellin.gov.co\/es\/wp-json\/wp\/v2\/pages\/16682\/revisions\/153725"}],"up":[{"embeddable":true,"href":"https:\/\/www.medellin.gov.co\/es\/wp-json\/wp\/v2\/pages\/16674"}],"wp:featuredmedia":[{"embeddable":true,"href":"https:\/\/www.medellin.gov.co\/es\/wp-json\/wp\/v2\/media\/17298"}],"wp:attachment":[{"href":"https:\/\/www.medellin.gov.co\/es\/wp-json\/wp\/v2\/media?parent=16682"}],"curies":[{"name":"wp","href":"https:\/\/api.w.org\/{rel}","templated":true}]}}