{"id":16684,"date":"2021-09-22T18:59:20","date_gmt":"2021-09-22T23:59:20","guid":{"rendered":"https:\/\/www.medellin.gov.co\/es\/?page_id=16684"},"modified":"2023-02-02T16:22:34","modified_gmt":"2023-02-02T21:22:34","slug":"verdad-justicia-reparacion-y-garantias-de-medellin","status":"publish","type":"page","link":"https:\/\/www.medellin.gov.co\/es\/secretaria-de-paz-y-derechos-humanos\/subsecretaria-de-justicia-restaurativa\/verdad-justicia-reparacion-y-garantias-de-medellin\/","title":{"rendered":"Sistema Integral de Verdad, Justicia, Reparaci\u00f3n y Garant\u00edas de No Repetici\u00f3n"},"content":{"rendered":"\t\t<div data-elementor-type=\"wp-page\" data-elementor-id=\"16684\" class=\"elementor elementor-16684\">\n\t\t\t\t\t\t<div class=\"elementor-inner\">\n\t\t\t\t<div class=\"elementor-section-wrap\">\n\t\t\t\t\t\t\t\t\t<section class=\"elementor-section elementor-top-section elementor-element elementor-element-4426cd8 elementor-section-boxed elementor-section-height-default elementor-section-height-default\" data-id=\"4426cd8\" data-element_type=\"section\">\n\t\t\t\t\t\t<div class=\"elementor-container elementor-column-gap-default\">\n\t\t\t\t\t\t\t<div class=\"elementor-row\">\n\t\t\t\t\t<div class=\"elementor-column elementor-col-100 elementor-top-column elementor-element elementor-element-1328d83\" data-id=\"1328d83\" data-element_type=\"column\">\n\t\t\t<div class=\"elementor-column-wrap elementor-element-populated\">\n\t\t\t\t\t\t\t<div class=\"elementor-widget-wrap\">\n\t\t\t\t\t\t<div class=\"elementor-element elementor-element-b42327c elementor-widget elementor-widget-heading\" data-id=\"b42327c\" data-element_type=\"widget\" data-widget_type=\"heading.default\">\n\t\t\t\t<div class=\"elementor-widget-container\">\n\t\t\t<h1 class=\"elementor-heading-title elementor-size-default\">Sistema Integral de Verdad, Justicia, Reparaci\u00f3n y Garant\u00edas de No Repetici\u00f3n<\/h1>\t\t<\/div>\n\t\t\t\t<\/div>\n\t\t\t\t<div class=\"elementor-element elementor-element-235fbb9 elementor-widget elementor-widget-image\" data-id=\"235fbb9\" data-element_type=\"widget\" data-widget_type=\"image.default\">\n\t\t\t\t<div class=\"elementor-widget-container\">\n\t\t\t\t\t\t\t\t<div class=\"elementor-image\">\n\t\t\t\t\t\t\t\t\t\t\t\t<img width=\"1024\" height=\"768\" src=\"https:\/\/www.medellin.gov.co\/es\/wp-content\/uploads\/2021\/09\/trabajo-grupal-de-la-secretaria-de-la-no-violencia.jpeg\" class=\"attachment-full size-full\" alt=\"Trabajo grupal de la Secretar\u00eda de la No Violencia\" loading=\"lazy\" srcset=\"https:\/\/www.medellin.gov.co\/es\/wp-content\/uploads\/2021\/09\/trabajo-grupal-de-la-secretaria-de-la-no-violencia.jpeg 1024w, https:\/\/www.medellin.gov.co\/es\/wp-content\/uploads\/2021\/09\/trabajo-grupal-de-la-secretaria-de-la-no-violencia-300x225.jpeg 300w, https:\/\/www.medellin.gov.co\/es\/wp-content\/uploads\/2021\/09\/trabajo-grupal-de-la-secretaria-de-la-no-violencia-150x113.jpeg 150w, https:\/\/www.medellin.gov.co\/es\/wp-content\/uploads\/2021\/09\/trabajo-grupal-de-la-secretaria-de-la-no-violencia-768x576.jpeg 768w\" sizes=\"(max-width: 1024px) 100vw, 1024px\" \/>\t\t\t\t\t\t\t\t\t\t\t\t\t\t<\/div>\n\t\t\t\t\t\t<\/div>\n\t\t\t\t<\/div>\n\t\t\t\t<div class=\"elementor-element elementor-element-e8d3979 elementor-widget elementor-widget-text-editor\" data-id=\"e8d3979\" data-element_type=\"widget\" data-widget_type=\"text-editor.default\">\n\t\t\t\t<div class=\"elementor-widget-container\">\n\t\t\t\t\t\t\t\t<div class=\"elementor-text-editor elementor-clearfix\">\n\t\t\t\t<p>Este Sistema parte del principio de reconocimiento de las v\u00edctimas como ciudadanos con derechos, del hecho de que debe existir verdad plena sobre lo ocurrido, del principio de reconocimiento de responsabilidad por parte de todos quienes participaron de manera directa o indirecta en el conflicto y se vieron involucrados de alguna manera en graves violaciones a los derechos humanos y graves infracciones al Derecho Internacional Humanitario, del principio de satisfacci\u00f3n de los derechos de las v\u00edctimas a la verdad, la justicia, la reparaci\u00f3n y la no repetici\u00f3n sobre la premisa de no intercambiar impunidades, teniendo en cuenta adem\u00e1s los principios b\u00e1sicos de la Jurisdicci\u00f3n Especial para la Paz, entre los que se contempla que \u201cdeber\u00e1 repararse el da\u00f1o causado y restaurarse cuando sea posible\u201d.<\/p><p>El Sistema Integral de Verdad, Justicia, Reparaci\u00f3n y Garant\u00edas de No Repetici\u00f3n est\u00e1 compuesto por los siguientes mecanismos y medidas:<\/p>\t\t\t\t\t<\/div>\n\t\t\t\t\t\t<\/div>\n\t\t\t\t<\/div>\n\t\t\t\t<div class=\"elementor-element elementor-element-6e5f1cd elementor-widget elementor-widget-text-editor\" data-id=\"6e5f1cd\" data-element_type=\"widget\" data-widget_type=\"text-editor.default\">\n\t\t\t\t<div class=\"elementor-widget-container\">\n\t\t\t\t\t\t\t\t<div class=\"elementor-text-editor elementor-clearfix\">\n\t\t\t\t<ul><li>La Jurisdicci\u00f3n Especial para la Paz.<\/li><li>La Comisi\u00f3n para el Esclarecimiento de la Verdad, la Convivencia y la No Repetici\u00f3n.<\/li><li>La Unidad para la B\u00fasqueda de Personas dadas por Desaparecidas en el contexto y en raz\u00f3n del conflicto armado.<\/li><li>Las medidas de reparaci\u00f3n integral para la construcci\u00f3n de paz y las garant\u00edas de no repetici\u00f3n.<\/li><\/ul>\t\t\t\t\t<\/div>\n\t\t\t\t\t\t<\/div>\n\t\t\t\t<\/div>\n\t\t\t\t<div class=\"elementor-element elementor-element-ee55412 elementor-widget elementor-widget-heading\" data-id=\"ee55412\" data-element_type=\"widget\" data-widget_type=\"heading.default\">\n\t\t\t\t<div class=\"elementor-widget-container\">\n\t\t\t<h2 class=\"elementor-heading-title elementor-size-default\"><b>Comisi\u00f3n<\/b> de la Verdad <\/h2>\t\t<\/div>\n\t\t\t\t<\/div>\n\t\t\t\t<section class=\"elementor-section elementor-inner-section elementor-element elementor-element-8f0cc3d elementor-reverse-tablet elementor-reverse-mobile elementor-section-boxed elementor-section-height-default elementor-section-height-default\" data-id=\"8f0cc3d\" data-element_type=\"section\">\n\t\t\t\t\t\t<div class=\"elementor-container elementor-column-gap-default\">\n\t\t\t\t\t\t\t<div class=\"elementor-row\">\n\t\t\t\t\t<div class=\"elementor-column elementor-col-50 elementor-inner-column elementor-element elementor-element-3b445d5\" data-id=\"3b445d5\" data-element_type=\"column\">\n\t\t\t<div class=\"elementor-column-wrap elementor-element-populated\">\n\t\t\t\t\t\t\t<div class=\"elementor-widget-wrap\">\n\t\t\t\t\t\t<div class=\"elementor-element elementor-element-1d284ab elementor-widget elementor-widget-image\" data-id=\"1d284ab\" data-element_type=\"widget\" data-widget_type=\"image.default\">\n\t\t\t\t<div class=\"elementor-widget-container\">\n\t\t\t\t\t\t\t\t<div class=\"elementor-image\">\n\t\t\t\t\t\t\t\t\t\t\t\t<img width=\"1918\" height=\"1076\" src=\"https:\/\/www.medellin.gov.co\/es\/wp-content\/uploads\/2021\/09\/comision-de-la-verdad-de-la-secretaria-de-la-no-violencia.png\" class=\"attachment-full size-full\" alt=\"Comisi\u00f3n de la Verdad de la Secretar\u00eda de la No-Violencia\" loading=\"lazy\" srcset=\"https:\/\/www.medellin.gov.co\/es\/wp-content\/uploads\/2021\/09\/comision-de-la-verdad-de-la-secretaria-de-la-no-violencia.png 1918w, https:\/\/www.medellin.gov.co\/es\/wp-content\/uploads\/2021\/09\/comision-de-la-verdad-de-la-secretaria-de-la-no-violencia-300x168.png 300w, https:\/\/www.medellin.gov.co\/es\/wp-content\/uploads\/2021\/09\/comision-de-la-verdad-de-la-secretaria-de-la-no-violencia-1024x574.png 1024w, https:\/\/www.medellin.gov.co\/es\/wp-content\/uploads\/2021\/09\/comision-de-la-verdad-de-la-secretaria-de-la-no-violencia-150x84.png 150w, https:\/\/www.medellin.gov.co\/es\/wp-content\/uploads\/2021\/09\/comision-de-la-verdad-de-la-secretaria-de-la-no-violencia-768x431.png 768w, https:\/\/www.medellin.gov.co\/es\/wp-content\/uploads\/2021\/09\/comision-de-la-verdad-de-la-secretaria-de-la-no-violencia-1536x862.png 1536w\" sizes=\"(max-width: 1918px) 100vw, 1918px\" \/>\t\t\t\t\t\t\t\t\t\t\t\t\t\t<\/div>\n\t\t\t\t\t\t<\/div>\n\t\t\t\t<\/div>\n\t\t\t\t\t\t<\/div>\n\t\t\t\t\t<\/div>\n\t\t<\/div>\n\t\t\t\t<div class=\"elementor-column elementor-col-50 elementor-inner-column elementor-element elementor-element-9349fd6\" data-id=\"9349fd6\" data-element_type=\"column\">\n\t\t\t<div class=\"elementor-column-wrap elementor-element-populated\">\n\t\t\t\t\t\t\t<div class=\"elementor-widget-wrap\">\n\t\t\t\t\t\t<div class=\"elementor-element elementor-element-84af5b7 elementor-widget elementor-widget-text-editor\" data-id=\"84af5b7\" data-element_type=\"widget\" data-widget_type=\"text-editor.default\">\n\t\t\t\t<div class=\"elementor-widget-container\">\n\t\t\t\t\t\t\t\t<div class=\"elementor-text-editor elementor-clearfix\">\n\t\t\t\t<p>En el marco del Acuerdo Final para la terminaci\u00f3n del conflicto y la construcci\u00f3n de una paz estable y duradera, suscrito entre el Gobierno de Colombia y las Fuerzas Armadas Revolucionarias de Colombia (Ej\u00e9rcito del Pueblo FARC -EP), mediante el Acto Legislativo 01 de 2017 y el Decreto 588 de 2017, se cre\u00f3 la Comisi\u00f3n para el Esclarecimiento de la Verdad, la Convivencia y la No Repetici\u00f3n, como un mecanismo de car\u00e1cter temporal y extrajudicial del Sistema Integral de Verdad, Justicia, Reparaci\u00f3n y No Repetici\u00f3n (SIVJRNR), para conocer la verdad de lo ocurrido en el marco del conflicto armado y contribuir al esclarecimiento de las violaciones e infracciones cometidas durante el mismo para ofrecer una explicaci\u00f3n amplia de su complejidad a toda la sociedad.<\/p>\t\t\t\t\t<\/div>\n\t\t\t\t\t\t<\/div>\n\t\t\t\t<\/div>\n\t\t\t\t\t\t<\/div>\n\t\t\t\t\t<\/div>\n\t\t<\/div>\n\t\t\t\t\t\t\t\t<\/div>\n\t\t\t\t\t<\/div>\n\t\t<\/section>\n\t\t\t\t<section class=\"elementor-section elementor-inner-section elementor-element elementor-element-3527466 elementor-section-boxed elementor-section-height-default elementor-section-height-default\" data-id=\"3527466\" data-element_type=\"section\">\n\t\t\t\t\t\t<div class=\"elementor-container elementor-column-gap-default\">\n\t\t\t\t\t\t\t<div class=\"elementor-row\">\n\t\t\t\t\t<div class=\"elementor-column elementor-col-50 elementor-inner-column elementor-element elementor-element-9571ca9\" data-id=\"9571ca9\" data-element_type=\"column\" data-settings=\"{&quot;background_background&quot;:&quot;classic&quot;}\">\n\t\t\t<div class=\"elementor-column-wrap elementor-element-populated\">\n\t\t\t\t\t\t\t<div class=\"elementor-widget-wrap\">\n\t\t\t\t\t\t<div class=\"elementor-element elementor-element-3ad8eb3 elementor-widget elementor-widget-heading\" data-id=\"3ad8eb3\" data-element_type=\"widget\" data-widget_type=\"heading.default\">\n\t\t\t\t<div class=\"elementor-widget-container\">\n\t\t\t<h3 class=\"elementor-heading-title elementor-size-default\"><a href=\"\/es\/wp-content\/uploads\/2021\/09\/Acto_Legislativo_01_de_2017_Congreso_de_la_Repu\u0301blica.pdf\" target=\"_blank\">Acto legislativo 01 de 2017<\/a><\/h3>\t\t<\/div>\n\t\t\t\t<\/div>\n\t\t\t\t\t\t<\/div>\n\t\t\t\t\t<\/div>\n\t\t<\/div>\n\t\t\t\t<div class=\"elementor-column elementor-col-50 elementor-inner-column elementor-element elementor-element-9513a07\" data-id=\"9513a07\" data-element_type=\"column\" data-settings=\"{&quot;background_background&quot;:&quot;classic&quot;}\">\n\t\t\t<div class=\"elementor-column-wrap elementor-element-populated\">\n\t\t\t\t\t\t\t<div class=\"elementor-widget-wrap\">\n\t\t\t\t\t\t<div class=\"elementor-element elementor-element-1fa4696 elementor-widget elementor-widget-heading\" data-id=\"1fa4696\" data-element_type=\"widget\" data-widget_type=\"heading.default\">\n\t\t\t\t<div class=\"elementor-widget-container\">\n\t\t\t<h3 class=\"elementor-heading-title elementor-size-default\"><a href=\"\/es\/wp-content\/uploads\/2021\/09\/Decreto_Ley_588_de_2017.pdf\" target=\"_blank\">Decreto 588 de 2017<\/a><\/h3>\t\t<\/div>\n\t\t\t\t<\/div>\n\t\t\t\t\t\t<\/div>\n\t\t\t\t\t<\/div>\n\t\t<\/div>\n\t\t\t\t\t\t\t\t<\/div>\n\t\t\t\t\t<\/div>\n\t\t<\/section>\n\t\t\t\t<div class=\"elementor-element elementor-element-feb11aa elementor-widget elementor-widget-heading\" data-id=\"feb11aa\" data-element_type=\"widget\" data-widget_type=\"heading.default\">\n\t\t\t\t<div class=\"elementor-widget-container\">\n\t\t\t<h2 class=\"elementor-heading-title elementor-size-default\"><b>Jurisdicci\u00f3n Especial para la Paz<\/b> (JEP) <\/h2>\t\t<\/div>\n\t\t\t\t<\/div>\n\t\t\t\t<div class=\"elementor-element elementor-element-cf1afd4 elementor-widget elementor-widget-image\" data-id=\"cf1afd4\" data-element_type=\"widget\" data-widget_type=\"image.default\">\n\t\t\t\t<div class=\"elementor-widget-container\">\n\t\t\t\t\t\t\t\t<div class=\"elementor-image\">\n\t\t\t\t\t\t\t\t\t\t\t\t<img width=\"1024\" height=\"660\" src=\"https:\/\/www.medellin.gov.co\/es\/wp-content\/uploads\/2021\/09\/secretaria-de-la-no-violencia-respeto-a-las-victimas.jpg\" class=\"attachment-full size-full\" alt=\"Secretar\u00eda de la No-Violencia, respeto a las v\u00edctimas\" loading=\"lazy\" srcset=\"https:\/\/www.medellin.gov.co\/es\/wp-content\/uploads\/2021\/09\/secretaria-de-la-no-violencia-respeto-a-las-victimas.jpg 1024w, https:\/\/www.medellin.gov.co\/es\/wp-content\/uploads\/2021\/09\/secretaria-de-la-no-violencia-respeto-a-las-victimas-300x193.jpg 300w, https:\/\/www.medellin.gov.co\/es\/wp-content\/uploads\/2021\/09\/secretaria-de-la-no-violencia-respeto-a-las-victimas-150x97.jpg 150w, https:\/\/www.medellin.gov.co\/es\/wp-content\/uploads\/2021\/09\/secretaria-de-la-no-violencia-respeto-a-las-victimas-768x495.jpg 768w\" sizes=\"(max-width: 1024px) 100vw, 1024px\" \/>\t\t\t\t\t\t\t\t\t\t\t\t\t\t<\/div>\n\t\t\t\t\t\t<\/div>\n\t\t\t\t<\/div>\n\t\t\t\t<div class=\"elementor-element elementor-element-e47d4f4 elementor-widget elementor-widget-text-editor\" data-id=\"e47d4f4\" data-element_type=\"widget\" data-widget_type=\"text-editor.default\">\n\t\t\t\t<div class=\"elementor-widget-container\">\n\t\t\t\t\t\t\t\t<div class=\"elementor-text-editor elementor-clearfix\">\n\t\t\t\t<p>La Jurisdicci\u00f3n Especial para la Paz (JEP) es el componente de justicia del Sistema Integral de Verdad, Justicia, Reparaci\u00f3n y No Repetici\u00f3n, creado por el Acuerdo de Paz entre el Gobierno Nacional y las Farc-EP. La JEP tiene la funci\u00f3n de administrar justicia transicional y conocer los delitos cometidos en el marco del conflicto armado que se hubieran cometido antes del 1 de diciembre de 2016. La existencia de la JEP no podr\u00e1 ser superior a 20 a\u00f1os.<\/p><p>La JEP fue creada para satisfacer los derechos de las v\u00edctimas a la justicia, ofrecerles verdad y contribuir a su reparaci\u00f3n, con el prop\u00f3sito de construir una paz estable y duradera.<\/p>\t\t\t\t\t<\/div>\n\t\t\t\t\t\t<\/div>\n\t\t\t\t<\/div>\n\t\t\t\t<div class=\"elementor-element elementor-element-2788870 elementor-tablet-align-left elementor-mobile-align-center elementor-widget elementor-widget-button\" data-id=\"2788870\" data-element_type=\"widget\" data-widget_type=\"button.default\">\n\t\t\t\t<div class=\"elementor-widget-container\">\n\t\t\t\t\t<div class=\"elementor-button-wrapper\">\n\t\t\t<a href=\"https:\/\/www.jep.gov.co\/Paginas\/Inicio.aspx\" target=\"_blank\" class=\"elementor-button-link elementor-button elementor-size-sm\" role=\"button\">\n\t\t\t\t\t\t<span class=\"elementor-button-content-wrapper\">\n\t\t\t\t\t\t<span class=\"elementor-button-text\">Conoce m\u00e1s de la JEP<\/span>\n\t\t<\/span>\n\t\t\t\t\t<\/a>\n\t\t<\/div>\n\t\t\t\t<\/div>\n\t\t\t\t<\/div>\n\t\t\t\t<div class=\"elementor-element elementor-element-de5c5f8 elementor-widget elementor-widget-heading\" data-id=\"de5c5f8\" data-element_type=\"widget\" data-widget_type=\"heading.default\">\n\t\t\t\t<div class=\"elementor-widget-container\">\n\t\t\t<h2 class=\"elementor-heading-title elementor-size-default\"><b>Unidad de B\u00fasqueda<\/b> de Personas dadas por Desaparecidas<\/h2>\t\t<\/div>\n\t\t\t\t<\/div>\n\t\t\t\t<div class=\"elementor-element elementor-element-d19e4c4 elementor-widget elementor-widget-text-editor\" data-id=\"d19e4c4\" data-element_type=\"widget\" data-widget_type=\"text-editor.default\">\n\t\t\t\t<div class=\"elementor-widget-container\">\n\t\t\t\t\t\t\t\t<div class=\"elementor-text-editor elementor-clearfix\">\n\t\t\t\t<p>La Unidad de B\u00fasqueda de Personas dadas por Desaparecidas (UBPD) es una entidad del Estado, de car\u00e1cter humanitario y extrajudicial, aut\u00f3noma e independiente dentro del Sistema Integral de Verdad, Justicia, Reparaci\u00f3n y No Repetici\u00f3n, que busca contribuir a la satisfacci\u00f3n de los derechos a la verdad, la reparaci\u00f3n de las v\u00edctimas a trav\u00e9s del proceso de b\u00fasqueda y las garant\u00edas de no repetici\u00f3n.<\/p>\t\t\t\t\t<\/div>\n\t\t\t\t\t\t<\/div>\n\t\t\t\t<\/div>\n\t\t\t\t<div class=\"elementor-element elementor-element-3233135 elementor-tablet-align-left elementor-mobile-align-center elementor-widget elementor-widget-button\" data-id=\"3233135\" data-element_type=\"widget\" data-widget_type=\"button.default\">\n\t\t\t\t<div class=\"elementor-widget-container\">\n\t\t\t\t\t<div class=\"elementor-button-wrapper\">\n\t\t\t<a href=\"https:\/\/www.ubpdbusquedadesaparecidos.co\/\" target=\"_blank\" class=\"elementor-button-link elementor-button elementor-size-sm\" role=\"button\">\n\t\t\t\t\t\t<span class=\"elementor-button-content-wrapper\">\n\t\t\t\t\t\t<span class=\"elementor-button-text\">Conoce m\u00e1s de la Unidad<\/span>\n\t\t<\/span>\n\t\t\t\t\t<\/a>\n\t\t<\/div>\n\t\t\t\t<\/div>\n\t\t\t\t<\/div>\n\t\t\t\t\t\t<\/div>\n\t\t\t\t\t<\/div>\n\t\t<\/div>\n\t\t\t\t\t\t\t\t<\/div>\n\t\t\t\t\t<\/div>\n\t\t<\/section>\n\t\t\t\t\t\t\t\t\t<\/div>\n\t\t\t<\/div>\n\t\t\t\t\t<\/div>\n\t\t","protected":false},"excerpt":{"rendered":"<p>Sistema Integral de Verdad, Justicia, Reparaci\u00f3n y Garant\u00edas de No Repetici\u00f3n Este Sistema parte del principio de reconocimiento de las v\u00edctimas como ciudadanos con derechos, del hecho de que debe existir verdad plena sobre lo &#8230;<\/p>\n","protected":false},"author":1,"featured_media":17298,"parent":16674,"menu_order":25,"comment_status":"closed","ping_status":"closed","template":"sec-noviolencia\/elementor.php","meta":[],"acf":[],"_links":{"self":[{"href":"https:\/\/www.medellin.gov.co\/es\/wp-json\/wp\/v2\/pages\/16684"}],"collection":[{"href":"https:\/\/www.medellin.gov.co\/es\/wp-json\/wp\/v2\/pages"}],"about":[{"href":"https:\/\/www.medellin.gov.co\/es\/wp-json\/wp\/v2\/types\/page"}],"author":[{"embeddable":true,"href":"https:\/\/www.medellin.gov.co\/es\/wp-json\/wp\/v2\/users\/1"}],"replies":[{"embeddable":true,"href":"https:\/\/www.medellin.gov.co\/es\/wp-json\/wp\/v2\/comments?post=16684"}],"version-history":[{"count":10,"href":"https:\/\/www.medellin.gov.co\/es\/wp-json\/wp\/v2\/pages\/16684\/revisions"}],"predecessor-version":[{"id":153736,"href":"https:\/\/www.medellin.gov.co\/es\/wp-json\/wp\/v2\/pages\/16684\/revisions\/153736"}],"up":[{"embeddable":true,"href":"https:\/\/www.medellin.gov.co\/es\/wp-json\/wp\/v2\/pages\/16674"}],"wp:featuredmedia":[{"embeddable":true,"href":"https:\/\/www.medellin.gov.co\/es\/wp-json\/wp\/v2\/media\/17298"}],"wp:attachment":[{"href":"https:\/\/www.medellin.gov.co\/es\/wp-json\/wp\/v2\/media?parent=16684"}],"curies":[{"name":"wp","href":"https:\/\/api.w.org\/{rel}","templated":true}]}}