{"id":169278,"date":"2023-03-16T12:01:24","date_gmt":"2023-03-16T17:01:24","guid":{"rendered":"https:\/\/www.medellin.gov.co\/es\/?page_id=169278"},"modified":"2023-09-05T17:33:46","modified_gmt":"2023-09-05T22:33:46","slug":"servicios-de-la-unidad-de-ninez","status":"publish","type":"page","link":"https:\/\/www.medellin.gov.co\/es\/secretaria-de-inclusion-social-y-familia\/subsecretaria-de-grupos-poblacionales\/unidad-de-ninez\/servicios-de-la-unidad-de-ninez\/","title":{"rendered":"Servicios de la unidad de ni\u00f1ez"},"content":{"rendered":"\t\t<div data-elementor-type=\"wp-page\" data-elementor-id=\"169278\" class=\"elementor elementor-169278\">\n\t\t\t\t\t\t<div class=\"elementor-inner\">\n\t\t\t\t<div class=\"elementor-section-wrap\">\n\t\t\t\t\t\t\t\t\t<section class=\"elementor-section elementor-top-section elementor-element elementor-element-be051bf elementor-section-boxed elementor-section-height-default elementor-section-height-default\" data-id=\"be051bf\" data-element_type=\"section\">\n\t\t\t\t\t\t<div class=\"elementor-container elementor-column-gap-default\">\n\t\t\t\t\t\t\t<div class=\"elementor-row\">\n\t\t\t\t\t<div class=\"elementor-column elementor-col-100 elementor-top-column elementor-element elementor-element-c1fd247\" data-id=\"c1fd247\" data-element_type=\"column\">\n\t\t\t<div class=\"elementor-column-wrap elementor-element-populated\">\n\t\t\t\t\t\t\t<div class=\"elementor-widget-wrap\">\n\t\t\t\t\t\t<div class=\"elementor-element elementor-element-568d661 elementor-widget elementor-widget-heading\" data-id=\"568d661\" data-element_type=\"widget\" data-widget_type=\"heading.default\">\n\t\t\t\t<div class=\"elementor-widget-container\">\n\t\t\t<h1 class=\"elementor-heading-title elementor-size-default\">Servicios de la unidad de ni\u00f1ez<\/h1>\t\t<\/div>\n\t\t\t\t<\/div>\n\t\t\t\t<section class=\"elementor-section elementor-inner-section elementor-element elementor-element-8440f20 elementor-section-boxed elementor-section-height-default elementor-section-height-default\" data-id=\"8440f20\" data-element_type=\"section\">\n\t\t\t\t\t\t<div class=\"elementor-container elementor-column-gap-default\">\n\t\t\t\t\t\t\t<div class=\"elementor-row\">\n\t\t\t\t\t<div class=\"elementor-column elementor-col-50 elementor-inner-column elementor-element elementor-element-6a32ab4\" data-id=\"6a32ab4\" data-element_type=\"column\">\n\t\t\t<div class=\"elementor-column-wrap elementor-element-populated\">\n\t\t\t\t\t\t\t<div class=\"elementor-widget-wrap\">\n\t\t\t\t\t\t<div class=\"elementor-element elementor-element-4da77bc elementor-widget elementor-widget-text-editor\" data-id=\"4da77bc\" data-element_type=\"widget\" data-widget_type=\"text-editor.default\">\n\t\t\t\t<div class=\"elementor-widget-container\">\n\t\t\t\t\t\t\t\t<div class=\"elementor-text-editor elementor-clearfix\">\n\t\t\t\t<p>La misionalidad de la Unidad de Ni\u00f1ez de la Secretar\u00eda de Inclusi\u00f3n Social, Familia y Derechos Humanos de la Subsecretar\u00eda de Grupos Poblacionales, es la protecci\u00f3n integral de las ni\u00f1as, los ni\u00f1os, adolescentes y sus familias, a trav\u00e9s de procesos de promoci\u00f3n de sus derechos, prevenci\u00f3n de los riesgos y acciones de mitigaci\u00f3n y restablecimiento en los casos de vulneraci\u00f3n. Para ello cuenta con los siguientes servicios:<\/p>\t\t\t\t\t<\/div>\n\t\t\t\t\t\t<\/div>\n\t\t\t\t<\/div>\n\t\t\t\t\t\t<\/div>\n\t\t\t\t\t<\/div>\n\t\t<\/div>\n\t\t\t\t<div class=\"elementor-column elementor-col-50 elementor-inner-column elementor-element elementor-element-2edcf73\" data-id=\"2edcf73\" data-element_type=\"column\">\n\t\t\t<div class=\"elementor-column-wrap elementor-element-populated\">\n\t\t\t\t\t\t\t<div class=\"elementor-widget-wrap\">\n\t\t\t\t\t\t<div class=\"elementor-element elementor-element-a9039cd elementor-widget elementor-widget-image\" data-id=\"a9039cd\" data-element_type=\"widget\" data-widget_type=\"image.default\">\n\t\t\t\t<div class=\"elementor-widget-container\">\n\t\t\t\t\t\t\t\t<div class=\"elementor-image\">\n\t\t\t\t\t\t\t\t\t\t\t\t<img width=\"500\" height=\"400\" src=\"https:\/\/www.medellin.gov.co\/es\/wp-content\/uploads\/2022\/07\/20220411-mes-de-la-nines-1.jpg\" class=\"attachment-large size-large\" alt=\"20220411-mes-de-la-nines-1\" loading=\"lazy\" srcset=\"https:\/\/www.medellin.gov.co\/es\/wp-content\/uploads\/2022\/07\/20220411-mes-de-la-nines-1.jpg 500w, https:\/\/www.medellin.gov.co\/es\/wp-content\/uploads\/2022\/07\/20220411-mes-de-la-nines-1-300x240.jpg 300w, https:\/\/www.medellin.gov.co\/es\/wp-content\/uploads\/2022\/07\/20220411-mes-de-la-nines-1-150x120.jpg 150w\" sizes=\"(max-width: 500px) 100vw, 500px\" \/>\t\t\t\t\t\t\t\t\t\t\t\t\t\t<\/div>\n\t\t\t\t\t\t<\/div>\n\t\t\t\t<\/div>\n\t\t\t\t\t\t<\/div>\n\t\t\t\t\t<\/div>\n\t\t<\/div>\n\t\t\t\t\t\t\t\t<\/div>\n\t\t\t\t\t<\/div>\n\t\t<\/section>\n\t\t\t\t<div class=\"elementor-element elementor-element-1c594a9 elementor-widget elementor-widget-heading\" data-id=\"1c594a9\" data-element_type=\"widget\" data-widget_type=\"heading.default\">\n\t\t\t\t<div class=\"elementor-widget-container\">\n\t\t\t<h2 class=\"elementor-heading-title elementor-size-default\"><b>Atenci\u00f3n especializada<\/b> a ni\u00f1as, ni\u00f1os y adolescentes con derechos vulnerados, inobservados y\/o amenazados<\/h2>\t\t<\/div>\n\t\t\t\t<\/div>\n\t\t\t\t<div class=\"elementor-element elementor-element-794cdf6 elementor-widget elementor-widget-text-editor\" data-id=\"794cdf6\" data-element_type=\"widget\" data-widget_type=\"text-editor.default\">\n\t\t\t\t<div class=\"elementor-widget-container\">\n\t\t\t\t\t\t\t\t<div class=\"elementor-text-editor elementor-clearfix\">\n\t\t\t\t<ul><li>Brindar atenci\u00f3n en medio cerrado como medida de protecci\u00f3n para ni\u00f1as, ni\u00f1os y adolescentes con derechos vulnerados y\/o amenazados<\/li><li>Brindar atenci\u00f3n psicosocial a ni\u00f1as, ni\u00f1os y adolescentes v\u00edctimas de explotaci\u00f3n sexual comercial<\/li><li>Brindar atenci\u00f3n e interactuar en territorio con NNA en situaci\u00f3n de calle, trabajo infantil, poblaci\u00f3n ind\u00edgena y ESCNNA<\/li><\/ul><p>Este proceso apunta a la atenci\u00f3n, prevenci\u00f3n y en algunos casos, detecci\u00f3n temprana de situaciones de inobservancia, amenaza o vulneraci\u00f3n de derechos de ni\u00f1as, ni\u00f1os y adolescentes aportando a la construcci\u00f3n de comunidades protectoras.<\/p>\t\t\t\t\t<\/div>\n\t\t\t\t\t\t<\/div>\n\t\t\t\t<\/div>\n\t\t\t\t<div class=\"elementor-element elementor-element-c07d48c elementor-widget elementor-widget-heading\" data-id=\"c07d48c\" data-element_type=\"widget\" data-widget_type=\"heading.default\">\n\t\t\t\t<div class=\"elementor-widget-container\">\n\t\t\t<h2 class=\"elementor-heading-title elementor-size-default\"><b>Atenci\u00f3n a las familias<\/b>  o red de apoyo de ni\u00f1as, ni\u00f1os y adolescentes que se encuentran en situaci\u00f3n de riesgo o vulneraci\u00f3n de derechos.<\/h2>\t\t<\/div>\n\t\t\t\t<\/div>\n\t\t\t\t<div class=\"elementor-element elementor-element-9c38108 elementor-widget elementor-widget-text-editor\" data-id=\"9c38108\" data-element_type=\"widget\" data-widget_type=\"text-editor.default\">\n\t\t\t\t<div class=\"elementor-widget-container\">\n\t\t\t\t\t\t\t\t<div class=\"elementor-text-editor elementor-clearfix\">\n\t\t\t\t<p>A trav\u00e9s del proceso de seguimiento y acompa\u00f1amiento familiar, se implementan estrategias de atenci\u00f3n a las familias o red de apoyo de las ni\u00f1as, ni\u00f1os y adolescentes que se encuentran en situaci\u00f3n de riesgo o vulneraci\u00f3n de derechos, posibilitando el fortalecimiento de sus capacidades individuales y colectivas, y los factores de generatividad que les permitan la protecci\u00f3n y garant\u00eda de sus derechos. Adem\u00e1s, se generan estrategias que permiten el fortalecimiento interno y externo de las familias, el afianzamiento de sus capacidades generativas y protectoras, la dinamizaci\u00f3n de las condiciones de protecci\u00f3n, cuidado y formaci\u00f3n de las ni\u00f1as, ni\u00f1os y adolescentes, afianzando las condiciones propicias para que introyecten las competencias necesarias posibilitando su vinculaci\u00f3n social y el goce efectivo de sus derechos.<\/p>\t\t\t\t\t<\/div>\n\t\t\t\t\t\t<\/div>\n\t\t\t\t<\/div>\n\t\t\t\t<div class=\"elementor-element elementor-element-d0be5a9 elementor-widget elementor-widget-heading\" data-id=\"d0be5a9\" data-element_type=\"widget\" data-widget_type=\"heading.default\">\n\t\t\t\t<div class=\"elementor-widget-container\">\n\t\t\t<h2 class=\"elementor-heading-title elementor-size-default\"><b> Promoci\u00f3n de la<\/b> participaci\u00f3n e incidencia pol\u00edtica de ni\u00f1os, ni\u00f1as y adolescentes.<\/h2>\t\t<\/div>\n\t\t\t\t<\/div>\n\t\t\t\t<div class=\"elementor-element elementor-element-5ca1afa elementor-widget elementor-widget-text-editor\" data-id=\"5ca1afa\" data-element_type=\"widget\" data-widget_type=\"text-editor.default\">\n\t\t\t\t<div class=\"elementor-widget-container\">\n\t\t\t\t\t\t\t\t<div class=\"elementor-text-editor elementor-clearfix\">\n\t\t\t\t<p>Generar condiciones para la participaci\u00f3n, reconociendo a los ni\u00f1os, ni\u00f1as y adolescentes como sujetos sociales y pol\u00edticos, facilitando la escucha activa y efectiva de sus voces frente a las realidades y posibilidades de su contexto, as\u00ed como las propuestas que al respecto realizan a partir del intercambio de saberes y negociaci\u00f3n de sentidos con adultos y adultas, j\u00f3venes y adultos mayores dando cumplimiento al Plan docenal: Medell\u00edn Ciudad y ruralidad de ni\u00f1os, ni\u00f1as y adolescentes 2016 \u2013 2028.<\/p>\t\t\t\t\t<\/div>\n\t\t\t\t\t\t<\/div>\n\t\t\t\t<\/div>\n\t\t\t\t<div class=\"elementor-element elementor-element-a50fc03 elementor-widget elementor-widget-heading\" data-id=\"a50fc03\" data-element_type=\"widget\" data-widget_type=\"heading.default\">\n\t\t\t\t<div class=\"elementor-widget-container\">\n\t\t\t<h2 class=\"elementor-heading-title elementor-size-default\"><b>Atenci\u00f3n transitoria en <\/b> alojamiento, alimentaci\u00f3n y acompa\u00f1amiento psicosocial a ni\u00f1as, ni\u00f1os y adolescentes con derechos vulnerados, inobservados y\/o amenazados<\/h2>\t\t<\/div>\n\t\t\t\t<\/div>\n\t\t\t\t<div class=\"elementor-element elementor-element-0911dea elementor-widget elementor-widget-text-editor\" data-id=\"0911dea\" data-element_type=\"widget\" data-widget_type=\"text-editor.default\">\n\t\t\t\t<div class=\"elementor-widget-container\">\n\t\t\t\t\t\t\t\t<div class=\"elementor-text-editor elementor-clearfix\">\n\t\t\t\t<p>El Hogar de Paso est\u00e1 dirigido a ni\u00f1as, ni\u00f1os y adolescentes menores de 18 a\u00f1os que, de acuerdo a la autoridad que compete (Defensor\u00edas y Comisar\u00edas de Familia) se encuentren en situaci\u00f3n de amenaza o vulneraci\u00f3n de derechos y cuyas condiciones de salud f\u00edsica y mental puedan ser abordadas por las familias y\/o personas responsables del servicio. Procede la medida cuando no aparezcan los padres, parientes o las personas responsables de su cuidado y atenci\u00f3n y contribuye a la garant\u00eda de los derechos y libertades, establecidas en el cap\u00edtulo II, T\u00edtulo I del C\u00f3digo de la Infancia y la Adolescencia, durante su permanencia en el servicio.<\/p>\n<p>El Centro Diagn\u00f3stico y Derivaci\u00f3n se constituye como una unidad especializada en garantizar las veinticuatro (24) horas del d\u00eda la protecci\u00f3n inmediata a ni\u00f1as, ni\u00f1os y adolescentes entre los 7 y 17 a\u00f1os de edad, que se encuentren en situaci\u00f3n de amenaza o vulneraci\u00f3n de sus derechos, a trav\u00e9s de la recepci\u00f3n, identificaci\u00f3n y diagn\u00f3stico de su situaci\u00f3n personal y familiar, para que la autoridad competente defina la medida de restablecimiento de derechos.<\/p>\t\t\t\t\t<\/div>\n\t\t\t\t\t\t<\/div>\n\t\t\t\t<\/div>\n\t\t\t\t<div class=\"elementor-element elementor-element-b5bf7df elementor-widget elementor-widget-heading\" data-id=\"b5bf7df\" data-element_type=\"widget\" data-widget_type=\"heading.default\">\n\t\t\t\t<div class=\"elementor-widget-container\">\n\t\t\t<h2 class=\"elementor-heading-title elementor-size-default\"><b>Promoci\u00f3n de derechos<\/b> y prevenci\u00f3n de sus vulneraciones para ni\u00f1as, ni\u00f1os y adolescentes (NNA)<\/h2>\t\t<\/div>\n\t\t\t\t<\/div>\n\t\t\t\t<div class=\"elementor-element elementor-element-c67761c elementor-widget elementor-widget-text-editor\" data-id=\"c67761c\" data-element_type=\"widget\" data-widget_type=\"text-editor.default\">\n\t\t\t\t<div class=\"elementor-widget-container\">\n\t\t\t\t\t\t\t\t<div class=\"elementor-text-editor elementor-clearfix\">\n\t\t\t\t<p>Desarrollar acciones de promoci\u00f3n de derechos y prevenci\u00f3n de su vulneraci\u00f3n para ni\u00f1as, ni\u00f1os y adolescentes en el Municipio de Medell\u00edn. Se utiliza el arte como medio para potenciar factores protectores e identificar factores de riesgo que atentan contra la dignidad y el libre desarrollo de las ni\u00f1as, ni\u00f1os y adolescentes.<\/p>\t\t\t\t\t<\/div>\n\t\t\t\t\t\t<\/div>\n\t\t\t\t<\/div>\n\t\t\t\t\t\t<\/div>\n\t\t\t\t\t<\/div>\n\t\t<\/div>\n\t\t\t\t\t\t\t\t<\/div>\n\t\t\t\t\t<\/div>\n\t\t<\/section>\n\t\t\t\t\t\t\t\t\t<\/div>\n\t\t\t<\/div>\n\t\t\t\t\t<\/div>\n\t\t","protected":false},"excerpt":{"rendered":"<p>Servicios de la unidad de ni\u00f1ez La misionalidad de la Unidad de Ni\u00f1ez de la Secretar\u00eda de Inclusi\u00f3n Social, Familia y Derechos Humanos de la Subsecretar\u00eda de Grupos Poblacionales, es la protecci\u00f3n integral de las &#8230;<\/p>\n","protected":false},"author":31,"featured_media":0,"parent":20738,"menu_order":0,"comment_status":"closed","ping_status":"closed","template":"sec-inclusion_social\/elementor.php","meta":[],"acf":[],"_links":{"self":[{"href":"https:\/\/www.medellin.gov.co\/es\/wp-json\/wp\/v2\/pages\/169278"}],"collection":[{"href":"https:\/\/www.medellin.gov.co\/es\/wp-json\/wp\/v2\/pages"}],"about":[{"href":"https:\/\/www.medellin.gov.co\/es\/wp-json\/wp\/v2\/types\/page"}],"author":[{"embeddable":true,"href":"https:\/\/www.medellin.gov.co\/es\/wp-json\/wp\/v2\/users\/31"}],"replies":[{"embeddable":true,"href":"https:\/\/www.medellin.gov.co\/es\/wp-json\/wp\/v2\/comments?post=169278"}],"version-history":[{"count":10,"href":"https:\/\/www.medellin.gov.co\/es\/wp-json\/wp\/v2\/pages\/169278\/revisions"}],"predecessor-version":[{"id":245687,"href":"https:\/\/www.medellin.gov.co\/es\/wp-json\/wp\/v2\/pages\/169278\/revisions\/245687"}],"up":[{"embeddable":true,"href":"https:\/\/www.medellin.gov.co\/es\/wp-json\/wp\/v2\/pages\/20738"}],"wp:attachment":[{"href":"https:\/\/www.medellin.gov.co\/es\/wp-json\/wp\/v2\/media?parent=169278"}],"curies":[{"name":"wp","href":"https:\/\/api.w.org\/{rel}","templated":true}]}}