{"id":17002,"date":"2021-09-23T10:21:54","date_gmt":"2021-09-23T15:21:54","guid":{"rendered":"https:\/\/www.medellin.gov.co\/es\/?page_id=17002"},"modified":"2022-06-14T15:56:20","modified_gmt":"2022-06-14T20:56:20","slug":"pedagogia-tributaria","status":"publish","type":"page","link":"https:\/\/www.medellin.gov.co\/es\/secretaria-de-hacienda\/pedagogia-tributaria\/","title":{"rendered":"Pedagog\u00eda Tributaria de la Secretar\u00eda de Hacienda"},"content":{"rendered":"\t\t<div data-elementor-type=\"wp-page\" data-elementor-id=\"17002\" class=\"elementor elementor-17002\">\n\t\t\t\t\t\t<div class=\"elementor-inner\">\n\t\t\t\t<div class=\"elementor-section-wrap\">\n\t\t\t\t\t\t\t\t\t<section class=\"elementor-section elementor-top-section elementor-element elementor-element-4bfbf781 elementor-section-boxed elementor-section-height-default elementor-section-height-default\" data-id=\"4bfbf781\" data-element_type=\"section\">\n\t\t\t\t\t\t<div class=\"elementor-container elementor-column-gap-default\">\n\t\t\t\t\t\t\t<div class=\"elementor-row\">\n\t\t\t\t\t<div class=\"elementor-column elementor-col-100 elementor-top-column elementor-element elementor-element-38f24409\" data-id=\"38f24409\" data-element_type=\"column\">\n\t\t\t<div class=\"elementor-column-wrap elementor-element-populated\">\n\t\t\t\t\t\t\t<div class=\"elementor-widget-wrap\">\n\t\t\t\t\t\t<div class=\"elementor-element elementor-element-2652739f elementor-widget elementor-widget-heading\" data-id=\"2652739f\" data-element_type=\"widget\" data-widget_type=\"heading.default\">\n\t\t\t\t<div class=\"elementor-widget-container\">\n\t\t\t<h1 class=\"elementor-heading-title elementor-size-default\">Pedagog\u00eda tributaria<\/h1>\t\t<\/div>\n\t\t\t\t<\/div>\n\t\t\t\t<div class=\"elementor-element elementor-element-14becc9 elementor-widget elementor-widget-heading\" data-id=\"14becc9\" data-element_type=\"widget\" data-widget_type=\"heading.default\">\n\t\t\t\t<div class=\"elementor-widget-container\">\n\t\t\t<h2 class=\"elementor-heading-title elementor-size-default\"><b>Impuesto<\/b> predial<\/h2>\t\t<\/div>\n\t\t\t\t<\/div>\n\t\t\t\t<div class=\"elementor-element elementor-element-5a33e2c elementor-widget elementor-widget-text-editor\" data-id=\"5a33e2c\" data-element_type=\"widget\" data-widget_type=\"text-editor.default\">\n\t\t\t\t<div class=\"elementor-widget-container\">\n\t\t\t\t\t\t\t\t<div class=\"elementor-text-editor elementor-clearfix\">\n\t\t\t\t<p>Es un gravamen real que recae sobre los predios ubicados en el Municipio de Medell\u00edn. Est\u00e1n obligados a pagarlo las personas naturales, jur\u00eddicas y cualquier otro tipo de ente o figura contractual, propietaria o poseedora de dichos predios.<\/p>\t\t\t\t\t<\/div>\n\t\t\t\t\t\t<\/div>\n\t\t\t\t<\/div>\n\t\t\t\t<div class=\"elementor-element elementor-element-9164dec elementor-widget elementor-widget-image\" data-id=\"9164dec\" data-element_type=\"widget\" data-widget_type=\"image.default\">\n\t\t\t\t<div class=\"elementor-widget-container\">\n\t\t\t\t\t\t\t\t<div class=\"elementor-image\">\n\t\t\t\t\t\t\t\t\t\t\t\t<img width=\"1024\" height=\"683\" src=\"https:\/\/www.medellin.gov.co\/es\/wp-content\/uploads\/2021\/09\/panoramica-ciudad.jpg\" class=\"attachment-full size-full\" alt=\"Panor\u00e1mica de Medell\u00edn de d\u00eda\" loading=\"lazy\" srcset=\"https:\/\/www.medellin.gov.co\/es\/wp-content\/uploads\/2021\/09\/panoramica-ciudad.jpg 1024w, https:\/\/www.medellin.gov.co\/es\/wp-content\/uploads\/2021\/09\/panoramica-ciudad-300x200.jpg 300w, https:\/\/www.medellin.gov.co\/es\/wp-content\/uploads\/2021\/09\/panoramica-ciudad-150x100.jpg 150w, https:\/\/www.medellin.gov.co\/es\/wp-content\/uploads\/2021\/09\/panoramica-ciudad-768x512.jpg 768w\" sizes=\"(max-width: 1024px) 100vw, 1024px\" \/>\t\t\t\t\t\t\t\t\t\t\t\t\t\t<\/div>\n\t\t\t\t\t\t<\/div>\n\t\t\t\t<\/div>\n\t\t\t\t<div class=\"elementor-element elementor-element-5272109 elementor-widget elementor-widget-heading\" data-id=\"5272109\" data-element_type=\"widget\" data-widget_type=\"heading.default\">\n\t\t\t\t<div class=\"elementor-widget-container\">\n\t\t\t<h2 class=\"elementor-heading-title elementor-size-default\"><b>Impuesto<\/b> de Industria y Comercio<\/h2>\t\t<\/div>\n\t\t\t\t<\/div>\n\t\t\t\t<div class=\"elementor-element elementor-element-b9619b6 elementor-widget elementor-widget-text-editor\" data-id=\"b9619b6\" data-element_type=\"widget\" data-widget_type=\"text-editor.default\">\n\t\t\t\t<div class=\"elementor-widget-container\">\n\t\t\t\t\t\t\t\t<div class=\"elementor-text-editor elementor-clearfix\">\n\t\t\t\t<p>Es un impuesto municipal que grava las actividades industriales, comerciales y de servicios. Se liquida con base en los ingresos obtenidos y reportados a trav\u00e9s de la declaraci\u00f3n anual.<\/p>\t\t\t\t\t<\/div>\n\t\t\t\t\t\t<\/div>\n\t\t\t\t<\/div>\n\t\t\t\t<div class=\"elementor-element elementor-element-b99feaf elementor-widget elementor-widget-heading\" data-id=\"b99feaf\" data-element_type=\"widget\" data-widget_type=\"heading.default\">\n\t\t\t\t<div class=\"elementor-widget-container\">\n\t\t\t<h2 class=\"elementor-heading-title elementor-size-default\"><b>Impuesto<\/b> de circulaci\u00f3n y tr\u00e1nsito<\/h2>\t\t<\/div>\n\t\t\t\t<\/div>\n\t\t\t\t<div class=\"elementor-element elementor-element-66814d0 elementor-widget elementor-widget-text-editor\" data-id=\"66814d0\" data-element_type=\"widget\" data-widget_type=\"text-editor.default\">\n\t\t\t\t<div class=\"elementor-widget-container\">\n\t\t\t\t\t\t\t\t<div class=\"elementor-text-editor elementor-clearfix\">\n\t\t\t\t<p>Es un gravamen municipal, directo, real y proporcional que grava al propietario o poseedor de veh\u00edculos de servicio p\u00fablico, matriculados en el Municipio de Medell\u00edn. Esto quiere decir que graba veh\u00edculos destinados a transporte de pasajeros o carga.<\/p>\t\t\t\t\t<\/div>\n\t\t\t\t\t\t<\/div>\n\t\t\t\t<\/div>\n\t\t\t\t<div class=\"elementor-element elementor-element-8289b1c elementor-widget elementor-widget-image\" data-id=\"8289b1c\" data-element_type=\"widget\" data-widget_type=\"image.default\">\n\t\t\t\t<div class=\"elementor-widget-container\">\n\t\t\t\t\t\t\t\t<div class=\"elementor-image\">\n\t\t\t\t\t\t\t\t\t\t\t\t<img width=\"1024\" height=\"431\" src=\"https:\/\/www.medellin.gov.co\/es\/wp-content\/uploads\/2021\/11\/metroplus-barrio-colon.jpg\" class=\"attachment-full size-full\" alt=\"Metroplus barrio colon\" loading=\"lazy\" srcset=\"https:\/\/www.medellin.gov.co\/es\/wp-content\/uploads\/2021\/11\/metroplus-barrio-colon.jpg 1024w, https:\/\/www.medellin.gov.co\/es\/wp-content\/uploads\/2021\/11\/metroplus-barrio-colon-300x126.jpg 300w, https:\/\/www.medellin.gov.co\/es\/wp-content\/uploads\/2021\/11\/metroplus-barrio-colon-150x63.jpg 150w, https:\/\/www.medellin.gov.co\/es\/wp-content\/uploads\/2021\/11\/metroplus-barrio-colon-768x323.jpg 768w\" sizes=\"(max-width: 1024px) 100vw, 1024px\" \/>\t\t\t\t\t\t\t\t\t\t\t\t\t\t<\/div>\n\t\t\t\t\t\t<\/div>\n\t\t\t\t<\/div>\n\t\t\t\t<div class=\"elementor-element elementor-element-12e84d2 elementor-widget elementor-widget-heading\" data-id=\"12e84d2\" data-element_type=\"widget\" data-widget_type=\"heading.default\">\n\t\t\t\t<div class=\"elementor-widget-container\">\n\t\t\t<h2 class=\"elementor-heading-title elementor-size-default\"><b>Impuesto<\/b> de alumbrado p\u00fablico<\/h2>\t\t<\/div>\n\t\t\t\t<\/div>\n\t\t\t\t<div class=\"elementor-element elementor-element-d389bf7 elementor-widget elementor-widget-text-editor\" data-id=\"d389bf7\" data-element_type=\"widget\" data-widget_type=\"text-editor.default\">\n\t\t\t\t<div class=\"elementor-widget-container\">\n\t\t\t\t\t\t\t\t<div class=\"elementor-text-editor elementor-clearfix\">\n\t\t\t\t<p>El impuesto al alumbrado p\u00fablico es un impuesto que cobra el Municipio de Medell\u00edn por la prestaci\u00f3n del servicio de iluminaci\u00f3n de los bienes de uso p\u00fablico y espacios de libre circulaci\u00f3n como parques, senderos y v\u00edas en las zonas urbana y rural del Municipio.<\/p>\t\t\t\t\t<\/div>\n\t\t\t\t\t\t<\/div>\n\t\t\t\t<\/div>\n\t\t\t\t<div class=\"elementor-element elementor-element-b43efb9 elementor-widget elementor-widget-heading\" data-id=\"b43efb9\" data-element_type=\"widget\" data-widget_type=\"heading.default\">\n\t\t\t\t<div class=\"elementor-widget-container\">\n\t\t\t<h2 class=\"elementor-heading-title elementor-size-default\"><b>Certificado<\/b> de cancelaci\u00f3n definitiva<\/h2>\t\t<\/div>\n\t\t\t\t<\/div>\n\t\t\t\t<div class=\"elementor-element elementor-element-a16c723 elementor-widget elementor-widget-text-editor\" data-id=\"a16c723\" data-element_type=\"widget\" data-widget_type=\"text-editor.default\">\n\t\t\t\t<div class=\"elementor-widget-container\">\n\t\t\t\t\t\t\t\t<div class=\"elementor-text-editor elementor-clearfix\">\n\t\t\t\t<p>Es la certificaci\u00f3n que expresa que el contribuyente ces\u00f3 definitivamente su actividad econ\u00f3mica en el Municipio de Medell\u00edn.<\/p>\t\t\t\t\t<\/div>\n\t\t\t\t\t\t<\/div>\n\t\t\t\t<\/div>\n\t\t\t\t<div class=\"elementor-element elementor-element-a0884ea elementor-widget elementor-widget-heading\" data-id=\"a0884ea\" data-element_type=\"widget\" data-widget_type=\"heading.default\">\n\t\t\t\t<div class=\"elementor-widget-container\">\n\t\t\t<h2 class=\"elementor-heading-title elementor-size-default\"><b>Certificado<\/b> de estar al d\u00eda en el impuesto facturado de Industria y Comercio<\/h2>\t\t<\/div>\n\t\t\t\t<\/div>\n\t\t\t\t<div class=\"elementor-element elementor-element-09653d0 elementor-widget elementor-widget-text-editor\" data-id=\"09653d0\" data-element_type=\"widget\" data-widget_type=\"text-editor.default\">\n\t\t\t\t<div class=\"elementor-widget-container\">\n\t\t\t\t\t\t\t\t<div class=\"elementor-text-editor elementor-clearfix\">\n\t\t\t\t<p>Es la certificaci\u00f3n que hace la Subsecretar\u00eda de Ingresos, a petici\u00f3n de los contribuyentes, en la que se declara si se est\u00e1 al d\u00eda con el pago del impuesto facturado de Industria y Comercio.<\/p>\t\t\t\t\t<\/div>\n\t\t\t\t\t\t<\/div>\n\t\t\t\t<\/div>\n\t\t\t\t<div class=\"elementor-element elementor-element-b414d49 elementor-widget elementor-widget-heading\" data-id=\"b414d49\" data-element_type=\"widget\" data-widget_type=\"heading.default\">\n\t\t\t\t<div class=\"elementor-widget-container\">\n\t\t\t<h2 class=\"elementor-heading-title elementor-size-default\"><b>Certificado<\/b> de establecimientos activos e inactivos en Industria y Comercio<\/h2>\t\t<\/div>\n\t\t\t\t<\/div>\n\t\t\t\t<div class=\"elementor-element elementor-element-2f0405f elementor-widget elementor-widget-text-editor\" data-id=\"2f0405f\" data-element_type=\"widget\" data-widget_type=\"text-editor.default\">\n\t\t\t\t<div class=\"elementor-widget-container\">\n\t\t\t\t\t\t\t\t<div class=\"elementor-text-editor elementor-clearfix\">\n\t\t\t\t<p>Es la certificaci\u00f3n que hace la Subsecretaria de Ingresos, a petici\u00f3n de los contribuyentes, en la que se declaran los establecimientos activos o inactivos que le figuran a la fecha ante Industria y Comercio.<\/p>\t\t\t\t\t<\/div>\n\t\t\t\t\t\t<\/div>\n\t\t\t\t<\/div>\n\t\t\t\t<div class=\"elementor-element elementor-element-481fe80 elementor-widget elementor-widget-heading\" data-id=\"481fe80\" data-element_type=\"widget\" data-widget_type=\"heading.default\">\n\t\t\t\t<div class=\"elementor-widget-container\">\n\t\t\t<h2 class=\"elementor-heading-title elementor-size-default\"><b>Certificado<\/b> de no inscripci\u00f3n como contribuyente de Industria y Comercio <\/h2>\t\t<\/div>\n\t\t\t\t<\/div>\n\t\t\t\t<div class=\"elementor-element elementor-element-f8d9611 elementor-widget elementor-widget-text-editor\" data-id=\"f8d9611\" data-element_type=\"widget\" data-widget_type=\"text-editor.default\">\n\t\t\t\t<div class=\"elementor-widget-container\">\n\t\t\t\t\t\t\t\t<div class=\"elementor-text-editor elementor-clearfix\">\n\t\t\t\t<p>Es la certificaci\u00f3n que hace la Subsecretar\u00eda de Ingresos en que declara que una persona, natural o jur\u00eddica, no figura inscrita como contribuyente del impuesto de Industria y Comercio.<\/p>\t\t\t\t\t<\/div>\n\t\t\t\t\t\t<\/div>\n\t\t\t\t<\/div>\n\t\t\t\t<div class=\"elementor-element elementor-element-f122117 elementor-widget elementor-widget-heading\" data-id=\"f122117\" data-element_type=\"widget\" data-widget_type=\"heading.default\">\n\t\t\t\t<div class=\"elementor-widget-container\">\n\t\t\t<h2 class=\"elementor-heading-title elementor-size-default\"><b>Reporte concepto<\/b> iniciales contribuyentes<\/h2>\t\t<\/div>\n\t\t\t\t<\/div>\n\t\t\t\t<div class=\"elementor-element elementor-element-7ab17cd elementor-widget elementor-widget-text-editor\" data-id=\"7ab17cd\" data-element_type=\"widget\" data-widget_type=\"text-editor.default\">\n\t\t\t\t<div class=\"elementor-widget-container\">\n\t\t\t\t\t\t\t\t<div class=\"elementor-text-editor elementor-clearfix\">\n\t\t\t\t<p>Es el servicio de consulta del impuesto provisional inicial al momento de la matr\u00edcula del contribuyente como responsable del impuesto de Industria y Comercio.<\/p>\t\t\t\t\t<\/div>\n\t\t\t\t\t\t<\/div>\n\t\t\t\t<\/div>\n\t\t\t\t<div class=\"elementor-element elementor-element-d220ee3 elementor-widget elementor-widget-heading\" data-id=\"d220ee3\" data-element_type=\"widget\" data-widget_type=\"heading.default\">\n\t\t\t\t<div class=\"elementor-widget-container\">\n\t\t\t<h2 class=\"elementor-heading-title elementor-size-default\"><b>Reporte estado de cuenta<\/b> contribuyente movimiento mensual<\/h2>\t\t<\/div>\n\t\t\t\t<\/div>\n\t\t\t\t<div class=\"elementor-element elementor-element-75ebcce elementor-widget elementor-widget-text-editor\" data-id=\"75ebcce\" data-element_type=\"widget\" data-widget_type=\"text-editor.default\">\n\t\t\t\t<div class=\"elementor-widget-container\">\n\t\t\t\t\t\t\t\t<div class=\"elementor-text-editor elementor-clearfix\">\n\t\t\t\t<p>Reporte que se expide a solicitud del contribuyente sobre el movimiento mensual del impuesto de Industria y Comercio de un determinado sujeto pasivo en el Municipio de Medell\u00edn y por un periodo de tiempo.<\/p>\t\t\t\t\t<\/div>\n\t\t\t\t\t\t<\/div>\n\t\t\t\t<\/div>\n\t\t\t\t\t\t<\/div>\n\t\t\t\t\t<\/div>\n\t\t<\/div>\n\t\t\t\t\t\t\t\t<\/div>\n\t\t\t\t\t<\/div>\n\t\t<\/section>\n\t\t\t\t\t\t\t\t\t<\/div>\n\t\t\t<\/div>\n\t\t\t\t\t<\/div>\n\t\t","protected":false},"excerpt":{"rendered":"<p>Pedagog\u00eda tributaria Impuesto predial Es un gravamen real que recae sobre los predios ubicados en el Municipio de Medell\u00edn. Est\u00e1n obligados a pagarlo las personas naturales, jur\u00eddicas y cualquier otro tipo de ente o figura &#8230;<\/p>\n","protected":false},"author":1,"featured_media":17396,"parent":16996,"menu_order":15,"comment_status":"closed","ping_status":"closed","template":"sec-hacienda\/elementor.php","meta":[],"acf":[],"_links":{"self":[{"href":"https:\/\/www.medellin.gov.co\/es\/wp-json\/wp\/v2\/pages\/17002"}],"collection":[{"href":"https:\/\/www.medellin.gov.co\/es\/wp-json\/wp\/v2\/pages"}],"about":[{"href":"https:\/\/www.medellin.gov.co\/es\/wp-json\/wp\/v2\/types\/page"}],"author":[{"embeddable":true,"href":"https:\/\/www.medellin.gov.co\/es\/wp-json\/wp\/v2\/users\/1"}],"replies":[{"embeddable":true,"href":"https:\/\/www.medellin.gov.co\/es\/wp-json\/wp\/v2\/comments?post=17002"}],"version-history":[{"count":29,"href":"https:\/\/www.medellin.gov.co\/es\/wp-json\/wp\/v2\/pages\/17002\/revisions"}],"predecessor-version":[{"id":65672,"href":"https:\/\/www.medellin.gov.co\/es\/wp-json\/wp\/v2\/pages\/17002\/revisions\/65672"}],"up":[{"embeddable":true,"href":"https:\/\/www.medellin.gov.co\/es\/wp-json\/wp\/v2\/pages\/16996"}],"wp:featuredmedia":[{"embeddable":true,"href":"https:\/\/www.medellin.gov.co\/es\/wp-json\/wp\/v2\/media\/17396"}],"wp:attachment":[{"href":"https:\/\/www.medellin.gov.co\/es\/wp-json\/wp\/v2\/media?parent=17002"}],"curies":[{"name":"wp","href":"https:\/\/api.w.org\/{rel}","templated":true}]}}