{"id":171196,"date":"2023-04-10T13:59:38","date_gmt":"2023-04-10T18:59:38","guid":{"rendered":"https:\/\/www.medellin.gov.co\/es\/?page_id=171196"},"modified":"2023-12-12T12:15:42","modified_gmt":"2023-12-12T17:15:42","slug":"gestion-del-conocimiento-red-de-artes-plasticas-y-visuales","status":"publish","type":"page","link":"https:\/\/www.medellin.gov.co\/es\/secretaria-cultura-ciudadana\/red-de-practicas-artisticas-y-culturales\/gestion-del-conocimiento-red-de-artes-plasticas-y-visuales\/","title":{"rendered":"Gesti\u00f3n del Conocimiento Red de Artes Pl\u00e1sticas"},"content":{"rendered":"\t\t<div data-elementor-type=\"wp-page\" data-elementor-id=\"171196\" class=\"elementor elementor-171196\">\n\t\t\t\t\t\t<div class=\"elementor-inner\">\n\t\t\t\t<div class=\"elementor-section-wrap\">\n\t\t\t\t\t\t\t\t\t<section class=\"elementor-section elementor-top-section elementor-element elementor-element-cb6c9c9 elementor-section-boxed elementor-section-height-default elementor-section-height-default\" data-id=\"cb6c9c9\" data-element_type=\"section\">\n\t\t\t\t\t\t<div class=\"elementor-container elementor-column-gap-default\">\n\t\t\t\t\t\t\t<div class=\"elementor-row\">\n\t\t\t\t\t<div class=\"elementor-column elementor-col-100 elementor-top-column elementor-element elementor-element-907615c\" data-id=\"907615c\" data-element_type=\"column\">\n\t\t\t<div class=\"elementor-column-wrap elementor-element-populated\">\n\t\t\t\t\t\t\t<div class=\"elementor-widget-wrap\">\n\t\t\t\t\t\t<div class=\"elementor-element elementor-element-ee372d1 elementor-widget elementor-widget-heading\" data-id=\"ee372d1\" data-element_type=\"widget\" data-widget_type=\"heading.default\">\n\t\t\t\t<div class=\"elementor-widget-container\">\n\t\t\t<h1 class=\"elementor-heading-title elementor-size-default\">Gesti\u00f3n del conocimiento Red de Artes Pl\u00e1sticas<\/h1>\t\t<\/div>\n\t\t\t\t<\/div>\n\t\t\t\t\t\t<\/div>\n\t\t\t\t\t<\/div>\n\t\t<\/div>\n\t\t\t\t\t\t\t\t<\/div>\n\t\t\t\t\t<\/div>\n\t\t<\/section>\n\t\t\t\t<section class=\"elementor-section elementor-top-section elementor-element elementor-element-837a894 elementor-section-boxed elementor-section-height-default elementor-section-height-default\" data-id=\"837a894\" data-element_type=\"section\">\n\t\t\t\t\t\t<div class=\"elementor-container elementor-column-gap-default\">\n\t\t\t\t\t\t\t<div class=\"elementor-row\">\n\t\t\t\t\t<div class=\"elementor-column elementor-col-100 elementor-top-column elementor-element elementor-element-595fd88\" data-id=\"595fd88\" data-element_type=\"column\">\n\t\t\t<div class=\"elementor-column-wrap elementor-element-populated\">\n\t\t\t\t\t\t\t<div class=\"elementor-widget-wrap\">\n\t\t\t\t\t\t<section class=\"elementor-section elementor-inner-section elementor-element elementor-element-94c4c27 elementor-section-full_width elementor-section-height-default elementor-section-height-default\" data-id=\"94c4c27\" data-element_type=\"section\">\n\t\t\t\t\t\t<div class=\"elementor-container elementor-column-gap-default\">\n\t\t\t\t\t\t\t<div class=\"elementor-row\">\n\t\t\t\t\t<div class=\"elementor-column elementor-col-25 elementor-inner-column elementor-element elementor-element-7fc05d6\" data-id=\"7fc05d6\" data-element_type=\"column\" data-settings=\"{&quot;background_background&quot;:&quot;classic&quot;}\">\n\t\t\t<div class=\"elementor-column-wrap elementor-element-populated\">\n\t\t\t\t\t\t\t<div class=\"elementor-widget-wrap\">\n\t\t\t\t\t\t<div class=\"elementor-element elementor-element-53e4e2a elementor-widget elementor-widget-text-editor\" data-id=\"53e4e2a\" data-element_type=\"widget\" data-widget_type=\"text-editor.default\">\n\t\t\t\t<div class=\"elementor-widget-container\">\n\t\t\t\t\t\t\t\t<div class=\"elementor-text-editor elementor-clearfix\">\n\t\t\t\t<strong><a href=\"https:\/\/www.medellin.gov.co\/es\/secretaria-cultura-ciudadana\/red-de-practicas-artisticas-y-culturales\/\" target=\"_self\" rel=\"noopener\">Red de Pr\u00e1cticas<\/a><\/strong>\t\t\t\t\t<\/div>\n\t\t\t\t\t\t<\/div>\n\t\t\t\t<\/div>\n\t\t\t\t\t\t<\/div>\n\t\t\t\t\t<\/div>\n\t\t<\/div>\n\t\t\t\t<div class=\"elementor-column elementor-col-25 elementor-inner-column elementor-element elementor-element-9ee3aa7\" data-id=\"9ee3aa7\" data-element_type=\"column\" data-settings=\"{&quot;background_background&quot;:&quot;classic&quot;}\">\n\t\t\t<div class=\"elementor-column-wrap elementor-element-populated\">\n\t\t\t\t\t\t\t<div class=\"elementor-widget-wrap\">\n\t\t\t\t\t\t<div class=\"elementor-element elementor-element-71efcf7 elementor-widget elementor-widget-text-editor\" data-id=\"71efcf7\" data-element_type=\"widget\" data-widget_type=\"text-editor.default\">\n\t\t\t\t<div class=\"elementor-widget-container\">\n\t\t\t\t\t\t\t\t<div class=\"elementor-text-editor elementor-clearfix\">\n\t\t\t\t<p><a href=\"https:\/\/www.medellin.gov.co\/es\/secretaria-cultura-ciudadana\/red-de-practicas-artisticas-y-culturales\/red-artes-plasticas\/nosotros-red-de-artes-plasticas\/\"><strong>Nosotros<\/strong><\/a><\/p>\t\t\t\t\t<\/div>\n\t\t\t\t\t\t<\/div>\n\t\t\t\t<\/div>\n\t\t\t\t\t\t<\/div>\n\t\t\t\t\t<\/div>\n\t\t<\/div>\n\t\t\t\t<div class=\"elementor-column elementor-col-25 elementor-inner-column elementor-element elementor-element-b62499b\" data-id=\"b62499b\" data-element_type=\"column\" data-settings=\"{&quot;background_background&quot;:&quot;classic&quot;}\">\n\t\t\t<div class=\"elementor-column-wrap elementor-element-populated\">\n\t\t\t\t\t\t\t<div class=\"elementor-widget-wrap\">\n\t\t\t\t\t\t<div class=\"elementor-element elementor-element-3d5b54d elementor-widget elementor-widget-text-editor\" data-id=\"3d5b54d\" data-element_type=\"widget\" data-widget_type=\"text-editor.default\">\n\t\t\t\t<div class=\"elementor-widget-container\">\n\t\t\t\t\t\t\t\t<div class=\"elementor-text-editor elementor-clearfix\">\n\t\t\t\t<p><a href=\"https:\/\/www.medellin.gov.co\/es\/secretaria-cultura-ciudadana\/red-de-practicas-artisticas-y-culturales\/red-artes-plasticas\/laboratorios-red-de-artes-plasticas\/\"><strong>Laboratorios<\/strong><\/a><\/p>\t\t\t\t\t<\/div>\n\t\t\t\t\t\t<\/div>\n\t\t\t\t<\/div>\n\t\t\t\t\t\t<\/div>\n\t\t\t\t\t<\/div>\n\t\t<\/div>\n\t\t\t\t<div class=\"elementor-column elementor-col-25 elementor-inner-column elementor-element elementor-element-650a6fd\" data-id=\"650a6fd\" data-element_type=\"column\" data-settings=\"{&quot;background_background&quot;:&quot;classic&quot;}\">\n\t\t\t<div class=\"elementor-column-wrap elementor-element-populated\">\n\t\t\t\t\t\t\t<div class=\"elementor-widget-wrap\">\n\t\t\t\t\t\t<div class=\"elementor-element elementor-element-f1fff15 elementor-widget elementor-widget-text-editor\" data-id=\"f1fff15\" data-element_type=\"widget\" data-widget_type=\"text-editor.default\">\n\t\t\t\t<div class=\"elementor-widget-container\">\n\t\t\t\t\t\t\t\t<div class=\"elementor-text-editor elementor-clearfix\">\n\t\t\t\t<p><a href=\"https:\/\/www.medellin.gov.co\/es\/secretaria-cultura-ciudadana\/red-de-practicas-artisticas-y-culturales\/contacta-la-red-de-practicas-artisticas-y-culturales\/\"><strong>Contacto<\/strong><\/a><\/p>\t\t\t\t\t<\/div>\n\t\t\t\t\t\t<\/div>\n\t\t\t\t<\/div>\n\t\t\t\t\t\t<\/div>\n\t\t\t\t\t<\/div>\n\t\t<\/div>\n\t\t\t\t\t\t\t\t<\/div>\n\t\t\t\t\t<\/div>\n\t\t<\/section>\n\t\t\t\t\t\t<\/div>\n\t\t\t\t\t<\/div>\n\t\t<\/div>\n\t\t\t\t\t\t\t\t<\/div>\n\t\t\t\t\t<\/div>\n\t\t<\/section>\n\t\t\t\t<section class=\"elementor-section elementor-top-section elementor-element elementor-element-0a240da elementor-section-boxed elementor-section-height-default elementor-section-height-default\" data-id=\"0a240da\" data-element_type=\"section\">\n\t\t\t\t\t\t<div class=\"elementor-container elementor-column-gap-default\">\n\t\t\t\t\t\t\t<div class=\"elementor-row\">\n\t\t\t\t\t<div class=\"elementor-column elementor-col-100 elementor-top-column elementor-element elementor-element-ddfbd1a\" data-id=\"ddfbd1a\" data-element_type=\"column\">\n\t\t\t<div class=\"elementor-column-wrap elementor-element-populated\">\n\t\t\t\t\t\t\t<div class=\"elementor-widget-wrap\">\n\t\t\t\t\t\t<div class=\"elementor-element elementor-element-3c03201 elementor-widget elementor-widget-heading\" data-id=\"3c03201\" data-element_type=\"widget\" data-widget_type=\"heading.default\">\n\t\t\t\t<div class=\"elementor-widget-container\">\n\t\t\t<h2 class=\"elementor-heading-title elementor-size-default\"><b>Investigaci\u00f3n<\/b> <\/h2>\t\t<\/div>\n\t\t\t\t<\/div>\n\t\t\t\t<section class=\"elementor-section elementor-inner-section elementor-element elementor-element-bd1d6b9 elementor-section-boxed elementor-section-height-default elementor-section-height-default\" data-id=\"bd1d6b9\" data-element_type=\"section\">\n\t\t\t\t\t\t<div class=\"elementor-container elementor-column-gap-default\">\n\t\t\t\t\t\t\t<div class=\"elementor-row\">\n\t\t\t\t\t<div class=\"elementor-column elementor-col-100 elementor-inner-column elementor-element elementor-element-1b1c709\" data-id=\"1b1c709\" data-element_type=\"column\">\n\t\t\t<div class=\"elementor-column-wrap elementor-element-populated\">\n\t\t\t\t\t\t\t<div class=\"elementor-widget-wrap\">\n\t\t\t\t\t\t<div class=\"elementor-element elementor-element-52947e2 elementor-widget elementor-widget-pp-faq\" data-id=\"52947e2\" data-element_type=\"widget\" data-settings=\"{&quot;faq_layout&quot;:&quot;accordion&quot;,&quot;accordion_type&quot;:&quot;accordion&quot;,&quot;toggle_speed&quot;:300}\" data-widget_type=\"pp-faq.default\">\n\t\t\t\t<div class=\"elementor-widget-container\">\n\t\t\t\t\t<div class=\"pp-faqs pp-advanced-accordion pp-toggle-icon-align-left\" id=\"pp-advanced-accordion-52947e2\" data-accordion-id=\"52947e2\">\n\t\t\t\t\t\t<div class=\"pp-faq-item-wrap elementor-grid-item\">\n\t\t\t\t<div class=\"pp-faq-item pp-accordion-item\">\n\t\t\t\t\t<div id=\"pp-accordion-tab-title-8651\" class=\"pp-faq-question pp-accordion-tab-title\" tabindex=\"8651\" data-tab=\"1\">\n\t\t\t\t\t\t<div class=\"pp-accordion-title-icon\">\n\t\t\t\t\t\t\t\t\t\t\t\t\t\t\t\t\t\t\t\t\t<div class=\"pp-accordion-title-text\">\n\t\t\t\t\t\t\t\tRed de Artes Pl\u00e1sticas\t\t\t\t\t\t\t<\/div>\n\t\t\t\t\t\t<\/div>\n\t\t\t\t\t\t\t\t\t\t\t\t\t<div class=\"pp-accordion-toggle-icon\">\n\t\t\t\t\t\t\t\t\t\t\t\t\t\t\t\t\t<span class='pp-accordion-toggle-icon-close pp-icon'>\n\t\t\t\t\t\t\t\t\t\t<i aria-hidden=\"true\" class=\"fas fa-plus\"><\/i>\t\t\t\t\t\t\t\t\t<\/span>\n\t\t\t\t\t\t\t\t\t\t\t\t\t\t\t\t\t\t\t\t\t\t\t\t\t<span class='pp-accordion-toggle-icon-open pp-icon'>\n\t\t\t\t\t\t\t\t\t\t<i aria-hidden=\"true\" class=\"fas fa-minus\"><\/i>\t\t\t\t\t\t\t\t\t<\/span>\n\t\t\t\t\t\t\t\t\t\t\t\t\t\t\t<\/div>\n\t\t\t\t\t\t\t\t\t\t\t<\/div>\n\n\t\t\t\t\t<div id=\"pp-accordion-tab-content-8651\" class=\"pp-faq-answer pp-accordion-tab-content\" data-tab=\"1\">\n\t\t\t\t\t\t<ol>\n<li><a href=\"https:\/\/www.medellin.gov.co\/es\/wp-content\/uploads\/2023\/03\/Ejes_investigacion.pdf\" target=\"_blank\" rel=\"noopener\">\u00bfC\u00f3mo te sientes hoy?<\/a><\/li>\n<li><a href=\"https:\/\/www.medellin.gov.co\/es\/wp-content\/uploads\/2023\/03\/Informe_final_RAPVM_2020.pdf\" target=\"_blank\" rel=\"noopener\">Investigaci\u00f3n\/Creaci\u00f3n Laboratorios de Creaci\u00f3n en Casa<\/a><\/li>\n<li><a href=\"https:\/\/www.medellin.gov.co\/es\/wp-content\/uploads\/2023\/03\/Introduccion-Red-de-Artes-Plasticas-y-Visuales.pdf\" target=\"_blank\" rel=\"noopener\">\u00bfQu\u00e9 sucede en tu casa que no suceda en otra casa?<\/a><\/li>\n<li><a href=\"https:\/\/www.medellin.gov.co\/es\/wp-content\/uploads\/2023\/03\/Lo-Des-conocido-RDAP-2014.pdf\" target=\"_blank\" rel=\"noopener\">Lo Des-conocido<\/a><\/li>\n<li><a href=\"https:\/\/www.medellin.gov.co\/es\/wp-content\/uploads\/2023\/03\/Voces-transformadoras-RDAP-2015.pdf\" target=\"_blank\" rel=\"noopener\">Voces transformadoras\u00a0<\/a><\/li>\n<li><a href=\"https:\/\/www.medellin.gov.co\/es\/wp-content\/uploads\/2023\/03\/Mutando-RDAP-2016.pdf\" target=\"_blank\" rel=\"noopener\">Mutando\u00a0<\/a><\/li>\n<li><a href=\"https:\/\/www.medellin.gov.co\/es\/wp-content\/uploads\/2023\/03\/La-ciudad-el-laboratorio-de-todos-RDAP-2017.pdf\" target=\"_blank\" rel=\"noopener\">La ciudad: el laboratorio de todos<\/a><\/li>\n<\/ol>\n\t\t\t\t\t<\/div>\n\t\t\t\t<\/div>\n\t\t\t<\/div>\n\t\t\t\t\t<\/div>\n\t\t\t\t<\/div>\n\t\t\t\t<\/div>\n\t\t\t\t\t\t<\/div>\n\t\t\t\t\t<\/div>\n\t\t<\/div>\n\t\t\t\t\t\t\t\t<\/div>\n\t\t\t\t\t<\/div>\n\t\t<\/section>\n\t\t\t\t\t\t<\/div>\n\t\t\t\t\t<\/div>\n\t\t<\/div>\n\t\t\t\t\t\t\t\t<\/div>\n\t\t\t\t\t<\/div>\n\t\t<\/section>\n\t\t\t\t<section class=\"elementor-section elementor-top-section elementor-element elementor-element-9b892c1 elementor-section-boxed elementor-section-height-default elementor-section-height-default\" data-id=\"9b892c1\" data-element_type=\"section\">\n\t\t\t\t\t\t<div class=\"elementor-container elementor-column-gap-default\">\n\t\t\t\t\t\t\t<div class=\"elementor-row\">\n\t\t\t\t\t<div class=\"elementor-column elementor-col-100 elementor-top-column elementor-element elementor-element-2502404\" data-id=\"2502404\" data-element_type=\"column\">\n\t\t\t<div class=\"elementor-column-wrap elementor-element-populated\">\n\t\t\t\t\t\t\t<div class=\"elementor-widget-wrap\">\n\t\t\t\t\t\t<div class=\"elementor-element elementor-element-f929b40 elementor-widget elementor-widget-heading\" data-id=\"f929b40\" data-element_type=\"widget\" data-widget_type=\"heading.default\">\n\t\t\t\t<div class=\"elementor-widget-container\">\n\t\t\t<h2 class=\"elementor-heading-title elementor-size-default\"><b>Publicaciones<\/b><\/h2>\t\t<\/div>\n\t\t\t\t<\/div>\n\t\t\t\t<div class=\"elementor-element elementor-element-91bb670 elementor-widget elementor-widget-text-editor\" data-id=\"91bb670\" data-element_type=\"widget\" data-widget_type=\"text-editor.default\">\n\t\t\t\t<div class=\"elementor-widget-container\">\n\t\t\t\t\t\t\t\t<div class=\"elementor-text-editor elementor-clearfix\">\n\t\t\t\t<p>Esta es la memoria del proceso formativo de la Red de Artes Pl\u00e1sticas que recopila las historias, las fotograf\u00edas, las an\u00e9cdotas y las construcciones art\u00edsticas y pedag\u00f3gicas.<\/p>\t\t\t\t\t<\/div>\n\t\t\t\t\t\t<\/div>\n\t\t\t\t<\/div>\n\t\t\t\t<section class=\"elementor-section elementor-inner-section elementor-element elementor-element-3272d3d elementor-section-boxed elementor-section-height-default elementor-section-height-default\" data-id=\"3272d3d\" data-element_type=\"section\">\n\t\t\t\t\t\t<div class=\"elementor-container elementor-column-gap-default\">\n\t\t\t\t\t\t\t<div class=\"elementor-row\">\n\t\t\t\t\t<div class=\"elementor-column elementor-col-50 elementor-inner-column elementor-element elementor-element-7320ed7\" data-id=\"7320ed7\" data-element_type=\"column\">\n\t\t\t<div class=\"elementor-column-wrap elementor-element-populated\">\n\t\t\t\t\t\t\t<div class=\"elementor-widget-wrap\">\n\t\t\t\t\t\t<div class=\"elementor-element elementor-element-f0eee36 elementor-position-top elementor-vertical-align-top elementor-widget elementor-widget-image-box\" data-id=\"f0eee36\" data-element_type=\"widget\" data-widget_type=\"image-box.default\">\n\t\t\t\t<div class=\"elementor-widget-container\">\n\t\t\t<div class=\"elementor-image-box-wrapper\"><figure class=\"elementor-image-box-img\"><a href=\"https:\/\/www.medellin.gov.co\/es\/wp-content\/uploads\/2023\/04\/Trayectos-2019.pdf\" target=\"_blank\"><img width=\"717\" height=\"404\" src=\"https:\/\/www.medellin.gov.co\/es\/wp-content\/uploads\/2023\/04\/ARTES-PLASTICAS-2019.jpg\" class=\"attachment-full size-full\" alt=\"ARTES PLASTICAS 2019\" loading=\"lazy\" \/><\/a><\/figure><div class=\"elementor-image-box-content\"><h3 class=\"elementor-image-box-title\"><a href=\"https:\/\/www.medellin.gov.co\/es\/wp-content\/uploads\/2023\/04\/Trayectos-2019.pdf\" target=\"_blank\">Trayectos 2019<\/a><\/h3><\/div><\/div>\t\t<\/div>\n\t\t\t\t<\/div>\n\t\t\t\t\t\t<\/div>\n\t\t\t\t\t<\/div>\n\t\t<\/div>\n\t\t\t\t<div class=\"elementor-column elementor-col-50 elementor-inner-column elementor-element elementor-element-cfa12e3\" data-id=\"cfa12e3\" data-element_type=\"column\">\n\t\t\t<div class=\"elementor-column-wrap elementor-element-populated\">\n\t\t\t\t\t\t\t<div class=\"elementor-widget-wrap\">\n\t\t\t\t\t\t<div class=\"elementor-element elementor-element-f682d59 elementor-position-top elementor-vertical-align-top elementor-widget elementor-widget-image-box\" data-id=\"f682d59\" data-element_type=\"widget\" data-widget_type=\"image-box.default\">\n\t\t\t\t<div class=\"elementor-widget-container\">\n\t\t\t<div class=\"elementor-image-box-wrapper\"><figure class=\"elementor-image-box-img\"><a href=\"https:\/\/www.medellin.gov.co\/es\/wp-content\/uploads\/2023\/03\/Trayectos-2020.pdf\" target=\"_blank\"><img width=\"717\" height=\"404\" src=\"https:\/\/www.medellin.gov.co\/es\/wp-content\/uploads\/2023\/03\/Trayectos-2020.png\" class=\"attachment-full size-full\" alt=\"Trayectos 2020\" loading=\"lazy\" \/><\/a><\/figure><div class=\"elementor-image-box-content\"><h3 class=\"elementor-image-box-title\"><a href=\"https:\/\/www.medellin.gov.co\/es\/wp-content\/uploads\/2023\/03\/Trayectos-2020.pdf\" target=\"_blank\">Trayectos 2020<\/a><\/h3><\/div><\/div>\t\t<\/div>\n\t\t\t\t<\/div>\n\t\t\t\t\t\t<\/div>\n\t\t\t\t\t<\/div>\n\t\t<\/div>\n\t\t\t\t\t\t\t\t<\/div>\n\t\t\t\t\t<\/div>\n\t\t<\/section>\n\t\t\t\t\t\t<\/div>\n\t\t\t\t\t<\/div>\n\t\t<\/div>\n\t\t\t\t\t\t\t\t<\/div>\n\t\t\t\t\t<\/div>\n\t\t<\/section>\n\t\t\t\t\t\t\t\t\t<\/div>\n\t\t\t<\/div>\n\t\t\t\t\t<\/div>\n\t\t","protected":false},"excerpt":{"rendered":"<p>Gesti\u00f3n del conocimiento Red de Artes Pl\u00e1sticas Red de Pr\u00e1cticas Nosotros Laboratorios Contacto Investigaci\u00f3n Red de Artes Pl\u00e1sticas \u00bfC\u00f3mo te sientes hoy? Investigaci\u00f3n\/Creaci\u00f3n Laboratorios de Creaci\u00f3n en Casa \u00bfQu\u00e9 sucede en tu casa que no &#8230;<\/p>\n","protected":false},"author":17,"featured_media":207405,"parent":125836,"menu_order":0,"comment_status":"closed","ping_status":"closed","template":"sec-cultura\/red-practicas.php","meta":[],"acf":[],"_links":{"self":[{"href":"https:\/\/www.medellin.gov.co\/es\/wp-json\/wp\/v2\/pages\/171196"}],"collection":[{"href":"https:\/\/www.medellin.gov.co\/es\/wp-json\/wp\/v2\/pages"}],"about":[{"href":"https:\/\/www.medellin.gov.co\/es\/wp-json\/wp\/v2\/types\/page"}],"author":[{"embeddable":true,"href":"https:\/\/www.medellin.gov.co\/es\/wp-json\/wp\/v2\/users\/17"}],"replies":[{"embeddable":true,"href":"https:\/\/www.medellin.gov.co\/es\/wp-json\/wp\/v2\/comments?post=171196"}],"version-history":[{"count":10,"href":"https:\/\/www.medellin.gov.co\/es\/wp-json\/wp\/v2\/pages\/171196\/revisions"}],"predecessor-version":[{"id":289001,"href":"https:\/\/www.medellin.gov.co\/es\/wp-json\/wp\/v2\/pages\/171196\/revisions\/289001"}],"up":[{"embeddable":true,"href":"https:\/\/www.medellin.gov.co\/es\/wp-json\/wp\/v2\/pages\/125836"}],"wp:featuredmedia":[{"embeddable":true,"href":"https:\/\/www.medellin.gov.co\/es\/wp-json\/wp\/v2\/media\/207405"}],"wp:attachment":[{"href":"https:\/\/www.medellin.gov.co\/es\/wp-json\/wp\/v2\/media?parent=171196"}],"curies":[{"name":"wp","href":"https:\/\/api.w.org\/{rel}","templated":true}]}}