{"id":171422,"date":"2023-03-24T08:47:37","date_gmt":"2023-03-24T13:47:37","guid":{"rendered":"https:\/\/www.medellin.gov.co\/es\/?page_id=171422"},"modified":"2023-09-25T08:19:03","modified_gmt":"2023-09-25T13:19:03","slug":"mascerca-la-floresta","status":"publish","type":"page","link":"https:\/\/www.medellin.gov.co\/es\/secretaria-de-gestion-humana\/sedes-de-atencion-a-la-ciudadania-alcaldia-de-medellin\/mascerca-la-floresta\/","title":{"rendered":"Mascerca La Floresta"},"content":{"rendered":"\t\t<div data-elementor-type=\"wp-page\" data-elementor-id=\"171422\" class=\"elementor elementor-171422\">\n\t\t\t\t\t\t<div class=\"elementor-inner\">\n\t\t\t\t<div class=\"elementor-section-wrap\">\n\t\t\t\t\t\t\t\t\t<section class=\"elementor-section elementor-top-section elementor-element elementor-element-a916548 elementor-section-boxed elementor-section-height-default elementor-section-height-default\" data-id=\"a916548\" data-element_type=\"section\">\n\t\t\t\t\t\t<div class=\"elementor-container elementor-column-gap-default\">\n\t\t\t\t\t\t\t<div class=\"elementor-row\">\n\t\t\t\t\t<div class=\"elementor-column elementor-col-100 elementor-top-column elementor-element elementor-element-be823e2\" data-id=\"be823e2\" data-element_type=\"column\">\n\t\t\t<div class=\"elementor-column-wrap elementor-element-populated\">\n\t\t\t\t\t\t\t<div class=\"elementor-widget-wrap\">\n\t\t\t\t\t\t<div class=\"elementor-element elementor-element-70864ac elementor-widget elementor-widget-heading\" data-id=\"70864ac\" data-element_type=\"widget\" data-widget_type=\"heading.default\">\n\t\t\t\t<div class=\"elementor-widget-container\">\n\t\t\t<h1 class=\"elementor-heading-title elementor-size-default\">Mascerca La Floresta<\/h1>\t\t<\/div>\n\t\t\t\t<\/div>\n\t\t\t\t<section class=\"elementor-section elementor-inner-section elementor-element elementor-element-724ebb7 elementor-section-boxed elementor-section-height-default elementor-section-height-default\" data-id=\"724ebb7\" data-element_type=\"section\">\n\t\t\t\t\t\t<div class=\"elementor-container elementor-column-gap-default\">\n\t\t\t\t\t\t\t<div class=\"elementor-row\">\n\t\t\t\t\t<div class=\"elementor-column elementor-col-50 elementor-inner-column elementor-element elementor-element-9f88173\" data-id=\"9f88173\" data-element_type=\"column\">\n\t\t\t<div class=\"elementor-column-wrap elementor-element-populated\">\n\t\t\t\t\t\t\t<div class=\"elementor-widget-wrap\">\n\t\t\t\t\t\t<div class=\"elementor-element elementor-element-b66336b elementor-widget elementor-widget-text-editor\" data-id=\"b66336b\" data-element_type=\"widget\" data-widget_type=\"text-editor.default\">\n\t\t\t\t<div class=\"elementor-widget-container\">\n\t\t\t\t\t\t\t\t<div class=\"elementor-text-editor elementor-clearfix\">\n\t\t\t\t<p>En el Mascerca de La Floresta los habitantes de los barrios Santa Rosa De Lima y San Javier podr\u00e1n realizar tr\u00e1mites de:<br \/><br \/><\/p><ul><li><p>Radicaci\u00f3n de PQRSD<\/p><\/li><li><p>Informaci\u00f3n de tr\u00e1mites Catastrales<\/p><\/li><li><p>Tr\u00e1mites de Hacienda<\/p><\/li><li><p>M\u00ednimo Vital de Agua Potable<\/p><\/li><li><p>Sisb\u00e9n<\/p><\/li><\/ul>\t\t\t\t\t<\/div>\n\t\t\t\t\t\t<\/div>\n\t\t\t\t<\/div>\n\t\t\t\t\t\t<\/div>\n\t\t\t\t\t<\/div>\n\t\t<\/div>\n\t\t\t\t<div class=\"elementor-column elementor-col-50 elementor-inner-column elementor-element elementor-element-b3f00d3\" data-id=\"b3f00d3\" data-element_type=\"column\">\n\t\t\t<div class=\"elementor-column-wrap elementor-element-populated\">\n\t\t\t\t\t\t\t<div class=\"elementor-widget-wrap\">\n\t\t\t\t\t\t<div class=\"elementor-element elementor-element-9091dcc elementor-aspect-ratio-169 elementor-widget elementor-widget-video\" data-id=\"9091dcc\" data-element_type=\"widget\" data-settings=\"{&quot;youtube_url&quot;:&quot;https:\\\/\\\/www.youtube.com\\\/watch?v=mqL0apqvgLs&quot;,&quot;video_type&quot;:&quot;youtube&quot;,&quot;controls&quot;:&quot;yes&quot;,&quot;aspect_ratio&quot;:&quot;169&quot;}\" data-widget_type=\"video.default\">\n\t\t\t\t<div class=\"elementor-widget-container\">\n\t\t\t\t\t<div class=\"elementor-wrapper elementor-fit-aspect-ratio elementor-open-inline\">\n\t\t\t<div class=\"elementor-video\"><\/div>\t\t<\/div>\n\t\t\t\t<\/div>\n\t\t\t\t<\/div>\n\t\t\t\t\t\t<\/div>\n\t\t\t\t\t<\/div>\n\t\t<\/div>\n\t\t\t\t\t\t\t\t<\/div>\n\t\t\t\t\t<\/div>\n\t\t<\/section>\n\t\t\t\t<div class=\"elementor-element elementor-element-a7fdff3 elementor-widget elementor-widget-heading\" data-id=\"a7fdff3\" data-element_type=\"widget\" data-widget_type=\"heading.default\">\n\t\t\t\t<div class=\"elementor-widget-container\">\n\t\t\t<h2 class=\"elementor-heading-title elementor-size-default\"><b>Horarios y l\u00edneas<\/b> de atenci\u00f3n del Mascerca La Floresta<\/h2>\t\t<\/div>\n\t\t\t\t<\/div>\n\t\t\t\t<div class=\"elementor-element elementor-element-57cdc4f elementor-widget elementor-widget-text-editor\" data-id=\"57cdc4f\" data-element_type=\"widget\" data-widget_type=\"text-editor.default\">\n\t\t\t\t<div class=\"elementor-widget-container\">\n\t\t\t\t\t\t\t\t<div class=\"elementor-text-editor elementor-clearfix\">\n\t\t\t\t<ul>\n<li>Tel\u00e9fono: L\u00ednea \u00danica de Atenci\u00f3n a la Ciudadan\u00eda L\u00ednea \u00danica de Atenci\u00f3n a la Ciudadan\u00eda (604) 44 44 144.<\/li>\n<li>L\u00ednea Gratuita Nacional: 01 8000 411 144.<\/li>\n<li>Horario: Lunes a viernes de 7:30 a. m. a 5:00 p. m. (Jornada continua).<\/li>\n<\/ul>\t\t\t\t\t<\/div>\n\t\t\t\t\t\t<\/div>\n\t\t\t\t<\/div>\n\t\t\t\t<div class=\"elementor-element elementor-element-0a0009f elementor-widget elementor-widget-heading\" data-id=\"0a0009f\" data-element_type=\"widget\" data-widget_type=\"heading.default\">\n\t\t\t\t<div class=\"elementor-widget-container\">\n\t\t\t<h2 class=\"elementor-heading-title elementor-size-default\"><b>Ubicaci\u00f3n del<\/b> Mascerca La Floresta<\/h2>\t\t<\/div>\n\t\t\t\t<\/div>\n\t\t\t\t<section class=\"elementor-section elementor-inner-section elementor-element elementor-element-a65bc9f elementor-section-boxed elementor-section-height-default elementor-section-height-default\" data-id=\"a65bc9f\" data-element_type=\"section\">\n\t\t\t\t\t\t<div class=\"elementor-container elementor-column-gap-default\">\n\t\t\t\t\t\t\t<div class=\"elementor-row\">\n\t\t\t\t\t<div class=\"elementor-column elementor-col-50 elementor-inner-column elementor-element elementor-element-c7a74ed\" data-id=\"c7a74ed\" data-element_type=\"column\">\n\t\t\t<div class=\"elementor-column-wrap elementor-element-populated\">\n\t\t\t\t\t\t\t<div class=\"elementor-widget-wrap\">\n\t\t\t\t\t\t<div class=\"elementor-element elementor-element-f278d72 elementor-widget elementor-widget-text-editor\" data-id=\"f278d72\" data-element_type=\"widget\" data-widget_type=\"text-editor.default\">\n\t\t\t\t<div class=\"elementor-widget-container\">\n\t\t\t\t\t\t\t\t<div class=\"elementor-text-editor elementor-clearfix\">\n\t\t\t\t<p>El Mascerca La Floresta est\u00e1 ubicado en la Carrera 89 B # 48 A &#8211; 37.<\/p><p>Algunos puntos de referencia de la casa de gobierno son:<\/p><ul><li>Fundaci\u00f3n Medell\u00edn Amiga<\/li><li>Peluquer\u00eda Deisy<\/li><li>Casa de cultura Los Alc\u00e1zares<\/li><li>Cancha Santa Luc\u00eda<\/li><li>Parque Floresta Santa Luc\u00eda<\/li><li>Piscina Los Alc\u00e1zares<\/li><\/ul>\t\t\t\t\t<\/div>\n\t\t\t\t\t\t<\/div>\n\t\t\t\t<\/div>\n\t\t\t\t\t\t<\/div>\n\t\t\t\t\t<\/div>\n\t\t<\/div>\n\t\t\t\t<div class=\"elementor-column elementor-col-50 elementor-inner-column elementor-element elementor-element-afe1293\" data-id=\"afe1293\" data-element_type=\"column\">\n\t\t\t<div class=\"elementor-column-wrap elementor-element-populated\">\n\t\t\t\t\t\t\t<div class=\"elementor-widget-wrap\">\n\t\t\t\t\t\t<div class=\"elementor-element elementor-element-5786021 elementor-widget elementor-widget-text-editor\" data-id=\"5786021\" data-element_type=\"widget\" data-widget_type=\"text-editor.default\">\n\t\t\t\t<div class=\"elementor-widget-container\">\n\t\t\t\t\t\t\t\t<div class=\"elementor-text-editor elementor-clearfix\">\n\t\t\t\t<div class=\"iframe-container\"><iframe src=\"https:\/\/www.google.com\/maps\/embed?pb=!1m18!1m12!1m3!1d1120.9957521709684!2d-75.60720616578499!3d6.259120422385778!2m3!1f0!2f0!3f0!3m2!1i1024!2i768!4f13.1!3m3!1m2!1s0x8e4429702dd3e129%3A0x71ca1de9babefac6!2sMascerca%20La%20Floresta!5e0!3m2!1ses-419!2sco!4v1679665850245!5m2!1ses-419!2sco\" width=\"100%\" height=\"400\" style=\"border:0;\" allowfullscreen=\"\" loading=\"lazy\" referrerpolicy=\"no-referrer-when-downgrade\"><\/iframe><\/div>\t\t\t\t\t<\/div>\n\t\t\t\t\t\t<\/div>\n\t\t\t\t<\/div>\n\t\t\t\t\t\t<\/div>\n\t\t\t\t\t<\/div>\n\t\t<\/div>\n\t\t\t\t\t\t\t\t<\/div>\n\t\t\t\t\t<\/div>\n\t\t<\/section>\n\t\t\t\t\t\t<\/div>\n\t\t\t\t\t<\/div>\n\t\t<\/div>\n\t\t\t\t\t\t\t\t<\/div>\n\t\t\t\t\t<\/div>\n\t\t<\/section>\n\t\t\t\t\t\t\t\t\t<\/div>\n\t\t\t<\/div>\n\t\t\t\t\t<\/div>\n\t\t","protected":false},"excerpt":{"rendered":"<p>Mascerca La Floresta En el Mascerca de La Floresta los habitantes de los barrios Santa Rosa De Lima y San Javier podr\u00e1n realizar tr\u00e1mites de: Radicaci\u00f3n de PQRSD Informaci\u00f3n de tr\u00e1mites Catastrales Tr\u00e1mites de Hacienda &#8230;<\/p>\n","protected":false},"author":31,"featured_media":0,"parent":170245,"menu_order":0,"comment_status":"closed","ping_status":"closed","template":"sec-gestion-humana\/elementor.php","meta":[],"acf":[],"_links":{"self":[{"href":"https:\/\/www.medellin.gov.co\/es\/wp-json\/wp\/v2\/pages\/171422"}],"collection":[{"href":"https:\/\/www.medellin.gov.co\/es\/wp-json\/wp\/v2\/pages"}],"about":[{"href":"https:\/\/www.medellin.gov.co\/es\/wp-json\/wp\/v2\/types\/page"}],"author":[{"embeddable":true,"href":"https:\/\/www.medellin.gov.co\/es\/wp-json\/wp\/v2\/users\/31"}],"replies":[{"embeddable":true,"href":"https:\/\/www.medellin.gov.co\/es\/wp-json\/wp\/v2\/comments?post=171422"}],"version-history":[{"count":10,"href":"https:\/\/www.medellin.gov.co\/es\/wp-json\/wp\/v2\/pages\/171422\/revisions"}],"predecessor-version":[{"id":254110,"href":"https:\/\/www.medellin.gov.co\/es\/wp-json\/wp\/v2\/pages\/171422\/revisions\/254110"}],"up":[{"embeddable":true,"href":"https:\/\/www.medellin.gov.co\/es\/wp-json\/wp\/v2\/pages\/170245"}],"wp:attachment":[{"href":"https:\/\/www.medellin.gov.co\/es\/wp-json\/wp\/v2\/media?parent=171422"}],"curies":[{"name":"wp","href":"https:\/\/api.w.org\/{rel}","templated":true}]}}