{"id":17243,"date":"2021-09-23T17:13:43","date_gmt":"2021-09-23T22:13:43","guid":{"rendered":"https:\/\/www.medellin.gov.co\/es\/?page_id=17243"},"modified":"2026-02-20T08:47:30","modified_gmt":"2026-02-20T13:47:30","slug":"subsecretaria-administrativa-y-financiera","status":"publish","type":"page","link":"https:\/\/www.medellin.gov.co\/es\/secretaria-de-salud\/subsecretaria-administrativa-y-financiera\/","title":{"rendered":"Subsecretar\u00eda Administrativa y Financiera"},"content":{"rendered":"\t\t<div data-elementor-type=\"wp-page\" data-elementor-id=\"17243\" class=\"elementor elementor-17243\">\n\t\t\t\t\t\t<div class=\"elementor-inner\">\n\t\t\t\t<div class=\"elementor-section-wrap\">\n\t\t\t\t\t\t\t\t\t<section class=\"elementor-section elementor-top-section elementor-element elementor-element-6e97ce8d elementor-section-boxed elementor-section-height-default elementor-section-height-default\" data-id=\"6e97ce8d\" data-element_type=\"section\">\n\t\t\t\t\t\t<div class=\"elementor-container elementor-column-gap-default\">\n\t\t\t\t\t\t\t<div class=\"elementor-row\">\n\t\t\t\t\t<div class=\"elementor-column elementor-col-100 elementor-top-column elementor-element elementor-element-2e7f5e38\" data-id=\"2e7f5e38\" data-element_type=\"column\">\n\t\t\t<div class=\"elementor-column-wrap elementor-element-populated\">\n\t\t\t\t\t\t\t<div class=\"elementor-widget-wrap\">\n\t\t\t\t\t\t<div class=\"elementor-element elementor-element-5f7f7426 elementor-widget elementor-widget-heading\" data-id=\"5f7f7426\" data-element_type=\"widget\" data-widget_type=\"heading.default\">\n\t\t\t\t<div class=\"elementor-widget-container\">\n\t\t\t<h1 class=\"elementor-heading-title elementor-size-default\">Subsecretar\u00eda Administrativa y Financiera<\/h1>\t\t<\/div>\n\t\t\t\t<\/div>\n\t\t\t\t<section class=\"elementor-section elementor-inner-section elementor-element elementor-element-5b4863e elementor-section-boxed elementor-section-height-default elementor-section-height-default\" data-id=\"5b4863e\" data-element_type=\"section\">\n\t\t\t\t\t\t<div class=\"elementor-container elementor-column-gap-default\">\n\t\t\t\t\t\t\t<div class=\"elementor-row\">\n\t\t\t\t\t<div class=\"elementor-column elementor-col-50 elementor-inner-column elementor-element elementor-element-50e8564\" data-id=\"50e8564\" data-element_type=\"column\">\n\t\t\t<div class=\"elementor-column-wrap elementor-element-populated\">\n\t\t\t\t\t\t\t<div class=\"elementor-widget-wrap\">\n\t\t\t\t\t\t<div class=\"elementor-element elementor-element-10541a6 elementor-widget elementor-widget-text-editor\" data-id=\"10541a6\" data-element_type=\"widget\" data-widget_type=\"text-editor.default\">\n\t\t\t\t<div class=\"elementor-widget-container\">\n\t\t\t\t\t\t\t\t<div class=\"elementor-text-editor elementor-clearfix\">\n\t\t\t\t<p>Subsecretaria, Mar\u00eda Teresa Rivera Su\u00e1rez.<\/p><p>Psic\u00f3loga con maestr\u00eda en Direcci\u00f3n y MBA con \u00e9nfasis en liderazgo estrat\u00e9gico, especialista en Psicolog\u00eda Organizacional. Cuenta con m\u00e1s de 20 a\u00f1os de experiencia en direcci\u00f3n de talento humano, bienestar institucional y fortalecimiento organizacional en el sector salud, educaci\u00f3n superior en entidades p\u00fablicas y privadas.<\/p><p>Antes de asumir la Subsecretar\u00eda de Salud se desempe\u00f1\u00f3 como directora de Gesti\u00f3n Humana del Hospital General de Medell\u00edn, donde lider\u00f3 la pol\u00edtica de personal, las relaciones laborales y la implementaci\u00f3n de programas de bienestar f\u00edsico y mental, seguridad en el trabajo y retenci\u00f3n del talento,\u00a0<\/p>\t\t\t\t\t<\/div>\n\t\t\t\t\t\t<\/div>\n\t\t\t\t<\/div>\n\t\t\t\t\t\t<\/div>\n\t\t\t\t\t<\/div>\n\t\t<\/div>\n\t\t\t\t<div class=\"elementor-column elementor-col-50 elementor-inner-column elementor-element elementor-element-cbd9f94\" data-id=\"cbd9f94\" data-element_type=\"column\">\n\t\t\t<div class=\"elementor-column-wrap elementor-element-populated\">\n\t\t\t\t\t\t\t<div class=\"elementor-widget-wrap\">\n\t\t\t\t\t\t<div class=\"elementor-element elementor-element-0e2c40a elementor-widget elementor-widget-image\" data-id=\"0e2c40a\" data-element_type=\"widget\" data-widget_type=\"image.default\">\n\t\t\t\t<div class=\"elementor-widget-container\">\n\t\t\t\t\t\t\t\t<div class=\"elementor-image\">\n\t\t\t\t\t\t\t\t\t\t\t\t<img width=\"1024\" height=\"575\" src=\"https:\/\/www.medellin.gov.co\/es\/wp-content\/uploads\/2026\/02\/Subsecretaria-Maria-Teresa-Rivera-Suarez-1024x575.jpg\" class=\"attachment-large size-large\" alt=\"Subsecretaria, Mar\u00eda Teresa Rivera Su\u00e1rez\" loading=\"lazy\" srcset=\"https:\/\/www.medellin.gov.co\/es\/wp-content\/uploads\/2026\/02\/Subsecretaria-Maria-Teresa-Rivera-Suarez-1024x575.jpg 1024w, https:\/\/www.medellin.gov.co\/es\/wp-content\/uploads\/2026\/02\/Subsecretaria-Maria-Teresa-Rivera-Suarez-300x169.jpg 300w, https:\/\/www.medellin.gov.co\/es\/wp-content\/uploads\/2026\/02\/Subsecretaria-Maria-Teresa-Rivera-Suarez-150x84.jpg 150w, https:\/\/www.medellin.gov.co\/es\/wp-content\/uploads\/2026\/02\/Subsecretaria-Maria-Teresa-Rivera-Suarez-768x431.jpg 768w, https:\/\/www.medellin.gov.co\/es\/wp-content\/uploads\/2026\/02\/Subsecretaria-Maria-Teresa-Rivera-Suarez.jpg 1280w\" sizes=\"(max-width: 1024px) 100vw, 1024px\" \/>\t\t\t\t\t\t\t\t\t\t\t\t\t\t<\/div>\n\t\t\t\t\t\t<\/div>\n\t\t\t\t<\/div>\n\t\t\t\t\t\t<\/div>\n\t\t\t\t\t<\/div>\n\t\t<\/div>\n\t\t\t\t\t\t\t\t<\/div>\n\t\t\t\t\t<\/div>\n\t\t<\/section>\n\t\t\t\t<div class=\"elementor-element elementor-element-85e6ae0 elementor-widget elementor-widget-text-editor\" data-id=\"85e6ae0\" data-element_type=\"widget\" data-widget_type=\"text-editor.default\">\n\t\t\t\t<div class=\"elementor-widget-container\">\n\t\t\t\t\t\t\t\t<div class=\"elementor-text-editor elementor-clearfix\">\n\t\t\t\t<p>incluyendo la interlocuci\u00f3n y seguimiento a acuerdos laborales con organizaciones sindicales.\u00a0 Adicional, perteneci\u00f3 activamente al comit\u00e9 directivo, contribuyendo al direccionamiento de la Instituci\u00f3n, su recuperaci\u00f3n y posicionamiento como entidad de alta complejidad.<\/p><p>Ha ocupado cargos directivos en el Hospital General de Medell\u00edn, la Universidad EIA, la Universidad CES y la Universidad Pontificia Bolivariana, donde estructur\u00f3 modelos de bienestar institucional, programas de permanencia y escuelas de liderazgo, adem\u00e1s de acompa\u00f1ar procesos de acreditaci\u00f3n institucional y estrategias de clima organizacional.<\/p><p>En el Instituto Tecnol\u00f3gico Metropolitano (ITM) se desempe\u00f1\u00f3 como profesional de Gesti\u00f3n Humana, en un rol de acompa\u00f1amiento t\u00e9cnico y asesor\u00eda para el dise\u00f1o de intervenciones de bienestar laboral, planes de capacitaci\u00f3n, estrategias de clima organizacional y programas de salario emocional, apoyando adem\u00e1s la implementaci\u00f3n del plan de desarrollo institucional y acciones frente al riesgo psicosocial.<\/p><p>Su trayectoria se ha enfocado en la construcci\u00f3n de equipos de alto desempe\u00f1o, la gesti\u00f3n del cambio organizacional y el desarrollo del talento humano como base para la calidad en la prestaci\u00f3n de los servicios. En el sector salud, su trabajo ha estado orientado a fortalecer las condiciones laborales del personal asistencial y administrativo, promoviendo entornos laborales seguros.<\/p><p>Desde la Subsecretar\u00eda Administrativa y Financiera de Salud trabaja en la consolidaci\u00f3n de capacidades institucionales, el fortalecimiento del talento humano del sector y la articulaci\u00f3n de acciones que permitan mejorar la oportunidad y calidad de los servicios de salud para la ciudadan\u00eda.<\/p>\t\t\t\t\t<\/div>\n\t\t\t\t\t\t<\/div>\n\t\t\t\t<\/div>\n\t\t\t\t<section class=\"elementor-section elementor-inner-section elementor-element elementor-element-135488e elementor-section-boxed elementor-section-height-default elementor-section-height-default\" data-id=\"135488e\" data-element_type=\"section\">\n\t\t\t\t\t\t<div class=\"elementor-container elementor-column-gap-default\">\n\t\t\t\t\t\t\t<div class=\"elementor-row\">\n\t\t\t\t\t<div class=\"elementor-column elementor-col-100 elementor-inner-column elementor-element elementor-element-ba51057\" data-id=\"ba51057\" data-element_type=\"column\">\n\t\t\t<div class=\"elementor-column-wrap elementor-element-populated\">\n\t\t\t\t\t\t\t<div class=\"elementor-widget-wrap\">\n\t\t\t\t\t\t<div class=\"elementor-element elementor-element-dce5bf1 elementor-widget elementor-widget-text-editor\" data-id=\"dce5bf1\" data-element_type=\"widget\" data-widget_type=\"text-editor.default\">\n\t\t\t\t<div class=\"elementor-widget-container\">\n\t\t\t\t\t\t\t\t<div class=\"elementor-text-editor elementor-clearfix\">\n\t\t\t\t<p>La Subsecretar\u00eda controla, administra y supervisa los recursos p\u00fablicos que se le otorgan a la Secretar\u00eda de Salud del Distrito de Medell\u00edn, adem\u00e1s identifica la situaci\u00f3n de salud de la poblaci\u00f3n, con el fin de priorizar las tem\u00e1ticas para la protecci\u00f3n y prevenci\u00f3n de las enfermedades. En conclusi\u00f3n, formula y administra el Plan Municipal de Salud acorde con el Plan de Desarrollo Municipal, el Plan Nacional de Salud P\u00fablica, el Plan Decenal de Salud P\u00fablica, el Plan de Ordenamiento Territorial, la normatividad vigente y se coordina con las dem\u00e1s dependencias y entidades, para la formulaci\u00f3n y evaluaci\u00f3n de los planes, programas y proyectos del sector.<\/p>\t\t\t\t\t<\/div>\n\t\t\t\t\t\t<\/div>\n\t\t\t\t<\/div>\n\t\t\t\t<div class=\"elementor-element elementor-element-a24042d elementor-widget elementor-widget-text-editor\" data-id=\"a24042d\" data-element_type=\"widget\" data-widget_type=\"text-editor.default\">\n\t\t\t\t<div class=\"elementor-widget-container\">\n\t\t\t\t\t\t\t\t<div class=\"elementor-text-editor elementor-clearfix\">\n\t\t\t\t<p>Administra, controla y supervisa los recursos propios, los cedidos por la Naci\u00f3n y los del Sistema General de Participaciones con destinaci\u00f3n espec\u00edfica para salud y cualquier otro tipo de recursos que se generen con ocasi\u00f3n del cumplimiento de su naturaleza, objeto y funciones, garantizando siempre su correcta utilizaci\u00f3n, dentro del marco de la ley.<\/p>\t\t\t\t\t<\/div>\n\t\t\t\t\t\t<\/div>\n\t\t\t\t<\/div>\n\t\t\t\t\t\t<\/div>\n\t\t\t\t\t<\/div>\n\t\t<\/div>\n\t\t\t\t\t\t\t\t<\/div>\n\t\t\t\t\t<\/div>\n\t\t<\/section>\n\t\t\t\t<div class=\"elementor-element elementor-element-f47f5a5 elementor-widget elementor-widget-heading\" data-id=\"f47f5a5\" data-element_type=\"widget\" data-widget_type=\"heading.default\">\n\t\t\t\t<div class=\"elementor-widget-container\">\n\t\t\t<h2 class=\"elementor-heading-title elementor-size-default\"><b>Directora T\u00e9cnica<\/b> de Planeaci\u00f3n<\/h2>\t\t<\/div>\n\t\t\t\t<\/div>\n\t\t\t\t<section class=\"elementor-section elementor-inner-section elementor-element elementor-element-1a0b2e6 elementor-reverse-mobile elementor-section-boxed elementor-section-height-default elementor-section-height-default\" data-id=\"1a0b2e6\" data-element_type=\"section\">\n\t\t\t\t\t\t<div class=\"elementor-container elementor-column-gap-default\">\n\t\t\t\t\t\t\t<div class=\"elementor-row\">\n\t\t\t\t\t<div class=\"elementor-column elementor-col-50 elementor-inner-column elementor-element elementor-element-2a93faa\" data-id=\"2a93faa\" data-element_type=\"column\">\n\t\t\t<div class=\"elementor-column-wrap elementor-element-populated\">\n\t\t\t\t\t\t\t<div class=\"elementor-widget-wrap\">\n\t\t\t\t\t\t<div class=\"elementor-element elementor-element-b5a69a4 elementor-widget elementor-widget-text-editor\" data-id=\"b5a69a4\" data-element_type=\"widget\" data-widget_type=\"text-editor.default\">\n\t\t\t\t<div class=\"elementor-widget-container\">\n\t\t\t\t\t\t\t\t<div class=\"elementor-text-editor elementor-clearfix\">\n\t\t\t\t<p>La direcci\u00f3n T\u00e9cnica de Planeaci\u00f3n tiene la gran labor y responsabilidad de la planificaci\u00f3n estrat\u00e9gica, del seguimiento, monitoreo y evaluaci\u00f3n de metas e indicadores y la implementaci\u00f3n y desarrollo del Sistema Integrado de Gesti\u00f3n. Estas acciones, entre otras, permitir\u00e1n el desarrollo del Plan Territorial de Salud 2024 -2027\u00a0 \u201cSalud para el bienestar f\u00edsico y mental\u201d.<\/p><p>La Direcci\u00f3n T\u00e9cnica de Planeaci\u00f3n es una dependencia estrat\u00e9gica del despacho de la Secretar\u00eda de Salud de Medell\u00edn, dentro de sus principales funciones est\u00e1 formular, fortalecer, coordinar y realizar seguimiento a cada una de las pol\u00edticas y planes de la secretar\u00eda. Realiza acompa\u00f1amiento a las subsecretar\u00edas administrativas, Salud P\u00fablica y Gesti\u00f3n de Servicios en el cumplimiento de planes estrat\u00e9gicos, indicativos y de acci\u00f3n, buscando el cumplimiento de metas.<\/p>\t\t\t\t\t<\/div>\n\t\t\t\t\t\t<\/div>\n\t\t\t\t<\/div>\n\t\t\t\t\t\t<\/div>\n\t\t\t\t\t<\/div>\n\t\t<\/div>\n\t\t\t\t<div class=\"elementor-column elementor-col-50 elementor-inner-column elementor-element elementor-element-bc10e42\" data-id=\"bc10e42\" data-element_type=\"column\">\n\t\t\t<div class=\"elementor-column-wrap elementor-element-populated\">\n\t\t\t\t\t\t\t<div class=\"elementor-widget-wrap\">\n\t\t\t\t\t\t<div class=\"elementor-element elementor-element-3cbb0db elementor-widget elementor-widget-image\" data-id=\"3cbb0db\" data-element_type=\"widget\" data-widget_type=\"image.default\">\n\t\t\t\t<div class=\"elementor-widget-container\">\n\t\t\t\t\t\t\t\t<div class=\"elementor-image\">\n\t\t\t\t\t\t\t\t\t\t\t\t<img width=\"800\" height=\"531\" src=\"https:\/\/www.medellin.gov.co\/es\/wp-content\/uploads\/2024\/02\/Juliana-del-Pilar-Sanchez-Planeacion-Salud-1.jpg\" class=\"attachment-full size-full\" alt=\"\" loading=\"lazy\" srcset=\"https:\/\/www.medellin.gov.co\/es\/wp-content\/uploads\/2024\/02\/Juliana-del-Pilar-Sanchez-Planeacion-Salud-1.jpg 800w, https:\/\/www.medellin.gov.co\/es\/wp-content\/uploads\/2024\/02\/Juliana-del-Pilar-Sanchez-Planeacion-Salud-1-300x199.jpg 300w, https:\/\/www.medellin.gov.co\/es\/wp-content\/uploads\/2024\/02\/Juliana-del-Pilar-Sanchez-Planeacion-Salud-1-150x100.jpg 150w, https:\/\/www.medellin.gov.co\/es\/wp-content\/uploads\/2024\/02\/Juliana-del-Pilar-Sanchez-Planeacion-Salud-1-768x510.jpg 768w\" sizes=\"(max-width: 800px) 100vw, 800px\" \/>\t\t\t\t\t\t\t\t\t\t\t\t\t\t<\/div>\n\t\t\t\t\t\t<\/div>\n\t\t\t\t<\/div>\n\t\t\t\t\t\t<\/div>\n\t\t\t\t\t<\/div>\n\t\t<\/div>\n\t\t\t\t\t\t\t\t<\/div>\n\t\t\t\t\t<\/div>\n\t\t<\/section>\n\t\t\t\t<div class=\"elementor-element elementor-element-01a3ba5 elementor-widget elementor-widget-text-editor\" data-id=\"01a3ba5\" data-element_type=\"widget\" data-widget_type=\"text-editor.default\">\n\t\t\t\t<div class=\"elementor-widget-container\">\n\t\t\t\t\t\t\t\t<div class=\"elementor-text-editor elementor-clearfix\">\n\t\t\t\t<p><span style=\"color: var( --e-global-color-text ); font-family: var( --e-global-typography-text-font-family ), Sans-serif; font-size: var( --e-global-typography-text-font-size ); font-weight: var( --e-global-typography-text-font-weight );\">Adem\u00e1s asesora y capacita en la aplicaci\u00f3n de instrumentos y en la metodolog\u00eda para la presentaci\u00f3n de proyectos en el Banco de Programas y Proyectos de Inversi\u00f3n Nacional y en el Sistema de Seguimiento de Proyectos de Inversi\u00f3n, realizando a la vez monitoreo y evaluaci\u00f3n. <\/span>La componen:<\/p>\t\t\t\t\t<\/div>\n\t\t\t\t\t\t<\/div>\n\t\t\t\t<\/div>\n\t\t\t\t<section class=\"elementor-section elementor-inner-section elementor-element elementor-element-fce055c elementor-section-boxed elementor-section-height-default elementor-section-height-default\" data-id=\"fce055c\" data-element_type=\"section\">\n\t\t\t\t\t\t<div class=\"elementor-container elementor-column-gap-default\">\n\t\t\t\t\t\t\t<div class=\"elementor-row\">\n\t\t\t\t\t<div class=\"elementor-column elementor-col-50 elementor-inner-column elementor-element elementor-element-9e871e3\" data-id=\"9e871e3\" data-element_type=\"column\">\n\t\t\t<div class=\"elementor-column-wrap elementor-element-populated\">\n\t\t\t\t\t\t\t<div class=\"elementor-widget-wrap\">\n\t\t\t\t\t\t<div class=\"elementor-element elementor-element-2bb2071 elementor-widget elementor-widget-heading\" data-id=\"2bb2071\" data-element_type=\"widget\" data-widget_type=\"heading.default\">\n\t\t\t\t<div class=\"elementor-widget-container\">\n\t\t\t<h3 class=\"elementor-heading-title elementor-size-default\">Unidad de Planeaci\u00f3n Sectorial y Participaci\u00f3n Social en Salud <\/h3>\t\t<\/div>\n\t\t\t\t<\/div>\n\t\t\t\t<div class=\"elementor-element elementor-element-d55ecdc elementor-widget elementor-widget-text-editor\" data-id=\"d55ecdc\" data-element_type=\"widget\" data-widget_type=\"text-editor.default\">\n\t\t\t\t<div class=\"elementor-widget-container\">\n\t\t\t\t\t\t\t\t<div class=\"elementor-text-editor elementor-clearfix\">\n\t\t\t\t<p>Liderar la formulaci\u00f3n, seguimiento y evaluaci\u00f3n del Plan de Desarrollo y el Plan Territorial de Salud, seg\u00fan la normatividad nacional, departamental y municipal, las prioridades y necesidades en salud y el fortalecimiento de la participaci\u00f3n social en salud, as\u00ed como los mecanismos de articulaci\u00f3n intersectorial con el fin de contribuir a la creaci\u00f3n de ambientes favorables a la salud y la calidad de vida.<\/p>\t\t\t\t\t<\/div>\n\t\t\t\t\t\t<\/div>\n\t\t\t\t<\/div>\n\t\t\t\t\t\t<\/div>\n\t\t\t\t\t<\/div>\n\t\t<\/div>\n\t\t\t\t<div class=\"elementor-column elementor-col-50 elementor-inner-column elementor-element elementor-element-abcf2c9\" data-id=\"abcf2c9\" data-element_type=\"column\">\n\t\t\t<div class=\"elementor-column-wrap elementor-element-populated\">\n\t\t\t\t\t\t\t<div class=\"elementor-widget-wrap\">\n\t\t\t\t\t\t<div class=\"elementor-element elementor-element-aa179a9 elementor-widget elementor-widget-heading\" data-id=\"aa179a9\" data-element_type=\"widget\" data-widget_type=\"heading.default\">\n\t\t\t\t<div class=\"elementor-widget-container\">\n\t\t\t<h3 class=\"elementor-heading-title elementor-size-default\">Gesti\u00f3n de la informaci\u00f3n y el conocimiento<\/h3>\t\t<\/div>\n\t\t\t\t<\/div>\n\t\t\t\t<div class=\"elementor-element elementor-element-c22777d elementor-widget elementor-widget-text-editor\" data-id=\"c22777d\" data-element_type=\"widget\" data-widget_type=\"text-editor.default\">\n\t\t\t\t<div class=\"elementor-widget-container\">\n\t\t\t\t\t\t\t\t<div class=\"elementor-text-editor elementor-clearfix\">\n\t\t\t\t<p>Definir e implementar los mecanismos para llevar a cabo las actividades relacionadas con la gesti\u00f3n de la informaci\u00f3n y el conocimiento, a partir del dise\u00f1o, la organizaci\u00f3n, la distribuci\u00f3n y el uso de los datos, la informaci\u00f3n y el conocimiento, como apoyo a las \u00e1reas misionales de la Secretar\u00eda de Salud en el cumplimiento de las competencias, programas, proyectos y normativa vigente.<\/p>\t\t\t\t\t<\/div>\n\t\t\t\t\t\t<\/div>\n\t\t\t\t<\/div>\n\t\t\t\t\t\t<\/div>\n\t\t\t\t\t<\/div>\n\t\t<\/div>\n\t\t\t\t\t\t\t\t<\/div>\n\t\t\t\t\t<\/div>\n\t\t<\/section>\n\t\t\t\t<div class=\"elementor-element elementor-element-55fd6ea elementor-widget elementor-widget-text-editor\" data-id=\"55fd6ea\" data-element_type=\"widget\" data-widget_type=\"text-editor.default\">\n\t\t\t\t<div class=\"elementor-widget-container\">\n\t\t\t\t\t\t\t\t<div class=\"elementor-text-editor elementor-clearfix\">\n\t\t\t\t<p>El trabajo social obliga a desarrollar acciones con la comunidad, de tal manera que nuestra intervenci\u00f3n sea asertiva, responsable, coherente y que a la vez oriente la toma de decisiones, de forma que podamos cambiar vidas. Esta es una de las fortalezas de la Direcci\u00f3n T\u00e9cnica de Planeaci\u00f3n.<\/p>\t\t\t\t\t<\/div>\n\t\t\t\t\t\t<\/div>\n\t\t\t\t<\/div>\n\t\t\t\t<div class=\"elementor-element elementor-element-bdc4dfd elementor-widget elementor-widget-heading\" data-id=\"bdc4dfd\" data-element_type=\"widget\" data-widget_type=\"heading.default\">\n\t\t\t\t<div class=\"elementor-widget-container\">\n\t\t\t<h2 class=\"elementor-heading-title elementor-size-default\"><b>Pol\u00edtica de participaci\u00f3n <\/b> social en salud - PPSS. \nResoluci\u00f3n 2063 de 2017<\/h2>\t\t<\/div>\n\t\t\t\t<\/div>\n\t\t\t\t<section class=\"elementor-section elementor-inner-section elementor-element elementor-element-1677673 elementor-section-boxed elementor-section-height-default elementor-section-height-default\" data-id=\"1677673\" data-element_type=\"section\">\n\t\t\t\t\t\t<div class=\"elementor-container elementor-column-gap-default\">\n\t\t\t\t\t\t\t<div class=\"elementor-row\">\n\t\t\t\t\t<div class=\"elementor-column elementor-col-50 elementor-inner-column elementor-element elementor-element-03702c1\" data-id=\"03702c1\" data-element_type=\"column\">\n\t\t\t<div class=\"elementor-column-wrap elementor-element-populated\">\n\t\t\t\t\t\t\t<div class=\"elementor-widget-wrap\">\n\t\t\t\t\t\t<div class=\"elementor-element elementor-element-973a06b elementor-widget elementor-widget-text-editor\" data-id=\"973a06b\" data-element_type=\"widget\" data-widget_type=\"text-editor.default\">\n\t\t\t\t<div class=\"elementor-widget-container\">\n\t\t\t\t\t\t\t\t<div class=\"elementor-text-editor elementor-clearfix\">\n\t\t\t\t<p>La Pol\u00edtica de Participaci\u00f3n Social en Salud busca dar respuesta a las problem\u00e1ticas, necesidades, dificultades, oportunidades, limitaciones y debilidades que afectan la participaci\u00f3n social en salud.<\/p><p>Es la referencia para organizar los procesos de participaci\u00f3n social en salud en el marco de las competencias del Ministerio de Salud y Protecci\u00f3n Social.<\/p><p>Su finalidad es fortalecer los procesos de participaci\u00f3n social en salud para que la ciudadan\u00eda haga parte del proceso de adopci\u00f3n de las decisiones que tienen que ver con este derecho fundamental.<\/p>\t\t\t\t\t<\/div>\n\t\t\t\t\t\t<\/div>\n\t\t\t\t<\/div>\n\t\t\t\t<div class=\"elementor-element elementor-element-c14fa10 elementor-tablet-align-left elementor-mobile-align-center elementor-widget elementor-widget-button\" data-id=\"c14fa10\" data-element_type=\"widget\" data-widget_type=\"button.default\">\n\t\t\t\t<div class=\"elementor-widget-container\">\n\t\t\t\t\t<div class=\"elementor-button-wrapper\">\n\t\t\t<a href=\"https:\/\/www.medellin.gov.co\/es\/secretaria-de-salud\/subsecretaria-administrativa-y-financiera\/politica-de-participacion-social-en-salud\/\" target=\"_blank\" class=\"elementor-button-link elementor-button elementor-size-sm\" role=\"button\">\n\t\t\t\t\t\t<span class=\"elementor-button-content-wrapper\">\n\t\t\t\t\t\t<span class=\"elementor-button-text\">Conoce m\u00e1s de la pol\u00edtica<\/span>\n\t\t<\/span>\n\t\t\t\t\t<\/a>\n\t\t<\/div>\n\t\t\t\t<\/div>\n\t\t\t\t<\/div>\n\t\t\t\t\t\t<\/div>\n\t\t\t\t\t<\/div>\n\t\t<\/div>\n\t\t\t\t<div class=\"elementor-column elementor-col-50 elementor-inner-column elementor-element elementor-element-ead5c5e\" data-id=\"ead5c5e\" data-element_type=\"column\">\n\t\t\t<div class=\"elementor-column-wrap elementor-element-populated\">\n\t\t\t\t\t\t\t<div class=\"elementor-widget-wrap\">\n\t\t\t\t\t\t<div class=\"elementor-element elementor-element-d538107 elementor-widget elementor-widget-image\" data-id=\"d538107\" data-element_type=\"widget\" data-widget_type=\"image.default\">\n\t\t\t\t<div class=\"elementor-widget-container\">\n\t\t\t\t\t\t\t\t<div class=\"elementor-image\">\n\t\t\t\t\t\t\t\t\t\t\t\t<img width=\"1024\" height=\"682\" src=\"https:\/\/www.medellin.gov.co\/es\/wp-content\/uploads\/2023\/02\/Politica-salud-1024x682.jpeg\" class=\"attachment-large size-large\" alt=\"Pol\u00edtica salud\" loading=\"lazy\" srcset=\"https:\/\/www.medellin.gov.co\/es\/wp-content\/uploads\/2023\/02\/Politica-salud-1024x682.jpeg 1024w, https:\/\/www.medellin.gov.co\/es\/wp-content\/uploads\/2023\/02\/Politica-salud-300x200.jpeg 300w, https:\/\/www.medellin.gov.co\/es\/wp-content\/uploads\/2023\/02\/Politica-salud-150x100.jpeg 150w, https:\/\/www.medellin.gov.co\/es\/wp-content\/uploads\/2023\/02\/Politica-salud-768x512.jpeg 768w, https:\/\/www.medellin.gov.co\/es\/wp-content\/uploads\/2023\/02\/Politica-salud.jpeg 1280w\" sizes=\"(max-width: 1024px) 100vw, 1024px\" \/>\t\t\t\t\t\t\t\t\t\t\t\t\t\t<\/div>\n\t\t\t\t\t\t<\/div>\n\t\t\t\t<\/div>\n\t\t\t\t\t\t<\/div>\n\t\t\t\t\t<\/div>\n\t\t<\/div>\n\t\t\t\t\t\t\t\t<\/div>\n\t\t\t\t\t<\/div>\n\t\t<\/section>\n\t\t\t\t\t\t<\/div>\n\t\t\t\t\t<\/div>\n\t\t<\/div>\n\t\t\t\t\t\t\t\t<\/div>\n\t\t\t\t\t<\/div>\n\t\t<\/section>\n\t\t\t\t\t\t\t\t\t<\/div>\n\t\t\t<\/div>\n\t\t\t\t\t<\/div>\n\t\t","protected":false},"excerpt":{"rendered":"<p>Subsecretar\u00eda Administrativa y Financiera Subsecretaria, Mar\u00eda Teresa Rivera Su\u00e1rez. Psic\u00f3loga con maestr\u00eda en Direcci\u00f3n y MBA con \u00e9nfasis en liderazgo estrat\u00e9gico, especialista en Psicolog\u00eda Organizacional. Cuenta con m\u00e1s de 20 a\u00f1os de experiencia en direcci\u00f3n &#8230;<\/p>\n","protected":false},"author":1,"featured_media":471506,"parent":17118,"menu_order":10,"comment_status":"closed","ping_status":"closed","template":"sec-salud\/elementor.php","meta":[],"acf":[],"_links":{"self":[{"href":"https:\/\/www.medellin.gov.co\/es\/wp-json\/wp\/v2\/pages\/17243"}],"collection":[{"href":"https:\/\/www.medellin.gov.co\/es\/wp-json\/wp\/v2\/pages"}],"about":[{"href":"https:\/\/www.medellin.gov.co\/es\/wp-json\/wp\/v2\/types\/page"}],"author":[{"embeddable":true,"href":"https:\/\/www.medellin.gov.co\/es\/wp-json\/wp\/v2\/users\/1"}],"replies":[{"embeddable":true,"href":"https:\/\/www.medellin.gov.co\/es\/wp-json\/wp\/v2\/comments?post=17243"}],"version-history":[{"count":10,"href":"https:\/\/www.medellin.gov.co\/es\/wp-json\/wp\/v2\/pages\/17243\/revisions"}],"predecessor-version":[{"id":500396,"href":"https:\/\/www.medellin.gov.co\/es\/wp-json\/wp\/v2\/pages\/17243\/revisions\/500396"}],"up":[{"embeddable":true,"href":"https:\/\/www.medellin.gov.co\/es\/wp-json\/wp\/v2\/pages\/17118"}],"wp:featuredmedia":[{"embeddable":true,"href":"https:\/\/www.medellin.gov.co\/es\/wp-json\/wp\/v2\/media\/471506"}],"wp:attachment":[{"href":"https:\/\/www.medellin.gov.co\/es\/wp-json\/wp\/v2\/media?parent=17243"}],"curies":[{"name":"wp","href":"https:\/\/api.w.org\/{rel}","templated":true}]}}