{"id":17245,"date":"2021-09-23T17:14:36","date_gmt":"2021-09-23T22:14:36","guid":{"rendered":"https:\/\/www.medellin.gov.co\/es\/?page_id=17245"},"modified":"2024-12-26T10:27:50","modified_gmt":"2024-12-26T15:27:50","slug":"subsecretaria-de-servicios-de-salud","status":"publish","type":"page","link":"https:\/\/www.medellin.gov.co\/es\/secretaria-de-salud\/subsecretaria-de-servicios-de-salud\/","title":{"rendered":"Subsecretar\u00eda de Gesti\u00f3n de Servicios de Salud"},"content":{"rendered":"\t\t<div data-elementor-type=\"wp-page\" data-elementor-id=\"17245\" class=\"elementor elementor-17245\">\n\t\t\t\t\t\t<div class=\"elementor-inner\">\n\t\t\t\t<div class=\"elementor-section-wrap\">\n\t\t\t\t\t\t\t\t\t<section class=\"elementor-section elementor-top-section elementor-element elementor-element-9b48a51 elementor-section-boxed elementor-section-height-default elementor-section-height-default\" data-id=\"9b48a51\" data-element_type=\"section\">\n\t\t\t\t\t\t<div class=\"elementor-container elementor-column-gap-default\">\n\t\t\t\t\t\t\t<div class=\"elementor-row\">\n\t\t\t\t\t<div class=\"elementor-column elementor-col-100 elementor-top-column elementor-element elementor-element-cfe798f\" data-id=\"cfe798f\" data-element_type=\"column\">\n\t\t\t<div class=\"elementor-column-wrap elementor-element-populated\">\n\t\t\t\t\t\t\t<div class=\"elementor-widget-wrap\">\n\t\t\t\t\t\t<div class=\"elementor-element elementor-element-54c4100 elementor-widget elementor-widget-heading\" data-id=\"54c4100\" data-element_type=\"widget\" data-widget_type=\"heading.default\">\n\t\t\t\t<div class=\"elementor-widget-container\">\n\t\t\t<h1 class=\"elementor-heading-title elementor-size-default\">Subsecretar\u00eda de Gesti\u00f3n de Servicios de Salud<\/h1>\t\t<\/div>\n\t\t\t\t<\/div>\n\t\t\t\t<section class=\"elementor-section elementor-inner-section elementor-element elementor-element-e6cf78f elementor-reverse-tablet elementor-reverse-mobile elementor-section-boxed elementor-section-height-default elementor-section-height-default\" data-id=\"e6cf78f\" data-element_type=\"section\">\n\t\t\t\t\t\t<div class=\"elementor-container elementor-column-gap-default\">\n\t\t\t\t\t\t\t<div class=\"elementor-row\">\n\t\t\t\t\t<div class=\"elementor-column elementor-col-50 elementor-inner-column elementor-element elementor-element-3c5a551\" data-id=\"3c5a551\" data-element_type=\"column\">\n\t\t\t<div class=\"elementor-column-wrap elementor-element-populated\">\n\t\t\t\t\t\t\t<div class=\"elementor-widget-wrap\">\n\t\t\t\t\t\t<div class=\"elementor-element elementor-element-2a24bbe elementor-widget elementor-widget-text-editor\" data-id=\"2a24bbe\" data-element_type=\"widget\" data-widget_type=\"text-editor.default\">\n\t\t\t\t<div class=\"elementor-widget-container\">\n\t\t\t\t\t\t\t\t<div class=\"elementor-text-editor elementor-clearfix\">\n\t\t\t\t<p>La subsecretaria es Obyalin Morales Romero, profesional de Enfermer\u00eda, Especialista en Gerencia de la Salud P\u00fablica, comprometida en los diferentes \u00e1mbitos de su quehacer profesional, con capacidad para el trabajo en equipo, con m\u00e1s de 12 a\u00f1os de experiencia en el sector salud p\u00fablico y privado.<\/p><p>La Subsecretar\u00eda de Servicios de Salud se encarga de supervisar el cumplimiento de las obligaciones del Sistema de Seguridad Social en Salud; adem\u00e1s de gestionar el aseguramiento en el r\u00e9gimen subsidiado a la poblaci\u00f3n pobre y vulnerable. Es la dependencia que se encarga de los Sistemas de Emergencias M\u00e9dicas y Aseguramiento.\u00a0<\/p>\t\t\t\t\t<\/div>\n\t\t\t\t\t\t<\/div>\n\t\t\t\t<\/div>\n\t\t\t\t\t\t<\/div>\n\t\t\t\t\t<\/div>\n\t\t<\/div>\n\t\t\t\t<div class=\"elementor-column elementor-col-50 elementor-inner-column elementor-element elementor-element-873f1f2\" data-id=\"873f1f2\" data-element_type=\"column\">\n\t\t\t<div class=\"elementor-column-wrap elementor-element-populated\">\n\t\t\t\t\t\t\t<div class=\"elementor-widget-wrap\">\n\t\t\t\t\t\t<div class=\"elementor-element elementor-element-468d0bd elementor-widget elementor-widget-image\" data-id=\"468d0bd\" data-element_type=\"widget\" data-widget_type=\"image.default\">\n\t\t\t\t<div class=\"elementor-widget-container\">\n\t\t\t\t\t\t\t\t<div class=\"elementor-image\">\n\t\t\t\t\t\t\t\t\t\t\t\t<img width=\"800\" height=\"542\" src=\"https:\/\/www.medellin.gov.co\/es\/wp-content\/uploads\/2024\/02\/Obyalin-Morales-Romero-Servicios-Salud-1.jpg\" class=\"attachment-full size-full\" alt=\"\" loading=\"lazy\" srcset=\"https:\/\/www.medellin.gov.co\/es\/wp-content\/uploads\/2024\/02\/Obyalin-Morales-Romero-Servicios-Salud-1.jpg 800w, https:\/\/www.medellin.gov.co\/es\/wp-content\/uploads\/2024\/02\/Obyalin-Morales-Romero-Servicios-Salud-1-300x203.jpg 300w, https:\/\/www.medellin.gov.co\/es\/wp-content\/uploads\/2024\/02\/Obyalin-Morales-Romero-Servicios-Salud-1-150x102.jpg 150w, https:\/\/www.medellin.gov.co\/es\/wp-content\/uploads\/2024\/02\/Obyalin-Morales-Romero-Servicios-Salud-1-768x520.jpg 768w\" sizes=\"(max-width: 800px) 100vw, 800px\" \/>\t\t\t\t\t\t\t\t\t\t\t\t\t\t<\/div>\n\t\t\t\t\t\t<\/div>\n\t\t\t\t<\/div>\n\t\t\t\t\t\t<\/div>\n\t\t\t\t\t<\/div>\n\t\t<\/div>\n\t\t\t\t\t\t\t\t<\/div>\n\t\t\t\t\t<\/div>\n\t\t<\/section>\n\t\t\t\t<div class=\"elementor-element elementor-element-6d91595 elementor-widget elementor-widget-text-editor\" data-id=\"6d91595\" data-element_type=\"widget\" data-widget_type=\"text-editor.default\">\n\t\t\t\t<div class=\"elementor-widget-container\">\n\t\t\t\t\t\t\t\t<div class=\"elementor-text-editor elementor-clearfix\">\n\t\t\t\t<p>Sus funciones son:<\/p><ol><li>Inspeccionar, vigilar y supervisar el cumplimiento de las obligaciones de los diferentes actores del Sistema General en Seguridad Social en Salud.<\/li><li>Organizar y conformar redes integradas de servicios de salud.<\/li><li>Conformar y desarrollar el sistema de atenci\u00f3n de emergencias m\u00e9dicas seg\u00fan las competencias asignadas en la Ley.<\/li><li>Identificar la poblaci\u00f3n objeto de aseguramiento en salud para seleccionar a los beneficiarios del r\u00e9gimen subsidiado.<\/li><li>Gestionar el aseguramiento en el r\u00e9gimen subsidiado a la poblaci\u00f3n pobre y vulnerable.<\/li><li>Implementar acciones de seguimiento a las empresas administradoras de planes de beneficios, con \u00e9nfasis en el r\u00e9gimen subsidiado.<\/li><li>Garantizar el acceso al primer nivel de atenci\u00f3n a la poblaci\u00f3n pobre no asegurada.<\/li><li>Coordinar y supervisar el acceso a los servicios de salud.<\/li><\/ol>\t\t\t\t\t<\/div>\n\t\t\t\t\t\t<\/div>\n\t\t\t\t<\/div>\n\t\t\t\t<section class=\"elementor-section elementor-inner-section elementor-element elementor-element-ca2da03 elementor-section-boxed elementor-section-height-default elementor-section-height-default\" data-id=\"ca2da03\" data-element_type=\"section\">\n\t\t\t\t\t\t<div class=\"elementor-container elementor-column-gap-default\">\n\t\t\t\t\t\t\t<div class=\"elementor-row\">\n\t\t\t\t\t<div class=\"elementor-column elementor-col-50 elementor-inner-column elementor-element elementor-element-851c1c2\" data-id=\"851c1c2\" data-element_type=\"column\">\n\t\t\t<div class=\"elementor-column-wrap elementor-element-populated\">\n\t\t\t\t\t\t\t<div class=\"elementor-widget-wrap\">\n\t\t\t\t\t\t<div class=\"elementor-element elementor-element-7a3b532 elementor-widget elementor-widget-image\" data-id=\"7a3b532\" data-element_type=\"widget\" data-widget_type=\"image.default\">\n\t\t\t\t<div class=\"elementor-widget-container\">\n\t\t\t\t\t\t\t\t<div class=\"elementor-image\">\n\t\t\t\t\t\t\t\t\t\t\t\t<img width=\"1200\" height=\"681\" src=\"https:\/\/www.medellin.gov.co\/es\/wp-content\/uploads\/2021\/09\/servicios-de-salud-dental-de-la-secretaria-de-salud.jpg\" class=\"attachment-full size-full\" alt=\"Servicios de salud dental de la Secretar\u00eda de Salud\" loading=\"lazy\" srcset=\"https:\/\/www.medellin.gov.co\/es\/wp-content\/uploads\/2021\/09\/servicios-de-salud-dental-de-la-secretaria-de-salud.jpg 1200w, https:\/\/www.medellin.gov.co\/es\/wp-content\/uploads\/2021\/09\/servicios-de-salud-dental-de-la-secretaria-de-salud-300x170.jpg 300w, https:\/\/www.medellin.gov.co\/es\/wp-content\/uploads\/2021\/09\/servicios-de-salud-dental-de-la-secretaria-de-salud-1024x581.jpg 1024w, https:\/\/www.medellin.gov.co\/es\/wp-content\/uploads\/2021\/09\/servicios-de-salud-dental-de-la-secretaria-de-salud-150x85.jpg 150w, https:\/\/www.medellin.gov.co\/es\/wp-content\/uploads\/2021\/09\/servicios-de-salud-dental-de-la-secretaria-de-salud-768x436.jpg 768w\" sizes=\"(max-width: 1200px) 100vw, 1200px\" \/>\t\t\t\t\t\t\t\t\t\t\t\t\t\t<\/div>\n\t\t\t\t\t\t<\/div>\n\t\t\t\t<\/div>\n\t\t\t\t\t\t<\/div>\n\t\t\t\t\t<\/div>\n\t\t<\/div>\n\t\t\t\t<div class=\"elementor-column elementor-col-50 elementor-inner-column elementor-element elementor-element-7e5e994\" data-id=\"7e5e994\" data-element_type=\"column\">\n\t\t\t<div class=\"elementor-column-wrap elementor-element-populated\">\n\t\t\t\t\t\t\t<div class=\"elementor-widget-wrap\">\n\t\t\t\t\t\t<div class=\"elementor-element elementor-element-d10f855 elementor-widget elementor-widget-image\" data-id=\"d10f855\" data-element_type=\"widget\" data-widget_type=\"image.default\">\n\t\t\t\t<div class=\"elementor-widget-container\">\n\t\t\t\t\t\t\t\t<div class=\"elementor-image\">\n\t\t\t\t\t\t\t\t\t\t\t\t<img width=\"1024\" height=\"686\" src=\"https:\/\/www.medellin.gov.co\/es\/wp-content\/uploads\/2021\/09\/subcreteraia-de-gestion-de-la-secretaria-de-salud.jpg\" class=\"attachment-full size-full\" alt=\"Subsecretar\u00eda de Gesti\u00f3n de la Secretar\u00eda de Salud\" loading=\"lazy\" srcset=\"https:\/\/www.medellin.gov.co\/es\/wp-content\/uploads\/2021\/09\/subcreteraia-de-gestion-de-la-secretaria-de-salud.jpg 1024w, https:\/\/www.medellin.gov.co\/es\/wp-content\/uploads\/2021\/09\/subcreteraia-de-gestion-de-la-secretaria-de-salud-300x201.jpg 300w, https:\/\/www.medellin.gov.co\/es\/wp-content\/uploads\/2021\/09\/subcreteraia-de-gestion-de-la-secretaria-de-salud-150x100.jpg 150w, https:\/\/www.medellin.gov.co\/es\/wp-content\/uploads\/2021\/09\/subcreteraia-de-gestion-de-la-secretaria-de-salud-768x515.jpg 768w\" sizes=\"(max-width: 1024px) 100vw, 1024px\" \/>\t\t\t\t\t\t\t\t\t\t\t\t\t\t<\/div>\n\t\t\t\t\t\t<\/div>\n\t\t\t\t<\/div>\n\t\t\t\t\t\t<\/div>\n\t\t\t\t\t<\/div>\n\t\t<\/div>\n\t\t\t\t\t\t\t\t<\/div>\n\t\t\t\t\t<\/div>\n\t\t<\/section>\n\t\t\t\t<div class=\"elementor-element elementor-element-e9f6c74 elementor-widget elementor-widget-text-editor\" data-id=\"e9f6c74\" data-element_type=\"widget\" data-widget_type=\"text-editor.default\">\n\t\t\t\t<div class=\"elementor-widget-container\">\n\t\t\t\t\t\t\t\t<div class=\"elementor-text-editor elementor-clearfix\">\n\t\t\t\t<div>\u00a0<\/div><ol start=\"9\"><li>Coordinar, supervisar y controlar las acciones de salud p\u00fablica que realicen en su jurisdicci\u00f3n las Entidades Promotoras de Salud (EPS), las Administradoras de R\u00e9gimen Subsidiado (ARS), las entidades transformadas y adaptadas, y aquellas que hacen parte de los reg\u00edmenes especiales, as\u00ed como las Instituciones Prestadoras de Servicios de Salud (IPS) e instituciones relacionadas.<\/li><li>Promover el aseguramiento de toda la poblaci\u00f3n al Sistema General de Seguridad Social en Salud de acuerdo con lo establecido en el ordenamiento jur\u00eddico.<\/li><li>Definir, vigilar y supervisar la oferta de servicios de salud del Municipio, con el fin de garantizar su calidad y funcionamiento seg\u00fan las necesidades de la poblaci\u00f3n.<\/li><li>Promover, implementar y supervisar el Sistema Obligatorio de Garant\u00eda de la Calidad en Medell\u00edn de acuerdo a la competencia.<\/li><li>Coordinar y controlar la organizaci\u00f3n y operaci\u00f3n de los servicios de salud bajo la estrategia de la Atenci\u00f3n Primaria en Salud a nivel municipal.<\/li><li>Implementar y ejecutar las pol\u00edticas y directrices que orienten los procesos de apoyo.<\/li><li>Implementar y ejecutar las pol\u00edticas y directrices que establezca la Secretar\u00eda de Gesti\u00f3n Humana y Servicio a la Ciudadan\u00eda, en materia de gesti\u00f3n de tr\u00e1mites, procedimientos administrativos, peticiones, quejas, reclamos y sugerencias.<\/li><li>Implementar y ejecutar las pol\u00edticas y directrices que orienten el Plan de Ordenamiento Territorial en el \u00e1mbito de sus funciones.<\/li><li>Implementar, mantener y mejorar el Sistema Integral de Gesti\u00f3n para los procesos que dirige o participa, de acuerdo con las directrices definidas por la entidad.<\/li><\/ol>\t\t\t\t\t<\/div>\n\t\t\t\t\t\t<\/div>\n\t\t\t\t<\/div>\n\t\t\t\t<div class=\"elementor-element elementor-element-18c57e6 elementor-hidden-desktop elementor-hidden-tablet elementor-hidden-mobile elementor-widget elementor-widget-heading\" data-id=\"18c57e6\" data-element_type=\"widget\" data-widget_type=\"heading.default\">\n\t\t\t\t<div class=\"elementor-widget-container\">\n\t\t\t<h2 class=\"elementor-heading-title elementor-size-default\"><b>Subsecretaria de Gesti\u00f3n de Servicios de Salud<\/b> - Ruth Mena <\/h2>\t\t<\/div>\n\t\t\t\t<\/div>\n\t\t\t\t<section class=\"elementor-section elementor-inner-section elementor-element elementor-element-782ec1b elementor-reverse-tablet elementor-reverse-mobile elementor-section-boxed elementor-section-height-default elementor-section-height-default\" data-id=\"782ec1b\" data-element_type=\"section\">\n\t\t\t\t\t\t<div class=\"elementor-container elementor-column-gap-default\">\n\t\t\t\t\t\t\t<div class=\"elementor-row\">\n\t\t\t\t\t<div class=\"elementor-column elementor-col-50 elementor-inner-column elementor-element elementor-element-16f2803\" data-id=\"16f2803\" data-element_type=\"column\">\n\t\t\t<div class=\"elementor-column-wrap elementor-element-populated\">\n\t\t\t\t\t\t\t<div class=\"elementor-widget-wrap\">\n\t\t\t\t\t\t<div class=\"elementor-element elementor-element-6f39ce0 elementor-hidden-desktop elementor-hidden-tablet elementor-hidden-mobile elementor-widget elementor-widget-image\" data-id=\"6f39ce0\" data-element_type=\"widget\" data-widget_type=\"image.default\">\n\t\t\t\t<div class=\"elementor-widget-container\">\n\t\t\t\t\t\t\t\t<div class=\"elementor-image\">\n\t\t\t\t\t\t\t\t\t\t\t\t<img width=\"265\" height=\"311\" src=\"https:\/\/www.medellin.gov.co\/es\/wp-content\/uploads\/2021\/11\/ruth-mena-pino.jpg\" class=\"attachment-full size-full\" alt=\"Subsecretar\u00eda gesti\u00f3n de servicios de salud\" loading=\"lazy\" srcset=\"https:\/\/www.medellin.gov.co\/es\/wp-content\/uploads\/2021\/11\/ruth-mena-pino.jpg 265w, https:\/\/www.medellin.gov.co\/es\/wp-content\/uploads\/2021\/11\/ruth-mena-pino-256x300.jpg 256w, https:\/\/www.medellin.gov.co\/es\/wp-content\/uploads\/2021\/11\/ruth-mena-pino-128x150.jpg 128w\" sizes=\"(max-width: 265px) 100vw, 265px\" \/>\t\t\t\t\t\t\t\t\t\t\t\t\t\t<\/div>\n\t\t\t\t\t\t<\/div>\n\t\t\t\t<\/div>\n\t\t\t\t\t\t<\/div>\n\t\t\t\t\t<\/div>\n\t\t<\/div>\n\t\t\t\t<div class=\"elementor-column elementor-col-50 elementor-inner-column elementor-element elementor-element-9b0123c\" data-id=\"9b0123c\" data-element_type=\"column\">\n\t\t\t<div class=\"elementor-column-wrap elementor-element-populated\">\n\t\t\t\t\t\t\t<div class=\"elementor-widget-wrap\">\n\t\t\t\t\t\t<div class=\"elementor-element elementor-element-57012d2 elementor-hidden-desktop elementor-hidden-tablet elementor-hidden-mobile elementor-widget elementor-widget-text-editor\" data-id=\"57012d2\" data-element_type=\"widget\" data-widget_type=\"text-editor.default\">\n\t\t\t\t<div class=\"elementor-widget-container\">\n\t\t\t\t\t\t\t\t<div class=\"elementor-text-editor elementor-clearfix\">\n\t\t\t\t<p>Mag\u00edster en Sistemas Integrados en Gesti\u00f3n y Auditor\u00eda en Normas ISO 9001, 14001, SGE21 y est\u00e1ndar OHSAS 18001 de la Universidad de la Rioja, Espa\u00f1a. Especialista y profesional en Administraci\u00f3n de Servicios de Salud de la Universidad de Antioquia, con 17 a\u00f1os de experiencia en el sector p\u00fablico, coordinando administrativamente Instituciones de 1.er y 2do nivel de complejidad. Ha sido reconocida a nivel nacional, por entidades como Adida y designada como Alcaldesa Ad Doc.<\/p>\t\t\t\t\t<\/div>\n\t\t\t\t\t\t<\/div>\n\t\t\t\t<\/div>\n\t\t\t\t\t\t<\/div>\n\t\t\t\t\t<\/div>\n\t\t<\/div>\n\t\t\t\t\t\t\t\t<\/div>\n\t\t\t\t\t<\/div>\n\t\t<\/section>\n\t\t\t\t<div class=\"elementor-element elementor-element-856d716 elementor-widget elementor-widget-heading\" data-id=\"856d716\" data-element_type=\"widget\" data-widget_type=\"heading.default\">\n\t\t\t\t<div class=\"elementor-widget-container\">\n\t\t\t<h2 class=\"elementor-heading-title elementor-size-default\"><b>Sistema de Emergencias<\/b> M\u00e9dicas<\/h2>\t\t<\/div>\n\t\t\t\t<\/div>\n\t\t\t\t<section class=\"elementor-section elementor-inner-section elementor-element elementor-element-70b3871 elementor-section-boxed elementor-section-height-default elementor-section-height-default\" data-id=\"70b3871\" data-element_type=\"section\">\n\t\t\t\t\t\t<div class=\"elementor-container elementor-column-gap-default\">\n\t\t\t\t\t\t\t<div class=\"elementor-row\">\n\t\t\t\t\t<div class=\"elementor-column elementor-col-50 elementor-inner-column elementor-element elementor-element-e3e73dd\" data-id=\"e3e73dd\" data-element_type=\"column\">\n\t\t\t<div class=\"elementor-column-wrap elementor-element-populated\">\n\t\t\t\t\t\t\t<div class=\"elementor-widget-wrap\">\n\t\t\t\t\t\t<div class=\"elementor-element elementor-element-3e1db55 elementor-widget elementor-widget-text-editor\" data-id=\"3e1db55\" data-element_type=\"widget\" data-widget_type=\"text-editor.default\">\n\t\t\t\t<div class=\"elementor-widget-container\">\n\t\t\t\t\t\t\t\t<div class=\"elementor-text-editor elementor-clearfix\">\n\t\t\t\t<p>El Sistema de Emergencias M\u00e9dicas (SEM) es un modelo general integrado por los actores del Sistema de Salud, que est\u00e1 estructurado por unos \u00f3rganos de direccionamiento, de coordinaci\u00f3n no asistencial y operadores asistenciales, con el prop\u00f3sito de responder de manera oportuna y eficiente las 24 horas del d\u00eda y siete d\u00edas a la semana, a las v\u00edctimas de enfermedad, accidentes de tr\u00e1nsito, traumatismos o paros cardiorrespiratorios, maternas e infarto agudo de miocardio, que requieran atenci\u00f3n m\u00e9dica de urgencias urgente y que debe estar atendidos de forma inmediata.<\/p>\t\t\t\t\t<\/div>\n\t\t\t\t\t\t<\/div>\n\t\t\t\t<\/div>\n\t\t\t\t\t\t<\/div>\n\t\t\t\t\t<\/div>\n\t\t<\/div>\n\t\t\t\t<div class=\"elementor-column elementor-col-50 elementor-inner-column elementor-element elementor-element-c92c1c2\" data-id=\"c92c1c2\" data-element_type=\"column\">\n\t\t\t<div class=\"elementor-column-wrap elementor-element-populated\">\n\t\t\t\t\t\t\t<div class=\"elementor-widget-wrap\">\n\t\t\t\t\t\t<div class=\"elementor-element elementor-element-405edb6 elementor-widget elementor-widget-image\" data-id=\"405edb6\" data-element_type=\"widget\" data-widget_type=\"image.default\">\n\t\t\t\t<div class=\"elementor-widget-container\">\n\t\t\t\t\t\t\t\t<div class=\"elementor-image\">\n\t\t\t\t\t\t\t\t\t\t\t\t<img width=\"1200\" height=\"800\" src=\"https:\/\/www.medellin.gov.co\/es\/wp-content\/uploads\/2022\/09\/aph.jpg\" class=\"attachment-full size-full\" alt=\"APH\" loading=\"lazy\" srcset=\"https:\/\/www.medellin.gov.co\/es\/wp-content\/uploads\/2022\/09\/aph.jpg 1200w, https:\/\/www.medellin.gov.co\/es\/wp-content\/uploads\/2022\/09\/aph-300x200.jpg 300w, https:\/\/www.medellin.gov.co\/es\/wp-content\/uploads\/2022\/09\/aph-1024x683.jpg 1024w, https:\/\/www.medellin.gov.co\/es\/wp-content\/uploads\/2022\/09\/aph-150x100.jpg 150w, https:\/\/www.medellin.gov.co\/es\/wp-content\/uploads\/2022\/09\/aph-768x512.jpg 768w\" sizes=\"(max-width: 1200px) 100vw, 1200px\" \/>\t\t\t\t\t\t\t\t\t\t\t\t\t\t<\/div>\n\t\t\t\t\t\t<\/div>\n\t\t\t\t<\/div>\n\t\t\t\t\t\t<\/div>\n\t\t\t\t\t<\/div>\n\t\t<\/div>\n\t\t\t\t\t\t\t\t<\/div>\n\t\t\t\t\t<\/div>\n\t\t<\/section>\n\t\t\t\t<div class=\"elementor-element elementor-element-1d66527 elementor-widget elementor-widget-heading\" data-id=\"1d66527\" data-element_type=\"widget\" data-widget_type=\"heading.default\">\n\t\t\t\t<div class=\"elementor-widget-container\">\n\t\t\t<h2 class=\"elementor-heading-title elementor-size-default\"><b>Aseguramiento<\/b><\/h2>\t\t<\/div>\n\t\t\t\t<\/div>\n\t\t\t\t<section class=\"elementor-section elementor-inner-section elementor-element elementor-element-51e9254 elementor-reverse-tablet elementor-reverse-mobile elementor-section-boxed elementor-section-height-default elementor-section-height-default\" data-id=\"51e9254\" data-element_type=\"section\">\n\t\t\t\t\t\t<div class=\"elementor-container elementor-column-gap-default\">\n\t\t\t\t\t\t\t<div class=\"elementor-row\">\n\t\t\t\t\t<div class=\"elementor-column elementor-col-50 elementor-inner-column elementor-element elementor-element-255795e\" data-id=\"255795e\" data-element_type=\"column\">\n\t\t\t<div class=\"elementor-column-wrap elementor-element-populated\">\n\t\t\t\t\t\t\t<div class=\"elementor-widget-wrap\">\n\t\t\t\t\t\t<div class=\"elementor-element elementor-element-d724a14 elementor-widget elementor-widget-image\" data-id=\"d724a14\" data-element_type=\"widget\" data-widget_type=\"image.default\">\n\t\t\t\t<div class=\"elementor-widget-container\">\n\t\t\t\t\t\t\t\t<div class=\"elementor-image\">\n\t\t\t\t\t\t\t\t\t\t\t\t<img width=\"1207\" height=\"858\" src=\"https:\/\/www.medellin.gov.co\/es\/wp-content\/uploads\/2022\/09\/aseguramiento.jpg\" class=\"attachment-full size-full\" alt=\"Aseguramiento\" loading=\"lazy\" srcset=\"https:\/\/www.medellin.gov.co\/es\/wp-content\/uploads\/2022\/09\/aseguramiento.jpg 1207w, https:\/\/www.medellin.gov.co\/es\/wp-content\/uploads\/2022\/09\/aseguramiento-300x213.jpg 300w, https:\/\/www.medellin.gov.co\/es\/wp-content\/uploads\/2022\/09\/aseguramiento-1024x728.jpg 1024w, https:\/\/www.medellin.gov.co\/es\/wp-content\/uploads\/2022\/09\/aseguramiento-150x107.jpg 150w, https:\/\/www.medellin.gov.co\/es\/wp-content\/uploads\/2022\/09\/aseguramiento-768x546.jpg 768w\" sizes=\"(max-width: 1207px) 100vw, 1207px\" \/>\t\t\t\t\t\t\t\t\t\t\t\t\t\t<\/div>\n\t\t\t\t\t\t<\/div>\n\t\t\t\t<\/div>\n\t\t\t\t\t\t<\/div>\n\t\t\t\t\t<\/div>\n\t\t<\/div>\n\t\t\t\t<div class=\"elementor-column elementor-col-50 elementor-inner-column elementor-element elementor-element-f2aeae0\" data-id=\"f2aeae0\" data-element_type=\"column\">\n\t\t\t<div class=\"elementor-column-wrap elementor-element-populated\">\n\t\t\t\t\t\t\t<div class=\"elementor-widget-wrap\">\n\t\t\t\t\t\t<div class=\"elementor-element elementor-element-ddd40de elementor-widget elementor-widget-text-editor\" data-id=\"ddd40de\" data-element_type=\"widget\" data-widget_type=\"text-editor.default\">\n\t\t\t\t<div class=\"elementor-widget-container\">\n\t\t\t\t\t\t\t\t<div class=\"elementor-text-editor elementor-clearfix\">\n\t\t\t\t<p>El aseguramiento en salud es una pol\u00edtica p\u00fablica nacional con la que se busca garantizar que todas las personas accedan a los servicios de salud que requieran. Para ello se decret\u00f3 un plan de beneficios administrado por las EPS, al que las personas tienen derecho, una vez se afilian a \u00e9stas. La SSM promueve la afiliaci\u00f3n y cofinancia del r\u00e9gimen subsidiado dirigido a quienes no tienen capacidad suficiente para costear su afiliaci\u00f3n al r\u00e9gimen contributivo.<\/p>\t\t\t\t\t<\/div>\n\t\t\t\t\t\t<\/div>\n\t\t\t\t<\/div>\n\t\t\t\t<div class=\"elementor-element elementor-element-3773604 elementor-mobile-align-left elementor-widget elementor-widget-button\" data-id=\"3773604\" data-element_type=\"widget\" data-widget_type=\"button.default\">\n\t\t\t\t<div class=\"elementor-widget-container\">\n\t\t\t\t\t<div class=\"elementor-button-wrapper\">\n\t\t\t<a href=\"https:\/\/www.medellin.gov.co\/es\/wp-content\/uploads\/2024\/12\/Cartilla-Seguridad-Social-para-Todos-1.pdf\" target=\"_blank\" class=\"elementor-button-link elementor-button elementor-size-sm\" role=\"button\">\n\t\t\t\t\t\t<span class=\"elementor-button-content-wrapper\">\n\t\t\t\t\t\t<span class=\"elementor-button-text\">Conoce la Gu\u00eda Pr\u00e1ctica sobre el Sistema General de Seguridad Social<\/span>\n\t\t<\/span>\n\t\t\t\t\t<\/a>\n\t\t<\/div>\n\t\t\t\t<\/div>\n\t\t\t\t<\/div>\n\t\t\t\t\t\t<\/div>\n\t\t\t\t\t<\/div>\n\t\t<\/div>\n\t\t\t\t\t\t\t\t<\/div>\n\t\t\t\t\t<\/div>\n\t\t<\/section>\n\t\t\t\t<div class=\"elementor-element elementor-element-bcf53c1 elementor-tablet-align-left elementor-mobile-align-center elementor-widget elementor-widget-button\" data-id=\"bcf53c1\" data-element_type=\"widget\" data-widget_type=\"button.default\">\n\t\t\t\t<div class=\"elementor-widget-container\">\n\t\t\t\t\t<div class=\"elementor-button-wrapper\">\n\t\t\t<a href=\"https:\/\/www.medellin.gov.co\/es\/secretaria-de-salud\/subsecretaria-de-servicios-de-salud\/seguridad-social-en-salud\/\" class=\"elementor-button-link elementor-button elementor-size-sm\" role=\"button\">\n\t\t\t\t\t\t<span class=\"elementor-button-content-wrapper\">\n\t\t\t\t\t\t<span class=\"elementor-button-text\">Conoce el Sistema General de Seguridad Social<\/span>\n\t\t<\/span>\n\t\t\t\t\t<\/a>\n\t\t<\/div>\n\t\t\t\t<\/div>\n\t\t\t\t<\/div>\n\t\t\t\t<div class=\"elementor-element elementor-element-e534526 elementor-tablet-align-left elementor-mobile-align-center elementor-widget elementor-widget-button\" data-id=\"e534526\" data-element_type=\"widget\" data-widget_type=\"button.default\">\n\t\t\t\t<div class=\"elementor-widget-container\">\n\t\t\t\t\t<div class=\"elementor-button-wrapper\">\n\t\t\t<a href=\"https:\/\/www.medellin.gov.co\/es\/secretaria-de-salud\/subsecretaria-de-servicios-de-salud\/eres-una-persona-migrante\/\" class=\"elementor-button-link elementor-button elementor-size-sm\" role=\"button\">\n\t\t\t\t\t\t<span class=\"elementor-button-content-wrapper\">\n\t\t\t\t\t\t<span class=\"elementor-button-text\">Puntos de atenci\u00f3n<\/span>\n\t\t<\/span>\n\t\t\t\t\t<\/a>\n\t\t<\/div>\n\t\t\t\t<\/div>\n\t\t\t\t<\/div>\n\t\t\t\t\t\t<\/div>\n\t\t\t\t\t<\/div>\n\t\t<\/div>\n\t\t\t\t\t\t\t\t<\/div>\n\t\t\t\t\t<\/div>\n\t\t<\/section>\n\t\t\t\t\t\t\t\t\t<\/div>\n\t\t\t<\/div>\n\t\t\t\t\t<\/div>\n\t\t","protected":false},"excerpt":{"rendered":"<p>Subsecretar\u00eda de Gesti\u00f3n de Servicios de Salud La subsecretaria es Obyalin Morales Romero, profesional de Enfermer\u00eda, Especialista en Gerencia de la Salud P\u00fablica, comprometida en los diferentes \u00e1mbitos de su quehacer profesional, con capacidad para &#8230;<\/p>\n","protected":false},"author":1,"featured_media":17425,"parent":17118,"menu_order":15,"comment_status":"closed","ping_status":"closed","template":"sec-salud\/elementor.php","meta":[],"acf":[],"_links":{"self":[{"href":"https:\/\/www.medellin.gov.co\/es\/wp-json\/wp\/v2\/pages\/17245"}],"collection":[{"href":"https:\/\/www.medellin.gov.co\/es\/wp-json\/wp\/v2\/pages"}],"about":[{"href":"https:\/\/www.medellin.gov.co\/es\/wp-json\/wp\/v2\/types\/page"}],"author":[{"embeddable":true,"href":"https:\/\/www.medellin.gov.co\/es\/wp-json\/wp\/v2\/users\/1"}],"replies":[{"embeddable":true,"href":"https:\/\/www.medellin.gov.co\/es\/wp-json\/wp\/v2\/comments?post=17245"}],"version-history":[{"count":11,"href":"https:\/\/www.medellin.gov.co\/es\/wp-json\/wp\/v2\/pages\/17245\/revisions"}],"predecessor-version":[{"id":378751,"href":"https:\/\/www.medellin.gov.co\/es\/wp-json\/wp\/v2\/pages\/17245\/revisions\/378751"}],"up":[{"embeddable":true,"href":"https:\/\/www.medellin.gov.co\/es\/wp-json\/wp\/v2\/pages\/17118"}],"wp:featuredmedia":[{"embeddable":true,"href":"https:\/\/www.medellin.gov.co\/es\/wp-json\/wp\/v2\/media\/17425"}],"wp:attachment":[{"href":"https:\/\/www.medellin.gov.co\/es\/wp-json\/wp\/v2\/media?parent=17245"}],"curies":[{"name":"wp","href":"https:\/\/api.w.org\/{rel}","templated":true}]}}