{"id":17604,"date":"2021-09-24T14:16:02","date_gmt":"2021-09-24T19:16:02","guid":{"rendered":"https:\/\/www.medellin.gov.co\/es\/?page_id=17604"},"modified":"2025-11-04T11:42:05","modified_gmt":"2025-11-04T16:42:05","slug":"estrategias-del-sistema-de-seguridad-social","status":"publish","type":"page","link":"https:\/\/www.medellin.gov.co\/es\/secretaria-de-salud\/subsecretaria-de-servicios-de-salud\/seguridad-social-en-salud\/estrategias-del-sistema-de-seguridad-social\/","title":{"rendered":"Estrategias del Sistema General de Seguridad Social en Salud"},"content":{"rendered":"\t\t<div data-elementor-type=\"wp-page\" data-elementor-id=\"17604\" class=\"elementor elementor-17604\">\n\t\t\t\t\t\t<div class=\"elementor-inner\">\n\t\t\t\t<div class=\"elementor-section-wrap\">\n\t\t\t\t\t\t\t\t\t<section class=\"elementor-section elementor-top-section elementor-element elementor-element-6ea27d3f elementor-section-boxed elementor-section-height-default elementor-section-height-default\" data-id=\"6ea27d3f\" data-element_type=\"section\">\n\t\t\t\t\t\t<div class=\"elementor-container elementor-column-gap-default\">\n\t\t\t\t\t\t\t<div class=\"elementor-row\">\n\t\t\t\t\t<div class=\"elementor-column elementor-col-100 elementor-top-column elementor-element elementor-element-1996c078\" data-id=\"1996c078\" data-element_type=\"column\">\n\t\t\t<div class=\"elementor-column-wrap elementor-element-populated\">\n\t\t\t\t\t\t\t<div class=\"elementor-widget-wrap\">\n\t\t\t\t\t\t<div class=\"elementor-element elementor-element-67a91ed4 elementor-widget elementor-widget-heading\" data-id=\"67a91ed4\" data-element_type=\"widget\" data-widget_type=\"heading.default\">\n\t\t\t\t<div class=\"elementor-widget-container\">\n\t\t\t<h1 class=\"elementor-heading-title elementor-size-default\">Estrategias del Sistema General de Seguridad Social en Salud<\/h1>\t\t<\/div>\n\t\t\t\t<\/div>\n\t\t\t\t\t\t<\/div>\n\t\t\t\t\t<\/div>\n\t\t<\/div>\n\t\t\t\t\t\t\t\t<\/div>\n\t\t\t\t\t<\/div>\n\t\t<\/section>\n\t\t<div class=\"elementor-element elementor-element-74cf8cc e-container--row e-container\" data-id=\"74cf8cc\" data-element_type=\"container\">\t\t<div class=\"elementor-element elementor-element-bd54763 e-container--column e-container\" data-id=\"bd54763\" data-element_type=\"container\">\t\t\t\t<div class=\"elementor-element elementor-element-4abe2c9 elementor-widget elementor-widget-text-editor\" data-id=\"4abe2c9\" data-element_type=\"widget\" data-widget_type=\"text-editor.default\">\n\t\t\t\t<div class=\"elementor-widget-container\">\n\t\t\t\t\t\t\t\t<div class=\"elementor-text-editor elementor-clearfix\">\n\t\t\t\t<p>El Distrito de Medell\u00edn aplica lo establecido en el Decreto 780 de 2016 en torno a la gesti\u00f3n de la afiliaci\u00f3n oficiosa en el R\u00e9gimen Subsidiado, como estrategia para promocionar la afiliaci\u00f3n al SGSSS, inform\u00e1ndole al ciudadano a trav\u00e9s de los canales institucionales, que cumple los requisitos para pertenecer al R\u00e9gimen Subsidiado con el siguiente mensaje.<\/p>\t\t\t\t\t<\/div>\n\t\t\t\t\t\t<\/div>\n\t\t\t\t<\/div>\n\t\t<\/div><div class=\"elementor-element elementor-element-544fef4 e-container--column e-container\" data-id=\"544fef4\" data-element_type=\"container\">\t\t\t\t<div class=\"elementor-element elementor-element-2946ce4 elementor-widget elementor-widget-image\" data-id=\"2946ce4\" data-element_type=\"widget\" data-widget_type=\"image.default\">\n\t\t\t\t<div class=\"elementor-widget-container\">\n\t\t\t\t\t\t\t\t<div class=\"elementor-image\">\n\t\t\t\t\t\t\t\t\t\t\t\t<img width=\"1024\" height=\"768\" src=\"https:\/\/www.medellin.gov.co\/es\/wp-content\/uploads\/2025\/11\/Salud-Foto-3-1024x768.jpg\" class=\"attachment-large size-large\" alt=\"Salud Foto 3\" loading=\"lazy\" srcset=\"https:\/\/www.medellin.gov.co\/es\/wp-content\/uploads\/2025\/11\/Salud-Foto-3-1024x768.jpg 1024w, https:\/\/www.medellin.gov.co\/es\/wp-content\/uploads\/2025\/11\/Salud-Foto-3-300x225.jpg 300w, https:\/\/www.medellin.gov.co\/es\/wp-content\/uploads\/2025\/11\/Salud-Foto-3-150x113.jpg 150w, https:\/\/www.medellin.gov.co\/es\/wp-content\/uploads\/2025\/11\/Salud-Foto-3-768x576.jpg 768w, https:\/\/www.medellin.gov.co\/es\/wp-content\/uploads\/2025\/11\/Salud-Foto-3.jpg 1280w\" sizes=\"(max-width: 1024px) 100vw, 1024px\" \/>\t\t\t\t\t\t\t\t\t\t\t\t\t\t<\/div>\n\t\t\t\t\t\t<\/div>\n\t\t\t\t<\/div>\n\t\t<\/div><\/div>\t\t<section class=\"elementor-section elementor-top-section elementor-element elementor-element-d97782b elementor-section-boxed elementor-section-height-default elementor-section-height-default\" data-id=\"d97782b\" data-element_type=\"section\">\n\t\t\t\t\t\t<div class=\"elementor-container elementor-column-gap-default\">\n\t\t\t\t\t\t\t<div class=\"elementor-row\">\n\t\t\t\t\t<div class=\"elementor-column elementor-col-100 elementor-top-column elementor-element elementor-element-14aff379\" data-id=\"14aff379\" data-element_type=\"column\">\n\t\t\t<div class=\"elementor-column-wrap elementor-element-populated\">\n\t\t\t\t\t\t\t<div class=\"elementor-widget-wrap\">\n\t\t\t\t\t\t<div class=\"elementor-element elementor-element-24ecfb53 elementor-blockquote--skin-boxed elementor-blockquote--align-center elementor-blockquote--button-color-official elementor-widget elementor-widget-blockquote\" data-id=\"24ecfb53\" data-element_type=\"widget\" data-widget_type=\"blockquote.default\">\n\t\t\t\t<div class=\"elementor-widget-container\">\n\t\t\t\t\t<blockquote class=\"elementor-blockquote\">\n\t\t\t<p class=\"elementor-blockquote__content\">\n\t\t\t\tNos permitimos informarle que acorde a la clasificaci\u00f3n obtenida en la encuesta del\nSisb\u00e9n IV, Usted y su grupo familiar tienen derecho a afiliarse a una EPS del R\u00e9gimen\nSubsidiado, con lo cual podr\u00e1n acceder a los servicios de salud incluidos en el Plan de\nBeneficios.\n\nPara tramitar su afiliaci\u00f3n y la de su grupo familiar solo requiere acercarse\na la EPS con sus documentos de identidad dentro de los diez (10) d\u00edas\nsiguientes al recibo del presente oficio, recuerde que el tr\u00e1mite es gratuito.\n\nSi transcurrido el t\u00e9rmino otorgado, usted y\/o su grupo familiar no se han\nafiliado, se entender\u00e1, con tal omisi\u00f3n, que se han rehusado a la\nafiliaci\u00f3n; en consecuencia, ser\u00e1 la Secretar\u00eda de Salud de Medell\u00edn la que\nproceder\u00e1 a su inscripci\u00f3n en SAVIA SALUD EPS\/COOSALUD\t\t\t<\/p>\n\t\t\t\t\t<\/blockquote>\n\t\t\t\t<\/div>\n\t\t\t\t<\/div>\n\t\t\t\t<div class=\"elementor-element elementor-element-70e074e1 elementor-view-default elementor-widget elementor-widget-icon\" data-id=\"70e074e1\" data-element_type=\"widget\" data-widget_type=\"icon.default\">\n\t\t\t\t<div class=\"elementor-widget-container\">\n\t\t\t\t\t<div class=\"elementor-icon-wrapper\">\n\t\t\t<div class=\"elementor-icon\">\n\t\t\t<i aria-hidden=\"true\" class=\"fas fa-quote-right\"><\/i>\t\t\t<\/div>\n\t\t<\/div>\n\t\t\t\t<\/div>\n\t\t\t\t<\/div>\n\t\t\t\t\t\t<\/div>\n\t\t\t\t\t<\/div>\n\t\t<\/div>\n\t\t\t\t\t\t\t\t<\/div>\n\t\t\t\t\t<\/div>\n\t\t<\/section>\n\t\t\t\t<section class=\"elementor-section elementor-top-section elementor-element elementor-element-636bd094 elementor-section-boxed elementor-section-height-default elementor-section-height-default\" data-id=\"636bd094\" data-element_type=\"section\">\n\t\t\t\t\t\t<div class=\"elementor-container elementor-column-gap-default\">\n\t\t\t\t\t\t\t<div class=\"elementor-row\">\n\t\t\t\t\t<div class=\"elementor-column elementor-col-100 elementor-top-column elementor-element elementor-element-789ec8ae\" data-id=\"789ec8ae\" data-element_type=\"column\">\n\t\t\t<div class=\"elementor-column-wrap elementor-element-populated\">\n\t\t\t\t\t\t\t<div class=\"elementor-widget-wrap\">\n\t\t\t\t\t\t<div class=\"elementor-element elementor-element-7575f76 elementor-widget elementor-widget-heading\" data-id=\"7575f76\" data-element_type=\"widget\" data-widget_type=\"heading.default\">\n\t\t\t\t<div class=\"elementor-widget-container\">\n\t\t\t<h2 class=\"elementor-heading-title elementor-size-default\"><b>Traslado<\/b> de la EPS<\/h2>\t\t<\/div>\n\t\t\t\t<\/div>\n\t\t\t\t<div class=\"elementor-element elementor-element-afc1620 elementor-widget elementor-widget-image\" data-id=\"afc1620\" data-element_type=\"widget\" data-widget_type=\"image.default\">\n\t\t\t\t<div class=\"elementor-widget-container\">\n\t\t\t\t\t\t\t\t<div class=\"elementor-image\">\n\t\t\t\t\t\t\t\t\t\t\t\t<img width=\"1200\" height=\"800\" src=\"https:\/\/www.medellin.gov.co\/es\/wp-content\/uploads\/2021\/09\/afiliacion-al-sistema-de-seguridad-social-en-salud.jpg\" class=\"attachment-full size-full\" alt=\"Afiliaci\u00f3n al Sistema de Seguridad Social en Salud\" loading=\"lazy\" srcset=\"https:\/\/www.medellin.gov.co\/es\/wp-content\/uploads\/2021\/09\/afiliacion-al-sistema-de-seguridad-social-en-salud.jpg 1200w, https:\/\/www.medellin.gov.co\/es\/wp-content\/uploads\/2021\/09\/afiliacion-al-sistema-de-seguridad-social-en-salud-300x200.jpg 300w, https:\/\/www.medellin.gov.co\/es\/wp-content\/uploads\/2021\/09\/afiliacion-al-sistema-de-seguridad-social-en-salud-1024x683.jpg 1024w, https:\/\/www.medellin.gov.co\/es\/wp-content\/uploads\/2021\/09\/afiliacion-al-sistema-de-seguridad-social-en-salud-150x100.jpg 150w, https:\/\/www.medellin.gov.co\/es\/wp-content\/uploads\/2021\/09\/afiliacion-al-sistema-de-seguridad-social-en-salud-768x512.jpg 768w\" sizes=\"(max-width: 1200px) 100vw, 1200px\" \/>\t\t\t\t\t\t\t\t\t\t\t\t\t\t<\/div>\n\t\t\t\t\t\t<\/div>\n\t\t\t\t<\/div>\n\t\t\t\t<div class=\"elementor-element elementor-element-0488313 elementor-widget elementor-widget-text-editor\" data-id=\"0488313\" data-element_type=\"widget\" data-widget_type=\"text-editor.default\">\n\t\t\t\t<div class=\"elementor-widget-container\">\n\t\t\t\t\t\t\t\t<div class=\"elementor-text-editor elementor-clearfix\">\n\t\t\t\t<p>Cabe aclarar que el afiliado podr\u00e1, en ejercicio del derecho a la libre escogencia, trasladarse a la EPS de su elecci\u00f3n dentro de los dos meses siguientes a la fecha de afiliaci\u00f3n.<\/p>\t\t\t\t\t<\/div>\n\t\t\t\t\t\t<\/div>\n\t\t\t\t<\/div>\n\t\t\t\t<div class=\"elementor-element elementor-element-54cbc50 elementor-widget elementor-widget-heading\" data-id=\"54cbc50\" data-element_type=\"widget\" data-widget_type=\"heading.default\">\n\t\t\t\t<div class=\"elementor-widget-container\">\n\t\t\t<h3 class=\"elementor-heading-title elementor-size-default\">Personas consideradas como poblaci\u00f3n especial<\/h3>\t\t<\/div>\n\t\t\t\t<\/div>\n\t\t\t\t<div class=\"elementor-element elementor-element-a0b752b elementor-widget elementor-widget-text-editor\" data-id=\"a0b752b\" data-element_type=\"widget\" data-widget_type=\"text-editor.default\">\n\t\t\t\t<div class=\"elementor-widget-container\">\n\t\t\t\t\t\t\t\t<div class=\"elementor-text-editor elementor-clearfix\">\n\t\t\t\t<p>Basado en la Resoluci\u00f3n 405 del 26 de marzo de 2021, hasta tanto se expida el acto administrativo por parte del Ministerio de Salud y Protecci\u00f3n Social que establezca los puntos de corte producto de la aplicaci\u00f3n del Sisb\u00e9n metodolog\u00eda 4, las personas clasificadas entre los grupos A01 a C18 de la encuesta del Sisb\u00e9n versi\u00f3n 4 y las personas consideradas como poblaci\u00f3n especial, podr\u00e1n afiliarse al R\u00e9gimen Subsidiado de salud y aplicar la movilidad descendente.<\/p>\t\t\t\t\t<\/div>\n\t\t\t\t\t\t<\/div>\n\t\t\t\t<\/div>\n\t\t\t\t<div class=\"elementor-element elementor-element-cc98c70 elementor-widget elementor-widget-text-editor\" data-id=\"cc98c70\" data-element_type=\"widget\" data-widget_type=\"text-editor.default\">\n\t\t\t\t<div class=\"elementor-widget-container\">\n\t\t\t\t\t\t\t\t<div class=\"elementor-text-editor elementor-clearfix\">\n\t\t\t\t<ul><li>Personas v\u00edctimas del conflicto armado<\/li><li>Poblaci\u00f3n infantil a cargo del ICBF<\/li><li>Personas del programa de protecci\u00f3n a testigos<\/li><li>Habitantes de calle<\/li><\/ul>\t\t\t\t\t<\/div>\n\t\t\t\t\t\t<\/div>\n\t\t\t\t<\/div>\n\t\t\t\t<div class=\"elementor-element elementor-element-26c3f8f elementor-mobile-align-left elementor-widget elementor-widget-button\" data-id=\"26c3f8f\" data-element_type=\"widget\" data-widget_type=\"button.default\">\n\t\t\t\t<div class=\"elementor-widget-container\">\n\t\t\t\t\t<div class=\"elementor-button-wrapper\">\n\t\t\t<a href=\"https:\/\/reportes.sisben.gov.co\/dnp_sisbenconsulta\" target=\"_blank\" class=\"elementor-button-link elementor-button elementor-size-sm\" role=\"button\">\n\t\t\t\t\t\t<span class=\"elementor-button-content-wrapper\">\n\t\t\t\t\t\t<span class=\"elementor-button-text\">\u00bfNo sabes a qu\u00e9 grupo perteneces? Cons\u00faltalo aqu\u00ed<\/span>\n\t\t<\/span>\n\t\t\t\t\t<\/a>\n\t\t<\/div>\n\t\t\t\t<\/div>\n\t\t\t\t<\/div>\n\t\t\t\t\t\t<\/div>\n\t\t\t\t\t<\/div>\n\t\t<\/div>\n\t\t\t\t\t\t\t\t<\/div>\n\t\t\t\t\t<\/div>\n\t\t<\/section>\n\t\t\t\t\t\t\t\t\t<\/div>\n\t\t\t<\/div>\n\t\t\t\t\t<\/div>\n\t\t","protected":false},"excerpt":{"rendered":"<p>Estrategias del Sistema General de Seguridad Social en Salud El Distrito de Medell\u00edn aplica lo establecido en el Decreto 780 de 2016 en torno a la gesti\u00f3n de la afiliaci\u00f3n oficiosa en el R\u00e9gimen Subsidiado, &#8230;<\/p>\n","protected":false},"author":1,"featured_media":17425,"parent":17602,"menu_order":5,"comment_status":"closed","ping_status":"closed","template":"sec-salud\/elementor.php","meta":[],"acf":[],"_links":{"self":[{"href":"https:\/\/www.medellin.gov.co\/es\/wp-json\/wp\/v2\/pages\/17604"}],"collection":[{"href":"https:\/\/www.medellin.gov.co\/es\/wp-json\/wp\/v2\/pages"}],"about":[{"href":"https:\/\/www.medellin.gov.co\/es\/wp-json\/wp\/v2\/types\/page"}],"author":[{"embeddable":true,"href":"https:\/\/www.medellin.gov.co\/es\/wp-json\/wp\/v2\/users\/1"}],"replies":[{"embeddable":true,"href":"https:\/\/www.medellin.gov.co\/es\/wp-json\/wp\/v2\/comments?post=17604"}],"version-history":[{"count":10,"href":"https:\/\/www.medellin.gov.co\/es\/wp-json\/wp\/v2\/pages\/17604\/revisions"}],"predecessor-version":[{"id":471529,"href":"https:\/\/www.medellin.gov.co\/es\/wp-json\/wp\/v2\/pages\/17604\/revisions\/471529"}],"up":[{"embeddable":true,"href":"https:\/\/www.medellin.gov.co\/es\/wp-json\/wp\/v2\/pages\/17602"}],"wp:featuredmedia":[{"embeddable":true,"href":"https:\/\/www.medellin.gov.co\/es\/wp-json\/wp\/v2\/media\/17425"}],"wp:attachment":[{"href":"https:\/\/www.medellin.gov.co\/es\/wp-json\/wp\/v2\/media?parent=17604"}],"curies":[{"name":"wp","href":"https:\/\/api.w.org\/{rel}","templated":true}]}}