{"id":17609,"date":"2021-09-24T14:16:58","date_gmt":"2021-09-24T19:16:58","guid":{"rendered":"https:\/\/www.medellin.gov.co\/es\/?page_id=17609"},"modified":"2025-10-10T11:29:13","modified_gmt":"2025-10-10T16:29:13","slug":"derechos-y-deberes-dentro-del-sgss","status":"publish","type":"page","link":"https:\/\/www.medellin.gov.co\/es\/secretaria-de-salud\/subsecretaria-de-servicios-de-salud\/seguridad-social-en-salud\/derechos-y-deberes-dentro-del-sgss\/","title":{"rendered":"Derechos y deberes del ciudadano en el Sistema de Seguridad Social en Salud"},"content":{"rendered":"\t\t<div data-elementor-type=\"wp-page\" data-elementor-id=\"17609\" class=\"elementor elementor-17609\">\n\t\t\t\t\t\t<div class=\"elementor-inner\">\n\t\t\t\t<div class=\"elementor-section-wrap\">\n\t\t\t\t\t\t\t\t\t<section class=\"elementor-section elementor-top-section elementor-element elementor-element-54e9fd7f elementor-section-boxed elementor-section-height-default elementor-section-height-default\" data-id=\"54e9fd7f\" data-element_type=\"section\">\n\t\t\t\t\t\t<div class=\"elementor-container elementor-column-gap-default\">\n\t\t\t\t\t\t\t<div class=\"elementor-row\">\n\t\t\t\t\t<div class=\"elementor-column elementor-col-100 elementor-top-column elementor-element elementor-element-61b42680\" data-id=\"61b42680\" data-element_type=\"column\">\n\t\t\t<div class=\"elementor-column-wrap elementor-element-populated\">\n\t\t\t\t\t\t\t<div class=\"elementor-widget-wrap\">\n\t\t\t\t\t\t<div class=\"elementor-element elementor-element-b0fbcb8 elementor-widget elementor-widget-timed-popup\" data-id=\"b0fbcb8\" data-element_type=\"widget\" data-widget_type=\"timed-popup.default\">\n\t\t\t\t<div class=\"elementor-widget-container\">\n\t\t\t        <script>\n            var timedPopupTimeToReopen = 120;\n            var timedPopupTimeBeforeClose = 59;\n                    <\/script>\n        <div class=\"timed-popup d-none\">\n            <div class='divContPopup divPopupAnimate'>\n                <div class='divPopup'>\n                    <p><div class=\"iframe-container\"><iframe title=\"YouTube video player\" src=\"https:\/\/www.youtube.com\/embed\/oOZ2KfQxeMw?si=qzb_-GG1kMEpBzfS\" width=\"100%\" height=\"350\" frameborder=\"0\" allowfullscreen=\"allowfullscreen\"><\/iframe><\/div><\/p>                    <div class='divCerrarPopup d-none'>X<\/div>\n                <\/div>\n            <\/div>\n        <\/div>\n        \t\t<\/div>\n\t\t\t\t<\/div>\n\t\t\t\t<div class=\"elementor-element elementor-element-3e39e3ed elementor-widget elementor-widget-heading\" data-id=\"3e39e3ed\" data-element_type=\"widget\" data-widget_type=\"heading.default\">\n\t\t\t\t<div class=\"elementor-widget-container\">\n\t\t\t<h1 class=\"elementor-heading-title elementor-size-default\">Derechos y deberes del ciudadano en el Sistema de Seguridad Social en Salud<\/h1>\t\t<\/div>\n\t\t\t\t<\/div>\n\t\t\t\t<div class=\"elementor-element elementor-element-b6fe0b5 elementor-widget elementor-widget-text-editor\" data-id=\"b6fe0b5\" data-element_type=\"widget\" data-widget_type=\"text-editor.default\">\n\t\t\t\t<div class=\"elementor-widget-container\">\n\t\t\t\t\t\t\t\t<div class=\"elementor-text-editor elementor-clearfix\">\n\t\t\t\t<p>Dentro del Sistema de Seguridad Social en Salud cada ciudadano cuenta con derechos y deberes, con\u00f3celos.<\/p>\t\t\t\t\t<\/div>\n\t\t\t\t\t\t<\/div>\n\t\t\t\t<\/div>\n\t\t\t\t<div class=\"elementor-element elementor-element-5aeb55f elementor-widget elementor-widget-image\" data-id=\"5aeb55f\" data-element_type=\"widget\" data-widget_type=\"image.default\">\n\t\t\t\t<div class=\"elementor-widget-container\">\n\t\t\t\t\t\t\t\t<div class=\"elementor-image\">\n\t\t\t\t\t\t\t\t\t\t\t\t<img width=\"1024\" height=\"683\" src=\"https:\/\/www.medellin.gov.co\/es\/wp-content\/uploads\/2021\/09\/acuerdos-en-el-sistema-de-seguridad-social-en-salud.jpg\" class=\"attachment-full size-full\" alt=\"Acuerdos en el Sistema de Seguridad Social en Salud\" loading=\"lazy\" srcset=\"https:\/\/www.medellin.gov.co\/es\/wp-content\/uploads\/2021\/09\/acuerdos-en-el-sistema-de-seguridad-social-en-salud.jpg 1024w, https:\/\/www.medellin.gov.co\/es\/wp-content\/uploads\/2021\/09\/acuerdos-en-el-sistema-de-seguridad-social-en-salud-300x200.jpg 300w, https:\/\/www.medellin.gov.co\/es\/wp-content\/uploads\/2021\/09\/acuerdos-en-el-sistema-de-seguridad-social-en-salud-150x100.jpg 150w, https:\/\/www.medellin.gov.co\/es\/wp-content\/uploads\/2021\/09\/acuerdos-en-el-sistema-de-seguridad-social-en-salud-768x512.jpg 768w\" sizes=\"(max-width: 1024px) 100vw, 1024px\" \/>\t\t\t\t\t\t\t\t\t\t\t\t\t\t<\/div>\n\t\t\t\t\t\t<\/div>\n\t\t\t\t<\/div>\n\t\t\t\t<div class=\"elementor-element elementor-element-c06c1ad elementor-widget elementor-widget-heading\" data-id=\"c06c1ad\" data-element_type=\"widget\" data-widget_type=\"heading.default\">\n\t\t\t\t<div class=\"elementor-widget-container\">\n\t\t\t<h2 class=\"elementor-heading-title elementor-size-default\"><b>Derechos<\/b> del ciudadano<\/h2>\t\t<\/div>\n\t\t\t\t<\/div>\n\t\t\t\t<div class=\"elementor-element elementor-element-b56acd2 elementor-widget elementor-widget-text-editor\" data-id=\"b56acd2\" data-element_type=\"widget\" data-widget_type=\"text-editor.default\">\n\t\t\t\t<div class=\"elementor-widget-container\">\n\t\t\t\t\t\t\t\t<div class=\"elementor-text-editor elementor-clearfix\">\n\t\t\t\t<ul><li>Prestaci\u00f3n de servicios de salud definidos en el plan de beneficios.<\/li><li>Continuar afiliado a la EPS del R\u00e9gimen Contributivo, pero en una EPS del R\u00e9gimen Subsidiado, si pierde su empleo o capacidad de pago.<\/li><li>Gozar del per\u00edodo de Protecci\u00f3n Laboral o Mecanismo al Cesante.<\/li><li>Continuar afiliado en la EPS del R\u00e9gimen Subsidiado, pero como cotizante del R\u00e9gimen Contributivo, cuando cumpla los requisitos para pertenecer a este R\u00e9gimen.<\/li><li>Recibir las prestaciones econ\u00f3micas como incapacidad y licencia de maternidad que contempla el R\u00e9gimen Contributivo para sus afiliados.<\/li><li>Que sus datos se mantengan actualizados en el Sistema General de Seguridad Social en Salud (Sgsss) sin vulnerar el derecho fundamental de Habeas Data.<\/li><li>Incluir como beneficiarios a personas que dependan econ\u00f3micamente del cotizante.<\/li><li>Afiliaci\u00f3n del reci\u00e9n nacido en la EPS de la madre.<\/li><li>Afiliaci\u00f3n del reci\u00e9n nacido a la EPS del padre, despu\u00e9s del primer mes de vida.<\/li><\/ul>\t\t\t\t\t<\/div>\n\t\t\t\t\t\t<\/div>\n\t\t\t\t<\/div>\n\t\t\t\t<div class=\"elementor-element elementor-element-238042e elementor-widget elementor-widget-image\" data-id=\"238042e\" data-element_type=\"widget\" data-widget_type=\"image.default\">\n\t\t\t\t<div class=\"elementor-widget-container\">\n\t\t\t\t\t\t\t\t<div class=\"elementor-image\">\n\t\t\t\t\t\t\t\t\t\t\t\t<img width=\"1200\" height=\"740\" src=\"https:\/\/www.medellin.gov.co\/es\/wp-content\/uploads\/2021\/09\/derechos-para-el-ciudadano-en-cuanto-a-salud.jpg\" class=\"attachment-full size-full\" alt=\"Derechos para el ciudadano en cuanto a salud\" loading=\"lazy\" srcset=\"https:\/\/www.medellin.gov.co\/es\/wp-content\/uploads\/2021\/09\/derechos-para-el-ciudadano-en-cuanto-a-salud.jpg 1200w, https:\/\/www.medellin.gov.co\/es\/wp-content\/uploads\/2021\/09\/derechos-para-el-ciudadano-en-cuanto-a-salud-300x185.jpg 300w, https:\/\/www.medellin.gov.co\/es\/wp-content\/uploads\/2021\/09\/derechos-para-el-ciudadano-en-cuanto-a-salud-1024x631.jpg 1024w, https:\/\/www.medellin.gov.co\/es\/wp-content\/uploads\/2021\/09\/derechos-para-el-ciudadano-en-cuanto-a-salud-150x93.jpg 150w, https:\/\/www.medellin.gov.co\/es\/wp-content\/uploads\/2021\/09\/derechos-para-el-ciudadano-en-cuanto-a-salud-768x474.jpg 768w\" sizes=\"(max-width: 1200px) 100vw, 1200px\" \/>\t\t\t\t\t\t\t\t\t\t\t\t\t\t<\/div>\n\t\t\t\t\t\t<\/div>\n\t\t\t\t<\/div>\n\t\t\t\t<div class=\"elementor-element elementor-element-bea3946 elementor-widget elementor-widget-text-editor\" data-id=\"bea3946\" data-element_type=\"widget\" data-widget_type=\"text-editor.default\">\n\t\t\t\t<div class=\"elementor-widget-container\">\n\t\t\t\t\t\t\t\t<div class=\"elementor-text-editor elementor-clearfix\">\n\t\t\t\t<ul><li>Que el prestador de servicios de salud realice la afiliaci\u00f3n del menor de edad ante una EPS, esto cuando el menor haya recibido atenci\u00f3n hospitalaria y no se encuentre afiliado.<\/li><li><span style=\"font-weight: 400;\">Trasladarse de EPS siempre que:<br \/><br \/><\/span><ul><li>Haya estado inscrito en la EPS por m\u00e1s de 360 d\u00edas continuos o discontinuos.<\/li><li>Usted o alg\u00fan miembro del grupo familiar no se encuentre hospitalizado.<\/li><\/ul><\/li><li>Prestaci\u00f3n de servicios de salud mientras se reconoce la pensi\u00f3n.<\/li><li>Ser afiliado como beneficiario, en la EPS del cotizante, aunque este se niegue a hacerlo.<\/li><li>Afiliar a los padres de uno de los c\u00f3nyuges o compa\u00f1ero permanente cuando ambos sean cotizantes.<\/li><li>Afiliar beneficiarios adicionales.<\/li><li>Permanecer en el sistema cuando se es beneficiario de un cotizante fallecido, en los mismos t\u00e9rminos y por el mismo periodo establecido para la protecci\u00f3n laboral (1 o 3 meses seg\u00fan corresponda).<\/li><\/ul>\t\t\t\t\t<\/div>\n\t\t\t\t\t\t<\/div>\n\t\t\t\t<\/div>\n\t\t\t\t<div class=\"elementor-element elementor-element-c4097f5 elementor-widget elementor-widget-heading\" data-id=\"c4097f5\" data-element_type=\"widget\" data-widget_type=\"heading.default\">\n\t\t\t\t<div class=\"elementor-widget-container\">\n\t\t\t<h2 class=\"elementor-heading-title elementor-size-default\"><b>Deberes<\/b> del ciudadano<\/h2>\t\t<\/div>\n\t\t\t\t<\/div>\n\t\t\t\t<div class=\"elementor-element elementor-element-062fe63 elementor-widget elementor-widget-image\" data-id=\"062fe63\" data-element_type=\"widget\" data-widget_type=\"image.default\">\n\t\t\t\t<div class=\"elementor-widget-container\">\n\t\t\t\t\t\t\t\t<div class=\"elementor-image\">\n\t\t\t\t\t\t\t\t\t\t\t\t<img width=\"1280\" height=\"958\" src=\"https:\/\/www.medellin.gov.co\/es\/wp-content\/uploads\/2021\/09\/deberes-del-ciudadano-en-cuanto-a-salud.jpeg\" class=\"attachment-full size-full\" alt=\"Deberes del ciudadano en cuanto a salud\" loading=\"lazy\" srcset=\"https:\/\/www.medellin.gov.co\/es\/wp-content\/uploads\/2021\/09\/deberes-del-ciudadano-en-cuanto-a-salud.jpeg 1280w, https:\/\/www.medellin.gov.co\/es\/wp-content\/uploads\/2021\/09\/deberes-del-ciudadano-en-cuanto-a-salud-300x225.jpeg 300w, https:\/\/www.medellin.gov.co\/es\/wp-content\/uploads\/2021\/09\/deberes-del-ciudadano-en-cuanto-a-salud-1024x766.jpeg 1024w, https:\/\/www.medellin.gov.co\/es\/wp-content\/uploads\/2021\/09\/deberes-del-ciudadano-en-cuanto-a-salud-150x112.jpeg 150w, https:\/\/www.medellin.gov.co\/es\/wp-content\/uploads\/2021\/09\/deberes-del-ciudadano-en-cuanto-a-salud-768x575.jpeg 768w\" sizes=\"(max-width: 1280px) 100vw, 1280px\" \/>\t\t\t\t\t\t\t\t\t\t\t\t\t\t<\/div>\n\t\t\t\t\t\t<\/div>\n\t\t\t\t<\/div>\n\t\t\t\t<div class=\"elementor-element elementor-element-1be6b33 elementor-widget elementor-widget-text-editor\" data-id=\"1be6b33\" data-element_type=\"widget\" data-widget_type=\"text-editor.default\">\n\t\t\t\t<div class=\"elementor-widget-container\">\n\t\t\t\t\t\t\t\t<div class=\"elementor-text-editor elementor-clearfix\">\n\t\t\t\t<ul><li>De afiliarse al Sistema de Salud a trav\u00e9s del R\u00e9gimen Contributivo, Subsidiado o Especial, si cumple los requisitos establecidos para acceder a estos reg\u00edmenes. En el evento en que el usuario cumpla los requisitos para ser afiliado al R\u00e9gimen Subsidiado y se reh\u00fase a hacerlo, ser\u00e1 inscrito oficialmente en una Empresa Promotora de Salud del R\u00e9gimen Subsidiado (EPS-S) que opere en el Municipio de Medell\u00edn.<\/li><li>De registrar la novedad de movilidad del R\u00e9gimen Contributivo al R\u00e9gimen Subsidiado al d\u00eda siguiente de la terminaci\u00f3n de la vinculaci\u00f3n laboral o de la p\u00e9rdida de las condiciones para seguir cotizando como independiente, o a m\u00e1s tardar el \u00faltimo d\u00eda calendario del respectivo mes o al d\u00eda siguiente del vencimiento del per\u00edodo de protecci\u00f3n laboral del mecanismo de protecci\u00f3n al cesante, si este existe.<\/li><li>De reportar a la EPS Subsidiada el d\u00eda en que adquiere una vinculaci\u00f3n laboral las condiciones para cotizar como independiente.<\/li><li>De reportar a la EPS del R\u00e9gimen Contributivo las novedades, como incapacidad y licencias.<\/li><li>De registrar la novedad de retiro por p\u00e9rdida de capacidad de pago, a m\u00e1s tardar dentro de los cinco (5) primeros d\u00edas del mes, so pena de pago del mes completo.<\/li><li>De aportar los documentos de identificaci\u00f3n y reportar novedades:<ul><li>De 0 a 7 a\u00f1os, registro civil de nacimiento.<\/li><li>De 7 a 18 a\u00f1os, tarjeta de identidad.<\/li><li>De 18 a\u00f1os en adelante, c\u00e9dula de ciudadan\u00eda.<\/li><li>Y dem\u00e1s documentos cuando aplique: pasaporte, c\u00e9dula de extranjer\u00eda, carn\u00e9 diplom\u00e1tico, salvoconducto, entre otros.<\/li><\/ul><\/li><\/ul>\t\t\t\t\t<\/div>\n\t\t\t\t\t\t<\/div>\n\t\t\t\t<\/div>\n\t\t\t\t\t\t<\/div>\n\t\t\t\t\t<\/div>\n\t\t<\/div>\n\t\t\t\t\t\t\t\t<\/div>\n\t\t\t\t\t<\/div>\n\t\t<\/section>\n\t\t\t\t<section class=\"elementor-section elementor-top-section elementor-element elementor-element-684be92e elementor-section-boxed elementor-section-height-default elementor-section-height-default\" data-id=\"684be92e\" data-element_type=\"section\">\n\t\t\t\t\t\t<div class=\"elementor-container elementor-column-gap-default\">\n\t\t\t\t\t\t\t<div class=\"elementor-row\">\n\t\t\t\t\t<div class=\"elementor-column elementor-col-100 elementor-top-column elementor-element elementor-element-111edd64\" data-id=\"111edd64\" data-element_type=\"column\" data-settings=\"{&quot;background_background&quot;:&quot;classic&quot;}\">\n\t\t\t<div class=\"elementor-column-wrap elementor-element-populated\">\n\t\t\t\t\t\t\t<div class=\"elementor-widget-wrap\">\n\t\t\t\t\t\t<div class=\"elementor-element elementor-element-2fb232a6 elementor-blockquote--skin-boxed elementor-blockquote--align-center elementor-blockquote--button-color-official elementor-widget elementor-widget-blockquote\" data-id=\"2fb232a6\" data-element_type=\"widget\" data-widget_type=\"blockquote.default\">\n\t\t\t\t<div class=\"elementor-widget-container\">\n\t\t\t\t\t<blockquote class=\"elementor-blockquote\">\n\t\t\t<p class=\"elementor-blockquote__content\">\n\t\t\t\tCuando los documentos no sean aportados por el usuario, este deber\u00e1 asumir las consecuencias y el costo de los servicios prestados a sus beneficiarios. No aplica para madres gestantes y menores de edad.\t\t\t<\/p>\n\t\t\t\t\t<\/blockquote>\n\t\t\t\t<\/div>\n\t\t\t\t<\/div>\n\t\t\t\t\t\t<\/div>\n\t\t\t\t\t<\/div>\n\t\t<\/div>\n\t\t\t\t\t\t\t\t<\/div>\n\t\t\t\t\t<\/div>\n\t\t<\/section>\n\t\t\t\t<section class=\"elementor-section elementor-top-section elementor-element elementor-element-aa8ad45 elementor-section-boxed elementor-section-height-default elementor-section-height-default\" data-id=\"aa8ad45\" data-element_type=\"section\">\n\t\t\t\t\t\t<div class=\"elementor-container elementor-column-gap-default\">\n\t\t\t\t\t\t\t<div class=\"elementor-row\">\n\t\t\t\t\t<div class=\"elementor-column elementor-col-100 elementor-top-column elementor-element elementor-element-9168d26\" data-id=\"9168d26\" data-element_type=\"column\">\n\t\t\t<div class=\"elementor-column-wrap elementor-element-populated\">\n\t\t\t\t\t\t\t<div class=\"elementor-widget-wrap\">\n\t\t\t\t\t\t<div class=\"elementor-element elementor-element-bdc4a04 elementor-widget elementor-widget-text-editor\" data-id=\"bdc4a04\" data-element_type=\"widget\" data-widget_type=\"text-editor.default\">\n\t\t\t\t<div class=\"elementor-widget-container\">\n\t\t\t\t\t\t\t\t<div class=\"elementor-text-editor elementor-clearfix\">\n\t\t\t\t<ul>\n<li>De declarar ante la EPS la situaci\u00f3n de dependencia econ\u00f3mica de quien se pretende incluir como beneficiario.<\/li>\n<li>De aportar dentro de los tres meses siguientes al nacimiento, el <span style=\"color: var( --e-global-color-text ); font-family: var( --e-global-typography-text-font-family ), Sans-serif; font-size: var( --e-global-typography-text-font-size ); font-weight: var( --e-global-typography-text-font-weight );\">correspondiente Registro Civil.<\/span><\/li>\n<li>De solicitar a la EPS el traslado del menor acreditando la afiliaci\u00f3n con el respectivo Registro Civil.<\/li>\n<li>De Informar a la Secretar\u00eda de Salud, Municipio de Medell\u00edn, si la IPS no realiza el tr\u00e1mite.<\/li>\n<li>De solicitar su traslado ante la EPS con su grupo familiar cuando se cumplan los requisitos mencionados.<\/li>\n<li>De estar a paz y salvo en el pago de su cotizaci\u00f3n mensual.<\/li>\n<li>De informar a la EPS que su tr\u00e1mite de pensi\u00f3n est\u00e1 en curso, lo cual permitir\u00e1 que la entidad lo oriente sobre las opciones que tiene para continuar recibiendo los servicios de salud.<\/li>\n<li>De acreditar el cumplimiento de los requisitos como beneficiario, ante la EPS del cotizante.<\/li>\n<li>De acreditar ante la EPS tal condici\u00f3n.<\/li>\n<li>De pagar la UPC adicional.<\/li>\n<li>De reportar la novedad a la EPS para garantizar el per\u00edodo de protecci\u00f3n laboral.<\/li>\n<\/ul>\t\t\t\t\t<\/div>\n\t\t\t\t\t\t<\/div>\n\t\t\t\t<\/div>\n\t\t\t\t\t\t<\/div>\n\t\t\t\t\t<\/div>\n\t\t<\/div>\n\t\t\t\t\t\t\t\t<\/div>\n\t\t\t\t\t<\/div>\n\t\t<\/section>\n\t\t\t\t\t\t\t\t\t<\/div>\n\t\t\t<\/div>\n\t\t\t\t\t<\/div>\n\t\t","protected":false},"excerpt":{"rendered":"<p>X Derechos y deberes del ciudadano en el Sistema de Seguridad Social en Salud Dentro del Sistema de Seguridad Social en Salud cada ciudadano cuenta con derechos y deberes, con\u00f3celos. Derechos del ciudadano Prestaci\u00f3n de &#8230;<\/p>\n","protected":false},"author":1,"featured_media":17425,"parent":17602,"menu_order":10,"comment_status":"closed","ping_status":"closed","template":"sec-salud\/elementor.php","meta":[],"acf":[],"_links":{"self":[{"href":"https:\/\/www.medellin.gov.co\/es\/wp-json\/wp\/v2\/pages\/17609"}],"collection":[{"href":"https:\/\/www.medellin.gov.co\/es\/wp-json\/wp\/v2\/pages"}],"about":[{"href":"https:\/\/www.medellin.gov.co\/es\/wp-json\/wp\/v2\/types\/page"}],"author":[{"embeddable":true,"href":"https:\/\/www.medellin.gov.co\/es\/wp-json\/wp\/v2\/users\/1"}],"replies":[{"embeddable":true,"href":"https:\/\/www.medellin.gov.co\/es\/wp-json\/wp\/v2\/comments?post=17609"}],"version-history":[{"count":10,"href":"https:\/\/www.medellin.gov.co\/es\/wp-json\/wp\/v2\/pages\/17609\/revisions"}],"predecessor-version":[{"id":462706,"href":"https:\/\/www.medellin.gov.co\/es\/wp-json\/wp\/v2\/pages\/17609\/revisions\/462706"}],"up":[{"embeddable":true,"href":"https:\/\/www.medellin.gov.co\/es\/wp-json\/wp\/v2\/pages\/17602"}],"wp:featuredmedia":[{"embeddable":true,"href":"https:\/\/www.medellin.gov.co\/es\/wp-json\/wp\/v2\/media\/17425"}],"wp:attachment":[{"href":"https:\/\/www.medellin.gov.co\/es\/wp-json\/wp\/v2\/media?parent=17609"}],"curies":[{"name":"wp","href":"https:\/\/api.w.org\/{rel}","templated":true}]}}