{"id":17614,"date":"2021-09-24T14:18:01","date_gmt":"2021-09-24T19:18:01","guid":{"rendered":"https:\/\/www.medellin.gov.co\/es\/?page_id=17614"},"modified":"2022-06-14T16:49:39","modified_gmt":"2022-06-14T21:49:39","slug":"movilidad-y-portabilidad","status":"publish","type":"page","link":"https:\/\/www.medellin.gov.co\/es\/secretaria-de-salud\/subsecretaria-de-servicios-de-salud\/seguridad-social-en-salud\/movilidad-y-portabilidad\/","title":{"rendered":"Movilidad y portabilidad"},"content":{"rendered":"\t\t<div data-elementor-type=\"wp-page\" data-elementor-id=\"17614\" class=\"elementor elementor-17614\">\n\t\t\t\t\t\t<div class=\"elementor-inner\">\n\t\t\t\t<div class=\"elementor-section-wrap\">\n\t\t\t\t\t\t\t\t\t<section class=\"elementor-section elementor-top-section elementor-element elementor-element-53918ff elementor-section-boxed elementor-section-height-default elementor-section-height-default\" data-id=\"53918ff\" data-element_type=\"section\">\n\t\t\t\t\t\t<div class=\"elementor-container elementor-column-gap-default\">\n\t\t\t\t\t\t\t<div class=\"elementor-row\">\n\t\t\t\t\t<div class=\"elementor-column elementor-col-100 elementor-top-column elementor-element elementor-element-af78050\" data-id=\"af78050\" data-element_type=\"column\">\n\t\t\t<div class=\"elementor-column-wrap elementor-element-populated\">\n\t\t\t\t\t\t\t<div class=\"elementor-widget-wrap\">\n\t\t\t\t\t\t<div class=\"elementor-element elementor-element-39c36b8 elementor-widget elementor-widget-heading\" data-id=\"39c36b8\" data-element_type=\"widget\" data-widget_type=\"heading.default\">\n\t\t\t\t<div class=\"elementor-widget-container\">\n\t\t\t<h1 class=\"elementor-heading-title elementor-size-default\">Movilidad y portabilidad<\/h1>\t\t<\/div>\n\t\t\t\t<\/div>\n\t\t\t\t<div class=\"elementor-element elementor-element-390e295 elementor-widget elementor-widget-image\" data-id=\"390e295\" data-element_type=\"widget\" data-widget_type=\"image.default\">\n\t\t\t\t<div class=\"elementor-widget-container\">\n\t\t\t\t\t\t\t\t<div class=\"elementor-image\">\n\t\t\t\t\t\t\t\t\t\t\t\t<img width=\"1280\" height=\"960\" src=\"https:\/\/www.medellin.gov.co\/es\/wp-content\/uploads\/2021\/11\/acceso-a-los-servicios-de-la-secretaria-de-salud.jpg\" class=\"attachment-full size-full\" alt=\"Acceso a los servicios de la Secretar\u00eda de Salud\" loading=\"lazy\" srcset=\"https:\/\/www.medellin.gov.co\/es\/wp-content\/uploads\/2021\/11\/acceso-a-los-servicios-de-la-secretaria-de-salud.jpg 1280w, https:\/\/www.medellin.gov.co\/es\/wp-content\/uploads\/2021\/11\/acceso-a-los-servicios-de-la-secretaria-de-salud-300x225.jpg 300w, https:\/\/www.medellin.gov.co\/es\/wp-content\/uploads\/2021\/11\/acceso-a-los-servicios-de-la-secretaria-de-salud-1024x768.jpg 1024w, https:\/\/www.medellin.gov.co\/es\/wp-content\/uploads\/2021\/11\/acceso-a-los-servicios-de-la-secretaria-de-salud-150x113.jpg 150w, https:\/\/www.medellin.gov.co\/es\/wp-content\/uploads\/2021\/11\/acceso-a-los-servicios-de-la-secretaria-de-salud-768x576.jpg 768w\" sizes=\"(max-width: 1280px) 100vw, 1280px\" \/>\t\t\t\t\t\t\t\t\t\t\t\t\t\t<\/div>\n\t\t\t\t\t\t<\/div>\n\t\t\t\t<\/div>\n\t\t\t\t<div class=\"elementor-element elementor-element-a7ba7b4 elementor-widget elementor-widget-text-editor\" data-id=\"a7ba7b4\" data-element_type=\"widget\" data-widget_type=\"text-editor.default\">\n\t\t\t\t<div class=\"elementor-widget-container\">\n\t\t\t\t\t\t\t\t<div class=\"elementor-text-editor elementor-clearfix\">\n\t\t\t\t<p>Dentro del Sistema General de Seguridad Social en Salud existe la movilidad y portabilidad. Conoce qu\u00e9 significa cada t\u00e9rmino y los servicios que se ofrecen.<\/p>\t\t\t\t\t<\/div>\n\t\t\t\t\t\t<\/div>\n\t\t\t\t<\/div>\n\t\t\t\t<div class=\"elementor-element elementor-element-f6cc301 elementor-widget elementor-widget-heading\" data-id=\"f6cc301\" data-element_type=\"widget\" data-widget_type=\"heading.default\">\n\t\t\t\t<div class=\"elementor-widget-container\">\n\t\t\t<h2 class=\"elementor-heading-title elementor-size-default\"><b>Movilidad<\/b><\/h2>\t\t<\/div>\n\t\t\t\t<\/div>\n\t\t\t\t<div class=\"elementor-element elementor-element-2d3da24 elementor-widget elementor-widget-image\" data-id=\"2d3da24\" data-element_type=\"widget\" data-widget_type=\"image.default\">\n\t\t\t\t<div class=\"elementor-widget-container\">\n\t\t\t\t\t\t\t\t<div class=\"elementor-image\">\n\t\t\t\t\t\t\t\t\t\t\t\t<img width=\"1200\" height=\"674\" src=\"https:\/\/www.medellin.gov.co\/es\/wp-content\/uploads\/2021\/09\/atencion-general-de-la-secretaria-de-salud.jpg\" class=\"attachment-full size-full\" alt=\"Atenci\u00f3n general de la Secretar\u00eda de Salud\" loading=\"lazy\" srcset=\"https:\/\/www.medellin.gov.co\/es\/wp-content\/uploads\/2021\/09\/atencion-general-de-la-secretaria-de-salud.jpg 1200w, https:\/\/www.medellin.gov.co\/es\/wp-content\/uploads\/2021\/09\/atencion-general-de-la-secretaria-de-salud-300x169.jpg 300w, https:\/\/www.medellin.gov.co\/es\/wp-content\/uploads\/2021\/09\/atencion-general-de-la-secretaria-de-salud-1024x575.jpg 1024w, https:\/\/www.medellin.gov.co\/es\/wp-content\/uploads\/2021\/09\/atencion-general-de-la-secretaria-de-salud-150x84.jpg 150w, https:\/\/www.medellin.gov.co\/es\/wp-content\/uploads\/2021\/09\/atencion-general-de-la-secretaria-de-salud-768x431.jpg 768w\" sizes=\"(max-width: 1200px) 100vw, 1200px\" \/>\t\t\t\t\t\t\t\t\t\t\t\t\t\t<\/div>\n\t\t\t\t\t\t<\/div>\n\t\t\t\t<\/div>\n\t\t\t\t<div class=\"elementor-element elementor-element-9626889 elementor-widget elementor-widget-text-editor\" data-id=\"9626889\" data-element_type=\"widget\" data-widget_type=\"text-editor.default\">\n\t\t\t\t<div class=\"elementor-widget-container\">\n\t\t\t\t\t\t\t\t<div class=\"elementor-text-editor elementor-clearfix\">\n\t\t\t\t<p>Movilidad es el derecho que tienen las personas de cambiar de R\u00e9gimen Subsidiado a R\u00e9gimen Contributivo y viceversa, sin que exista interrupci\u00f3n en la afiliaci\u00f3n o cambio de EPS.<\/p>\t\t\t\t\t<\/div>\n\t\t\t\t\t\t<\/div>\n\t\t\t\t<\/div>\n\t\t\t\t<div class=\"elementor-element elementor-element-be1433f elementor-blockquote--skin-boxed elementor-blockquote--align-center elementor-blockquote--button-color-official elementor-widget elementor-widget-blockquote\" data-id=\"be1433f\" data-element_type=\"widget\" data-widget_type=\"blockquote.default\">\n\t\t\t\t<div class=\"elementor-widget-container\">\n\t\t\t\t\t<blockquote class=\"elementor-blockquote\">\n\t\t\t<p class=\"elementor-blockquote__content\">\n\t\t\t\tTen en cuenta: si est\u00e1s trabajando tienes derecho a estar aliado a la Seguridad Social en Salud en el R\u00e9gimen Contributivo. As\u00ed mismo, si te encuentras aliado al R\u00e9gimen Subsidiado en Salud a trav\u00e9s de una EPS y conseguiste trabajo, tienes derecho a que tu empleador te deje aliado en la misma EPS.\t\t\t<\/p>\n\t\t\t\t\t<\/blockquote>\n\t\t\t\t<\/div>\n\t\t\t\t<\/div>\n\t\t\t\t<div class=\"elementor-element elementor-element-60e91d1 elementor-widget elementor-widget-heading\" data-id=\"60e91d1\" data-element_type=\"widget\" data-widget_type=\"heading.default\">\n\t\t\t\t<div class=\"elementor-widget-container\">\n\t\t\t<h3 class=\"elementor-heading-title elementor-size-default\">\u00bfQu\u00e9 pasa si me quedo sin trabajo?<\/h3>\t\t<\/div>\n\t\t\t\t<\/div>\n\t\t\t\t<div class=\"elementor-element elementor-element-5e13d3d elementor-widget elementor-widget-text-editor\" data-id=\"5e13d3d\" data-element_type=\"widget\" data-widget_type=\"text-editor.default\">\n\t\t\t\t<div class=\"elementor-widget-container\">\n\t\t\t\t\t\t\t\t<div class=\"elementor-text-editor elementor-clearfix\">\n\t\t\t\t<p>Si por alg\u00fan motivo te quedas sin empleo, tienes derecho a que tu EPS te siga atendiendo en el R\u00e9gimen Subsidiado (cuando el Estado paga su salud), siempre y cuando est\u00e9 clasificado en los grupos A, B, C del Sisb\u00e9n IV. Por lo tanto, puedes:<\/p><ul><li><p>Mantener continuidad en los tratamientos.<\/p><\/li><li><p>Mantener continuidad en la historia cl\u00ednica.<\/p><\/li><li><p>Seguir consultando al mismo m\u00e9dico u odont\u00f3logo tratante.<\/p><\/li><\/ul><p>Si este es tu caso: al momento de firmar el contrato laboral, manifi\u00e9stale a tu empleador que desea continuar afiliado en la misma EPS, cuando termine tu trabajo.<\/p>\t\t\t\t\t<\/div>\n\t\t\t\t\t\t<\/div>\n\t\t\t\t<\/div>\n\t\t\t\t<div class=\"elementor-element elementor-element-dab07ef elementor-widget elementor-widget-heading\" data-id=\"dab07ef\" data-element_type=\"widget\" data-widget_type=\"heading.default\">\n\t\t\t\t<div class=\"elementor-widget-container\">\n\t\t\t<h2 class=\"elementor-heading-title elementor-size-default\">\u00bf<b>Sabes qu\u00e9 es portabilidad<\/b> en salud?<\/h2>\t\t<\/div>\n\t\t\t\t<\/div>\n\t\t\t\t<section class=\"elementor-section elementor-inner-section elementor-element elementor-element-691c552 elementor-reverse-mobile elementor-section-boxed elementor-section-height-default elementor-section-height-default\" data-id=\"691c552\" data-element_type=\"section\">\n\t\t\t\t\t\t<div class=\"elementor-container elementor-column-gap-default\">\n\t\t\t\t\t\t\t<div class=\"elementor-row\">\n\t\t\t\t\t<div class=\"elementor-column elementor-col-50 elementor-inner-column elementor-element elementor-element-a93ccee\" data-id=\"a93ccee\" data-element_type=\"column\">\n\t\t\t<div class=\"elementor-column-wrap elementor-element-populated\">\n\t\t\t\t\t\t\t<div class=\"elementor-widget-wrap\">\n\t\t\t\t\t\t<div class=\"elementor-element elementor-element-149f27e elementor-widget elementor-widget-text-editor\" data-id=\"149f27e\" data-element_type=\"widget\" data-widget_type=\"text-editor.default\">\n\t\t\t\t<div class=\"elementor-widget-container\">\n\t\t\t\t\t\t\t\t<div class=\"elementor-text-editor elementor-clearfix\">\n\t\t\t\t<p>Es la garant\u00eda que dan las EPS a las personas para acceder a los servicios de salud en cualquier lugar del pa\u00eds, sin cambiar de EPS, por un tiempo inferior a un a\u00f1o. Cuando viajas a otra ciudad o regi\u00f3n del pa\u00eds, tienes derecho a que tu EPS te atienda en el lugar donde se te encuentres.<\/p><p>Con esto:<\/p>\t\t\t\t\t<\/div>\n\t\t\t\t\t\t<\/div>\n\t\t\t\t<\/div>\n\t\t\t\t<div class=\"elementor-element elementor-element-6a68f20 elementor-widget elementor-widget-text-editor\" data-id=\"6a68f20\" data-element_type=\"widget\" data-widget_type=\"text-editor.default\">\n\t\t\t\t<div class=\"elementor-widget-container\">\n\t\t\t\t\t\t\t\t<div class=\"elementor-text-editor elementor-clearfix\">\n\t\t\t\t<ul><li>Evitas tr\u00e1mites innecesarios de cambio de EPS.<\/li><li>Evitas interrupci\u00f3n en los tratamientos e iniciar de nuevo los procesos con m\u00e9dico general.<\/li><li>Evitas que tu condici\u00f3n de salud se deteriore.<\/li><li>Si requieres solicitar portabilidad, debe ingresar a trav\u00e9s de internet al sitio web de tu EPS y diligenciar la informaci\u00f3n que all\u00ed se requiere.<\/li><\/ul>\t\t\t\t\t<\/div>\n\t\t\t\t\t\t<\/div>\n\t\t\t\t<\/div>\n\t\t\t\t\t\t<\/div>\n\t\t\t\t\t<\/div>\n\t\t<\/div>\n\t\t\t\t<div class=\"elementor-column elementor-col-50 elementor-inner-column elementor-element elementor-element-02b6f06\" data-id=\"02b6f06\" data-element_type=\"column\">\n\t\t\t<div class=\"elementor-column-wrap elementor-element-populated\">\n\t\t\t\t\t\t\t<div class=\"elementor-widget-wrap\">\n\t\t\t\t\t\t<div class=\"elementor-element elementor-element-2a947ec elementor-widget elementor-widget-image\" data-id=\"2a947ec\" data-element_type=\"widget\" data-widget_type=\"image.default\">\n\t\t\t\t<div class=\"elementor-widget-container\">\n\t\t\t\t\t\t\t\t<div class=\"elementor-image\">\n\t\t\t\t\t\t\t\t\t\t\t\t<img width=\"1200\" height=\"678\" src=\"https:\/\/www.medellin.gov.co\/es\/wp-content\/uploads\/2021\/09\/garantia-de-acceso-a-los-servicios-de-salud.jpg\" class=\"attachment-full size-full\" alt=\"Garant\u00eda de acceso a los servicios de salud\" loading=\"lazy\" srcset=\"https:\/\/www.medellin.gov.co\/es\/wp-content\/uploads\/2021\/09\/garantia-de-acceso-a-los-servicios-de-salud.jpg 1200w, https:\/\/www.medellin.gov.co\/es\/wp-content\/uploads\/2021\/09\/garantia-de-acceso-a-los-servicios-de-salud-300x170.jpg 300w, https:\/\/www.medellin.gov.co\/es\/wp-content\/uploads\/2021\/09\/garantia-de-acceso-a-los-servicios-de-salud-1024x579.jpg 1024w, https:\/\/www.medellin.gov.co\/es\/wp-content\/uploads\/2021\/09\/garantia-de-acceso-a-los-servicios-de-salud-150x85.jpg 150w, https:\/\/www.medellin.gov.co\/es\/wp-content\/uploads\/2021\/09\/garantia-de-acceso-a-los-servicios-de-salud-768x434.jpg 768w\" sizes=\"(max-width: 1200px) 100vw, 1200px\" \/>\t\t\t\t\t\t\t\t\t\t\t\t\t\t<\/div>\n\t\t\t\t\t\t<\/div>\n\t\t\t\t<\/div>\n\t\t\t\t\t\t<\/div>\n\t\t\t\t\t<\/div>\n\t\t<\/div>\n\t\t\t\t\t\t\t\t<\/div>\n\t\t\t\t\t<\/div>\n\t\t<\/section>\n\t\t\t\t<div class=\"elementor-element elementor-element-3a686a7 elementor-blockquote--skin-boxed elementor-blockquote--align-center elementor-blockquote--button-color-official elementor-widget elementor-widget-blockquote\" data-id=\"3a686a7\" data-element_type=\"widget\" data-widget_type=\"blockquote.default\">\n\t\t\t\t<div class=\"elementor-widget-container\">\n\t\t\t\t\t<blockquote class=\"elementor-blockquote\">\n\t\t\t<p class=\"elementor-blockquote__content\">\n\t\t\t\tPara mayor informaci\u00f3n, comun\u00edcate a Supersalud al 018000 513 700 o a la l\u00ednea de atenci\u00f3n \u00fanica a la ciudadan\u00eda: 444 41 44. Estar afiliado al Sistema de Salud te protege a ti y a tu familia.\t\t\t<\/p>\n\t\t\t\t\t<\/blockquote>\n\t\t\t\t<\/div>\n\t\t\t\t<\/div>\n\t\t\t\t<div class=\"elementor-element elementor-element-a5ce888 elementor-widget elementor-widget-heading\" data-id=\"a5ce888\" data-element_type=\"widget\" data-widget_type=\"heading.default\">\n\t\t\t\t<div class=\"elementor-widget-container\">\n\t\t\t<h3 class=\"elementor-heading-title elementor-size-default\">Aspectos a tener en cuenta para la portabilidad en salud:<\/h3>\t\t<\/div>\n\t\t\t\t<\/div>\n\t\t\t\t<div class=\"elementor-element elementor-element-23bd9cd elementor-widget elementor-widget-text-editor\" data-id=\"23bd9cd\" data-element_type=\"widget\" data-widget_type=\"text-editor.default\">\n\t\t\t\t<div class=\"elementor-widget-container\">\n\t\t\t\t\t\t\t\t<div class=\"elementor-text-editor elementor-clearfix\">\n\t\t\t\t<ul>\n<li>Debes estar clasificado en los grupos A, B, C, del Sisb\u00e9n IV o ser de poblaci\u00f3n especial.<\/li>\n<li>Presentar el documento de identidad actualizado.<\/li>\n<li>La movilidad incluye a todo el grupo familiar, se gestiona directamente ante la EPS y no tiene ning\u00fan costo.<\/li>\n<\/ul>\t\t\t\t\t<\/div>\n\t\t\t\t\t\t<\/div>\n\t\t\t\t<\/div>\n\t\t\t\t\t\t<\/div>\n\t\t\t\t\t<\/div>\n\t\t<\/div>\n\t\t\t\t\t\t\t\t<\/div>\n\t\t\t\t\t<\/div>\n\t\t<\/section>\n\t\t\t\t\t\t\t\t\t<\/div>\n\t\t\t<\/div>\n\t\t\t\t\t<\/div>\n\t\t","protected":false},"excerpt":{"rendered":"<p>Movilidad y portabilidad Dentro del Sistema General de Seguridad Social en Salud existe la movilidad y portabilidad. Conoce qu\u00e9 significa cada t\u00e9rmino y los servicios que se ofrecen. Movilidad Movilidad es el derecho que tienen &#8230;<\/p>\n","protected":false},"author":1,"featured_media":17425,"parent":17602,"menu_order":15,"comment_status":"closed","ping_status":"closed","template":"sec-salud\/elementor.php","meta":[],"acf":[],"_links":{"self":[{"href":"https:\/\/www.medellin.gov.co\/es\/wp-json\/wp\/v2\/pages\/17614"}],"collection":[{"href":"https:\/\/www.medellin.gov.co\/es\/wp-json\/wp\/v2\/pages"}],"about":[{"href":"https:\/\/www.medellin.gov.co\/es\/wp-json\/wp\/v2\/types\/page"}],"author":[{"embeddable":true,"href":"https:\/\/www.medellin.gov.co\/es\/wp-json\/wp\/v2\/users\/1"}],"replies":[{"embeddable":true,"href":"https:\/\/www.medellin.gov.co\/es\/wp-json\/wp\/v2\/comments?post=17614"}],"version-history":[{"count":30,"href":"https:\/\/www.medellin.gov.co\/es\/wp-json\/wp\/v2\/pages\/17614\/revisions"}],"predecessor-version":[{"id":65810,"href":"https:\/\/www.medellin.gov.co\/es\/wp-json\/wp\/v2\/pages\/17614\/revisions\/65810"}],"up":[{"embeddable":true,"href":"https:\/\/www.medellin.gov.co\/es\/wp-json\/wp\/v2\/pages\/17602"}],"wp:featuredmedia":[{"embeddable":true,"href":"https:\/\/www.medellin.gov.co\/es\/wp-json\/wp\/v2\/media\/17425"}],"wp:attachment":[{"href":"https:\/\/www.medellin.gov.co\/es\/wp-json\/wp\/v2\/media?parent=17614"}],"curies":[{"name":"wp","href":"https:\/\/api.w.org\/{rel}","templated":true}]}}