{"id":17629,"date":"2021-09-24T14:25:08","date_gmt":"2021-09-24T19:25:08","guid":{"rendered":"https:\/\/www.medellin.gov.co\/es\/?page_id=17629"},"modified":"2024-09-11T11:53:07","modified_gmt":"2024-09-11T16:53:07","slug":"establecimientos-seguros-y-abiertos-al-publico","status":"publish","type":"page","link":"https:\/\/www.medellin.gov.co\/es\/secretaria-de-salud\/subsecretaria-de-salud-publica\/establecimientos-seguros-y-abiertos-al-publico\/","title":{"rendered":"Programa Establecimientos Seguros y Abiertos al P\u00fablico"},"content":{"rendered":"\t\t<div data-elementor-type=\"wp-page\" data-elementor-id=\"17629\" class=\"elementor elementor-17629\">\n\t\t\t\t\t\t<div class=\"elementor-inner\">\n\t\t\t\t<div class=\"elementor-section-wrap\">\n\t\t\t\t\t\t\t\t\t<section class=\"elementor-section elementor-top-section elementor-element elementor-element-540f1ec9 elementor-section-boxed elementor-section-height-default elementor-section-height-default\" data-id=\"540f1ec9\" data-element_type=\"section\">\n\t\t\t\t\t\t<div class=\"elementor-container elementor-column-gap-default\">\n\t\t\t\t\t\t\t<div class=\"elementor-row\">\n\t\t\t\t\t<div class=\"elementor-column elementor-col-100 elementor-top-column elementor-element elementor-element-526fb90f\" data-id=\"526fb90f\" data-element_type=\"column\">\n\t\t\t<div class=\"elementor-column-wrap elementor-element-populated\">\n\t\t\t\t\t\t\t<div class=\"elementor-widget-wrap\">\n\t\t\t\t\t\t<div class=\"elementor-element elementor-element-562ef89d elementor-widget elementor-widget-heading\" data-id=\"562ef89d\" data-element_type=\"widget\" data-widget_type=\"heading.default\">\n\t\t\t\t<div class=\"elementor-widget-container\">\n\t\t\t<h1 class=\"elementor-heading-title elementor-size-default\">Programa Establecimientos Seguros y Abiertos al P\u00fablico<\/h1>\t\t<\/div>\n\t\t\t\t<\/div>\n\t\t\t\t<section class=\"elementor-section elementor-inner-section elementor-element elementor-element-85621b7 elementor-reverse-mobile elementor-section-boxed elementor-section-height-default elementor-section-height-default\" data-id=\"85621b7\" data-element_type=\"section\">\n\t\t\t\t\t\t<div class=\"elementor-container elementor-column-gap-default\">\n\t\t\t\t\t\t\t<div class=\"elementor-row\">\n\t\t\t\t\t<div class=\"elementor-column elementor-col-50 elementor-inner-column elementor-element elementor-element-463ffb5\" data-id=\"463ffb5\" data-element_type=\"column\">\n\t\t\t<div class=\"elementor-column-wrap elementor-element-populated\">\n\t\t\t\t\t\t\t<div class=\"elementor-widget-wrap\">\n\t\t\t\t\t\t<div class=\"elementor-element elementor-element-64fdcc3 elementor-widget elementor-widget-text-editor\" data-id=\"64fdcc3\" data-element_type=\"widget\" data-widget_type=\"text-editor.default\">\n\t\t\t\t<div class=\"elementor-widget-container\">\n\t\t\t\t\t\t\t\t<div class=\"elementor-text-editor elementor-clearfix\">\n\t\t\t\t<p>El proyecto de establecimientos sanos, seguros y saludables es el encargado de realizar inspecci\u00f3n, vigilancia y control a los establecimientos abiertos al p\u00fablico en la ciudad de Medell\u00edn, es decir, de ejercer la funci\u00f3n esencial asociada a la responsabilidad estatal y ciudadana de proteger la salud individual y colectiva, consistente en el proceso sistem\u00e1tico y constante de verificaci\u00f3n de est\u00e1ndares de calidad e inocuidad, monitoreo de efectos en salud y acciones de intervenci\u00f3n en las cadenas productivas, orientadas a eliminar o minimizar riesgos, da\u00f1os e impactos negativos para la salud humana por el consumo de alimentos y el uso de bienes y servicios.<\/p>\t\t\t\t\t<\/div>\n\t\t\t\t\t\t<\/div>\n\t\t\t\t<\/div>\n\t\t\t\t\t\t<\/div>\n\t\t\t\t\t<\/div>\n\t\t<\/div>\n\t\t\t\t<div class=\"elementor-column elementor-col-50 elementor-inner-column elementor-element elementor-element-a057265\" data-id=\"a057265\" data-element_type=\"column\">\n\t\t\t<div class=\"elementor-column-wrap elementor-element-populated\">\n\t\t\t\t\t\t\t<div class=\"elementor-widget-wrap\">\n\t\t\t\t\t\t<div class=\"elementor-element elementor-element-f7ac708 elementor-widget elementor-widget-image\" data-id=\"f7ac708\" data-element_type=\"widget\" data-widget_type=\"image.default\">\n\t\t\t\t<div class=\"elementor-widget-container\">\n\t\t\t\t\t\t\t\t<div class=\"elementor-image\">\n\t\t\t\t\t\t\t\t\t\t\t\t<img width=\"1024\" height=\"683\" src=\"https:\/\/www.medellin.gov.co\/es\/wp-content\/uploads\/2021\/09\/proyecto-para-promover-la-confianza-ciudadana.jpg\" class=\"attachment-full size-full\" alt=\"Proyecto para promover la confianza ciudadana\" loading=\"lazy\" srcset=\"https:\/\/www.medellin.gov.co\/es\/wp-content\/uploads\/2021\/09\/proyecto-para-promover-la-confianza-ciudadana.jpg 1024w, https:\/\/www.medellin.gov.co\/es\/wp-content\/uploads\/2021\/09\/proyecto-para-promover-la-confianza-ciudadana-300x200.jpg 300w, https:\/\/www.medellin.gov.co\/es\/wp-content\/uploads\/2021\/09\/proyecto-para-promover-la-confianza-ciudadana-150x100.jpg 150w, https:\/\/www.medellin.gov.co\/es\/wp-content\/uploads\/2021\/09\/proyecto-para-promover-la-confianza-ciudadana-768x512.jpg 768w\" sizes=\"(max-width: 1024px) 100vw, 1024px\" \/>\t\t\t\t\t\t\t\t\t\t\t\t\t\t<\/div>\n\t\t\t\t\t\t<\/div>\n\t\t\t\t<\/div>\n\t\t\t\t\t\t<\/div>\n\t\t\t\t\t<\/div>\n\t\t<\/div>\n\t\t\t\t\t\t\t\t<\/div>\n\t\t\t\t\t<\/div>\n\t\t<\/section>\n\t\t\t\t<div class=\"elementor-element elementor-element-566c3f4 elementor-widget elementor-widget-heading\" data-id=\"566c3f4\" data-element_type=\"widget\" data-widget_type=\"heading.default\">\n\t\t\t\t<div class=\"elementor-widget-container\">\n\t\t\t<h2 class=\"elementor-heading-title elementor-size-default\">\u00bf<b>Qu\u00e9 hace el programa<\/b> de Establecimientos Seguros y Abiertos al P\u00fablico?<\/h2>\t\t<\/div>\n\t\t\t\t<\/div>\n\t\t\t\t<div class=\"elementor-element elementor-element-6987a46 elementor-widget elementor-widget-image\" data-id=\"6987a46\" data-element_type=\"widget\" data-widget_type=\"image.default\">\n\t\t\t\t<div class=\"elementor-widget-container\">\n\t\t\t\t\t\t\t\t<div class=\"elementor-image\">\n\t\t\t\t\t\t\t\t\t\t\t\t<img width=\"1280\" height=\"720\" src=\"https:\/\/www.medellin.gov.co\/es\/wp-content\/uploads\/2021\/09\/incentivar-la-confianza-de-la-sociedad-en-las-instituciones-publicas.jpeg\" class=\"attachment-full size-full\" alt=\"Incentivar la confianza de la sociedad en las instituciones p\u00fablicas\" loading=\"lazy\" srcset=\"https:\/\/www.medellin.gov.co\/es\/wp-content\/uploads\/2021\/09\/incentivar-la-confianza-de-la-sociedad-en-las-instituciones-publicas.jpeg 1280w, https:\/\/www.medellin.gov.co\/es\/wp-content\/uploads\/2021\/09\/incentivar-la-confianza-de-la-sociedad-en-las-instituciones-publicas-300x169.jpeg 300w, https:\/\/www.medellin.gov.co\/es\/wp-content\/uploads\/2021\/09\/incentivar-la-confianza-de-la-sociedad-en-las-instituciones-publicas-1024x576.jpeg 1024w, https:\/\/www.medellin.gov.co\/es\/wp-content\/uploads\/2021\/09\/incentivar-la-confianza-de-la-sociedad-en-las-instituciones-publicas-150x84.jpeg 150w, https:\/\/www.medellin.gov.co\/es\/wp-content\/uploads\/2021\/09\/incentivar-la-confianza-de-la-sociedad-en-las-instituciones-publicas-768x432.jpeg 768w\" sizes=\"(max-width: 1280px) 100vw, 1280px\" \/>\t\t\t\t\t\t\t\t\t\t\t\t\t\t<\/div>\n\t\t\t\t\t\t<\/div>\n\t\t\t\t<\/div>\n\t\t\t\t<div class=\"elementor-element elementor-element-8a4b7fb elementor-widget elementor-widget-text-editor\" data-id=\"8a4b7fb\" data-element_type=\"widget\" data-widget_type=\"text-editor.default\">\n\t\t\t\t<div class=\"elementor-widget-container\">\n\t\t\t\t\t\t\t\t<div class=\"elementor-text-editor elementor-clearfix\">\n\t\t\t\t<p>Se realizan visitas a los establecimientos abiertos al p\u00fablico con el fin de emitir concepto sanitario, se llevan a cabo acciones de educaci\u00f3n e informaci\u00f3n a los consumidores y comerciantes de bienes y servicios con el fin de disminuir los riesgos inherentes a su actividad y que puedan afectar la salud p\u00fablica. En caso de evidenciarse factores de riesgo se aplican medidas de seguridad y dem\u00e1s precauciones sanitarias, para prevenir, mitigar, controlar o eliminar la propagaci\u00f3n de un evento adverso que pueda afectar la salud de la poblaci\u00f3n.<\/p>\t\t\t\t\t<\/div>\n\t\t\t\t\t\t<\/div>\n\t\t\t\t<\/div>\n\t\t\t\t<div class=\"elementor-element elementor-element-14ec8a9 elementor-widget elementor-widget-heading\" data-id=\"14ec8a9\" data-element_type=\"widget\" data-widget_type=\"heading.default\">\n\t\t\t\t<div class=\"elementor-widget-container\">\n\t\t\t<h2 class=\"elementor-heading-title elementor-size-default\"><b>Algunos logros del programa<\/b> de Establecimientos Seguros y Abiertos al P\u00fablico<\/h2>\t\t<\/div>\n\t\t\t\t<\/div>\n\t\t\t\t<div class=\"elementor-element elementor-element-a928c85 elementor-widget elementor-widget-image\" data-id=\"a928c85\" data-element_type=\"widget\" data-widget_type=\"image.default\">\n\t\t\t\t<div class=\"elementor-widget-container\">\n\t\t\t\t\t\t\t\t<div class=\"elementor-image\">\n\t\t\t\t\t\t\t\t\t\t\t\t<img width=\"1024\" height=\"830\" src=\"https:\/\/www.medellin.gov.co\/es\/wp-content\/uploads\/2021\/09\/logros-del-programa-establecimientos-seguros-y-abiertos-al-pblico.jpg\" class=\"attachment-full size-full\" alt=\"Logros del programa Establecimientos Seguros y Abiertos al P\u00fablico\" loading=\"lazy\" srcset=\"https:\/\/www.medellin.gov.co\/es\/wp-content\/uploads\/2021\/09\/logros-del-programa-establecimientos-seguros-y-abiertos-al-pblico.jpg 1024w, https:\/\/www.medellin.gov.co\/es\/wp-content\/uploads\/2021\/09\/logros-del-programa-establecimientos-seguros-y-abiertos-al-pblico-300x243.jpg 300w, https:\/\/www.medellin.gov.co\/es\/wp-content\/uploads\/2021\/09\/logros-del-programa-establecimientos-seguros-y-abiertos-al-pblico-150x122.jpg 150w, https:\/\/www.medellin.gov.co\/es\/wp-content\/uploads\/2021\/09\/logros-del-programa-establecimientos-seguros-y-abiertos-al-pblico-768x623.jpg 768w\" sizes=\"(max-width: 1024px) 100vw, 1024px\" \/>\t\t\t\t\t\t\t\t\t\t\t\t\t\t<\/div>\n\t\t\t\t\t\t<\/div>\n\t\t\t\t<\/div>\n\t\t\t\t<div class=\"elementor-element elementor-element-044a409 elementor-widget elementor-widget-text-editor\" data-id=\"044a409\" data-element_type=\"widget\" data-widget_type=\"text-editor.default\">\n\t\t\t\t<div class=\"elementor-widget-container\">\n\t\t\t\t\t\t\t\t<div class=\"elementor-text-editor elementor-clearfix\">\n\t\t\t\t<p>El proyecto de Establecimientos Abiertos al P\u00fablico de la ciudad de Medell\u00edn ha logrado impactar diferentes tipos de poblaci\u00f3n como: grandes conglomerados (centros comerciales, plazas de mercado, grandes superficies, gremios y asociaciones de comerciantes), peque\u00f1os establecimientos de preparaci\u00f3n alimentos, oferta de bienes y servicios, entre otros. Adem\u00e1s, tiene un reconocimiento y un respeto de la ciudadan\u00eda en general por el acompa\u00f1amiento permanente de sus funcionarios en sus procesos de identificaci\u00f3n y control de factores de riesgo, mejoramiento continuo, busca de la calidad e inocuidad, implementaci\u00f3n de las buenas pr\u00e1cticas de manufactura y cuidado de la salud de la poblaci\u00f3n. Estas acciones han estado acompa\u00f1adas no solo de las auditor\u00edas sanitarias, sino de capacitaci\u00f3n presencial y virtual en diversos temas y escenarios, incluyendo los protocolos de bioseguridad por pandemia.<\/p>\t\t\t\t\t<\/div>\n\t\t\t\t\t\t<\/div>\n\t\t\t\t<\/div>\n\t\t\t\t<div class=\"elementor-element elementor-element-1846dc3 elementor-widget elementor-widget-heading\" data-id=\"1846dc3\" data-element_type=\"widget\" data-widget_type=\"heading.default\">\n\t\t\t\t<div class=\"elementor-widget-container\">\n\t\t\t<h2 class=\"elementor-heading-title elementor-size-default\">\u00bf<b>C\u00f3mo funciona<\/b> el \u00e1rea?<\/h2>\t\t<\/div>\n\t\t\t\t<\/div>\n\t\t\t\t<section class=\"elementor-section elementor-inner-section elementor-element elementor-element-fabb649 elementor-reverse-mobile elementor-section-boxed elementor-section-height-default elementor-section-height-default\" data-id=\"fabb649\" data-element_type=\"section\">\n\t\t\t\t\t\t<div class=\"elementor-container elementor-column-gap-default\">\n\t\t\t\t\t\t\t<div class=\"elementor-row\">\n\t\t\t\t\t<div class=\"elementor-column elementor-col-50 elementor-inner-column elementor-element elementor-element-3e71125\" data-id=\"3e71125\" data-element_type=\"column\">\n\t\t\t<div class=\"elementor-column-wrap elementor-element-populated\">\n\t\t\t\t\t\t\t<div class=\"elementor-widget-wrap\">\n\t\t\t\t\t\t<div class=\"elementor-element elementor-element-23c2d4d elementor-widget elementor-widget-text-editor\" data-id=\"23c2d4d\" data-element_type=\"widget\" data-widget_type=\"text-editor.default\">\n\t\t\t\t<div class=\"elementor-widget-container\">\n\t\t\t\t\t\t\t\t<div class=\"elementor-text-editor elementor-clearfix\">\n\t\t\t\t<p>El grupo de establecimientos abiertos al p\u00fablico est\u00e1 conformado por una l\u00edder de proyecto y varios funcionarios adscritos a carrera administrativa y contratistas de operadores; quienes, desde unas metas fijadas en el Plan de Desarrollo y una priorizaci\u00f3n de establecimientos por tipolog\u00edas y factor de riesgo, se programan en actividades diarias de inspecci\u00f3n, vigilancia y control, enfocadas en visitas sanitarias de establecimientos, capacitaciones, asesor\u00edas y\/o orientaciones, con el objetivo de identificar factores de riesgo, socializar a los responsables de las actividades y, si es el caso, aplicar medidas de seguridad. Todo lo anterior, con miras a buscar que los procesos de preparaci\u00f3n de alimentos y la prestaci\u00f3n de bienes y servicios no representen un riesgo para la salud de la poblaci\u00f3n.<\/p>\t\t\t\t\t<\/div>\n\t\t\t\t\t\t<\/div>\n\t\t\t\t<\/div>\n\t\t\t\t\t\t<\/div>\n\t\t\t\t\t<\/div>\n\t\t<\/div>\n\t\t\t\t<div class=\"elementor-column elementor-col-50 elementor-inner-column elementor-element elementor-element-4693dee\" data-id=\"4693dee\" data-element_type=\"column\">\n\t\t\t<div class=\"elementor-column-wrap elementor-element-populated\">\n\t\t\t\t\t\t\t<div class=\"elementor-widget-wrap\">\n\t\t\t\t\t\t<div class=\"elementor-element elementor-element-dcd6b4c elementor-widget elementor-widget-image\" data-id=\"dcd6b4c\" data-element_type=\"widget\" data-widget_type=\"image.default\">\n\t\t\t\t<div class=\"elementor-widget-container\">\n\t\t\t\t\t\t\t\t<div class=\"elementor-image\">\n\t\t\t\t\t\t\t\t\t\t\t\t<img width=\"1280\" height=\"725\" src=\"https:\/\/www.medellin.gov.co\/es\/wp-content\/uploads\/2024\/06\/Sello-Verde-2.jpg\" class=\"attachment-full size-full\" alt=\"Programa Sello Verde para establecimientos seguros\" loading=\"lazy\" srcset=\"https:\/\/www.medellin.gov.co\/es\/wp-content\/uploads\/2024\/06\/Sello-Verde-2.jpg 1280w, https:\/\/www.medellin.gov.co\/es\/wp-content\/uploads\/2024\/06\/Sello-Verde-2-300x170.jpg 300w, https:\/\/www.medellin.gov.co\/es\/wp-content\/uploads\/2024\/06\/Sello-Verde-2-1024x580.jpg 1024w, https:\/\/www.medellin.gov.co\/es\/wp-content\/uploads\/2024\/06\/Sello-Verde-2-150x85.jpg 150w, https:\/\/www.medellin.gov.co\/es\/wp-content\/uploads\/2024\/06\/Sello-Verde-2-768x435.jpg 768w\" sizes=\"(max-width: 1280px) 100vw, 1280px\" \/>\t\t\t\t\t\t\t\t\t\t\t\t\t\t<\/div>\n\t\t\t\t\t\t<\/div>\n\t\t\t\t<\/div>\n\t\t\t\t\t\t<\/div>\n\t\t\t\t\t<\/div>\n\t\t<\/div>\n\t\t\t\t\t\t\t\t<\/div>\n\t\t\t\t\t<\/div>\n\t\t<\/section>\n\t\t\t\t\t\t<\/div>\n\t\t\t\t\t<\/div>\n\t\t<\/div>\n\t\t\t\t\t\t\t\t<\/div>\n\t\t\t\t\t<\/div>\n\t\t<\/section>\n\t\t\t\t\t\t\t\t\t<\/div>\n\t\t\t<\/div>\n\t\t\t\t\t<\/div>\n\t\t","protected":false},"excerpt":{"rendered":"<p>Programa Establecimientos Seguros y Abiertos al P\u00fablico El proyecto de establecimientos sanos, seguros y saludables es el encargado de realizar inspecci\u00f3n, vigilancia y control a los establecimientos abiertos al p\u00fablico en la ciudad de Medell\u00edn, &#8230;<\/p>\n","protected":false},"author":1,"featured_media":17425,"parent":17247,"menu_order":20,"comment_status":"closed","ping_status":"closed","template":"sec-salud\/elementor.php","meta":[],"acf":[],"_links":{"self":[{"href":"https:\/\/www.medellin.gov.co\/es\/wp-json\/wp\/v2\/pages\/17629"}],"collection":[{"href":"https:\/\/www.medellin.gov.co\/es\/wp-json\/wp\/v2\/pages"}],"about":[{"href":"https:\/\/www.medellin.gov.co\/es\/wp-json\/wp\/v2\/types\/page"}],"author":[{"embeddable":true,"href":"https:\/\/www.medellin.gov.co\/es\/wp-json\/wp\/v2\/users\/1"}],"replies":[{"embeddable":true,"href":"https:\/\/www.medellin.gov.co\/es\/wp-json\/wp\/v2\/comments?post=17629"}],"version-history":[{"count":10,"href":"https:\/\/www.medellin.gov.co\/es\/wp-json\/wp\/v2\/pages\/17629\/revisions"}],"predecessor-version":[{"id":341589,"href":"https:\/\/www.medellin.gov.co\/es\/wp-json\/wp\/v2\/pages\/17629\/revisions\/341589"}],"up":[{"embeddable":true,"href":"https:\/\/www.medellin.gov.co\/es\/wp-json\/wp\/v2\/pages\/17247"}],"wp:featuredmedia":[{"embeddable":true,"href":"https:\/\/www.medellin.gov.co\/es\/wp-json\/wp\/v2\/media\/17425"}],"wp:attachment":[{"href":"https:\/\/www.medellin.gov.co\/es\/wp-json\/wp\/v2\/media?parent=17629"}],"curies":[{"name":"wp","href":"https:\/\/api.w.org\/{rel}","templated":true}]}}