{"id":17651,"date":"2021-09-24T14:32:18","date_gmt":"2021-09-24T19:32:18","guid":{"rendered":"https:\/\/www.medellin.gov.co\/es\/?page_id=17651"},"modified":"2022-06-14T16:38:05","modified_gmt":"2022-06-14T21:38:05","slug":"vacunas-contra-covid-19","status":"publish","type":"page","link":"https:\/\/www.medellin.gov.co\/es\/secretaria-de-salud\/covid-19\/vacunacion-covid\/vacunas-contra-covid-19\/","title":{"rendered":"Tipos de vacunas contra la Covid 19 en Medell\u00edn"},"content":{"rendered":"\t\t<div data-elementor-type=\"wp-page\" data-elementor-id=\"17651\" class=\"elementor elementor-17651\">\n\t\t\t\t\t\t<div class=\"elementor-inner\">\n\t\t\t\t<div class=\"elementor-section-wrap\">\n\t\t\t\t\t\t\t\t\t<section class=\"elementor-section elementor-top-section elementor-element elementor-element-a60205f elementor-section-boxed elementor-section-height-default elementor-section-height-default\" data-id=\"a60205f\" data-element_type=\"section\">\n\t\t\t\t\t\t<div class=\"elementor-container elementor-column-gap-default\">\n\t\t\t\t\t\t\t<div class=\"elementor-row\">\n\t\t\t\t\t<div class=\"elementor-column elementor-col-100 elementor-top-column elementor-element elementor-element-8ede769\" data-id=\"8ede769\" data-element_type=\"column\">\n\t\t\t<div class=\"elementor-column-wrap elementor-element-populated\">\n\t\t\t\t\t\t\t<div class=\"elementor-widget-wrap\">\n\t\t\t\t\t\t<div class=\"elementor-element elementor-element-d3fb597 elementor-widget elementor-widget-heading\" data-id=\"d3fb597\" data-element_type=\"widget\" data-widget_type=\"heading.default\">\n\t\t\t\t<div class=\"elementor-widget-container\">\n\t\t\t<h1 class=\"elementor-heading-title elementor-size-default\">Tipos de vacunas contra la COVID-19 en Medell\u00edn<\/h1>\t\t<\/div>\n\t\t\t\t<\/div>\n\t\t\t\t<div class=\"elementor-element elementor-element-fc6f17d elementor-widget elementor-widget-heading\" data-id=\"fc6f17d\" data-element_type=\"widget\" data-widget_type=\"heading.default\">\n\t\t\t\t<div class=\"elementor-widget-container\">\n\t\t\t<h2 class=\"elementor-heading-title elementor-size-default\"><b>Vacuna Pfizer<\/b> (Pfizer &amp; BioNtech &amp; Fosum Pharma)<\/h2>\t\t<\/div>\n\t\t\t\t<\/div>\n\t\t\t\t<div class=\"elementor-element elementor-element-da407ea elementor-widget elementor-widget-text-editor\" data-id=\"da407ea\" data-element_type=\"widget\" data-widget_type=\"text-editor.default\">\n\t\t\t\t<div class=\"elementor-widget-container\">\n\t\t\t\t\t\t\t\t<div class=\"elementor-text-editor elementor-clearfix\">\n\t\t\t\t<ul><li>Pa\u00eds de origen:\u00a0 EEUU y Alemania<\/li><li>N\u00famero de dosis requeridas:\u00a0 2 dosis<\/li><li>Tipo de vacuna: RNA mensajero<\/li><li>Protecci\u00f3n: 95 %<\/li><li>Reacciones esperadas dolor, hinchaz\u00f3n, enrojecimiento, cansancio y dolor de cabeza.<\/li><\/ul>\t\t\t\t\t<\/div>\n\t\t\t\t\t\t<\/div>\n\t\t\t\t<\/div>\n\t\t\t\t<div class=\"elementor-element elementor-element-6c1101a elementor-widget elementor-widget-text-editor\" data-id=\"6c1101a\" data-element_type=\"widget\" data-widget_type=\"text-editor.default\">\n\t\t\t\t<div class=\"elementor-widget-container\">\n\t\t\t\t\t\t\t\t<div class=\"elementor-text-editor elementor-clearfix\">\n\t\t\t\t<p>\u00bfC\u00f3mo funciona? Vacunas como estas al ser inyectadas en nuestro cuerpo entran a las c\u00e9lulas y le llevan un mensaje para que produzcan una porci\u00f3n inofensiva de una de las prote\u00ednas de la COVID-19, las cuales no producen la enfermedad.<\/p><p>Nuestro sistema de defensas reconoce esta prote\u00edna como un cuerpo extra\u00f1o y empieza a producir defensas para destruirla como ocurre cuando hay una infecci\u00f3n natural contra el COVID-19.<\/p><p>Al final del proceso, nuestro organismo habr\u00e1 aprendido a c\u00f3mo protegerse contra futuras infecciones. Como en todas las vacunas, el beneficio de las de RNA mensajero es que ofrecen protecci\u00f3n sin correr el riesgo de sufrir consecuencias graves por contraer COVID-19.<\/p>\t\t\t\t\t<\/div>\n\t\t\t\t\t\t<\/div>\n\t\t\t\t<\/div>\n\t\t\t\t<div class=\"elementor-element elementor-element-0552a85 elementor-widget elementor-widget-heading\" data-id=\"0552a85\" data-element_type=\"widget\" data-widget_type=\"heading.default\">\n\t\t\t\t<div class=\"elementor-widget-container\">\n\t\t\t<h2 class=\"elementor-heading-title elementor-size-default\"><b>Vacuna AstraZeneca<\/b><\/h2>\t\t<\/div>\n\t\t\t\t<\/div>\n\t\t\t\t<div class=\"elementor-element elementor-element-3cac84c elementor-widget elementor-widget-text-editor\" data-id=\"3cac84c\" data-element_type=\"widget\" data-widget_type=\"text-editor.default\">\n\t\t\t\t<div class=\"elementor-widget-container\">\n\t\t\t\t\t\t\t\t<div class=\"elementor-text-editor elementor-clearfix\">\n\t\t\t\t<ul><li>Pa\u00eds de origen: Reino Unido<\/li><li>N\u00famero de dosis requeridas:\u00a0 2 dosis<\/li><li>Tipo de vacuna: vector viral<\/li><li>Protecci\u00f3n: 62 a 90 %<\/li><li>Reacciones esperadas: dolor, hinchaz\u00f3n, enrojecimiento, dolor de cabeza, n\u00e1useas y cansancio.<\/li><\/ul>\t\t\t\t\t<\/div>\n\t\t\t\t\t\t<\/div>\n\t\t\t\t<\/div>\n\t\t\t\t<div class=\"elementor-element elementor-element-ef14fe5 elementor-widget elementor-widget-text-editor\" data-id=\"ef14fe5\" data-element_type=\"widget\" data-widget_type=\"text-editor.default\">\n\t\t\t\t<div class=\"elementor-widget-container\">\n\t\t\t\t\t\t\t\t<div class=\"elementor-text-editor elementor-clearfix\">\n\t\t\t\t<p>\u00bfC\u00f3mo funciona? Lo que aqu\u00ed se conoce como vector es un virus que fue manipulado y al cual se le quita la posibilidad de hacer da\u00f1o. El vector es una especie de veh\u00edculo que sirve para transportar el material gen\u00e9tico de una prote\u00edna del virus que produce la COVID-19 (prote\u00edna espiga), pero que no es suficiente para producir la enfermedad. El organismo la detecta y empieza a generar defensas para esa prote\u00edna. Cuando el virus completo ataca el organismo, este reconoce esa prote\u00edna y activa las defensas que ya fueron producidas ante la estimulaci\u00f3n de esta vacuna.<\/p><p>Este tipo de vacunas han sido utilizadas con \u00e9xito en enfermedades como el \u00e9bola y la viruela.<\/p>\t\t\t\t\t<\/div>\n\t\t\t\t\t\t<\/div>\n\t\t\t\t<\/div>\n\t\t\t\t<div class=\"elementor-element elementor-element-d86681c elementor-widget elementor-widget-heading\" data-id=\"d86681c\" data-element_type=\"widget\" data-widget_type=\"heading.default\">\n\t\t\t\t<div class=\"elementor-widget-container\">\n\t\t\t<h2 class=\"elementor-heading-title elementor-size-default\"><b>Vacuna Sinovac<\/b><\/h2>\t\t<\/div>\n\t\t\t\t<\/div>\n\t\t\t\t<div class=\"elementor-element elementor-element-a49c942 elementor-widget elementor-widget-text-editor\" data-id=\"a49c942\" data-element_type=\"widget\" data-widget_type=\"text-editor.default\">\n\t\t\t\t<div class=\"elementor-widget-container\">\n\t\t\t\t\t\t\t\t<div class=\"elementor-text-editor elementor-clearfix\">\n\t\t\t\t<ul><li>Pa\u00eds de origen: China<\/li><li>N\u00famero de dosis requeridas: 2 dosis.<\/li><li>Tipo de vacuna: virus inactivado<\/li><li>Protecci\u00f3n: 50,3 %<\/li><li>Reacciones esperadas: dolor en el brazo, hinchaz\u00f3n y enrojecimiento, fiebre, cansancio.<\/li><\/ul>\t\t\t\t\t<\/div>\n\t\t\t\t\t\t<\/div>\n\t\t\t\t<\/div>\n\t\t\t\t<div class=\"elementor-element elementor-element-e2a4274 elementor-widget elementor-widget-text-editor\" data-id=\"e2a4274\" data-element_type=\"widget\" data-widget_type=\"text-editor.default\">\n\t\t\t\t<div class=\"elementor-widget-container\">\n\t\t\t\t\t\t\t\t<div class=\"elementor-text-editor elementor-clearfix\">\n\t\t\t\t<p>\u00bfC\u00f3mo funciona? Al virus del SARS-CoV-2 se le hace un cultivo que se inactiva mediante una sustancia qu\u00edmica, que permite degradar todo el material gen\u00e9tico, excepto el cascar\u00f3n.<\/p><p>Esto hace que cuando se inyecta la vacuna en el sistema de defensa de la persona, se reconoce el cascar\u00f3n del virus, produciendo una respuesta inmunol\u00f3gica.<\/p><p>Lo anterior significa que produce anticuerpos para que cuando llegue realmente el virus causante de la enfermedad de la COVID-19, la persona se encuentre preparada con anticuerpos adecuados. Se destaca que esta plataforma es conocida en otras vacunas desde hace m\u00e1s de cien a\u00f1os.<\/p>\t\t\t\t\t<\/div>\n\t\t\t\t\t\t<\/div>\n\t\t\t\t<\/div>\n\t\t\t\t<div class=\"elementor-element elementor-element-9bfb0eb elementor-widget elementor-widget-heading\" data-id=\"9bfb0eb\" data-element_type=\"widget\" data-widget_type=\"heading.default\">\n\t\t\t\t<div class=\"elementor-widget-container\">\n\t\t\t<h2 class=\"elementor-heading-title elementor-size-default\"><b>Vacuna Janssen<\/b><\/h2>\t\t<\/div>\n\t\t\t\t<\/div>\n\t\t\t\t<div class=\"elementor-element elementor-element-1ce9c8e elementor-widget elementor-widget-text-editor\" data-id=\"1ce9c8e\" data-element_type=\"widget\" data-widget_type=\"text-editor.default\">\n\t\t\t\t<div class=\"elementor-widget-container\">\n\t\t\t\t\t\t\t\t<div class=\"elementor-text-editor elementor-clearfix\">\n\t\t\t\t<ul><li>Pa\u00eds de origen: Estados Unidos<\/li><li>N\u00famero de dosis requeridas:\u00a0 1 dosis<\/li><li>Tipo de vacuna: vector viral<\/li><li>Protecci\u00f3n: 66 %<\/li><li>Reacciones esperadas: fiebre, dolor de cabeza y fatiga.<\/li><\/ul>\t\t\t\t\t<\/div>\n\t\t\t\t\t\t<\/div>\n\t\t\t\t<\/div>\n\t\t\t\t<div class=\"elementor-element elementor-element-996dd35 elementor-widget elementor-widget-text-editor\" data-id=\"996dd35\" data-element_type=\"widget\" data-widget_type=\"text-editor.default\">\n\t\t\t\t<div class=\"elementor-widget-container\">\n\t\t\t\t\t\t\t\t<div class=\"elementor-text-editor elementor-clearfix\">\n\t\t\t\t<p>\u00bfC\u00f3mo funciona? Utiliza un virus del resfriado com\u00fan conocido como adenovirus tipo 26 modificado gen\u00e9ticamente para que ya no pueda replicarse en humanos y causar enfermedades, e introducir prote\u00ednas del coronavirus en las c\u00e9lulas del cuerpo y desencadenar una respuesta inmunitaria.<\/p>\t\t\t\t\t<\/div>\n\t\t\t\t\t\t<\/div>\n\t\t\t\t<\/div>\n\t\t\t\t<div class=\"elementor-element elementor-element-5f34227 elementor-widget elementor-widget-heading\" data-id=\"5f34227\" data-element_type=\"widget\" data-widget_type=\"heading.default\">\n\t\t\t\t<div class=\"elementor-widget-container\">\n\t\t\t<h2 class=\"elementor-heading-title elementor-size-default\"><b>Vacuna Moderna<\/b><\/h2>\t\t<\/div>\n\t\t\t\t<\/div>\n\t\t\t\t<div class=\"elementor-element elementor-element-d49b875 elementor-widget elementor-widget-text-editor\" data-id=\"d49b875\" data-element_type=\"widget\" data-widget_type=\"text-editor.default\">\n\t\t\t\t<div class=\"elementor-widget-container\">\n\t\t\t\t\t\t\t\t<div class=\"elementor-text-editor elementor-clearfix\">\n\t\t\t\t<ul><li>Pa\u00eds de origen: Estados Unidos<\/li><li>N\u00famero de dosis requeridas: 2 dosis<\/li><li>Tipo de vacuna: ARN mensajero<\/li><li>Protecci\u00f3n: 94 %<\/li><li>Reacciones esperadas: fiebre, dolor de cabeza y fatiga.<\/li><\/ul>\t\t\t\t\t<\/div>\n\t\t\t\t\t\t<\/div>\n\t\t\t\t<\/div>\n\t\t\t\t<div class=\"elementor-element elementor-element-e758930 elementor-widget elementor-widget-text-editor\" data-id=\"e758930\" data-element_type=\"widget\" data-widget_type=\"text-editor.default\">\n\t\t\t\t<div class=\"elementor-widget-container\">\n\t\t\t\t\t\t\t\t<div class=\"elementor-text-editor elementor-clearfix\">\n\t\t\t\t<p>\u00bfC\u00f3mo funciona? Vacunas como estas al ser inyectadas en nuestro cuerpo entran a las c\u00e9lulas y le llevan un mensaje para que produzca una porci\u00f3n inofensiva de una de las prote\u00ednas de la COVID-19, las cuales no producen la enfermedad.<\/p>\t\t\t\t\t<\/div>\n\t\t\t\t\t\t<\/div>\n\t\t\t\t<\/div>\n\t\t\t\t\t\t<\/div>\n\t\t\t\t\t<\/div>\n\t\t<\/div>\n\t\t\t\t\t\t\t\t<\/div>\n\t\t\t\t\t<\/div>\n\t\t<\/section>\n\t\t\t\t<section class=\"elementor-section elementor-top-section elementor-element elementor-element-c0d6141 elementor-section-boxed elementor-section-height-default elementor-section-height-default\" data-id=\"c0d6141\" data-element_type=\"section\" data-settings=\"{&quot;background_background&quot;:&quot;classic&quot;}\">\n\t\t\t\t\t\t<div class=\"elementor-container elementor-column-gap-default\">\n\t\t\t\t\t\t\t<div class=\"elementor-row\">\n\t\t\t\t\t<div class=\"elementor-column elementor-col-100 elementor-top-column elementor-element elementor-element-da54288\" data-id=\"da54288\" data-element_type=\"column\">\n\t\t\t<div class=\"elementor-column-wrap elementor-element-populated\">\n\t\t\t\t\t\t\t<div class=\"elementor-widget-wrap\">\n\t\t\t\t\t\t<div class=\"elementor-element elementor-element-3ed176c elementor-widget elementor-widget-text-editor\" data-id=\"3ed176c\" data-element_type=\"widget\" data-widget_type=\"text-editor.default\">\n\t\t\t\t<div class=\"elementor-widget-container\">\n\t\t\t\t\t\t\t\t<div class=\"elementor-text-editor elementor-clearfix\">\n\t\t\t\t<p>Nuestro sistema de defensas reconoce esta prote\u00edna como un cuerpo extra\u00f1o y empieza a producir defensas para destruirla como ocurre cuando hay una infecci\u00f3n natural contra la COVID-19.<\/p><p>Al final del proceso nuestro organismo habr\u00e1 aprendido a c\u00f3mo protegerse contra futuras infecciones. Como en todas las vacunas, el beneficio de las de RNA mensajero es que ofrecen protecci\u00f3n sin correr el riesgo de sufrir consecuencias graves por contraer COVID-19.<\/p>\t\t\t\t\t<\/div>\n\t\t\t\t\t\t<\/div>\n\t\t\t\t<\/div>\n\t\t\t\t\t\t<\/div>\n\t\t\t\t\t<\/div>\n\t\t<\/div>\n\t\t\t\t\t\t\t\t<\/div>\n\t\t\t\t\t<\/div>\n\t\t<\/section>\n\t\t\t\t\t\t\t\t\t<\/div>\n\t\t\t<\/div>\n\t\t\t\t\t<\/div>\n\t\t","protected":false},"excerpt":{"rendered":"<p>Tipos de vacunas contra la COVID-19 en Medell\u00edn Vacuna Pfizer (Pfizer &amp; BioNtech &amp; Fosum Pharma) Pa\u00eds de origen:\u00a0 EEUU y Alemania N\u00famero de dosis requeridas:\u00a0 2 dosis Tipo de vacuna: RNA mensajero Protecci\u00f3n: 95 &#8230;<\/p>\n","protected":false},"author":1,"featured_media":17425,"parent":17635,"menu_order":15,"comment_status":"closed","ping_status":"closed","template":"sec-salud\/elementor.php","meta":[],"acf":[],"_links":{"self":[{"href":"https:\/\/www.medellin.gov.co\/es\/wp-json\/wp\/v2\/pages\/17651"}],"collection":[{"href":"https:\/\/www.medellin.gov.co\/es\/wp-json\/wp\/v2\/pages"}],"about":[{"href":"https:\/\/www.medellin.gov.co\/es\/wp-json\/wp\/v2\/types\/page"}],"author":[{"embeddable":true,"href":"https:\/\/www.medellin.gov.co\/es\/wp-json\/wp\/v2\/users\/1"}],"replies":[{"embeddable":true,"href":"https:\/\/www.medellin.gov.co\/es\/wp-json\/wp\/v2\/comments?post=17651"}],"version-history":[{"count":21,"href":"https:\/\/www.medellin.gov.co\/es\/wp-json\/wp\/v2\/pages\/17651\/revisions"}],"predecessor-version":[{"id":65762,"href":"https:\/\/www.medellin.gov.co\/es\/wp-json\/wp\/v2\/pages\/17651\/revisions\/65762"}],"up":[{"embeddable":true,"href":"https:\/\/www.medellin.gov.co\/es\/wp-json\/wp\/v2\/pages\/17635"}],"wp:featuredmedia":[{"embeddable":true,"href":"https:\/\/www.medellin.gov.co\/es\/wp-json\/wp\/v2\/media\/17425"}],"wp:attachment":[{"href":"https:\/\/www.medellin.gov.co\/es\/wp-json\/wp\/v2\/media?parent=17651"}],"curies":[{"name":"wp","href":"https:\/\/api.w.org\/{rel}","templated":true}]}}