{"id":189225,"date":"2023-04-27T14:18:14","date_gmt":"2023-04-27T19:18:14","guid":{"rendered":"https:\/\/www.medellin.gov.co\/es\/?page_id=189225"},"modified":"2023-04-29T12:10:30","modified_gmt":"2023-04-29T17:10:30","slug":"si-yo-fuera-alcalde-6-8","status":"publish","type":"page","link":"https:\/\/www.medellin.gov.co\/es\/portal-ninos\/si-yo-fuera-alcalde-6-8\/","title":{"rendered":"Si yo fuera alcalde"},"content":{"rendered":"\t\t<div data-elementor-type=\"wp-page\" data-elementor-id=\"189225\" class=\"elementor elementor-189225\">\n\t\t\t\t\t\t<div class=\"elementor-inner\">\n\t\t\t\t<div class=\"elementor-section-wrap\">\n\t\t\t\t\t\t\t\t\t<section class=\"elementor-section elementor-top-section elementor-element elementor-element-63ea577 elementor-section-full_width elementor-section-stretched elementor-section-height-default elementor-section-height-default\" data-id=\"63ea577\" data-element_type=\"section\" data-settings=\"{&quot;stretch_section&quot;:&quot;section-stretched&quot;,&quot;background_background&quot;:&quot;gradient&quot;}\">\n\t\t\t\t\t\t<div class=\"elementor-container elementor-column-gap-default\">\n\t\t\t\t\t\t\t<div class=\"elementor-row\">\n\t\t\t\t\t<div class=\"elementor-column elementor-col-100 elementor-top-column elementor-element elementor-element-21a46c5\" data-id=\"21a46c5\" data-element_type=\"column\">\n\t\t\t<div class=\"elementor-column-wrap elementor-element-populated\">\n\t\t\t\t\t\t\t<div class=\"elementor-widget-wrap\">\n\t\t\t\t\t\t<div class=\"elementor-element elementor-element-038daa8 elementor-widget elementor-widget-html\" data-id=\"038daa8\" data-element_type=\"widget\" data-widget_type=\"html.default\">\n\t\t\t\t<div class=\"elementor-widget-container\">\n\t\t\t<section id=\"modulo-principal-imagen-texto\">\n    \n    <div id=\"texto-modulo-principal-ninos\">\n        \n        <div id=\"circulo-ninos\">\n    \n         <\/div>\n        \n        <h1>Si yo fuera <br> Alcalde<\/h1>\n        \n        <p>Si mi amigo fuera alcalde, le dir\u00eda que ponga la cosa m\u00e1s buena y no vuelva la comida m\u00e1s cara de lo que es, porque una libra ya vale dos mil quinientos. Le dir\u00eda que le d\u00e9 con toda, que hable con el presidente, con todos para que lo dejen ser alcalde. Y que se anime a proteger al barrio\u2026aunque si yo fuera alcalde, har\u00eda parques, casas y sembrar\u00eda. Tambi\u00e9n conseguir\u00eda m\u00e1s comida pa\u2019 las familias, pa\u2019 los perros, los gatos y los animales, \u00bfy t\u00fa? \u00bfQu\u00e9 har\u00edas si fueras alcalde?\n        <\/p>\n        \n        \n    <\/div>\n    \n<\/section>\n\n<section>\n\n<div id=\"imagen-modulo-principal-ninos\">\n    <img src=\"https:\/\/www.medellin.gov.co\/es\/wp-content\/uploads\/2023\/04\/si-yo-fuera-alcalde-cover.jpg\" \/>\n<\/div>\n\n<\/section>\n\n\n\n\n\n\n\t\t<\/div>\n\t\t\t\t<\/div>\n\t\t\t\t\t\t<\/div>\n\t\t\t\t\t<\/div>\n\t\t<\/div>\n\t\t\t\t\t\t\t\t<\/div>\n\t\t\t\t\t<\/div>\n\t\t<\/section>\n\t\t\t\t<section class=\"elementor-section elementor-top-section elementor-element elementor-element-8831caa elementor-section-height-min-height elementor-section-stretched elementor-section-full_width elementor-section-height-default elementor-section-items-middle\" data-id=\"8831caa\" data-element_type=\"section\" data-settings=\"{&quot;stretch_section&quot;:&quot;section-stretched&quot;,&quot;background_background&quot;:&quot;gradient&quot;}\">\n\t\t\t\t\t\t<div class=\"elementor-container elementor-column-gap-default\">\n\t\t\t\t\t\t\t<div class=\"elementor-row\">\n\t\t\t\t\t<div class=\"elementor-column elementor-col-100 elementor-top-column elementor-element elementor-element-ce737d5\" data-id=\"ce737d5\" data-element_type=\"column\">\n\t\t\t<div class=\"elementor-column-wrap elementor-element-populated\">\n\t\t\t\t\t\t\t<div class=\"elementor-widget-wrap\">\n\t\t\t\t\t\t<section class=\"elementor-section elementor-inner-section elementor-element elementor-element-c2dc610 elementor-section-boxed elementor-section-height-default elementor-section-height-default\" data-id=\"c2dc610\" data-element_type=\"section\">\n\t\t\t\t\t\t<div class=\"elementor-container elementor-column-gap-default\">\n\t\t\t\t\t\t\t<div class=\"elementor-row\">\n\t\t\t\t\t<div class=\"elementor-column elementor-col-100 elementor-inner-column elementor-element elementor-element-5bc320a\" data-id=\"5bc320a\" data-element_type=\"column\">\n\t\t\t<div class=\"elementor-column-wrap elementor-element-populated\">\n\t\t\t\t\t\t\t<div class=\"elementor-widget-wrap\">\n\t\t\t\t\t\t<div class=\"elementor-element elementor-element-6125a9f elementor-widget__width-inherit elementor-widget elementor-widget-heading\" data-id=\"6125a9f\" data-element_type=\"widget\" data-widget_type=\"heading.default\">\n\t\t\t\t<div class=\"elementor-widget-container\">\n\t\t\t<h2 class=\"elementor-heading-title elementor-size-default\">Videos<\/h2>\t\t<\/div>\n\t\t\t\t<\/div>\n\t\t\t\t<div class=\"elementor-element elementor-element-219ef23 elementor-widget__width-initial elementor-widget-mobile__width-initial elementor-widget elementor-widget-text-editor\" data-id=\"219ef23\" data-element_type=\"widget\" data-widget_type=\"text-editor.default\">\n\t\t\t\t<div class=\"elementor-widget-container\">\n\t\t\t\t\t\t\t\t<div class=\"elementor-text-editor elementor-clearfix\">\n\t\t\t\t<p><span style=\"font-weight: 400;\">Muuuchos videos para aprender, divertirse y conocer la ciudad. Este es como un YouTube, pero mejor porque es para nosotros los ni\u00f1os y ni\u00f1as \u00a1Elige tu video favorito y m\u00edralo!<\/span><\/p>\t\t\t\t\t<\/div>\n\t\t\t\t\t\t<\/div>\n\t\t\t\t<\/div>\n\t\t\t\t<div class=\"elementor-element elementor-element-a75983c elementor-widget__width-inherit elementor-aspect-ratio-219 elementor-widget elementor-widget-video\" data-id=\"a75983c\" data-element_type=\"widget\" data-settings=\"{&quot;youtube_url&quot;:&quot;https:\\\/\\\/youtu.be\\\/RfLpatwklPs&quot;,&quot;aspect_ratio&quot;:&quot;219&quot;,&quot;video_type&quot;:&quot;youtube&quot;,&quot;controls&quot;:&quot;yes&quot;}\" data-widget_type=\"video.default\">\n\t\t\t\t<div class=\"elementor-widget-container\">\n\t\t\t\t\t<div class=\"elementor-wrapper elementor-fit-aspect-ratio elementor-open-inline\">\n\t\t\t<div class=\"elementor-video\"><\/div>\t\t<\/div>\n\t\t\t\t<\/div>\n\t\t\t\t<\/div>\n\t\t\t\t\t\t<\/div>\n\t\t\t\t\t<\/div>\n\t\t<\/div>\n\t\t\t\t\t\t\t\t<\/div>\n\t\t\t\t\t<\/div>\n\t\t<\/section>\n\t\t\t\t\t\t<\/div>\n\t\t\t\t\t<\/div>\n\t\t<\/div>\n\t\t\t\t\t\t\t\t<\/div>\n\t\t\t\t\t<\/div>\n\t\t<\/section>\n\t\t\t\t<section class=\"elementor-section elementor-top-section elementor-element elementor-element-d19979a elementor-section-height-min-height elementor-section-stretched elementor-section-full_width elementor-section-height-default elementor-section-items-middle\" data-id=\"d19979a\" data-element_type=\"section\" data-settings=\"{&quot;stretch_section&quot;:&quot;section-stretched&quot;,&quot;background_background&quot;:&quot;classic&quot;}\">\n\t\t\t\t\t\t<div class=\"elementor-container elementor-column-gap-default\">\n\t\t\t\t\t\t\t<div class=\"elementor-row\">\n\t\t\t\t\t<div class=\"elementor-column elementor-col-100 elementor-top-column elementor-element elementor-element-9feb37d\" data-id=\"9feb37d\" data-element_type=\"column\">\n\t\t\t<div class=\"elementor-column-wrap elementor-element-populated\">\n\t\t\t\t\t\t\t<div class=\"elementor-widget-wrap\">\n\t\t\t\t\t\t<section class=\"elementor-section elementor-inner-section elementor-element elementor-element-c5b25b1 elementor-section-boxed elementor-section-height-default elementor-section-height-default\" data-id=\"c5b25b1\" data-element_type=\"section\">\n\t\t\t\t\t\t<div class=\"elementor-container elementor-column-gap-default\">\n\t\t\t\t\t\t\t<div class=\"elementor-row\">\n\t\t\t\t\t<div class=\"elementor-column elementor-col-100 elementor-inner-column elementor-element elementor-element-8b688ba\" data-id=\"8b688ba\" data-element_type=\"column\">\n\t\t\t<div class=\"elementor-column-wrap elementor-element-populated\">\n\t\t\t\t\t\t\t<div class=\"elementor-widget-wrap\">\n\t\t\t\t\t\t<div class=\"elementor-element elementor-element-44cca01 elementor-grid-3 elementor-grid-tablet-2 elementor-grid-mobile-1 elementor-aspect-ratio-169 pp-swiper-slider-pagination-outside elementor-widget elementor-widget-pp-video-gallery\" data-id=\"44cca01\" data-element_type=\"widget\" data-settings=\"{&quot;layout&quot;:&quot;carousel&quot;,&quot;columns_gap&quot;:{&quot;unit&quot;:&quot;%&quot;,&quot;size&quot;:50,&quot;sizes&quot;:[]},&quot;columns_gap_tablet&quot;:{&quot;unit&quot;:&quot;%&quot;,&quot;size&quot;:&quot;&quot;,&quot;sizes&quot;:[]},&quot;columns_gap_mobile&quot;:{&quot;unit&quot;:&quot;%&quot;,&quot;size&quot;:&quot;&quot;,&quot;sizes&quot;:[]}}\" data-widget_type=\"pp-video-gallery.default\">\n\t\t\t\t<div class=\"elementor-widget-container\">\n\t\t\t\t\t<div class=\"pp-video-gallery-container pp-video-gallery-carousel\">\n\t\t\t<div class=\"pp-video-gallery-wrapper swiper-container-wrap\" data-slider-settings=\"{&quot;direction&quot;:&quot;horizontal&quot;,&quot;speed&quot;:600,&quot;slidesPerView&quot;:3,&quot;slidesPerGroup&quot;:1,&quot;spaceBetween&quot;:50,&quot;autoHeight&quot;:true,&quot;loop&quot;:true,&quot;autoplay&quot;:{&quot;delay&quot;:999999},&quot;pagination&quot;:{&quot;el&quot;:&quot;.swiper-pagination-44cca01&quot;,&quot;type&quot;:&quot;bullets&quot;,&quot;clickable&quot;:true},&quot;navigation&quot;:{&quot;nextEl&quot;:&quot;.swiper-button-next-44cca01&quot;,&quot;prevEl&quot;:&quot;.swiper-button-prev-44cca01&quot;},&quot;breakpoints&quot;:{&quot;1025&quot;:{&quot;slidesPerView&quot;:3,&quot;slidesPerGroup&quot;:1,&quot;spaceBetween&quot;:50},&quot;768&quot;:{&quot;slidesPerView&quot;:2,&quot;slidesPerGroup&quot;:1,&quot;spaceBetween&quot;:10},&quot;320&quot;:{&quot;slidesPerView&quot;:1,&quot;slidesPerGroup&quot;:1,&quot;spaceBetween&quot;:10}}}\">\n\t\t\t\t\t\t\t\t<div class=\"pp-video-gallery pp-swiper-slider swiper-container\" data-action=\"lightbox\" dir=\"ltr\">\n\t\t\t\t\t\t\t\t\t\t<div class=\"swiper-wrapper\">\n\t\t\t\t\t\t\t\t\t\t\t\t\t\t<div class=\"pp-video-gallery-item-wrap swiper-slide\">\n\t\t\t\t<div class=\"pp-grid-item pp-video-gallery-item\">\n\t\t\t\t\t<div class=\"pp-video-title-wrap\">\n\t\t\t\t\t\t\t\t\t\t\t\t<div class=\"pp-video-container elementor-fit-aspect-ratio\">\n\t\t\t\t\t\t\t<div class=\"pp-video-play\" data-fancybox=\"video-gallery-44cca01\" href=\"https:\/\/youtu.be\/alrqTbkup-M\">\n\t\t\t\t\t\t\t\t<div class=\"pp-media-overlay pp-video-gallery-overlay\"><\/div>\t\t\t\t\t\t\t\t<div class=\"pp-video-player\">\n\t\t\t\t\t\t\t\t\t\t\t\t\t\t\t\t\t\t\t<img class=\"pp-video-thumb\" src=\"https:\/\/i.ytimg.com\/vi\/alrqTbkup-M\/maxresdefault.jpg\" alt=\"YouTube\">\n\t\t\t\t\t\t\t\t\t\t\t\t\t\t\t\t\t\t\t\t\t<span class=\"pp-video-play-icon pp-icon\">\n\t\t\t\t<i aria-hidden=\"true\" class=\"fas fa-play\"><\/i>\t\t\t<\/span>\n\t\t\t\t\t\t\t\t\t\t\t<\/div>\n\t\t\t\t\t\t\t<\/div>\n\t\t\t\t\t\t<\/div>\n\t\t\t\t\t<\/div>\n\t\t\t\t\t\t\t\t\t<\/div>\n\t\t\t<\/div>\n\t\t\t\t\t\t<div class=\"pp-video-gallery-item-wrap swiper-slide\">\n\t\t\t\t<div class=\"pp-grid-item pp-video-gallery-item\">\n\t\t\t\t\t<div class=\"pp-video-title-wrap\">\n\t\t\t\t\t\t\t\t\t\t\t\t<div class=\"pp-video-container elementor-fit-aspect-ratio\">\n\t\t\t\t\t\t\t<div class=\"pp-video-play\" data-fancybox=\"video-gallery-44cca01\" href=\"https:\/\/youtu.be\/9skQ8b5v42Q\">\n\t\t\t\t\t\t\t\t<div class=\"pp-media-overlay pp-video-gallery-overlay\"><\/div>\t\t\t\t\t\t\t\t<div class=\"pp-video-player\">\n\t\t\t\t\t\t\t\t\t\t\t\t\t\t\t\t\t\t\t<img class=\"pp-video-thumb\" src=\"https:\/\/i.ytimg.com\/vi\/9skQ8b5v42Q\/maxresdefault.jpg\" alt=\"YouTube\">\n\t\t\t\t\t\t\t\t\t\t\t\t\t\t\t\t\t\t\t\t\t<span class=\"pp-video-play-icon pp-icon pp-video-play-icon pp-icon\">\n\t\t\t\t<i aria-hidden=\"true\" class=\"fas fa-play\"><\/i>\t\t\t<\/span>\n\t\t\t\t\t\t\t\t\t\t\t<\/div>\n\t\t\t\t\t\t\t<\/div>\n\t\t\t\t\t\t<\/div>\n\t\t\t\t\t<\/div>\n\t\t\t\t\t\t\t\t\t<\/div>\n\t\t\t<\/div>\n\t\t\t\t\t\t<div class=\"pp-video-gallery-item-wrap swiper-slide\">\n\t\t\t\t<div class=\"pp-grid-item pp-video-gallery-item\">\n\t\t\t\t\t<div class=\"pp-video-title-wrap\">\n\t\t\t\t\t\t\t\t\t\t\t\t<div class=\"pp-video-container elementor-fit-aspect-ratio\">\n\t\t\t\t\t\t\t<div class=\"pp-video-play\" data-fancybox=\"video-gallery-44cca01\" href=\"https:\/\/youtu.be\/RfLpatwklPs\">\n\t\t\t\t\t\t\t\t<div class=\"pp-media-overlay pp-video-gallery-overlay\"><\/div>\t\t\t\t\t\t\t\t<div class=\"pp-video-player\">\n\t\t\t\t\t\t\t\t\t\t\t\t\t\t\t\t\t\t\t<img class=\"pp-video-thumb\" src=\"https:\/\/i.ytimg.com\/vi\/RfLpatwklPs\/maxresdefault.jpg\" alt=\"YouTube\">\n\t\t\t\t\t\t\t\t\t\t\t\t\t\t\t\t\t\t\t\t\t<span class=\"pp-video-play-icon pp-icon pp-video-play-icon pp-icon pp-video-play-icon pp-icon\">\n\t\t\t\t<i aria-hidden=\"true\" class=\"fas fa-play\"><\/i>\t\t\t<\/span>\n\t\t\t\t\t\t\t\t\t\t\t<\/div>\n\t\t\t\t\t\t\t<\/div>\n\t\t\t\t\t\t<\/div>\n\t\t\t\t\t<\/div>\n\t\t\t\t\t\t\t\t\t<\/div>\n\t\t\t<\/div>\n\t\t\t\t\t\t<div class=\"pp-video-gallery-item-wrap swiper-slide\">\n\t\t\t\t<div class=\"pp-grid-item pp-video-gallery-item\">\n\t\t\t\t\t<div class=\"pp-video-title-wrap\">\n\t\t\t\t\t\t\t\t\t\t\t\t<div class=\"pp-video-container elementor-fit-aspect-ratio\">\n\t\t\t\t\t\t\t<div class=\"pp-video-play\" data-fancybox=\"video-gallery-44cca01\" href=\"https:\/\/youtu.be\/F5_sIoyPwU8\">\n\t\t\t\t\t\t\t\t<div class=\"pp-media-overlay pp-video-gallery-overlay\"><\/div>\t\t\t\t\t\t\t\t<div class=\"pp-video-player\">\n\t\t\t\t\t\t\t\t\t\t\t\t\t\t\t\t\t\t\t<img class=\"pp-video-thumb\" src=\"https:\/\/i.ytimg.com\/vi\/F5_sIoyPwU8\/hqdefault.jpg\" alt=\"YouTube\">\n\t\t\t\t\t\t\t\t\t\t\t\t\t\t\t\t\t\t\t\t\t<span class=\"pp-video-play-icon pp-icon pp-video-play-icon pp-icon pp-video-play-icon pp-icon pp-video-play-icon pp-icon\">\n\t\t\t\t<i aria-hidden=\"true\" class=\"fas fa-play\"><\/i>\t\t\t<\/span>\n\t\t\t\t\t\t\t\t\t\t\t<\/div>\n\t\t\t\t\t\t\t<\/div>\n\t\t\t\t\t\t<\/div>\n\t\t\t\t\t<\/div>\n\t\t\t\t\t\t\t\t\t<\/div>\n\t\t\t<\/div>\n\t\t\t\t\t\t<div class=\"pp-video-gallery-item-wrap swiper-slide\">\n\t\t\t\t<div class=\"pp-grid-item pp-video-gallery-item\">\n\t\t\t\t\t<div class=\"pp-video-title-wrap\">\n\t\t\t\t\t\t\t\t\t\t\t\t<div class=\"pp-video-container elementor-fit-aspect-ratio\">\n\t\t\t\t\t\t\t<div class=\"pp-video-play\" data-fancybox=\"video-gallery-44cca01\" href=\"https:\/\/youtu.be\/1Gp8xniHEmg\">\n\t\t\t\t\t\t\t\t<div class=\"pp-media-overlay pp-video-gallery-overlay\"><\/div>\t\t\t\t\t\t\t\t<div class=\"pp-video-player\">\n\t\t\t\t\t\t\t\t\t\t\t\t\t\t\t\t\t\t\t<img class=\"pp-video-thumb\" src=\"https:\/\/i.ytimg.com\/vi\/1Gp8xniHEmg\/maxresdefault.jpg\" alt=\"YouTube\">\n\t\t\t\t\t\t\t\t\t\t\t\t\t\t\t\t\t\t\t\t\t<span class=\"pp-video-play-icon pp-icon pp-video-play-icon pp-icon pp-video-play-icon pp-icon pp-video-play-icon pp-icon pp-video-play-icon pp-icon\">\n\t\t\t\t<i aria-hidden=\"true\" class=\"fas fa-play\"><\/i>\t\t\t<\/span>\n\t\t\t\t\t\t\t\t\t\t\t<\/div>\n\t\t\t\t\t\t\t<\/div>\n\t\t\t\t\t\t<\/div>\n\t\t\t\t\t<\/div>\n\t\t\t\t\t\t\t\t\t<\/div>\n\t\t\t<\/div>\n\t\t\t\t\t\t\t\t\t\t\t\t\t<\/div>\n\t\t\t\t\t\t\t\t\t<\/div>\n\t\t\t\t\t\t\t<!-- Add Pagination -->\n\t\t\t<div class=\"swiper-pagination swiper-pagination-44cca01\"><\/div>\n\t\t\t\t\t\t\t<div class=\"pp-slider-arrow swiper-button-prev swiper-button-prev-44cca01\">\n\t\t\t\t\t<i aria-hidden=\"true\" class=\"fas fa-angle-left\"><\/i>\t\t\t\t<\/div>\n\t\t\t\t<div class=\"pp-slider-arrow swiper-button-next swiper-button-next-44cca01\">\n\t\t\t\t\t<i aria-hidden=\"true\" class=\"fas fa-angle-right\"><\/i>\t\t\t\t<\/div>\n\t\t\t\t\t\t<\/div>\n\t\t<\/div>\n\t\t\t\t<\/div>\n\t\t\t\t<\/div>\n\t\t\t\t\t\t<\/div>\n\t\t\t\t\t<\/div>\n\t\t<\/div>\n\t\t\t\t\t\t\t\t<\/div>\n\t\t\t\t\t<\/div>\n\t\t<\/section>\n\t\t\t\t\t\t<\/div>\n\t\t\t\t\t<\/div>\n\t\t<\/div>\n\t\t\t\t\t\t\t\t<\/div>\n\t\t\t\t\t<\/div>\n\t\t<\/section>\n\t\t\t\t\t\t\t\t\t<\/div>\n\t\t\t<\/div>\n\t\t\t\t\t<\/div>\n\t\t","protected":false},"excerpt":{"rendered":"<p>Si yo fuera Alcalde Si mi amigo fuera alcalde, le dir\u00eda que ponga la cosa m\u00e1s buena y no vuelva la comida m\u00e1s cara de lo que es, porque una libra ya vale dos mil &#8230;<\/p>\n","protected":false},"author":4,"featured_media":0,"parent":25909,"menu_order":0,"comment_status":"closed","ping_status":"closed","template":"portal-ninos\/inicio.php","meta":[],"acf":[],"_links":{"self":[{"href":"https:\/\/www.medellin.gov.co\/es\/wp-json\/wp\/v2\/pages\/189225"}],"collection":[{"href":"https:\/\/www.medellin.gov.co\/es\/wp-json\/wp\/v2\/pages"}],"about":[{"href":"https:\/\/www.medellin.gov.co\/es\/wp-json\/wp\/v2\/types\/page"}],"author":[{"embeddable":true,"href":"https:\/\/www.medellin.gov.co\/es\/wp-json\/wp\/v2\/users\/4"}],"replies":[{"embeddable":true,"href":"https:\/\/www.medellin.gov.co\/es\/wp-json\/wp\/v2\/comments?post=189225"}],"version-history":[{"count":11,"href":"https:\/\/www.medellin.gov.co\/es\/wp-json\/wp\/v2\/pages\/189225\/revisions"}],"predecessor-version":[{"id":191505,"href":"https:\/\/www.medellin.gov.co\/es\/wp-json\/wp\/v2\/pages\/189225\/revisions\/191505"}],"up":[{"embeddable":true,"href":"https:\/\/www.medellin.gov.co\/es\/wp-json\/wp\/v2\/pages\/25909"}],"wp:attachment":[{"href":"https:\/\/www.medellin.gov.co\/es\/wp-json\/wp\/v2\/media?parent=189225"}],"curies":[{"name":"wp","href":"https:\/\/api.w.org\/{rel}","templated":true}]}}