{"id":189263,"date":"2023-04-27T14:23:40","date_gmt":"2023-04-27T19:23:40","guid":{"rendered":"https:\/\/www.medellin.gov.co\/es\/?page_id=189263"},"modified":"2023-04-29T12:28:52","modified_gmt":"2023-04-29T17:28:52","slug":"mis-mascotas-6-8","status":"publish","type":"page","link":"https:\/\/www.medellin.gov.co\/es\/portal-ninos\/mis-mascotas-6-8\/","title":{"rendered":"Mis mascotas"},"content":{"rendered":"\t\t<div data-elementor-type=\"wp-page\" data-elementor-id=\"189263\" class=\"elementor elementor-189263\">\n\t\t\t\t\t\t<div class=\"elementor-inner\">\n\t\t\t\t<div class=\"elementor-section-wrap\">\n\t\t\t\t\t\t\t\t\t<section class=\"elementor-section elementor-top-section elementor-element elementor-element-ad9ba1e elementor-section-full_width elementor-section-stretched elementor-section-height-default elementor-section-height-default\" data-id=\"ad9ba1e\" data-element_type=\"section\" data-settings=\"{&quot;stretch_section&quot;:&quot;section-stretched&quot;,&quot;background_background&quot;:&quot;gradient&quot;}\">\n\t\t\t\t\t\t<div class=\"elementor-container elementor-column-gap-default\">\n\t\t\t\t\t\t\t<div class=\"elementor-row\">\n\t\t\t\t\t<div class=\"elementor-column elementor-col-100 elementor-top-column elementor-element elementor-element-595a981\" data-id=\"595a981\" data-element_type=\"column\">\n\t\t\t<div class=\"elementor-column-wrap elementor-element-populated\">\n\t\t\t\t\t\t\t<div class=\"elementor-widget-wrap\">\n\t\t\t\t\t\t<div class=\"elementor-element elementor-element-f6afae0 elementor-widget elementor-widget-html\" data-id=\"f6afae0\" data-element_type=\"widget\" data-widget_type=\"html.default\">\n\t\t\t\t<div class=\"elementor-widget-container\">\n\t\t\t<section id=\"modulo-principal-imagen-texto\">\n    \n    <div id=\"texto-modulo-principal-ninos\">\n        \n        <div id=\"circulo-ninos\">\n    \n         <\/div>\n        \n        <h1>Mis mascotas<\/h1>\n        \n        <p>Mi mascota se ve como un rottweiler, pero no lo es. En la casa lo ba\u00f1amos y luego ese perro va a ensuciarse. Mi consejo es que a las mascotas hay que ponerles vacunas, peinarlas y sacarlas, tambi\u00e9n ponerles collar. \u00bfY t\u00fa? \u00bfqu\u00e9 historia tienes con tu mascota?\n        <\/p>\n        \n        \n    <\/div>\n    \n<\/section>\n\n<section>\n\n<div id=\"imagen-modulo-principal-ninos\">\n    <img src=\"https:\/\/www.medellin.gov.co\/es\/wp-content\/uploads\/2023\/04\/mis-mascotas-cover.jpg\" \/>\n<\/div>\n\n<\/section>\n\n\n\n\n\n\n\t\t<\/div>\n\t\t\t\t<\/div>\n\t\t\t\t\t\t<\/div>\n\t\t\t\t\t<\/div>\n\t\t<\/div>\n\t\t\t\t\t\t\t\t<\/div>\n\t\t\t\t\t<\/div>\n\t\t<\/section>\n\t\t\t\t<section class=\"elementor-section elementor-top-section elementor-element elementor-element-8c6371d elementor-section-height-min-height elementor-section-stretched elementor-section-full_width elementor-hidden-desktop elementor-hidden-tablet elementor-hidden-mobile elementor-section-height-default elementor-section-items-middle\" data-id=\"8c6371d\" data-element_type=\"section\" data-settings=\"{&quot;stretch_section&quot;:&quot;section-stretched&quot;,&quot;background_background&quot;:&quot;gradient&quot;}\">\n\t\t\t\t\t\t<div class=\"elementor-container elementor-column-gap-default\">\n\t\t\t\t\t\t\t<div class=\"elementor-row\">\n\t\t\t\t\t<div class=\"elementor-column elementor-col-100 elementor-top-column elementor-element elementor-element-bbe47bf\" data-id=\"bbe47bf\" data-element_type=\"column\">\n\t\t\t<div class=\"elementor-column-wrap elementor-element-populated\">\n\t\t\t\t\t\t\t<div class=\"elementor-widget-wrap\">\n\t\t\t\t\t\t<section class=\"elementor-section elementor-inner-section elementor-element elementor-element-bb5def1 elementor-hidden-desktop elementor-hidden-tablet elementor-hidden-mobile elementor-section-boxed elementor-section-height-default elementor-section-height-default\" data-id=\"bb5def1\" data-element_type=\"section\">\n\t\t\t\t\t\t<div class=\"elementor-container elementor-column-gap-default\">\n\t\t\t\t\t\t\t<div class=\"elementor-row\">\n\t\t\t\t\t<div class=\"elementor-column elementor-col-100 elementor-inner-column elementor-element elementor-element-e14b1fc\" data-id=\"e14b1fc\" data-element_type=\"column\">\n\t\t\t<div class=\"elementor-column-wrap elementor-element-populated\">\n\t\t\t\t\t\t\t<div class=\"elementor-widget-wrap\">\n\t\t\t\t\t\t<div class=\"elementor-element elementor-element-b86f31c elementor-widget__width-inherit elementor-widget elementor-widget-heading\" data-id=\"b86f31c\" data-element_type=\"widget\" data-widget_type=\"heading.default\">\n\t\t\t\t<div class=\"elementor-widget-container\">\n\t\t\t<h2 class=\"elementor-heading-title elementor-size-default\">Im\u00e1genes<\/h2>\t\t<\/div>\n\t\t\t\t<\/div>\n\t\t\t\t<div class=\"elementor-element elementor-element-c6672d3 elementor-widget__width-initial elementor-widget-mobile__width-initial elementor-widget elementor-widget-text-editor\" data-id=\"c6672d3\" data-element_type=\"widget\" data-widget_type=\"text-editor.default\">\n\t\t\t\t<div class=\"elementor-widget-container\">\n\t\t\t\t\t\t\t\t<div class=\"elementor-text-editor elementor-clearfix\">\n\t\t\t\t<p><span style=\"font-weight: 400;\">\u00a1Esto es como el \u00e1lbum del Mundial! Hay much\u00edsimas fotos de personas, de la tierra, del barrio y de todo Medell\u00edn. Las im\u00e1genes son muy coloridas y de todos los tama\u00f1os, \u00bfqu\u00e9 tal si les das una miradita?<\/span><\/p>\t\t\t\t\t<\/div>\n\t\t\t\t\t\t<\/div>\n\t\t\t\t<\/div>\n\t\t\t\t<div class=\"elementor-element elementor-element-6a14c0e elementor-grid-3 elementor-grid-tablet-2 elementor-grid-mobile-1 pp-ins-normal elementor-widget elementor-widget-pp-image-gallery\" data-id=\"6a14c0e\" data-element_type=\"widget\" data-settings=\"{&quot;columns&quot;:&quot;3&quot;,&quot;columns_tablet&quot;:&quot;2&quot;,&quot;columns_mobile&quot;:&quot;1&quot;}\" data-widget_type=\"pp-image-gallery.default\">\n\t\t\t\t<div class=\"elementor-widget-container\">\n\t\t\t\t\t<div class=\"pp-image-gallery-container\" data-settings=\"{&quot;tilt_enable&quot;:&quot;no&quot;,&quot;layout&quot;:&quot;masonry&quot;,&quot;post_id&quot;:189263,&quot;template_id&quot;:189263,&quot;widget_id&quot;:&quot;6a14c0e&quot;}\">\n\t\t\t\t\t\t<div class=\"pp-image-gallery-wrapper\">\n\t\t\t\t\t\t\t<div class=\"pp-filters-wrapper pp-filters-wrapper-tablet\">\n\t\t\t\t<div class=\"pp-gallery-filters pp-pointer-line pp-pointer-underline pp-animation-fade\">\n\t\t\t\t\t\t\t\t\t\t<div class=\"pp-gallery-filter pp-active\" data-filter=\"*\" data-gallery-index=\"all\">\n\t\t\t\t\t\tTodos\t\t\t\t\t<\/div>\n\t\t\t\t\t\t\t\t\t\t\t<div class=\"pp-gallery-filter\" data-filter=\".pp-group-1\" data-gallery-index=\"pp-group-1\">Comuna 1<\/div>\n\t\t\t\t\t\t\t\t\t\t\t<div class=\"pp-gallery-filter\" data-filter=\".pp-group-2\" data-gallery-index=\"pp-group-2\">Comuna 2<\/div>\n\t\t\t\t\t\t\t\t\t\t\t<div class=\"pp-gallery-filter\" data-filter=\".pp-group-3\" data-gallery-index=\"pp-group-3\">Comuna 3<\/div>\n\t\t\t\t\t\t\t\t\t<\/div>\n\n\t\t\t\t\t\t\t\t\t<select class=\"pp-gallery-filters pp-filters-dropdown\">\n\t\t\t\t\t\t<option value=\"*\">Todos<\/option>\n\t\t\t\t\t\t\t\t\t\t\t\t\t<option value=\".pp-group-1\">Comuna 1<\/option>\n\t\t\t\t\t\t\t\t\t\t\t\t\t<option value=\".pp-group-2\">Comuna 2<\/option>\n\t\t\t\t\t\t\t\t\t\t\t\t\t<option value=\".pp-group-3\">Comuna 3<\/option>\n\t\t\t\t\t\t\t\t\t\t\t<\/select>\n\t\t\t\t\t\t\t<\/div>\n\t\t\t\t\t\t\t<div class=\"pp-image-gallery pp-elementor-grid pp-image-gallery-masonry pp-image-gallery-filter-enabled\" id=\"pp-image-gallery-6a14c0e\">\n\t\t\t\t\t\n\t\t\t<div class=\"pp-grid-item-wrap pp-group-1\" data-item-id=\"187741\">\n\t\t\t\t<div class=\"pp-grid-item pp-image\">\n\t\t\t\t\t<div class=\"pp-image-gallery-thumbnail-wrap pp-ins-filter-hover\">\n\t\t\t\t\t\t<a data-elementor-open-lightbox=\"default\" data-elementor-lightbox-slideshow=\"6a14c0e\" class=\"elementor-clickable pp-image-gallery-item-link\" href=\"https:\/\/www.medellin.gov.co\/es\/wp-content\/uploads\/2023\/04\/Ninos-del-ITM-aprenden-senas.jpg\"><\/a><div class=\"pp-ins-filter-target pp-image-gallery-thumbnail\"><img class=\"pp-gallery-slide-image\" src=\"https:\/\/www.medellin.gov.co\/es\/wp-content\/uploads\/2023\/04\/Ninos-del-ITM-aprenden-senas.jpg\" alt=\"Ni\u00f1os del ITM aprenden se\u00f1as\" data-no-lazy=\"1\" \/><\/div><div class=\"pp-image-overlay pp-media-overlay\"><\/div><div class=\"pp-gallery-image-content pp-media-content\"><\/div>\t\t\t\t\t<\/div>\n\t\t\t\t<\/div>\n\t\t\t<\/div>\n\t\t\t\n\t\t\t<div class=\"pp-grid-item-wrap pp-group-1\" data-item-id=\"187546\">\n\t\t\t\t<div class=\"pp-grid-item pp-image\">\n\t\t\t\t\t<div class=\"pp-image-gallery-thumbnail-wrap pp-ins-filter-hover\">\n\t\t\t\t\t\t<a data-elementor-open-lightbox=\"default\" data-elementor-lightbox-slideshow=\"6a14c0e\" class=\"elementor-clickable pp-image-gallery-item-link\" href=\"https:\/\/www.medellin.gov.co\/es\/wp-content\/uploads\/2023\/04\/modulo-edad-ninos-3.jpg\"><\/a><div class=\"pp-ins-filter-target pp-image-gallery-thumbnail\"><img class=\"pp-gallery-slide-image\" src=\"https:\/\/www.medellin.gov.co\/es\/wp-content\/uploads\/2023\/04\/modulo-edad-ninos-3.jpg\" alt=\"Ni\u00f1o m\u00fasica\" data-no-lazy=\"1\" \/><\/div><div class=\"pp-image-overlay pp-media-overlay\"><\/div><div class=\"pp-gallery-image-content pp-media-content\"><\/div>\t\t\t\t\t<\/div>\n\t\t\t\t<\/div>\n\t\t\t<\/div>\n\t\t\t\n\t\t\t<div class=\"pp-grid-item-wrap pp-group-1\" data-item-id=\"187544\">\n\t\t\t\t<div class=\"pp-grid-item pp-image\">\n\t\t\t\t\t<div class=\"pp-image-gallery-thumbnail-wrap pp-ins-filter-hover\">\n\t\t\t\t\t\t<a data-elementor-open-lightbox=\"default\" data-elementor-lightbox-slideshow=\"6a14c0e\" class=\"elementor-clickable pp-image-gallery-item-link\" href=\"https:\/\/www.medellin.gov.co\/es\/wp-content\/uploads\/2023\/04\/modulo-edad-ninos-2.jpg\"><\/a><div class=\"pp-ins-filter-target pp-image-gallery-thumbnail\"><img class=\"pp-gallery-slide-image\" src=\"https:\/\/www.medellin.gov.co\/es\/wp-content\/uploads\/2023\/04\/modulo-edad-ninos-2.jpg\" alt=\"Grupos de ni\u00f1os\" data-no-lazy=\"1\" \/><\/div><div class=\"pp-image-overlay pp-media-overlay\"><\/div><div class=\"pp-gallery-image-content pp-media-content\"><\/div>\t\t\t\t\t<\/div>\n\t\t\t\t<\/div>\n\t\t\t<\/div>\n\t\t\t\n\t\t\t<div class=\"pp-grid-item-wrap pp-group-2\" data-item-id=\"138508\">\n\t\t\t\t<div class=\"pp-grid-item pp-image\">\n\t\t\t\t\t<div class=\"pp-image-gallery-thumbnail-wrap pp-ins-filter-hover\">\n\t\t\t\t\t\t<a data-elementor-open-lightbox=\"default\" data-elementor-lightbox-slideshow=\"6a14c0e\" class=\"elementor-clickable pp-image-gallery-item-link\" href=\"https:\/\/www.medellin.gov.co\/es\/wp-content\/uploads\/2022\/12\/Abrazamos-el-desarrollo-y-aprendizaje-de-los-ninos-y-ninas-con-la-Red-de-Iniciacion-Artistica-\ud83e\udd70\u2728.jpeg\"><\/a><div class=\"pp-ins-filter-target pp-image-gallery-thumbnail\"><img class=\"pp-gallery-slide-image\" src=\"https:\/\/www.medellin.gov.co\/es\/wp-content\/uploads\/2022\/12\/Abrazamos-el-desarrollo-y-aprendizaje-de-los-ninos-y-ninas-con-la-Red-de-Iniciacion-Artistica-\ud83e\udd70\u2728.jpeg\" alt=\"Abrazamos el desarrollo y aprendizaje de los ni\u00f1os y ni\u00f1as con la Red de Iniciaci\u00f3n Art\u00edstica \ud83e\udd70\u2728\" data-no-lazy=\"1\" \/><\/div><div class=\"pp-image-overlay pp-media-overlay\"><\/div><div class=\"pp-gallery-image-content pp-media-content\"><\/div>\t\t\t\t\t<\/div>\n\t\t\t\t<\/div>\n\t\t\t<\/div>\n\t\t\t\n\t\t\t<div class=\"pp-grid-item-wrap pp-group-2\" data-item-id=\"151755\">\n\t\t\t\t<div class=\"pp-grid-item pp-image\">\n\t\t\t\t\t<div class=\"pp-image-gallery-thumbnail-wrap pp-ins-filter-hover\">\n\t\t\t\t\t\t<a data-elementor-open-lightbox=\"default\" data-elementor-lightbox-slideshow=\"6a14c0e\" class=\"elementor-clickable pp-image-gallery-item-link\" href=\"https:\/\/www.medellin.gov.co\/es\/wp-content\/uploads\/2023\/01\/Paquetes-Alimentarios-2.jpg\"><\/a><div class=\"pp-ins-filter-target pp-image-gallery-thumbnail\"><img class=\"pp-gallery-slide-image\" src=\"https:\/\/www.medellin.gov.co\/es\/wp-content\/uploads\/2023\/01\/Paquetes-Alimentarios-2.jpg\" alt=\"Medell\u00edn ampl\u00eda a un a\u00f1o entrega de paquetes alimentarios a ni\u00f1as y ni\u00f1os para combatir la desnutrici\u00f3n\" data-no-lazy=\"1\" \/><\/div><div class=\"pp-image-overlay pp-media-overlay\"><\/div><div class=\"pp-gallery-image-content pp-media-content\"><\/div>\t\t\t\t\t<\/div>\n\t\t\t\t<\/div>\n\t\t\t<\/div>\n\t\t\t\n\t\t\t<div class=\"pp-grid-item-wrap pp-group-2\" data-item-id=\"133102\">\n\t\t\t\t<div class=\"pp-grid-item pp-image\">\n\t\t\t\t\t<div class=\"pp-image-gallery-thumbnail-wrap pp-ins-filter-hover\">\n\t\t\t\t\t\t<a data-elementor-open-lightbox=\"default\" data-elementor-lightbox-slideshow=\"6a14c0e\" class=\"elementor-clickable pp-image-gallery-item-link\" href=\"https:\/\/www.medellin.gov.co\/es\/wp-content\/uploads\/2022\/11\/paquetes-alimentarios-2.jpg\"><\/a><div class=\"pp-ins-filter-target pp-image-gallery-thumbnail\"><img class=\"pp-gallery-slide-image\" src=\"https:\/\/www.medellin.gov.co\/es\/wp-content\/uploads\/2022\/11\/paquetes-alimentarios-2.jpg\" alt=\"Paquetes alimentarios a ni\u00f1as y ni\u00f1os\" data-no-lazy=\"1\" \/><\/div><div class=\"pp-image-overlay pp-media-overlay\"><\/div><div class=\"pp-gallery-image-content pp-media-content\"><\/div>\t\t\t\t\t<\/div>\n\t\t\t\t<\/div>\n\t\t\t<\/div>\n\t\t\t\n\t\t\t<div class=\"pp-grid-item-wrap pp-group-3\" data-item-id=\"13004\">\n\t\t\t\t<div class=\"pp-grid-item pp-image\">\n\t\t\t\t\t<div class=\"pp-image-gallery-thumbnail-wrap pp-ins-filter-hover\">\n\t\t\t\t\t\t<a data-elementor-open-lightbox=\"default\" data-elementor-lightbox-slideshow=\"6a14c0e\" class=\"elementor-clickable pp-image-gallery-item-link\" href=\"https:\/\/www.medellin.gov.co\/es\/wp-content\/uploads\/2021\/09\/ninos-abrazados.jpg\"><\/a><div class=\"pp-ins-filter-target pp-image-gallery-thumbnail\"><img class=\"pp-gallery-slide-image\" src=\"https:\/\/www.medellin.gov.co\/es\/wp-content\/uploads\/2021\/09\/ninos-abrazados.jpg\" alt=\"Ni\u00f1os abrazados\" data-no-lazy=\"1\" \/><\/div><div class=\"pp-image-overlay pp-media-overlay\"><\/div><div class=\"pp-gallery-image-content pp-media-content\"><\/div>\t\t\t\t\t<\/div>\n\t\t\t\t<\/div>\n\t\t\t<\/div>\n\t\t\t\n\t\t\t<div class=\"pp-grid-item-wrap pp-group-3\" data-item-id=\"13003\">\n\t\t\t\t<div class=\"pp-grid-item pp-image\">\n\t\t\t\t\t<div class=\"pp-image-gallery-thumbnail-wrap pp-ins-filter-hover\">\n\t\t\t\t\t\t<a data-elementor-open-lightbox=\"default\" data-elementor-lightbox-slideshow=\"6a14c0e\" class=\"elementor-clickable pp-image-gallery-item-link\" href=\"https:\/\/www.medellin.gov.co\/es\/wp-content\/uploads\/2021\/09\/ninos-hablando.jpg\"><\/a><div class=\"pp-ins-filter-target pp-image-gallery-thumbnail\"><img class=\"pp-gallery-slide-image\" src=\"https:\/\/www.medellin.gov.co\/es\/wp-content\/uploads\/2021\/09\/ninos-hablando.jpg\" alt=\"Ni\u00f1os hablando\" data-no-lazy=\"1\" \/><\/div><div class=\"pp-image-overlay pp-media-overlay\"><\/div><div class=\"pp-gallery-image-content pp-media-content\"><\/div>\t\t\t\t\t<\/div>\n\t\t\t\t<\/div>\n\t\t\t<\/div>\n\t\t\t\n\t\t\t<div class=\"pp-grid-item-wrap pp-group-3\" data-item-id=\"7540\">\n\t\t\t\t<div class=\"pp-grid-item pp-image\">\n\t\t\t\t\t<div class=\"pp-image-gallery-thumbnail-wrap pp-ins-filter-hover\">\n\t\t\t\t\t\t<a data-elementor-open-lightbox=\"default\" data-elementor-lightbox-slideshow=\"6a14c0e\" class=\"elementor-clickable pp-image-gallery-item-link\" href=\"https:\/\/www.medellin.gov.co\/es\/wp-content\/uploads\/2021\/08\/ninos-musicos.jpg\"><\/a><div class=\"pp-ins-filter-target pp-image-gallery-thumbnail\"><img class=\"pp-gallery-slide-image\" src=\"https:\/\/www.medellin.gov.co\/es\/wp-content\/uploads\/2021\/08\/ninos-musicos.jpg\" alt=\"Ni\u00f1os m\u00fasicos\" data-no-lazy=\"1\" \/><\/div><div class=\"pp-image-overlay pp-media-overlay\"><\/div><div class=\"pp-gallery-image-content pp-media-content\"><\/div>\t\t\t\t\t<\/div>\n\t\t\t\t<\/div>\n\t\t\t<\/div>\n\t\t\t\t\t\t\t<\/div>\n\t\t\t\t\t\t\t<\/div>\n\t\t\t\t\t\t<\/div>\n\t\t\t\t<\/div>\n\t\t\t\t<\/div>\n\t\t\t\t\t\t<\/div>\n\t\t\t\t\t<\/div>\n\t\t<\/div>\n\t\t\t\t\t\t\t\t<\/div>\n\t\t\t\t\t<\/div>\n\t\t<\/section>\n\t\t\t\t\t\t<\/div>\n\t\t\t\t\t<\/div>\n\t\t<\/div>\n\t\t\t\t\t\t\t\t<\/div>\n\t\t\t\t\t<\/div>\n\t\t<\/section>\n\t\t\t\t<section class=\"elementor-section elementor-top-section elementor-element elementor-element-ff6343b elementor-section-height-min-height elementor-section-stretched elementor-section-full_width elementor-section-height-default elementor-section-items-middle\" data-id=\"ff6343b\" data-element_type=\"section\" data-settings=\"{&quot;stretch_section&quot;:&quot;section-stretched&quot;,&quot;background_background&quot;:&quot;gradient&quot;}\">\n\t\t\t\t\t\t<div class=\"elementor-container elementor-column-gap-default\">\n\t\t\t\t\t\t\t<div class=\"elementor-row\">\n\t\t\t\t\t<div class=\"elementor-column elementor-col-100 elementor-top-column elementor-element elementor-element-21a2adb\" data-id=\"21a2adb\" data-element_type=\"column\">\n\t\t\t<div class=\"elementor-column-wrap elementor-element-populated\">\n\t\t\t\t\t\t\t<div class=\"elementor-widget-wrap\">\n\t\t\t\t\t\t<section class=\"elementor-section elementor-inner-section elementor-element elementor-element-65f4837 elementor-section-boxed elementor-section-height-default elementor-section-height-default\" data-id=\"65f4837\" data-element_type=\"section\">\n\t\t\t\t\t\t<div class=\"elementor-container elementor-column-gap-default\">\n\t\t\t\t\t\t\t<div class=\"elementor-row\">\n\t\t\t\t\t<div class=\"elementor-column elementor-col-100 elementor-inner-column elementor-element elementor-element-3d3430f\" data-id=\"3d3430f\" data-element_type=\"column\">\n\t\t\t<div class=\"elementor-column-wrap elementor-element-populated\">\n\t\t\t\t\t\t\t<div class=\"elementor-widget-wrap\">\n\t\t\t\t\t\t<div class=\"elementor-element elementor-element-daf09d0 elementor-grid-3 elementor-grid-tablet-2 elementor-grid-mobile-1 elementor-aspect-ratio-169 pp-swiper-slider-pagination-outside elementor-widget elementor-widget-pp-video-gallery\" data-id=\"daf09d0\" data-element_type=\"widget\" data-settings=\"{&quot;layout&quot;:&quot;carousel&quot;,&quot;columns_gap&quot;:{&quot;unit&quot;:&quot;%&quot;,&quot;size&quot;:50,&quot;sizes&quot;:[]},&quot;columns_gap_tablet&quot;:{&quot;unit&quot;:&quot;%&quot;,&quot;size&quot;:&quot;&quot;,&quot;sizes&quot;:[]},&quot;columns_gap_mobile&quot;:{&quot;unit&quot;:&quot;%&quot;,&quot;size&quot;:&quot;&quot;,&quot;sizes&quot;:[]}}\" data-widget_type=\"pp-video-gallery.default\">\n\t\t\t\t<div class=\"elementor-widget-container\">\n\t\t\t\t\t<div class=\"pp-video-gallery-container pp-video-gallery-carousel\">\n\t\t\t<div class=\"pp-video-gallery-wrapper swiper-container-wrap\" data-slider-settings=\"{&quot;direction&quot;:&quot;horizontal&quot;,&quot;speed&quot;:600,&quot;slidesPerView&quot;:3,&quot;slidesPerGroup&quot;:1,&quot;spaceBetween&quot;:50,&quot;autoHeight&quot;:true,&quot;loop&quot;:true,&quot;autoplay&quot;:{&quot;delay&quot;:999999},&quot;pagination&quot;:{&quot;el&quot;:&quot;.swiper-pagination-daf09d0&quot;,&quot;type&quot;:&quot;bullets&quot;,&quot;clickable&quot;:true},&quot;navigation&quot;:{&quot;nextEl&quot;:&quot;.swiper-button-next-daf09d0&quot;,&quot;prevEl&quot;:&quot;.swiper-button-prev-daf09d0&quot;},&quot;breakpoints&quot;:{&quot;1025&quot;:{&quot;slidesPerView&quot;:3,&quot;slidesPerGroup&quot;:1,&quot;spaceBetween&quot;:50},&quot;768&quot;:{&quot;slidesPerView&quot;:2,&quot;slidesPerGroup&quot;:1,&quot;spaceBetween&quot;:10},&quot;320&quot;:{&quot;slidesPerView&quot;:1,&quot;slidesPerGroup&quot;:1,&quot;spaceBetween&quot;:10}}}\">\n\t\t\t\t\t\t\t\t<div class=\"pp-video-gallery pp-swiper-slider swiper-container\" data-action=\"lightbox\" dir=\"ltr\">\n\t\t\t\t\t\t\t\t\t\t<div class=\"swiper-wrapper\">\n\t\t\t\t\t\t\t\t\t\t\t\t\t\t<div class=\"pp-video-gallery-item-wrap swiper-slide\">\n\t\t\t\t<div class=\"pp-grid-item pp-video-gallery-item\">\n\t\t\t\t\t<div class=\"pp-video-title-wrap\">\n\t\t\t\t\t\t\t\t\t\t\t\t<div class=\"pp-video-container elementor-fit-aspect-ratio\">\n\t\t\t\t\t\t\t<div class=\"pp-video-play\" data-fancybox=\"video-gallery-daf09d0\" href=\"https:\/\/youtu.be\/LyU4SXmbQ5Y\">\n\t\t\t\t\t\t\t\t<div class=\"pp-media-overlay pp-video-gallery-overlay\"><\/div>\t\t\t\t\t\t\t\t<div class=\"pp-video-player\">\n\t\t\t\t\t\t\t\t\t\t\t\t\t\t\t\t\t\t\t<img class=\"pp-video-thumb\" src=\"https:\/\/i.ytimg.com\/vi\/LyU4SXmbQ5Y\/maxresdefault.jpg\" alt=\"YouTube\">\n\t\t\t\t\t\t\t\t\t\t\t\t\t\t\t\t\t\t\t\t\t<span class=\"pp-video-play-icon pp-icon\">\n\t\t\t\t<i aria-hidden=\"true\" class=\"fas fa-play\"><\/i>\t\t\t<\/span>\n\t\t\t\t\t\t\t\t\t\t\t<\/div>\n\t\t\t\t\t\t\t<\/div>\n\t\t\t\t\t\t<\/div>\n\t\t\t\t\t<\/div>\n\t\t\t\t\t\t\t\t\t<\/div>\n\t\t\t<\/div>\n\t\t\t\t\t\t<div class=\"pp-video-gallery-item-wrap swiper-slide\">\n\t\t\t\t<div class=\"pp-grid-item pp-video-gallery-item\">\n\t\t\t\t\t<div class=\"pp-video-title-wrap\">\n\t\t\t\t\t\t\t\t\t\t\t\t<div class=\"pp-video-container elementor-fit-aspect-ratio\">\n\t\t\t\t\t\t\t<div class=\"pp-video-play\" data-fancybox=\"video-gallery-daf09d0\" href=\"https:\/\/youtu.be\/lI0f9Ga1JiI\">\n\t\t\t\t\t\t\t\t<div class=\"pp-media-overlay pp-video-gallery-overlay\"><\/div>\t\t\t\t\t\t\t\t<div class=\"pp-video-player\">\n\t\t\t\t\t\t\t\t\t\t\t\t\t\t\t\t\t\t\t<img class=\"pp-video-thumb\" src=\"https:\/\/i.ytimg.com\/vi\/lI0f9Ga1JiI\/hqdefault.jpg\" alt=\"YouTube\">\n\t\t\t\t\t\t\t\t\t\t\t\t\t\t\t\t\t\t\t\t\t<span class=\"pp-video-play-icon pp-icon pp-video-play-icon pp-icon\">\n\t\t\t\t<i aria-hidden=\"true\" class=\"fas fa-play\"><\/i>\t\t\t<\/span>\n\t\t\t\t\t\t\t\t\t\t\t<\/div>\n\t\t\t\t\t\t\t<\/div>\n\t\t\t\t\t\t<\/div>\n\t\t\t\t\t<\/div>\n\t\t\t\t\t\t\t\t\t<\/div>\n\t\t\t<\/div>\n\t\t\t\t\t\t<div class=\"pp-video-gallery-item-wrap swiper-slide\">\n\t\t\t\t<div class=\"pp-grid-item pp-video-gallery-item\">\n\t\t\t\t\t<div class=\"pp-video-title-wrap\">\n\t\t\t\t\t\t\t\t\t\t\t\t<div class=\"pp-video-container elementor-fit-aspect-ratio\">\n\t\t\t\t\t\t\t<div class=\"pp-video-play\" data-fancybox=\"video-gallery-daf09d0\" href=\"https:\/\/youtu.be\/yzUIiTWtSZo\">\n\t\t\t\t\t\t\t\t<div class=\"pp-media-overlay pp-video-gallery-overlay\"><\/div>\t\t\t\t\t\t\t\t<div class=\"pp-video-player\">\n\t\t\t\t\t\t\t\t\t\t\t\t\t\t\t\t\t\t\t<img class=\"pp-video-thumb\" src=\"https:\/\/i.ytimg.com\/vi\/yzUIiTWtSZo\/hqdefault.jpg\" alt=\"YouTube\">\n\t\t\t\t\t\t\t\t\t\t\t\t\t\t\t\t\t\t\t\t\t<span class=\"pp-video-play-icon pp-icon pp-video-play-icon pp-icon pp-video-play-icon pp-icon\">\n\t\t\t\t<i aria-hidden=\"true\" class=\"fas fa-play\"><\/i>\t\t\t<\/span>\n\t\t\t\t\t\t\t\t\t\t\t<\/div>\n\t\t\t\t\t\t\t<\/div>\n\t\t\t\t\t\t<\/div>\n\t\t\t\t\t<\/div>\n\t\t\t\t\t\t\t\t\t<\/div>\n\t\t\t<\/div>\n\t\t\t\t\t\t<div class=\"pp-video-gallery-item-wrap swiper-slide\">\n\t\t\t\t<div class=\"pp-grid-item pp-video-gallery-item\">\n\t\t\t\t\t<div class=\"pp-video-title-wrap\">\n\t\t\t\t\t\t\t\t\t\t\t\t<div class=\"pp-video-container elementor-fit-aspect-ratio\">\n\t\t\t\t\t\t\t<div class=\"pp-video-play\" data-fancybox=\"video-gallery-daf09d0\" href=\"https:\/\/youtu.be\/JdpF-_rPogc\">\n\t\t\t\t\t\t\t\t<div class=\"pp-media-overlay pp-video-gallery-overlay\"><\/div>\t\t\t\t\t\t\t\t<div class=\"pp-video-player\">\n\t\t\t\t\t\t\t\t\t\t\t\t\t\t\t\t\t\t\t<img class=\"pp-video-thumb\" src=\"https:\/\/i.ytimg.com\/vi\/JdpF-_rPogc\/hqdefault.jpg\" alt=\"YouTube\">\n\t\t\t\t\t\t\t\t\t\t\t\t\t\t\t\t\t\t\t\t\t<span class=\"pp-video-play-icon pp-icon pp-video-play-icon pp-icon pp-video-play-icon pp-icon pp-video-play-icon pp-icon\">\n\t\t\t\t<i aria-hidden=\"true\" class=\"fas fa-play\"><\/i>\t\t\t<\/span>\n\t\t\t\t\t\t\t\t\t\t\t<\/div>\n\t\t\t\t\t\t\t<\/div>\n\t\t\t\t\t\t<\/div>\n\t\t\t\t\t<\/div>\n\t\t\t\t\t\t\t\t\t<\/div>\n\t\t\t<\/div>\n\t\t\t\t\t\t\t\t\t\t\t\t\t<\/div>\n\t\t\t\t\t\t\t\t\t<\/div>\n\t\t\t\t\t\t\t<!-- Add Pagination -->\n\t\t\t<div class=\"swiper-pagination swiper-pagination-daf09d0\"><\/div>\n\t\t\t\t\t\t\t<div class=\"pp-slider-arrow swiper-button-prev swiper-button-prev-daf09d0\">\n\t\t\t\t\t<i aria-hidden=\"true\" class=\"fas fa-angle-left\"><\/i>\t\t\t\t<\/div>\n\t\t\t\t<div class=\"pp-slider-arrow swiper-button-next swiper-button-next-daf09d0\">\n\t\t\t\t\t<i aria-hidden=\"true\" class=\"fas fa-angle-right\"><\/i>\t\t\t\t<\/div>\n\t\t\t\t\t\t<\/div>\n\t\t<\/div>\n\t\t\t\t<\/div>\n\t\t\t\t<\/div>\n\t\t\t\t\t\t<\/div>\n\t\t\t\t\t<\/div>\n\t\t<\/div>\n\t\t\t\t\t\t\t\t<\/div>\n\t\t\t\t\t<\/div>\n\t\t<\/section>\n\t\t\t\t\t\t<\/div>\n\t\t\t\t\t<\/div>\n\t\t<\/div>\n\t\t\t\t\t\t\t\t<\/div>\n\t\t\t\t\t<\/div>\n\t\t<\/section>\n\t\t\t\t\t\t\t\t\t<\/div>\n\t\t\t<\/div>\n\t\t\t\t\t<\/div>\n\t\t","protected":false},"excerpt":{"rendered":"<p>Mis mascotas Mi mascota se ve como un rottweiler, pero no lo es. En la casa lo ba\u00f1amos y luego ese perro va a ensuciarse. Mi consejo es que a las mascotas hay que ponerles &#8230;<\/p>\n","protected":false},"author":4,"featured_media":0,"parent":25909,"menu_order":0,"comment_status":"closed","ping_status":"closed","template":"portal-ninos\/inicio.php","meta":[],"acf":[],"_links":{"self":[{"href":"https:\/\/www.medellin.gov.co\/es\/wp-json\/wp\/v2\/pages\/189263"}],"collection":[{"href":"https:\/\/www.medellin.gov.co\/es\/wp-json\/wp\/v2\/pages"}],"about":[{"href":"https:\/\/www.medellin.gov.co\/es\/wp-json\/wp\/v2\/types\/page"}],"author":[{"embeddable":true,"href":"https:\/\/www.medellin.gov.co\/es\/wp-json\/wp\/v2\/users\/4"}],"replies":[{"embeddable":true,"href":"https:\/\/www.medellin.gov.co\/es\/wp-json\/wp\/v2\/comments?post=189263"}],"version-history":[{"count":11,"href":"https:\/\/www.medellin.gov.co\/es\/wp-json\/wp\/v2\/pages\/189263\/revisions"}],"predecessor-version":[{"id":191523,"href":"https:\/\/www.medellin.gov.co\/es\/wp-json\/wp\/v2\/pages\/189263\/revisions\/191523"}],"up":[{"embeddable":true,"href":"https:\/\/www.medellin.gov.co\/es\/wp-json\/wp\/v2\/pages\/25909"}],"wp:attachment":[{"href":"https:\/\/www.medellin.gov.co\/es\/wp-json\/wp\/v2\/media?parent=189263"}],"curies":[{"name":"wp","href":"https:\/\/api.w.org\/{rel}","templated":true}]}}